{"id":2537,"date":"2022-04-22T17:31:13","date_gmt":"2022-04-22T15:31:13","guid":{"rendered":"https:\/\/trendsandvision.nl\/de\/product\/esschert-design-jap-futterhaus\/"},"modified":"2026-04-07T10:24:56","modified_gmt":"2026-04-07T08:24:56","slug":"esschert-design-japanische-futterhaus","status":"publish","type":"product","link":"https:\/\/trendsandvision.nl\/de\/product\/esschert-design-japanische-futterhaus\/","title":{"rendered":"Esschert Design Japanische Futterhaus"},"content":{"rendered":"<p>Dieses japanische Futterhaus verf\u00fcgt \u00fcber mehrere praktische Funktionen und bietet V\u00f6geln einen angenehmen Ort zum Essen.<br \/>\nDie offene Struktur erleichtert es den V\u00f6geln einzufliegen und ihren Platz auf der Futterstelle einzunehmen.<br \/>\nDank des praktischen Silos in der Mitte haben die V\u00f6gel t\u00e4glich gen\u00fcgend Nahrung und ein t\u00e4gliches Nachf\u00fcllen ist nicht n\u00f6tig.<br \/>\nDas gro\u00dfe Dach sch\u00fctzt das Futter vor N\u00e4sse.<br \/>\nDer erh\u00f6hte Rand dient den V\u00f6geln als Sitzm\u00f6glichkeit und sorgt gleichzeitig f\u00fcr ein abgetrenntes Futterfach.<br \/>\nSomit sitzen die V\u00f6gel nicht direkt im Futter, was Krankheiten durch Verunreinigungen verhindert.<\/p>\n<p>&#8211; leicht zu reinigen -einfach zu bef\u00fcllen -Silo<br \/>\n&#8211; Mit unseren Aluminiumn\u00e4geln FB318 besch\u00e4digen Sie den Baum auch nicht<br \/>\n&#8211; Alle <strong><a href=\"https:\/\/trendsandvision.nl\/de\/?s=haken&amp;post_type=product&amp;dgwt_wcas=1\">Haken<\/a><\/strong><\/p>\n<p>Artikelnummer: FB10<br \/>\nProduktgruppe(n) V\u00f6gel&amp;Gartentiere, Futterungssysteme, Futterh\u00e4uschen<br \/>\nProduktabmessungen in cm L 39 x T 39 x H 19<br \/>\nMaterial: Kiefernholz<br \/>\nNettogewicht 2,436 kg<br \/>\nBarcode 8714982000065<br \/>\nFSC\u00ae 100%<\/p>\n","protected":false},"excerpt":{"rendered":"<p>Artikelnummer: FB10<br \/>\nL 39 x T 39 x H 19 cm<br \/>\nMaterial: Kiefernholz<br \/>\nNettogewicht 2,436 kg<br \/>\nBarcode 8714982000065<br \/>\nFSC\u00ae 100%<br \/>\n&#8211; Alle <strong><a href=\"https:\/\/trendsandvision.nl\/de\/?s=haken&amp;post_type=product&amp;dgwt_wcas=1\">Haken<\/a><\/strong><\/p>\n","protected":false},"featured_media":2538,"template":"","meta":[],"product_brand":[9597,9598],"product_cat":[1315],"product_tag":[9419,6809,7145,9406,7253],"class_list":{"0":"post-2537","1":"product","2":"type-product","3":"status-publish","4":"has-post-thumbnail","6":"product_brand-esschert-design","7":"product_brand-trends-and-vision","8":"product_cat-best-for-birds","9":"product_tag-aluminiumnaegelfb318","10":"product_tag-fsc-100","11":"product_tag-futterhaeuschen","12":"product_tag-futtertischschaber-fb529","13":"product_tag-japanisches-futterhaus","14":"pa_anbieter-esschert-design","15":"pa_ean-code-1502","16":"pa_material-fsc-zertifiziert-kiefernholz","17":"pa_messungen-385x385x175-cm","19":"first","20":"instock","21":"sale","22":"taxable","23":"shipping-taxable","24":"purchasable","25":"product-type-simple","26":"czr-hentry"},"yoast_head":"<!-- This site is optimized with the Yoast SEO Premium plugin v26.4 (Yoast SEO v27.4) - https:\/\/yoast.com\/product\/yoast-seo-premium-wordpress\/ -->\n<title>Esschert Design Jap. Futterhaus (FB10, 8714982000065) - Trends &amp; Vision<\/title>\n<meta name=\"description\" content=\"Esschert Design Jap. Futterhaus: Wundersch\u00f6nes Japanisches Vogelfutterhaus. Zum nachf\u00fcllen Deckel am Dach \u00f6ffnen. Wird geliefert ohne\" \/>\n<meta name=\"robots\" content=\"index, follow, max-snippet:-1, max-image-preview:large, max-video-preview:-1\" \/>\n<link rel=\"canonical\" href=\"https:\/\/trendsandvision.nl\/de\/product\/esschert-design-japanische-futterhaus\/\" \/>\n<meta property=\"og:locale\" content=\"de_DE\" \/>\n<meta property=\"og:type\" content=\"article\" \/>\n<meta property=\"og:title\" content=\"Esschert Design Japanische Futterhaus\" \/>\n<meta property=\"og:description\" content=\"Esschert Design Jap. Futterhaus: Wundersch\u00f6nes Japanisches Vogelfutterhaus. Zum nachf\u00fcllen Deckel am Dach \u00f6ffnen. Wird geliefert ohne\" \/>\n<meta property=\"og:url\" content=\"https:\/\/trendsandvision.nl\/de\/product\/esschert-design-japanische-futterhaus\/\" \/>\n<meta property=\"og:site_name\" content=\"Trends &amp; Vision (DE)\" \/>\n<meta property=\"article:modified_time\" content=\"2026-04-07T08:24:56+00:00\" \/>\n<meta property=\"og:image\" content=\"https:\/\/trendsandvision.nl\/de\/wp-content\/uploads\/sites\/3\/2022\/04\/FB10_01.jpg\" \/>\n\t<meta property=\"og:image:width\" content=\"800\" \/>\n\t<meta property=\"og:image:height\" content=\"800\" \/>\n\t<meta property=\"og:image:type\" content=\"image\/jpeg\" \/>\n<meta name=\"twitter:card\" content=\"summary_large_image\" \/>\n<meta name=\"twitter:label1\" content=\"Gesch\u00e4tzte Lesezeit\" \/>\n\t<meta name=\"twitter:data1\" content=\"1\u00a0Minute\" \/>\n<script type=\"application\/ld+json\" class=\"yoast-schema-graph\">{\"@context\":\"https:\\\/\\\/schema.org\",\"@graph\":[{\"@type\":\"WebPage\",\"@id\":\"https:\\\/\\\/trendsandvision.nl\\\/de\\\/product\\\/esschert-design-japanische-futterhaus\\\/\",\"url\":\"https:\\\/\\\/trendsandvision.nl\\\/de\\\/product\\\/esschert-design-japanische-futterhaus\\\/\",\"name\":\"Esschert Design Jap. Futterhaus (FB10, 8714982000065) - Trends & Vision\",\"isPartOf\":{\"@id\":\"https:\\\/\\\/trendsandvision.nl\\\/de\\\/#website\"},\"primaryImageOfPage\":{\"@id\":\"https:\\\/\\\/trendsandvision.nl\\\/de\\\/product\\\/esschert-design-japanische-futterhaus\\\/#primaryimage\"},\"image\":{\"@id\":\"https:\\\/\\\/trendsandvision.nl\\\/de\\\/product\\\/esschert-design-japanische-futterhaus\\\/#primaryimage\"},\"thumbnailUrl\":\"https:\\\/\\\/trendsandvision.nl\\\/de\\\/wp-content\\\/uploads\\\/sites\\\/3\\\/2022\\\/04\\\/FB10_01.jpg\",\"datePublished\":\"2022-04-22T15:31:13+00:00\",\"dateModified\":\"2026-04-07T08:24:56+00:00\",\"description\":\"Esschert Design Jap. Futterhaus: Wundersch\u00f6nes Japanisches Vogelfutterhaus. Zum nachf\u00fcllen Deckel am Dach \u00f6ffnen. Wird geliefert ohne\",\"breadcrumb\":{\"@id\":\"https:\\\/\\\/trendsandvision.nl\\\/de\\\/product\\\/esschert-design-japanische-futterhaus\\\/#breadcrumb\"},\"inLanguage\":\"de\",\"potentialAction\":[{\"@type\":\"ReadAction\",\"target\":[\"https:\\\/\\\/trendsandvision.nl\\\/de\\\/product\\\/esschert-design-japanische-futterhaus\\\/\"]}]},{\"@type\":\"ImageObject\",\"inLanguage\":\"de\",\"@id\":\"https:\\\/\\\/trendsandvision.nl\\\/de\\\/product\\\/esschert-design-japanische-futterhaus\\\/#primaryimage\",\"url\":\"https:\\\/\\\/trendsandvision.nl\\\/de\\\/wp-content\\\/uploads\\\/sites\\\/3\\\/2022\\\/04\\\/FB10_01.jpg\",\"contentUrl\":\"https:\\\/\\\/trendsandvision.nl\\\/de\\\/wp-content\\\/uploads\\\/sites\\\/3\\\/2022\\\/04\\\/FB10_01.jpg\",\"width\":800,\"height\":800,\"caption\":\"Esschert Design Jap. Futterhaus (FB10\"},{\"@type\":\"BreadcrumbList\",\"@id\":\"https:\\\/\\\/trendsandvision.nl\\\/de\\\/product\\\/esschert-design-japanische-futterhaus\\\/#breadcrumb\",\"itemListElement\":[{\"@type\":\"ListItem\",\"position\":1,\"name\":\"Home\",\"item\":\"https:\\\/\\\/trendsandvision.nl\\\/de\\\/\"},{\"@type\":\"ListItem\",\"position\":2,\"name\":\"Gesch\u00e4ft\",\"item\":\"https:\\\/\\\/trendsandvision.nl\\\/de\\\/geschaft\\\/\"},{\"@type\":\"ListItem\",\"position\":3,\"name\":\"Esschert Design Japanische Futterhaus\"}]},{\"@type\":\"WebSite\",\"@id\":\"https:\\\/\\\/trendsandvision.nl\\\/de\\\/#website\",\"url\":\"https:\\\/\\\/trendsandvision.nl\\\/de\\\/\",\"name\":\"Trends &amp; Vision (DE)\",\"description\":\"Der Webshop f\u00fcr Esschert Design Artikel\",\"publisher\":{\"@id\":\"https:\\\/\\\/trendsandvision.nl\\\/de\\\/#organization\"},\"potentialAction\":[{\"@type\":\"SearchAction\",\"target\":{\"@type\":\"EntryPoint\",\"urlTemplate\":\"https:\\\/\\\/trendsandvision.nl\\\/de\\\/?s={search_term_string}\"},\"query-input\":{\"@type\":\"PropertyValueSpecification\",\"valueRequired\":true,\"valueName\":\"search_term_string\"}}],\"inLanguage\":\"de\"},{\"@type\":\"Organization\",\"@id\":\"https:\\\/\\\/trendsandvision.nl\\\/de\\\/#organization\",\"name\":\"Trends &amp; Vision (DE)\",\"url\":\"https:\\\/\\\/trendsandvision.nl\\\/de\\\/\",\"logo\":{\"@type\":\"ImageObject\",\"inLanguage\":\"de\",\"@id\":\"https:\\\/\\\/trendsandvision.nl\\\/de\\\/#\\\/schema\\\/logo\\\/image\\\/\",\"url\":\"https:\\\/\\\/trendsandvision.nl\\\/de\\\/wp-content\\\/uploads\\\/sites\\\/3\\\/2022\\\/04\\\/trends-and-vision-logo.jpg\",\"contentUrl\":\"https:\\\/\\\/trendsandvision.nl\\\/de\\\/wp-content\\\/uploads\\\/sites\\\/3\\\/2022\\\/04\\\/trends-and-vision-logo.jpg\",\"width\":213,\"height\":100,\"caption\":\"Trends &amp; Vision (DE)\"},\"image\":{\"@id\":\"https:\\\/\\\/trendsandvision.nl\\\/de\\\/#\\\/schema\\\/logo\\\/image\\\/\"}}]}<\/script>\n<!-- \/ Yoast SEO Premium plugin. -->","yoast_head_json":{"title":"Esschert Design Jap. Futterhaus (FB10, 8714982000065) - Trends & Vision","description":"Esschert Design Jap. Futterhaus: Wundersch\u00f6nes Japanisches Vogelfutterhaus. Zum nachf\u00fcllen Deckel am Dach \u00f6ffnen. Wird geliefert ohne","robots":{"index":"index","follow":"follow","max-snippet":"max-snippet:-1","max-image-preview":"max-image-preview:large","max-video-preview":"max-video-preview:-1"},"canonical":"https:\/\/trendsandvision.nl\/de\/product\/esschert-design-japanische-futterhaus\/","og_locale":"de_DE","og_type":"article","og_title":"Esschert Design Japanische Futterhaus","og_description":"Esschert Design Jap. Futterhaus: Wundersch\u00f6nes Japanisches Vogelfutterhaus. Zum nachf\u00fcllen Deckel am Dach \u00f6ffnen. Wird geliefert ohne","og_url":"https:\/\/trendsandvision.nl\/de\/product\/esschert-design-japanische-futterhaus\/","og_site_name":"Trends &amp; Vision (DE)","article_modified_time":"2026-04-07T08:24:56+00:00","og_image":[{"width":800,"height":800,"url":"https:\/\/trendsandvision.nl\/de\/wp-content\/uploads\/sites\/3\/2022\/04\/FB10_01.jpg","type":"image\/jpeg"}],"twitter_card":"summary_large_image","twitter_misc":{"Gesch\u00e4tzte Lesezeit":"1\u00a0Minute"},"schema":{"@context":"https:\/\/schema.org","@graph":[{"@type":"WebPage","@id":"https:\/\/trendsandvision.nl\/de\/product\/esschert-design-japanische-futterhaus\/","url":"https:\/\/trendsandvision.nl\/de\/product\/esschert-design-japanische-futterhaus\/","name":"Esschert Design Jap. Futterhaus (FB10, 8714982000065) - Trends & Vision","isPartOf":{"@id":"https:\/\/trendsandvision.nl\/de\/#website"},"primaryImageOfPage":{"@id":"https:\/\/trendsandvision.nl\/de\/product\/esschert-design-japanische-futterhaus\/#primaryimage"},"image":{"@id":"https:\/\/trendsandvision.nl\/de\/product\/esschert-design-japanische-futterhaus\/#primaryimage"},"thumbnailUrl":"https:\/\/trendsandvision.nl\/de\/wp-content\/uploads\/sites\/3\/2022\/04\/FB10_01.jpg","datePublished":"2022-04-22T15:31:13+00:00","dateModified":"2026-04-07T08:24:56+00:00","description":"Esschert Design Jap. Futterhaus: Wundersch\u00f6nes Japanisches Vogelfutterhaus. Zum nachf\u00fcllen Deckel am Dach \u00f6ffnen. Wird geliefert ohne","breadcrumb":{"@id":"https:\/\/trendsandvision.nl\/de\/product\/esschert-design-japanische-futterhaus\/#breadcrumb"},"inLanguage":"de","potentialAction":[{"@type":"ReadAction","target":["https:\/\/trendsandvision.nl\/de\/product\/esschert-design-japanische-futterhaus\/"]}]},{"@type":"ImageObject","inLanguage":"de","@id":"https:\/\/trendsandvision.nl\/de\/product\/esschert-design-japanische-futterhaus\/#primaryimage","url":"https:\/\/trendsandvision.nl\/de\/wp-content\/uploads\/sites\/3\/2022\/04\/FB10_01.jpg","contentUrl":"https:\/\/trendsandvision.nl\/de\/wp-content\/uploads\/sites\/3\/2022\/04\/FB10_01.jpg","width":800,"height":800,"caption":"Esschert Design Jap. Futterhaus (FB10"},{"@type":"BreadcrumbList","@id":"https:\/\/trendsandvision.nl\/de\/product\/esschert-design-japanische-futterhaus\/#breadcrumb","itemListElement":[{"@type":"ListItem","position":1,"name":"Home","item":"https:\/\/trendsandvision.nl\/de\/"},{"@type":"ListItem","position":2,"name":"Gesch\u00e4ft","item":"https:\/\/trendsandvision.nl\/de\/geschaft\/"},{"@type":"ListItem","position":3,"name":"Esschert Design Japanische Futterhaus"}]},{"@type":"WebSite","@id":"https:\/\/trendsandvision.nl\/de\/#website","url":"https:\/\/trendsandvision.nl\/de\/","name":"Trends &amp; Vision (DE)","description":"Der Webshop f\u00fcr Esschert Design Artikel","publisher":{"@id":"https:\/\/trendsandvision.nl\/de\/#organization"},"potentialAction":[{"@type":"SearchAction","target":{"@type":"EntryPoint","urlTemplate":"https:\/\/trendsandvision.nl\/de\/?s={search_term_string}"},"query-input":{"@type":"PropertyValueSpecification","valueRequired":true,"valueName":"search_term_string"}}],"inLanguage":"de"},{"@type":"Organization","@id":"https:\/\/trendsandvision.nl\/de\/#organization","name":"Trends &amp; Vision (DE)","url":"https:\/\/trendsandvision.nl\/de\/","logo":{"@type":"ImageObject","inLanguage":"de","@id":"https:\/\/trendsandvision.nl\/de\/#\/schema\/logo\/image\/","url":"https:\/\/trendsandvision.nl\/de\/wp-content\/uploads\/sites\/3\/2022\/04\/trends-and-vision-logo.jpg","contentUrl":"https:\/\/trendsandvision.nl\/de\/wp-content\/uploads\/sites\/3\/2022\/04\/trends-and-vision-logo.jpg","width":213,"height":100,"caption":"Trends &amp; Vision (DE)"},"image":{"@id":"https:\/\/trendsandvision.nl\/de\/#\/schema\/logo\/image\/"}}]}},"_links":{"self":[{"href":"https:\/\/trendsandvision.nl\/de\/wp-json\/wp\/v2\/product\/2537","targetHints":{"allow":["GET"]}}],"collection":[{"href":"https:\/\/trendsandvision.nl\/de\/wp-json\/wp\/v2\/product"}],"about":[{"href":"https:\/\/trendsandvision.nl\/de\/wp-json\/wp\/v2\/types\/product"}],"wp:featuredmedia":[{"embeddable":true,"href":"https:\/\/trendsandvision.nl\/de\/wp-json\/wp\/v2\/media\/2538"}],"wp:attachment":[{"href":"https:\/\/trendsandvision.nl\/de\/wp-json\/wp\/v2\/media?parent=2537"}],"wp:term":[{"taxonomy":"product_brand","embeddable":true,"href":"https:\/\/trendsandvision.nl\/de\/wp-json\/wp\/v2\/product_brand?post=2537"},{"taxonomy":"product_cat","embeddable":true,"href":"https:\/\/trendsandvision.nl\/de\/wp-json\/wp\/v2\/product_cat?post=2537"},{"taxonomy":"product_tag","embeddable":true,"href":"https:\/\/trendsandvision.nl\/de\/wp-json\/wp\/v2\/product_tag?post=2537"}],"curies":[{"name":"wp","href":"https:\/\/api.w.org\/{rel}","templated":true}]}}