{"id":2531,"date":"2022-04-22T17:31:13","date_gmt":"2022-04-22T15:31:13","guid":{"rendered":"https:\/\/trendsandvision.nl\/de\/product\/esschert-design-giesskanne-in-emailoptik\/"},"modified":"2026-04-07T10:24:55","modified_gmt":"2026-04-07T08:24:55","slug":"esschert-design-giesskanne-in-emailoptik","status":"publish","type":"product","link":"https:\/\/trendsandvision.nl\/de\/product\/esschert-design-giesskanne-in-emailoptik\/","title":{"rendered":"Esschert Design Gie\u00dfkanne in Emailoptik"},"content":{"rendered":"<p>Pflanzen verdienen das Beste!<br \/>\nDiese funktionale Gie\u00dfkanne kann sowohl drinnen als auch drau\u00dfen verwendet werden.<\/p>\n<p>&#8211; Emailoptik<br \/>\n&#8211; langer Auslauf<br \/>\n&#8211; gezielte Bew\u00e4sserung<\/p>\n<p>Artikelname: Gie\u00dfkanne in Emailoptik<br \/>\nArtikelnummer: EL120<br \/>\nProduktgruppe(n) Garten&amp;Terrasse, Gartenger\u00e4te, Gie\u00dfkannen und Spr\u00fchger\u00e4te, Indoor, Sonstiges, Zimmergie\u00dfkannen<br \/>\nProduktabmessungen in cm \u00f8 L 39,8 x T 13 x H 12,5<br \/>\nVolumen: in Litern 1,35<br \/>\nMaterial: Verzinkter Stahl<br \/>\nNettogewicht 0,244 kg<br \/>\nBarcode 8714982173820<\/p>\n","protected":false},"excerpt":{"rendered":"<p>&#8211; Artikelnummer EL120<br \/>\n&#8211; \u00f8 L 39,8 x T 13 x H 12,5 cm<br \/>\n&#8211; Volumen in Litern 1,35<br \/>\n&#8211; Emailoptik<br \/>\n&#8211; langer Auslauf<br \/>\n&#8211; gezielte Bew\u00e4sserung<br \/>\n&#8211; Material: Verzinkter Stahl<br \/>\n&#8211; Nettogewicht 0,244 kg<br \/>\n&#8211; Barcode 8714982173820<\/p>\n","protected":false},"featured_media":2532,"template":"","meta":[],"product_brand":[9597,9598],"product_cat":[769],"product_tag":[7582,6786,6990,6890,6989],"class_list":{"0":"post-2531","1":"product","2":"type-product","3":"status-publish","4":"has-post-thumbnail","6":"product_brand-esschert-design","7":"product_brand-trends-and-vision","8":"product_cat-prints","9":"product_tag-emailoptik","10":"product_tag-giesskannen","11":"product_tag-indoor","12":"product_tag-spruehgeraete","13":"product_tag-zimmergiesskannen","14":"pa_anbieter-esschert-design","15":"pa_ean-code-1499","16":"pa_material-verzinkter-stahl","17":"pa_messungen-366x133x139-cm","19":"first","20":"instock","21":"sale","22":"taxable","23":"shipping-taxable","24":"purchasable","25":"product-type-simple","26":"czr-hentry"},"yoast_head":"<!-- This site is optimized with the Yoast SEO Premium plugin v26.4 (Yoast SEO v27.4) - https:\/\/yoast.com\/product\/yoast-seo-premium-wordpress\/ -->\n<title>Esschert Design Gie\u00dfkanne in Emailoptik (EL120, 8714982173820) - Trends &amp; Vision<\/title>\n<meta name=\"description\" content=\"Esschert Design Gie\u00dfkanne in Emailoptik: Pflanzen verdienen das Beste! Diese funktionale Gie\u00dfkanne kann sowohl drinnen als auch drau\u00dfen verwe\" \/>\n<meta name=\"robots\" content=\"index, follow, max-snippet:-1, max-image-preview:large, max-video-preview:-1\" \/>\n<link rel=\"canonical\" href=\"https:\/\/trendsandvision.nl\/de\/product\/esschert-design-giesskanne-in-emailoptik\/\" \/>\n<meta property=\"og:locale\" content=\"de_DE\" \/>\n<meta property=\"og:type\" content=\"article\" \/>\n<meta property=\"og:title\" content=\"Esschert Design Gie\u00dfkanne in Emailoptik\" \/>\n<meta property=\"og:description\" content=\"Esschert Design Gie\u00dfkanne in Emailoptik: Pflanzen verdienen das Beste! Diese funktionale Gie\u00dfkanne kann sowohl drinnen als auch drau\u00dfen verwe\" \/>\n<meta property=\"og:url\" content=\"https:\/\/trendsandvision.nl\/de\/product\/esschert-design-giesskanne-in-emailoptik\/\" \/>\n<meta property=\"og:site_name\" content=\"Trends &amp; Vision (DE)\" \/>\n<meta property=\"article:modified_time\" content=\"2026-04-07T08:24:55+00:00\" \/>\n<meta property=\"og:image\" content=\"https:\/\/trendsandvision.nl\/de\/wp-content\/uploads\/sites\/3\/2022\/04\/EL120_01-scaled.jpg\" \/>\n\t<meta property=\"og:image:width\" content=\"2560\" \/>\n\t<meta property=\"og:image:height\" content=\"2560\" \/>\n\t<meta property=\"og:image:type\" content=\"image\/jpeg\" \/>\n<meta name=\"twitter:card\" content=\"summary_large_image\" \/>\n<meta name=\"twitter:label1\" content=\"Gesch\u00e4tzte Lesezeit\" \/>\n\t<meta name=\"twitter:data1\" content=\"1\u00a0Minute\" \/>\n<script type=\"application\/ld+json\" class=\"yoast-schema-graph\">{\"@context\":\"https:\\\/\\\/schema.org\",\"@graph\":[{\"@type\":\"WebPage\",\"@id\":\"https:\\\/\\\/trendsandvision.nl\\\/de\\\/product\\\/esschert-design-giesskanne-in-emailoptik\\\/\",\"url\":\"https:\\\/\\\/trendsandvision.nl\\\/de\\\/product\\\/esschert-design-giesskanne-in-emailoptik\\\/\",\"name\":\"Esschert Design Gie\u00dfkanne in Emailoptik (EL120, 8714982173820) - Trends & Vision\",\"isPartOf\":{\"@id\":\"https:\\\/\\\/trendsandvision.nl\\\/de\\\/#website\"},\"primaryImageOfPage\":{\"@id\":\"https:\\\/\\\/trendsandvision.nl\\\/de\\\/product\\\/esschert-design-giesskanne-in-emailoptik\\\/#primaryimage\"},\"image\":{\"@id\":\"https:\\\/\\\/trendsandvision.nl\\\/de\\\/product\\\/esschert-design-giesskanne-in-emailoptik\\\/#primaryimage\"},\"thumbnailUrl\":\"https:\\\/\\\/trendsandvision.nl\\\/de\\\/wp-content\\\/uploads\\\/sites\\\/3\\\/2022\\\/04\\\/EL120_01-scaled.jpg\",\"datePublished\":\"2022-04-22T15:31:13+00:00\",\"dateModified\":\"2026-04-07T08:24:55+00:00\",\"description\":\"Esschert Design Gie\u00dfkanne in Emailoptik: Pflanzen verdienen das Beste! Diese funktionale Gie\u00dfkanne kann sowohl drinnen als auch drau\u00dfen verwe\",\"breadcrumb\":{\"@id\":\"https:\\\/\\\/trendsandvision.nl\\\/de\\\/product\\\/esschert-design-giesskanne-in-emailoptik\\\/#breadcrumb\"},\"inLanguage\":\"de\",\"potentialAction\":[{\"@type\":\"ReadAction\",\"target\":[\"https:\\\/\\\/trendsandvision.nl\\\/de\\\/product\\\/esschert-design-giesskanne-in-emailoptik\\\/\"]}]},{\"@type\":\"ImageObject\",\"inLanguage\":\"de\",\"@id\":\"https:\\\/\\\/trendsandvision.nl\\\/de\\\/product\\\/esschert-design-giesskanne-in-emailoptik\\\/#primaryimage\",\"url\":\"https:\\\/\\\/trendsandvision.nl\\\/de\\\/wp-content\\\/uploads\\\/sites\\\/3\\\/2022\\\/04\\\/EL120_01-scaled.jpg\",\"contentUrl\":\"https:\\\/\\\/trendsandvision.nl\\\/de\\\/wp-content\\\/uploads\\\/sites\\\/3\\\/2022\\\/04\\\/EL120_01-scaled.jpg\",\"width\":2560,\"height\":2560,\"caption\":\"Esschert Design Gie\u00dfkanne in Emailoptik (EL120\"},{\"@type\":\"BreadcrumbList\",\"@id\":\"https:\\\/\\\/trendsandvision.nl\\\/de\\\/product\\\/esschert-design-giesskanne-in-emailoptik\\\/#breadcrumb\",\"itemListElement\":[{\"@type\":\"ListItem\",\"position\":1,\"name\":\"Home\",\"item\":\"https:\\\/\\\/trendsandvision.nl\\\/de\\\/\"},{\"@type\":\"ListItem\",\"position\":2,\"name\":\"Gesch\u00e4ft\",\"item\":\"https:\\\/\\\/trendsandvision.nl\\\/de\\\/geschaft\\\/\"},{\"@type\":\"ListItem\",\"position\":3,\"name\":\"Esschert Design Gie\u00dfkanne in Emailoptik\"}]},{\"@type\":\"WebSite\",\"@id\":\"https:\\\/\\\/trendsandvision.nl\\\/de\\\/#website\",\"url\":\"https:\\\/\\\/trendsandvision.nl\\\/de\\\/\",\"name\":\"Trends &amp; Vision (DE)\",\"description\":\"Der Webshop f\u00fcr Esschert Design Artikel\",\"publisher\":{\"@id\":\"https:\\\/\\\/trendsandvision.nl\\\/de\\\/#organization\"},\"potentialAction\":[{\"@type\":\"SearchAction\",\"target\":{\"@type\":\"EntryPoint\",\"urlTemplate\":\"https:\\\/\\\/trendsandvision.nl\\\/de\\\/?s={search_term_string}\"},\"query-input\":{\"@type\":\"PropertyValueSpecification\",\"valueRequired\":true,\"valueName\":\"search_term_string\"}}],\"inLanguage\":\"de\"},{\"@type\":\"Organization\",\"@id\":\"https:\\\/\\\/trendsandvision.nl\\\/de\\\/#organization\",\"name\":\"Trends &amp; Vision (DE)\",\"url\":\"https:\\\/\\\/trendsandvision.nl\\\/de\\\/\",\"logo\":{\"@type\":\"ImageObject\",\"inLanguage\":\"de\",\"@id\":\"https:\\\/\\\/trendsandvision.nl\\\/de\\\/#\\\/schema\\\/logo\\\/image\\\/\",\"url\":\"https:\\\/\\\/trendsandvision.nl\\\/de\\\/wp-content\\\/uploads\\\/sites\\\/3\\\/2022\\\/04\\\/trends-and-vision-logo.jpg\",\"contentUrl\":\"https:\\\/\\\/trendsandvision.nl\\\/de\\\/wp-content\\\/uploads\\\/sites\\\/3\\\/2022\\\/04\\\/trends-and-vision-logo.jpg\",\"width\":213,\"height\":100,\"caption\":\"Trends &amp; Vision (DE)\"},\"image\":{\"@id\":\"https:\\\/\\\/trendsandvision.nl\\\/de\\\/#\\\/schema\\\/logo\\\/image\\\/\"}}]}<\/script>\n<!-- \/ Yoast SEO Premium plugin. -->","yoast_head_json":{"title":"Esschert Design Gie\u00dfkanne in Emailoptik (EL120, 8714982173820) - Trends & Vision","description":"Esschert Design Gie\u00dfkanne in Emailoptik: Pflanzen verdienen das Beste! Diese funktionale Gie\u00dfkanne kann sowohl drinnen als auch drau\u00dfen verwe","robots":{"index":"index","follow":"follow","max-snippet":"max-snippet:-1","max-image-preview":"max-image-preview:large","max-video-preview":"max-video-preview:-1"},"canonical":"https:\/\/trendsandvision.nl\/de\/product\/esschert-design-giesskanne-in-emailoptik\/","og_locale":"de_DE","og_type":"article","og_title":"Esschert Design Gie\u00dfkanne in Emailoptik","og_description":"Esschert Design Gie\u00dfkanne in Emailoptik: Pflanzen verdienen das Beste! Diese funktionale Gie\u00dfkanne kann sowohl drinnen als auch drau\u00dfen verwe","og_url":"https:\/\/trendsandvision.nl\/de\/product\/esschert-design-giesskanne-in-emailoptik\/","og_site_name":"Trends &amp; Vision (DE)","article_modified_time":"2026-04-07T08:24:55+00:00","og_image":[{"width":2560,"height":2560,"url":"https:\/\/trendsandvision.nl\/de\/wp-content\/uploads\/sites\/3\/2022\/04\/EL120_01-scaled.jpg","type":"image\/jpeg"}],"twitter_card":"summary_large_image","twitter_misc":{"Gesch\u00e4tzte Lesezeit":"1\u00a0Minute"},"schema":{"@context":"https:\/\/schema.org","@graph":[{"@type":"WebPage","@id":"https:\/\/trendsandvision.nl\/de\/product\/esschert-design-giesskanne-in-emailoptik\/","url":"https:\/\/trendsandvision.nl\/de\/product\/esschert-design-giesskanne-in-emailoptik\/","name":"Esschert Design Gie\u00dfkanne in Emailoptik (EL120, 8714982173820) - Trends & Vision","isPartOf":{"@id":"https:\/\/trendsandvision.nl\/de\/#website"},"primaryImageOfPage":{"@id":"https:\/\/trendsandvision.nl\/de\/product\/esschert-design-giesskanne-in-emailoptik\/#primaryimage"},"image":{"@id":"https:\/\/trendsandvision.nl\/de\/product\/esschert-design-giesskanne-in-emailoptik\/#primaryimage"},"thumbnailUrl":"https:\/\/trendsandvision.nl\/de\/wp-content\/uploads\/sites\/3\/2022\/04\/EL120_01-scaled.jpg","datePublished":"2022-04-22T15:31:13+00:00","dateModified":"2026-04-07T08:24:55+00:00","description":"Esschert Design Gie\u00dfkanne in Emailoptik: Pflanzen verdienen das Beste! Diese funktionale Gie\u00dfkanne kann sowohl drinnen als auch drau\u00dfen verwe","breadcrumb":{"@id":"https:\/\/trendsandvision.nl\/de\/product\/esschert-design-giesskanne-in-emailoptik\/#breadcrumb"},"inLanguage":"de","potentialAction":[{"@type":"ReadAction","target":["https:\/\/trendsandvision.nl\/de\/product\/esschert-design-giesskanne-in-emailoptik\/"]}]},{"@type":"ImageObject","inLanguage":"de","@id":"https:\/\/trendsandvision.nl\/de\/product\/esschert-design-giesskanne-in-emailoptik\/#primaryimage","url":"https:\/\/trendsandvision.nl\/de\/wp-content\/uploads\/sites\/3\/2022\/04\/EL120_01-scaled.jpg","contentUrl":"https:\/\/trendsandvision.nl\/de\/wp-content\/uploads\/sites\/3\/2022\/04\/EL120_01-scaled.jpg","width":2560,"height":2560,"caption":"Esschert Design Gie\u00dfkanne in Emailoptik (EL120"},{"@type":"BreadcrumbList","@id":"https:\/\/trendsandvision.nl\/de\/product\/esschert-design-giesskanne-in-emailoptik\/#breadcrumb","itemListElement":[{"@type":"ListItem","position":1,"name":"Home","item":"https:\/\/trendsandvision.nl\/de\/"},{"@type":"ListItem","position":2,"name":"Gesch\u00e4ft","item":"https:\/\/trendsandvision.nl\/de\/geschaft\/"},{"@type":"ListItem","position":3,"name":"Esschert Design Gie\u00dfkanne in Emailoptik"}]},{"@type":"WebSite","@id":"https:\/\/trendsandvision.nl\/de\/#website","url":"https:\/\/trendsandvision.nl\/de\/","name":"Trends &amp; Vision (DE)","description":"Der Webshop f\u00fcr Esschert Design Artikel","publisher":{"@id":"https:\/\/trendsandvision.nl\/de\/#organization"},"potentialAction":[{"@type":"SearchAction","target":{"@type":"EntryPoint","urlTemplate":"https:\/\/trendsandvision.nl\/de\/?s={search_term_string}"},"query-input":{"@type":"PropertyValueSpecification","valueRequired":true,"valueName":"search_term_string"}}],"inLanguage":"de"},{"@type":"Organization","@id":"https:\/\/trendsandvision.nl\/de\/#organization","name":"Trends &amp; Vision (DE)","url":"https:\/\/trendsandvision.nl\/de\/","logo":{"@type":"ImageObject","inLanguage":"de","@id":"https:\/\/trendsandvision.nl\/de\/#\/schema\/logo\/image\/","url":"https:\/\/trendsandvision.nl\/de\/wp-content\/uploads\/sites\/3\/2022\/04\/trends-and-vision-logo.jpg","contentUrl":"https:\/\/trendsandvision.nl\/de\/wp-content\/uploads\/sites\/3\/2022\/04\/trends-and-vision-logo.jpg","width":213,"height":100,"caption":"Trends &amp; Vision (DE)"},"image":{"@id":"https:\/\/trendsandvision.nl\/de\/#\/schema\/logo\/image\/"}}]}},"_links":{"self":[{"href":"https:\/\/trendsandvision.nl\/de\/wp-json\/wp\/v2\/product\/2531","targetHints":{"allow":["GET"]}}],"collection":[{"href":"https:\/\/trendsandvision.nl\/de\/wp-json\/wp\/v2\/product"}],"about":[{"href":"https:\/\/trendsandvision.nl\/de\/wp-json\/wp\/v2\/types\/product"}],"wp:featuredmedia":[{"embeddable":true,"href":"https:\/\/trendsandvision.nl\/de\/wp-json\/wp\/v2\/media\/2532"}],"wp:attachment":[{"href":"https:\/\/trendsandvision.nl\/de\/wp-json\/wp\/v2\/media?parent=2531"}],"wp:term":[{"taxonomy":"product_brand","embeddable":true,"href":"https:\/\/trendsandvision.nl\/de\/wp-json\/wp\/v2\/product_brand?post=2531"},{"taxonomy":"product_cat","embeddable":true,"href":"https:\/\/trendsandvision.nl\/de\/wp-json\/wp\/v2\/product_cat?post=2531"},{"taxonomy":"product_tag","embeddable":true,"href":"https:\/\/trendsandvision.nl\/de\/wp-json\/wp\/v2\/product_tag?post=2531"}],"curies":[{"name":"wp","href":"https:\/\/api.w.org\/{rel}","templated":true}]}}