{"id":25114,"date":"2026-04-14T16:12:03","date_gmt":"2026-04-14T14:12:03","guid":{"rendered":"https:\/\/trendsandvision.nl\/de\/?post_type=product&#038;p=25114"},"modified":"2026-04-14T16:13:39","modified_gmt":"2026-04-14T14:13:39","slug":"esschert-design-servietten-schmetterlinge-33-x-33-cm","status":"publish","type":"product","link":"https:\/\/trendsandvision.nl\/de\/product\/esschert-design-servietten-schmetterlinge-33-x-33-cm\/","title":{"rendered":"Esschert Design Servietten Schmetterlinge 33 x 33 cm"},"content":{"rendered":"<p>Esschert Design Papierservietten Schmetterlinge 33 x 33 cm.<br \/>\nMit diesen Servietten sieht dein Tisch richtig sch\u00f6n aus. Die Servietten sind mit einem h\u00fcbschen Motiv versehen. Ideal f\u00fcr eine Feier oder ein gem\u00fctliches Abendessen.<\/p>\n<p>Artikelname <strong><a href=\"https:\/\/trendsandvision.nl\/de\/?s=Servietten&amp;post_type=product&amp;dgwt_wcas=1\">Servietten<\/a><\/strong> Schmetterlinge 33x33cm<br \/>\nArtikelnummer TP315<br \/>\nProduktgr\u00f6\u00dfen in cm B 33 X T 33 X H 0,1<br \/>\nBarcode 8714982158018<br \/>\nMaterial Tissue-Papier (3 lagig)<br \/>\nBruttogewicht 0,12 kg<br \/>\nNettogewicht 0,108 kg<br \/>\nProduzent <a href=\"https:\/\/www.esschertdesign.com\/shop\/de\/servetten-vlinder-verzameling-tp315\" target=\"_blank\">Esschert Design<\/a><\/p>\n","protected":false},"excerpt":{"rendered":"<p>Sch\u00f6n als Tischdekoration aber auch unverzichtbar beim Essen<br \/>\nAus 3-lagig Papier hergestellt<br \/>\nB 33 X T 33 X H 0,1 cm<br \/>\nBarcode 8714982158018<br \/>\nMaterial Tissue-Papier (3 lagig)<br \/>\nNettogewicht 0,108 kg<\/p>\n","protected":false},"featured_media":25115,"template":"","meta":[],"product_brand":[9597,9870],"product_cat":[820],"product_tag":[9783,10208,7493,10215,7460],"class_list":{"0":"post-25114","1":"product","2":"type-product","3":"status-publish","4":"has-post-thumbnail","6":"product_brand-esschert-design","7":"product_brand-trends-vision","8":"product_cat-nature-print","9":"product_tag-deco","10":"product_tag-decoupage-servietten","11":"product_tag-draussen-essen","12":"product_tag-floral","13":"product_tag-servietten","15":"first","16":"instock","17":"sale","18":"taxable","19":"shipping-taxable","20":"purchasable","21":"product-type-simple","22":"czr-hentry"},"yoast_head":"<!-- This site is optimized with the Yoast SEO Premium plugin v26.4 (Yoast SEO v27.4) - https:\/\/yoast.com\/product\/yoast-seo-premium-wordpress\/ -->\n<title>Esschert Design Servietten Schmetterlinge 33 x 33 cm - Trends &amp; Vision (DE)<\/title>\n<meta name=\"description\" content=\"Esschert Design Papierservietten 3 lagig Schmetterlinge 33 x 33 cm TP315, B 33 X T 33 X H 0,1 cm, Barcode 8714982158018\" \/>\n<meta name=\"robots\" content=\"index, follow, max-snippet:-1, max-image-preview:large, max-video-preview:-1\" \/>\n<link rel=\"canonical\" href=\"https:\/\/trendsandvision.nl\/de\/product\/esschert-design-servietten-schmetterlinge-33-x-33-cm\/\" \/>\n<meta property=\"og:locale\" content=\"de_DE\" \/>\n<meta property=\"og:type\" content=\"article\" \/>\n<meta property=\"og:title\" content=\"Esschert Design Servietten Schmetterlinge 33 x 33 cm\" \/>\n<meta property=\"og:description\" content=\"Esschert Design Papierservietten 3 lagig Schmetterlinge 33 x 33 cm TP315, B 33 X T 33 X H 0,1 cm, Barcode 8714982158018\" \/>\n<meta property=\"og:url\" content=\"https:\/\/trendsandvision.nl\/de\/product\/esschert-design-servietten-schmetterlinge-33-x-33-cm\/\" \/>\n<meta property=\"og:site_name\" content=\"Trends &amp; Vision (DE)\" \/>\n<meta property=\"article:modified_time\" content=\"2026-04-14T14:13:39+00:00\" \/>\n<meta property=\"og:image\" content=\"https:\/\/trendsandvision.nl\/de\/wp-content\/uploads\/sites\/3\/2026\/04\/TP315.png\" \/>\n\t<meta property=\"og:image:width\" content=\"838\" \/>\n\t<meta property=\"og:image:height\" content=\"852\" \/>\n\t<meta property=\"og:image:type\" content=\"image\/png\" \/>\n<meta name=\"twitter:card\" content=\"summary_large_image\" \/>\n<meta name=\"twitter:label1\" content=\"Gesch\u00e4tzte Lesezeit\" \/>\n\t<meta name=\"twitter:data1\" content=\"1\u00a0Minute\" \/>\n<script type=\"application\/ld+json\" class=\"yoast-schema-graph\">{\"@context\":\"https:\\\/\\\/schema.org\",\"@graph\":[{\"@type\":\"WebPage\",\"@id\":\"https:\\\/\\\/trendsandvision.nl\\\/de\\\/product\\\/esschert-design-servietten-schmetterlinge-33-x-33-cm\\\/\",\"url\":\"https:\\\/\\\/trendsandvision.nl\\\/de\\\/product\\\/esschert-design-servietten-schmetterlinge-33-x-33-cm\\\/\",\"name\":\"Esschert Design Servietten Schmetterlinge 33 x 33 cm - Trends &amp; Vision (DE)\",\"isPartOf\":{\"@id\":\"https:\\\/\\\/trendsandvision.nl\\\/de\\\/#website\"},\"primaryImageOfPage\":{\"@id\":\"https:\\\/\\\/trendsandvision.nl\\\/de\\\/product\\\/esschert-design-servietten-schmetterlinge-33-x-33-cm\\\/#primaryimage\"},\"image\":{\"@id\":\"https:\\\/\\\/trendsandvision.nl\\\/de\\\/product\\\/esschert-design-servietten-schmetterlinge-33-x-33-cm\\\/#primaryimage\"},\"thumbnailUrl\":\"https:\\\/\\\/trendsandvision.nl\\\/de\\\/wp-content\\\/uploads\\\/sites\\\/3\\\/2026\\\/04\\\/TP315.png\",\"datePublished\":\"2026-04-14T14:12:03+00:00\",\"dateModified\":\"2026-04-14T14:13:39+00:00\",\"description\":\"Esschert Design Papierservietten 3 lagig Schmetterlinge 33 x 33 cm TP315, B 33 X T 33 X H 0,1 cm, Barcode 8714982158018\",\"breadcrumb\":{\"@id\":\"https:\\\/\\\/trendsandvision.nl\\\/de\\\/product\\\/esschert-design-servietten-schmetterlinge-33-x-33-cm\\\/#breadcrumb\"},\"inLanguage\":\"de\",\"potentialAction\":[{\"@type\":\"ReadAction\",\"target\":[\"https:\\\/\\\/trendsandvision.nl\\\/de\\\/product\\\/esschert-design-servietten-schmetterlinge-33-x-33-cm\\\/\"]}]},{\"@type\":\"ImageObject\",\"inLanguage\":\"de\",\"@id\":\"https:\\\/\\\/trendsandvision.nl\\\/de\\\/product\\\/esschert-design-servietten-schmetterlinge-33-x-33-cm\\\/#primaryimage\",\"url\":\"https:\\\/\\\/trendsandvision.nl\\\/de\\\/wp-content\\\/uploads\\\/sites\\\/3\\\/2026\\\/04\\\/TP315.png\",\"contentUrl\":\"https:\\\/\\\/trendsandvision.nl\\\/de\\\/wp-content\\\/uploads\\\/sites\\\/3\\\/2026\\\/04\\\/TP315.png\",\"width\":838,\"height\":852,\"caption\":\"Trends and Vision Papierservietten 3 lagig Schmetterlinge 33 x 33 cm TP315, B 33 X T 33 X H 0,1 cm, Barcode 8714982158018\"},{\"@type\":\"BreadcrumbList\",\"@id\":\"https:\\\/\\\/trendsandvision.nl\\\/de\\\/product\\\/esschert-design-servietten-schmetterlinge-33-x-33-cm\\\/#breadcrumb\",\"itemListElement\":[{\"@type\":\"ListItem\",\"position\":1,\"name\":\"Home\",\"item\":\"https:\\\/\\\/trendsandvision.nl\\\/de\\\/\"},{\"@type\":\"ListItem\",\"position\":2,\"name\":\"Gesch\u00e4ft\",\"item\":\"https:\\\/\\\/trendsandvision.nl\\\/de\\\/geschaft\\\/\"},{\"@type\":\"ListItem\",\"position\":3,\"name\":\"Esschert Design Servietten Schmetterlinge 33 x 33 cm\"}]},{\"@type\":\"WebSite\",\"@id\":\"https:\\\/\\\/trendsandvision.nl\\\/de\\\/#website\",\"url\":\"https:\\\/\\\/trendsandvision.nl\\\/de\\\/\",\"name\":\"Trends &amp; Vision (DE)\",\"description\":\"Der Webshop f\u00fcr Esschert Design Artikel\",\"publisher\":{\"@id\":\"https:\\\/\\\/trendsandvision.nl\\\/de\\\/#organization\"},\"potentialAction\":[{\"@type\":\"SearchAction\",\"target\":{\"@type\":\"EntryPoint\",\"urlTemplate\":\"https:\\\/\\\/trendsandvision.nl\\\/de\\\/?s={search_term_string}\"},\"query-input\":{\"@type\":\"PropertyValueSpecification\",\"valueRequired\":true,\"valueName\":\"search_term_string\"}}],\"inLanguage\":\"de\"},{\"@type\":\"Organization\",\"@id\":\"https:\\\/\\\/trendsandvision.nl\\\/de\\\/#organization\",\"name\":\"Trends &amp; Vision (DE)\",\"url\":\"https:\\\/\\\/trendsandvision.nl\\\/de\\\/\",\"logo\":{\"@type\":\"ImageObject\",\"inLanguage\":\"de\",\"@id\":\"https:\\\/\\\/trendsandvision.nl\\\/de\\\/#\\\/schema\\\/logo\\\/image\\\/\",\"url\":\"https:\\\/\\\/trendsandvision.nl\\\/de\\\/wp-content\\\/uploads\\\/sites\\\/3\\\/2022\\\/04\\\/trends-and-vision-logo.jpg\",\"contentUrl\":\"https:\\\/\\\/trendsandvision.nl\\\/de\\\/wp-content\\\/uploads\\\/sites\\\/3\\\/2022\\\/04\\\/trends-and-vision-logo.jpg\",\"width\":213,\"height\":100,\"caption\":\"Trends &amp; Vision (DE)\"},\"image\":{\"@id\":\"https:\\\/\\\/trendsandvision.nl\\\/de\\\/#\\\/schema\\\/logo\\\/image\\\/\"}}]}<\/script>\n<!-- \/ Yoast SEO Premium plugin. -->","yoast_head_json":{"title":"Esschert Design Servietten Schmetterlinge 33 x 33 cm - Trends &amp; Vision (DE)","description":"Esschert Design Papierservietten 3 lagig Schmetterlinge 33 x 33 cm TP315, B 33 X T 33 X H 0,1 cm, Barcode 8714982158018","robots":{"index":"index","follow":"follow","max-snippet":"max-snippet:-1","max-image-preview":"max-image-preview:large","max-video-preview":"max-video-preview:-1"},"canonical":"https:\/\/trendsandvision.nl\/de\/product\/esschert-design-servietten-schmetterlinge-33-x-33-cm\/","og_locale":"de_DE","og_type":"article","og_title":"Esschert Design Servietten Schmetterlinge 33 x 33 cm","og_description":"Esschert Design Papierservietten 3 lagig Schmetterlinge 33 x 33 cm TP315, B 33 X T 33 X H 0,1 cm, Barcode 8714982158018","og_url":"https:\/\/trendsandvision.nl\/de\/product\/esschert-design-servietten-schmetterlinge-33-x-33-cm\/","og_site_name":"Trends &amp; Vision (DE)","article_modified_time":"2026-04-14T14:13:39+00:00","og_image":[{"width":838,"height":852,"url":"https:\/\/trendsandvision.nl\/de\/wp-content\/uploads\/sites\/3\/2026\/04\/TP315.png","type":"image\/png"}],"twitter_card":"summary_large_image","twitter_misc":{"Gesch\u00e4tzte Lesezeit":"1\u00a0Minute"},"schema":{"@context":"https:\/\/schema.org","@graph":[{"@type":"WebPage","@id":"https:\/\/trendsandvision.nl\/de\/product\/esschert-design-servietten-schmetterlinge-33-x-33-cm\/","url":"https:\/\/trendsandvision.nl\/de\/product\/esschert-design-servietten-schmetterlinge-33-x-33-cm\/","name":"Esschert Design Servietten Schmetterlinge 33 x 33 cm - Trends &amp; Vision (DE)","isPartOf":{"@id":"https:\/\/trendsandvision.nl\/de\/#website"},"primaryImageOfPage":{"@id":"https:\/\/trendsandvision.nl\/de\/product\/esschert-design-servietten-schmetterlinge-33-x-33-cm\/#primaryimage"},"image":{"@id":"https:\/\/trendsandvision.nl\/de\/product\/esschert-design-servietten-schmetterlinge-33-x-33-cm\/#primaryimage"},"thumbnailUrl":"https:\/\/trendsandvision.nl\/de\/wp-content\/uploads\/sites\/3\/2026\/04\/TP315.png","datePublished":"2026-04-14T14:12:03+00:00","dateModified":"2026-04-14T14:13:39+00:00","description":"Esschert Design Papierservietten 3 lagig Schmetterlinge 33 x 33 cm TP315, B 33 X T 33 X H 0,1 cm, Barcode 8714982158018","breadcrumb":{"@id":"https:\/\/trendsandvision.nl\/de\/product\/esschert-design-servietten-schmetterlinge-33-x-33-cm\/#breadcrumb"},"inLanguage":"de","potentialAction":[{"@type":"ReadAction","target":["https:\/\/trendsandvision.nl\/de\/product\/esschert-design-servietten-schmetterlinge-33-x-33-cm\/"]}]},{"@type":"ImageObject","inLanguage":"de","@id":"https:\/\/trendsandvision.nl\/de\/product\/esschert-design-servietten-schmetterlinge-33-x-33-cm\/#primaryimage","url":"https:\/\/trendsandvision.nl\/de\/wp-content\/uploads\/sites\/3\/2026\/04\/TP315.png","contentUrl":"https:\/\/trendsandvision.nl\/de\/wp-content\/uploads\/sites\/3\/2026\/04\/TP315.png","width":838,"height":852,"caption":"Trends and Vision Papierservietten 3 lagig Schmetterlinge 33 x 33 cm TP315, B 33 X T 33 X H 0,1 cm, Barcode 8714982158018"},{"@type":"BreadcrumbList","@id":"https:\/\/trendsandvision.nl\/de\/product\/esschert-design-servietten-schmetterlinge-33-x-33-cm\/#breadcrumb","itemListElement":[{"@type":"ListItem","position":1,"name":"Home","item":"https:\/\/trendsandvision.nl\/de\/"},{"@type":"ListItem","position":2,"name":"Gesch\u00e4ft","item":"https:\/\/trendsandvision.nl\/de\/geschaft\/"},{"@type":"ListItem","position":3,"name":"Esschert Design Servietten Schmetterlinge 33 x 33 cm"}]},{"@type":"WebSite","@id":"https:\/\/trendsandvision.nl\/de\/#website","url":"https:\/\/trendsandvision.nl\/de\/","name":"Trends &amp; Vision (DE)","description":"Der Webshop f\u00fcr Esschert Design Artikel","publisher":{"@id":"https:\/\/trendsandvision.nl\/de\/#organization"},"potentialAction":[{"@type":"SearchAction","target":{"@type":"EntryPoint","urlTemplate":"https:\/\/trendsandvision.nl\/de\/?s={search_term_string}"},"query-input":{"@type":"PropertyValueSpecification","valueRequired":true,"valueName":"search_term_string"}}],"inLanguage":"de"},{"@type":"Organization","@id":"https:\/\/trendsandvision.nl\/de\/#organization","name":"Trends &amp; Vision (DE)","url":"https:\/\/trendsandvision.nl\/de\/","logo":{"@type":"ImageObject","inLanguage":"de","@id":"https:\/\/trendsandvision.nl\/de\/#\/schema\/logo\/image\/","url":"https:\/\/trendsandvision.nl\/de\/wp-content\/uploads\/sites\/3\/2022\/04\/trends-and-vision-logo.jpg","contentUrl":"https:\/\/trendsandvision.nl\/de\/wp-content\/uploads\/sites\/3\/2022\/04\/trends-and-vision-logo.jpg","width":213,"height":100,"caption":"Trends &amp; Vision (DE)"},"image":{"@id":"https:\/\/trendsandvision.nl\/de\/#\/schema\/logo\/image\/"}}]}},"_links":{"self":[{"href":"https:\/\/trendsandvision.nl\/de\/wp-json\/wp\/v2\/product\/25114","targetHints":{"allow":["GET"]}}],"collection":[{"href":"https:\/\/trendsandvision.nl\/de\/wp-json\/wp\/v2\/product"}],"about":[{"href":"https:\/\/trendsandvision.nl\/de\/wp-json\/wp\/v2\/types\/product"}],"wp:featuredmedia":[{"embeddable":true,"href":"https:\/\/trendsandvision.nl\/de\/wp-json\/wp\/v2\/media\/25115"}],"wp:attachment":[{"href":"https:\/\/trendsandvision.nl\/de\/wp-json\/wp\/v2\/media?parent=25114"}],"wp:term":[{"taxonomy":"product_brand","embeddable":true,"href":"https:\/\/trendsandvision.nl\/de\/wp-json\/wp\/v2\/product_brand?post=25114"},{"taxonomy":"product_cat","embeddable":true,"href":"https:\/\/trendsandvision.nl\/de\/wp-json\/wp\/v2\/product_cat?post=25114"},{"taxonomy":"product_tag","embeddable":true,"href":"https:\/\/trendsandvision.nl\/de\/wp-json\/wp\/v2\/product_tag?post=25114"}],"curies":[{"name":"wp","href":"https:\/\/api.w.org\/{rel}","templated":true}]}}