{"id":25109,"date":"2026-04-14T09:53:22","date_gmt":"2026-04-14T07:53:22","guid":{"rendered":"https:\/\/trendsandvision.nl\/de\/?post_type=product&#038;p=25109"},"modified":"2026-04-14T16:13:10","modified_gmt":"2026-04-14T14:13:10","slug":"esschert-design-nistmaterial-kapok","status":"publish","type":"product","link":"https:\/\/trendsandvision.nl\/de\/product\/esschert-design-nistmaterial-kapok\/","title":{"rendered":"Esschert Design Nistmaterial Kapok"},"content":{"rendered":"<p>Esschert Design Nistmaterial Kapok.<br \/>\nLocken Sie V\u00f6gel mit diesem nat\u00fcrlichen Nistmaterial aus dem Kapokbaum in den Garten an.<br \/>\nEinfach in zum Beispiel unsere <strong><a href=\"https:\/\/trendsandvision.nl\/de\/?s=Futterfeder&amp;post_type=product&amp;dgwt_wcas=1\">Futterfeder<\/a><\/strong> an zu bieten.<br \/>\nW\u00e4hrend der Brutzeit suchen V\u00f6gel nach Nistmaterial. Locken Sie V\u00f6gel mit diesem nat\u00fcrlichen Nistmaterial vom Kapokbaum in Ihren Garten. Es besteht aus wolligem und seidigem Material, das V\u00f6gel leicht auseinanderzupfen und als F\u00fcllmaterial verwenden k\u00f6nnen. Das Material ist ungef\u00e4hrlich, da es keine langen F\u00e4den enth\u00e4lt, in denen sich die V\u00f6gel verfangen k\u00f6nnten.<\/p>\n<p>&#8211; nat\u00fcrliches, wolliges, seidiges Material, das V\u00f6gel lieben.<br \/>\n&#8211; sicheres Material ohne lange, d\u00fcnne F\u00e4den, in denen die F\u00fc\u00dfe sich verhaken k\u00f6nnen.<br \/>\n&#8211; einfach zu verwenden.<\/p>\n<p>Artikelname Nistmaterial Kapok<br \/>\nArtikelnummer FB549<br \/>\nBarcode 8714982193460<br \/>\nProduktgr\u00f6\u00dfen in cm B 18,2 X T 5,7 X H 31,8<br \/>\nBarcode 8714982193460<br \/>\nMaterial Kapok<br \/>\nBruttogewicht 0,034 kg<br \/>\nNettogewicht 0,025 kg<br \/>\nProduzent <a href=\"https:\/\/www.esschertdesign.com\/shop\/de\/nestmateriaal-kapok-fb549\" target=\"_blank\">Esschert Design<\/a><\/p>\n","protected":false},"excerpt":{"rendered":"<p>nat\u00fcrliches, wolliges, seidiges Material<br \/>\ndas V\u00f6gel lieben<br \/>\nsicheres Material<br \/>\nohne lange, d\u00fcnne F\u00e4den, in denen die F\u00fc\u00dfe sich verhaken k\u00f6nnen<br \/>\neinfach zu verwenden<br \/>\nB 18,2 X T 5,7 X H 31,8 cm<br \/>\nBarcode 8714982193460<br \/>\nMaterial Kapok<br \/>\nGewicht 0,025 kg<\/p>\n","protected":false},"featured_media":25110,"template":"","meta":[],"product_brand":[9597,9870],"product_cat":[1315,15],"product_tag":[7058,8500,11427,6714],"class_list":{"0":"post-25109","1":"product","2":"type-product","3":"status-publish","4":"has-post-thumbnail","6":"product_brand-esschert-design","7":"product_brand-trends-vision","8":"product_cat-best-for-birds","9":"product_cat-uncategorized","10":"product_tag-bienen","11":"product_tag-hummel","12":"product_tag-nistmaterial","13":"product_tag-voegel","15":"first","16":"instock","17":"sale","18":"taxable","19":"shipping-taxable","20":"purchasable","21":"product-type-simple","22":"czr-hentry"},"yoast_head":"<!-- This site is optimized with the Yoast SEO Premium plugin v26.4 (Yoast SEO v27.4) - https:\/\/yoast.com\/product\/yoast-seo-premium-wordpress\/ -->\n<title>Esschert Design Nistmaterial Kapok - Trends &amp; Vision (DE)<\/title>\n<meta name=\"description\" content=\"Esschert Design Nistmaterial Kapok, FB549, Barcode 8714982193460, B 18,2 X T 5,7 X H 31,8 cm, Gewicht 0,025 kg, einfach zu verwenden\" \/>\n<meta name=\"robots\" content=\"index, follow, max-snippet:-1, max-image-preview:large, max-video-preview:-1\" \/>\n<link rel=\"canonical\" href=\"https:\/\/trendsandvision.nl\/de\/product\/esschert-design-nistmaterial-kapok\/\" \/>\n<meta property=\"og:locale\" content=\"de_DE\" \/>\n<meta property=\"og:type\" content=\"article\" \/>\n<meta property=\"og:title\" content=\"Esschert Design Nistmaterial Kapok\" \/>\n<meta property=\"og:description\" content=\"Esschert Design Nistmaterial Kapok, FB549, Barcode 8714982193460, B 18,2 X T 5,7 X H 31,8 cm, Gewicht 0,025 kg, einfach zu verwenden\" \/>\n<meta property=\"og:url\" content=\"https:\/\/trendsandvision.nl\/de\/product\/esschert-design-nistmaterial-kapok\/\" \/>\n<meta property=\"og:site_name\" content=\"Trends &amp; Vision (DE)\" \/>\n<meta property=\"article:modified_time\" content=\"2026-04-14T14:13:10+00:00\" \/>\n<meta property=\"og:image\" content=\"https:\/\/trendsandvision.nl\/de\/wp-content\/uploads\/sites\/3\/2026\/04\/FB549.png\" \/>\n\t<meta property=\"og:image:width\" content=\"1112\" \/>\n\t<meta property=\"og:image:height\" content=\"1368\" \/>\n\t<meta property=\"og:image:type\" content=\"image\/png\" \/>\n<meta name=\"twitter:card\" content=\"summary_large_image\" \/>\n<meta name=\"twitter:label1\" content=\"Gesch\u00e4tzte Lesezeit\" \/>\n\t<meta name=\"twitter:data1\" content=\"1\u00a0Minute\" \/>\n<script type=\"application\/ld+json\" class=\"yoast-schema-graph\">{\"@context\":\"https:\\\/\\\/schema.org\",\"@graph\":[{\"@type\":\"WebPage\",\"@id\":\"https:\\\/\\\/trendsandvision.nl\\\/de\\\/product\\\/esschert-design-nistmaterial-kapok\\\/\",\"url\":\"https:\\\/\\\/trendsandvision.nl\\\/de\\\/product\\\/esschert-design-nistmaterial-kapok\\\/\",\"name\":\"Esschert Design Nistmaterial Kapok - Trends &amp; Vision (DE)\",\"isPartOf\":{\"@id\":\"https:\\\/\\\/trendsandvision.nl\\\/de\\\/#website\"},\"primaryImageOfPage\":{\"@id\":\"https:\\\/\\\/trendsandvision.nl\\\/de\\\/product\\\/esschert-design-nistmaterial-kapok\\\/#primaryimage\"},\"image\":{\"@id\":\"https:\\\/\\\/trendsandvision.nl\\\/de\\\/product\\\/esschert-design-nistmaterial-kapok\\\/#primaryimage\"},\"thumbnailUrl\":\"https:\\\/\\\/trendsandvision.nl\\\/de\\\/wp-content\\\/uploads\\\/sites\\\/3\\\/2026\\\/04\\\/FB549.png\",\"datePublished\":\"2026-04-14T07:53:22+00:00\",\"dateModified\":\"2026-04-14T14:13:10+00:00\",\"description\":\"Esschert Design Nistmaterial Kapok, FB549, Barcode 8714982193460, B 18,2 X T 5,7 X H 31,8 cm, Gewicht 0,025 kg, einfach zu verwenden\",\"breadcrumb\":{\"@id\":\"https:\\\/\\\/trendsandvision.nl\\\/de\\\/product\\\/esschert-design-nistmaterial-kapok\\\/#breadcrumb\"},\"inLanguage\":\"de\",\"potentialAction\":[{\"@type\":\"ReadAction\",\"target\":[\"https:\\\/\\\/trendsandvision.nl\\\/de\\\/product\\\/esschert-design-nistmaterial-kapok\\\/\"]}]},{\"@type\":\"ImageObject\",\"inLanguage\":\"de\",\"@id\":\"https:\\\/\\\/trendsandvision.nl\\\/de\\\/product\\\/esschert-design-nistmaterial-kapok\\\/#primaryimage\",\"url\":\"https:\\\/\\\/trendsandvision.nl\\\/de\\\/wp-content\\\/uploads\\\/sites\\\/3\\\/2026\\\/04\\\/FB549.png\",\"contentUrl\":\"https:\\\/\\\/trendsandvision.nl\\\/de\\\/wp-content\\\/uploads\\\/sites\\\/3\\\/2026\\\/04\\\/FB549.png\",\"width\":1112,\"height\":1368,\"caption\":\"Trends and Vision Nistmaterial Kapok, FB549, Barcode 8714982193460, B 18,2 X T 5,7 X H 31,8 cm, Gewicht 0,025 kg, einfach zu verwenden\"},{\"@type\":\"BreadcrumbList\",\"@id\":\"https:\\\/\\\/trendsandvision.nl\\\/de\\\/product\\\/esschert-design-nistmaterial-kapok\\\/#breadcrumb\",\"itemListElement\":[{\"@type\":\"ListItem\",\"position\":1,\"name\":\"Home\",\"item\":\"https:\\\/\\\/trendsandvision.nl\\\/de\\\/\"},{\"@type\":\"ListItem\",\"position\":2,\"name\":\"Gesch\u00e4ft\",\"item\":\"https:\\\/\\\/trendsandvision.nl\\\/de\\\/geschaft\\\/\"},{\"@type\":\"ListItem\",\"position\":3,\"name\":\"Esschert Design Nistmaterial Kapok\"}]},{\"@type\":\"WebSite\",\"@id\":\"https:\\\/\\\/trendsandvision.nl\\\/de\\\/#website\",\"url\":\"https:\\\/\\\/trendsandvision.nl\\\/de\\\/\",\"name\":\"Trends &amp; Vision (DE)\",\"description\":\"Der Webshop f\u00fcr Esschert Design Artikel\",\"publisher\":{\"@id\":\"https:\\\/\\\/trendsandvision.nl\\\/de\\\/#organization\"},\"potentialAction\":[{\"@type\":\"SearchAction\",\"target\":{\"@type\":\"EntryPoint\",\"urlTemplate\":\"https:\\\/\\\/trendsandvision.nl\\\/de\\\/?s={search_term_string}\"},\"query-input\":{\"@type\":\"PropertyValueSpecification\",\"valueRequired\":true,\"valueName\":\"search_term_string\"}}],\"inLanguage\":\"de\"},{\"@type\":\"Organization\",\"@id\":\"https:\\\/\\\/trendsandvision.nl\\\/de\\\/#organization\",\"name\":\"Trends &amp; Vision (DE)\",\"url\":\"https:\\\/\\\/trendsandvision.nl\\\/de\\\/\",\"logo\":{\"@type\":\"ImageObject\",\"inLanguage\":\"de\",\"@id\":\"https:\\\/\\\/trendsandvision.nl\\\/de\\\/#\\\/schema\\\/logo\\\/image\\\/\",\"url\":\"https:\\\/\\\/trendsandvision.nl\\\/de\\\/wp-content\\\/uploads\\\/sites\\\/3\\\/2022\\\/04\\\/trends-and-vision-logo.jpg\",\"contentUrl\":\"https:\\\/\\\/trendsandvision.nl\\\/de\\\/wp-content\\\/uploads\\\/sites\\\/3\\\/2022\\\/04\\\/trends-and-vision-logo.jpg\",\"width\":213,\"height\":100,\"caption\":\"Trends &amp; Vision (DE)\"},\"image\":{\"@id\":\"https:\\\/\\\/trendsandvision.nl\\\/de\\\/#\\\/schema\\\/logo\\\/image\\\/\"}}]}<\/script>\n<!-- \/ Yoast SEO Premium plugin. -->","yoast_head_json":{"title":"Esschert Design Nistmaterial Kapok - Trends &amp; Vision (DE)","description":"Esschert Design Nistmaterial Kapok, FB549, Barcode 8714982193460, B 18,2 X T 5,7 X H 31,8 cm, Gewicht 0,025 kg, einfach zu verwenden","robots":{"index":"index","follow":"follow","max-snippet":"max-snippet:-1","max-image-preview":"max-image-preview:large","max-video-preview":"max-video-preview:-1"},"canonical":"https:\/\/trendsandvision.nl\/de\/product\/esschert-design-nistmaterial-kapok\/","og_locale":"de_DE","og_type":"article","og_title":"Esschert Design Nistmaterial Kapok","og_description":"Esschert Design Nistmaterial Kapok, FB549, Barcode 8714982193460, B 18,2 X T 5,7 X H 31,8 cm, Gewicht 0,025 kg, einfach zu verwenden","og_url":"https:\/\/trendsandvision.nl\/de\/product\/esschert-design-nistmaterial-kapok\/","og_site_name":"Trends &amp; Vision (DE)","article_modified_time":"2026-04-14T14:13:10+00:00","og_image":[{"width":1112,"height":1368,"url":"https:\/\/trendsandvision.nl\/de\/wp-content\/uploads\/sites\/3\/2026\/04\/FB549.png","type":"image\/png"}],"twitter_card":"summary_large_image","twitter_misc":{"Gesch\u00e4tzte Lesezeit":"1\u00a0Minute"},"schema":{"@context":"https:\/\/schema.org","@graph":[{"@type":"WebPage","@id":"https:\/\/trendsandvision.nl\/de\/product\/esschert-design-nistmaterial-kapok\/","url":"https:\/\/trendsandvision.nl\/de\/product\/esschert-design-nistmaterial-kapok\/","name":"Esschert Design Nistmaterial Kapok - Trends &amp; Vision (DE)","isPartOf":{"@id":"https:\/\/trendsandvision.nl\/de\/#website"},"primaryImageOfPage":{"@id":"https:\/\/trendsandvision.nl\/de\/product\/esschert-design-nistmaterial-kapok\/#primaryimage"},"image":{"@id":"https:\/\/trendsandvision.nl\/de\/product\/esschert-design-nistmaterial-kapok\/#primaryimage"},"thumbnailUrl":"https:\/\/trendsandvision.nl\/de\/wp-content\/uploads\/sites\/3\/2026\/04\/FB549.png","datePublished":"2026-04-14T07:53:22+00:00","dateModified":"2026-04-14T14:13:10+00:00","description":"Esschert Design Nistmaterial Kapok, FB549, Barcode 8714982193460, B 18,2 X T 5,7 X H 31,8 cm, Gewicht 0,025 kg, einfach zu verwenden","breadcrumb":{"@id":"https:\/\/trendsandvision.nl\/de\/product\/esschert-design-nistmaterial-kapok\/#breadcrumb"},"inLanguage":"de","potentialAction":[{"@type":"ReadAction","target":["https:\/\/trendsandvision.nl\/de\/product\/esschert-design-nistmaterial-kapok\/"]}]},{"@type":"ImageObject","inLanguage":"de","@id":"https:\/\/trendsandvision.nl\/de\/product\/esschert-design-nistmaterial-kapok\/#primaryimage","url":"https:\/\/trendsandvision.nl\/de\/wp-content\/uploads\/sites\/3\/2026\/04\/FB549.png","contentUrl":"https:\/\/trendsandvision.nl\/de\/wp-content\/uploads\/sites\/3\/2026\/04\/FB549.png","width":1112,"height":1368,"caption":"Trends and Vision Nistmaterial Kapok, FB549, Barcode 8714982193460, B 18,2 X T 5,7 X H 31,8 cm, Gewicht 0,025 kg, einfach zu verwenden"},{"@type":"BreadcrumbList","@id":"https:\/\/trendsandvision.nl\/de\/product\/esschert-design-nistmaterial-kapok\/#breadcrumb","itemListElement":[{"@type":"ListItem","position":1,"name":"Home","item":"https:\/\/trendsandvision.nl\/de\/"},{"@type":"ListItem","position":2,"name":"Gesch\u00e4ft","item":"https:\/\/trendsandvision.nl\/de\/geschaft\/"},{"@type":"ListItem","position":3,"name":"Esschert Design Nistmaterial Kapok"}]},{"@type":"WebSite","@id":"https:\/\/trendsandvision.nl\/de\/#website","url":"https:\/\/trendsandvision.nl\/de\/","name":"Trends &amp; Vision (DE)","description":"Der Webshop f\u00fcr Esschert Design Artikel","publisher":{"@id":"https:\/\/trendsandvision.nl\/de\/#organization"},"potentialAction":[{"@type":"SearchAction","target":{"@type":"EntryPoint","urlTemplate":"https:\/\/trendsandvision.nl\/de\/?s={search_term_string}"},"query-input":{"@type":"PropertyValueSpecification","valueRequired":true,"valueName":"search_term_string"}}],"inLanguage":"de"},{"@type":"Organization","@id":"https:\/\/trendsandvision.nl\/de\/#organization","name":"Trends &amp; Vision (DE)","url":"https:\/\/trendsandvision.nl\/de\/","logo":{"@type":"ImageObject","inLanguage":"de","@id":"https:\/\/trendsandvision.nl\/de\/#\/schema\/logo\/image\/","url":"https:\/\/trendsandvision.nl\/de\/wp-content\/uploads\/sites\/3\/2022\/04\/trends-and-vision-logo.jpg","contentUrl":"https:\/\/trendsandvision.nl\/de\/wp-content\/uploads\/sites\/3\/2022\/04\/trends-and-vision-logo.jpg","width":213,"height":100,"caption":"Trends &amp; Vision (DE)"},"image":{"@id":"https:\/\/trendsandvision.nl\/de\/#\/schema\/logo\/image\/"}}]}},"_links":{"self":[{"href":"https:\/\/trendsandvision.nl\/de\/wp-json\/wp\/v2\/product\/25109","targetHints":{"allow":["GET"]}}],"collection":[{"href":"https:\/\/trendsandvision.nl\/de\/wp-json\/wp\/v2\/product"}],"about":[{"href":"https:\/\/trendsandvision.nl\/de\/wp-json\/wp\/v2\/types\/product"}],"wp:featuredmedia":[{"embeddable":true,"href":"https:\/\/trendsandvision.nl\/de\/wp-json\/wp\/v2\/media\/25110"}],"wp:attachment":[{"href":"https:\/\/trendsandvision.nl\/de\/wp-json\/wp\/v2\/media?parent=25109"}],"wp:term":[{"taxonomy":"product_brand","embeddable":true,"href":"https:\/\/trendsandvision.nl\/de\/wp-json\/wp\/v2\/product_brand?post=25109"},{"taxonomy":"product_cat","embeddable":true,"href":"https:\/\/trendsandvision.nl\/de\/wp-json\/wp\/v2\/product_cat?post=25109"},{"taxonomy":"product_tag","embeddable":true,"href":"https:\/\/trendsandvision.nl\/de\/wp-json\/wp\/v2\/product_tag?post=25109"}],"curies":[{"name":"wp","href":"https:\/\/api.w.org\/{rel}","templated":true}]}}