{"id":2482,"date":"2022-04-22T17:29:34","date_gmt":"2022-04-22T15:29:34","guid":{"rendered":"https:\/\/trendsandvision.nl\/de\/product\/esschert-design-blauwtinten-bloempot-zink-set-3-keuze\/"},"modified":"2026-04-07T10:24:53","modified_gmt":"2026-04-07T08:24:53","slug":"esschert-design-50-blautoene-blumentopf-3-er-set-zink-wahl","status":"publish","type":"product","link":"https:\/\/trendsandvision.nl\/de\/product\/esschert-design-50-blautoene-blumentopf-3-er-set-zink-wahl\/","title":{"rendered":"Esschert Design 50 Blaut\u00f6ne Blumentopf 3-er Set Zink \/ Wahl"},"content":{"rendered":"<p>Artikelname: 50 Blaut\u00f6ne Blumentopfset Zink<br \/>\nArtikelnummer: EL103<br \/>\nProduktgruppe(n) Garten&amp;Terrasse, T\u00f6pfe und Vasen, Blument\u00f6pfe und Pflanzgef\u00e4\u00dfe<br \/>\nProduktabmessungen in cm L 14 x T 14 x H 12,5<br \/>\nVolumen in Litern 0,575\/0,875\/1,200<br \/>\nMaterial: Zink<br \/>\n3-er Set Zink \/ Wahl<br \/>\nNettogewicht 0,352 kg<br \/>\nBarcode 8714982166105<\/p>\n","protected":false},"excerpt":{"rendered":"<p>Artikelnummer: EL103<br \/>\nL 14 x T 14 x H 12,5 cm<br \/>\nVolumen in Litern 0,575\/0,875\/1,200<br \/>\nMaterial: Zink<br \/>\n3-er Set Zink \/ Wahl<br \/>\nNettogewicht 0,352 kg<br \/>\nBarcode 8714982166105<\/p>\n","protected":false},"featured_media":2483,"template":"","meta":[],"product_brand":[9597,9598],"product_cat":[769],"product_tag":[7518,7521,7500],"class_list":{"0":"post-2482","1":"product","2":"type-product","3":"status-publish","4":"has-post-thumbnail","6":"product_brand-esschert-design","7":"product_brand-trends-and-vision","8":"product_cat-prints","9":"product_tag-blumentoepfe-und-pflanzgefaesse","10":"product_tag-set-farbwahl","11":"product_tag-toepfe-und-vasen","12":"pa_anbieter-esschert-design","13":"pa_ean-code-1484","14":"pa_material-zink","15":"pa_messungen-110x110x102-124x124x115-141x141x124-cm","17":"first","18":"instock","19":"sale","20":"taxable","21":"shipping-taxable","22":"purchasable","23":"product-type-simple","24":"czr-hentry"},"yoast_head":"<!-- This site is optimized with the Yoast SEO Premium plugin v26.4 (Yoast SEO v27.3) - https:\/\/yoast.com\/product\/yoast-seo-premium-wordpress\/ -->\n<title>Esschert Design Blauwtinten bloempot zink set\/3 keuze (EL103, 8714982166105) - Trends &amp; Vision<\/title>\n<meta name=\"description\" content=\"Esschert Design Blauwtinten bloempot zink set\/3 keuze: Afmetingen: 11 x 11 x 10,2 \/ 12,4 x 12,4 x 11,5 \/ 14,1 x 14,1 x 12,4 cm\" \/>\n<meta name=\"robots\" content=\"index, follow, max-snippet:-1, max-image-preview:large, max-video-preview:-1\" \/>\n<link rel=\"canonical\" href=\"https:\/\/trendsandvision.nl\/de\/product\/esschert-design-50-blautoene-blumentopf-3-er-set-zink-wahl\/\" \/>\n<meta property=\"og:locale\" content=\"de_DE\" \/>\n<meta property=\"og:type\" content=\"article\" \/>\n<meta property=\"og:title\" content=\"Esschert Design 50 Blaut\u00f6ne Blumentopf 3-er Set Zink \/ Wahl\" \/>\n<meta property=\"og:description\" content=\"Esschert Design Blauwtinten bloempot zink set\/3 keuze: Afmetingen: 11 x 11 x 10,2 \/ 12,4 x 12,4 x 11,5 \/ 14,1 x 14,1 x 12,4 cm\" \/>\n<meta property=\"og:url\" content=\"https:\/\/trendsandvision.nl\/de\/product\/esschert-design-50-blautoene-blumentopf-3-er-set-zink-wahl\/\" \/>\n<meta property=\"og:site_name\" content=\"Trends &amp; Vision (DE)\" \/>\n<meta property=\"article:modified_time\" content=\"2026-04-07T08:24:53+00:00\" \/>\n<meta property=\"og:image\" content=\"https:\/\/trendsandvision.nl\/de\/wp-content\/uploads\/sites\/3\/2022\/04\/EL103_01.jpg\" \/>\n\t<meta property=\"og:image:width\" content=\"800\" \/>\n\t<meta property=\"og:image:height\" content=\"800\" \/>\n\t<meta property=\"og:image:type\" content=\"image\/jpeg\" \/>\n<meta name=\"twitter:card\" content=\"summary_large_image\" \/>\n<meta name=\"twitter:label1\" content=\"Gesch\u00e4tzte Lesezeit\" \/>\n\t<meta name=\"twitter:data1\" content=\"1\u00a0Minute\" \/>\n<script type=\"application\/ld+json\" class=\"yoast-schema-graph\">{\"@context\":\"https:\\\/\\\/schema.org\",\"@graph\":[{\"@type\":\"WebPage\",\"@id\":\"https:\\\/\\\/trendsandvision.nl\\\/de\\\/product\\\/esschert-design-50-blautoene-blumentopf-3-er-set-zink-wahl\\\/\",\"url\":\"https:\\\/\\\/trendsandvision.nl\\\/de\\\/product\\\/esschert-design-50-blautoene-blumentopf-3-er-set-zink-wahl\\\/\",\"name\":\"Esschert Design Blauwtinten bloempot zink set\\\/3 keuze (EL103, 8714982166105) - Trends & Vision\",\"isPartOf\":{\"@id\":\"https:\\\/\\\/trendsandvision.nl\\\/de\\\/#website\"},\"primaryImageOfPage\":{\"@id\":\"https:\\\/\\\/trendsandvision.nl\\\/de\\\/product\\\/esschert-design-50-blautoene-blumentopf-3-er-set-zink-wahl\\\/#primaryimage\"},\"image\":{\"@id\":\"https:\\\/\\\/trendsandvision.nl\\\/de\\\/product\\\/esschert-design-50-blautoene-blumentopf-3-er-set-zink-wahl\\\/#primaryimage\"},\"thumbnailUrl\":\"https:\\\/\\\/trendsandvision.nl\\\/de\\\/wp-content\\\/uploads\\\/sites\\\/3\\\/2022\\\/04\\\/EL103_01.jpg\",\"datePublished\":\"2022-04-22T15:29:34+00:00\",\"dateModified\":\"2026-04-07T08:24:53+00:00\",\"description\":\"Esschert Design Blauwtinten bloempot zink set\\\/3 keuze: Afmetingen: 11 x 11 x 10,2 \\\/ 12,4 x 12,4 x 11,5 \\\/ 14,1 x 14,1 x 12,4 cm\",\"breadcrumb\":{\"@id\":\"https:\\\/\\\/trendsandvision.nl\\\/de\\\/product\\\/esschert-design-50-blautoene-blumentopf-3-er-set-zink-wahl\\\/#breadcrumb\"},\"inLanguage\":\"de\",\"potentialAction\":[{\"@type\":\"ReadAction\",\"target\":[\"https:\\\/\\\/trendsandvision.nl\\\/de\\\/product\\\/esschert-design-50-blautoene-blumentopf-3-er-set-zink-wahl\\\/\"]}]},{\"@type\":\"ImageObject\",\"inLanguage\":\"de\",\"@id\":\"https:\\\/\\\/trendsandvision.nl\\\/de\\\/product\\\/esschert-design-50-blautoene-blumentopf-3-er-set-zink-wahl\\\/#primaryimage\",\"url\":\"https:\\\/\\\/trendsandvision.nl\\\/de\\\/wp-content\\\/uploads\\\/sites\\\/3\\\/2022\\\/04\\\/EL103_01.jpg\",\"contentUrl\":\"https:\\\/\\\/trendsandvision.nl\\\/de\\\/wp-content\\\/uploads\\\/sites\\\/3\\\/2022\\\/04\\\/EL103_01.jpg\",\"width\":800,\"height\":800,\"caption\":\"Esschert Design Blauwtinten bloempot zink set\\\/3 keuze (EL103\"},{\"@type\":\"BreadcrumbList\",\"@id\":\"https:\\\/\\\/trendsandvision.nl\\\/de\\\/product\\\/esschert-design-50-blautoene-blumentopf-3-er-set-zink-wahl\\\/#breadcrumb\",\"itemListElement\":[{\"@type\":\"ListItem\",\"position\":1,\"name\":\"Home\",\"item\":\"https:\\\/\\\/trendsandvision.nl\\\/de\\\/\"},{\"@type\":\"ListItem\",\"position\":2,\"name\":\"Gesch\u00e4ft\",\"item\":\"https:\\\/\\\/trendsandvision.nl\\\/de\\\/geschaft\\\/\"},{\"@type\":\"ListItem\",\"position\":3,\"name\":\"Esschert Design 50 Blaut\u00f6ne Blumentopf 3-er Set Zink \\\/ Wahl\"}]},{\"@type\":\"WebSite\",\"@id\":\"https:\\\/\\\/trendsandvision.nl\\\/de\\\/#website\",\"url\":\"https:\\\/\\\/trendsandvision.nl\\\/de\\\/\",\"name\":\"Trends &amp; Vision (DE)\",\"description\":\"Der Webshop f\u00fcr Esschert Design Artikel\",\"publisher\":{\"@id\":\"https:\\\/\\\/trendsandvision.nl\\\/de\\\/#organization\"},\"potentialAction\":[{\"@type\":\"SearchAction\",\"target\":{\"@type\":\"EntryPoint\",\"urlTemplate\":\"https:\\\/\\\/trendsandvision.nl\\\/de\\\/?s={search_term_string}\"},\"query-input\":{\"@type\":\"PropertyValueSpecification\",\"valueRequired\":true,\"valueName\":\"search_term_string\"}}],\"inLanguage\":\"de\"},{\"@type\":\"Organization\",\"@id\":\"https:\\\/\\\/trendsandvision.nl\\\/de\\\/#organization\",\"name\":\"Trends &amp; Vision (DE)\",\"url\":\"https:\\\/\\\/trendsandvision.nl\\\/de\\\/\",\"logo\":{\"@type\":\"ImageObject\",\"inLanguage\":\"de\",\"@id\":\"https:\\\/\\\/trendsandvision.nl\\\/de\\\/#\\\/schema\\\/logo\\\/image\\\/\",\"url\":\"https:\\\/\\\/trendsandvision.nl\\\/de\\\/wp-content\\\/uploads\\\/sites\\\/3\\\/2022\\\/04\\\/trends-and-vision-logo.jpg\",\"contentUrl\":\"https:\\\/\\\/trendsandvision.nl\\\/de\\\/wp-content\\\/uploads\\\/sites\\\/3\\\/2022\\\/04\\\/trends-and-vision-logo.jpg\",\"width\":213,\"height\":100,\"caption\":\"Trends &amp; Vision (DE)\"},\"image\":{\"@id\":\"https:\\\/\\\/trendsandvision.nl\\\/de\\\/#\\\/schema\\\/logo\\\/image\\\/\"}}]}<\/script>\n<!-- \/ Yoast SEO Premium plugin. -->","yoast_head_json":{"title":"Esschert Design Blauwtinten bloempot zink set\/3 keuze (EL103, 8714982166105) - Trends & Vision","description":"Esschert Design Blauwtinten bloempot zink set\/3 keuze: Afmetingen: 11 x 11 x 10,2 \/ 12,4 x 12,4 x 11,5 \/ 14,1 x 14,1 x 12,4 cm","robots":{"index":"index","follow":"follow","max-snippet":"max-snippet:-1","max-image-preview":"max-image-preview:large","max-video-preview":"max-video-preview:-1"},"canonical":"https:\/\/trendsandvision.nl\/de\/product\/esschert-design-50-blautoene-blumentopf-3-er-set-zink-wahl\/","og_locale":"de_DE","og_type":"article","og_title":"Esschert Design 50 Blaut\u00f6ne Blumentopf 3-er Set Zink \/ Wahl","og_description":"Esschert Design Blauwtinten bloempot zink set\/3 keuze: Afmetingen: 11 x 11 x 10,2 \/ 12,4 x 12,4 x 11,5 \/ 14,1 x 14,1 x 12,4 cm","og_url":"https:\/\/trendsandvision.nl\/de\/product\/esschert-design-50-blautoene-blumentopf-3-er-set-zink-wahl\/","og_site_name":"Trends &amp; Vision (DE)","article_modified_time":"2026-04-07T08:24:53+00:00","og_image":[{"width":800,"height":800,"url":"https:\/\/trendsandvision.nl\/de\/wp-content\/uploads\/sites\/3\/2022\/04\/EL103_01.jpg","type":"image\/jpeg"}],"twitter_card":"summary_large_image","twitter_misc":{"Gesch\u00e4tzte Lesezeit":"1\u00a0Minute"},"schema":{"@context":"https:\/\/schema.org","@graph":[{"@type":"WebPage","@id":"https:\/\/trendsandvision.nl\/de\/product\/esschert-design-50-blautoene-blumentopf-3-er-set-zink-wahl\/","url":"https:\/\/trendsandvision.nl\/de\/product\/esschert-design-50-blautoene-blumentopf-3-er-set-zink-wahl\/","name":"Esschert Design Blauwtinten bloempot zink set\/3 keuze (EL103, 8714982166105) - Trends & Vision","isPartOf":{"@id":"https:\/\/trendsandvision.nl\/de\/#website"},"primaryImageOfPage":{"@id":"https:\/\/trendsandvision.nl\/de\/product\/esschert-design-50-blautoene-blumentopf-3-er-set-zink-wahl\/#primaryimage"},"image":{"@id":"https:\/\/trendsandvision.nl\/de\/product\/esschert-design-50-blautoene-blumentopf-3-er-set-zink-wahl\/#primaryimage"},"thumbnailUrl":"https:\/\/trendsandvision.nl\/de\/wp-content\/uploads\/sites\/3\/2022\/04\/EL103_01.jpg","datePublished":"2022-04-22T15:29:34+00:00","dateModified":"2026-04-07T08:24:53+00:00","description":"Esschert Design Blauwtinten bloempot zink set\/3 keuze: Afmetingen: 11 x 11 x 10,2 \/ 12,4 x 12,4 x 11,5 \/ 14,1 x 14,1 x 12,4 cm","breadcrumb":{"@id":"https:\/\/trendsandvision.nl\/de\/product\/esschert-design-50-blautoene-blumentopf-3-er-set-zink-wahl\/#breadcrumb"},"inLanguage":"de","potentialAction":[{"@type":"ReadAction","target":["https:\/\/trendsandvision.nl\/de\/product\/esschert-design-50-blautoene-blumentopf-3-er-set-zink-wahl\/"]}]},{"@type":"ImageObject","inLanguage":"de","@id":"https:\/\/trendsandvision.nl\/de\/product\/esschert-design-50-blautoene-blumentopf-3-er-set-zink-wahl\/#primaryimage","url":"https:\/\/trendsandvision.nl\/de\/wp-content\/uploads\/sites\/3\/2022\/04\/EL103_01.jpg","contentUrl":"https:\/\/trendsandvision.nl\/de\/wp-content\/uploads\/sites\/3\/2022\/04\/EL103_01.jpg","width":800,"height":800,"caption":"Esschert Design Blauwtinten bloempot zink set\/3 keuze (EL103"},{"@type":"BreadcrumbList","@id":"https:\/\/trendsandvision.nl\/de\/product\/esschert-design-50-blautoene-blumentopf-3-er-set-zink-wahl\/#breadcrumb","itemListElement":[{"@type":"ListItem","position":1,"name":"Home","item":"https:\/\/trendsandvision.nl\/de\/"},{"@type":"ListItem","position":2,"name":"Gesch\u00e4ft","item":"https:\/\/trendsandvision.nl\/de\/geschaft\/"},{"@type":"ListItem","position":3,"name":"Esschert Design 50 Blaut\u00f6ne Blumentopf 3-er Set Zink \/ Wahl"}]},{"@type":"WebSite","@id":"https:\/\/trendsandvision.nl\/de\/#website","url":"https:\/\/trendsandvision.nl\/de\/","name":"Trends &amp; Vision (DE)","description":"Der Webshop f\u00fcr Esschert Design Artikel","publisher":{"@id":"https:\/\/trendsandvision.nl\/de\/#organization"},"potentialAction":[{"@type":"SearchAction","target":{"@type":"EntryPoint","urlTemplate":"https:\/\/trendsandvision.nl\/de\/?s={search_term_string}"},"query-input":{"@type":"PropertyValueSpecification","valueRequired":true,"valueName":"search_term_string"}}],"inLanguage":"de"},{"@type":"Organization","@id":"https:\/\/trendsandvision.nl\/de\/#organization","name":"Trends &amp; Vision (DE)","url":"https:\/\/trendsandvision.nl\/de\/","logo":{"@type":"ImageObject","inLanguage":"de","@id":"https:\/\/trendsandvision.nl\/de\/#\/schema\/logo\/image\/","url":"https:\/\/trendsandvision.nl\/de\/wp-content\/uploads\/sites\/3\/2022\/04\/trends-and-vision-logo.jpg","contentUrl":"https:\/\/trendsandvision.nl\/de\/wp-content\/uploads\/sites\/3\/2022\/04\/trends-and-vision-logo.jpg","width":213,"height":100,"caption":"Trends &amp; Vision (DE)"},"image":{"@id":"https:\/\/trendsandvision.nl\/de\/#\/schema\/logo\/image\/"}}]}},"_links":{"self":[{"href":"https:\/\/trendsandvision.nl\/de\/wp-json\/wp\/v2\/product\/2482","targetHints":{"allow":["GET"]}}],"collection":[{"href":"https:\/\/trendsandvision.nl\/de\/wp-json\/wp\/v2\/product"}],"about":[{"href":"https:\/\/trendsandvision.nl\/de\/wp-json\/wp\/v2\/types\/product"}],"wp:featuredmedia":[{"embeddable":true,"href":"https:\/\/trendsandvision.nl\/de\/wp-json\/wp\/v2\/media\/2483"}],"wp:attachment":[{"href":"https:\/\/trendsandvision.nl\/de\/wp-json\/wp\/v2\/media?parent=2482"}],"wp:term":[{"taxonomy":"product_brand","embeddable":true,"href":"https:\/\/trendsandvision.nl\/de\/wp-json\/wp\/v2\/product_brand?post=2482"},{"taxonomy":"product_cat","embeddable":true,"href":"https:\/\/trendsandvision.nl\/de\/wp-json\/wp\/v2\/product_cat?post=2482"},{"taxonomy":"product_tag","embeddable":true,"href":"https:\/\/trendsandvision.nl\/de\/wp-json\/wp\/v2\/product_tag?post=2482"}],"curies":[{"name":"wp","href":"https:\/\/api.w.org\/{rel}","templated":true}]}}