{"id":24265,"date":"2025-12-29T23:44:53","date_gmt":"2025-12-29T22:44:53","guid":{"rendered":"https:\/\/trendsandvision.nl\/de\/product\/esschert-design-blumenampel-weidengeflecht-35-cm\/"},"modified":"2026-04-07T10:22:13","modified_gmt":"2026-04-07T08:22:13","slug":"esschert-design-blumenampel-weidengeflecht-35-cm","status":"publish","type":"product","link":"https:\/\/trendsandvision.nl\/de\/product\/esschert-design-blumenampel-weidengeflecht-35-cm\/","title":{"rendered":"Esschert Design Blumenampel Weidengeflecht 35 cm"},"content":{"rendered":"<p>Dieser Blumenampel\/<strong><a href=\"https:\/\/trendsandvision.nl\/de\/?s=H\u00e4ngekorb&amp;post_type=product&amp;dgwt_wcas=1\" target=\"_blank\">H\u00e4ngekorb<\/a><\/strong> 35 cm besteht aus Rattan und ist ein nat\u00fcrlicher Blickfang im Garten. Er wird mit einem Kunststoffeinsatz geliefert, der das Austreten von Wasser verhindert. Es sorgt daf\u00fcr, dass die Pflanzen gut mit Feuchtigkeit versorgt bleiben.<br \/>\nDie stabile Metallkette mit drei Armen sorgt f\u00fcr einen sicheren Halt und eine einfache Montage.<br \/>\nPerfekt f\u00fcr Blumen, Kr\u00e4uter und H\u00e4ngepflanzen.<\/p>\n<p>Artikelname Blumenampel Weidengeflecht 35 cm<br \/>\nArtikelnummer BPH221<br \/>\nProduktgr\u00f6\u00dfen in cm B 35 X T 35 X H 17<br \/>\nBarcode 8714982297434<br \/>\nMaterial 60, 1% Weidenzweige, 37, 9% Eisen, 2, 0% PE<br \/>\nNettogewicht 0,569 kg<br \/>\nProduzent: <a href=\"https:\/\/www.esschertdesign.com\/shop\/de\/hanging-basket-vlechtwerk-wilg-35cm-bph221\" target=\"_blank\">Esschert Design<\/a><\/p>\n","protected":false},"excerpt":{"rendered":"<p>Produktgr\u00f6\u00dfen in cm B 35 X T 35 X H 17<br \/>\nBarcode 8714982297434<br \/>\nMaterial 60, 1% Weidenzweige,<br \/>\n37, 9% Eisen, 2, 0% PE<br \/>\nNettogewicht 0,569 kg<br \/>\nInklusive Kuststoffeinsatz<br \/>\nIdeal f\u00fcr den Au\u00dfenbereich<br \/>\nAus Rattan gefertigt<\/p>\n","protected":false},"featured_media":24266,"template":"","meta":[],"product_brand":[9597,9598],"product_cat":[503],"product_tag":[8483,9596,10465,8333],"class_list":{"0":"post-24265","1":"product","2":"type-product","3":"status-publish","4":"has-post-thumbnail","6":"product_brand-esschert-design","7":"product_brand-trends-and-vision","8":"product_cat-esscherts-garden","9":"product_tag-gartendekoration","10":"product_tag-haengende","11":"product_tag-rattan","12":"product_tag-weidengeflecht","13":"pa_anbieter-esschert-design","14":"pa_ean-code-10851","16":"first","17":"instock","18":"sale","19":"taxable","20":"shipping-taxable","21":"purchasable","22":"product-type-simple","23":"czr-hentry"},"yoast_head":"<!-- This site is optimized with the Yoast SEO Premium plugin v26.4 (Yoast SEO v27.4) - https:\/\/yoast.com\/product\/yoast-seo-premium-wordpress\/ -->\n<title>Esschert Design Blumenampel Weidengeflecht 35 cm (BPH221)<\/title>\n<meta name=\"description\" content=\"Esschert Design Blumenampel Weidengeflecht 35 cm (BPH221) -B 35 X T 35 X H 17 cm - Barcode 8714982297434- Weidenzweige - Eisen, PE- Gewicht 0,569 kg\" \/>\n<meta name=\"robots\" content=\"index, follow, max-snippet:-1, max-image-preview:large, max-video-preview:-1\" \/>\n<link rel=\"canonical\" href=\"https:\/\/trendsandvision.nl\/de\/product\/esschert-design-blumenampel-weidengeflecht-35-cm\/\" \/>\n<meta property=\"og:locale\" content=\"de_DE\" \/>\n<meta property=\"og:type\" content=\"article\" \/>\n<meta property=\"og:title\" content=\"Esschert Design Blumenampel Weidengeflecht 35 cm\" \/>\n<meta property=\"og:description\" content=\"Esschert Design Blumenampel Weidengeflecht 35 cm (BPH221) -B 35 X T 35 X H 17 cm - Barcode 8714982297434- Weidenzweige - Eisen, PE- Gewicht 0,569 kg\" \/>\n<meta property=\"og:url\" content=\"https:\/\/trendsandvision.nl\/de\/product\/esschert-design-blumenampel-weidengeflecht-35-cm\/\" \/>\n<meta property=\"og:site_name\" content=\"Trends &amp; Vision (DE)\" \/>\n<meta property=\"article:modified_time\" content=\"2026-04-07T08:22:13+00:00\" \/>\n<meta property=\"og:image\" content=\"https:\/\/trendsandvision.nl\/de\/wp-content\/uploads\/sites\/3\/2025\/12\/BPH221_01-1.jpg\" \/>\n\t<meta property=\"og:image:width\" content=\"800\" \/>\n\t<meta property=\"og:image:height\" content=\"800\" \/>\n\t<meta property=\"og:image:type\" content=\"image\/jpeg\" \/>\n<meta name=\"twitter:card\" content=\"summary_large_image\" \/>\n<meta name=\"twitter:label1\" content=\"Gesch\u00e4tzte Lesezeit\" \/>\n\t<meta name=\"twitter:data1\" content=\"1\u00a0Minute\" \/>\n<script type=\"application\/ld+json\" class=\"yoast-schema-graph\">{\"@context\":\"https:\\\/\\\/schema.org\",\"@graph\":[{\"@type\":\"WebPage\",\"@id\":\"https:\\\/\\\/trendsandvision.nl\\\/de\\\/product\\\/esschert-design-blumenampel-weidengeflecht-35-cm\\\/\",\"url\":\"https:\\\/\\\/trendsandvision.nl\\\/de\\\/product\\\/esschert-design-blumenampel-weidengeflecht-35-cm\\\/\",\"name\":\"Esschert Design Blumenampel Weidengeflecht 35 cm (BPH221)\",\"isPartOf\":{\"@id\":\"https:\\\/\\\/trendsandvision.nl\\\/de\\\/#website\"},\"primaryImageOfPage\":{\"@id\":\"https:\\\/\\\/trendsandvision.nl\\\/de\\\/product\\\/esschert-design-blumenampel-weidengeflecht-35-cm\\\/#primaryimage\"},\"image\":{\"@id\":\"https:\\\/\\\/trendsandvision.nl\\\/de\\\/product\\\/esschert-design-blumenampel-weidengeflecht-35-cm\\\/#primaryimage\"},\"thumbnailUrl\":\"https:\\\/\\\/trendsandvision.nl\\\/de\\\/wp-content\\\/uploads\\\/sites\\\/3\\\/2025\\\/12\\\/BPH221_01-1.jpg\",\"datePublished\":\"2025-12-29T22:44:53+00:00\",\"dateModified\":\"2026-04-07T08:22:13+00:00\",\"description\":\"Esschert Design Blumenampel Weidengeflecht 35 cm (BPH221) -B 35 X T 35 X H 17 cm - Barcode 8714982297434- Weidenzweige - Eisen, PE- Gewicht 0,569 kg\",\"breadcrumb\":{\"@id\":\"https:\\\/\\\/trendsandvision.nl\\\/de\\\/product\\\/esschert-design-blumenampel-weidengeflecht-35-cm\\\/#breadcrumb\"},\"inLanguage\":\"de\",\"potentialAction\":[{\"@type\":\"ReadAction\",\"target\":[\"https:\\\/\\\/trendsandvision.nl\\\/de\\\/product\\\/esschert-design-blumenampel-weidengeflecht-35-cm\\\/\"]}]},{\"@type\":\"ImageObject\",\"inLanguage\":\"de\",\"@id\":\"https:\\\/\\\/trendsandvision.nl\\\/de\\\/product\\\/esschert-design-blumenampel-weidengeflecht-35-cm\\\/#primaryimage\",\"url\":\"https:\\\/\\\/trendsandvision.nl\\\/de\\\/wp-content\\\/uploads\\\/sites\\\/3\\\/2025\\\/12\\\/BPH221_01-1.jpg\",\"contentUrl\":\"https:\\\/\\\/trendsandvision.nl\\\/de\\\/wp-content\\\/uploads\\\/sites\\\/3\\\/2025\\\/12\\\/BPH221_01-1.jpg\",\"width\":800,\"height\":800,\"caption\":\"Trends and Vision Blumenampel Weidengeflecht 35 cm (BPH221) -B 35 X T 35 X H 17 cm - Barcode 8714982297434- Weidenzweige - Eisen, PE- Gewicht 0,569 kg\"},{\"@type\":\"BreadcrumbList\",\"@id\":\"https:\\\/\\\/trendsandvision.nl\\\/de\\\/product\\\/esschert-design-blumenampel-weidengeflecht-35-cm\\\/#breadcrumb\",\"itemListElement\":[{\"@type\":\"ListItem\",\"position\":1,\"name\":\"Home\",\"item\":\"https:\\\/\\\/trendsandvision.nl\\\/de\\\/\"},{\"@type\":\"ListItem\",\"position\":2,\"name\":\"Gesch\u00e4ft\",\"item\":\"https:\\\/\\\/trendsandvision.nl\\\/de\\\/geschaft\\\/\"},{\"@type\":\"ListItem\",\"position\":3,\"name\":\"Esschert Design Blumenampel Weidengeflecht 35 cm\"}]},{\"@type\":\"WebSite\",\"@id\":\"https:\\\/\\\/trendsandvision.nl\\\/de\\\/#website\",\"url\":\"https:\\\/\\\/trendsandvision.nl\\\/de\\\/\",\"name\":\"Trends &amp; Vision (DE)\",\"description\":\"Der Webshop f\u00fcr Esschert Design Artikel\",\"publisher\":{\"@id\":\"https:\\\/\\\/trendsandvision.nl\\\/de\\\/#organization\"},\"potentialAction\":[{\"@type\":\"SearchAction\",\"target\":{\"@type\":\"EntryPoint\",\"urlTemplate\":\"https:\\\/\\\/trendsandvision.nl\\\/de\\\/?s={search_term_string}\"},\"query-input\":{\"@type\":\"PropertyValueSpecification\",\"valueRequired\":true,\"valueName\":\"search_term_string\"}}],\"inLanguage\":\"de\"},{\"@type\":\"Organization\",\"@id\":\"https:\\\/\\\/trendsandvision.nl\\\/de\\\/#organization\",\"name\":\"Trends &amp; Vision (DE)\",\"url\":\"https:\\\/\\\/trendsandvision.nl\\\/de\\\/\",\"logo\":{\"@type\":\"ImageObject\",\"inLanguage\":\"de\",\"@id\":\"https:\\\/\\\/trendsandvision.nl\\\/de\\\/#\\\/schema\\\/logo\\\/image\\\/\",\"url\":\"https:\\\/\\\/trendsandvision.nl\\\/de\\\/wp-content\\\/uploads\\\/sites\\\/3\\\/2022\\\/04\\\/trends-and-vision-logo.jpg\",\"contentUrl\":\"https:\\\/\\\/trendsandvision.nl\\\/de\\\/wp-content\\\/uploads\\\/sites\\\/3\\\/2022\\\/04\\\/trends-and-vision-logo.jpg\",\"width\":213,\"height\":100,\"caption\":\"Trends &amp; Vision (DE)\"},\"image\":{\"@id\":\"https:\\\/\\\/trendsandvision.nl\\\/de\\\/#\\\/schema\\\/logo\\\/image\\\/\"}}]}<\/script>\n<!-- \/ Yoast SEO Premium plugin. -->","yoast_head_json":{"title":"Esschert Design Blumenampel Weidengeflecht 35 cm (BPH221)","description":"Esschert Design Blumenampel Weidengeflecht 35 cm (BPH221) -B 35 X T 35 X H 17 cm - Barcode 8714982297434- Weidenzweige - Eisen, PE- Gewicht 0,569 kg","robots":{"index":"index","follow":"follow","max-snippet":"max-snippet:-1","max-image-preview":"max-image-preview:large","max-video-preview":"max-video-preview:-1"},"canonical":"https:\/\/trendsandvision.nl\/de\/product\/esschert-design-blumenampel-weidengeflecht-35-cm\/","og_locale":"de_DE","og_type":"article","og_title":"Esschert Design Blumenampel Weidengeflecht 35 cm","og_description":"Esschert Design Blumenampel Weidengeflecht 35 cm (BPH221) -B 35 X T 35 X H 17 cm - Barcode 8714982297434- Weidenzweige - Eisen, PE- Gewicht 0,569 kg","og_url":"https:\/\/trendsandvision.nl\/de\/product\/esschert-design-blumenampel-weidengeflecht-35-cm\/","og_site_name":"Trends &amp; Vision (DE)","article_modified_time":"2026-04-07T08:22:13+00:00","og_image":[{"width":800,"height":800,"url":"https:\/\/trendsandvision.nl\/de\/wp-content\/uploads\/sites\/3\/2025\/12\/BPH221_01-1.jpg","type":"image\/jpeg"}],"twitter_card":"summary_large_image","twitter_misc":{"Gesch\u00e4tzte Lesezeit":"1\u00a0Minute"},"schema":{"@context":"https:\/\/schema.org","@graph":[{"@type":"WebPage","@id":"https:\/\/trendsandvision.nl\/de\/product\/esschert-design-blumenampel-weidengeflecht-35-cm\/","url":"https:\/\/trendsandvision.nl\/de\/product\/esschert-design-blumenampel-weidengeflecht-35-cm\/","name":"Esschert Design Blumenampel Weidengeflecht 35 cm (BPH221)","isPartOf":{"@id":"https:\/\/trendsandvision.nl\/de\/#website"},"primaryImageOfPage":{"@id":"https:\/\/trendsandvision.nl\/de\/product\/esschert-design-blumenampel-weidengeflecht-35-cm\/#primaryimage"},"image":{"@id":"https:\/\/trendsandvision.nl\/de\/product\/esschert-design-blumenampel-weidengeflecht-35-cm\/#primaryimage"},"thumbnailUrl":"https:\/\/trendsandvision.nl\/de\/wp-content\/uploads\/sites\/3\/2025\/12\/BPH221_01-1.jpg","datePublished":"2025-12-29T22:44:53+00:00","dateModified":"2026-04-07T08:22:13+00:00","description":"Esschert Design Blumenampel Weidengeflecht 35 cm (BPH221) -B 35 X T 35 X H 17 cm - Barcode 8714982297434- Weidenzweige - Eisen, PE- Gewicht 0,569 kg","breadcrumb":{"@id":"https:\/\/trendsandvision.nl\/de\/product\/esschert-design-blumenampel-weidengeflecht-35-cm\/#breadcrumb"},"inLanguage":"de","potentialAction":[{"@type":"ReadAction","target":["https:\/\/trendsandvision.nl\/de\/product\/esschert-design-blumenampel-weidengeflecht-35-cm\/"]}]},{"@type":"ImageObject","inLanguage":"de","@id":"https:\/\/trendsandvision.nl\/de\/product\/esschert-design-blumenampel-weidengeflecht-35-cm\/#primaryimage","url":"https:\/\/trendsandvision.nl\/de\/wp-content\/uploads\/sites\/3\/2025\/12\/BPH221_01-1.jpg","contentUrl":"https:\/\/trendsandvision.nl\/de\/wp-content\/uploads\/sites\/3\/2025\/12\/BPH221_01-1.jpg","width":800,"height":800,"caption":"Trends and Vision Blumenampel Weidengeflecht 35 cm (BPH221) -B 35 X T 35 X H 17 cm - Barcode 8714982297434- Weidenzweige - Eisen, PE- Gewicht 0,569 kg"},{"@type":"BreadcrumbList","@id":"https:\/\/trendsandvision.nl\/de\/product\/esschert-design-blumenampel-weidengeflecht-35-cm\/#breadcrumb","itemListElement":[{"@type":"ListItem","position":1,"name":"Home","item":"https:\/\/trendsandvision.nl\/de\/"},{"@type":"ListItem","position":2,"name":"Gesch\u00e4ft","item":"https:\/\/trendsandvision.nl\/de\/geschaft\/"},{"@type":"ListItem","position":3,"name":"Esschert Design Blumenampel Weidengeflecht 35 cm"}]},{"@type":"WebSite","@id":"https:\/\/trendsandvision.nl\/de\/#website","url":"https:\/\/trendsandvision.nl\/de\/","name":"Trends &amp; Vision (DE)","description":"Der Webshop f\u00fcr Esschert Design Artikel","publisher":{"@id":"https:\/\/trendsandvision.nl\/de\/#organization"},"potentialAction":[{"@type":"SearchAction","target":{"@type":"EntryPoint","urlTemplate":"https:\/\/trendsandvision.nl\/de\/?s={search_term_string}"},"query-input":{"@type":"PropertyValueSpecification","valueRequired":true,"valueName":"search_term_string"}}],"inLanguage":"de"},{"@type":"Organization","@id":"https:\/\/trendsandvision.nl\/de\/#organization","name":"Trends &amp; Vision (DE)","url":"https:\/\/trendsandvision.nl\/de\/","logo":{"@type":"ImageObject","inLanguage":"de","@id":"https:\/\/trendsandvision.nl\/de\/#\/schema\/logo\/image\/","url":"https:\/\/trendsandvision.nl\/de\/wp-content\/uploads\/sites\/3\/2022\/04\/trends-and-vision-logo.jpg","contentUrl":"https:\/\/trendsandvision.nl\/de\/wp-content\/uploads\/sites\/3\/2022\/04\/trends-and-vision-logo.jpg","width":213,"height":100,"caption":"Trends &amp; Vision (DE)"},"image":{"@id":"https:\/\/trendsandvision.nl\/de\/#\/schema\/logo\/image\/"}}]}},"_links":{"self":[{"href":"https:\/\/trendsandvision.nl\/de\/wp-json\/wp\/v2\/product\/24265","targetHints":{"allow":["GET"]}}],"collection":[{"href":"https:\/\/trendsandvision.nl\/de\/wp-json\/wp\/v2\/product"}],"about":[{"href":"https:\/\/trendsandvision.nl\/de\/wp-json\/wp\/v2\/types\/product"}],"wp:featuredmedia":[{"embeddable":true,"href":"https:\/\/trendsandvision.nl\/de\/wp-json\/wp\/v2\/media\/24266"}],"wp:attachment":[{"href":"https:\/\/trendsandvision.nl\/de\/wp-json\/wp\/v2\/media?parent=24265"}],"wp:term":[{"taxonomy":"product_brand","embeddable":true,"href":"https:\/\/trendsandvision.nl\/de\/wp-json\/wp\/v2\/product_brand?post=24265"},{"taxonomy":"product_cat","embeddable":true,"href":"https:\/\/trendsandvision.nl\/de\/wp-json\/wp\/v2\/product_cat?post=24265"},{"taxonomy":"product_tag","embeddable":true,"href":"https:\/\/trendsandvision.nl\/de\/wp-json\/wp\/v2\/product_tag?post=24265"}],"curies":[{"name":"wp","href":"https:\/\/api.w.org\/{rel}","templated":true}]}}