{"id":24249,"date":"2025-12-29T23:44:18","date_gmt":"2025-12-29T22:44:18","guid":{"rendered":"https:\/\/trendsandvision.nl\/de\/product\/esschert-design-outdoor-kissen-katzen\/"},"modified":"2026-04-07T10:20:56","modified_gmt":"2026-04-07T08:20:56","slug":"esschert-design-outdoor-kissen-katzen","status":"publish","type":"product","link":"https:\/\/trendsandvision.nl\/de\/product\/esschert-design-outdoor-kissen-katzen\/","title":{"rendered":"Esschert Design Outdoor Kissen Katzen"},"content":{"rendered":"<p>Outdoor-Kissen mit charmantem Motiv. Vorder- und R\u00fcckseite des Kissens sind mit <strong><a href=\"https:\/\/trendsandvision.nl\/de\/?s=outdoor+kissen&amp;post_type=product&amp;dgwt_wcas=1\" target=\"_blank\">unterschiedlichen Motiven<\/a><\/strong> bedruckt. Platzieren Sie zwei Kissen nebeneinander, um das vollst\u00e4ndige Bild zu erhalten. Der Kissenbezug besteht aus wetterfestem Material und ist daher ideal f\u00fcr den Au\u00dfenbereich geeignet. Dank des Rei\u00dfverschlusses l\u00e4sst sich der Bezug leicht abnehmen und waschen.<\/p>\n<p>Artikelname Outdoor Kissen Katzen<br \/>\nArtikelnummer BK045<br \/>\nProduktgr\u00f6\u00dfen in cm B 49 X T 15 X H 49<br \/>\nBarcode 8714982297366<br \/>\nMaterial 96.5% Polyester, 3.3% PP, 0.2% Zinklegierung<br \/>\nNettogewicht 0,628 kg<br \/>\nProduzent: <a href=\"https:\/\/www.esschertdesign.com\/shop\/de\/buitenkussen-katten-bk045\" target=\"_blank\">Esschert Design<\/a><\/p>\n","protected":false},"excerpt":{"rendered":"<p>Kissenbezug mit rei\u00dfverschluss<br \/>\nF\u00fcr den Au\u00dfenbereicht geeignet<br \/>\nVorder und R\u00fcckseite: unterschiedlichem Aufdruck<br \/>\nB 49 X T 15 X H 49 cm<br \/>\nBarcode 8714982297366<br \/>\nMaterial 96.5% Polyester, 3.3% PP, 0.2% Zinklegierung<br \/>\nNettogewicht 0,628 kg<\/p>\n","protected":false},"featured_media":24250,"template":"","meta":[],"product_brand":[9597,9870],"product_cat":[769],"product_tag":[11123,7507,11120,7504],"class_list":{"0":"post-24249","1":"product","2":"type-product","3":"status-publish","4":"has-post-thumbnail","6":"product_brand-esschert-design","7":"product_brand-trends-vision","8":"product_cat-prints","9":"product_tag-aussenbereicht-geeignet","10":"product_tag-gartenkissen","11":"product_tag-mit-reissverschluss","12":"product_tag-outdoor","13":"pa_anbieter-esschert-design","14":"pa_ean-code-10846","16":"first","17":"outofstock","18":"sale","19":"taxable","20":"shipping-taxable","21":"purchasable","22":"product-type-simple","23":"czr-hentry"},"yoast_head":"<!-- This site is optimized with the Yoast SEO Premium plugin v26.4 (Yoast SEO v27.4) - https:\/\/yoast.com\/product\/yoast-seo-premium-wordpress\/ -->\n<title>Esschert Design Outdoor Kissen Katzen (BK045)<\/title>\n<meta name=\"description\" content=\"Esschert Design Outdoor Kissen Katzen (BK045) B 49 X T 15 X H 49 cm EAN 8714982297366 Material Polyester, PP, Zinklegierung Gewicht 0,628 kg\" \/>\n<meta name=\"robots\" content=\"index, follow, max-snippet:-1, max-image-preview:large, max-video-preview:-1\" \/>\n<link rel=\"canonical\" href=\"https:\/\/trendsandvision.nl\/de\/product\/esschert-design-outdoor-kissen-katzen\/\" \/>\n<meta property=\"og:locale\" content=\"de_DE\" \/>\n<meta property=\"og:type\" content=\"article\" \/>\n<meta property=\"og:title\" content=\"Esschert Design Outdoor Kissen Katzen\" \/>\n<meta property=\"og:description\" content=\"Esschert Design Outdoor Kissen Katzen (BK045) B 49 X T 15 X H 49 cm EAN 8714982297366 Material Polyester, PP, Zinklegierung Gewicht 0,628 kg\" \/>\n<meta property=\"og:url\" content=\"https:\/\/trendsandvision.nl\/de\/product\/esschert-design-outdoor-kissen-katzen\/\" \/>\n<meta property=\"og:site_name\" content=\"Trends &amp; Vision (DE)\" \/>\n<meta property=\"article:modified_time\" content=\"2026-04-07T08:20:56+00:00\" \/>\n<meta property=\"og:image\" content=\"https:\/\/trendsandvision.nl\/de\/wp-content\/uploads\/sites\/3\/2025\/12\/BK045_01-1.jpg\" \/>\n\t<meta property=\"og:image:width\" content=\"800\" \/>\n\t<meta property=\"og:image:height\" content=\"800\" \/>\n\t<meta property=\"og:image:type\" content=\"image\/jpeg\" \/>\n<meta name=\"twitter:card\" content=\"summary_large_image\" \/>\n<meta name=\"twitter:label1\" content=\"Gesch\u00e4tzte Lesezeit\" \/>\n\t<meta name=\"twitter:data1\" content=\"1\u00a0Minute\" \/>\n<script type=\"application\/ld+json\" class=\"yoast-schema-graph\">{\"@context\":\"https:\\\/\\\/schema.org\",\"@graph\":[{\"@type\":\"WebPage\",\"@id\":\"https:\\\/\\\/trendsandvision.nl\\\/de\\\/product\\\/esschert-design-outdoor-kissen-katzen\\\/\",\"url\":\"https:\\\/\\\/trendsandvision.nl\\\/de\\\/product\\\/esschert-design-outdoor-kissen-katzen\\\/\",\"name\":\"Esschert Design Outdoor Kissen Katzen (BK045)\",\"isPartOf\":{\"@id\":\"https:\\\/\\\/trendsandvision.nl\\\/de\\\/#website\"},\"primaryImageOfPage\":{\"@id\":\"https:\\\/\\\/trendsandvision.nl\\\/de\\\/product\\\/esschert-design-outdoor-kissen-katzen\\\/#primaryimage\"},\"image\":{\"@id\":\"https:\\\/\\\/trendsandvision.nl\\\/de\\\/product\\\/esschert-design-outdoor-kissen-katzen\\\/#primaryimage\"},\"thumbnailUrl\":\"https:\\\/\\\/trendsandvision.nl\\\/de\\\/wp-content\\\/uploads\\\/sites\\\/3\\\/2025\\\/12\\\/BK045_01-1.jpg\",\"datePublished\":\"2025-12-29T22:44:18+00:00\",\"dateModified\":\"2026-04-07T08:20:56+00:00\",\"description\":\"Esschert Design Outdoor Kissen Katzen (BK045) B 49 X T 15 X H 49 cm EAN 8714982297366 Material Polyester, PP, Zinklegierung Gewicht 0,628 kg\",\"breadcrumb\":{\"@id\":\"https:\\\/\\\/trendsandvision.nl\\\/de\\\/product\\\/esschert-design-outdoor-kissen-katzen\\\/#breadcrumb\"},\"inLanguage\":\"de\",\"potentialAction\":[{\"@type\":\"ReadAction\",\"target\":[\"https:\\\/\\\/trendsandvision.nl\\\/de\\\/product\\\/esschert-design-outdoor-kissen-katzen\\\/\"]}]},{\"@type\":\"ImageObject\",\"inLanguage\":\"de\",\"@id\":\"https:\\\/\\\/trendsandvision.nl\\\/de\\\/product\\\/esschert-design-outdoor-kissen-katzen\\\/#primaryimage\",\"url\":\"https:\\\/\\\/trendsandvision.nl\\\/de\\\/wp-content\\\/uploads\\\/sites\\\/3\\\/2025\\\/12\\\/BK045_01-1.jpg\",\"contentUrl\":\"https:\\\/\\\/trendsandvision.nl\\\/de\\\/wp-content\\\/uploads\\\/sites\\\/3\\\/2025\\\/12\\\/BK045_01-1.jpg\",\"width\":800,\"height\":800,\"caption\":\"Trends and Vision Outdoor Kissen Katzen (BK045) B 49 X T 15 X H 49 cm EAN 8714982297366 Material Polyester, PP, Zinklegierung Gewicht 0,628 kg\"},{\"@type\":\"BreadcrumbList\",\"@id\":\"https:\\\/\\\/trendsandvision.nl\\\/de\\\/product\\\/esschert-design-outdoor-kissen-katzen\\\/#breadcrumb\",\"itemListElement\":[{\"@type\":\"ListItem\",\"position\":1,\"name\":\"Home\",\"item\":\"https:\\\/\\\/trendsandvision.nl\\\/de\\\/\"},{\"@type\":\"ListItem\",\"position\":2,\"name\":\"Gesch\u00e4ft\",\"item\":\"https:\\\/\\\/trendsandvision.nl\\\/de\\\/geschaft\\\/\"},{\"@type\":\"ListItem\",\"position\":3,\"name\":\"Esschert Design Outdoor Kissen Katzen\"}]},{\"@type\":\"WebSite\",\"@id\":\"https:\\\/\\\/trendsandvision.nl\\\/de\\\/#website\",\"url\":\"https:\\\/\\\/trendsandvision.nl\\\/de\\\/\",\"name\":\"Trends &amp; Vision (DE)\",\"description\":\"Der Webshop f\u00fcr Esschert Design Artikel\",\"publisher\":{\"@id\":\"https:\\\/\\\/trendsandvision.nl\\\/de\\\/#organization\"},\"potentialAction\":[{\"@type\":\"SearchAction\",\"target\":{\"@type\":\"EntryPoint\",\"urlTemplate\":\"https:\\\/\\\/trendsandvision.nl\\\/de\\\/?s={search_term_string}\"},\"query-input\":{\"@type\":\"PropertyValueSpecification\",\"valueRequired\":true,\"valueName\":\"search_term_string\"}}],\"inLanguage\":\"de\"},{\"@type\":\"Organization\",\"@id\":\"https:\\\/\\\/trendsandvision.nl\\\/de\\\/#organization\",\"name\":\"Trends &amp; Vision (DE)\",\"url\":\"https:\\\/\\\/trendsandvision.nl\\\/de\\\/\",\"logo\":{\"@type\":\"ImageObject\",\"inLanguage\":\"de\",\"@id\":\"https:\\\/\\\/trendsandvision.nl\\\/de\\\/#\\\/schema\\\/logo\\\/image\\\/\",\"url\":\"https:\\\/\\\/trendsandvision.nl\\\/de\\\/wp-content\\\/uploads\\\/sites\\\/3\\\/2022\\\/04\\\/trends-and-vision-logo.jpg\",\"contentUrl\":\"https:\\\/\\\/trendsandvision.nl\\\/de\\\/wp-content\\\/uploads\\\/sites\\\/3\\\/2022\\\/04\\\/trends-and-vision-logo.jpg\",\"width\":213,\"height\":100,\"caption\":\"Trends &amp; Vision (DE)\"},\"image\":{\"@id\":\"https:\\\/\\\/trendsandvision.nl\\\/de\\\/#\\\/schema\\\/logo\\\/image\\\/\"}}]}<\/script>\n<!-- \/ Yoast SEO Premium plugin. -->","yoast_head_json":{"title":"Esschert Design Outdoor Kissen Katzen (BK045)","description":"Esschert Design Outdoor Kissen Katzen (BK045) B 49 X T 15 X H 49 cm EAN 8714982297366 Material Polyester, PP, Zinklegierung Gewicht 0,628 kg","robots":{"index":"index","follow":"follow","max-snippet":"max-snippet:-1","max-image-preview":"max-image-preview:large","max-video-preview":"max-video-preview:-1"},"canonical":"https:\/\/trendsandvision.nl\/de\/product\/esschert-design-outdoor-kissen-katzen\/","og_locale":"de_DE","og_type":"article","og_title":"Esschert Design Outdoor Kissen Katzen","og_description":"Esschert Design Outdoor Kissen Katzen (BK045) B 49 X T 15 X H 49 cm EAN 8714982297366 Material Polyester, PP, Zinklegierung Gewicht 0,628 kg","og_url":"https:\/\/trendsandvision.nl\/de\/product\/esschert-design-outdoor-kissen-katzen\/","og_site_name":"Trends &amp; Vision (DE)","article_modified_time":"2026-04-07T08:20:56+00:00","og_image":[{"width":800,"height":800,"url":"https:\/\/trendsandvision.nl\/de\/wp-content\/uploads\/sites\/3\/2025\/12\/BK045_01-1.jpg","type":"image\/jpeg"}],"twitter_card":"summary_large_image","twitter_misc":{"Gesch\u00e4tzte Lesezeit":"1\u00a0Minute"},"schema":{"@context":"https:\/\/schema.org","@graph":[{"@type":"WebPage","@id":"https:\/\/trendsandvision.nl\/de\/product\/esschert-design-outdoor-kissen-katzen\/","url":"https:\/\/trendsandvision.nl\/de\/product\/esschert-design-outdoor-kissen-katzen\/","name":"Esschert Design Outdoor Kissen Katzen (BK045)","isPartOf":{"@id":"https:\/\/trendsandvision.nl\/de\/#website"},"primaryImageOfPage":{"@id":"https:\/\/trendsandvision.nl\/de\/product\/esschert-design-outdoor-kissen-katzen\/#primaryimage"},"image":{"@id":"https:\/\/trendsandvision.nl\/de\/product\/esschert-design-outdoor-kissen-katzen\/#primaryimage"},"thumbnailUrl":"https:\/\/trendsandvision.nl\/de\/wp-content\/uploads\/sites\/3\/2025\/12\/BK045_01-1.jpg","datePublished":"2025-12-29T22:44:18+00:00","dateModified":"2026-04-07T08:20:56+00:00","description":"Esschert Design Outdoor Kissen Katzen (BK045) B 49 X T 15 X H 49 cm EAN 8714982297366 Material Polyester, PP, Zinklegierung Gewicht 0,628 kg","breadcrumb":{"@id":"https:\/\/trendsandvision.nl\/de\/product\/esschert-design-outdoor-kissen-katzen\/#breadcrumb"},"inLanguage":"de","potentialAction":[{"@type":"ReadAction","target":["https:\/\/trendsandvision.nl\/de\/product\/esschert-design-outdoor-kissen-katzen\/"]}]},{"@type":"ImageObject","inLanguage":"de","@id":"https:\/\/trendsandvision.nl\/de\/product\/esschert-design-outdoor-kissen-katzen\/#primaryimage","url":"https:\/\/trendsandvision.nl\/de\/wp-content\/uploads\/sites\/3\/2025\/12\/BK045_01-1.jpg","contentUrl":"https:\/\/trendsandvision.nl\/de\/wp-content\/uploads\/sites\/3\/2025\/12\/BK045_01-1.jpg","width":800,"height":800,"caption":"Trends and Vision Outdoor Kissen Katzen (BK045) B 49 X T 15 X H 49 cm EAN 8714982297366 Material Polyester, PP, Zinklegierung Gewicht 0,628 kg"},{"@type":"BreadcrumbList","@id":"https:\/\/trendsandvision.nl\/de\/product\/esschert-design-outdoor-kissen-katzen\/#breadcrumb","itemListElement":[{"@type":"ListItem","position":1,"name":"Home","item":"https:\/\/trendsandvision.nl\/de\/"},{"@type":"ListItem","position":2,"name":"Gesch\u00e4ft","item":"https:\/\/trendsandvision.nl\/de\/geschaft\/"},{"@type":"ListItem","position":3,"name":"Esschert Design Outdoor Kissen Katzen"}]},{"@type":"WebSite","@id":"https:\/\/trendsandvision.nl\/de\/#website","url":"https:\/\/trendsandvision.nl\/de\/","name":"Trends &amp; Vision (DE)","description":"Der Webshop f\u00fcr Esschert Design Artikel","publisher":{"@id":"https:\/\/trendsandvision.nl\/de\/#organization"},"potentialAction":[{"@type":"SearchAction","target":{"@type":"EntryPoint","urlTemplate":"https:\/\/trendsandvision.nl\/de\/?s={search_term_string}"},"query-input":{"@type":"PropertyValueSpecification","valueRequired":true,"valueName":"search_term_string"}}],"inLanguage":"de"},{"@type":"Organization","@id":"https:\/\/trendsandvision.nl\/de\/#organization","name":"Trends &amp; Vision (DE)","url":"https:\/\/trendsandvision.nl\/de\/","logo":{"@type":"ImageObject","inLanguage":"de","@id":"https:\/\/trendsandvision.nl\/de\/#\/schema\/logo\/image\/","url":"https:\/\/trendsandvision.nl\/de\/wp-content\/uploads\/sites\/3\/2022\/04\/trends-and-vision-logo.jpg","contentUrl":"https:\/\/trendsandvision.nl\/de\/wp-content\/uploads\/sites\/3\/2022\/04\/trends-and-vision-logo.jpg","width":213,"height":100,"caption":"Trends &amp; Vision (DE)"},"image":{"@id":"https:\/\/trendsandvision.nl\/de\/#\/schema\/logo\/image\/"}}]}},"_links":{"self":[{"href":"https:\/\/trendsandvision.nl\/de\/wp-json\/wp\/v2\/product\/24249","targetHints":{"allow":["GET"]}}],"collection":[{"href":"https:\/\/trendsandvision.nl\/de\/wp-json\/wp\/v2\/product"}],"about":[{"href":"https:\/\/trendsandvision.nl\/de\/wp-json\/wp\/v2\/types\/product"}],"wp:featuredmedia":[{"embeddable":true,"href":"https:\/\/trendsandvision.nl\/de\/wp-json\/wp\/v2\/media\/24250"}],"wp:attachment":[{"href":"https:\/\/trendsandvision.nl\/de\/wp-json\/wp\/v2\/media?parent=24249"}],"wp:term":[{"taxonomy":"product_brand","embeddable":true,"href":"https:\/\/trendsandvision.nl\/de\/wp-json\/wp\/v2\/product_brand?post=24249"},{"taxonomy":"product_cat","embeddable":true,"href":"https:\/\/trendsandvision.nl\/de\/wp-json\/wp\/v2\/product_cat?post=24249"},{"taxonomy":"product_tag","embeddable":true,"href":"https:\/\/trendsandvision.nl\/de\/wp-json\/wp\/v2\/product_tag?post=24249"}],"curies":[{"name":"wp","href":"https:\/\/api.w.org\/{rel}","templated":true}]}}