{"id":24229,"date":"2025-12-29T23:44:18","date_gmt":"2025-12-29T22:44:18","guid":{"rendered":"https:\/\/trendsandvision.nl\/de\/product\/esschert-design-kuenstliches-moos-s\/"},"modified":"2026-04-07T10:19:50","modified_gmt":"2026-04-07T08:19:50","slug":"esschert-design-kuenstliches-moos-s","status":"publish","type":"product","link":"https:\/\/trendsandvision.nl\/de\/product\/esschert-design-kuenstliches-moos-s\/","title":{"rendered":"Esschert Design K\u00fcnstliches Moos S"},"content":{"rendered":"<p>Dieses <strong><a href=\"https:\/\/trendsandvision.nl\/de\/?s=K\u00fcnstliches+Moos&amp;post_type=product&amp;dgwt_wcas=1\">Kunstmoos<\/a><\/strong> ist ideal zur Dekoration. Im Gegensatz zu echtem Moos ben\u00f6tigt es keine Pflege und bleibt das ganze Jahr \u00fcber frisch. Kombinieren Sie mehrere St\u00fccke, um eine gr\u00f6\u00dfere Fl\u00e4che aus Kunstmoos zu schaffen.<\/p>\n<p>Artikelname K\u00fcnstliches Moos S<br \/>\nArtikelnummer AH051<br \/>\nProduktgr\u00f6\u00dfen in cm B 14,7 X T 13,4 X H 1,9<br \/>\nBarcode 8714982297571<br \/>\nMaterial 59% Polyester, 41% Fichtenholz<br \/>\nNettogewicht 0,014 kg<br \/>\nProduzent: <a href=\"https:\/\/www.esschertdesign.com\/shop\/de\/kunstmos-s-ah051\" target=\"_blank\">Esschert Design<\/a><\/p>\n","protected":false},"excerpt":{"rendered":"<p>Das ganze Jahr \u00fcber frisch<br \/>\nWeich und nat\u00fcrlich<br \/>\nPflegeleicht<br \/>\nB 14,7 X T 13,4 X H 1,9 cm<br \/>\nBarcode 8714982297571<br \/>\nMaterial 59% Polyester, 41% Fichtenholz<br \/>\nNettogewicht 0,014 kg<\/p>\n","protected":false},"featured_media":24230,"template":"","meta":[],"product_brand":[9597,9870],"product_cat":[503],"product_tag":[10335,11122,11121,8536],"class_list":{"0":"post-24229","1":"product","2":"type-product","3":"status-publish","4":"has-post-thumbnail","6":"product_brand-esschert-design","7":"product_brand-trends-vision","8":"product_cat-esscherts-garden","9":"product_tag-gartendecoration","10":"product_tag-ostern","11":"product_tag-weich-und-natuerlich-pflegeleicht","12":"product_tag-weinachten","13":"pa_anbieter-esschert-design","14":"pa_ean-code-10842","16":"first","17":"instock","18":"sale","19":"taxable","20":"shipping-taxable","21":"purchasable","22":"product-type-simple","23":"czr-hentry"},"yoast_head":"<!-- This site is optimized with the Yoast SEO Premium plugin v26.4 (Yoast SEO v27.4) - https:\/\/yoast.com\/product\/yoast-seo-premium-wordpress\/ -->\n<title>Esschert Design K\u00fcnstliches Moos S (AH051)<\/title>\n<meta name=\"description\" content=\"Esschert Design K\u00fcnstliches Moos S (AH051) B 14,7 X T 13,4 X H 1,9 cm Barcode 8714982297571 Material 59% Polyester, 41% Fichtenholz Gewicht 0,014 kg\" \/>\n<meta name=\"robots\" content=\"index, follow, max-snippet:-1, max-image-preview:large, max-video-preview:-1\" \/>\n<link rel=\"canonical\" href=\"https:\/\/trendsandvision.nl\/de\/product\/esschert-design-kuenstliches-moos-s\/\" \/>\n<meta property=\"og:locale\" content=\"de_DE\" \/>\n<meta property=\"og:type\" content=\"article\" \/>\n<meta property=\"og:title\" content=\"Esschert Design K\u00fcnstliches Moos S\" \/>\n<meta property=\"og:description\" content=\"Esschert Design K\u00fcnstliches Moos S (AH051) B 14,7 X T 13,4 X H 1,9 cm Barcode 8714982297571 Material 59% Polyester, 41% Fichtenholz Gewicht 0,014 kg\" \/>\n<meta property=\"og:url\" content=\"https:\/\/trendsandvision.nl\/de\/product\/esschert-design-kuenstliches-moos-s\/\" \/>\n<meta property=\"og:site_name\" content=\"Trends &amp; Vision (DE)\" \/>\n<meta property=\"article:modified_time\" content=\"2026-04-07T08:19:50+00:00\" \/>\n<meta property=\"og:image\" content=\"https:\/\/trendsandvision.nl\/de\/wp-content\/uploads\/sites\/3\/2025\/12\/AH051_01-1.jpg\" \/>\n\t<meta property=\"og:image:width\" content=\"800\" \/>\n\t<meta property=\"og:image:height\" content=\"800\" \/>\n\t<meta property=\"og:image:type\" content=\"image\/jpeg\" \/>\n<meta name=\"twitter:card\" content=\"summary_large_image\" \/>\n<meta name=\"twitter:label1\" content=\"Gesch\u00e4tzte Lesezeit\" \/>\n\t<meta name=\"twitter:data1\" content=\"1\u00a0Minute\" \/>\n<script type=\"application\/ld+json\" class=\"yoast-schema-graph\">{\"@context\":\"https:\\\/\\\/schema.org\",\"@graph\":[{\"@type\":\"WebPage\",\"@id\":\"https:\\\/\\\/trendsandvision.nl\\\/de\\\/product\\\/esschert-design-kuenstliches-moos-s\\\/\",\"url\":\"https:\\\/\\\/trendsandvision.nl\\\/de\\\/product\\\/esschert-design-kuenstliches-moos-s\\\/\",\"name\":\"Esschert Design K\u00fcnstliches Moos S (AH051)\",\"isPartOf\":{\"@id\":\"https:\\\/\\\/trendsandvision.nl\\\/de\\\/#website\"},\"primaryImageOfPage\":{\"@id\":\"https:\\\/\\\/trendsandvision.nl\\\/de\\\/product\\\/esschert-design-kuenstliches-moos-s\\\/#primaryimage\"},\"image\":{\"@id\":\"https:\\\/\\\/trendsandvision.nl\\\/de\\\/product\\\/esschert-design-kuenstliches-moos-s\\\/#primaryimage\"},\"thumbnailUrl\":\"https:\\\/\\\/trendsandvision.nl\\\/de\\\/wp-content\\\/uploads\\\/sites\\\/3\\\/2025\\\/12\\\/AH051_01-1.jpg\",\"datePublished\":\"2025-12-29T22:44:18+00:00\",\"dateModified\":\"2026-04-07T08:19:50+00:00\",\"description\":\"Esschert Design K\u00fcnstliches Moos S (AH051) B 14,7 X T 13,4 X H 1,9 cm Barcode 8714982297571 Material 59% Polyester, 41% Fichtenholz Gewicht 0,014 kg\",\"breadcrumb\":{\"@id\":\"https:\\\/\\\/trendsandvision.nl\\\/de\\\/product\\\/esschert-design-kuenstliches-moos-s\\\/#breadcrumb\"},\"inLanguage\":\"de\",\"potentialAction\":[{\"@type\":\"ReadAction\",\"target\":[\"https:\\\/\\\/trendsandvision.nl\\\/de\\\/product\\\/esschert-design-kuenstliches-moos-s\\\/\"]}]},{\"@type\":\"ImageObject\",\"inLanguage\":\"de\",\"@id\":\"https:\\\/\\\/trendsandvision.nl\\\/de\\\/product\\\/esschert-design-kuenstliches-moos-s\\\/#primaryimage\",\"url\":\"https:\\\/\\\/trendsandvision.nl\\\/de\\\/wp-content\\\/uploads\\\/sites\\\/3\\\/2025\\\/12\\\/AH051_01-1.jpg\",\"contentUrl\":\"https:\\\/\\\/trendsandvision.nl\\\/de\\\/wp-content\\\/uploads\\\/sites\\\/3\\\/2025\\\/12\\\/AH051_01-1.jpg\",\"width\":800,\"height\":800,\"caption\":\"Trends and Vision K\u00fcnstliches Moos S (AH051) B 14,7 X T 13,4 X H 1,9 cm Barcode 8714982297571 Material 59% Polyester, 41% Fichtenholz Gewicht 0,014 kg\"},{\"@type\":\"BreadcrumbList\",\"@id\":\"https:\\\/\\\/trendsandvision.nl\\\/de\\\/product\\\/esschert-design-kuenstliches-moos-s\\\/#breadcrumb\",\"itemListElement\":[{\"@type\":\"ListItem\",\"position\":1,\"name\":\"Home\",\"item\":\"https:\\\/\\\/trendsandvision.nl\\\/de\\\/\"},{\"@type\":\"ListItem\",\"position\":2,\"name\":\"Gesch\u00e4ft\",\"item\":\"https:\\\/\\\/trendsandvision.nl\\\/de\\\/geschaft\\\/\"},{\"@type\":\"ListItem\",\"position\":3,\"name\":\"Esschert Design K\u00fcnstliches Moos S\"}]},{\"@type\":\"WebSite\",\"@id\":\"https:\\\/\\\/trendsandvision.nl\\\/de\\\/#website\",\"url\":\"https:\\\/\\\/trendsandvision.nl\\\/de\\\/\",\"name\":\"Trends &amp; Vision (DE)\",\"description\":\"Der Webshop f\u00fcr Esschert Design Artikel\",\"publisher\":{\"@id\":\"https:\\\/\\\/trendsandvision.nl\\\/de\\\/#organization\"},\"potentialAction\":[{\"@type\":\"SearchAction\",\"target\":{\"@type\":\"EntryPoint\",\"urlTemplate\":\"https:\\\/\\\/trendsandvision.nl\\\/de\\\/?s={search_term_string}\"},\"query-input\":{\"@type\":\"PropertyValueSpecification\",\"valueRequired\":true,\"valueName\":\"search_term_string\"}}],\"inLanguage\":\"de\"},{\"@type\":\"Organization\",\"@id\":\"https:\\\/\\\/trendsandvision.nl\\\/de\\\/#organization\",\"name\":\"Trends &amp; Vision (DE)\",\"url\":\"https:\\\/\\\/trendsandvision.nl\\\/de\\\/\",\"logo\":{\"@type\":\"ImageObject\",\"inLanguage\":\"de\",\"@id\":\"https:\\\/\\\/trendsandvision.nl\\\/de\\\/#\\\/schema\\\/logo\\\/image\\\/\",\"url\":\"https:\\\/\\\/trendsandvision.nl\\\/de\\\/wp-content\\\/uploads\\\/sites\\\/3\\\/2022\\\/04\\\/trends-and-vision-logo.jpg\",\"contentUrl\":\"https:\\\/\\\/trendsandvision.nl\\\/de\\\/wp-content\\\/uploads\\\/sites\\\/3\\\/2022\\\/04\\\/trends-and-vision-logo.jpg\",\"width\":213,\"height\":100,\"caption\":\"Trends &amp; Vision (DE)\"},\"image\":{\"@id\":\"https:\\\/\\\/trendsandvision.nl\\\/de\\\/#\\\/schema\\\/logo\\\/image\\\/\"}}]}<\/script>\n<!-- \/ Yoast SEO Premium plugin. -->","yoast_head_json":{"title":"Esschert Design K\u00fcnstliches Moos S (AH051)","description":"Esschert Design K\u00fcnstliches Moos S (AH051) B 14,7 X T 13,4 X H 1,9 cm Barcode 8714982297571 Material 59% Polyester, 41% Fichtenholz Gewicht 0,014 kg","robots":{"index":"index","follow":"follow","max-snippet":"max-snippet:-1","max-image-preview":"max-image-preview:large","max-video-preview":"max-video-preview:-1"},"canonical":"https:\/\/trendsandvision.nl\/de\/product\/esschert-design-kuenstliches-moos-s\/","og_locale":"de_DE","og_type":"article","og_title":"Esschert Design K\u00fcnstliches Moos S","og_description":"Esschert Design K\u00fcnstliches Moos S (AH051) B 14,7 X T 13,4 X H 1,9 cm Barcode 8714982297571 Material 59% Polyester, 41% Fichtenholz Gewicht 0,014 kg","og_url":"https:\/\/trendsandvision.nl\/de\/product\/esschert-design-kuenstliches-moos-s\/","og_site_name":"Trends &amp; Vision (DE)","article_modified_time":"2026-04-07T08:19:50+00:00","og_image":[{"width":800,"height":800,"url":"https:\/\/trendsandvision.nl\/de\/wp-content\/uploads\/sites\/3\/2025\/12\/AH051_01-1.jpg","type":"image\/jpeg"}],"twitter_card":"summary_large_image","twitter_misc":{"Gesch\u00e4tzte Lesezeit":"1\u00a0Minute"},"schema":{"@context":"https:\/\/schema.org","@graph":[{"@type":"WebPage","@id":"https:\/\/trendsandvision.nl\/de\/product\/esschert-design-kuenstliches-moos-s\/","url":"https:\/\/trendsandvision.nl\/de\/product\/esschert-design-kuenstliches-moos-s\/","name":"Esschert Design K\u00fcnstliches Moos S (AH051)","isPartOf":{"@id":"https:\/\/trendsandvision.nl\/de\/#website"},"primaryImageOfPage":{"@id":"https:\/\/trendsandvision.nl\/de\/product\/esschert-design-kuenstliches-moos-s\/#primaryimage"},"image":{"@id":"https:\/\/trendsandvision.nl\/de\/product\/esschert-design-kuenstliches-moos-s\/#primaryimage"},"thumbnailUrl":"https:\/\/trendsandvision.nl\/de\/wp-content\/uploads\/sites\/3\/2025\/12\/AH051_01-1.jpg","datePublished":"2025-12-29T22:44:18+00:00","dateModified":"2026-04-07T08:19:50+00:00","description":"Esschert Design K\u00fcnstliches Moos S (AH051) B 14,7 X T 13,4 X H 1,9 cm Barcode 8714982297571 Material 59% Polyester, 41% Fichtenholz Gewicht 0,014 kg","breadcrumb":{"@id":"https:\/\/trendsandvision.nl\/de\/product\/esschert-design-kuenstliches-moos-s\/#breadcrumb"},"inLanguage":"de","potentialAction":[{"@type":"ReadAction","target":["https:\/\/trendsandvision.nl\/de\/product\/esschert-design-kuenstliches-moos-s\/"]}]},{"@type":"ImageObject","inLanguage":"de","@id":"https:\/\/trendsandvision.nl\/de\/product\/esschert-design-kuenstliches-moos-s\/#primaryimage","url":"https:\/\/trendsandvision.nl\/de\/wp-content\/uploads\/sites\/3\/2025\/12\/AH051_01-1.jpg","contentUrl":"https:\/\/trendsandvision.nl\/de\/wp-content\/uploads\/sites\/3\/2025\/12\/AH051_01-1.jpg","width":800,"height":800,"caption":"Trends and Vision K\u00fcnstliches Moos S (AH051) B 14,7 X T 13,4 X H 1,9 cm Barcode 8714982297571 Material 59% Polyester, 41% Fichtenholz Gewicht 0,014 kg"},{"@type":"BreadcrumbList","@id":"https:\/\/trendsandvision.nl\/de\/product\/esschert-design-kuenstliches-moos-s\/#breadcrumb","itemListElement":[{"@type":"ListItem","position":1,"name":"Home","item":"https:\/\/trendsandvision.nl\/de\/"},{"@type":"ListItem","position":2,"name":"Gesch\u00e4ft","item":"https:\/\/trendsandvision.nl\/de\/geschaft\/"},{"@type":"ListItem","position":3,"name":"Esschert Design K\u00fcnstliches Moos S"}]},{"@type":"WebSite","@id":"https:\/\/trendsandvision.nl\/de\/#website","url":"https:\/\/trendsandvision.nl\/de\/","name":"Trends &amp; Vision (DE)","description":"Der Webshop f\u00fcr Esschert Design Artikel","publisher":{"@id":"https:\/\/trendsandvision.nl\/de\/#organization"},"potentialAction":[{"@type":"SearchAction","target":{"@type":"EntryPoint","urlTemplate":"https:\/\/trendsandvision.nl\/de\/?s={search_term_string}"},"query-input":{"@type":"PropertyValueSpecification","valueRequired":true,"valueName":"search_term_string"}}],"inLanguage":"de"},{"@type":"Organization","@id":"https:\/\/trendsandvision.nl\/de\/#organization","name":"Trends &amp; Vision (DE)","url":"https:\/\/trendsandvision.nl\/de\/","logo":{"@type":"ImageObject","inLanguage":"de","@id":"https:\/\/trendsandvision.nl\/de\/#\/schema\/logo\/image\/","url":"https:\/\/trendsandvision.nl\/de\/wp-content\/uploads\/sites\/3\/2022\/04\/trends-and-vision-logo.jpg","contentUrl":"https:\/\/trendsandvision.nl\/de\/wp-content\/uploads\/sites\/3\/2022\/04\/trends-and-vision-logo.jpg","width":213,"height":100,"caption":"Trends &amp; Vision (DE)"},"image":{"@id":"https:\/\/trendsandvision.nl\/de\/#\/schema\/logo\/image\/"}}]}},"_links":{"self":[{"href":"https:\/\/trendsandvision.nl\/de\/wp-json\/wp\/v2\/product\/24229","targetHints":{"allow":["GET"]}}],"collection":[{"href":"https:\/\/trendsandvision.nl\/de\/wp-json\/wp\/v2\/product"}],"about":[{"href":"https:\/\/trendsandvision.nl\/de\/wp-json\/wp\/v2\/types\/product"}],"wp:featuredmedia":[{"embeddable":true,"href":"https:\/\/trendsandvision.nl\/de\/wp-json\/wp\/v2\/media\/24230"}],"wp:attachment":[{"href":"https:\/\/trendsandvision.nl\/de\/wp-json\/wp\/v2\/media?parent=24229"}],"wp:term":[{"taxonomy":"product_brand","embeddable":true,"href":"https:\/\/trendsandvision.nl\/de\/wp-json\/wp\/v2\/product_brand?post=24229"},{"taxonomy":"product_cat","embeddable":true,"href":"https:\/\/trendsandvision.nl\/de\/wp-json\/wp\/v2\/product_cat?post=24229"},{"taxonomy":"product_tag","embeddable":true,"href":"https:\/\/trendsandvision.nl\/de\/wp-json\/wp\/v2\/product_tag?post=24229"}],"curies":[{"name":"wp","href":"https:\/\/api.w.org\/{rel}","templated":true}]}}