{"id":24226,"date":"2025-12-29T23:42:32","date_gmt":"2025-12-29T22:42:32","guid":{"rendered":"https:\/\/trendsandvision.nl\/de\/product\/esschert-design-tischkranzhaenger\/"},"modified":"2026-04-07T10:55:31","modified_gmt":"2026-04-07T08:55:31","slug":"esschert-design-tischkranzhaenger","status":"publish","type":"product","link":"https:\/\/trendsandvision.nl\/de\/product\/esschert-design-tischkranzhaenger\/","title":{"rendered":"Esschert Design Tischkranzh\u00e4nger"},"content":{"rendered":"<p>Tischkranzh\u00e4nger\/Kranzst\u00e4nder aus Gusseisen.<br \/>\nDieser St\u00e4nder erm\u00f6glicht es, Kr\u00e4nze das ganze Jahr \u00fcber zu pr\u00e4sentieren. Er ist so konzipiert, dass er auf einem Tisch platziert werden kann. Es verf\u00fcgt dabei \u00fcber vier Arme zum Befestigen von B\u00e4ndern. Die stabile Konstruktion sorgt f\u00fcr eine lange Lebensdauer.<\/p>\n<p>Artikelname Tischkranzh\u00e4nger<br \/>\nArtikelnummer XM83<br \/>\nProduktgr\u00f6\u00dfen in cm B 23 X T 23 X H 54,5<br \/>\nBarcode 8714982292828<br \/>\nMaterial 100% <strong><a href=\"https:\/\/trendsandvision.nl\/de\/?s=Gusseisen&amp;post_type=product&amp;dgwt_wcas=1\">Gusseisen<\/a><\/strong><br \/>\nNettogewicht 3,277 kg<br \/>\nProduzent: <a href=\"https:\/\/www.esschertdesign.com\/shop\/de\/tafelkranshanger-xm83\" target=\"_blank\">Esschert Design<\/a><\/p>\n","protected":false},"excerpt":{"rendered":"<p>Hergestellt aus Gusseisen<br \/>\nDas ganze Jahr \u00fcber verwendbar<br \/>\nRobuste Konstruktion<br \/>\nZerlegt f\u00fcr den Transport<br \/>\nB 23 X T 23 X H 54,5 cm<br \/>\nBarcode 8714982292828<br \/>\nMaterial 100% <strong><a href=\"https:\/\/trendsandvision.nl\/de\/?s=Gusseisen&amp;post_type=product&amp;dgwt_wcas=1\">Gusseisen<\/a><\/strong><br \/>\nNettogewicht 3,277 kg<\/p>\n","protected":false},"featured_media":24227,"template":"","meta":[],"product_brand":[9597,9870],"product_cat":[741],"product_tag":[6790,11105,7880,8012,11125],"class_list":{"0":"post-24226","1":"product","2":"type-product","3":"status-publish","4":"has-post-thumbnail","6":"product_brand-esschert-design","7":"product_brand-trends-vision","8":"product_cat-garden-furniture","9":"product_tag-gusseisen","10":"product_tag-handgefertigt","11":"product_tag-staender","12":"product_tag-tischen","13":"product_tag-tischkranzhaenger","14":"pa_anbieter-esschert-design","15":"pa_ean-code-11014","17":"first","18":"instock","19":"sale","20":"taxable","21":"shipping-taxable","22":"purchasable","23":"product-type-simple","24":"czr-hentry"},"yoast_head":"<!-- This site is optimized with the Yoast SEO Premium plugin v26.4 (Yoast SEO v27.4) - https:\/\/yoast.com\/product\/yoast-seo-premium-wordpress\/ -->\n<title>Esschert Design Tischkranzh\u00e4nger (XM83)<\/title>\n<meta name=\"description\" content=\"Esschert Design Tischkranzh\u00e4nger (XM83) B 23 X T 23 X H 54,5 cm Barcode 8714982292828 Material Gusseisen Nettogewicht 3,277 kg\" \/>\n<meta name=\"robots\" content=\"index, follow, max-snippet:-1, max-image-preview:large, max-video-preview:-1\" \/>\n<link rel=\"canonical\" href=\"https:\/\/trendsandvision.nl\/de\/product\/esschert-design-tischkranzhaenger\/\" \/>\n<meta property=\"og:locale\" content=\"de_DE\" \/>\n<meta property=\"og:type\" content=\"article\" \/>\n<meta property=\"og:title\" content=\"Esschert Design Tischkranzh\u00e4nger\" \/>\n<meta property=\"og:description\" content=\"Esschert Design Tischkranzh\u00e4nger (XM83) B 23 X T 23 X H 54,5 cm Barcode 8714982292828 Material Gusseisen Nettogewicht 3,277 kg\" \/>\n<meta property=\"og:url\" content=\"https:\/\/trendsandvision.nl\/de\/product\/esschert-design-tischkranzhaenger\/\" \/>\n<meta property=\"og:site_name\" content=\"Trends &amp; Vision (DE)\" \/>\n<meta property=\"article:modified_time\" content=\"2026-04-07T08:55:31+00:00\" \/>\n<meta property=\"og:image\" content=\"https:\/\/trendsandvision.nl\/de\/wp-content\/uploads\/sites\/3\/2025\/12\/XM83_01.jpg\" \/>\n\t<meta property=\"og:image:width\" content=\"800\" \/>\n\t<meta property=\"og:image:height\" content=\"800\" \/>\n\t<meta property=\"og:image:type\" content=\"image\/jpeg\" \/>\n<meta name=\"twitter:card\" content=\"summary_large_image\" \/>\n<meta name=\"twitter:label1\" content=\"Gesch\u00e4tzte Lesezeit\" \/>\n\t<meta name=\"twitter:data1\" content=\"1\u00a0Minute\" \/>\n<script type=\"application\/ld+json\" class=\"yoast-schema-graph\">{\"@context\":\"https:\\\/\\\/schema.org\",\"@graph\":[{\"@type\":\"WebPage\",\"@id\":\"https:\\\/\\\/trendsandvision.nl\\\/de\\\/product\\\/esschert-design-tischkranzhaenger\\\/\",\"url\":\"https:\\\/\\\/trendsandvision.nl\\\/de\\\/product\\\/esschert-design-tischkranzhaenger\\\/\",\"name\":\"Esschert Design Tischkranzh\u00e4nger (XM83)\",\"isPartOf\":{\"@id\":\"https:\\\/\\\/trendsandvision.nl\\\/de\\\/#website\"},\"primaryImageOfPage\":{\"@id\":\"https:\\\/\\\/trendsandvision.nl\\\/de\\\/product\\\/esschert-design-tischkranzhaenger\\\/#primaryimage\"},\"image\":{\"@id\":\"https:\\\/\\\/trendsandvision.nl\\\/de\\\/product\\\/esschert-design-tischkranzhaenger\\\/#primaryimage\"},\"thumbnailUrl\":\"https:\\\/\\\/trendsandvision.nl\\\/de\\\/wp-content\\\/uploads\\\/sites\\\/3\\\/2025\\\/12\\\/XM83_01.jpg\",\"datePublished\":\"2025-12-29T22:42:32+00:00\",\"dateModified\":\"2026-04-07T08:55:31+00:00\",\"description\":\"Esschert Design Tischkranzh\u00e4nger (XM83) B 23 X T 23 X H 54,5 cm Barcode 8714982292828 Material Gusseisen Nettogewicht 3,277 kg\",\"breadcrumb\":{\"@id\":\"https:\\\/\\\/trendsandvision.nl\\\/de\\\/product\\\/esschert-design-tischkranzhaenger\\\/#breadcrumb\"},\"inLanguage\":\"de\",\"potentialAction\":[{\"@type\":\"ReadAction\",\"target\":[\"https:\\\/\\\/trendsandvision.nl\\\/de\\\/product\\\/esschert-design-tischkranzhaenger\\\/\"]}]},{\"@type\":\"ImageObject\",\"inLanguage\":\"de\",\"@id\":\"https:\\\/\\\/trendsandvision.nl\\\/de\\\/product\\\/esschert-design-tischkranzhaenger\\\/#primaryimage\",\"url\":\"https:\\\/\\\/trendsandvision.nl\\\/de\\\/wp-content\\\/uploads\\\/sites\\\/3\\\/2025\\\/12\\\/XM83_01.jpg\",\"contentUrl\":\"https:\\\/\\\/trendsandvision.nl\\\/de\\\/wp-content\\\/uploads\\\/sites\\\/3\\\/2025\\\/12\\\/XM83_01.jpg\",\"width\":800,\"height\":800,\"caption\":\"Trends and Vision Tischkranzh\u00e4nger (XM83) B 23 X T 23 X H 54,5 cm Barcode 8714982292828 Material Gusseisen Nettogewicht 3,277 kg\"},{\"@type\":\"BreadcrumbList\",\"@id\":\"https:\\\/\\\/trendsandvision.nl\\\/de\\\/product\\\/esschert-design-tischkranzhaenger\\\/#breadcrumb\",\"itemListElement\":[{\"@type\":\"ListItem\",\"position\":1,\"name\":\"Home\",\"item\":\"https:\\\/\\\/trendsandvision.nl\\\/de\\\/\"},{\"@type\":\"ListItem\",\"position\":2,\"name\":\"Gesch\u00e4ft\",\"item\":\"https:\\\/\\\/trendsandvision.nl\\\/de\\\/geschaft\\\/\"},{\"@type\":\"ListItem\",\"position\":3,\"name\":\"Esschert Design Tischkranzh\u00e4nger\"}]},{\"@type\":\"WebSite\",\"@id\":\"https:\\\/\\\/trendsandvision.nl\\\/de\\\/#website\",\"url\":\"https:\\\/\\\/trendsandvision.nl\\\/de\\\/\",\"name\":\"Trends &amp; Vision (DE)\",\"description\":\"Der Webshop f\u00fcr Esschert Design Artikel\",\"publisher\":{\"@id\":\"https:\\\/\\\/trendsandvision.nl\\\/de\\\/#organization\"},\"potentialAction\":[{\"@type\":\"SearchAction\",\"target\":{\"@type\":\"EntryPoint\",\"urlTemplate\":\"https:\\\/\\\/trendsandvision.nl\\\/de\\\/?s={search_term_string}\"},\"query-input\":{\"@type\":\"PropertyValueSpecification\",\"valueRequired\":true,\"valueName\":\"search_term_string\"}}],\"inLanguage\":\"de\"},{\"@type\":\"Organization\",\"@id\":\"https:\\\/\\\/trendsandvision.nl\\\/de\\\/#organization\",\"name\":\"Trends &amp; Vision (DE)\",\"url\":\"https:\\\/\\\/trendsandvision.nl\\\/de\\\/\",\"logo\":{\"@type\":\"ImageObject\",\"inLanguage\":\"de\",\"@id\":\"https:\\\/\\\/trendsandvision.nl\\\/de\\\/#\\\/schema\\\/logo\\\/image\\\/\",\"url\":\"https:\\\/\\\/trendsandvision.nl\\\/de\\\/wp-content\\\/uploads\\\/sites\\\/3\\\/2022\\\/04\\\/trends-and-vision-logo.jpg\",\"contentUrl\":\"https:\\\/\\\/trendsandvision.nl\\\/de\\\/wp-content\\\/uploads\\\/sites\\\/3\\\/2022\\\/04\\\/trends-and-vision-logo.jpg\",\"width\":213,\"height\":100,\"caption\":\"Trends &amp; Vision (DE)\"},\"image\":{\"@id\":\"https:\\\/\\\/trendsandvision.nl\\\/de\\\/#\\\/schema\\\/logo\\\/image\\\/\"}}]}<\/script>\n<!-- \/ Yoast SEO Premium plugin. -->","yoast_head_json":{"title":"Esschert Design Tischkranzh\u00e4nger (XM83)","description":"Esschert Design Tischkranzh\u00e4nger (XM83) B 23 X T 23 X H 54,5 cm Barcode 8714982292828 Material Gusseisen Nettogewicht 3,277 kg","robots":{"index":"index","follow":"follow","max-snippet":"max-snippet:-1","max-image-preview":"max-image-preview:large","max-video-preview":"max-video-preview:-1"},"canonical":"https:\/\/trendsandvision.nl\/de\/product\/esschert-design-tischkranzhaenger\/","og_locale":"de_DE","og_type":"article","og_title":"Esschert Design Tischkranzh\u00e4nger","og_description":"Esschert Design Tischkranzh\u00e4nger (XM83) B 23 X T 23 X H 54,5 cm Barcode 8714982292828 Material Gusseisen Nettogewicht 3,277 kg","og_url":"https:\/\/trendsandvision.nl\/de\/product\/esschert-design-tischkranzhaenger\/","og_site_name":"Trends &amp; Vision (DE)","article_modified_time":"2026-04-07T08:55:31+00:00","og_image":[{"width":800,"height":800,"url":"https:\/\/trendsandvision.nl\/de\/wp-content\/uploads\/sites\/3\/2025\/12\/XM83_01.jpg","type":"image\/jpeg"}],"twitter_card":"summary_large_image","twitter_misc":{"Gesch\u00e4tzte Lesezeit":"1\u00a0Minute"},"schema":{"@context":"https:\/\/schema.org","@graph":[{"@type":"WebPage","@id":"https:\/\/trendsandvision.nl\/de\/product\/esschert-design-tischkranzhaenger\/","url":"https:\/\/trendsandvision.nl\/de\/product\/esschert-design-tischkranzhaenger\/","name":"Esschert Design Tischkranzh\u00e4nger (XM83)","isPartOf":{"@id":"https:\/\/trendsandvision.nl\/de\/#website"},"primaryImageOfPage":{"@id":"https:\/\/trendsandvision.nl\/de\/product\/esschert-design-tischkranzhaenger\/#primaryimage"},"image":{"@id":"https:\/\/trendsandvision.nl\/de\/product\/esschert-design-tischkranzhaenger\/#primaryimage"},"thumbnailUrl":"https:\/\/trendsandvision.nl\/de\/wp-content\/uploads\/sites\/3\/2025\/12\/XM83_01.jpg","datePublished":"2025-12-29T22:42:32+00:00","dateModified":"2026-04-07T08:55:31+00:00","description":"Esschert Design Tischkranzh\u00e4nger (XM83) B 23 X T 23 X H 54,5 cm Barcode 8714982292828 Material Gusseisen Nettogewicht 3,277 kg","breadcrumb":{"@id":"https:\/\/trendsandvision.nl\/de\/product\/esschert-design-tischkranzhaenger\/#breadcrumb"},"inLanguage":"de","potentialAction":[{"@type":"ReadAction","target":["https:\/\/trendsandvision.nl\/de\/product\/esschert-design-tischkranzhaenger\/"]}]},{"@type":"ImageObject","inLanguage":"de","@id":"https:\/\/trendsandvision.nl\/de\/product\/esschert-design-tischkranzhaenger\/#primaryimage","url":"https:\/\/trendsandvision.nl\/de\/wp-content\/uploads\/sites\/3\/2025\/12\/XM83_01.jpg","contentUrl":"https:\/\/trendsandvision.nl\/de\/wp-content\/uploads\/sites\/3\/2025\/12\/XM83_01.jpg","width":800,"height":800,"caption":"Trends and Vision Tischkranzh\u00e4nger (XM83) B 23 X T 23 X H 54,5 cm Barcode 8714982292828 Material Gusseisen Nettogewicht 3,277 kg"},{"@type":"BreadcrumbList","@id":"https:\/\/trendsandvision.nl\/de\/product\/esschert-design-tischkranzhaenger\/#breadcrumb","itemListElement":[{"@type":"ListItem","position":1,"name":"Home","item":"https:\/\/trendsandvision.nl\/de\/"},{"@type":"ListItem","position":2,"name":"Gesch\u00e4ft","item":"https:\/\/trendsandvision.nl\/de\/geschaft\/"},{"@type":"ListItem","position":3,"name":"Esschert Design Tischkranzh\u00e4nger"}]},{"@type":"WebSite","@id":"https:\/\/trendsandvision.nl\/de\/#website","url":"https:\/\/trendsandvision.nl\/de\/","name":"Trends &amp; Vision (DE)","description":"Der Webshop f\u00fcr Esschert Design Artikel","publisher":{"@id":"https:\/\/trendsandvision.nl\/de\/#organization"},"potentialAction":[{"@type":"SearchAction","target":{"@type":"EntryPoint","urlTemplate":"https:\/\/trendsandvision.nl\/de\/?s={search_term_string}"},"query-input":{"@type":"PropertyValueSpecification","valueRequired":true,"valueName":"search_term_string"}}],"inLanguage":"de"},{"@type":"Organization","@id":"https:\/\/trendsandvision.nl\/de\/#organization","name":"Trends &amp; Vision (DE)","url":"https:\/\/trendsandvision.nl\/de\/","logo":{"@type":"ImageObject","inLanguage":"de","@id":"https:\/\/trendsandvision.nl\/de\/#\/schema\/logo\/image\/","url":"https:\/\/trendsandvision.nl\/de\/wp-content\/uploads\/sites\/3\/2022\/04\/trends-and-vision-logo.jpg","contentUrl":"https:\/\/trendsandvision.nl\/de\/wp-content\/uploads\/sites\/3\/2022\/04\/trends-and-vision-logo.jpg","width":213,"height":100,"caption":"Trends &amp; Vision (DE)"},"image":{"@id":"https:\/\/trendsandvision.nl\/de\/#\/schema\/logo\/image\/"}}]}},"_links":{"self":[{"href":"https:\/\/trendsandvision.nl\/de\/wp-json\/wp\/v2\/product\/24226","targetHints":{"allow":["GET"]}}],"collection":[{"href":"https:\/\/trendsandvision.nl\/de\/wp-json\/wp\/v2\/product"}],"about":[{"href":"https:\/\/trendsandvision.nl\/de\/wp-json\/wp\/v2\/types\/product"}],"wp:featuredmedia":[{"embeddable":true,"href":"https:\/\/trendsandvision.nl\/de\/wp-json\/wp\/v2\/media\/24227"}],"wp:attachment":[{"href":"https:\/\/trendsandvision.nl\/de\/wp-json\/wp\/v2\/media?parent=24226"}],"wp:term":[{"taxonomy":"product_brand","embeddable":true,"href":"https:\/\/trendsandvision.nl\/de\/wp-json\/wp\/v2\/product_brand?post=24226"},{"taxonomy":"product_cat","embeddable":true,"href":"https:\/\/trendsandvision.nl\/de\/wp-json\/wp\/v2\/product_cat?post=24226"},{"taxonomy":"product_tag","embeddable":true,"href":"https:\/\/trendsandvision.nl\/de\/wp-json\/wp\/v2\/product_tag?post=24226"}],"curies":[{"name":"wp","href":"https:\/\/api.w.org\/{rel}","templated":true}]}}