{"id":24218,"date":"2025-12-29T23:42:09","date_gmt":"2025-12-29T22:42:09","guid":{"rendered":"https:\/\/trendsandvision.nl\/de\/product\/esschert-design-bewaesserungshilfe-glas-tulpe\/"},"modified":"2026-04-07T10:54:53","modified_gmt":"2026-04-07T08:54:53","slug":"esschert-design-bewaesserungshilfe-glas-tulpe","status":"publish","type":"product","link":"https:\/\/trendsandvision.nl\/de\/product\/esschert-design-bewaesserungshilfe-glas-tulpe\/","title":{"rendered":"Esschert Design Bew\u00e4sserungshilfe Glas Tulpe"},"content":{"rendered":"<p><strong><a href=\"https:\/\/trendsandvision.nl\/de\/?s=Bew\u00e4sserungshilfe&amp;post_type=product&amp;dgwt_wcas=1\" target=\"_blank\">Pflanzenbew\u00e4sserer<\/a><\/strong> in Form eines Tulpe. Er sorgt daf\u00fcr, dass Ihre Pflanzen automatisch und genau die richtige Menge Wasser entsprechend ihrem Bedarf erhalten. Machen Sie ein kleines schr\u00e4ges Loch in die Erde. Halten Sie die \u00d6ffnung des Bew\u00e4sserungsspie\u00dfes unter den Wasserhahn und f\u00fcllen Sie das Reservoir, bis es voll ist. Drehen Sie es um, halten Sie den Finger auf das Loch, w\u00e4hrend Sie es drehen, und stecken Sie es schnell in die Erde. Das Wasser flie\u00dft langsam heraus und stoppt, sobald die Erde perfekt befeuchtet ist. Die perfekte L\u00f6sung f\u00fcr alle, die manchmal vergessen, ihre Pflanzen zu gie\u00dfen, oder eine Zeit lang nicht zu Hause sind.<\/p>\n<p>Artikelname Bew\u00e4sserungshilfe Glas Tulpe<br \/>\nArtikelnummer WH20<br \/>\nProduktgr\u00f6\u00dfen in cm B 5 X T 5 X H 15,7<br \/>\nBarcode 8714982298394<br \/>\nMaterial 100% Glas<br \/>\nNettogewicht 0,031 kg<br \/>\nProduzent: <a href=\"https:\/\/www.esschertdesign.com\/shop\/de\/bewateringshulp-glas-tulp-wh20\" target=\"_blank\">Esschert Design<\/a><\/p>\n","protected":false},"excerpt":{"rendered":"<p>Automatische Pflanzenbew\u00e4sserung<br \/>\nGibt genau die richtige Wassermenge ab<br \/>\nEinfache Handhabung<br \/>\nB 5 X T 5 X H 15,7 cm<br \/>\nBarcode 8714982298394<br \/>\nMaterial 100% Glas<br \/>\nNettogewicht 0,031 kg<\/p>\n","protected":false},"featured_media":24219,"template":"","meta":[],"product_brand":[9597,9870],"product_cat":[1284],"product_tag":[7755,8158],"class_list":{"0":"post-24218","1":"product","2":"type-product","3":"status-publish","4":"has-post-thumbnail","6":"product_brand-esschert-design","7":"product_brand-trends-vision","8":"product_cat-water-in-the-garden","9":"product_tag-bewaesserungshilfe","10":"product_tag-tulpen","11":"pa_anbieter-esschert-design","12":"pa_ean-code-11011","14":"first","15":"instock","16":"sale","17":"taxable","18":"shipping-taxable","19":"purchasable","20":"product-type-simple","21":"czr-hentry"},"yoast_head":"<!-- This site is optimized with the Yoast SEO Premium plugin v26.4 (Yoast SEO v27.4) - https:\/\/yoast.com\/product\/yoast-seo-premium-wordpress\/ -->\n<title>Esschert Design Bew\u00e4sserungshilfe Glas Tulpe (WH20)<\/title>\n<meta name=\"description\" content=\"Esschert Design Bew\u00e4sserungshilfe Glas Tulpe (WH20) B 5 X T 5 X H 15,7 cm Barcode 8714982298394 Material 100% Glas Nettogewicht 0,031 kg\" \/>\n<meta name=\"robots\" content=\"index, follow, max-snippet:-1, max-image-preview:large, max-video-preview:-1\" \/>\n<link rel=\"canonical\" href=\"https:\/\/trendsandvision.nl\/de\/product\/esschert-design-bewaesserungshilfe-glas-tulpe\/\" \/>\n<meta property=\"og:locale\" content=\"de_DE\" \/>\n<meta property=\"og:type\" content=\"article\" \/>\n<meta property=\"og:title\" content=\"Esschert Design Bew\u00e4sserungshilfe Glas Tulpe\" \/>\n<meta property=\"og:description\" content=\"Esschert Design Bew\u00e4sserungshilfe Glas Tulpe (WH20) B 5 X T 5 X H 15,7 cm Barcode 8714982298394 Material 100% Glas Nettogewicht 0,031 kg\" \/>\n<meta property=\"og:url\" content=\"https:\/\/trendsandvision.nl\/de\/product\/esschert-design-bewaesserungshilfe-glas-tulpe\/\" \/>\n<meta property=\"og:site_name\" content=\"Trends &amp; Vision (DE)\" \/>\n<meta property=\"article:modified_time\" content=\"2026-04-07T08:54:53+00:00\" \/>\n<meta property=\"og:image\" content=\"https:\/\/trendsandvision.nl\/de\/wp-content\/uploads\/sites\/3\/2025\/12\/WH20_01.jpg\" \/>\n\t<meta property=\"og:image:width\" content=\"800\" \/>\n\t<meta property=\"og:image:height\" content=\"800\" \/>\n\t<meta property=\"og:image:type\" content=\"image\/jpeg\" \/>\n<meta name=\"twitter:card\" content=\"summary_large_image\" \/>\n<meta name=\"twitter:label1\" content=\"Gesch\u00e4tzte Lesezeit\" \/>\n\t<meta name=\"twitter:data1\" content=\"1\u00a0Minute\" \/>\n<script type=\"application\/ld+json\" class=\"yoast-schema-graph\">{\"@context\":\"https:\\\/\\\/schema.org\",\"@graph\":[{\"@type\":\"WebPage\",\"@id\":\"https:\\\/\\\/trendsandvision.nl\\\/de\\\/product\\\/esschert-design-bewaesserungshilfe-glas-tulpe\\\/\",\"url\":\"https:\\\/\\\/trendsandvision.nl\\\/de\\\/product\\\/esschert-design-bewaesserungshilfe-glas-tulpe\\\/\",\"name\":\"Esschert Design Bew\u00e4sserungshilfe Glas Tulpe (WH20)\",\"isPartOf\":{\"@id\":\"https:\\\/\\\/trendsandvision.nl\\\/de\\\/#website\"},\"primaryImageOfPage\":{\"@id\":\"https:\\\/\\\/trendsandvision.nl\\\/de\\\/product\\\/esschert-design-bewaesserungshilfe-glas-tulpe\\\/#primaryimage\"},\"image\":{\"@id\":\"https:\\\/\\\/trendsandvision.nl\\\/de\\\/product\\\/esschert-design-bewaesserungshilfe-glas-tulpe\\\/#primaryimage\"},\"thumbnailUrl\":\"https:\\\/\\\/trendsandvision.nl\\\/de\\\/wp-content\\\/uploads\\\/sites\\\/3\\\/2025\\\/12\\\/WH20_01.jpg\",\"datePublished\":\"2025-12-29T22:42:09+00:00\",\"dateModified\":\"2026-04-07T08:54:53+00:00\",\"description\":\"Esschert Design Bew\u00e4sserungshilfe Glas Tulpe (WH20) B 5 X T 5 X H 15,7 cm Barcode 8714982298394 Material 100% Glas Nettogewicht 0,031 kg\",\"breadcrumb\":{\"@id\":\"https:\\\/\\\/trendsandvision.nl\\\/de\\\/product\\\/esschert-design-bewaesserungshilfe-glas-tulpe\\\/#breadcrumb\"},\"inLanguage\":\"de\",\"potentialAction\":[{\"@type\":\"ReadAction\",\"target\":[\"https:\\\/\\\/trendsandvision.nl\\\/de\\\/product\\\/esschert-design-bewaesserungshilfe-glas-tulpe\\\/\"]}]},{\"@type\":\"ImageObject\",\"inLanguage\":\"de\",\"@id\":\"https:\\\/\\\/trendsandvision.nl\\\/de\\\/product\\\/esschert-design-bewaesserungshilfe-glas-tulpe\\\/#primaryimage\",\"url\":\"https:\\\/\\\/trendsandvision.nl\\\/de\\\/wp-content\\\/uploads\\\/sites\\\/3\\\/2025\\\/12\\\/WH20_01.jpg\",\"contentUrl\":\"https:\\\/\\\/trendsandvision.nl\\\/de\\\/wp-content\\\/uploads\\\/sites\\\/3\\\/2025\\\/12\\\/WH20_01.jpg\",\"width\":800,\"height\":800,\"caption\":\"Esschert Design Bew\u00e4sserungshilfe Glas Tulpe (WH20) B 5 X T 5 X H 15,7 cm Barcode 8714982298394 Material 100% Glas Nettogewicht 0,031 kg\"},{\"@type\":\"BreadcrumbList\",\"@id\":\"https:\\\/\\\/trendsandvision.nl\\\/de\\\/product\\\/esschert-design-bewaesserungshilfe-glas-tulpe\\\/#breadcrumb\",\"itemListElement\":[{\"@type\":\"ListItem\",\"position\":1,\"name\":\"Home\",\"item\":\"https:\\\/\\\/trendsandvision.nl\\\/de\\\/\"},{\"@type\":\"ListItem\",\"position\":2,\"name\":\"Gesch\u00e4ft\",\"item\":\"https:\\\/\\\/trendsandvision.nl\\\/de\\\/geschaft\\\/\"},{\"@type\":\"ListItem\",\"position\":3,\"name\":\"Esschert Design Bew\u00e4sserungshilfe Glas Tulpe\"}]},{\"@type\":\"WebSite\",\"@id\":\"https:\\\/\\\/trendsandvision.nl\\\/de\\\/#website\",\"url\":\"https:\\\/\\\/trendsandvision.nl\\\/de\\\/\",\"name\":\"Trends &amp; Vision (DE)\",\"description\":\"Der Webshop f\u00fcr Esschert Design Artikel\",\"publisher\":{\"@id\":\"https:\\\/\\\/trendsandvision.nl\\\/de\\\/#organization\"},\"potentialAction\":[{\"@type\":\"SearchAction\",\"target\":{\"@type\":\"EntryPoint\",\"urlTemplate\":\"https:\\\/\\\/trendsandvision.nl\\\/de\\\/?s={search_term_string}\"},\"query-input\":{\"@type\":\"PropertyValueSpecification\",\"valueRequired\":true,\"valueName\":\"search_term_string\"}}],\"inLanguage\":\"de\"},{\"@type\":\"Organization\",\"@id\":\"https:\\\/\\\/trendsandvision.nl\\\/de\\\/#organization\",\"name\":\"Trends &amp; Vision (DE)\",\"url\":\"https:\\\/\\\/trendsandvision.nl\\\/de\\\/\",\"logo\":{\"@type\":\"ImageObject\",\"inLanguage\":\"de\",\"@id\":\"https:\\\/\\\/trendsandvision.nl\\\/de\\\/#\\\/schema\\\/logo\\\/image\\\/\",\"url\":\"https:\\\/\\\/trendsandvision.nl\\\/de\\\/wp-content\\\/uploads\\\/sites\\\/3\\\/2022\\\/04\\\/trends-and-vision-logo.jpg\",\"contentUrl\":\"https:\\\/\\\/trendsandvision.nl\\\/de\\\/wp-content\\\/uploads\\\/sites\\\/3\\\/2022\\\/04\\\/trends-and-vision-logo.jpg\",\"width\":213,\"height\":100,\"caption\":\"Trends &amp; Vision (DE)\"},\"image\":{\"@id\":\"https:\\\/\\\/trendsandvision.nl\\\/de\\\/#\\\/schema\\\/logo\\\/image\\\/\"}}]}<\/script>\n<!-- \/ Yoast SEO Premium plugin. -->","yoast_head_json":{"title":"Esschert Design Bew\u00e4sserungshilfe Glas Tulpe (WH20)","description":"Esschert Design Bew\u00e4sserungshilfe Glas Tulpe (WH20) B 5 X T 5 X H 15,7 cm Barcode 8714982298394 Material 100% Glas Nettogewicht 0,031 kg","robots":{"index":"index","follow":"follow","max-snippet":"max-snippet:-1","max-image-preview":"max-image-preview:large","max-video-preview":"max-video-preview:-1"},"canonical":"https:\/\/trendsandvision.nl\/de\/product\/esschert-design-bewaesserungshilfe-glas-tulpe\/","og_locale":"de_DE","og_type":"article","og_title":"Esschert Design Bew\u00e4sserungshilfe Glas Tulpe","og_description":"Esschert Design Bew\u00e4sserungshilfe Glas Tulpe (WH20) B 5 X T 5 X H 15,7 cm Barcode 8714982298394 Material 100% Glas Nettogewicht 0,031 kg","og_url":"https:\/\/trendsandvision.nl\/de\/product\/esschert-design-bewaesserungshilfe-glas-tulpe\/","og_site_name":"Trends &amp; Vision (DE)","article_modified_time":"2026-04-07T08:54:53+00:00","og_image":[{"width":800,"height":800,"url":"https:\/\/trendsandvision.nl\/de\/wp-content\/uploads\/sites\/3\/2025\/12\/WH20_01.jpg","type":"image\/jpeg"}],"twitter_card":"summary_large_image","twitter_misc":{"Gesch\u00e4tzte Lesezeit":"1\u00a0Minute"},"schema":{"@context":"https:\/\/schema.org","@graph":[{"@type":"WebPage","@id":"https:\/\/trendsandvision.nl\/de\/product\/esschert-design-bewaesserungshilfe-glas-tulpe\/","url":"https:\/\/trendsandvision.nl\/de\/product\/esschert-design-bewaesserungshilfe-glas-tulpe\/","name":"Esschert Design Bew\u00e4sserungshilfe Glas Tulpe (WH20)","isPartOf":{"@id":"https:\/\/trendsandvision.nl\/de\/#website"},"primaryImageOfPage":{"@id":"https:\/\/trendsandvision.nl\/de\/product\/esschert-design-bewaesserungshilfe-glas-tulpe\/#primaryimage"},"image":{"@id":"https:\/\/trendsandvision.nl\/de\/product\/esschert-design-bewaesserungshilfe-glas-tulpe\/#primaryimage"},"thumbnailUrl":"https:\/\/trendsandvision.nl\/de\/wp-content\/uploads\/sites\/3\/2025\/12\/WH20_01.jpg","datePublished":"2025-12-29T22:42:09+00:00","dateModified":"2026-04-07T08:54:53+00:00","description":"Esschert Design Bew\u00e4sserungshilfe Glas Tulpe (WH20) B 5 X T 5 X H 15,7 cm Barcode 8714982298394 Material 100% Glas Nettogewicht 0,031 kg","breadcrumb":{"@id":"https:\/\/trendsandvision.nl\/de\/product\/esschert-design-bewaesserungshilfe-glas-tulpe\/#breadcrumb"},"inLanguage":"de","potentialAction":[{"@type":"ReadAction","target":["https:\/\/trendsandvision.nl\/de\/product\/esschert-design-bewaesserungshilfe-glas-tulpe\/"]}]},{"@type":"ImageObject","inLanguage":"de","@id":"https:\/\/trendsandvision.nl\/de\/product\/esschert-design-bewaesserungshilfe-glas-tulpe\/#primaryimage","url":"https:\/\/trendsandvision.nl\/de\/wp-content\/uploads\/sites\/3\/2025\/12\/WH20_01.jpg","contentUrl":"https:\/\/trendsandvision.nl\/de\/wp-content\/uploads\/sites\/3\/2025\/12\/WH20_01.jpg","width":800,"height":800,"caption":"Esschert Design Bew\u00e4sserungshilfe Glas Tulpe (WH20) B 5 X T 5 X H 15,7 cm Barcode 8714982298394 Material 100% Glas Nettogewicht 0,031 kg"},{"@type":"BreadcrumbList","@id":"https:\/\/trendsandvision.nl\/de\/product\/esschert-design-bewaesserungshilfe-glas-tulpe\/#breadcrumb","itemListElement":[{"@type":"ListItem","position":1,"name":"Home","item":"https:\/\/trendsandvision.nl\/de\/"},{"@type":"ListItem","position":2,"name":"Gesch\u00e4ft","item":"https:\/\/trendsandvision.nl\/de\/geschaft\/"},{"@type":"ListItem","position":3,"name":"Esschert Design Bew\u00e4sserungshilfe Glas Tulpe"}]},{"@type":"WebSite","@id":"https:\/\/trendsandvision.nl\/de\/#website","url":"https:\/\/trendsandvision.nl\/de\/","name":"Trends &amp; Vision (DE)","description":"Der Webshop f\u00fcr Esschert Design Artikel","publisher":{"@id":"https:\/\/trendsandvision.nl\/de\/#organization"},"potentialAction":[{"@type":"SearchAction","target":{"@type":"EntryPoint","urlTemplate":"https:\/\/trendsandvision.nl\/de\/?s={search_term_string}"},"query-input":{"@type":"PropertyValueSpecification","valueRequired":true,"valueName":"search_term_string"}}],"inLanguage":"de"},{"@type":"Organization","@id":"https:\/\/trendsandvision.nl\/de\/#organization","name":"Trends &amp; Vision (DE)","url":"https:\/\/trendsandvision.nl\/de\/","logo":{"@type":"ImageObject","inLanguage":"de","@id":"https:\/\/trendsandvision.nl\/de\/#\/schema\/logo\/image\/","url":"https:\/\/trendsandvision.nl\/de\/wp-content\/uploads\/sites\/3\/2022\/04\/trends-and-vision-logo.jpg","contentUrl":"https:\/\/trendsandvision.nl\/de\/wp-content\/uploads\/sites\/3\/2022\/04\/trends-and-vision-logo.jpg","width":213,"height":100,"caption":"Trends &amp; Vision (DE)"},"image":{"@id":"https:\/\/trendsandvision.nl\/de\/#\/schema\/logo\/image\/"}}]}},"_links":{"self":[{"href":"https:\/\/trendsandvision.nl\/de\/wp-json\/wp\/v2\/product\/24218","targetHints":{"allow":["GET"]}}],"collection":[{"href":"https:\/\/trendsandvision.nl\/de\/wp-json\/wp\/v2\/product"}],"about":[{"href":"https:\/\/trendsandvision.nl\/de\/wp-json\/wp\/v2\/types\/product"}],"wp:featuredmedia":[{"embeddable":true,"href":"https:\/\/trendsandvision.nl\/de\/wp-json\/wp\/v2\/media\/24219"}],"wp:attachment":[{"href":"https:\/\/trendsandvision.nl\/de\/wp-json\/wp\/v2\/media?parent=24218"}],"wp:term":[{"taxonomy":"product_brand","embeddable":true,"href":"https:\/\/trendsandvision.nl\/de\/wp-json\/wp\/v2\/product_brand?post=24218"},{"taxonomy":"product_cat","embeddable":true,"href":"https:\/\/trendsandvision.nl\/de\/wp-json\/wp\/v2\/product_cat?post=24218"},{"taxonomy":"product_tag","embeddable":true,"href":"https:\/\/trendsandvision.nl\/de\/wp-json\/wp\/v2\/product_tag?post=24218"}],"curies":[{"name":"wp","href":"https:\/\/api.w.org\/{rel}","templated":true}]}}