{"id":24214,"date":"2025-12-29T23:42:09","date_gmt":"2025-12-29T22:42:09","guid":{"rendered":"https:\/\/trendsandvision.nl\/de\/product\/esschert-design-bewaesserungshilfe-terrac-vogel-3x\/"},"modified":"2026-04-07T10:54:52","modified_gmt":"2026-04-07T08:54:52","slug":"esschert-design-bewaesserungshilfe-terrac-vogel-3x","status":"publish","type":"product","link":"https:\/\/trendsandvision.nl\/de\/product\/esschert-design-bewaesserungshilfe-terrac-vogel-3x\/","title":{"rendered":"Esschert Design Bew\u00e4sserungshilfe Terracotta Vogel 3x"},"content":{"rendered":"<p>Dieses Set von 3 Bew\u00e4sserungshilfen Terrakotta-V\u00f6geln macht das Gie\u00dfen Ihrer Pflanzen m\u00fchelos. Die V\u00f6gel haben weit ge\u00f6ffnete Schn\u00e4bel, wodurch sie leicht nachgef\u00fcllt werden k\u00f6nnen. Der por\u00f6se Terrakotta gibt das Wasser nach und nach an die Erde ab. Sodass die Pflanzen \u00fcber l\u00e4ngere Zeit perfekt mit Feuchtigkeit versorgt bleiben.<\/p>\n<p>Artikelname <strong><a href=\"https:\/\/trendsandvision.nl\/de\/?s=Bew\u00e4sserungshilfe&amp;post_type=product&amp;dgwt_wcas=1\" target=\"_blank\">Bew\u00e4sserungshilfe<\/a><\/strong> Terracotta Vogel 3x<br \/>\nArtikelnummer WH18<br \/>\nProduktgr\u00f6\u00dfen in cm B 11,8 X T 6,4 X H 20,2<br \/>\nBarcode 8714982298332<br \/>\nMaterial 100% Terracotta<br \/>\nNettogewicht 0,177 kg<br \/>\nProduzent: <a href=\"https:\/\/www.esschertdesign.com\/shop\/de\/bewateringshulp-terracotta-vogel-3x-wh18\" target=\"_blank\">Esschert Design<\/a><\/p>\n","protected":false},"excerpt":{"rendered":"<p>Einfach nachzuf\u00fcllen<br \/>\nGibt das Wasser allm\u00e4hlich ab<br \/>\nSet mit 3 St\u00fcck<br \/>\nB 11,8 X T 6,4 X H 20,2 cm<br \/>\nBarcode 8714982298332<br \/>\nMaterial 100% Terracotta<br \/>\nNettogewicht 0,177 kg<\/p>\n","protected":false},"featured_media":24215,"template":"","meta":[],"product_brand":[9597,9870],"product_cat":[1284],"product_tag":[8119,11126,6714],"class_list":{"0":"post-24214","1":"product","2":"type-product","3":"status-publish","4":"has-post-thumbnail","6":"product_brand-esschert-design","7":"product_brand-trends-vision","8":"product_cat-water-in-the-garden","9":"product_tag-aged-terrakotta","10":"product_tag-bewaesserungshilfen","11":"product_tag-voegel","12":"pa_anbieter-esschert-design","13":"pa_ean-code-11009","15":"first","16":"instock","17":"sale","18":"taxable","19":"shipping-taxable","20":"purchasable","21":"product-type-simple","22":"czr-hentry"},"yoast_head":"<!-- This site is optimized with the Yoast SEO Premium plugin v26.4 (Yoast SEO v27.4) - https:\/\/yoast.com\/product\/yoast-seo-premium-wordpress\/ -->\n<title>Esschert Design Bew\u00e4sserungshilfe Terracotta Vogel 3x (WH18)<\/title>\n<meta name=\"description\" content=\"Esschert Design Bew\u00e4sserungshilfe Terracotta Vogel 3x (WH18) B 11,8 X T 6,4 X H 20,2 cm EAN 8714982298332 Material 100% Terracotta Gewicht 0,177 kg\" \/>\n<meta name=\"robots\" content=\"index, follow, max-snippet:-1, max-image-preview:large, max-video-preview:-1\" \/>\n<link rel=\"canonical\" href=\"https:\/\/trendsandvision.nl\/de\/product\/esschert-design-bewaesserungshilfe-terrac-vogel-3x\/\" \/>\n<meta property=\"og:locale\" content=\"de_DE\" \/>\n<meta property=\"og:type\" content=\"article\" \/>\n<meta property=\"og:title\" content=\"Esschert Design Bew\u00e4sserungshilfe Terracotta Vogel 3x\" \/>\n<meta property=\"og:description\" content=\"Esschert Design Bew\u00e4sserungshilfe Terracotta Vogel 3x (WH18) B 11,8 X T 6,4 X H 20,2 cm EAN 8714982298332 Material 100% Terracotta Gewicht 0,177 kg\" \/>\n<meta property=\"og:url\" content=\"https:\/\/trendsandvision.nl\/de\/product\/esschert-design-bewaesserungshilfe-terrac-vogel-3x\/\" \/>\n<meta property=\"og:site_name\" content=\"Trends &amp; Vision (DE)\" \/>\n<meta property=\"article:modified_time\" content=\"2026-04-07T08:54:52+00:00\" \/>\n<meta property=\"og:image\" content=\"https:\/\/trendsandvision.nl\/de\/wp-content\/uploads\/sites\/3\/2025\/12\/WH18_01.jpg\" \/>\n\t<meta property=\"og:image:width\" content=\"800\" \/>\n\t<meta property=\"og:image:height\" content=\"800\" \/>\n\t<meta property=\"og:image:type\" content=\"image\/jpeg\" \/>\n<meta name=\"twitter:card\" content=\"summary_large_image\" \/>\n<meta name=\"twitter:label1\" content=\"Gesch\u00e4tzte Lesezeit\" \/>\n\t<meta name=\"twitter:data1\" content=\"1\u00a0Minute\" \/>\n<script type=\"application\/ld+json\" class=\"yoast-schema-graph\">{\"@context\":\"https:\\\/\\\/schema.org\",\"@graph\":[{\"@type\":\"WebPage\",\"@id\":\"https:\\\/\\\/trendsandvision.nl\\\/de\\\/product\\\/esschert-design-bewaesserungshilfe-terrac-vogel-3x\\\/\",\"url\":\"https:\\\/\\\/trendsandvision.nl\\\/de\\\/product\\\/esschert-design-bewaesserungshilfe-terrac-vogel-3x\\\/\",\"name\":\"Esschert Design Bew\u00e4sserungshilfe Terracotta Vogel 3x (WH18)\",\"isPartOf\":{\"@id\":\"https:\\\/\\\/trendsandvision.nl\\\/de\\\/#website\"},\"primaryImageOfPage\":{\"@id\":\"https:\\\/\\\/trendsandvision.nl\\\/de\\\/product\\\/esschert-design-bewaesserungshilfe-terrac-vogel-3x\\\/#primaryimage\"},\"image\":{\"@id\":\"https:\\\/\\\/trendsandvision.nl\\\/de\\\/product\\\/esschert-design-bewaesserungshilfe-terrac-vogel-3x\\\/#primaryimage\"},\"thumbnailUrl\":\"https:\\\/\\\/trendsandvision.nl\\\/de\\\/wp-content\\\/uploads\\\/sites\\\/3\\\/2025\\\/12\\\/WH18_01.jpg\",\"datePublished\":\"2025-12-29T22:42:09+00:00\",\"dateModified\":\"2026-04-07T08:54:52+00:00\",\"description\":\"Esschert Design Bew\u00e4sserungshilfe Terracotta Vogel 3x (WH18) B 11,8 X T 6,4 X H 20,2 cm EAN 8714982298332 Material 100% Terracotta Gewicht 0,177 kg\",\"breadcrumb\":{\"@id\":\"https:\\\/\\\/trendsandvision.nl\\\/de\\\/product\\\/esschert-design-bewaesserungshilfe-terrac-vogel-3x\\\/#breadcrumb\"},\"inLanguage\":\"de\",\"potentialAction\":[{\"@type\":\"ReadAction\",\"target\":[\"https:\\\/\\\/trendsandvision.nl\\\/de\\\/product\\\/esschert-design-bewaesserungshilfe-terrac-vogel-3x\\\/\"]}]},{\"@type\":\"ImageObject\",\"inLanguage\":\"de\",\"@id\":\"https:\\\/\\\/trendsandvision.nl\\\/de\\\/product\\\/esschert-design-bewaesserungshilfe-terrac-vogel-3x\\\/#primaryimage\",\"url\":\"https:\\\/\\\/trendsandvision.nl\\\/de\\\/wp-content\\\/uploads\\\/sites\\\/3\\\/2025\\\/12\\\/WH18_01.jpg\",\"contentUrl\":\"https:\\\/\\\/trendsandvision.nl\\\/de\\\/wp-content\\\/uploads\\\/sites\\\/3\\\/2025\\\/12\\\/WH18_01.jpg\",\"width\":800,\"height\":800,\"caption\":\"Trends and VisionBew\u00e4sserungshilfe Terracotta Vogel 3x (WH18) B 11,8 X T 6,4 X H 20,2 cm EAN 8714982298332 Material 100% Terracotta Gewicht 0,177 kg\"},{\"@type\":\"BreadcrumbList\",\"@id\":\"https:\\\/\\\/trendsandvision.nl\\\/de\\\/product\\\/esschert-design-bewaesserungshilfe-terrac-vogel-3x\\\/#breadcrumb\",\"itemListElement\":[{\"@type\":\"ListItem\",\"position\":1,\"name\":\"Home\",\"item\":\"https:\\\/\\\/trendsandvision.nl\\\/de\\\/\"},{\"@type\":\"ListItem\",\"position\":2,\"name\":\"Gesch\u00e4ft\",\"item\":\"https:\\\/\\\/trendsandvision.nl\\\/de\\\/geschaft\\\/\"},{\"@type\":\"ListItem\",\"position\":3,\"name\":\"Esschert Design Bew\u00e4sserungshilfe Terracotta Vogel 3x\"}]},{\"@type\":\"WebSite\",\"@id\":\"https:\\\/\\\/trendsandvision.nl\\\/de\\\/#website\",\"url\":\"https:\\\/\\\/trendsandvision.nl\\\/de\\\/\",\"name\":\"Trends &amp; Vision (DE)\",\"description\":\"Der Webshop f\u00fcr Esschert Design Artikel\",\"publisher\":{\"@id\":\"https:\\\/\\\/trendsandvision.nl\\\/de\\\/#organization\"},\"potentialAction\":[{\"@type\":\"SearchAction\",\"target\":{\"@type\":\"EntryPoint\",\"urlTemplate\":\"https:\\\/\\\/trendsandvision.nl\\\/de\\\/?s={search_term_string}\"},\"query-input\":{\"@type\":\"PropertyValueSpecification\",\"valueRequired\":true,\"valueName\":\"search_term_string\"}}],\"inLanguage\":\"de\"},{\"@type\":\"Organization\",\"@id\":\"https:\\\/\\\/trendsandvision.nl\\\/de\\\/#organization\",\"name\":\"Trends &amp; Vision (DE)\",\"url\":\"https:\\\/\\\/trendsandvision.nl\\\/de\\\/\",\"logo\":{\"@type\":\"ImageObject\",\"inLanguage\":\"de\",\"@id\":\"https:\\\/\\\/trendsandvision.nl\\\/de\\\/#\\\/schema\\\/logo\\\/image\\\/\",\"url\":\"https:\\\/\\\/trendsandvision.nl\\\/de\\\/wp-content\\\/uploads\\\/sites\\\/3\\\/2022\\\/04\\\/trends-and-vision-logo.jpg\",\"contentUrl\":\"https:\\\/\\\/trendsandvision.nl\\\/de\\\/wp-content\\\/uploads\\\/sites\\\/3\\\/2022\\\/04\\\/trends-and-vision-logo.jpg\",\"width\":213,\"height\":100,\"caption\":\"Trends &amp; Vision (DE)\"},\"image\":{\"@id\":\"https:\\\/\\\/trendsandvision.nl\\\/de\\\/#\\\/schema\\\/logo\\\/image\\\/\"}}]}<\/script>\n<!-- \/ Yoast SEO Premium plugin. -->","yoast_head_json":{"title":"Esschert Design Bew\u00e4sserungshilfe Terracotta Vogel 3x (WH18)","description":"Esschert Design Bew\u00e4sserungshilfe Terracotta Vogel 3x (WH18) B 11,8 X T 6,4 X H 20,2 cm EAN 8714982298332 Material 100% Terracotta Gewicht 0,177 kg","robots":{"index":"index","follow":"follow","max-snippet":"max-snippet:-1","max-image-preview":"max-image-preview:large","max-video-preview":"max-video-preview:-1"},"canonical":"https:\/\/trendsandvision.nl\/de\/product\/esschert-design-bewaesserungshilfe-terrac-vogel-3x\/","og_locale":"de_DE","og_type":"article","og_title":"Esschert Design Bew\u00e4sserungshilfe Terracotta Vogel 3x","og_description":"Esschert Design Bew\u00e4sserungshilfe Terracotta Vogel 3x (WH18) B 11,8 X T 6,4 X H 20,2 cm EAN 8714982298332 Material 100% Terracotta Gewicht 0,177 kg","og_url":"https:\/\/trendsandvision.nl\/de\/product\/esschert-design-bewaesserungshilfe-terrac-vogel-3x\/","og_site_name":"Trends &amp; Vision (DE)","article_modified_time":"2026-04-07T08:54:52+00:00","og_image":[{"width":800,"height":800,"url":"https:\/\/trendsandvision.nl\/de\/wp-content\/uploads\/sites\/3\/2025\/12\/WH18_01.jpg","type":"image\/jpeg"}],"twitter_card":"summary_large_image","twitter_misc":{"Gesch\u00e4tzte Lesezeit":"1\u00a0Minute"},"schema":{"@context":"https:\/\/schema.org","@graph":[{"@type":"WebPage","@id":"https:\/\/trendsandvision.nl\/de\/product\/esschert-design-bewaesserungshilfe-terrac-vogel-3x\/","url":"https:\/\/trendsandvision.nl\/de\/product\/esschert-design-bewaesserungshilfe-terrac-vogel-3x\/","name":"Esschert Design Bew\u00e4sserungshilfe Terracotta Vogel 3x (WH18)","isPartOf":{"@id":"https:\/\/trendsandvision.nl\/de\/#website"},"primaryImageOfPage":{"@id":"https:\/\/trendsandvision.nl\/de\/product\/esschert-design-bewaesserungshilfe-terrac-vogel-3x\/#primaryimage"},"image":{"@id":"https:\/\/trendsandvision.nl\/de\/product\/esschert-design-bewaesserungshilfe-terrac-vogel-3x\/#primaryimage"},"thumbnailUrl":"https:\/\/trendsandvision.nl\/de\/wp-content\/uploads\/sites\/3\/2025\/12\/WH18_01.jpg","datePublished":"2025-12-29T22:42:09+00:00","dateModified":"2026-04-07T08:54:52+00:00","description":"Esschert Design Bew\u00e4sserungshilfe Terracotta Vogel 3x (WH18) B 11,8 X T 6,4 X H 20,2 cm EAN 8714982298332 Material 100% Terracotta Gewicht 0,177 kg","breadcrumb":{"@id":"https:\/\/trendsandvision.nl\/de\/product\/esschert-design-bewaesserungshilfe-terrac-vogel-3x\/#breadcrumb"},"inLanguage":"de","potentialAction":[{"@type":"ReadAction","target":["https:\/\/trendsandvision.nl\/de\/product\/esschert-design-bewaesserungshilfe-terrac-vogel-3x\/"]}]},{"@type":"ImageObject","inLanguage":"de","@id":"https:\/\/trendsandvision.nl\/de\/product\/esschert-design-bewaesserungshilfe-terrac-vogel-3x\/#primaryimage","url":"https:\/\/trendsandvision.nl\/de\/wp-content\/uploads\/sites\/3\/2025\/12\/WH18_01.jpg","contentUrl":"https:\/\/trendsandvision.nl\/de\/wp-content\/uploads\/sites\/3\/2025\/12\/WH18_01.jpg","width":800,"height":800,"caption":"Trends and VisionBew\u00e4sserungshilfe Terracotta Vogel 3x (WH18) B 11,8 X T 6,4 X H 20,2 cm EAN 8714982298332 Material 100% Terracotta Gewicht 0,177 kg"},{"@type":"BreadcrumbList","@id":"https:\/\/trendsandvision.nl\/de\/product\/esschert-design-bewaesserungshilfe-terrac-vogel-3x\/#breadcrumb","itemListElement":[{"@type":"ListItem","position":1,"name":"Home","item":"https:\/\/trendsandvision.nl\/de\/"},{"@type":"ListItem","position":2,"name":"Gesch\u00e4ft","item":"https:\/\/trendsandvision.nl\/de\/geschaft\/"},{"@type":"ListItem","position":3,"name":"Esschert Design Bew\u00e4sserungshilfe Terracotta Vogel 3x"}]},{"@type":"WebSite","@id":"https:\/\/trendsandvision.nl\/de\/#website","url":"https:\/\/trendsandvision.nl\/de\/","name":"Trends &amp; Vision (DE)","description":"Der Webshop f\u00fcr Esschert Design Artikel","publisher":{"@id":"https:\/\/trendsandvision.nl\/de\/#organization"},"potentialAction":[{"@type":"SearchAction","target":{"@type":"EntryPoint","urlTemplate":"https:\/\/trendsandvision.nl\/de\/?s={search_term_string}"},"query-input":{"@type":"PropertyValueSpecification","valueRequired":true,"valueName":"search_term_string"}}],"inLanguage":"de"},{"@type":"Organization","@id":"https:\/\/trendsandvision.nl\/de\/#organization","name":"Trends &amp; Vision (DE)","url":"https:\/\/trendsandvision.nl\/de\/","logo":{"@type":"ImageObject","inLanguage":"de","@id":"https:\/\/trendsandvision.nl\/de\/#\/schema\/logo\/image\/","url":"https:\/\/trendsandvision.nl\/de\/wp-content\/uploads\/sites\/3\/2022\/04\/trends-and-vision-logo.jpg","contentUrl":"https:\/\/trendsandvision.nl\/de\/wp-content\/uploads\/sites\/3\/2022\/04\/trends-and-vision-logo.jpg","width":213,"height":100,"caption":"Trends &amp; Vision (DE)"},"image":{"@id":"https:\/\/trendsandvision.nl\/de\/#\/schema\/logo\/image\/"}}]}},"_links":{"self":[{"href":"https:\/\/trendsandvision.nl\/de\/wp-json\/wp\/v2\/product\/24214","targetHints":{"allow":["GET"]}}],"collection":[{"href":"https:\/\/trendsandvision.nl\/de\/wp-json\/wp\/v2\/product"}],"about":[{"href":"https:\/\/trendsandvision.nl\/de\/wp-json\/wp\/v2\/types\/product"}],"wp:featuredmedia":[{"embeddable":true,"href":"https:\/\/trendsandvision.nl\/de\/wp-json\/wp\/v2\/media\/24215"}],"wp:attachment":[{"href":"https:\/\/trendsandvision.nl\/de\/wp-json\/wp\/v2\/media?parent=24214"}],"wp:term":[{"taxonomy":"product_brand","embeddable":true,"href":"https:\/\/trendsandvision.nl\/de\/wp-json\/wp\/v2\/product_brand?post=24214"},{"taxonomy":"product_cat","embeddable":true,"href":"https:\/\/trendsandvision.nl\/de\/wp-json\/wp\/v2\/product_cat?post=24214"},{"taxonomy":"product_tag","embeddable":true,"href":"https:\/\/trendsandvision.nl\/de\/wp-json\/wp\/v2\/product_tag?post=24214"}],"curies":[{"name":"wp","href":"https:\/\/api.w.org\/{rel}","templated":true}]}}