{"id":24206,"date":"2025-12-29T23:42:09","date_gmt":"2025-12-29T22:42:09","guid":{"rendered":"https:\/\/trendsandvision.nl\/de\/product\/esschert-design-igelfutter-1kg-in-eimer\/"},"modified":"2026-04-07T10:54:02","modified_gmt":"2026-04-07T08:54:02","slug":"esschert-design-igelfutter-1-kg-in-eimer","status":"publish","type":"product","link":"https:\/\/trendsandvision.nl\/de\/product\/esschert-design-igelfutter-1-kg-in-eimer\/","title":{"rendered":"Esschert Design Igelfutter 1 kg in Eimer"},"content":{"rendered":"<p>Versorgen Sie die <strong><a href=\"https:\/\/trendsandvision.nl\/de\/?s=Igel&amp;post_type=product&amp;dgwt_wcas=1\">Igel<\/a><\/strong> in Ihrem Garten mit diesem hochwertigen Igelfutter. Die Mischung besteht aus kleinen, knusprigen St\u00fccken, die 75 % des Futters ausmachen, und 25 % getrocknetem Rindfleisch. Eine ausgewogene Kombination aus Energie und Eiwei\u00df. Das Igelfutter ist in einem wiederverschlie\u00dfbaren, transparenten Eimer verpackt, wodurch es frisch bleibt und vor Sch\u00e4dlingen und Nagetieren gesch\u00fctzt ist. Dieses Futter hilft Igeln, stark und gesund zu bleiben.<\/p>\n<p>Artikelname Igelfutter 1kg in Eimer<br \/>\nArtikelnummer WA121<br \/>\nProduktgr\u00f6\u00dfen in cm B 17,3 X T 17,3 X H 15,5<br \/>\nBarcode 8714982300035<br \/>\nNettogewicht 1 kg<br \/>\nProduzent: <a href=\"https:\/\/www.esschertdesign.com\/shop\/de\/egelvoer-1-kg-in-emmer-wa121\" target=\"_blank\">Esschert Design<\/a><br \/>\nMaterial:<br \/>\nMais, getrocknetes Rindfleisch+Nebenerzeugnisse, Weizen, Fleisch- und tierische Nebenerzeugnisse (inkl. verarbeitetes tierisches Protein von Gefl\u00fcgel, Rind, Schwein), pflanzliche Nebenerzeugnisse, \u00d6le, Fette, Mineralstoffe.<\/p>\n","protected":false},"excerpt":{"rendered":"<p>Nagetiersicherer Eimer mit Griff<br \/>\nGanzj\u00e4hrig geeignetes Futter<br \/>\nVerzehrfertig<br \/>\nLeicht stapelbar<br \/>\nB X T \u00f8 17,3 X H 15,5 cm<br \/>\nBarcode 8714982300035<br \/>\nMaterial: Siehe Produktbeschreibung<br \/>\nNettogewicht 1 kg<\/p>\n","protected":false},"featured_media":24207,"template":"","meta":[],"product_brand":[9597,9870],"product_cat":[1315],"product_tag":[11127,10210],"class_list":{"0":"post-24206","1":"product","2":"type-product","3":"status-publish","4":"has-post-thumbnail","6":"product_brand-esschert-design","7":"product_brand-trends-vision","8":"product_cat-best-for-birds","9":"product_tag-igelfutter-1kg-in-eimer","10":"product_tag-igeln","11":"pa_anbieter-esschert-design","12":"pa_ean-code-11007","14":"first","15":"instock","16":"sale","17":"taxable","18":"shipping-taxable","19":"purchasable","20":"product-type-simple","21":"czr-hentry"},"yoast_head":"<!-- This site is optimized with the Yoast SEO Premium plugin v26.4 (Yoast SEO v27.4) - https:\/\/yoast.com\/product\/yoast-seo-premium-wordpress\/ -->\n<title>Esschert Design Igelfutter 1 kg in Eimer (WA121)<\/title>\n<meta name=\"description\" content=\"Esschert Design Igelfutter 1 kg in Eimer (WA121) B 17,3 X T 17,3 X H 15,5 cm Barcode 8714982300035 Material: Siehe Produktbeschreibung Gewicht 1 kg\" \/>\n<meta name=\"robots\" content=\"index, follow, max-snippet:-1, max-image-preview:large, max-video-preview:-1\" \/>\n<link rel=\"canonical\" href=\"https:\/\/trendsandvision.nl\/de\/product\/esschert-design-igelfutter-1-kg-in-eimer\/\" \/>\n<meta property=\"og:locale\" content=\"de_DE\" \/>\n<meta property=\"og:type\" content=\"article\" \/>\n<meta property=\"og:title\" content=\"Esschert Design Igelfutter 1 kg in Eimer\" \/>\n<meta property=\"og:description\" content=\"Esschert Design Igelfutter 1 kg in Eimer (WA121) B 17,3 X T 17,3 X H 15,5 cm Barcode 8714982300035 Material: Siehe Produktbeschreibung Gewicht 1 kg\" \/>\n<meta property=\"og:url\" content=\"https:\/\/trendsandvision.nl\/de\/product\/esschert-design-igelfutter-1-kg-in-eimer\/\" \/>\n<meta property=\"og:site_name\" content=\"Trends &amp; Vision (DE)\" \/>\n<meta property=\"article:modified_time\" content=\"2026-04-07T08:54:02+00:00\" \/>\n<meta property=\"og:image\" content=\"https:\/\/trendsandvision.nl\/de\/wp-content\/uploads\/sites\/3\/2025\/12\/WA121_01.jpg\" \/>\n\t<meta property=\"og:image:width\" content=\"800\" \/>\n\t<meta property=\"og:image:height\" content=\"800\" \/>\n\t<meta property=\"og:image:type\" content=\"image\/jpeg\" \/>\n<meta name=\"twitter:card\" content=\"summary_large_image\" \/>\n<meta name=\"twitter:label1\" content=\"Gesch\u00e4tzte Lesezeit\" \/>\n\t<meta name=\"twitter:data1\" content=\"1\u00a0Minute\" \/>\n<script type=\"application\/ld+json\" class=\"yoast-schema-graph\">{\"@context\":\"https:\\\/\\\/schema.org\",\"@graph\":[{\"@type\":\"WebPage\",\"@id\":\"https:\\\/\\\/trendsandvision.nl\\\/de\\\/product\\\/esschert-design-igelfutter-1-kg-in-eimer\\\/\",\"url\":\"https:\\\/\\\/trendsandvision.nl\\\/de\\\/product\\\/esschert-design-igelfutter-1-kg-in-eimer\\\/\",\"name\":\"Esschert Design Igelfutter 1 kg in Eimer (WA121)\",\"isPartOf\":{\"@id\":\"https:\\\/\\\/trendsandvision.nl\\\/de\\\/#website\"},\"primaryImageOfPage\":{\"@id\":\"https:\\\/\\\/trendsandvision.nl\\\/de\\\/product\\\/esschert-design-igelfutter-1-kg-in-eimer\\\/#primaryimage\"},\"image\":{\"@id\":\"https:\\\/\\\/trendsandvision.nl\\\/de\\\/product\\\/esschert-design-igelfutter-1-kg-in-eimer\\\/#primaryimage\"},\"thumbnailUrl\":\"https:\\\/\\\/trendsandvision.nl\\\/de\\\/wp-content\\\/uploads\\\/sites\\\/3\\\/2025\\\/12\\\/WA121_01.jpg\",\"datePublished\":\"2025-12-29T22:42:09+00:00\",\"dateModified\":\"2026-04-07T08:54:02+00:00\",\"description\":\"Esschert Design Igelfutter 1 kg in Eimer (WA121) B 17,3 X T 17,3 X H 15,5 cm Barcode 8714982300035 Material: Siehe Produktbeschreibung Gewicht 1 kg\",\"breadcrumb\":{\"@id\":\"https:\\\/\\\/trendsandvision.nl\\\/de\\\/product\\\/esschert-design-igelfutter-1-kg-in-eimer\\\/#breadcrumb\"},\"inLanguage\":\"de\",\"potentialAction\":[{\"@type\":\"ReadAction\",\"target\":[\"https:\\\/\\\/trendsandvision.nl\\\/de\\\/product\\\/esschert-design-igelfutter-1-kg-in-eimer\\\/\"]}]},{\"@type\":\"ImageObject\",\"inLanguage\":\"de\",\"@id\":\"https:\\\/\\\/trendsandvision.nl\\\/de\\\/product\\\/esschert-design-igelfutter-1-kg-in-eimer\\\/#primaryimage\",\"url\":\"https:\\\/\\\/trendsandvision.nl\\\/de\\\/wp-content\\\/uploads\\\/sites\\\/3\\\/2025\\\/12\\\/WA121_01.jpg\",\"contentUrl\":\"https:\\\/\\\/trendsandvision.nl\\\/de\\\/wp-content\\\/uploads\\\/sites\\\/3\\\/2025\\\/12\\\/WA121_01.jpg\",\"width\":800,\"height\":800,\"caption\":\"Trends and Vision Igelfutter 1 kg in Eimer (WA121) B 17,3 X T 17,3 X H 15,5 cm Barcode 8714982300035 Material: Siehe Produktbeschreibung Gewicht 1 kg\"},{\"@type\":\"BreadcrumbList\",\"@id\":\"https:\\\/\\\/trendsandvision.nl\\\/de\\\/product\\\/esschert-design-igelfutter-1-kg-in-eimer\\\/#breadcrumb\",\"itemListElement\":[{\"@type\":\"ListItem\",\"position\":1,\"name\":\"Home\",\"item\":\"https:\\\/\\\/trendsandvision.nl\\\/de\\\/\"},{\"@type\":\"ListItem\",\"position\":2,\"name\":\"Gesch\u00e4ft\",\"item\":\"https:\\\/\\\/trendsandvision.nl\\\/de\\\/geschaft\\\/\"},{\"@type\":\"ListItem\",\"position\":3,\"name\":\"Esschert Design Igelfutter 1 kg in Eimer\"}]},{\"@type\":\"WebSite\",\"@id\":\"https:\\\/\\\/trendsandvision.nl\\\/de\\\/#website\",\"url\":\"https:\\\/\\\/trendsandvision.nl\\\/de\\\/\",\"name\":\"Trends &amp; Vision (DE)\",\"description\":\"Der Webshop f\u00fcr Esschert Design Artikel\",\"publisher\":{\"@id\":\"https:\\\/\\\/trendsandvision.nl\\\/de\\\/#organization\"},\"potentialAction\":[{\"@type\":\"SearchAction\",\"target\":{\"@type\":\"EntryPoint\",\"urlTemplate\":\"https:\\\/\\\/trendsandvision.nl\\\/de\\\/?s={search_term_string}\"},\"query-input\":{\"@type\":\"PropertyValueSpecification\",\"valueRequired\":true,\"valueName\":\"search_term_string\"}}],\"inLanguage\":\"de\"},{\"@type\":\"Organization\",\"@id\":\"https:\\\/\\\/trendsandvision.nl\\\/de\\\/#organization\",\"name\":\"Trends &amp; Vision (DE)\",\"url\":\"https:\\\/\\\/trendsandvision.nl\\\/de\\\/\",\"logo\":{\"@type\":\"ImageObject\",\"inLanguage\":\"de\",\"@id\":\"https:\\\/\\\/trendsandvision.nl\\\/de\\\/#\\\/schema\\\/logo\\\/image\\\/\",\"url\":\"https:\\\/\\\/trendsandvision.nl\\\/de\\\/wp-content\\\/uploads\\\/sites\\\/3\\\/2022\\\/04\\\/trends-and-vision-logo.jpg\",\"contentUrl\":\"https:\\\/\\\/trendsandvision.nl\\\/de\\\/wp-content\\\/uploads\\\/sites\\\/3\\\/2022\\\/04\\\/trends-and-vision-logo.jpg\",\"width\":213,\"height\":100,\"caption\":\"Trends &amp; Vision (DE)\"},\"image\":{\"@id\":\"https:\\\/\\\/trendsandvision.nl\\\/de\\\/#\\\/schema\\\/logo\\\/image\\\/\"}}]}<\/script>\n<!-- \/ Yoast SEO Premium plugin. -->","yoast_head_json":{"title":"Esschert Design Igelfutter 1 kg in Eimer (WA121)","description":"Esschert Design Igelfutter 1 kg in Eimer (WA121) B 17,3 X T 17,3 X H 15,5 cm Barcode 8714982300035 Material: Siehe Produktbeschreibung Gewicht 1 kg","robots":{"index":"index","follow":"follow","max-snippet":"max-snippet:-1","max-image-preview":"max-image-preview:large","max-video-preview":"max-video-preview:-1"},"canonical":"https:\/\/trendsandvision.nl\/de\/product\/esschert-design-igelfutter-1-kg-in-eimer\/","og_locale":"de_DE","og_type":"article","og_title":"Esschert Design Igelfutter 1 kg in Eimer","og_description":"Esschert Design Igelfutter 1 kg in Eimer (WA121) B 17,3 X T 17,3 X H 15,5 cm Barcode 8714982300035 Material: Siehe Produktbeschreibung Gewicht 1 kg","og_url":"https:\/\/trendsandvision.nl\/de\/product\/esschert-design-igelfutter-1-kg-in-eimer\/","og_site_name":"Trends &amp; Vision (DE)","article_modified_time":"2026-04-07T08:54:02+00:00","og_image":[{"width":800,"height":800,"url":"https:\/\/trendsandvision.nl\/de\/wp-content\/uploads\/sites\/3\/2025\/12\/WA121_01.jpg","type":"image\/jpeg"}],"twitter_card":"summary_large_image","twitter_misc":{"Gesch\u00e4tzte Lesezeit":"1\u00a0Minute"},"schema":{"@context":"https:\/\/schema.org","@graph":[{"@type":"WebPage","@id":"https:\/\/trendsandvision.nl\/de\/product\/esschert-design-igelfutter-1-kg-in-eimer\/","url":"https:\/\/trendsandvision.nl\/de\/product\/esschert-design-igelfutter-1-kg-in-eimer\/","name":"Esschert Design Igelfutter 1 kg in Eimer (WA121)","isPartOf":{"@id":"https:\/\/trendsandvision.nl\/de\/#website"},"primaryImageOfPage":{"@id":"https:\/\/trendsandvision.nl\/de\/product\/esschert-design-igelfutter-1-kg-in-eimer\/#primaryimage"},"image":{"@id":"https:\/\/trendsandvision.nl\/de\/product\/esschert-design-igelfutter-1-kg-in-eimer\/#primaryimage"},"thumbnailUrl":"https:\/\/trendsandvision.nl\/de\/wp-content\/uploads\/sites\/3\/2025\/12\/WA121_01.jpg","datePublished":"2025-12-29T22:42:09+00:00","dateModified":"2026-04-07T08:54:02+00:00","description":"Esschert Design Igelfutter 1 kg in Eimer (WA121) B 17,3 X T 17,3 X H 15,5 cm Barcode 8714982300035 Material: Siehe Produktbeschreibung Gewicht 1 kg","breadcrumb":{"@id":"https:\/\/trendsandvision.nl\/de\/product\/esschert-design-igelfutter-1-kg-in-eimer\/#breadcrumb"},"inLanguage":"de","potentialAction":[{"@type":"ReadAction","target":["https:\/\/trendsandvision.nl\/de\/product\/esschert-design-igelfutter-1-kg-in-eimer\/"]}]},{"@type":"ImageObject","inLanguage":"de","@id":"https:\/\/trendsandvision.nl\/de\/product\/esschert-design-igelfutter-1-kg-in-eimer\/#primaryimage","url":"https:\/\/trendsandvision.nl\/de\/wp-content\/uploads\/sites\/3\/2025\/12\/WA121_01.jpg","contentUrl":"https:\/\/trendsandvision.nl\/de\/wp-content\/uploads\/sites\/3\/2025\/12\/WA121_01.jpg","width":800,"height":800,"caption":"Trends and Vision Igelfutter 1 kg in Eimer (WA121) B 17,3 X T 17,3 X H 15,5 cm Barcode 8714982300035 Material: Siehe Produktbeschreibung Gewicht 1 kg"},{"@type":"BreadcrumbList","@id":"https:\/\/trendsandvision.nl\/de\/product\/esschert-design-igelfutter-1-kg-in-eimer\/#breadcrumb","itemListElement":[{"@type":"ListItem","position":1,"name":"Home","item":"https:\/\/trendsandvision.nl\/de\/"},{"@type":"ListItem","position":2,"name":"Gesch\u00e4ft","item":"https:\/\/trendsandvision.nl\/de\/geschaft\/"},{"@type":"ListItem","position":3,"name":"Esschert Design Igelfutter 1 kg in Eimer"}]},{"@type":"WebSite","@id":"https:\/\/trendsandvision.nl\/de\/#website","url":"https:\/\/trendsandvision.nl\/de\/","name":"Trends &amp; Vision (DE)","description":"Der Webshop f\u00fcr Esschert Design Artikel","publisher":{"@id":"https:\/\/trendsandvision.nl\/de\/#organization"},"potentialAction":[{"@type":"SearchAction","target":{"@type":"EntryPoint","urlTemplate":"https:\/\/trendsandvision.nl\/de\/?s={search_term_string}"},"query-input":{"@type":"PropertyValueSpecification","valueRequired":true,"valueName":"search_term_string"}}],"inLanguage":"de"},{"@type":"Organization","@id":"https:\/\/trendsandvision.nl\/de\/#organization","name":"Trends &amp; Vision (DE)","url":"https:\/\/trendsandvision.nl\/de\/","logo":{"@type":"ImageObject","inLanguage":"de","@id":"https:\/\/trendsandvision.nl\/de\/#\/schema\/logo\/image\/","url":"https:\/\/trendsandvision.nl\/de\/wp-content\/uploads\/sites\/3\/2022\/04\/trends-and-vision-logo.jpg","contentUrl":"https:\/\/trendsandvision.nl\/de\/wp-content\/uploads\/sites\/3\/2022\/04\/trends-and-vision-logo.jpg","width":213,"height":100,"caption":"Trends &amp; Vision (DE)"},"image":{"@id":"https:\/\/trendsandvision.nl\/de\/#\/schema\/logo\/image\/"}}]}},"_links":{"self":[{"href":"https:\/\/trendsandvision.nl\/de\/wp-json\/wp\/v2\/product\/24206","targetHints":{"allow":["GET"]}}],"collection":[{"href":"https:\/\/trendsandvision.nl\/de\/wp-json\/wp\/v2\/product"}],"about":[{"href":"https:\/\/trendsandvision.nl\/de\/wp-json\/wp\/v2\/types\/product"}],"wp:featuredmedia":[{"embeddable":true,"href":"https:\/\/trendsandvision.nl\/de\/wp-json\/wp\/v2\/media\/24207"}],"wp:attachment":[{"href":"https:\/\/trendsandvision.nl\/de\/wp-json\/wp\/v2\/media?parent=24206"}],"wp:term":[{"taxonomy":"product_brand","embeddable":true,"href":"https:\/\/trendsandvision.nl\/de\/wp-json\/wp\/v2\/product_brand?post=24206"},{"taxonomy":"product_cat","embeddable":true,"href":"https:\/\/trendsandvision.nl\/de\/wp-json\/wp\/v2\/product_cat?post=24206"},{"taxonomy":"product_tag","embeddable":true,"href":"https:\/\/trendsandvision.nl\/de\/wp-json\/wp\/v2\/product_tag?post=24206"}],"curies":[{"name":"wp","href":"https:\/\/api.w.org\/{rel}","templated":true}]}}