{"id":24202,"date":"2025-12-29T23:41:42","date_gmt":"2025-12-29T22:41:42","guid":{"rendered":"https:\/\/trendsandvision.nl\/de\/product\/esschert-design-insektentrinkschaelchen-blume-wahl\/"},"modified":"2026-04-07T10:54:01","modified_gmt":"2026-04-07T08:54:01","slug":"esschert-design-insektentrinkschaelchen-blume-wahl","status":"publish","type":"product","link":"https:\/\/trendsandvision.nl\/de\/product\/esschert-design-insektentrinkschaelchen-blume-wahl\/","title":{"rendered":"Esschert Design Insektentrinksch\u00e4lchen Blume Wahl"},"content":{"rendered":"<p>Unterst\u00fctzen Sie Bienen, Schmetterlinge und andere n\u00fctzliche Insekten mit diesen Keramikblumen. Jede Blume ist als flache Schale gestaltet und bietet Insekten einen sicheren und leicht zug\u00e4nglichen <strong><a href=\"https:\/\/trendsandvision.nl\/de\/?s=Trinkplatz&amp;post_type=product&amp;dgwt_wcas=1\">Trinkplatz<\/a><\/strong>. Die Formen und Farben sind von echten Blumen inspiriert und ziehen auf nat\u00fcrliche Weise Insekten in den Garten. Dank der praktischen Spie\u00dfe an der Unterseite k\u00f6nnen die Blumen einfach zwischen Pflanzen in Blumenbeeten platziert werden.<\/p>\n<p>Artikelname Insektentrinksch\u00e4lchen Blume Wahl<br \/>\nArtikelnummer WA120<br \/>\nProduktgr\u00f6\u00dfen in cm B 4,1 X T 4,1 X H 9,1<br \/>\nBarcode 8714982298288<br \/>\nMaterial 100% Dolomit<br \/>\nNettogewicht 0,141 kg<br \/>\nProduzent: <a href=\"https:\/\/www.esschertdesign.com\/shop\/de\/insectendrinkschaaltje-bloem-ass-wa120\" target=\"_blank\">Esschert Design<\/a><\/p>\n","protected":false},"excerpt":{"rendered":"<p>Hergestellt aus Keramik<br \/>\nEinfach zu platzieren<br \/>\nVersorgt Insekten mit Wasser<br \/>\nWahl aus 4, Preis pro St\u00fcck<br \/>\nB 4,1 X T 4,1 X H 9,1 cm<br \/>\nBarcode 8714982298288<br \/>\nMaterial 100% Dolomit<br \/>\nNettogewicht 0,141 kg<\/p>\n","protected":false},"featured_media":24203,"template":"","meta":[],"product_brand":[9597,9870],"product_cat":[1315],"product_tag":[10609,11130,6849],"class_list":{"0":"post-24202","1":"product","2":"type-product","3":"status-publish","4":"has-post-thumbnail","6":"product_brand-esschert-design","7":"product_brand-trends-vision","8":"product_cat-best-for-birds","9":"product_tag-farbwahl-und-pro-stueck","10":"product_tag-insektentrinkschaelchen","11":"product_tag-keramik","12":"pa_anbieter-esschert-design","13":"pa_ean-code-11006","15":"first","16":"outofstock","17":"sale","18":"taxable","19":"shipping-taxable","20":"purchasable","21":"product-type-simple","22":"czr-hentry"},"yoast_head":"<!-- This site is optimized with the Yoast SEO Premium plugin v26.4 (Yoast SEO v27.4) - https:\/\/yoast.com\/product\/yoast-seo-premium-wordpress\/ -->\n<title>Esschert Design Insektentrinksch\u00e4lchen Blume Wahl (WA120)<\/title>\n<meta name=\"description\" content=\"Esschert Design Insektentrinksch\u00e4lchen Blume Wahl (WA120) B 4,1 X T 4,1 X H 9,1 cm EAN 8714982298288 Material 100% Dolomit Gewicht 0,141 kg\" \/>\n<meta name=\"robots\" content=\"index, follow, max-snippet:-1, max-image-preview:large, max-video-preview:-1\" \/>\n<link rel=\"canonical\" href=\"https:\/\/trendsandvision.nl\/de\/product\/esschert-design-insektentrinkschaelchen-blume-wahl\/\" \/>\n<meta property=\"og:locale\" content=\"de_DE\" \/>\n<meta property=\"og:type\" content=\"article\" \/>\n<meta property=\"og:title\" content=\"Esschert Design Insektentrinksch\u00e4lchen Blume Wahl\" \/>\n<meta property=\"og:description\" content=\"Esschert Design Insektentrinksch\u00e4lchen Blume Wahl (WA120) B 4,1 X T 4,1 X H 9,1 cm EAN 8714982298288 Material 100% Dolomit Gewicht 0,141 kg\" \/>\n<meta property=\"og:url\" content=\"https:\/\/trendsandvision.nl\/de\/product\/esschert-design-insektentrinkschaelchen-blume-wahl\/\" \/>\n<meta property=\"og:site_name\" content=\"Trends &amp; Vision (DE)\" \/>\n<meta property=\"article:modified_time\" content=\"2026-04-07T08:54:01+00:00\" \/>\n<meta property=\"og:image\" content=\"https:\/\/trendsandvision.nl\/de\/wp-content\/uploads\/sites\/3\/2025\/12\/WA120_01.jpg\" \/>\n\t<meta property=\"og:image:width\" content=\"800\" \/>\n\t<meta property=\"og:image:height\" content=\"800\" \/>\n\t<meta property=\"og:image:type\" content=\"image\/jpeg\" \/>\n<meta name=\"twitter:card\" content=\"summary_large_image\" \/>\n<meta name=\"twitter:label1\" content=\"Gesch\u00e4tzte Lesezeit\" \/>\n\t<meta name=\"twitter:data1\" content=\"1\u00a0Minute\" \/>\n<script type=\"application\/ld+json\" class=\"yoast-schema-graph\">{\"@context\":\"https:\\\/\\\/schema.org\",\"@graph\":[{\"@type\":\"WebPage\",\"@id\":\"https:\\\/\\\/trendsandvision.nl\\\/de\\\/product\\\/esschert-design-insektentrinkschaelchen-blume-wahl\\\/\",\"url\":\"https:\\\/\\\/trendsandvision.nl\\\/de\\\/product\\\/esschert-design-insektentrinkschaelchen-blume-wahl\\\/\",\"name\":\"Esschert Design Insektentrinksch\u00e4lchen Blume Wahl (WA120)\",\"isPartOf\":{\"@id\":\"https:\\\/\\\/trendsandvision.nl\\\/de\\\/#website\"},\"primaryImageOfPage\":{\"@id\":\"https:\\\/\\\/trendsandvision.nl\\\/de\\\/product\\\/esschert-design-insektentrinkschaelchen-blume-wahl\\\/#primaryimage\"},\"image\":{\"@id\":\"https:\\\/\\\/trendsandvision.nl\\\/de\\\/product\\\/esschert-design-insektentrinkschaelchen-blume-wahl\\\/#primaryimage\"},\"thumbnailUrl\":\"https:\\\/\\\/trendsandvision.nl\\\/de\\\/wp-content\\\/uploads\\\/sites\\\/3\\\/2025\\\/12\\\/WA120_01.jpg\",\"datePublished\":\"2025-12-29T22:41:42+00:00\",\"dateModified\":\"2026-04-07T08:54:01+00:00\",\"description\":\"Esschert Design Insektentrinksch\u00e4lchen Blume Wahl (WA120) B 4,1 X T 4,1 X H 9,1 cm EAN 8714982298288 Material 100% Dolomit Gewicht 0,141 kg\",\"breadcrumb\":{\"@id\":\"https:\\\/\\\/trendsandvision.nl\\\/de\\\/product\\\/esschert-design-insektentrinkschaelchen-blume-wahl\\\/#breadcrumb\"},\"inLanguage\":\"de\",\"potentialAction\":[{\"@type\":\"ReadAction\",\"target\":[\"https:\\\/\\\/trendsandvision.nl\\\/de\\\/product\\\/esschert-design-insektentrinkschaelchen-blume-wahl\\\/\"]}]},{\"@type\":\"ImageObject\",\"inLanguage\":\"de\",\"@id\":\"https:\\\/\\\/trendsandvision.nl\\\/de\\\/product\\\/esschert-design-insektentrinkschaelchen-blume-wahl\\\/#primaryimage\",\"url\":\"https:\\\/\\\/trendsandvision.nl\\\/de\\\/wp-content\\\/uploads\\\/sites\\\/3\\\/2025\\\/12\\\/WA120_01.jpg\",\"contentUrl\":\"https:\\\/\\\/trendsandvision.nl\\\/de\\\/wp-content\\\/uploads\\\/sites\\\/3\\\/2025\\\/12\\\/WA120_01.jpg\",\"width\":800,\"height\":800,\"caption\":\"Trends and Vision Insektentrinksch\u00e4lchen Blume Wahl (WA120) B 4,1 X T 4,1 X H 9,1 cm EAN 8714982298288 Material 100% Dolomit Gewicht 0,141 kg\"},{\"@type\":\"BreadcrumbList\",\"@id\":\"https:\\\/\\\/trendsandvision.nl\\\/de\\\/product\\\/esschert-design-insektentrinkschaelchen-blume-wahl\\\/#breadcrumb\",\"itemListElement\":[{\"@type\":\"ListItem\",\"position\":1,\"name\":\"Home\",\"item\":\"https:\\\/\\\/trendsandvision.nl\\\/de\\\/\"},{\"@type\":\"ListItem\",\"position\":2,\"name\":\"Gesch\u00e4ft\",\"item\":\"https:\\\/\\\/trendsandvision.nl\\\/de\\\/geschaft\\\/\"},{\"@type\":\"ListItem\",\"position\":3,\"name\":\"Esschert Design Insektentrinksch\u00e4lchen Blume Wahl\"}]},{\"@type\":\"WebSite\",\"@id\":\"https:\\\/\\\/trendsandvision.nl\\\/de\\\/#website\",\"url\":\"https:\\\/\\\/trendsandvision.nl\\\/de\\\/\",\"name\":\"Trends &amp; Vision (DE)\",\"description\":\"Der Webshop f\u00fcr Esschert Design Artikel\",\"publisher\":{\"@id\":\"https:\\\/\\\/trendsandvision.nl\\\/de\\\/#organization\"},\"potentialAction\":[{\"@type\":\"SearchAction\",\"target\":{\"@type\":\"EntryPoint\",\"urlTemplate\":\"https:\\\/\\\/trendsandvision.nl\\\/de\\\/?s={search_term_string}\"},\"query-input\":{\"@type\":\"PropertyValueSpecification\",\"valueRequired\":true,\"valueName\":\"search_term_string\"}}],\"inLanguage\":\"de\"},{\"@type\":\"Organization\",\"@id\":\"https:\\\/\\\/trendsandvision.nl\\\/de\\\/#organization\",\"name\":\"Trends &amp; Vision (DE)\",\"url\":\"https:\\\/\\\/trendsandvision.nl\\\/de\\\/\",\"logo\":{\"@type\":\"ImageObject\",\"inLanguage\":\"de\",\"@id\":\"https:\\\/\\\/trendsandvision.nl\\\/de\\\/#\\\/schema\\\/logo\\\/image\\\/\",\"url\":\"https:\\\/\\\/trendsandvision.nl\\\/de\\\/wp-content\\\/uploads\\\/sites\\\/3\\\/2022\\\/04\\\/trends-and-vision-logo.jpg\",\"contentUrl\":\"https:\\\/\\\/trendsandvision.nl\\\/de\\\/wp-content\\\/uploads\\\/sites\\\/3\\\/2022\\\/04\\\/trends-and-vision-logo.jpg\",\"width\":213,\"height\":100,\"caption\":\"Trends &amp; Vision (DE)\"},\"image\":{\"@id\":\"https:\\\/\\\/trendsandvision.nl\\\/de\\\/#\\\/schema\\\/logo\\\/image\\\/\"}}]}<\/script>\n<!-- \/ Yoast SEO Premium plugin. -->","yoast_head_json":{"title":"Esschert Design Insektentrinksch\u00e4lchen Blume Wahl (WA120)","description":"Esschert Design Insektentrinksch\u00e4lchen Blume Wahl (WA120) B 4,1 X T 4,1 X H 9,1 cm EAN 8714982298288 Material 100% Dolomit Gewicht 0,141 kg","robots":{"index":"index","follow":"follow","max-snippet":"max-snippet:-1","max-image-preview":"max-image-preview:large","max-video-preview":"max-video-preview:-1"},"canonical":"https:\/\/trendsandvision.nl\/de\/product\/esschert-design-insektentrinkschaelchen-blume-wahl\/","og_locale":"de_DE","og_type":"article","og_title":"Esschert Design Insektentrinksch\u00e4lchen Blume Wahl","og_description":"Esschert Design Insektentrinksch\u00e4lchen Blume Wahl (WA120) B 4,1 X T 4,1 X H 9,1 cm EAN 8714982298288 Material 100% Dolomit Gewicht 0,141 kg","og_url":"https:\/\/trendsandvision.nl\/de\/product\/esschert-design-insektentrinkschaelchen-blume-wahl\/","og_site_name":"Trends &amp; Vision (DE)","article_modified_time":"2026-04-07T08:54:01+00:00","og_image":[{"width":800,"height":800,"url":"https:\/\/trendsandvision.nl\/de\/wp-content\/uploads\/sites\/3\/2025\/12\/WA120_01.jpg","type":"image\/jpeg"}],"twitter_card":"summary_large_image","twitter_misc":{"Gesch\u00e4tzte Lesezeit":"1\u00a0Minute"},"schema":{"@context":"https:\/\/schema.org","@graph":[{"@type":"WebPage","@id":"https:\/\/trendsandvision.nl\/de\/product\/esschert-design-insektentrinkschaelchen-blume-wahl\/","url":"https:\/\/trendsandvision.nl\/de\/product\/esschert-design-insektentrinkschaelchen-blume-wahl\/","name":"Esschert Design Insektentrinksch\u00e4lchen Blume Wahl (WA120)","isPartOf":{"@id":"https:\/\/trendsandvision.nl\/de\/#website"},"primaryImageOfPage":{"@id":"https:\/\/trendsandvision.nl\/de\/product\/esschert-design-insektentrinkschaelchen-blume-wahl\/#primaryimage"},"image":{"@id":"https:\/\/trendsandvision.nl\/de\/product\/esschert-design-insektentrinkschaelchen-blume-wahl\/#primaryimage"},"thumbnailUrl":"https:\/\/trendsandvision.nl\/de\/wp-content\/uploads\/sites\/3\/2025\/12\/WA120_01.jpg","datePublished":"2025-12-29T22:41:42+00:00","dateModified":"2026-04-07T08:54:01+00:00","description":"Esschert Design Insektentrinksch\u00e4lchen Blume Wahl (WA120) B 4,1 X T 4,1 X H 9,1 cm EAN 8714982298288 Material 100% Dolomit Gewicht 0,141 kg","breadcrumb":{"@id":"https:\/\/trendsandvision.nl\/de\/product\/esschert-design-insektentrinkschaelchen-blume-wahl\/#breadcrumb"},"inLanguage":"de","potentialAction":[{"@type":"ReadAction","target":["https:\/\/trendsandvision.nl\/de\/product\/esschert-design-insektentrinkschaelchen-blume-wahl\/"]}]},{"@type":"ImageObject","inLanguage":"de","@id":"https:\/\/trendsandvision.nl\/de\/product\/esschert-design-insektentrinkschaelchen-blume-wahl\/#primaryimage","url":"https:\/\/trendsandvision.nl\/de\/wp-content\/uploads\/sites\/3\/2025\/12\/WA120_01.jpg","contentUrl":"https:\/\/trendsandvision.nl\/de\/wp-content\/uploads\/sites\/3\/2025\/12\/WA120_01.jpg","width":800,"height":800,"caption":"Trends and Vision Insektentrinksch\u00e4lchen Blume Wahl (WA120) B 4,1 X T 4,1 X H 9,1 cm EAN 8714982298288 Material 100% Dolomit Gewicht 0,141 kg"},{"@type":"BreadcrumbList","@id":"https:\/\/trendsandvision.nl\/de\/product\/esschert-design-insektentrinkschaelchen-blume-wahl\/#breadcrumb","itemListElement":[{"@type":"ListItem","position":1,"name":"Home","item":"https:\/\/trendsandvision.nl\/de\/"},{"@type":"ListItem","position":2,"name":"Gesch\u00e4ft","item":"https:\/\/trendsandvision.nl\/de\/geschaft\/"},{"@type":"ListItem","position":3,"name":"Esschert Design Insektentrinksch\u00e4lchen Blume Wahl"}]},{"@type":"WebSite","@id":"https:\/\/trendsandvision.nl\/de\/#website","url":"https:\/\/trendsandvision.nl\/de\/","name":"Trends &amp; Vision (DE)","description":"Der Webshop f\u00fcr Esschert Design Artikel","publisher":{"@id":"https:\/\/trendsandvision.nl\/de\/#organization"},"potentialAction":[{"@type":"SearchAction","target":{"@type":"EntryPoint","urlTemplate":"https:\/\/trendsandvision.nl\/de\/?s={search_term_string}"},"query-input":{"@type":"PropertyValueSpecification","valueRequired":true,"valueName":"search_term_string"}}],"inLanguage":"de"},{"@type":"Organization","@id":"https:\/\/trendsandvision.nl\/de\/#organization","name":"Trends &amp; Vision (DE)","url":"https:\/\/trendsandvision.nl\/de\/","logo":{"@type":"ImageObject","inLanguage":"de","@id":"https:\/\/trendsandvision.nl\/de\/#\/schema\/logo\/image\/","url":"https:\/\/trendsandvision.nl\/de\/wp-content\/uploads\/sites\/3\/2022\/04\/trends-and-vision-logo.jpg","contentUrl":"https:\/\/trendsandvision.nl\/de\/wp-content\/uploads\/sites\/3\/2022\/04\/trends-and-vision-logo.jpg","width":213,"height":100,"caption":"Trends &amp; Vision (DE)"},"image":{"@id":"https:\/\/trendsandvision.nl\/de\/#\/schema\/logo\/image\/"}}]}},"_links":{"self":[{"href":"https:\/\/trendsandvision.nl\/de\/wp-json\/wp\/v2\/product\/24202","targetHints":{"allow":["GET"]}}],"collection":[{"href":"https:\/\/trendsandvision.nl\/de\/wp-json\/wp\/v2\/product"}],"about":[{"href":"https:\/\/trendsandvision.nl\/de\/wp-json\/wp\/v2\/types\/product"}],"wp:featuredmedia":[{"embeddable":true,"href":"https:\/\/trendsandvision.nl\/de\/wp-json\/wp\/v2\/media\/24203"}],"wp:attachment":[{"href":"https:\/\/trendsandvision.nl\/de\/wp-json\/wp\/v2\/media?parent=24202"}],"wp:term":[{"taxonomy":"product_brand","embeddable":true,"href":"https:\/\/trendsandvision.nl\/de\/wp-json\/wp\/v2\/product_brand?post=24202"},{"taxonomy":"product_cat","embeddable":true,"href":"https:\/\/trendsandvision.nl\/de\/wp-json\/wp\/v2\/product_cat?post=24202"},{"taxonomy":"product_tag","embeddable":true,"href":"https:\/\/trendsandvision.nl\/de\/wp-json\/wp\/v2\/product_tag?post=24202"}],"curies":[{"name":"wp","href":"https:\/\/api.w.org\/{rel}","templated":true}]}}