{"id":24193,"date":"2025-12-29T23:41:42","date_gmt":"2025-12-29T22:41:42","guid":{"rendered":"https:\/\/trendsandvision.nl\/de\/product\/esschert-design-trinkinsel-fuer-insekten\/"},"modified":"2026-04-22T15:26:54","modified_gmt":"2026-04-22T13:26:54","slug":"esschert-design-trinkinsel-fuer-insekten","status":"publish","type":"product","link":"https:\/\/trendsandvision.nl\/de\/product\/esschert-design-trinkinsel-fuer-insekten\/","title":{"rendered":"Esschert Design Trinkinsel f\u00fcr Insekten"},"content":{"rendered":"<p>Bieten Sie Bienen, Schmetterlingen und anderen Insekten einen stilvollen <strong><a href=\"https:\/\/trendsandvision.nl\/de\/?s=Trinkplatz&amp;post_type=product&amp;dgwt_wcas=1\" target=\"_blank\">Trinkplatz<\/a><\/strong> mit unserer lasergeschnittenen Korkscheibe\/Trinkinsel. Die Scheibe zeigt Schmetterlinge und Bienen, w\u00e4hrend die leuchtend gelbe Blume in der Mitte Insekten mit ihrer kr\u00e4ftigen Farbe anzieht. Legen Sie sie auf die Wasseroberfl\u00e4che, um Insekten einen sicheren Trinkplatz zu bieten. Die nat\u00fcrliche Korkoberfl\u00e4che ist schonend und sicher f\u00fcr Insekten.<\/p>\n<p>Artikelname Trinkinsel f\u00fcr Insekten<br \/>\nArtikelnummer WA117<br \/>\nProduktgr\u00f6\u00dfen in cm B 12,3 X T 12,3 X H 0,5<br \/>\nBarcode 8714982297748<br \/>\nMaterial 100% Kork<br \/>\nNettogewicht 0,014 kg<br \/>\nProduzent: <a href=\"https:\/\/www.esschertdesign.com\/shop\/de\/drinkeiland-voor-insecten-wa117\" target=\"_blank\">Esschert Design<\/a><\/p>\n","protected":false},"excerpt":{"rendered":"<p>Schwimmende Trinkinsel<br \/>\nGelbe Farbe zieht Insekten an<br \/>\nInsektenfreundlich<br \/>\nB 12,3 X T 12,3 X H 0,5 cm<br \/>\nBarcode 8714982297748<br \/>\nMaterial 100% Kork<br \/>\nNettogewicht 0,014 kg<\/p>\n","protected":false},"featured_media":24194,"template":"","meta":[],"product_brand":[9597,9870],"product_cat":[1315],"product_tag":[11133,11132],"class_list":{"0":"post-24193","1":"product","2":"type-product","3":"status-publish","4":"has-post-thumbnail","6":"product_brand-esschert-design","7":"product_brand-trends-vision","8":"product_cat-best-for-birds","9":"product_tag-insektenfreundlich","10":"product_tag-trinkinsel-fuer-insekten","11":"pa_anbieter-esschert-design","12":"pa_ean-code-11003","14":"first","15":"instock","16":"sale","17":"featured","18":"taxable","19":"shipping-taxable","20":"purchasable","21":"product-type-simple","22":"czr-hentry"},"yoast_head":"<!-- This site is optimized with the Yoast SEO Premium plugin v27.4 (Yoast SEO v27.4) - https:\/\/yoast.com\/product\/yoast-seo-premium-wordpress\/ -->\n<title>Esschert Design Trinkinsel f\u00fcr Insekten (WA116)<\/title>\n<meta name=\"description\" content=\"Esschert Design Trinkinsel f\u00fcr Insekten (WA116) B 12,3 X T 12,3 X H 0,5 cm Barcode 8714982297748 Material 100% Kork Gewicht 0,014 kg\" \/>\n<meta name=\"robots\" content=\"index, follow, max-snippet:-1, max-image-preview:large, max-video-preview:-1\" \/>\n<link rel=\"canonical\" href=\"https:\/\/trendsandvision.nl\/de\/product\/esschert-design-trinkinsel-fuer-insekten\/\" \/>\n<meta property=\"og:locale\" content=\"de_DE\" \/>\n<meta property=\"og:type\" content=\"article\" \/>\n<meta property=\"og:title\" content=\"Esschert Design Trinkinsel f\u00fcr Insekten\" \/>\n<meta property=\"og:description\" content=\"Esschert Design Trinkinsel f\u00fcr Insekten (WA116) B 12,3 X T 12,3 X H 0,5 cm Barcode 8714982297748 Material 100% Kork Gewicht 0,014 kg\" \/>\n<meta property=\"og:url\" content=\"https:\/\/trendsandvision.nl\/de\/product\/esschert-design-trinkinsel-fuer-insekten\/\" \/>\n<meta property=\"og:site_name\" content=\"Trends &amp; Vision (DE)\" \/>\n<meta property=\"article:modified_time\" content=\"2026-04-22T13:26:54+00:00\" \/>\n<meta property=\"og:image\" content=\"https:\/\/trendsandvision.nl\/de\/wp-content\/uploads\/sites\/3\/2025\/12\/WA117_01.jpg\" \/>\n\t<meta property=\"og:image:width\" content=\"800\" \/>\n\t<meta property=\"og:image:height\" content=\"800\" \/>\n\t<meta property=\"og:image:type\" content=\"image\/jpeg\" \/>\n<meta name=\"twitter:card\" content=\"summary_large_image\" \/>\n<meta name=\"twitter:label1\" content=\"Gesch\u00e4tzte Lesezeit\" \/>\n\t<meta name=\"twitter:data1\" content=\"1\u00a0Minute\" \/>\n<script type=\"application\/ld+json\" class=\"yoast-schema-graph\">{\"@context\":\"https:\\\/\\\/schema.org\",\"@graph\":[{\"@type\":\"WebPage\",\"@id\":\"https:\\\/\\\/trendsandvision.nl\\\/de\\\/product\\\/esschert-design-trinkinsel-fuer-insekten\\\/\",\"url\":\"https:\\\/\\\/trendsandvision.nl\\\/de\\\/product\\\/esschert-design-trinkinsel-fuer-insekten\\\/\",\"name\":\"Esschert Design Trinkinsel f\u00fcr Insekten (WA116)\",\"isPartOf\":{\"@id\":\"https:\\\/\\\/trendsandvision.nl\\\/de\\\/#website\"},\"primaryImageOfPage\":{\"@id\":\"https:\\\/\\\/trendsandvision.nl\\\/de\\\/product\\\/esschert-design-trinkinsel-fuer-insekten\\\/#primaryimage\"},\"image\":{\"@id\":\"https:\\\/\\\/trendsandvision.nl\\\/de\\\/product\\\/esschert-design-trinkinsel-fuer-insekten\\\/#primaryimage\"},\"thumbnailUrl\":\"https:\\\/\\\/trendsandvision.nl\\\/de\\\/wp-content\\\/uploads\\\/sites\\\/3\\\/2025\\\/12\\\/WA117_01.jpg\",\"datePublished\":\"2025-12-29T22:41:42+00:00\",\"dateModified\":\"2026-04-22T13:26:54+00:00\",\"description\":\"Esschert Design Trinkinsel f\u00fcr Insekten (WA116) B 12,3 X T 12,3 X H 0,5 cm Barcode 8714982297748 Material 100% Kork Gewicht 0,014 kg\",\"breadcrumb\":{\"@id\":\"https:\\\/\\\/trendsandvision.nl\\\/de\\\/product\\\/esschert-design-trinkinsel-fuer-insekten\\\/#breadcrumb\"},\"inLanguage\":\"de\",\"potentialAction\":[{\"@type\":\"ReadAction\",\"target\":[\"https:\\\/\\\/trendsandvision.nl\\\/de\\\/product\\\/esschert-design-trinkinsel-fuer-insekten\\\/\"]}]},{\"@type\":\"ImageObject\",\"inLanguage\":\"de\",\"@id\":\"https:\\\/\\\/trendsandvision.nl\\\/de\\\/product\\\/esschert-design-trinkinsel-fuer-insekten\\\/#primaryimage\",\"url\":\"https:\\\/\\\/trendsandvision.nl\\\/de\\\/wp-content\\\/uploads\\\/sites\\\/3\\\/2025\\\/12\\\/WA117_01.jpg\",\"contentUrl\":\"https:\\\/\\\/trendsandvision.nl\\\/de\\\/wp-content\\\/uploads\\\/sites\\\/3\\\/2025\\\/12\\\/WA117_01.jpg\",\"width\":800,\"height\":800,\"caption\":\"Trends and Vision Trinkinsel f\u00fcr Insekten (WA116) B 12,3 X T 12,3 X H 0,5 cm Barcode 8714982297748 Material 100% Kork Gewicht 0,014 kg\"},{\"@type\":\"BreadcrumbList\",\"@id\":\"https:\\\/\\\/trendsandvision.nl\\\/de\\\/product\\\/esschert-design-trinkinsel-fuer-insekten\\\/#breadcrumb\",\"itemListElement\":[{\"@type\":\"ListItem\",\"position\":1,\"name\":\"Home\",\"item\":\"https:\\\/\\\/trendsandvision.nl\\\/de\\\/\"},{\"@type\":\"ListItem\",\"position\":2,\"name\":\"Gesch\u00e4ft\",\"item\":\"https:\\\/\\\/trendsandvision.nl\\\/de\\\/geschaft\\\/\"},{\"@type\":\"ListItem\",\"position\":3,\"name\":\"Esschert Design Trinkinsel f\u00fcr Insekten\"}]},{\"@type\":\"WebSite\",\"@id\":\"https:\\\/\\\/trendsandvision.nl\\\/de\\\/#website\",\"url\":\"https:\\\/\\\/trendsandvision.nl\\\/de\\\/\",\"name\":\"Trends &amp; Vision (DE)\",\"description\":\"Der Webshop f\u00fcr Esschert Design Artikel\",\"publisher\":{\"@id\":\"https:\\\/\\\/trendsandvision.nl\\\/de\\\/#organization\"},\"potentialAction\":[{\"@type\":\"SearchAction\",\"target\":{\"@type\":\"EntryPoint\",\"urlTemplate\":\"https:\\\/\\\/trendsandvision.nl\\\/de\\\/?s={search_term_string}\"},\"query-input\":{\"@type\":\"PropertyValueSpecification\",\"valueRequired\":true,\"valueName\":\"search_term_string\"}}],\"inLanguage\":\"de\"},{\"@type\":\"Organization\",\"@id\":\"https:\\\/\\\/trendsandvision.nl\\\/de\\\/#organization\",\"name\":\"Trends &amp; Vision (DE)\",\"url\":\"https:\\\/\\\/trendsandvision.nl\\\/de\\\/\",\"logo\":{\"@type\":\"ImageObject\",\"inLanguage\":\"de\",\"@id\":\"https:\\\/\\\/trendsandvision.nl\\\/de\\\/#\\\/schema\\\/logo\\\/image\\\/\",\"url\":\"https:\\\/\\\/trendsandvision.nl\\\/de\\\/wp-content\\\/uploads\\\/sites\\\/3\\\/2022\\\/04\\\/trends-and-vision-logo.jpg\",\"contentUrl\":\"https:\\\/\\\/trendsandvision.nl\\\/de\\\/wp-content\\\/uploads\\\/sites\\\/3\\\/2022\\\/04\\\/trends-and-vision-logo.jpg\",\"width\":213,\"height\":100,\"caption\":\"Trends &amp; Vision (DE)\"},\"image\":{\"@id\":\"https:\\\/\\\/trendsandvision.nl\\\/de\\\/#\\\/schema\\\/logo\\\/image\\\/\"}}]}<\/script>\n<!-- \/ Yoast SEO Premium plugin. -->","yoast_head_json":{"title":"Esschert Design Trinkinsel f\u00fcr Insekten (WA116)","description":"Esschert Design Trinkinsel f\u00fcr Insekten (WA116) B 12,3 X T 12,3 X H 0,5 cm Barcode 8714982297748 Material 100% Kork Gewicht 0,014 kg","robots":{"index":"index","follow":"follow","max-snippet":"max-snippet:-1","max-image-preview":"max-image-preview:large","max-video-preview":"max-video-preview:-1"},"canonical":"https:\/\/trendsandvision.nl\/de\/product\/esschert-design-trinkinsel-fuer-insekten\/","og_locale":"de_DE","og_type":"article","og_title":"Esschert Design Trinkinsel f\u00fcr Insekten","og_description":"Esschert Design Trinkinsel f\u00fcr Insekten (WA116) B 12,3 X T 12,3 X H 0,5 cm Barcode 8714982297748 Material 100% Kork Gewicht 0,014 kg","og_url":"https:\/\/trendsandvision.nl\/de\/product\/esschert-design-trinkinsel-fuer-insekten\/","og_site_name":"Trends &amp; Vision (DE)","article_modified_time":"2026-04-22T13:26:54+00:00","og_image":[{"width":800,"height":800,"url":"https:\/\/trendsandvision.nl\/de\/wp-content\/uploads\/sites\/3\/2025\/12\/WA117_01.jpg","type":"image\/jpeg"}],"twitter_card":"summary_large_image","twitter_misc":{"Gesch\u00e4tzte Lesezeit":"1\u00a0Minute"},"schema":{"@context":"https:\/\/schema.org","@graph":[{"@type":"WebPage","@id":"https:\/\/trendsandvision.nl\/de\/product\/esschert-design-trinkinsel-fuer-insekten\/","url":"https:\/\/trendsandvision.nl\/de\/product\/esschert-design-trinkinsel-fuer-insekten\/","name":"Esschert Design Trinkinsel f\u00fcr Insekten (WA116)","isPartOf":{"@id":"https:\/\/trendsandvision.nl\/de\/#website"},"primaryImageOfPage":{"@id":"https:\/\/trendsandvision.nl\/de\/product\/esschert-design-trinkinsel-fuer-insekten\/#primaryimage"},"image":{"@id":"https:\/\/trendsandvision.nl\/de\/product\/esschert-design-trinkinsel-fuer-insekten\/#primaryimage"},"thumbnailUrl":"https:\/\/trendsandvision.nl\/de\/wp-content\/uploads\/sites\/3\/2025\/12\/WA117_01.jpg","datePublished":"2025-12-29T22:41:42+00:00","dateModified":"2026-04-22T13:26:54+00:00","description":"Esschert Design Trinkinsel f\u00fcr Insekten (WA116) B 12,3 X T 12,3 X H 0,5 cm Barcode 8714982297748 Material 100% Kork Gewicht 0,014 kg","breadcrumb":{"@id":"https:\/\/trendsandvision.nl\/de\/product\/esschert-design-trinkinsel-fuer-insekten\/#breadcrumb"},"inLanguage":"de","potentialAction":[{"@type":"ReadAction","target":["https:\/\/trendsandvision.nl\/de\/product\/esschert-design-trinkinsel-fuer-insekten\/"]}]},{"@type":"ImageObject","inLanguage":"de","@id":"https:\/\/trendsandvision.nl\/de\/product\/esschert-design-trinkinsel-fuer-insekten\/#primaryimage","url":"https:\/\/trendsandvision.nl\/de\/wp-content\/uploads\/sites\/3\/2025\/12\/WA117_01.jpg","contentUrl":"https:\/\/trendsandvision.nl\/de\/wp-content\/uploads\/sites\/3\/2025\/12\/WA117_01.jpg","width":800,"height":800,"caption":"Trends and Vision Trinkinsel f\u00fcr Insekten (WA116) B 12,3 X T 12,3 X H 0,5 cm Barcode 8714982297748 Material 100% Kork Gewicht 0,014 kg"},{"@type":"BreadcrumbList","@id":"https:\/\/trendsandvision.nl\/de\/product\/esschert-design-trinkinsel-fuer-insekten\/#breadcrumb","itemListElement":[{"@type":"ListItem","position":1,"name":"Home","item":"https:\/\/trendsandvision.nl\/de\/"},{"@type":"ListItem","position":2,"name":"Gesch\u00e4ft","item":"https:\/\/trendsandvision.nl\/de\/geschaft\/"},{"@type":"ListItem","position":3,"name":"Esschert Design Trinkinsel f\u00fcr Insekten"}]},{"@type":"WebSite","@id":"https:\/\/trendsandvision.nl\/de\/#website","url":"https:\/\/trendsandvision.nl\/de\/","name":"Trends &amp; Vision (DE)","description":"Der Webshop f\u00fcr Esschert Design Artikel","publisher":{"@id":"https:\/\/trendsandvision.nl\/de\/#organization"},"potentialAction":[{"@type":"SearchAction","target":{"@type":"EntryPoint","urlTemplate":"https:\/\/trendsandvision.nl\/de\/?s={search_term_string}"},"query-input":{"@type":"PropertyValueSpecification","valueRequired":true,"valueName":"search_term_string"}}],"inLanguage":"de"},{"@type":"Organization","@id":"https:\/\/trendsandvision.nl\/de\/#organization","name":"Trends &amp; Vision (DE)","url":"https:\/\/trendsandvision.nl\/de\/","logo":{"@type":"ImageObject","inLanguage":"de","@id":"https:\/\/trendsandvision.nl\/de\/#\/schema\/logo\/image\/","url":"https:\/\/trendsandvision.nl\/de\/wp-content\/uploads\/sites\/3\/2022\/04\/trends-and-vision-logo.jpg","contentUrl":"https:\/\/trendsandvision.nl\/de\/wp-content\/uploads\/sites\/3\/2022\/04\/trends-and-vision-logo.jpg","width":213,"height":100,"caption":"Trends &amp; Vision (DE)"},"image":{"@id":"https:\/\/trendsandvision.nl\/de\/#\/schema\/logo\/image\/"}}]}},"_links":{"self":[{"href":"https:\/\/trendsandvision.nl\/de\/wp-json\/wp\/v2\/product\/24193","targetHints":{"allow":["GET"]}}],"collection":[{"href":"https:\/\/trendsandvision.nl\/de\/wp-json\/wp\/v2\/product"}],"about":[{"href":"https:\/\/trendsandvision.nl\/de\/wp-json\/wp\/v2\/types\/product"}],"wp:featuredmedia":[{"embeddable":true,"href":"https:\/\/trendsandvision.nl\/de\/wp-json\/wp\/v2\/media\/24194"}],"wp:attachment":[{"href":"https:\/\/trendsandvision.nl\/de\/wp-json\/wp\/v2\/media?parent=24193"}],"wp:term":[{"taxonomy":"product_brand","embeddable":true,"href":"https:\/\/trendsandvision.nl\/de\/wp-json\/wp\/v2\/product_brand?post=24193"},{"taxonomy":"product_cat","embeddable":true,"href":"https:\/\/trendsandvision.nl\/de\/wp-json\/wp\/v2\/product_cat?post=24193"},{"taxonomy":"product_tag","embeddable":true,"href":"https:\/\/trendsandvision.nl\/de\/wp-json\/wp\/v2\/product_tag?post=24193"}],"curies":[{"name":"wp","href":"https:\/\/api.w.org\/{rel}","templated":true}]}}