{"id":24181,"date":"2025-12-29T23:41:13","date_gmt":"2025-12-29T22:41:13","guid":{"rendered":"https:\/\/trendsandvision.nl\/de\/product\/esschert-design-bienenhaus-schwarz-kupfer\/"},"modified":"2026-04-10T15:11:35","modified_gmt":"2026-04-10T13:11:35","slug":"esschert-design-bienenhaus-schwarz-kupfer","status":"publish","type":"product","link":"https:\/\/trendsandvision.nl\/de\/product\/esschert-design-bienenhaus-schwarz-kupfer\/","title":{"rendered":"Esschert Design Bienenhaus schwarz Kupfer"},"content":{"rendered":"<p>Esschert Design Bienenhaus schwarz Kupfer.<br \/>\nBienen spielen eine unverzichtbare Rolle in der Natur, indem sie Blumen, Pflanzen und Nutzpflanzen best\u00e4uben. Dieses <strong><a href=\"https:\/\/trendsandvision.nl\/de\/?s=Bienenhaus&amp;post_type=product&amp;dgwt_wcas=1\" target=\"_blank\">Bienenhotel<\/a><\/strong> bietet Arten wie der Mauerbiene und der Blattschneiderbiene Schutz vor Regen und Feuchtigkeit. Und einen sicheren Ort zur Eiablage. Die hohlen Bambusr\u00f6hrchen ahmen nat\u00fcrliche Nistg\u00e4nge nach, in denen die Bienen ihre Brutzellen anlegen k\u00f6nnen. Dank der Aufh\u00e4nge\u00f6se auf der R\u00fcckseite l\u00e4sst sich das Haus stabil und gerade an einer Wand, einem Zaun oder einem Baum befestigen.<br \/>\nH\u00e4ngen Sie das H\u00e4uschen an einem ruhigen, sonnigen Platz auf, um die Nutzungschancen zu erh\u00f6hen.<\/p>\n<p>Artikelname Bienenhaus schwarz Kupfer<br \/>\nArtikelnummer WA115<br \/>\nProduktgr\u00f6\u00dfen in cm B 16,8 X T 12 X H 22,8<br \/>\nBarcode 8714982297724<br \/>\nMaterial 74.2% Kiefernholz, 13.5% Schilf, 11.9% Edelstahl 410, 0.2% Eisen, 0.2% Kupfer<br \/>\nNettogewicht 0,725 kg<br \/>\nProduzent: <a href=\"https:\/\/www.esschertdesign.com\/shop\/de\/bijenhuis-zwart-koper-wa115\" target=\"_blank\">Esschert Design<\/a><\/p>\n","protected":false},"excerpt":{"rendered":"<p>Hohle Bambusr\u00f6hrchen ahmen nat\u00fcrliche Nistg\u00e4nge nach<br \/>\nInklusive Aufh\u00e4nge\u00f6se<br \/>\nBietet auch Schutz vor Regen und Feuchtigkeit<br \/>\nB 16,8 X T 12 X H 22,8 cm<br \/>\nBarcode 8714982297724<br \/>\nMaterial Kiefernholz, Schilf, Edelstahl, Eisen, Kupfer<br \/>\nNettogewicht 0,725 kg<\/p>\n","protected":false},"featured_media":24182,"template":"","meta":[],"product_brand":[9597,9870],"product_cat":[1315],"product_tag":[6964,11416,11415],"class_list":{"0":"post-24181","1":"product","2":"type-product","3":"status-publish","4":"has-post-thumbnail","6":"product_brand-esschert-design","7":"product_brand-trends-vision","8":"product_cat-best-for-birds","9":"product_tag-bienenhaus","10":"product_tag-blattschneiderbiene","11":"product_tag-mauerbiene","12":"pa_anbieter-esschert-design","13":"pa_ean-code-11001","15":"first","16":"instock","17":"sale","18":"taxable","19":"shipping-taxable","20":"purchasable","21":"product-type-simple","22":"czr-hentry"},"yoast_head":"<!-- This site is optimized with the Yoast SEO Premium plugin v26.4 (Yoast SEO v27.4) - https:\/\/yoast.com\/product\/yoast-seo-premium-wordpress\/ -->\n<title>Esschert Design Bienenhaus schwarz Kupfer (WA115)<\/title>\n<meta name=\"description\" content=\"Esschert Design Bienenhaus schwarz Kupfer (WA115) B 16,8 X T 12 X H 22,8 cm EAN 8714982297724 Kiefernholz, Schilf, Edelstahl, Eisen, Kupfer Gewicht 0,725 kg\" \/>\n<meta name=\"robots\" content=\"index, follow, max-snippet:-1, max-image-preview:large, max-video-preview:-1\" \/>\n<link rel=\"canonical\" href=\"https:\/\/trendsandvision.nl\/de\/product\/esschert-design-bienenhaus-schwarz-kupfer\/\" \/>\n<meta property=\"og:locale\" content=\"de_DE\" \/>\n<meta property=\"og:type\" content=\"article\" \/>\n<meta property=\"og:title\" content=\"Esschert Design Bienenhaus schwarz Kupfer\" \/>\n<meta property=\"og:description\" content=\"Esschert Design Bienenhaus schwarz Kupfer (WA115) B 16,8 X T 12 X H 22,8 cm EAN 8714982297724 Kiefernholz, Schilf, Edelstahl, Eisen, Kupfer Gewicht 0,725 kg\" \/>\n<meta property=\"og:url\" content=\"https:\/\/trendsandvision.nl\/de\/product\/esschert-design-bienenhaus-schwarz-kupfer\/\" \/>\n<meta property=\"og:site_name\" content=\"Trends &amp; Vision (DE)\" \/>\n<meta property=\"article:modified_time\" content=\"2026-04-10T13:11:35+00:00\" \/>\n<meta property=\"og:image\" content=\"https:\/\/trendsandvision.nl\/de\/wp-content\/uploads\/sites\/3\/2025\/12\/WA115_01.jpg\" \/>\n\t<meta property=\"og:image:width\" content=\"800\" \/>\n\t<meta property=\"og:image:height\" content=\"800\" \/>\n\t<meta property=\"og:image:type\" content=\"image\/jpeg\" \/>\n<meta name=\"twitter:card\" content=\"summary_large_image\" \/>\n<meta name=\"twitter:label1\" content=\"Gesch\u00e4tzte Lesezeit\" \/>\n\t<meta name=\"twitter:data1\" content=\"1\u00a0Minute\" \/>\n<script type=\"application\/ld+json\" class=\"yoast-schema-graph\">{\"@context\":\"https:\\\/\\\/schema.org\",\"@graph\":[{\"@type\":\"WebPage\",\"@id\":\"https:\\\/\\\/trendsandvision.nl\\\/de\\\/product\\\/esschert-design-bienenhaus-schwarz-kupfer\\\/\",\"url\":\"https:\\\/\\\/trendsandvision.nl\\\/de\\\/product\\\/esschert-design-bienenhaus-schwarz-kupfer\\\/\",\"name\":\"Esschert Design Bienenhaus schwarz Kupfer (WA115)\",\"isPartOf\":{\"@id\":\"https:\\\/\\\/trendsandvision.nl\\\/de\\\/#website\"},\"primaryImageOfPage\":{\"@id\":\"https:\\\/\\\/trendsandvision.nl\\\/de\\\/product\\\/esschert-design-bienenhaus-schwarz-kupfer\\\/#primaryimage\"},\"image\":{\"@id\":\"https:\\\/\\\/trendsandvision.nl\\\/de\\\/product\\\/esschert-design-bienenhaus-schwarz-kupfer\\\/#primaryimage\"},\"thumbnailUrl\":\"https:\\\/\\\/trendsandvision.nl\\\/de\\\/wp-content\\\/uploads\\\/sites\\\/3\\\/2025\\\/12\\\/WA115_01.jpg\",\"datePublished\":\"2025-12-29T22:41:13+00:00\",\"dateModified\":\"2026-04-10T13:11:35+00:00\",\"description\":\"Esschert Design Bienenhaus schwarz Kupfer (WA115) B 16,8 X T 12 X H 22,8 cm EAN 8714982297724 Kiefernholz, Schilf, Edelstahl, Eisen, Kupfer Gewicht 0,725 kg\",\"breadcrumb\":{\"@id\":\"https:\\\/\\\/trendsandvision.nl\\\/de\\\/product\\\/esschert-design-bienenhaus-schwarz-kupfer\\\/#breadcrumb\"},\"inLanguage\":\"de\",\"potentialAction\":[{\"@type\":\"ReadAction\",\"target\":[\"https:\\\/\\\/trendsandvision.nl\\\/de\\\/product\\\/esschert-design-bienenhaus-schwarz-kupfer\\\/\"]}]},{\"@type\":\"ImageObject\",\"inLanguage\":\"de\",\"@id\":\"https:\\\/\\\/trendsandvision.nl\\\/de\\\/product\\\/esschert-design-bienenhaus-schwarz-kupfer\\\/#primaryimage\",\"url\":\"https:\\\/\\\/trendsandvision.nl\\\/de\\\/wp-content\\\/uploads\\\/sites\\\/3\\\/2025\\\/12\\\/WA115_01.jpg\",\"contentUrl\":\"https:\\\/\\\/trendsandvision.nl\\\/de\\\/wp-content\\\/uploads\\\/sites\\\/3\\\/2025\\\/12\\\/WA115_01.jpg\",\"width\":800,\"height\":800,\"caption\":\"Trends and Vision Bienenhaus schwarz Kupfer (WA115) B 16,8 X T 12 X H 22,8 cm EAN 8714982297724 Kiefernholz, Schilf, Edelstahl, Eisen, Kupfer Gewicht 0,725 kg\"},{\"@type\":\"BreadcrumbList\",\"@id\":\"https:\\\/\\\/trendsandvision.nl\\\/de\\\/product\\\/esschert-design-bienenhaus-schwarz-kupfer\\\/#breadcrumb\",\"itemListElement\":[{\"@type\":\"ListItem\",\"position\":1,\"name\":\"Home\",\"item\":\"https:\\\/\\\/trendsandvision.nl\\\/de\\\/\"},{\"@type\":\"ListItem\",\"position\":2,\"name\":\"Gesch\u00e4ft\",\"item\":\"https:\\\/\\\/trendsandvision.nl\\\/de\\\/geschaft\\\/\"},{\"@type\":\"ListItem\",\"position\":3,\"name\":\"Esschert Design Bienenhaus schwarz Kupfer\"}]},{\"@type\":\"WebSite\",\"@id\":\"https:\\\/\\\/trendsandvision.nl\\\/de\\\/#website\",\"url\":\"https:\\\/\\\/trendsandvision.nl\\\/de\\\/\",\"name\":\"Trends &amp; Vision (DE)\",\"description\":\"Der Webshop f\u00fcr Esschert Design Artikel\",\"publisher\":{\"@id\":\"https:\\\/\\\/trendsandvision.nl\\\/de\\\/#organization\"},\"potentialAction\":[{\"@type\":\"SearchAction\",\"target\":{\"@type\":\"EntryPoint\",\"urlTemplate\":\"https:\\\/\\\/trendsandvision.nl\\\/de\\\/?s={search_term_string}\"},\"query-input\":{\"@type\":\"PropertyValueSpecification\",\"valueRequired\":true,\"valueName\":\"search_term_string\"}}],\"inLanguage\":\"de\"},{\"@type\":\"Organization\",\"@id\":\"https:\\\/\\\/trendsandvision.nl\\\/de\\\/#organization\",\"name\":\"Trends &amp; Vision (DE)\",\"url\":\"https:\\\/\\\/trendsandvision.nl\\\/de\\\/\",\"logo\":{\"@type\":\"ImageObject\",\"inLanguage\":\"de\",\"@id\":\"https:\\\/\\\/trendsandvision.nl\\\/de\\\/#\\\/schema\\\/logo\\\/image\\\/\",\"url\":\"https:\\\/\\\/trendsandvision.nl\\\/de\\\/wp-content\\\/uploads\\\/sites\\\/3\\\/2022\\\/04\\\/trends-and-vision-logo.jpg\",\"contentUrl\":\"https:\\\/\\\/trendsandvision.nl\\\/de\\\/wp-content\\\/uploads\\\/sites\\\/3\\\/2022\\\/04\\\/trends-and-vision-logo.jpg\",\"width\":213,\"height\":100,\"caption\":\"Trends &amp; Vision (DE)\"},\"image\":{\"@id\":\"https:\\\/\\\/trendsandvision.nl\\\/de\\\/#\\\/schema\\\/logo\\\/image\\\/\"}}]}<\/script>\n<!-- \/ Yoast SEO Premium plugin. -->","yoast_head_json":{"title":"Esschert Design Bienenhaus schwarz Kupfer (WA115)","description":"Esschert Design Bienenhaus schwarz Kupfer (WA115) B 16,8 X T 12 X H 22,8 cm EAN 8714982297724 Kiefernholz, Schilf, Edelstahl, Eisen, Kupfer Gewicht 0,725 kg","robots":{"index":"index","follow":"follow","max-snippet":"max-snippet:-1","max-image-preview":"max-image-preview:large","max-video-preview":"max-video-preview:-1"},"canonical":"https:\/\/trendsandvision.nl\/de\/product\/esschert-design-bienenhaus-schwarz-kupfer\/","og_locale":"de_DE","og_type":"article","og_title":"Esschert Design Bienenhaus schwarz Kupfer","og_description":"Esschert Design Bienenhaus schwarz Kupfer (WA115) B 16,8 X T 12 X H 22,8 cm EAN 8714982297724 Kiefernholz, Schilf, Edelstahl, Eisen, Kupfer Gewicht 0,725 kg","og_url":"https:\/\/trendsandvision.nl\/de\/product\/esschert-design-bienenhaus-schwarz-kupfer\/","og_site_name":"Trends &amp; Vision (DE)","article_modified_time":"2026-04-10T13:11:35+00:00","og_image":[{"width":800,"height":800,"url":"https:\/\/trendsandvision.nl\/de\/wp-content\/uploads\/sites\/3\/2025\/12\/WA115_01.jpg","type":"image\/jpeg"}],"twitter_card":"summary_large_image","twitter_misc":{"Gesch\u00e4tzte Lesezeit":"1\u00a0Minute"},"schema":{"@context":"https:\/\/schema.org","@graph":[{"@type":"WebPage","@id":"https:\/\/trendsandvision.nl\/de\/product\/esschert-design-bienenhaus-schwarz-kupfer\/","url":"https:\/\/trendsandvision.nl\/de\/product\/esschert-design-bienenhaus-schwarz-kupfer\/","name":"Esschert Design Bienenhaus schwarz Kupfer (WA115)","isPartOf":{"@id":"https:\/\/trendsandvision.nl\/de\/#website"},"primaryImageOfPage":{"@id":"https:\/\/trendsandvision.nl\/de\/product\/esschert-design-bienenhaus-schwarz-kupfer\/#primaryimage"},"image":{"@id":"https:\/\/trendsandvision.nl\/de\/product\/esschert-design-bienenhaus-schwarz-kupfer\/#primaryimage"},"thumbnailUrl":"https:\/\/trendsandvision.nl\/de\/wp-content\/uploads\/sites\/3\/2025\/12\/WA115_01.jpg","datePublished":"2025-12-29T22:41:13+00:00","dateModified":"2026-04-10T13:11:35+00:00","description":"Esschert Design Bienenhaus schwarz Kupfer (WA115) B 16,8 X T 12 X H 22,8 cm EAN 8714982297724 Kiefernholz, Schilf, Edelstahl, Eisen, Kupfer Gewicht 0,725 kg","breadcrumb":{"@id":"https:\/\/trendsandvision.nl\/de\/product\/esschert-design-bienenhaus-schwarz-kupfer\/#breadcrumb"},"inLanguage":"de","potentialAction":[{"@type":"ReadAction","target":["https:\/\/trendsandvision.nl\/de\/product\/esschert-design-bienenhaus-schwarz-kupfer\/"]}]},{"@type":"ImageObject","inLanguage":"de","@id":"https:\/\/trendsandvision.nl\/de\/product\/esschert-design-bienenhaus-schwarz-kupfer\/#primaryimage","url":"https:\/\/trendsandvision.nl\/de\/wp-content\/uploads\/sites\/3\/2025\/12\/WA115_01.jpg","contentUrl":"https:\/\/trendsandvision.nl\/de\/wp-content\/uploads\/sites\/3\/2025\/12\/WA115_01.jpg","width":800,"height":800,"caption":"Trends and Vision Bienenhaus schwarz Kupfer (WA115) B 16,8 X T 12 X H 22,8 cm EAN 8714982297724 Kiefernholz, Schilf, Edelstahl, Eisen, Kupfer Gewicht 0,725 kg"},{"@type":"BreadcrumbList","@id":"https:\/\/trendsandvision.nl\/de\/product\/esschert-design-bienenhaus-schwarz-kupfer\/#breadcrumb","itemListElement":[{"@type":"ListItem","position":1,"name":"Home","item":"https:\/\/trendsandvision.nl\/de\/"},{"@type":"ListItem","position":2,"name":"Gesch\u00e4ft","item":"https:\/\/trendsandvision.nl\/de\/geschaft\/"},{"@type":"ListItem","position":3,"name":"Esschert Design Bienenhaus schwarz Kupfer"}]},{"@type":"WebSite","@id":"https:\/\/trendsandvision.nl\/de\/#website","url":"https:\/\/trendsandvision.nl\/de\/","name":"Trends &amp; Vision (DE)","description":"Der Webshop f\u00fcr Esschert Design Artikel","publisher":{"@id":"https:\/\/trendsandvision.nl\/de\/#organization"},"potentialAction":[{"@type":"SearchAction","target":{"@type":"EntryPoint","urlTemplate":"https:\/\/trendsandvision.nl\/de\/?s={search_term_string}"},"query-input":{"@type":"PropertyValueSpecification","valueRequired":true,"valueName":"search_term_string"}}],"inLanguage":"de"},{"@type":"Organization","@id":"https:\/\/trendsandvision.nl\/de\/#organization","name":"Trends &amp; Vision (DE)","url":"https:\/\/trendsandvision.nl\/de\/","logo":{"@type":"ImageObject","inLanguage":"de","@id":"https:\/\/trendsandvision.nl\/de\/#\/schema\/logo\/image\/","url":"https:\/\/trendsandvision.nl\/de\/wp-content\/uploads\/sites\/3\/2022\/04\/trends-and-vision-logo.jpg","contentUrl":"https:\/\/trendsandvision.nl\/de\/wp-content\/uploads\/sites\/3\/2022\/04\/trends-and-vision-logo.jpg","width":213,"height":100,"caption":"Trends &amp; Vision (DE)"},"image":{"@id":"https:\/\/trendsandvision.nl\/de\/#\/schema\/logo\/image\/"}}]}},"_links":{"self":[{"href":"https:\/\/trendsandvision.nl\/de\/wp-json\/wp\/v2\/product\/24181","targetHints":{"allow":["GET"]}}],"collection":[{"href":"https:\/\/trendsandvision.nl\/de\/wp-json\/wp\/v2\/product"}],"about":[{"href":"https:\/\/trendsandvision.nl\/de\/wp-json\/wp\/v2\/types\/product"}],"wp:featuredmedia":[{"embeddable":true,"href":"https:\/\/trendsandvision.nl\/de\/wp-json\/wp\/v2\/media\/24182"}],"wp:attachment":[{"href":"https:\/\/trendsandvision.nl\/de\/wp-json\/wp\/v2\/media?parent=24181"}],"wp:term":[{"taxonomy":"product_brand","embeddable":true,"href":"https:\/\/trendsandvision.nl\/de\/wp-json\/wp\/v2\/product_brand?post=24181"},{"taxonomy":"product_cat","embeddable":true,"href":"https:\/\/trendsandvision.nl\/de\/wp-json\/wp\/v2\/product_cat?post=24181"},{"taxonomy":"product_tag","embeddable":true,"href":"https:\/\/trendsandvision.nl\/de\/wp-json\/wp\/v2\/product_tag?post=24181"}],"curies":[{"name":"wp","href":"https:\/\/api.w.org\/{rel}","templated":true}]}}