{"id":24171,"date":"2025-12-29T23:41:13","date_gmt":"2025-12-29T22:41:13","guid":{"rendered":"https:\/\/trendsandvision.nl\/de\/product\/esschert-design-rost-gartenstecker-hase\/"},"modified":"2026-04-10T15:06:43","modified_gmt":"2026-04-10T13:06:43","slug":"esschert-design-rost-gartenstecker-hase","status":"publish","type":"product","link":"https:\/\/trendsandvision.nl\/de\/product\/esschert-design-rost-gartenstecker-hase\/","title":{"rendered":"Esschert Design Rost Gartenstecker Hase"},"content":{"rendered":"<p>Esschert Design Rost Gartenstecker Hase.<br \/>\nVerleihen Sie Ihrem Garten mit diesen lasergeschnittenen <strong><a href=\"https:\/\/trendsandvision.nl\/de\/?s=Gartenstecker&amp;post_type=product&amp;dgwt_wcas=1\">Gartensteckern<\/a><\/strong> einen Hauch von l\u00e4ndlichem Charme. Die wundersch\u00f6nen Silhouetten sorgen f\u00fcr einen verspielten und rustikalen Akzent. Die rostige Oberfl\u00e4che entwickelt im Laufe der Zeit auf nat\u00fcrliche Weise eine sch\u00f6ne Patina. Sie verleihen dem Garten Charakter und W\u00e4rme.<\/p>\n<p>Artikelname Rost Gartenstecker Hase<br \/>\nArtikelnummer TT286<br \/>\nProduktgr\u00f6\u00dfen in cm B 26 X T 0,3 X H 36,8<br \/>\nBarcode 8714982296529<br \/>\nMaterial 100% Weichstahl<br \/>\nGewicht 0,296 kg<br \/>\nProduzent: <a href=\"https:\/\/www.esschertdesign.com\/shop\/de\/roest-tuinsteker-haas-tt286\" target=\"_blank\">Esschert Design<\/a><\/p>\n","protected":false},"excerpt":{"rendered":"<p>Wetterbest\u00e4ndig<br \/>\nEntwickelt im Laufe der Zeit auf nat\u00fcrliche Weise eine Patina<br \/>\nLasergeschnittenes Design<br \/>\nB 26 X T 0,3 X H 36,8 cm<br \/>\nBarcode 8714982296529<br \/>\nMaterial 100% Weichstahl<br \/>\nGewicht 0,3 kg<\/p>\n","protected":false},"featured_media":24172,"template":"","meta":[],"product_brand":[9597,9870],"product_cat":[503],"product_tag":[6783,8483,7393,10195,11106],"class_list":{"0":"post-24171","1":"product","2":"type-product","3":"status-publish","4":"has-post-thumbnail","6":"product_brand-esschert-design","7":"product_brand-trends-vision","8":"product_cat-esscherts-garden","9":"product_tag-cortenstahl","10":"product_tag-gartendekoration","11":"product_tag-hase","12":"product_tag-rost-gartenstecker","13":"product_tag-wetterbestaendig","14":"pa_anbieter-esschert-design","15":"pa_ean-code-10998","17":"first","18":"instock","19":"sale","20":"taxable","21":"shipping-taxable","22":"purchasable","23":"product-type-simple","24":"czr-hentry"},"yoast_head":"<!-- This site is optimized with the Yoast SEO Premium plugin v26.4 (Yoast SEO v27.4) - https:\/\/yoast.com\/product\/yoast-seo-premium-wordpress\/ -->\n<title>Esschert Design Rost Gartenstecker Hase (TT286)<\/title>\n<meta name=\"description\" content=\"Esschert Design Rost Gartenstecker Hase (TT286) Lasergeschnittenes Design B 26 X T 0,3 X H 36,8 cm EAN 8714982296529 100% Weichstahl Gewicht 0,3 kg\" \/>\n<meta name=\"robots\" content=\"index, follow, max-snippet:-1, max-image-preview:large, max-video-preview:-1\" \/>\n<link rel=\"canonical\" href=\"https:\/\/trendsandvision.nl\/de\/product\/esschert-design-rost-gartenstecker-hase\/\" \/>\n<meta property=\"og:locale\" content=\"de_DE\" \/>\n<meta property=\"og:type\" content=\"article\" \/>\n<meta property=\"og:title\" content=\"Esschert Design Rost Gartenstecker Hase\" \/>\n<meta property=\"og:description\" content=\"Esschert Design Rost Gartenstecker Hase (TT286) Lasergeschnittenes Design B 26 X T 0,3 X H 36,8 cm EAN 8714982296529 100% Weichstahl Gewicht 0,3 kg\" \/>\n<meta property=\"og:url\" content=\"https:\/\/trendsandvision.nl\/de\/product\/esschert-design-rost-gartenstecker-hase\/\" \/>\n<meta property=\"og:site_name\" content=\"Trends &amp; Vision (DE)\" \/>\n<meta property=\"article:modified_time\" content=\"2026-04-10T13:06:43+00:00\" \/>\n<meta property=\"og:image\" content=\"https:\/\/trendsandvision.nl\/de\/wp-content\/uploads\/sites\/3\/2025\/12\/TT286_01.jpg\" \/>\n\t<meta property=\"og:image:width\" content=\"800\" \/>\n\t<meta property=\"og:image:height\" content=\"800\" \/>\n\t<meta property=\"og:image:type\" content=\"image\/jpeg\" \/>\n<meta name=\"twitter:card\" content=\"summary_large_image\" \/>\n<meta name=\"twitter:label1\" content=\"Gesch\u00e4tzte Lesezeit\" \/>\n\t<meta name=\"twitter:data1\" content=\"1\u00a0Minute\" \/>\n<script type=\"application\/ld+json\" class=\"yoast-schema-graph\">{\"@context\":\"https:\\\/\\\/schema.org\",\"@graph\":[{\"@type\":\"WebPage\",\"@id\":\"https:\\\/\\\/trendsandvision.nl\\\/de\\\/product\\\/esschert-design-rost-gartenstecker-hase\\\/\",\"url\":\"https:\\\/\\\/trendsandvision.nl\\\/de\\\/product\\\/esschert-design-rost-gartenstecker-hase\\\/\",\"name\":\"Esschert Design Rost Gartenstecker Hase (TT286)\",\"isPartOf\":{\"@id\":\"https:\\\/\\\/trendsandvision.nl\\\/de\\\/#website\"},\"primaryImageOfPage\":{\"@id\":\"https:\\\/\\\/trendsandvision.nl\\\/de\\\/product\\\/esschert-design-rost-gartenstecker-hase\\\/#primaryimage\"},\"image\":{\"@id\":\"https:\\\/\\\/trendsandvision.nl\\\/de\\\/product\\\/esschert-design-rost-gartenstecker-hase\\\/#primaryimage\"},\"thumbnailUrl\":\"https:\\\/\\\/trendsandvision.nl\\\/de\\\/wp-content\\\/uploads\\\/sites\\\/3\\\/2025\\\/12\\\/TT286_01.jpg\",\"datePublished\":\"2025-12-29T22:41:13+00:00\",\"dateModified\":\"2026-04-10T13:06:43+00:00\",\"description\":\"Esschert Design Rost Gartenstecker Hase (TT286) Lasergeschnittenes Design B 26 X T 0,3 X H 36,8 cm EAN 8714982296529 100% Weichstahl Gewicht 0,3 kg\",\"breadcrumb\":{\"@id\":\"https:\\\/\\\/trendsandvision.nl\\\/de\\\/product\\\/esschert-design-rost-gartenstecker-hase\\\/#breadcrumb\"},\"inLanguage\":\"de\",\"potentialAction\":[{\"@type\":\"ReadAction\",\"target\":[\"https:\\\/\\\/trendsandvision.nl\\\/de\\\/product\\\/esschert-design-rost-gartenstecker-hase\\\/\"]}]},{\"@type\":\"ImageObject\",\"inLanguage\":\"de\",\"@id\":\"https:\\\/\\\/trendsandvision.nl\\\/de\\\/product\\\/esschert-design-rost-gartenstecker-hase\\\/#primaryimage\",\"url\":\"https:\\\/\\\/trendsandvision.nl\\\/de\\\/wp-content\\\/uploads\\\/sites\\\/3\\\/2025\\\/12\\\/TT286_01.jpg\",\"contentUrl\":\"https:\\\/\\\/trendsandvision.nl\\\/de\\\/wp-content\\\/uploads\\\/sites\\\/3\\\/2025\\\/12\\\/TT286_01.jpg\",\"width\":800,\"height\":800,\"caption\":\"Trends and Vision Rost Gartenstecker Hase (TT286) Lasergeschnittenes Design B 26 X T 0,3 X H 36,8 cm EAN 8714982296529 100% Weichstahl Gewicht 0,3 kg\"},{\"@type\":\"BreadcrumbList\",\"@id\":\"https:\\\/\\\/trendsandvision.nl\\\/de\\\/product\\\/esschert-design-rost-gartenstecker-hase\\\/#breadcrumb\",\"itemListElement\":[{\"@type\":\"ListItem\",\"position\":1,\"name\":\"Home\",\"item\":\"https:\\\/\\\/trendsandvision.nl\\\/de\\\/\"},{\"@type\":\"ListItem\",\"position\":2,\"name\":\"Gesch\u00e4ft\",\"item\":\"https:\\\/\\\/trendsandvision.nl\\\/de\\\/geschaft\\\/\"},{\"@type\":\"ListItem\",\"position\":3,\"name\":\"Esschert Design Rost Gartenstecker Hase\"}]},{\"@type\":\"WebSite\",\"@id\":\"https:\\\/\\\/trendsandvision.nl\\\/de\\\/#website\",\"url\":\"https:\\\/\\\/trendsandvision.nl\\\/de\\\/\",\"name\":\"Trends &amp; Vision (DE)\",\"description\":\"Der Webshop f\u00fcr Esschert Design Artikel\",\"publisher\":{\"@id\":\"https:\\\/\\\/trendsandvision.nl\\\/de\\\/#organization\"},\"potentialAction\":[{\"@type\":\"SearchAction\",\"target\":{\"@type\":\"EntryPoint\",\"urlTemplate\":\"https:\\\/\\\/trendsandvision.nl\\\/de\\\/?s={search_term_string}\"},\"query-input\":{\"@type\":\"PropertyValueSpecification\",\"valueRequired\":true,\"valueName\":\"search_term_string\"}}],\"inLanguage\":\"de\"},{\"@type\":\"Organization\",\"@id\":\"https:\\\/\\\/trendsandvision.nl\\\/de\\\/#organization\",\"name\":\"Trends &amp; Vision (DE)\",\"url\":\"https:\\\/\\\/trendsandvision.nl\\\/de\\\/\",\"logo\":{\"@type\":\"ImageObject\",\"inLanguage\":\"de\",\"@id\":\"https:\\\/\\\/trendsandvision.nl\\\/de\\\/#\\\/schema\\\/logo\\\/image\\\/\",\"url\":\"https:\\\/\\\/trendsandvision.nl\\\/de\\\/wp-content\\\/uploads\\\/sites\\\/3\\\/2022\\\/04\\\/trends-and-vision-logo.jpg\",\"contentUrl\":\"https:\\\/\\\/trendsandvision.nl\\\/de\\\/wp-content\\\/uploads\\\/sites\\\/3\\\/2022\\\/04\\\/trends-and-vision-logo.jpg\",\"width\":213,\"height\":100,\"caption\":\"Trends &amp; Vision (DE)\"},\"image\":{\"@id\":\"https:\\\/\\\/trendsandvision.nl\\\/de\\\/#\\\/schema\\\/logo\\\/image\\\/\"}}]}<\/script>\n<!-- \/ Yoast SEO Premium plugin. -->","yoast_head_json":{"title":"Esschert Design Rost Gartenstecker Hase (TT286)","description":"Esschert Design Rost Gartenstecker Hase (TT286) Lasergeschnittenes Design B 26 X T 0,3 X H 36,8 cm EAN 8714982296529 100% Weichstahl Gewicht 0,3 kg","robots":{"index":"index","follow":"follow","max-snippet":"max-snippet:-1","max-image-preview":"max-image-preview:large","max-video-preview":"max-video-preview:-1"},"canonical":"https:\/\/trendsandvision.nl\/de\/product\/esschert-design-rost-gartenstecker-hase\/","og_locale":"de_DE","og_type":"article","og_title":"Esschert Design Rost Gartenstecker Hase","og_description":"Esschert Design Rost Gartenstecker Hase (TT286) Lasergeschnittenes Design B 26 X T 0,3 X H 36,8 cm EAN 8714982296529 100% Weichstahl Gewicht 0,3 kg","og_url":"https:\/\/trendsandvision.nl\/de\/product\/esschert-design-rost-gartenstecker-hase\/","og_site_name":"Trends &amp; Vision (DE)","article_modified_time":"2026-04-10T13:06:43+00:00","og_image":[{"width":800,"height":800,"url":"https:\/\/trendsandvision.nl\/de\/wp-content\/uploads\/sites\/3\/2025\/12\/TT286_01.jpg","type":"image\/jpeg"}],"twitter_card":"summary_large_image","twitter_misc":{"Gesch\u00e4tzte Lesezeit":"1\u00a0Minute"},"schema":{"@context":"https:\/\/schema.org","@graph":[{"@type":"WebPage","@id":"https:\/\/trendsandvision.nl\/de\/product\/esschert-design-rost-gartenstecker-hase\/","url":"https:\/\/trendsandvision.nl\/de\/product\/esschert-design-rost-gartenstecker-hase\/","name":"Esschert Design Rost Gartenstecker Hase (TT286)","isPartOf":{"@id":"https:\/\/trendsandvision.nl\/de\/#website"},"primaryImageOfPage":{"@id":"https:\/\/trendsandvision.nl\/de\/product\/esschert-design-rost-gartenstecker-hase\/#primaryimage"},"image":{"@id":"https:\/\/trendsandvision.nl\/de\/product\/esschert-design-rost-gartenstecker-hase\/#primaryimage"},"thumbnailUrl":"https:\/\/trendsandvision.nl\/de\/wp-content\/uploads\/sites\/3\/2025\/12\/TT286_01.jpg","datePublished":"2025-12-29T22:41:13+00:00","dateModified":"2026-04-10T13:06:43+00:00","description":"Esschert Design Rost Gartenstecker Hase (TT286) Lasergeschnittenes Design B 26 X T 0,3 X H 36,8 cm EAN 8714982296529 100% Weichstahl Gewicht 0,3 kg","breadcrumb":{"@id":"https:\/\/trendsandvision.nl\/de\/product\/esschert-design-rost-gartenstecker-hase\/#breadcrumb"},"inLanguage":"de","potentialAction":[{"@type":"ReadAction","target":["https:\/\/trendsandvision.nl\/de\/product\/esschert-design-rost-gartenstecker-hase\/"]}]},{"@type":"ImageObject","inLanguage":"de","@id":"https:\/\/trendsandvision.nl\/de\/product\/esschert-design-rost-gartenstecker-hase\/#primaryimage","url":"https:\/\/trendsandvision.nl\/de\/wp-content\/uploads\/sites\/3\/2025\/12\/TT286_01.jpg","contentUrl":"https:\/\/trendsandvision.nl\/de\/wp-content\/uploads\/sites\/3\/2025\/12\/TT286_01.jpg","width":800,"height":800,"caption":"Trends and Vision Rost Gartenstecker Hase (TT286) Lasergeschnittenes Design B 26 X T 0,3 X H 36,8 cm EAN 8714982296529 100% Weichstahl Gewicht 0,3 kg"},{"@type":"BreadcrumbList","@id":"https:\/\/trendsandvision.nl\/de\/product\/esschert-design-rost-gartenstecker-hase\/#breadcrumb","itemListElement":[{"@type":"ListItem","position":1,"name":"Home","item":"https:\/\/trendsandvision.nl\/de\/"},{"@type":"ListItem","position":2,"name":"Gesch\u00e4ft","item":"https:\/\/trendsandvision.nl\/de\/geschaft\/"},{"@type":"ListItem","position":3,"name":"Esschert Design Rost Gartenstecker Hase"}]},{"@type":"WebSite","@id":"https:\/\/trendsandvision.nl\/de\/#website","url":"https:\/\/trendsandvision.nl\/de\/","name":"Trends &amp; Vision (DE)","description":"Der Webshop f\u00fcr Esschert Design Artikel","publisher":{"@id":"https:\/\/trendsandvision.nl\/de\/#organization"},"potentialAction":[{"@type":"SearchAction","target":{"@type":"EntryPoint","urlTemplate":"https:\/\/trendsandvision.nl\/de\/?s={search_term_string}"},"query-input":{"@type":"PropertyValueSpecification","valueRequired":true,"valueName":"search_term_string"}}],"inLanguage":"de"},{"@type":"Organization","@id":"https:\/\/trendsandvision.nl\/de\/#organization","name":"Trends &amp; Vision (DE)","url":"https:\/\/trendsandvision.nl\/de\/","logo":{"@type":"ImageObject","inLanguage":"de","@id":"https:\/\/trendsandvision.nl\/de\/#\/schema\/logo\/image\/","url":"https:\/\/trendsandvision.nl\/de\/wp-content\/uploads\/sites\/3\/2022\/04\/trends-and-vision-logo.jpg","contentUrl":"https:\/\/trendsandvision.nl\/de\/wp-content\/uploads\/sites\/3\/2022\/04\/trends-and-vision-logo.jpg","width":213,"height":100,"caption":"Trends &amp; Vision (DE)"},"image":{"@id":"https:\/\/trendsandvision.nl\/de\/#\/schema\/logo\/image\/"}}]}},"_links":{"self":[{"href":"https:\/\/trendsandvision.nl\/de\/wp-json\/wp\/v2\/product\/24171","targetHints":{"allow":["GET"]}}],"collection":[{"href":"https:\/\/trendsandvision.nl\/de\/wp-json\/wp\/v2\/product"}],"about":[{"href":"https:\/\/trendsandvision.nl\/de\/wp-json\/wp\/v2\/types\/product"}],"wp:featuredmedia":[{"embeddable":true,"href":"https:\/\/trendsandvision.nl\/de\/wp-json\/wp\/v2\/media\/24172"}],"wp:attachment":[{"href":"https:\/\/trendsandvision.nl\/de\/wp-json\/wp\/v2\/media?parent=24171"}],"wp:term":[{"taxonomy":"product_brand","embeddable":true,"href":"https:\/\/trendsandvision.nl\/de\/wp-json\/wp\/v2\/product_brand?post=24171"},{"taxonomy":"product_cat","embeddable":true,"href":"https:\/\/trendsandvision.nl\/de\/wp-json\/wp\/v2\/product_cat?post=24171"},{"taxonomy":"product_tag","embeddable":true,"href":"https:\/\/trendsandvision.nl\/de\/wp-json\/wp\/v2\/product_tag?post=24171"}],"curies":[{"name":"wp","href":"https:\/\/api.w.org\/{rel}","templated":true}]}}