{"id":24161,"date":"2025-12-29T23:40:56","date_gmt":"2025-12-29T22:40:56","guid":{"rendered":"https:\/\/trendsandvision.nl\/de\/product\/esschert-design-einkaufstasche-rotkehlchen\/"},"modified":"2026-04-10T15:43:30","modified_gmt":"2026-04-10T13:43:30","slug":"esschert-design-einkaufstasche-rotkehlchen","status":"publish","type":"product","link":"https:\/\/trendsandvision.nl\/de\/product\/esschert-design-einkaufstasche-rotkehlchen\/","title":{"rendered":"Esschert Design Einkaufstasche Rotkehlchen"},"content":{"rendered":"<p>Esschert Design Einkaufstasche Rotkehlchen.<br \/>\nEinkaufen macht mit dieser <strong><a href=\"https:\/\/trendsandvision.nl\/de\/?s=Einkaufstasche&amp;post_type=product&amp;dgwt_wcas=1\" target=\"_blank\">Einkaufstasche<\/a><\/strong> gleich viel mehr Spa\u00df. Die Tasche besteht aus strapazierf\u00e4higem, wasserabweisendem Segeltuch und ist f\u00fcr den t\u00e4glichen Gebrauch konzipiert. Sie bietet viel Platz, und die robusten Griffe sorgen f\u00fcr einen angenehmen Tragekomfort.<\/p>\n<p>Artikelname Einkaufstasche <strong><a href=\"https:\/\/trendsandvision.nl\/de\/?s=Rotkehlchen&amp;post_type=product&amp;dgwt_wcas=1\" target=\"_blank\">Rotkehlchen<\/a><\/strong><br \/>\nArtikelnummer TP472<br \/>\nProduktgr\u00f6\u00dfen in cm B 40 X T 14,5 X H 40<br \/>\nBarcode 8714982297137<br \/>\nMaterial 100% PP<br \/>\nNettogewicht 0,097 kg<br \/>\nProduzent: <a href=\"https:\/\/www.esschertdesign.com\/shop\/de\/boodschappentas-roodborst-tp472\" target=\"_blank\">Esschert Design<\/a><\/p>\n","protected":false},"excerpt":{"rendered":"<p>Ger\u00e4umiges Fassungsverm\u00f6gen<br \/>\nBequeme Griffe<br \/>\nFr\u00f6hliches Design<br \/>\nTP472<br \/>\nProduktgr\u00f6\u00dfen in cm B 40 X T 14,5 X H 40<br \/>\nBarcode 8714982297137<br \/>\nMaterial 100% PP<br \/>\nNettogewicht 0,097 kg<\/p>\n","protected":false},"featured_media":24162,"template":"","meta":[],"product_brand":[9597,9870],"product_cat":[769],"product_tag":[7533,7173],"class_list":{"0":"post-24161","1":"product","2":"type-product","3":"status-publish","4":"has-post-thumbnail","6":"product_brand-esschert-design","7":"product_brand-trends-vision","8":"product_cat-prints","9":"product_tag-einkaufstaschen","10":"product_tag-rotkehlchen","11":"pa_anbieter-esschert-design","12":"pa_ean-code-10993","14":"first","15":"instock","16":"sale","17":"taxable","18":"shipping-taxable","19":"purchasable","20":"product-type-simple","21":"czr-hentry"},"yoast_head":"<!-- This site is optimized with the Yoast SEO Premium plugin v26.4 (Yoast SEO v27.4) - https:\/\/yoast.com\/product\/yoast-seo-premium-wordpress\/ -->\n<title>Esschert Design Einkaufstasche Rotkehlchen (TP472)<\/title>\n<meta name=\"description\" content=\"Esschert Design Einkaufstasche Rotkehlchen (TP472) B 40 X T 14,5 X H 40 Barcode 8714982297137 Material 100% PP Nettogewicht 0,097 kg\" \/>\n<meta name=\"robots\" content=\"index, follow, max-snippet:-1, max-image-preview:large, max-video-preview:-1\" \/>\n<link rel=\"canonical\" href=\"https:\/\/trendsandvision.nl\/de\/product\/esschert-design-einkaufstasche-rotkehlchen\/\" \/>\n<meta property=\"og:locale\" content=\"de_DE\" \/>\n<meta property=\"og:type\" content=\"article\" \/>\n<meta property=\"og:title\" content=\"Esschert Design Einkaufstasche Rotkehlchen\" \/>\n<meta property=\"og:description\" content=\"Esschert Design Einkaufstasche Rotkehlchen (TP472) B 40 X T 14,5 X H 40 Barcode 8714982297137 Material 100% PP Nettogewicht 0,097 kg\" \/>\n<meta property=\"og:url\" content=\"https:\/\/trendsandvision.nl\/de\/product\/esschert-design-einkaufstasche-rotkehlchen\/\" \/>\n<meta property=\"og:site_name\" content=\"Trends &amp; Vision (DE)\" \/>\n<meta property=\"article:modified_time\" content=\"2026-04-10T13:43:30+00:00\" \/>\n<meta property=\"og:image\" content=\"https:\/\/trendsandvision.nl\/de\/wp-content\/uploads\/sites\/3\/2025\/12\/TP472_01.jpg\" \/>\n\t<meta property=\"og:image:width\" content=\"800\" \/>\n\t<meta property=\"og:image:height\" content=\"800\" \/>\n\t<meta property=\"og:image:type\" content=\"image\/jpeg\" \/>\n<meta name=\"twitter:card\" content=\"summary_large_image\" \/>\n<meta name=\"twitter:label1\" content=\"Gesch\u00e4tzte Lesezeit\" \/>\n\t<meta name=\"twitter:data1\" content=\"1\u00a0Minute\" \/>\n<script type=\"application\/ld+json\" class=\"yoast-schema-graph\">{\"@context\":\"https:\\\/\\\/schema.org\",\"@graph\":[{\"@type\":\"WebPage\",\"@id\":\"https:\\\/\\\/trendsandvision.nl\\\/de\\\/product\\\/esschert-design-einkaufstasche-rotkehlchen\\\/\",\"url\":\"https:\\\/\\\/trendsandvision.nl\\\/de\\\/product\\\/esschert-design-einkaufstasche-rotkehlchen\\\/\",\"name\":\"Esschert Design Einkaufstasche Rotkehlchen (TP472)\",\"isPartOf\":{\"@id\":\"https:\\\/\\\/trendsandvision.nl\\\/de\\\/#website\"},\"primaryImageOfPage\":{\"@id\":\"https:\\\/\\\/trendsandvision.nl\\\/de\\\/product\\\/esschert-design-einkaufstasche-rotkehlchen\\\/#primaryimage\"},\"image\":{\"@id\":\"https:\\\/\\\/trendsandvision.nl\\\/de\\\/product\\\/esschert-design-einkaufstasche-rotkehlchen\\\/#primaryimage\"},\"thumbnailUrl\":\"https:\\\/\\\/trendsandvision.nl\\\/de\\\/wp-content\\\/uploads\\\/sites\\\/3\\\/2025\\\/12\\\/TP472_01.jpg\",\"datePublished\":\"2025-12-29T22:40:56+00:00\",\"dateModified\":\"2026-04-10T13:43:30+00:00\",\"description\":\"Esschert Design Einkaufstasche Rotkehlchen (TP472) B 40 X T 14,5 X H 40 Barcode 8714982297137 Material 100% PP Nettogewicht 0,097 kg\",\"breadcrumb\":{\"@id\":\"https:\\\/\\\/trendsandvision.nl\\\/de\\\/product\\\/esschert-design-einkaufstasche-rotkehlchen\\\/#breadcrumb\"},\"inLanguage\":\"de\",\"potentialAction\":[{\"@type\":\"ReadAction\",\"target\":[\"https:\\\/\\\/trendsandvision.nl\\\/de\\\/product\\\/esschert-design-einkaufstasche-rotkehlchen\\\/\"]}]},{\"@type\":\"ImageObject\",\"inLanguage\":\"de\",\"@id\":\"https:\\\/\\\/trendsandvision.nl\\\/de\\\/product\\\/esschert-design-einkaufstasche-rotkehlchen\\\/#primaryimage\",\"url\":\"https:\\\/\\\/trendsandvision.nl\\\/de\\\/wp-content\\\/uploads\\\/sites\\\/3\\\/2025\\\/12\\\/TP472_01.jpg\",\"contentUrl\":\"https:\\\/\\\/trendsandvision.nl\\\/de\\\/wp-content\\\/uploads\\\/sites\\\/3\\\/2025\\\/12\\\/TP472_01.jpg\",\"width\":800,\"height\":800,\"caption\":\"Trends and Vision Einkaufstasche Rotkehlchen (TP472) B 40 X T 14,5 X H 40 Barcode 8714982297137 Material 100% PP Nettogewicht 0,097 kg\"},{\"@type\":\"BreadcrumbList\",\"@id\":\"https:\\\/\\\/trendsandvision.nl\\\/de\\\/product\\\/esschert-design-einkaufstasche-rotkehlchen\\\/#breadcrumb\",\"itemListElement\":[{\"@type\":\"ListItem\",\"position\":1,\"name\":\"Home\",\"item\":\"https:\\\/\\\/trendsandvision.nl\\\/de\\\/\"},{\"@type\":\"ListItem\",\"position\":2,\"name\":\"Gesch\u00e4ft\",\"item\":\"https:\\\/\\\/trendsandvision.nl\\\/de\\\/geschaft\\\/\"},{\"@type\":\"ListItem\",\"position\":3,\"name\":\"Esschert Design Einkaufstasche Rotkehlchen\"}]},{\"@type\":\"WebSite\",\"@id\":\"https:\\\/\\\/trendsandvision.nl\\\/de\\\/#website\",\"url\":\"https:\\\/\\\/trendsandvision.nl\\\/de\\\/\",\"name\":\"Trends &amp; Vision (DE)\",\"description\":\"Der Webshop f\u00fcr Esschert Design Artikel\",\"publisher\":{\"@id\":\"https:\\\/\\\/trendsandvision.nl\\\/de\\\/#organization\"},\"potentialAction\":[{\"@type\":\"SearchAction\",\"target\":{\"@type\":\"EntryPoint\",\"urlTemplate\":\"https:\\\/\\\/trendsandvision.nl\\\/de\\\/?s={search_term_string}\"},\"query-input\":{\"@type\":\"PropertyValueSpecification\",\"valueRequired\":true,\"valueName\":\"search_term_string\"}}],\"inLanguage\":\"de\"},{\"@type\":\"Organization\",\"@id\":\"https:\\\/\\\/trendsandvision.nl\\\/de\\\/#organization\",\"name\":\"Trends &amp; Vision (DE)\",\"url\":\"https:\\\/\\\/trendsandvision.nl\\\/de\\\/\",\"logo\":{\"@type\":\"ImageObject\",\"inLanguage\":\"de\",\"@id\":\"https:\\\/\\\/trendsandvision.nl\\\/de\\\/#\\\/schema\\\/logo\\\/image\\\/\",\"url\":\"https:\\\/\\\/trendsandvision.nl\\\/de\\\/wp-content\\\/uploads\\\/sites\\\/3\\\/2022\\\/04\\\/trends-and-vision-logo.jpg\",\"contentUrl\":\"https:\\\/\\\/trendsandvision.nl\\\/de\\\/wp-content\\\/uploads\\\/sites\\\/3\\\/2022\\\/04\\\/trends-and-vision-logo.jpg\",\"width\":213,\"height\":100,\"caption\":\"Trends &amp; Vision (DE)\"},\"image\":{\"@id\":\"https:\\\/\\\/trendsandvision.nl\\\/de\\\/#\\\/schema\\\/logo\\\/image\\\/\"}}]}<\/script>\n<!-- \/ Yoast SEO Premium plugin. -->","yoast_head_json":{"title":"Esschert Design Einkaufstasche Rotkehlchen (TP472)","description":"Esschert Design Einkaufstasche Rotkehlchen (TP472) B 40 X T 14,5 X H 40 Barcode 8714982297137 Material 100% PP Nettogewicht 0,097 kg","robots":{"index":"index","follow":"follow","max-snippet":"max-snippet:-1","max-image-preview":"max-image-preview:large","max-video-preview":"max-video-preview:-1"},"canonical":"https:\/\/trendsandvision.nl\/de\/product\/esschert-design-einkaufstasche-rotkehlchen\/","og_locale":"de_DE","og_type":"article","og_title":"Esschert Design Einkaufstasche Rotkehlchen","og_description":"Esschert Design Einkaufstasche Rotkehlchen (TP472) B 40 X T 14,5 X H 40 Barcode 8714982297137 Material 100% PP Nettogewicht 0,097 kg","og_url":"https:\/\/trendsandvision.nl\/de\/product\/esschert-design-einkaufstasche-rotkehlchen\/","og_site_name":"Trends &amp; Vision (DE)","article_modified_time":"2026-04-10T13:43:30+00:00","og_image":[{"width":800,"height":800,"url":"https:\/\/trendsandvision.nl\/de\/wp-content\/uploads\/sites\/3\/2025\/12\/TP472_01.jpg","type":"image\/jpeg"}],"twitter_card":"summary_large_image","twitter_misc":{"Gesch\u00e4tzte Lesezeit":"1\u00a0Minute"},"schema":{"@context":"https:\/\/schema.org","@graph":[{"@type":"WebPage","@id":"https:\/\/trendsandvision.nl\/de\/product\/esschert-design-einkaufstasche-rotkehlchen\/","url":"https:\/\/trendsandvision.nl\/de\/product\/esschert-design-einkaufstasche-rotkehlchen\/","name":"Esschert Design Einkaufstasche Rotkehlchen (TP472)","isPartOf":{"@id":"https:\/\/trendsandvision.nl\/de\/#website"},"primaryImageOfPage":{"@id":"https:\/\/trendsandvision.nl\/de\/product\/esschert-design-einkaufstasche-rotkehlchen\/#primaryimage"},"image":{"@id":"https:\/\/trendsandvision.nl\/de\/product\/esschert-design-einkaufstasche-rotkehlchen\/#primaryimage"},"thumbnailUrl":"https:\/\/trendsandvision.nl\/de\/wp-content\/uploads\/sites\/3\/2025\/12\/TP472_01.jpg","datePublished":"2025-12-29T22:40:56+00:00","dateModified":"2026-04-10T13:43:30+00:00","description":"Esschert Design Einkaufstasche Rotkehlchen (TP472) B 40 X T 14,5 X H 40 Barcode 8714982297137 Material 100% PP Nettogewicht 0,097 kg","breadcrumb":{"@id":"https:\/\/trendsandvision.nl\/de\/product\/esschert-design-einkaufstasche-rotkehlchen\/#breadcrumb"},"inLanguage":"de","potentialAction":[{"@type":"ReadAction","target":["https:\/\/trendsandvision.nl\/de\/product\/esschert-design-einkaufstasche-rotkehlchen\/"]}]},{"@type":"ImageObject","inLanguage":"de","@id":"https:\/\/trendsandvision.nl\/de\/product\/esschert-design-einkaufstasche-rotkehlchen\/#primaryimage","url":"https:\/\/trendsandvision.nl\/de\/wp-content\/uploads\/sites\/3\/2025\/12\/TP472_01.jpg","contentUrl":"https:\/\/trendsandvision.nl\/de\/wp-content\/uploads\/sites\/3\/2025\/12\/TP472_01.jpg","width":800,"height":800,"caption":"Trends and Vision Einkaufstasche Rotkehlchen (TP472) B 40 X T 14,5 X H 40 Barcode 8714982297137 Material 100% PP Nettogewicht 0,097 kg"},{"@type":"BreadcrumbList","@id":"https:\/\/trendsandvision.nl\/de\/product\/esschert-design-einkaufstasche-rotkehlchen\/#breadcrumb","itemListElement":[{"@type":"ListItem","position":1,"name":"Home","item":"https:\/\/trendsandvision.nl\/de\/"},{"@type":"ListItem","position":2,"name":"Gesch\u00e4ft","item":"https:\/\/trendsandvision.nl\/de\/geschaft\/"},{"@type":"ListItem","position":3,"name":"Esschert Design Einkaufstasche Rotkehlchen"}]},{"@type":"WebSite","@id":"https:\/\/trendsandvision.nl\/de\/#website","url":"https:\/\/trendsandvision.nl\/de\/","name":"Trends &amp; Vision (DE)","description":"Der Webshop f\u00fcr Esschert Design Artikel","publisher":{"@id":"https:\/\/trendsandvision.nl\/de\/#organization"},"potentialAction":[{"@type":"SearchAction","target":{"@type":"EntryPoint","urlTemplate":"https:\/\/trendsandvision.nl\/de\/?s={search_term_string}"},"query-input":{"@type":"PropertyValueSpecification","valueRequired":true,"valueName":"search_term_string"}}],"inLanguage":"de"},{"@type":"Organization","@id":"https:\/\/trendsandvision.nl\/de\/#organization","name":"Trends &amp; Vision (DE)","url":"https:\/\/trendsandvision.nl\/de\/","logo":{"@type":"ImageObject","inLanguage":"de","@id":"https:\/\/trendsandvision.nl\/de\/#\/schema\/logo\/image\/","url":"https:\/\/trendsandvision.nl\/de\/wp-content\/uploads\/sites\/3\/2022\/04\/trends-and-vision-logo.jpg","contentUrl":"https:\/\/trendsandvision.nl\/de\/wp-content\/uploads\/sites\/3\/2022\/04\/trends-and-vision-logo.jpg","width":213,"height":100,"caption":"Trends &amp; Vision (DE)"},"image":{"@id":"https:\/\/trendsandvision.nl\/de\/#\/schema\/logo\/image\/"}}]}},"_links":{"self":[{"href":"https:\/\/trendsandvision.nl\/de\/wp-json\/wp\/v2\/product\/24161","targetHints":{"allow":["GET"]}}],"collection":[{"href":"https:\/\/trendsandvision.nl\/de\/wp-json\/wp\/v2\/product"}],"about":[{"href":"https:\/\/trendsandvision.nl\/de\/wp-json\/wp\/v2\/types\/product"}],"wp:featuredmedia":[{"embeddable":true,"href":"https:\/\/trendsandvision.nl\/de\/wp-json\/wp\/v2\/media\/24162"}],"wp:attachment":[{"href":"https:\/\/trendsandvision.nl\/de\/wp-json\/wp\/v2\/media?parent=24161"}],"wp:term":[{"taxonomy":"product_brand","embeddable":true,"href":"https:\/\/trendsandvision.nl\/de\/wp-json\/wp\/v2\/product_brand?post=24161"},{"taxonomy":"product_cat","embeddable":true,"href":"https:\/\/trendsandvision.nl\/de\/wp-json\/wp\/v2\/product_cat?post=24161"},{"taxonomy":"product_tag","embeddable":true,"href":"https:\/\/trendsandvision.nl\/de\/wp-json\/wp\/v2\/product_tag?post=24161"}],"curies":[{"name":"wp","href":"https:\/\/api.w.org\/{rel}","templated":true}]}}