{"id":24107,"date":"2025-12-29T23:39:09","date_gmt":"2025-12-29T22:39:09","guid":{"rendered":"https:\/\/trendsandvision.nl\/de\/product\/esschert-design-giesskanne-loewe\/"},"modified":"2026-04-07T10:49:02","modified_gmt":"2026-04-07T08:49:02","slug":"esschert-design-giesskanne-loewe","status":"publish","type":"product","link":"https:\/\/trendsandvision.nl\/de\/product\/esschert-design-giesskanne-loewe\/","title":{"rendered":"Esschert Design Gie\u00dfkanne L\u00f6we"},"content":{"rendered":"<p>Diese Gie\u00dfkanne macht das Blumengie\u00dfen zum Vergn\u00fcgen! Der Griff ist clever in das Design integriert.<br \/>\nDie Kanne besteht aus robustem Kunststoff und ist daher auch f\u00fcr den Au\u00dfenbereich geeignet. Dank der gro\u00dfen \u00d6ffnung l\u00e4sst sie sich leicht nachf\u00fcllen.<br \/>\nDurch das gro\u00dfe Fassungsverm\u00f6gen muss sie nicht st\u00e4ndig aufgef\u00fcllt werden.<\/p>\n<p>Artikelname <strong><a href=\"https:\/\/trendsandvision.nl\/de\/?s=Gie\u00dfkanne&amp;post_type=product&amp;dgwt_wcas=1\">Gie\u00dfkanne<\/a><\/strong> L\u00f6we<br \/>\nArtikelnummer TG376<br \/>\nProduktgr\u00f6\u00dfen in cm B 29 X T 12 X H 20<br \/>\nBarcode 8714982288463<br \/>\nMaterial 99, 99% HDPE, 0, 01% PP<br \/>\nGewicht 0,166 kg<br \/>\nProduzent: <a href=\"https:\/\/www.esschertdesign.com\/shop\/de\/gieter-leeuw-tg376\" target=\"_blank\">Esschert Design<\/a><\/p>\n","protected":false},"excerpt":{"rendered":"<p>Fassungsverm\u00f6gen: 1,35 Liter<br \/>\nGro\u00dfe \u00d6ffnung zum einfachen Nachf\u00fcllen<br \/>\nGezieltes Gie\u00dfen von Pflanzen<br \/>\nB 29 X T 12 X H 20 cm<br \/>\nBarcode 8714982288463<br \/>\nMaterial 99, 99% HDPE, 0, 01% PP<br \/>\nGewicht 0,166 kg<\/p>\n","protected":false},"featured_media":24108,"template":"","meta":[],"product_brand":[9597,9870],"product_cat":[1284],"product_tag":[],"class_list":{"0":"post-24107","1":"product","2":"type-product","3":"status-publish","4":"has-post-thumbnail","6":"product_brand-esschert-design","7":"product_brand-trends-vision","8":"product_cat-water-in-the-garden","9":"pa_anbieter-esschert-design","10":"pa_ean-code-10980","12":"first","13":"outofstock","14":"sale","15":"taxable","16":"shipping-taxable","17":"purchasable","18":"product-type-simple","19":"czr-hentry"},"yoast_head":"<!-- This site is optimized with the Yoast SEO Premium plugin v26.4 (Yoast SEO v27.4) - https:\/\/yoast.com\/product\/yoast-seo-premium-wordpress\/ -->\n<title>Esschert Design Gie\u00dfkanne L\u00f6we (TG376)<\/title>\n<meta name=\"description\" content=\"Esschert Design Gie\u00dfkanne L\u00f6we (TG376) B 29 X T 12 X H 20 cm EAN 8714982288463 Material 99, 99% HDPE, 0, 01% PP Gewicht 0,166 kg\" \/>\n<meta name=\"robots\" content=\"index, follow, max-snippet:-1, max-image-preview:large, max-video-preview:-1\" \/>\n<link rel=\"canonical\" href=\"https:\/\/trendsandvision.nl\/de\/product\/esschert-design-giesskanne-loewe\/\" \/>\n<meta property=\"og:locale\" content=\"de_DE\" \/>\n<meta property=\"og:type\" content=\"article\" \/>\n<meta property=\"og:title\" content=\"Esschert Design Gie\u00dfkanne L\u00f6we\" \/>\n<meta property=\"og:description\" content=\"Esschert Design Gie\u00dfkanne L\u00f6we (TG376) B 29 X T 12 X H 20 cm EAN 8714982288463 Material 99, 99% HDPE, 0, 01% PP Gewicht 0,166 kg\" \/>\n<meta property=\"og:url\" content=\"https:\/\/trendsandvision.nl\/de\/product\/esschert-design-giesskanne-loewe\/\" \/>\n<meta property=\"og:site_name\" content=\"Trends &amp; Vision (DE)\" \/>\n<meta property=\"article:modified_time\" content=\"2026-04-07T08:49:02+00:00\" \/>\n<meta property=\"og:image\" content=\"https:\/\/trendsandvision.nl\/de\/wp-content\/uploads\/sites\/3\/2025\/12\/TG376_01.jpg\" \/>\n\t<meta property=\"og:image:width\" content=\"800\" \/>\n\t<meta property=\"og:image:height\" content=\"800\" \/>\n\t<meta property=\"og:image:type\" content=\"image\/jpeg\" \/>\n<meta name=\"twitter:card\" content=\"summary_large_image\" \/>\n<meta name=\"twitter:label1\" content=\"Gesch\u00e4tzte Lesezeit\" \/>\n\t<meta name=\"twitter:data1\" content=\"1\u00a0Minute\" \/>\n<script type=\"application\/ld+json\" class=\"yoast-schema-graph\">{\"@context\":\"https:\\\/\\\/schema.org\",\"@graph\":[{\"@type\":\"WebPage\",\"@id\":\"https:\\\/\\\/trendsandvision.nl\\\/de\\\/product\\\/esschert-design-giesskanne-loewe\\\/\",\"url\":\"https:\\\/\\\/trendsandvision.nl\\\/de\\\/product\\\/esschert-design-giesskanne-loewe\\\/\",\"name\":\"Esschert Design Gie\u00dfkanne L\u00f6we (TG376)\",\"isPartOf\":{\"@id\":\"https:\\\/\\\/trendsandvision.nl\\\/de\\\/#website\"},\"primaryImageOfPage\":{\"@id\":\"https:\\\/\\\/trendsandvision.nl\\\/de\\\/product\\\/esschert-design-giesskanne-loewe\\\/#primaryimage\"},\"image\":{\"@id\":\"https:\\\/\\\/trendsandvision.nl\\\/de\\\/product\\\/esschert-design-giesskanne-loewe\\\/#primaryimage\"},\"thumbnailUrl\":\"https:\\\/\\\/trendsandvision.nl\\\/de\\\/wp-content\\\/uploads\\\/sites\\\/3\\\/2025\\\/12\\\/TG376_01.jpg\",\"datePublished\":\"2025-12-29T22:39:09+00:00\",\"dateModified\":\"2026-04-07T08:49:02+00:00\",\"description\":\"Esschert Design Gie\u00dfkanne L\u00f6we (TG376) B 29 X T 12 X H 20 cm EAN 8714982288463 Material 99, 99% HDPE, 0, 01% PP Gewicht 0,166 kg\",\"breadcrumb\":{\"@id\":\"https:\\\/\\\/trendsandvision.nl\\\/de\\\/product\\\/esschert-design-giesskanne-loewe\\\/#breadcrumb\"},\"inLanguage\":\"de\",\"potentialAction\":[{\"@type\":\"ReadAction\",\"target\":[\"https:\\\/\\\/trendsandvision.nl\\\/de\\\/product\\\/esschert-design-giesskanne-loewe\\\/\"]}]},{\"@type\":\"ImageObject\",\"inLanguage\":\"de\",\"@id\":\"https:\\\/\\\/trendsandvision.nl\\\/de\\\/product\\\/esschert-design-giesskanne-loewe\\\/#primaryimage\",\"url\":\"https:\\\/\\\/trendsandvision.nl\\\/de\\\/wp-content\\\/uploads\\\/sites\\\/3\\\/2025\\\/12\\\/TG376_01.jpg\",\"contentUrl\":\"https:\\\/\\\/trendsandvision.nl\\\/de\\\/wp-content\\\/uploads\\\/sites\\\/3\\\/2025\\\/12\\\/TG376_01.jpg\",\"width\":800,\"height\":800,\"caption\":\"Esschert Design Gie\u00dfkanne L\u00f6we () - 01\"},{\"@type\":\"BreadcrumbList\",\"@id\":\"https:\\\/\\\/trendsandvision.nl\\\/de\\\/product\\\/esschert-design-giesskanne-loewe\\\/#breadcrumb\",\"itemListElement\":[{\"@type\":\"ListItem\",\"position\":1,\"name\":\"Home\",\"item\":\"https:\\\/\\\/trendsandvision.nl\\\/de\\\/\"},{\"@type\":\"ListItem\",\"position\":2,\"name\":\"Gesch\u00e4ft\",\"item\":\"https:\\\/\\\/trendsandvision.nl\\\/de\\\/geschaft\\\/\"},{\"@type\":\"ListItem\",\"position\":3,\"name\":\"Esschert Design Gie\u00dfkanne L\u00f6we\"}]},{\"@type\":\"WebSite\",\"@id\":\"https:\\\/\\\/trendsandvision.nl\\\/de\\\/#website\",\"url\":\"https:\\\/\\\/trendsandvision.nl\\\/de\\\/\",\"name\":\"Trends &amp; Vision (DE)\",\"description\":\"Der Webshop f\u00fcr Esschert Design Artikel\",\"publisher\":{\"@id\":\"https:\\\/\\\/trendsandvision.nl\\\/de\\\/#organization\"},\"potentialAction\":[{\"@type\":\"SearchAction\",\"target\":{\"@type\":\"EntryPoint\",\"urlTemplate\":\"https:\\\/\\\/trendsandvision.nl\\\/de\\\/?s={search_term_string}\"},\"query-input\":{\"@type\":\"PropertyValueSpecification\",\"valueRequired\":true,\"valueName\":\"search_term_string\"}}],\"inLanguage\":\"de\"},{\"@type\":\"Organization\",\"@id\":\"https:\\\/\\\/trendsandvision.nl\\\/de\\\/#organization\",\"name\":\"Trends &amp; Vision (DE)\",\"url\":\"https:\\\/\\\/trendsandvision.nl\\\/de\\\/\",\"logo\":{\"@type\":\"ImageObject\",\"inLanguage\":\"de\",\"@id\":\"https:\\\/\\\/trendsandvision.nl\\\/de\\\/#\\\/schema\\\/logo\\\/image\\\/\",\"url\":\"https:\\\/\\\/trendsandvision.nl\\\/de\\\/wp-content\\\/uploads\\\/sites\\\/3\\\/2022\\\/04\\\/trends-and-vision-logo.jpg\",\"contentUrl\":\"https:\\\/\\\/trendsandvision.nl\\\/de\\\/wp-content\\\/uploads\\\/sites\\\/3\\\/2022\\\/04\\\/trends-and-vision-logo.jpg\",\"width\":213,\"height\":100,\"caption\":\"Trends &amp; Vision (DE)\"},\"image\":{\"@id\":\"https:\\\/\\\/trendsandvision.nl\\\/de\\\/#\\\/schema\\\/logo\\\/image\\\/\"}}]}<\/script>\n<!-- \/ Yoast SEO Premium plugin. -->","yoast_head_json":{"title":"Esschert Design Gie\u00dfkanne L\u00f6we (TG376)","description":"Esschert Design Gie\u00dfkanne L\u00f6we (TG376) B 29 X T 12 X H 20 cm EAN 8714982288463 Material 99, 99% HDPE, 0, 01% PP Gewicht 0,166 kg","robots":{"index":"index","follow":"follow","max-snippet":"max-snippet:-1","max-image-preview":"max-image-preview:large","max-video-preview":"max-video-preview:-1"},"canonical":"https:\/\/trendsandvision.nl\/de\/product\/esschert-design-giesskanne-loewe\/","og_locale":"de_DE","og_type":"article","og_title":"Esschert Design Gie\u00dfkanne L\u00f6we","og_description":"Esschert Design Gie\u00dfkanne L\u00f6we (TG376) B 29 X T 12 X H 20 cm EAN 8714982288463 Material 99, 99% HDPE, 0, 01% PP Gewicht 0,166 kg","og_url":"https:\/\/trendsandvision.nl\/de\/product\/esschert-design-giesskanne-loewe\/","og_site_name":"Trends &amp; Vision (DE)","article_modified_time":"2026-04-07T08:49:02+00:00","og_image":[{"width":800,"height":800,"url":"https:\/\/trendsandvision.nl\/de\/wp-content\/uploads\/sites\/3\/2025\/12\/TG376_01.jpg","type":"image\/jpeg"}],"twitter_card":"summary_large_image","twitter_misc":{"Gesch\u00e4tzte Lesezeit":"1\u00a0Minute"},"schema":{"@context":"https:\/\/schema.org","@graph":[{"@type":"WebPage","@id":"https:\/\/trendsandvision.nl\/de\/product\/esschert-design-giesskanne-loewe\/","url":"https:\/\/trendsandvision.nl\/de\/product\/esschert-design-giesskanne-loewe\/","name":"Esschert Design Gie\u00dfkanne L\u00f6we (TG376)","isPartOf":{"@id":"https:\/\/trendsandvision.nl\/de\/#website"},"primaryImageOfPage":{"@id":"https:\/\/trendsandvision.nl\/de\/product\/esschert-design-giesskanne-loewe\/#primaryimage"},"image":{"@id":"https:\/\/trendsandvision.nl\/de\/product\/esschert-design-giesskanne-loewe\/#primaryimage"},"thumbnailUrl":"https:\/\/trendsandvision.nl\/de\/wp-content\/uploads\/sites\/3\/2025\/12\/TG376_01.jpg","datePublished":"2025-12-29T22:39:09+00:00","dateModified":"2026-04-07T08:49:02+00:00","description":"Esschert Design Gie\u00dfkanne L\u00f6we (TG376) B 29 X T 12 X H 20 cm EAN 8714982288463 Material 99, 99% HDPE, 0, 01% PP Gewicht 0,166 kg","breadcrumb":{"@id":"https:\/\/trendsandvision.nl\/de\/product\/esschert-design-giesskanne-loewe\/#breadcrumb"},"inLanguage":"de","potentialAction":[{"@type":"ReadAction","target":["https:\/\/trendsandvision.nl\/de\/product\/esschert-design-giesskanne-loewe\/"]}]},{"@type":"ImageObject","inLanguage":"de","@id":"https:\/\/trendsandvision.nl\/de\/product\/esschert-design-giesskanne-loewe\/#primaryimage","url":"https:\/\/trendsandvision.nl\/de\/wp-content\/uploads\/sites\/3\/2025\/12\/TG376_01.jpg","contentUrl":"https:\/\/trendsandvision.nl\/de\/wp-content\/uploads\/sites\/3\/2025\/12\/TG376_01.jpg","width":800,"height":800,"caption":"Esschert Design Gie\u00dfkanne L\u00f6we () - 01"},{"@type":"BreadcrumbList","@id":"https:\/\/trendsandvision.nl\/de\/product\/esschert-design-giesskanne-loewe\/#breadcrumb","itemListElement":[{"@type":"ListItem","position":1,"name":"Home","item":"https:\/\/trendsandvision.nl\/de\/"},{"@type":"ListItem","position":2,"name":"Gesch\u00e4ft","item":"https:\/\/trendsandvision.nl\/de\/geschaft\/"},{"@type":"ListItem","position":3,"name":"Esschert Design Gie\u00dfkanne L\u00f6we"}]},{"@type":"WebSite","@id":"https:\/\/trendsandvision.nl\/de\/#website","url":"https:\/\/trendsandvision.nl\/de\/","name":"Trends &amp; Vision (DE)","description":"Der Webshop f\u00fcr Esschert Design Artikel","publisher":{"@id":"https:\/\/trendsandvision.nl\/de\/#organization"},"potentialAction":[{"@type":"SearchAction","target":{"@type":"EntryPoint","urlTemplate":"https:\/\/trendsandvision.nl\/de\/?s={search_term_string}"},"query-input":{"@type":"PropertyValueSpecification","valueRequired":true,"valueName":"search_term_string"}}],"inLanguage":"de"},{"@type":"Organization","@id":"https:\/\/trendsandvision.nl\/de\/#organization","name":"Trends &amp; Vision (DE)","url":"https:\/\/trendsandvision.nl\/de\/","logo":{"@type":"ImageObject","inLanguage":"de","@id":"https:\/\/trendsandvision.nl\/de\/#\/schema\/logo\/image\/","url":"https:\/\/trendsandvision.nl\/de\/wp-content\/uploads\/sites\/3\/2022\/04\/trends-and-vision-logo.jpg","contentUrl":"https:\/\/trendsandvision.nl\/de\/wp-content\/uploads\/sites\/3\/2022\/04\/trends-and-vision-logo.jpg","width":213,"height":100,"caption":"Trends &amp; Vision (DE)"},"image":{"@id":"https:\/\/trendsandvision.nl\/de\/#\/schema\/logo\/image\/"}}]}},"_links":{"self":[{"href":"https:\/\/trendsandvision.nl\/de\/wp-json\/wp\/v2\/product\/24107","targetHints":{"allow":["GET"]}}],"collection":[{"href":"https:\/\/trendsandvision.nl\/de\/wp-json\/wp\/v2\/product"}],"about":[{"href":"https:\/\/trendsandvision.nl\/de\/wp-json\/wp\/v2\/types\/product"}],"wp:featuredmedia":[{"embeddable":true,"href":"https:\/\/trendsandvision.nl\/de\/wp-json\/wp\/v2\/media\/24108"}],"wp:attachment":[{"href":"https:\/\/trendsandvision.nl\/de\/wp-json\/wp\/v2\/media?parent=24107"}],"wp:term":[{"taxonomy":"product_brand","embeddable":true,"href":"https:\/\/trendsandvision.nl\/de\/wp-json\/wp\/v2\/product_brand?post=24107"},{"taxonomy":"product_cat","embeddable":true,"href":"https:\/\/trendsandvision.nl\/de\/wp-json\/wp\/v2\/product_cat?post=24107"},{"taxonomy":"product_tag","embeddable":true,"href":"https:\/\/trendsandvision.nl\/de\/wp-json\/wp\/v2\/product_tag?post=24107"}],"curies":[{"name":"wp","href":"https:\/\/api.w.org\/{rel}","templated":true}]}}