{"id":24087,"date":"2025-12-29T23:38:49","date_gmt":"2025-12-29T22:38:49","guid":{"rendered":"https:\/\/trendsandvision.nl\/de\/product\/esschert-design-tuermatte-kokos-welcome-home-xl\/"},"modified":"2026-04-07T10:47:39","modified_gmt":"2026-04-07T08:47:39","slug":"esschert-design-tuermatte-kokos-welcome-home-xl","status":"publish","type":"product","link":"https:\/\/trendsandvision.nl\/de\/product\/esschert-design-tuermatte-kokos-welcome-home-xl\/","title":{"rendered":"Esschert Design T\u00fcrmatte Kokos welcome home XL"},"content":{"rendered":"<p>Diese extra lange Kokosfu\u00dfmatte\/T\u00fcrmatte &#8222;welcome&#8220; ist ideal f\u00fcr breitere T\u00fcren. Mit einer Gr\u00f6\u00dfe von 120 x 40 cm bietet sie viel Platz. Sie besteht aus Kokosfaser mit einer starken PVC-Unterseite und ist widerstandsf\u00e4hig gegen verschiedene Witterungsbedingungen. Die rutschfeste Unterseite sorgt daf\u00fcr, dass sie sicher an ihrem Platz bleibt.<\/p>\n<p>Artikelname <strong><a href=\"https:\/\/trendsandvision.nl\/de\/?s=Fu\u00dfmatte+Kokos&amp;post_type=product&amp;dgwt_wcas=1\">Fu\u00dfmatte Kokos<\/a><\/strong> welcome home XL<br \/>\nArtikelnummer RB334<br \/>\nProduktgr\u00f6\u00dfen in cm B 120 X T 40 X H 1,8<br \/>\nBarcode 8714982296581<br \/>\nMaterial 60% Kokosfaser, 40% PVC<br \/>\nGewicht 3,07 kg<br \/>\nProduzent: <a href=\"https:\/\/www.esschertdesign.com\/shop\/de\/deurmat-kokos-welcome-home-xl-rb334\" target=\"_blank\" rel=\"noopener\">Esschert Design<\/a><\/p>\n","protected":false},"excerpt":{"rendered":"<p>PVC-Unterseite<br \/>\nRutschfest<br \/>\nF\u00fcr den Innen und Au\u00dfenbereich geeignet<br \/>\nB 120 X T 40 X H 1,8 cm<br \/>\nBarcode 8714982296581<br \/>\nMaterial 60% Kokosfaser, 40% PVC<br \/>\nGewicht 3,07 kg<\/p>\n","protected":false},"featured_media":24088,"template":"","meta":[],"product_brand":[9597,9870],"product_cat":[851,15],"product_tag":[],"class_list":{"0":"post-24087","1":"product","2":"type-product","3":"status-publish","4":"has-post-thumbnail","6":"product_brand-esschert-design","7":"product_brand-trends-vision","8":"product_cat-best-for-boots","9":"product_cat-uncategorized","10":"pa_anbieter-esschert-design","11":"pa_ean-code-10976","13":"first","14":"instock","15":"sale","16":"taxable","17":"shipping-taxable","18":"purchasable","19":"product-type-simple","20":"czr-hentry"},"yoast_head":"<!-- This site is optimized with the Yoast SEO Premium plugin v26.4 (Yoast SEO v27.4) - https:\/\/yoast.com\/product\/yoast-seo-premium-wordpress\/ -->\n<title>Esschert Design T\u00fcrmatte Kokos welcome home XL (RB334)<\/title>\n<meta name=\"description\" content=\"Esschert Design T\u00fcrmatte Kokos welcome home XL (RB334) B 120 X T 40 X H 1,8 cm EAN 8714982296581 Material 60% Kokosfaser, 40% PVC Gewicht 3,07 kg\" \/>\n<meta name=\"robots\" content=\"index, follow, max-snippet:-1, max-image-preview:large, max-video-preview:-1\" \/>\n<link rel=\"canonical\" href=\"https:\/\/trendsandvision.nl\/de\/product\/esschert-design-tuermatte-kokos-welcome-home-xl\/\" \/>\n<meta property=\"og:locale\" content=\"de_DE\" \/>\n<meta property=\"og:type\" content=\"article\" \/>\n<meta property=\"og:title\" content=\"Esschert Design T\u00fcrmatte Kokos welcome home XL\" \/>\n<meta property=\"og:description\" content=\"Esschert Design T\u00fcrmatte Kokos welcome home XL (RB334) B 120 X T 40 X H 1,8 cm EAN 8714982296581 Material 60% Kokosfaser, 40% PVC Gewicht 3,07 kg\" \/>\n<meta property=\"og:url\" content=\"https:\/\/trendsandvision.nl\/de\/product\/esschert-design-tuermatte-kokos-welcome-home-xl\/\" \/>\n<meta property=\"og:site_name\" content=\"Trends &amp; Vision (DE)\" \/>\n<meta property=\"article:modified_time\" content=\"2026-04-07T08:47:39+00:00\" \/>\n<meta property=\"og:image\" content=\"https:\/\/trendsandvision.nl\/de\/wp-content\/uploads\/sites\/3\/2025\/12\/RB334_01.jpg\" \/>\n\t<meta property=\"og:image:width\" content=\"800\" \/>\n\t<meta property=\"og:image:height\" content=\"800\" \/>\n\t<meta property=\"og:image:type\" content=\"image\/jpeg\" \/>\n<meta name=\"twitter:card\" content=\"summary_large_image\" \/>\n<meta name=\"twitter:label1\" content=\"Gesch\u00e4tzte Lesezeit\" \/>\n\t<meta name=\"twitter:data1\" content=\"1\u00a0Minute\" \/>\n<script type=\"application\/ld+json\" class=\"yoast-schema-graph\">{\"@context\":\"https:\\\/\\\/schema.org\",\"@graph\":[{\"@type\":\"WebPage\",\"@id\":\"https:\\\/\\\/trendsandvision.nl\\\/de\\\/product\\\/esschert-design-tuermatte-kokos-welcome-home-xl\\\/\",\"url\":\"https:\\\/\\\/trendsandvision.nl\\\/de\\\/product\\\/esschert-design-tuermatte-kokos-welcome-home-xl\\\/\",\"name\":\"Esschert Design T\u00fcrmatte Kokos welcome home XL (RB334)\",\"isPartOf\":{\"@id\":\"https:\\\/\\\/trendsandvision.nl\\\/de\\\/#website\"},\"primaryImageOfPage\":{\"@id\":\"https:\\\/\\\/trendsandvision.nl\\\/de\\\/product\\\/esschert-design-tuermatte-kokos-welcome-home-xl\\\/#primaryimage\"},\"image\":{\"@id\":\"https:\\\/\\\/trendsandvision.nl\\\/de\\\/product\\\/esschert-design-tuermatte-kokos-welcome-home-xl\\\/#primaryimage\"},\"thumbnailUrl\":\"https:\\\/\\\/trendsandvision.nl\\\/de\\\/wp-content\\\/uploads\\\/sites\\\/3\\\/2025\\\/12\\\/RB334_01.jpg\",\"datePublished\":\"2025-12-29T22:38:49+00:00\",\"dateModified\":\"2026-04-07T08:47:39+00:00\",\"description\":\"Esschert Design T\u00fcrmatte Kokos welcome home XL (RB334) B 120 X T 40 X H 1,8 cm EAN 8714982296581 Material 60% Kokosfaser, 40% PVC Gewicht 3,07 kg\",\"breadcrumb\":{\"@id\":\"https:\\\/\\\/trendsandvision.nl\\\/de\\\/product\\\/esschert-design-tuermatte-kokos-welcome-home-xl\\\/#breadcrumb\"},\"inLanguage\":\"de\",\"potentialAction\":[{\"@type\":\"ReadAction\",\"target\":[\"https:\\\/\\\/trendsandvision.nl\\\/de\\\/product\\\/esschert-design-tuermatte-kokos-welcome-home-xl\\\/\"]}]},{\"@type\":\"ImageObject\",\"inLanguage\":\"de\",\"@id\":\"https:\\\/\\\/trendsandvision.nl\\\/de\\\/product\\\/esschert-design-tuermatte-kokos-welcome-home-xl\\\/#primaryimage\",\"url\":\"https:\\\/\\\/trendsandvision.nl\\\/de\\\/wp-content\\\/uploads\\\/sites\\\/3\\\/2025\\\/12\\\/RB334_01.jpg\",\"contentUrl\":\"https:\\\/\\\/trendsandvision.nl\\\/de\\\/wp-content\\\/uploads\\\/sites\\\/3\\\/2025\\\/12\\\/RB334_01.jpg\",\"width\":800,\"height\":800,\"caption\":\"Esschert Design T\u00fcrmatte Kokos welcome home XL () - 01\"},{\"@type\":\"BreadcrumbList\",\"@id\":\"https:\\\/\\\/trendsandvision.nl\\\/de\\\/product\\\/esschert-design-tuermatte-kokos-welcome-home-xl\\\/#breadcrumb\",\"itemListElement\":[{\"@type\":\"ListItem\",\"position\":1,\"name\":\"Home\",\"item\":\"https:\\\/\\\/trendsandvision.nl\\\/de\\\/\"},{\"@type\":\"ListItem\",\"position\":2,\"name\":\"Gesch\u00e4ft\",\"item\":\"https:\\\/\\\/trendsandvision.nl\\\/de\\\/geschaft\\\/\"},{\"@type\":\"ListItem\",\"position\":3,\"name\":\"Esschert Design T\u00fcrmatte Kokos welcome home XL\"}]},{\"@type\":\"WebSite\",\"@id\":\"https:\\\/\\\/trendsandvision.nl\\\/de\\\/#website\",\"url\":\"https:\\\/\\\/trendsandvision.nl\\\/de\\\/\",\"name\":\"Trends &amp; Vision (DE)\",\"description\":\"Der Webshop f\u00fcr Esschert Design Artikel\",\"publisher\":{\"@id\":\"https:\\\/\\\/trendsandvision.nl\\\/de\\\/#organization\"},\"potentialAction\":[{\"@type\":\"SearchAction\",\"target\":{\"@type\":\"EntryPoint\",\"urlTemplate\":\"https:\\\/\\\/trendsandvision.nl\\\/de\\\/?s={search_term_string}\"},\"query-input\":{\"@type\":\"PropertyValueSpecification\",\"valueRequired\":true,\"valueName\":\"search_term_string\"}}],\"inLanguage\":\"de\"},{\"@type\":\"Organization\",\"@id\":\"https:\\\/\\\/trendsandvision.nl\\\/de\\\/#organization\",\"name\":\"Trends &amp; Vision (DE)\",\"url\":\"https:\\\/\\\/trendsandvision.nl\\\/de\\\/\",\"logo\":{\"@type\":\"ImageObject\",\"inLanguage\":\"de\",\"@id\":\"https:\\\/\\\/trendsandvision.nl\\\/de\\\/#\\\/schema\\\/logo\\\/image\\\/\",\"url\":\"https:\\\/\\\/trendsandvision.nl\\\/de\\\/wp-content\\\/uploads\\\/sites\\\/3\\\/2022\\\/04\\\/trends-and-vision-logo.jpg\",\"contentUrl\":\"https:\\\/\\\/trendsandvision.nl\\\/de\\\/wp-content\\\/uploads\\\/sites\\\/3\\\/2022\\\/04\\\/trends-and-vision-logo.jpg\",\"width\":213,\"height\":100,\"caption\":\"Trends &amp; Vision (DE)\"},\"image\":{\"@id\":\"https:\\\/\\\/trendsandvision.nl\\\/de\\\/#\\\/schema\\\/logo\\\/image\\\/\"}}]}<\/script>\n<!-- \/ Yoast SEO Premium plugin. -->","yoast_head_json":{"title":"Esschert Design T\u00fcrmatte Kokos welcome home XL (RB334)","description":"Esschert Design T\u00fcrmatte Kokos welcome home XL (RB334) B 120 X T 40 X H 1,8 cm EAN 8714982296581 Material 60% Kokosfaser, 40% PVC Gewicht 3,07 kg","robots":{"index":"index","follow":"follow","max-snippet":"max-snippet:-1","max-image-preview":"max-image-preview:large","max-video-preview":"max-video-preview:-1"},"canonical":"https:\/\/trendsandvision.nl\/de\/product\/esschert-design-tuermatte-kokos-welcome-home-xl\/","og_locale":"de_DE","og_type":"article","og_title":"Esschert Design T\u00fcrmatte Kokos welcome home XL","og_description":"Esschert Design T\u00fcrmatte Kokos welcome home XL (RB334) B 120 X T 40 X H 1,8 cm EAN 8714982296581 Material 60% Kokosfaser, 40% PVC Gewicht 3,07 kg","og_url":"https:\/\/trendsandvision.nl\/de\/product\/esschert-design-tuermatte-kokos-welcome-home-xl\/","og_site_name":"Trends &amp; Vision (DE)","article_modified_time":"2026-04-07T08:47:39+00:00","og_image":[{"width":800,"height":800,"url":"https:\/\/trendsandvision.nl\/de\/wp-content\/uploads\/sites\/3\/2025\/12\/RB334_01.jpg","type":"image\/jpeg"}],"twitter_card":"summary_large_image","twitter_misc":{"Gesch\u00e4tzte Lesezeit":"1\u00a0Minute"},"schema":{"@context":"https:\/\/schema.org","@graph":[{"@type":"WebPage","@id":"https:\/\/trendsandvision.nl\/de\/product\/esschert-design-tuermatte-kokos-welcome-home-xl\/","url":"https:\/\/trendsandvision.nl\/de\/product\/esschert-design-tuermatte-kokos-welcome-home-xl\/","name":"Esschert Design T\u00fcrmatte Kokos welcome home XL (RB334)","isPartOf":{"@id":"https:\/\/trendsandvision.nl\/de\/#website"},"primaryImageOfPage":{"@id":"https:\/\/trendsandvision.nl\/de\/product\/esschert-design-tuermatte-kokos-welcome-home-xl\/#primaryimage"},"image":{"@id":"https:\/\/trendsandvision.nl\/de\/product\/esschert-design-tuermatte-kokos-welcome-home-xl\/#primaryimage"},"thumbnailUrl":"https:\/\/trendsandvision.nl\/de\/wp-content\/uploads\/sites\/3\/2025\/12\/RB334_01.jpg","datePublished":"2025-12-29T22:38:49+00:00","dateModified":"2026-04-07T08:47:39+00:00","description":"Esschert Design T\u00fcrmatte Kokos welcome home XL (RB334) B 120 X T 40 X H 1,8 cm EAN 8714982296581 Material 60% Kokosfaser, 40% PVC Gewicht 3,07 kg","breadcrumb":{"@id":"https:\/\/trendsandvision.nl\/de\/product\/esschert-design-tuermatte-kokos-welcome-home-xl\/#breadcrumb"},"inLanguage":"de","potentialAction":[{"@type":"ReadAction","target":["https:\/\/trendsandvision.nl\/de\/product\/esschert-design-tuermatte-kokos-welcome-home-xl\/"]}]},{"@type":"ImageObject","inLanguage":"de","@id":"https:\/\/trendsandvision.nl\/de\/product\/esschert-design-tuermatte-kokos-welcome-home-xl\/#primaryimage","url":"https:\/\/trendsandvision.nl\/de\/wp-content\/uploads\/sites\/3\/2025\/12\/RB334_01.jpg","contentUrl":"https:\/\/trendsandvision.nl\/de\/wp-content\/uploads\/sites\/3\/2025\/12\/RB334_01.jpg","width":800,"height":800,"caption":"Esschert Design T\u00fcrmatte Kokos welcome home XL () - 01"},{"@type":"BreadcrumbList","@id":"https:\/\/trendsandvision.nl\/de\/product\/esschert-design-tuermatte-kokos-welcome-home-xl\/#breadcrumb","itemListElement":[{"@type":"ListItem","position":1,"name":"Home","item":"https:\/\/trendsandvision.nl\/de\/"},{"@type":"ListItem","position":2,"name":"Gesch\u00e4ft","item":"https:\/\/trendsandvision.nl\/de\/geschaft\/"},{"@type":"ListItem","position":3,"name":"Esschert Design T\u00fcrmatte Kokos welcome home XL"}]},{"@type":"WebSite","@id":"https:\/\/trendsandvision.nl\/de\/#website","url":"https:\/\/trendsandvision.nl\/de\/","name":"Trends &amp; Vision (DE)","description":"Der Webshop f\u00fcr Esschert Design Artikel","publisher":{"@id":"https:\/\/trendsandvision.nl\/de\/#organization"},"potentialAction":[{"@type":"SearchAction","target":{"@type":"EntryPoint","urlTemplate":"https:\/\/trendsandvision.nl\/de\/?s={search_term_string}"},"query-input":{"@type":"PropertyValueSpecification","valueRequired":true,"valueName":"search_term_string"}}],"inLanguage":"de"},{"@type":"Organization","@id":"https:\/\/trendsandvision.nl\/de\/#organization","name":"Trends &amp; Vision (DE)","url":"https:\/\/trendsandvision.nl\/de\/","logo":{"@type":"ImageObject","inLanguage":"de","@id":"https:\/\/trendsandvision.nl\/de\/#\/schema\/logo\/image\/","url":"https:\/\/trendsandvision.nl\/de\/wp-content\/uploads\/sites\/3\/2022\/04\/trends-and-vision-logo.jpg","contentUrl":"https:\/\/trendsandvision.nl\/de\/wp-content\/uploads\/sites\/3\/2022\/04\/trends-and-vision-logo.jpg","width":213,"height":100,"caption":"Trends &amp; Vision (DE)"},"image":{"@id":"https:\/\/trendsandvision.nl\/de\/#\/schema\/logo\/image\/"}}]}},"_links":{"self":[{"href":"https:\/\/trendsandvision.nl\/de\/wp-json\/wp\/v2\/product\/24087","targetHints":{"allow":["GET"]}}],"collection":[{"href":"https:\/\/trendsandvision.nl\/de\/wp-json\/wp\/v2\/product"}],"about":[{"href":"https:\/\/trendsandvision.nl\/de\/wp-json\/wp\/v2\/types\/product"}],"wp:featuredmedia":[{"embeddable":true,"href":"https:\/\/trendsandvision.nl\/de\/wp-json\/wp\/v2\/media\/24088"}],"wp:attachment":[{"href":"https:\/\/trendsandvision.nl\/de\/wp-json\/wp\/v2\/media?parent=24087"}],"wp:term":[{"taxonomy":"product_brand","embeddable":true,"href":"https:\/\/trendsandvision.nl\/de\/wp-json\/wp\/v2\/product_brand?post=24087"},{"taxonomy":"product_cat","embeddable":true,"href":"https:\/\/trendsandvision.nl\/de\/wp-json\/wp\/v2\/product_cat?post=24087"},{"taxonomy":"product_tag","embeddable":true,"href":"https:\/\/trendsandvision.nl\/de\/wp-json\/wp\/v2\/product_tag?post=24087"}],"curies":[{"name":"wp","href":"https:\/\/api.w.org\/{rel}","templated":true}]}}