{"id":24078,"date":"2025-12-29T23:38:49","date_gmt":"2025-12-29T22:38:49","guid":{"rendered":"https:\/\/trendsandvision.nl\/de\/product\/esschert-design-pflanzstaender-fuer-3-toepfe\/"},"modified":"2026-04-07T10:46:14","modified_gmt":"2026-04-07T08:46:14","slug":"esschert-design-pflanzstaender-fuer-3-toepfe","status":"publish","type":"product","link":"https:\/\/trendsandvision.nl\/de\/product\/esschert-design-pflanzstaender-fuer-3-toepfe\/","title":{"rendered":"Esschert Design Pflanzst\u00e4nder f\u00fcr 3 T\u00f6pfe"},"content":{"rendered":"<p>Pflanzenst\u00e4nder aus Bambus mit drei Ebenen zum Anordnen und Pr\u00e4sentieren Ihrer Lieblingsblument\u00f6pfe. Jede Ablage ist einzeln verstellbar und teilt sich einen zentralen Drehpunkt. Wodurch Sie die Freiheit haben, das Layout individuell zu gestalten. Dieser <strong><a href=\"https:\/\/trendsandvision.nl\/de\/?s=Pflanzenst\u00e4nder&amp;post_type=product&amp;dgwt_wcas=1\">Pflanzenst\u00e4nder<\/a><\/strong> besteht aus Bambus und steht sehr stabil.<\/p>\n<p>Artikelname Pflanzst\u00e4nder f\u00fcr 3 T\u00f6pfe<br \/>\nArtikelnummer PY226<br \/>\nProduktgr\u00f6\u00dfen in cm B 56 X T 47,5 X H 63,5<br \/>\nBarcode 8714982299216<br \/>\nNettogewicht 1,968 kg<br \/>\nProduzent: <a href=\"https:\/\/www.esschertdesign.com\/shop\/de\/plantenstandaard-voor-3-potten-py226\" target=\"_blank\">Esschert Design<\/a><\/p>\n","protected":false},"excerpt":{"rendered":"<p>Aus Bambus gefertigt<br \/>\nDrei Ebenen<br \/>\nJede Ablage ist individuell verstellbar<br \/>\nZerlegt verpackt in Geschenkbox<br \/>\nB 56 X T 47,5 X H 63,5 cm<br \/>\nBarcode 8714982299216<br \/>\nNettogewicht 1,968 kg<\/p>\n","protected":false},"featured_media":24079,"template":"","meta":[],"product_brand":[9597,9870],"product_cat":[503],"product_tag":[],"class_list":{"0":"post-24078","1":"product","2":"type-product","3":"status-publish","4":"has-post-thumbnail","6":"product_brand-esschert-design","7":"product_brand-trends-vision","8":"product_cat-esscherts-garden","9":"pa_anbieter-esschert-design","10":"pa_ean-code-10972","12":"first","13":"outofstock","14":"sale","15":"taxable","16":"shipping-taxable","17":"purchasable","18":"product-type-simple","19":"czr-hentry"},"yoast_head":"<!-- This site is optimized with the Yoast SEO Premium plugin v26.4 (Yoast SEO v27.4) - https:\/\/yoast.com\/product\/yoast-seo-premium-wordpress\/ -->\n<title>Esschert Design Pflanzst\u00e4nder f\u00fcr 3 T\u00f6pfe (PY226)<\/title>\n<meta name=\"description\" content=\"Esschert Design Pflanzst\u00e4nder f\u00fcr 3 T\u00f6pfe (PY226) B 56 X T 47,5 X H 63,5 cm Barcode 8714982299216 Nettogewicht 1,968 kg Material Bambus\" \/>\n<meta name=\"robots\" content=\"index, follow, max-snippet:-1, max-image-preview:large, max-video-preview:-1\" \/>\n<link rel=\"canonical\" href=\"https:\/\/trendsandvision.nl\/de\/product\/esschert-design-pflanzstaender-fuer-3-toepfe\/\" \/>\n<meta property=\"og:locale\" content=\"de_DE\" \/>\n<meta property=\"og:type\" content=\"article\" \/>\n<meta property=\"og:title\" content=\"Esschert Design Pflanzst\u00e4nder f\u00fcr 3 T\u00f6pfe\" \/>\n<meta property=\"og:description\" content=\"Esschert Design Pflanzst\u00e4nder f\u00fcr 3 T\u00f6pfe (PY226) B 56 X T 47,5 X H 63,5 cm Barcode 8714982299216 Nettogewicht 1,968 kg Material Bambus\" \/>\n<meta property=\"og:url\" content=\"https:\/\/trendsandvision.nl\/de\/product\/esschert-design-pflanzstaender-fuer-3-toepfe\/\" \/>\n<meta property=\"og:site_name\" content=\"Trends &amp; Vision (DE)\" \/>\n<meta property=\"article:modified_time\" content=\"2026-04-07T08:46:14+00:00\" \/>\n<meta property=\"og:image\" content=\"https:\/\/trendsandvision.nl\/de\/wp-content\/uploads\/sites\/3\/2025\/12\/PY226_01.jpg\" \/>\n\t<meta property=\"og:image:width\" content=\"800\" \/>\n\t<meta property=\"og:image:height\" content=\"800\" \/>\n\t<meta property=\"og:image:type\" content=\"image\/jpeg\" \/>\n<meta name=\"twitter:card\" content=\"summary_large_image\" \/>\n<meta name=\"twitter:label1\" content=\"Gesch\u00e4tzte Lesezeit\" \/>\n\t<meta name=\"twitter:data1\" content=\"1\u00a0Minute\" \/>\n<script type=\"application\/ld+json\" class=\"yoast-schema-graph\">{\"@context\":\"https:\\\/\\\/schema.org\",\"@graph\":[{\"@type\":\"WebPage\",\"@id\":\"https:\\\/\\\/trendsandvision.nl\\\/de\\\/product\\\/esschert-design-pflanzstaender-fuer-3-toepfe\\\/\",\"url\":\"https:\\\/\\\/trendsandvision.nl\\\/de\\\/product\\\/esschert-design-pflanzstaender-fuer-3-toepfe\\\/\",\"name\":\"Esschert Design Pflanzst\u00e4nder f\u00fcr 3 T\u00f6pfe (PY226)\",\"isPartOf\":{\"@id\":\"https:\\\/\\\/trendsandvision.nl\\\/de\\\/#website\"},\"primaryImageOfPage\":{\"@id\":\"https:\\\/\\\/trendsandvision.nl\\\/de\\\/product\\\/esschert-design-pflanzstaender-fuer-3-toepfe\\\/#primaryimage\"},\"image\":{\"@id\":\"https:\\\/\\\/trendsandvision.nl\\\/de\\\/product\\\/esschert-design-pflanzstaender-fuer-3-toepfe\\\/#primaryimage\"},\"thumbnailUrl\":\"https:\\\/\\\/trendsandvision.nl\\\/de\\\/wp-content\\\/uploads\\\/sites\\\/3\\\/2025\\\/12\\\/PY226_01.jpg\",\"datePublished\":\"2025-12-29T22:38:49+00:00\",\"dateModified\":\"2026-04-07T08:46:14+00:00\",\"description\":\"Esschert Design Pflanzst\u00e4nder f\u00fcr 3 T\u00f6pfe (PY226) B 56 X T 47,5 X H 63,5 cm Barcode 8714982299216 Nettogewicht 1,968 kg Material Bambus\",\"breadcrumb\":{\"@id\":\"https:\\\/\\\/trendsandvision.nl\\\/de\\\/product\\\/esschert-design-pflanzstaender-fuer-3-toepfe\\\/#breadcrumb\"},\"inLanguage\":\"de\",\"potentialAction\":[{\"@type\":\"ReadAction\",\"target\":[\"https:\\\/\\\/trendsandvision.nl\\\/de\\\/product\\\/esschert-design-pflanzstaender-fuer-3-toepfe\\\/\"]}]},{\"@type\":\"ImageObject\",\"inLanguage\":\"de\",\"@id\":\"https:\\\/\\\/trendsandvision.nl\\\/de\\\/product\\\/esschert-design-pflanzstaender-fuer-3-toepfe\\\/#primaryimage\",\"url\":\"https:\\\/\\\/trendsandvision.nl\\\/de\\\/wp-content\\\/uploads\\\/sites\\\/3\\\/2025\\\/12\\\/PY226_01.jpg\",\"contentUrl\":\"https:\\\/\\\/trendsandvision.nl\\\/de\\\/wp-content\\\/uploads\\\/sites\\\/3\\\/2025\\\/12\\\/PY226_01.jpg\",\"width\":800,\"height\":800,\"caption\":\"Esschert Design Pflanzst\u00e4nder f\u00fcr 3 T\u00f6pfe () - 01\"},{\"@type\":\"BreadcrumbList\",\"@id\":\"https:\\\/\\\/trendsandvision.nl\\\/de\\\/product\\\/esschert-design-pflanzstaender-fuer-3-toepfe\\\/#breadcrumb\",\"itemListElement\":[{\"@type\":\"ListItem\",\"position\":1,\"name\":\"Home\",\"item\":\"https:\\\/\\\/trendsandvision.nl\\\/de\\\/\"},{\"@type\":\"ListItem\",\"position\":2,\"name\":\"Gesch\u00e4ft\",\"item\":\"https:\\\/\\\/trendsandvision.nl\\\/de\\\/geschaft\\\/\"},{\"@type\":\"ListItem\",\"position\":3,\"name\":\"Esschert Design Pflanzst\u00e4nder f\u00fcr 3 T\u00f6pfe\"}]},{\"@type\":\"WebSite\",\"@id\":\"https:\\\/\\\/trendsandvision.nl\\\/de\\\/#website\",\"url\":\"https:\\\/\\\/trendsandvision.nl\\\/de\\\/\",\"name\":\"Trends &amp; Vision (DE)\",\"description\":\"Der Webshop f\u00fcr Esschert Design Artikel\",\"publisher\":{\"@id\":\"https:\\\/\\\/trendsandvision.nl\\\/de\\\/#organization\"},\"potentialAction\":[{\"@type\":\"SearchAction\",\"target\":{\"@type\":\"EntryPoint\",\"urlTemplate\":\"https:\\\/\\\/trendsandvision.nl\\\/de\\\/?s={search_term_string}\"},\"query-input\":{\"@type\":\"PropertyValueSpecification\",\"valueRequired\":true,\"valueName\":\"search_term_string\"}}],\"inLanguage\":\"de\"},{\"@type\":\"Organization\",\"@id\":\"https:\\\/\\\/trendsandvision.nl\\\/de\\\/#organization\",\"name\":\"Trends &amp; Vision (DE)\",\"url\":\"https:\\\/\\\/trendsandvision.nl\\\/de\\\/\",\"logo\":{\"@type\":\"ImageObject\",\"inLanguage\":\"de\",\"@id\":\"https:\\\/\\\/trendsandvision.nl\\\/de\\\/#\\\/schema\\\/logo\\\/image\\\/\",\"url\":\"https:\\\/\\\/trendsandvision.nl\\\/de\\\/wp-content\\\/uploads\\\/sites\\\/3\\\/2022\\\/04\\\/trends-and-vision-logo.jpg\",\"contentUrl\":\"https:\\\/\\\/trendsandvision.nl\\\/de\\\/wp-content\\\/uploads\\\/sites\\\/3\\\/2022\\\/04\\\/trends-and-vision-logo.jpg\",\"width\":213,\"height\":100,\"caption\":\"Trends &amp; Vision (DE)\"},\"image\":{\"@id\":\"https:\\\/\\\/trendsandvision.nl\\\/de\\\/#\\\/schema\\\/logo\\\/image\\\/\"}}]}<\/script>\n<!-- \/ Yoast SEO Premium plugin. -->","yoast_head_json":{"title":"Esschert Design Pflanzst\u00e4nder f\u00fcr 3 T\u00f6pfe (PY226)","description":"Esschert Design Pflanzst\u00e4nder f\u00fcr 3 T\u00f6pfe (PY226) B 56 X T 47,5 X H 63,5 cm Barcode 8714982299216 Nettogewicht 1,968 kg Material Bambus","robots":{"index":"index","follow":"follow","max-snippet":"max-snippet:-1","max-image-preview":"max-image-preview:large","max-video-preview":"max-video-preview:-1"},"canonical":"https:\/\/trendsandvision.nl\/de\/product\/esschert-design-pflanzstaender-fuer-3-toepfe\/","og_locale":"de_DE","og_type":"article","og_title":"Esschert Design Pflanzst\u00e4nder f\u00fcr 3 T\u00f6pfe","og_description":"Esschert Design Pflanzst\u00e4nder f\u00fcr 3 T\u00f6pfe (PY226) B 56 X T 47,5 X H 63,5 cm Barcode 8714982299216 Nettogewicht 1,968 kg Material Bambus","og_url":"https:\/\/trendsandvision.nl\/de\/product\/esschert-design-pflanzstaender-fuer-3-toepfe\/","og_site_name":"Trends &amp; Vision (DE)","article_modified_time":"2026-04-07T08:46:14+00:00","og_image":[{"width":800,"height":800,"url":"https:\/\/trendsandvision.nl\/de\/wp-content\/uploads\/sites\/3\/2025\/12\/PY226_01.jpg","type":"image\/jpeg"}],"twitter_card":"summary_large_image","twitter_misc":{"Gesch\u00e4tzte Lesezeit":"1\u00a0Minute"},"schema":{"@context":"https:\/\/schema.org","@graph":[{"@type":"WebPage","@id":"https:\/\/trendsandvision.nl\/de\/product\/esschert-design-pflanzstaender-fuer-3-toepfe\/","url":"https:\/\/trendsandvision.nl\/de\/product\/esschert-design-pflanzstaender-fuer-3-toepfe\/","name":"Esschert Design Pflanzst\u00e4nder f\u00fcr 3 T\u00f6pfe (PY226)","isPartOf":{"@id":"https:\/\/trendsandvision.nl\/de\/#website"},"primaryImageOfPage":{"@id":"https:\/\/trendsandvision.nl\/de\/product\/esschert-design-pflanzstaender-fuer-3-toepfe\/#primaryimage"},"image":{"@id":"https:\/\/trendsandvision.nl\/de\/product\/esschert-design-pflanzstaender-fuer-3-toepfe\/#primaryimage"},"thumbnailUrl":"https:\/\/trendsandvision.nl\/de\/wp-content\/uploads\/sites\/3\/2025\/12\/PY226_01.jpg","datePublished":"2025-12-29T22:38:49+00:00","dateModified":"2026-04-07T08:46:14+00:00","description":"Esschert Design Pflanzst\u00e4nder f\u00fcr 3 T\u00f6pfe (PY226) B 56 X T 47,5 X H 63,5 cm Barcode 8714982299216 Nettogewicht 1,968 kg Material Bambus","breadcrumb":{"@id":"https:\/\/trendsandvision.nl\/de\/product\/esschert-design-pflanzstaender-fuer-3-toepfe\/#breadcrumb"},"inLanguage":"de","potentialAction":[{"@type":"ReadAction","target":["https:\/\/trendsandvision.nl\/de\/product\/esschert-design-pflanzstaender-fuer-3-toepfe\/"]}]},{"@type":"ImageObject","inLanguage":"de","@id":"https:\/\/trendsandvision.nl\/de\/product\/esschert-design-pflanzstaender-fuer-3-toepfe\/#primaryimage","url":"https:\/\/trendsandvision.nl\/de\/wp-content\/uploads\/sites\/3\/2025\/12\/PY226_01.jpg","contentUrl":"https:\/\/trendsandvision.nl\/de\/wp-content\/uploads\/sites\/3\/2025\/12\/PY226_01.jpg","width":800,"height":800,"caption":"Esschert Design Pflanzst\u00e4nder f\u00fcr 3 T\u00f6pfe () - 01"},{"@type":"BreadcrumbList","@id":"https:\/\/trendsandvision.nl\/de\/product\/esschert-design-pflanzstaender-fuer-3-toepfe\/#breadcrumb","itemListElement":[{"@type":"ListItem","position":1,"name":"Home","item":"https:\/\/trendsandvision.nl\/de\/"},{"@type":"ListItem","position":2,"name":"Gesch\u00e4ft","item":"https:\/\/trendsandvision.nl\/de\/geschaft\/"},{"@type":"ListItem","position":3,"name":"Esschert Design Pflanzst\u00e4nder f\u00fcr 3 T\u00f6pfe"}]},{"@type":"WebSite","@id":"https:\/\/trendsandvision.nl\/de\/#website","url":"https:\/\/trendsandvision.nl\/de\/","name":"Trends &amp; Vision (DE)","description":"Der Webshop f\u00fcr Esschert Design Artikel","publisher":{"@id":"https:\/\/trendsandvision.nl\/de\/#organization"},"potentialAction":[{"@type":"SearchAction","target":{"@type":"EntryPoint","urlTemplate":"https:\/\/trendsandvision.nl\/de\/?s={search_term_string}"},"query-input":{"@type":"PropertyValueSpecification","valueRequired":true,"valueName":"search_term_string"}}],"inLanguage":"de"},{"@type":"Organization","@id":"https:\/\/trendsandvision.nl\/de\/#organization","name":"Trends &amp; Vision (DE)","url":"https:\/\/trendsandvision.nl\/de\/","logo":{"@type":"ImageObject","inLanguage":"de","@id":"https:\/\/trendsandvision.nl\/de\/#\/schema\/logo\/image\/","url":"https:\/\/trendsandvision.nl\/de\/wp-content\/uploads\/sites\/3\/2022\/04\/trends-and-vision-logo.jpg","contentUrl":"https:\/\/trendsandvision.nl\/de\/wp-content\/uploads\/sites\/3\/2022\/04\/trends-and-vision-logo.jpg","width":213,"height":100,"caption":"Trends &amp; Vision (DE)"},"image":{"@id":"https:\/\/trendsandvision.nl\/de\/#\/schema\/logo\/image\/"}}]}},"_links":{"self":[{"href":"https:\/\/trendsandvision.nl\/de\/wp-json\/wp\/v2\/product\/24078","targetHints":{"allow":["GET"]}}],"collection":[{"href":"https:\/\/trendsandvision.nl\/de\/wp-json\/wp\/v2\/product"}],"about":[{"href":"https:\/\/trendsandvision.nl\/de\/wp-json\/wp\/v2\/types\/product"}],"wp:featuredmedia":[{"embeddable":true,"href":"https:\/\/trendsandvision.nl\/de\/wp-json\/wp\/v2\/media\/24079"}],"wp:attachment":[{"href":"https:\/\/trendsandvision.nl\/de\/wp-json\/wp\/v2\/media?parent=24078"}],"wp:term":[{"taxonomy":"product_brand","embeddable":true,"href":"https:\/\/trendsandvision.nl\/de\/wp-json\/wp\/v2\/product_brand?post=24078"},{"taxonomy":"product_cat","embeddable":true,"href":"https:\/\/trendsandvision.nl\/de\/wp-json\/wp\/v2\/product_cat?post=24078"},{"taxonomy":"product_tag","embeddable":true,"href":"https:\/\/trendsandvision.nl\/de\/wp-json\/wp\/v2\/product_tag?post=24078"}],"curies":[{"name":"wp","href":"https:\/\/api.w.org\/{rel}","templated":true}]}}