{"id":24064,"date":"2025-12-29T23:38:25","date_gmt":"2025-12-29T22:38:25","guid":{"rendered":"https:\/\/trendsandvision.nl\/de\/product\/esschert-design-hochbeet-boden-recht-antrazit-s\/"},"modified":"2026-04-07T10:46:12","modified_gmt":"2026-04-07T08:46:12","slug":"esschert-design-hochbeet-boden-recht-antrazit-s","status":"publish","type":"product","link":"https:\/\/trendsandvision.nl\/de\/product\/esschert-design-hochbeet-boden-recht-antrazit-s\/","title":{"rendered":"Esschert Design Hochbeet Boden recht. antrazit S"},"content":{"rendered":"<p>Dieses <strong><a href=\"https:\/\/trendsandvision.nl\/de\/?s=Metallpflanzgef\u00e4\u00df&amp;post_type=product&amp;dgwt_wcas=1\">Metallpflanzgef\u00e4\u00df<\/a><\/strong> bietet eine praktische L\u00f6sung f\u00fcr all Ihre Gartenbed\u00fcrfnisse. Durch die erh\u00f6hte Struktur k\u00f6nnen Sie bequem g\u00e4rtnern, ohne Ihren R\u00fccken zu belasten. Die robuste Metallkonstruktion sorgt f\u00fcr eine lange Lebensdauer, selbst bei rauem Wetter. Ideal zum Anpflanzen von Blumen, Kr\u00e4utern und Gem\u00fcse. Der Pflanzkasten ist leicht zu montieren.<\/p>\n<p>Artikelname Hochbeet Boden recht. antrazit S<br \/>\nArtikelnummer PY222<br \/>\nProduktgr\u00f6\u00dfen in cm B 120,5 X T 60,5 X H 30,5<br \/>\nBarcode 8714982294785<br \/>\nMaterial 94.7% Zink, 5.3% Gummi<br \/>\nBruttogewicht 5,1 kg<br \/>\nNettogewicht 4,401 kg<br \/>\nProduzent: <a href=\"https:\/\/www.esschertdesign.com\/shop\/de\/verhoogd-tuinbed-rech-antraciet-s-py222\" target=\"_blank\">Esschert Design<\/a><\/p>\n","protected":false},"excerpt":{"rendered":"<p>Mit Gummistreifen als Kantenschutz<br \/>\nOffener Boden<br \/>\nSt\u00fctzstrebe in der Mitte, um Verformung zu verhindern<br \/>\nZerlegt verpackt<br \/>\nB 120,5 X T 60,5 X H 30,5 cm<br \/>\nBarcode 8714982294785<br \/>\nMaterial 94.7% Zink, 5.3% Gummi<br \/>\nNettogewicht 4,401 kg<\/p>\n","protected":false},"featured_media":24338,"template":"","meta":[],"product_brand":[9597,9870],"product_cat":[503],"product_tag":[],"class_list":{"0":"post-24064","1":"product","2":"type-product","3":"status-publish","4":"has-post-thumbnail","6":"product_brand-esschert-design","7":"product_brand-trends-vision","8":"product_cat-esscherts-garden","9":"pa_anbieter-esschert-design","10":"pa_ean-code-10968","12":"first","13":"outofstock","14":"sale","15":"taxable","16":"shipping-taxable","17":"purchasable","18":"product-type-simple","19":"czr-hentry"},"yoast_head":"<!-- This site is optimized with the Yoast SEO Premium plugin v26.4 (Yoast SEO v27.4) - https:\/\/yoast.com\/product\/yoast-seo-premium-wordpress\/ -->\n<title>Esschert Design Hochbeet Boden recht. antrazit S (PY222)<\/title>\n<meta name=\"description\" content=\"Esschert Design Hochbeet Boden recht. antrazit S (PY222) B 120,5 X T 60,5 X H 30,5 cm EAN 8714982294785Material 94.7% Zink, 5.3% Gummi Gewicht 4,401 kg\" \/>\n<meta name=\"robots\" content=\"index, follow, max-snippet:-1, max-image-preview:large, max-video-preview:-1\" \/>\n<link rel=\"canonical\" href=\"https:\/\/trendsandvision.nl\/de\/product\/esschert-design-hochbeet-boden-recht-antrazit-s\/\" \/>\n<meta property=\"og:locale\" content=\"de_DE\" \/>\n<meta property=\"og:type\" content=\"article\" \/>\n<meta property=\"og:title\" content=\"Esschert Design Hochbeet Boden recht. antrazit S\" \/>\n<meta property=\"og:description\" content=\"Esschert Design Hochbeet Boden recht. antrazit S (PY222) B 120,5 X T 60,5 X H 30,5 cm EAN 8714982294785Material 94.7% Zink, 5.3% Gummi Gewicht 4,401 kg\" \/>\n<meta property=\"og:url\" content=\"https:\/\/trendsandvision.nl\/de\/product\/esschert-design-hochbeet-boden-recht-antrazit-s\/\" \/>\n<meta property=\"og:site_name\" content=\"Trends &amp; Vision (DE)\" \/>\n<meta property=\"article:modified_time\" content=\"2026-04-07T08:46:12+00:00\" \/>\n<meta property=\"og:image\" content=\"https:\/\/trendsandvision.nl\/de\/wp-content\/uploads\/sites\/3\/2025\/12\/PY222.png\" \/>\n\t<meta property=\"og:image:width\" content=\"1070\" \/>\n\t<meta property=\"og:image:height\" content=\"544\" \/>\n\t<meta property=\"og:image:type\" content=\"image\/png\" \/>\n<meta name=\"twitter:card\" content=\"summary_large_image\" \/>\n<meta name=\"twitter:label1\" content=\"Gesch\u00e4tzte Lesezeit\" \/>\n\t<meta name=\"twitter:data1\" content=\"1\u00a0Minute\" \/>\n<script type=\"application\/ld+json\" class=\"yoast-schema-graph\">{\"@context\":\"https:\\\/\\\/schema.org\",\"@graph\":[{\"@type\":\"WebPage\",\"@id\":\"https:\\\/\\\/trendsandvision.nl\\\/de\\\/product\\\/esschert-design-hochbeet-boden-recht-antrazit-s\\\/\",\"url\":\"https:\\\/\\\/trendsandvision.nl\\\/de\\\/product\\\/esschert-design-hochbeet-boden-recht-antrazit-s\\\/\",\"name\":\"Esschert Design Hochbeet Boden recht. antrazit S (PY222)\",\"isPartOf\":{\"@id\":\"https:\\\/\\\/trendsandvision.nl\\\/de\\\/#website\"},\"primaryImageOfPage\":{\"@id\":\"https:\\\/\\\/trendsandvision.nl\\\/de\\\/product\\\/esschert-design-hochbeet-boden-recht-antrazit-s\\\/#primaryimage\"},\"image\":{\"@id\":\"https:\\\/\\\/trendsandvision.nl\\\/de\\\/product\\\/esschert-design-hochbeet-boden-recht-antrazit-s\\\/#primaryimage\"},\"thumbnailUrl\":\"https:\\\/\\\/trendsandvision.nl\\\/de\\\/wp-content\\\/uploads\\\/sites\\\/3\\\/2025\\\/12\\\/PY222.png\",\"datePublished\":\"2025-12-29T22:38:25+00:00\",\"dateModified\":\"2026-04-07T08:46:12+00:00\",\"description\":\"Esschert Design Hochbeet Boden recht. antrazit S (PY222) B 120,5 X T 60,5 X H 30,5 cm EAN 8714982294785Material 94.7% Zink, 5.3% Gummi Gewicht 4,401 kg\",\"breadcrumb\":{\"@id\":\"https:\\\/\\\/trendsandvision.nl\\\/de\\\/product\\\/esschert-design-hochbeet-boden-recht-antrazit-s\\\/#breadcrumb\"},\"inLanguage\":\"de\",\"potentialAction\":[{\"@type\":\"ReadAction\",\"target\":[\"https:\\\/\\\/trendsandvision.nl\\\/de\\\/product\\\/esschert-design-hochbeet-boden-recht-antrazit-s\\\/\"]}]},{\"@type\":\"ImageObject\",\"inLanguage\":\"de\",\"@id\":\"https:\\\/\\\/trendsandvision.nl\\\/de\\\/product\\\/esschert-design-hochbeet-boden-recht-antrazit-s\\\/#primaryimage\",\"url\":\"https:\\\/\\\/trendsandvision.nl\\\/de\\\/wp-content\\\/uploads\\\/sites\\\/3\\\/2025\\\/12\\\/PY222.png\",\"contentUrl\":\"https:\\\/\\\/trendsandvision.nl\\\/de\\\/wp-content\\\/uploads\\\/sites\\\/3\\\/2025\\\/12\\\/PY222.png\",\"width\":1070,\"height\":544,\"caption\":\"Hochbeet Boden recht. antrazit\"},{\"@type\":\"BreadcrumbList\",\"@id\":\"https:\\\/\\\/trendsandvision.nl\\\/de\\\/product\\\/esschert-design-hochbeet-boden-recht-antrazit-s\\\/#breadcrumb\",\"itemListElement\":[{\"@type\":\"ListItem\",\"position\":1,\"name\":\"Home\",\"item\":\"https:\\\/\\\/trendsandvision.nl\\\/de\\\/\"},{\"@type\":\"ListItem\",\"position\":2,\"name\":\"Gesch\u00e4ft\",\"item\":\"https:\\\/\\\/trendsandvision.nl\\\/de\\\/geschaft\\\/\"},{\"@type\":\"ListItem\",\"position\":3,\"name\":\"Esschert Design Hochbeet Boden recht. antrazit S\"}]},{\"@type\":\"WebSite\",\"@id\":\"https:\\\/\\\/trendsandvision.nl\\\/de\\\/#website\",\"url\":\"https:\\\/\\\/trendsandvision.nl\\\/de\\\/\",\"name\":\"Trends &amp; Vision (DE)\",\"description\":\"Der Webshop f\u00fcr Esschert Design Artikel\",\"publisher\":{\"@id\":\"https:\\\/\\\/trendsandvision.nl\\\/de\\\/#organization\"},\"potentialAction\":[{\"@type\":\"SearchAction\",\"target\":{\"@type\":\"EntryPoint\",\"urlTemplate\":\"https:\\\/\\\/trendsandvision.nl\\\/de\\\/?s={search_term_string}\"},\"query-input\":{\"@type\":\"PropertyValueSpecification\",\"valueRequired\":true,\"valueName\":\"search_term_string\"}}],\"inLanguage\":\"de\"},{\"@type\":\"Organization\",\"@id\":\"https:\\\/\\\/trendsandvision.nl\\\/de\\\/#organization\",\"name\":\"Trends &amp; Vision (DE)\",\"url\":\"https:\\\/\\\/trendsandvision.nl\\\/de\\\/\",\"logo\":{\"@type\":\"ImageObject\",\"inLanguage\":\"de\",\"@id\":\"https:\\\/\\\/trendsandvision.nl\\\/de\\\/#\\\/schema\\\/logo\\\/image\\\/\",\"url\":\"https:\\\/\\\/trendsandvision.nl\\\/de\\\/wp-content\\\/uploads\\\/sites\\\/3\\\/2022\\\/04\\\/trends-and-vision-logo.jpg\",\"contentUrl\":\"https:\\\/\\\/trendsandvision.nl\\\/de\\\/wp-content\\\/uploads\\\/sites\\\/3\\\/2022\\\/04\\\/trends-and-vision-logo.jpg\",\"width\":213,\"height\":100,\"caption\":\"Trends &amp; Vision (DE)\"},\"image\":{\"@id\":\"https:\\\/\\\/trendsandvision.nl\\\/de\\\/#\\\/schema\\\/logo\\\/image\\\/\"}}]}<\/script>\n<!-- \/ Yoast SEO Premium plugin. -->","yoast_head_json":{"title":"Esschert Design Hochbeet Boden recht. antrazit S (PY222)","description":"Esschert Design Hochbeet Boden recht. antrazit S (PY222) B 120,5 X T 60,5 X H 30,5 cm EAN 8714982294785Material 94.7% Zink, 5.3% Gummi Gewicht 4,401 kg","robots":{"index":"index","follow":"follow","max-snippet":"max-snippet:-1","max-image-preview":"max-image-preview:large","max-video-preview":"max-video-preview:-1"},"canonical":"https:\/\/trendsandvision.nl\/de\/product\/esschert-design-hochbeet-boden-recht-antrazit-s\/","og_locale":"de_DE","og_type":"article","og_title":"Esschert Design Hochbeet Boden recht. antrazit S","og_description":"Esschert Design Hochbeet Boden recht. antrazit S (PY222) B 120,5 X T 60,5 X H 30,5 cm EAN 8714982294785Material 94.7% Zink, 5.3% Gummi Gewicht 4,401 kg","og_url":"https:\/\/trendsandvision.nl\/de\/product\/esschert-design-hochbeet-boden-recht-antrazit-s\/","og_site_name":"Trends &amp; Vision (DE)","article_modified_time":"2026-04-07T08:46:12+00:00","og_image":[{"width":1070,"height":544,"url":"https:\/\/trendsandvision.nl\/de\/wp-content\/uploads\/sites\/3\/2025\/12\/PY222.png","type":"image\/png"}],"twitter_card":"summary_large_image","twitter_misc":{"Gesch\u00e4tzte Lesezeit":"1\u00a0Minute"},"schema":{"@context":"https:\/\/schema.org","@graph":[{"@type":"WebPage","@id":"https:\/\/trendsandvision.nl\/de\/product\/esschert-design-hochbeet-boden-recht-antrazit-s\/","url":"https:\/\/trendsandvision.nl\/de\/product\/esschert-design-hochbeet-boden-recht-antrazit-s\/","name":"Esschert Design Hochbeet Boden recht. antrazit S (PY222)","isPartOf":{"@id":"https:\/\/trendsandvision.nl\/de\/#website"},"primaryImageOfPage":{"@id":"https:\/\/trendsandvision.nl\/de\/product\/esschert-design-hochbeet-boden-recht-antrazit-s\/#primaryimage"},"image":{"@id":"https:\/\/trendsandvision.nl\/de\/product\/esschert-design-hochbeet-boden-recht-antrazit-s\/#primaryimage"},"thumbnailUrl":"https:\/\/trendsandvision.nl\/de\/wp-content\/uploads\/sites\/3\/2025\/12\/PY222.png","datePublished":"2025-12-29T22:38:25+00:00","dateModified":"2026-04-07T08:46:12+00:00","description":"Esschert Design Hochbeet Boden recht. antrazit S (PY222) B 120,5 X T 60,5 X H 30,5 cm EAN 8714982294785Material 94.7% Zink, 5.3% Gummi Gewicht 4,401 kg","breadcrumb":{"@id":"https:\/\/trendsandvision.nl\/de\/product\/esschert-design-hochbeet-boden-recht-antrazit-s\/#breadcrumb"},"inLanguage":"de","potentialAction":[{"@type":"ReadAction","target":["https:\/\/trendsandvision.nl\/de\/product\/esschert-design-hochbeet-boden-recht-antrazit-s\/"]}]},{"@type":"ImageObject","inLanguage":"de","@id":"https:\/\/trendsandvision.nl\/de\/product\/esschert-design-hochbeet-boden-recht-antrazit-s\/#primaryimage","url":"https:\/\/trendsandvision.nl\/de\/wp-content\/uploads\/sites\/3\/2025\/12\/PY222.png","contentUrl":"https:\/\/trendsandvision.nl\/de\/wp-content\/uploads\/sites\/3\/2025\/12\/PY222.png","width":1070,"height":544,"caption":"Hochbeet Boden recht. antrazit"},{"@type":"BreadcrumbList","@id":"https:\/\/trendsandvision.nl\/de\/product\/esschert-design-hochbeet-boden-recht-antrazit-s\/#breadcrumb","itemListElement":[{"@type":"ListItem","position":1,"name":"Home","item":"https:\/\/trendsandvision.nl\/de\/"},{"@type":"ListItem","position":2,"name":"Gesch\u00e4ft","item":"https:\/\/trendsandvision.nl\/de\/geschaft\/"},{"@type":"ListItem","position":3,"name":"Esschert Design Hochbeet Boden recht. antrazit S"}]},{"@type":"WebSite","@id":"https:\/\/trendsandvision.nl\/de\/#website","url":"https:\/\/trendsandvision.nl\/de\/","name":"Trends &amp; Vision (DE)","description":"Der Webshop f\u00fcr Esschert Design Artikel","publisher":{"@id":"https:\/\/trendsandvision.nl\/de\/#organization"},"potentialAction":[{"@type":"SearchAction","target":{"@type":"EntryPoint","urlTemplate":"https:\/\/trendsandvision.nl\/de\/?s={search_term_string}"},"query-input":{"@type":"PropertyValueSpecification","valueRequired":true,"valueName":"search_term_string"}}],"inLanguage":"de"},{"@type":"Organization","@id":"https:\/\/trendsandvision.nl\/de\/#organization","name":"Trends &amp; Vision (DE)","url":"https:\/\/trendsandvision.nl\/de\/","logo":{"@type":"ImageObject","inLanguage":"de","@id":"https:\/\/trendsandvision.nl\/de\/#\/schema\/logo\/image\/","url":"https:\/\/trendsandvision.nl\/de\/wp-content\/uploads\/sites\/3\/2022\/04\/trends-and-vision-logo.jpg","contentUrl":"https:\/\/trendsandvision.nl\/de\/wp-content\/uploads\/sites\/3\/2022\/04\/trends-and-vision-logo.jpg","width":213,"height":100,"caption":"Trends &amp; Vision (DE)"},"image":{"@id":"https:\/\/trendsandvision.nl\/de\/#\/schema\/logo\/image\/"}}]}},"_links":{"self":[{"href":"https:\/\/trendsandvision.nl\/de\/wp-json\/wp\/v2\/product\/24064","targetHints":{"allow":["GET"]}}],"collection":[{"href":"https:\/\/trendsandvision.nl\/de\/wp-json\/wp\/v2\/product"}],"about":[{"href":"https:\/\/trendsandvision.nl\/de\/wp-json\/wp\/v2\/types\/product"}],"wp:featuredmedia":[{"embeddable":true,"href":"https:\/\/trendsandvision.nl\/de\/wp-json\/wp\/v2\/media\/24338"}],"wp:attachment":[{"href":"https:\/\/trendsandvision.nl\/de\/wp-json\/wp\/v2\/media?parent=24064"}],"wp:term":[{"taxonomy":"product_brand","embeddable":true,"href":"https:\/\/trendsandvision.nl\/de\/wp-json\/wp\/v2\/product_brand?post=24064"},{"taxonomy":"product_cat","embeddable":true,"href":"https:\/\/trendsandvision.nl\/de\/wp-json\/wp\/v2\/product_cat?post=24064"},{"taxonomy":"product_tag","embeddable":true,"href":"https:\/\/trendsandvision.nl\/de\/wp-json\/wp\/v2\/product_tag?post=24064"}],"curies":[{"name":"wp","href":"https:\/\/api.w.org\/{rel}","templated":true}]}}