{"id":24018,"date":"2025-12-29T23:37:16","date_gmt":"2025-12-29T22:37:16","guid":{"rendered":"https:\/\/trendsandvision.nl\/de\/product\/esschert-design-gartenzaun-schwarz-schnoerkel\/"},"modified":"2026-04-07T10:44:58","modified_gmt":"2026-04-07T08:44:58","slug":"esschert-design-gartenzaun-schwarz-schnoerkel","status":"publish","type":"product","link":"https:\/\/trendsandvision.nl\/de\/product\/esschert-design-gartenzaun-schwarz-schnoerkel\/","title":{"rendered":"Esschert Design Gartenzaun schwarz Schn\u00f6rkel"},"content":{"rendered":"<p>Dieses Metallgartenzaun ist ideal zum Abgrenzen von Blumenbeeten, Wegen oder zur Versch\u00f6nerung des Gartens. Mit seinem geschwungenen Metallornament und den dekorativen Gusseisenelementen wird er zu einem echten Blickfang. Der Zaun ist 160 cm breit und 117 cm hoch. Die schwarze Pulverbeschichtung sch\u00fctzt vor Rost und verleiht dem Zaun ein edles Finish. Er l\u00e4sst sich leicht installieren, und mehrere Elemente k\u00f6nnen einfach miteinander verbunden werden.<\/p>\n<p>Artikelname <strong><a href=\"https:\/\/trendsandvision.nl\/de\/?s=Gartenzaun&amp;post_type=product&amp;dgwt_wcas=1\">Gartenzaun<\/a><\/strong> schwarz Schn\u00f6rkel<br \/>\nArtikelnummer PS37<br \/>\nProduktgr\u00f6\u00dfen in cm B 156 X T 2,2 X H 117<br \/>\nBarcode 8714982295683<br \/>\nMaterial 84% Weichstahl, 15% Gusseisen, 1% Edelstahl<br \/>\nProduzent: <a href=\"https:\/\/www.esschertdesign.com\/shop\/de\/tuinhek-zwart-krullen-ps37\" target=\"_blank\" rel=\"noopener\">Esschert Design<\/a><\/p>\n","protected":false},"excerpt":{"rendered":"<p>Aus Gusseisen gefertigt<br \/>\nPerfekt zum Abgrenen von Blumenbeeten und Wegen<br \/>\nMehrere Zaunelemente k\u00f6nnen miteinander verbunden werden<br \/>\nB 156 X T 2,2 X H 117 cm<br \/>\nBarcode 8714982295683<br \/>\nMaterial 84% Weichstahl, 15% Gusseisen, 1% Edelstahl<\/p>\n","protected":false},"featured_media":24019,"template":"","meta":[],"product_brand":[9597,9870],"product_cat":[503],"product_tag":[],"class_list":{"0":"post-24018","1":"product","2":"type-product","3":"status-publish","4":"has-post-thumbnail","6":"product_brand-esschert-design","7":"product_brand-trends-vision","8":"product_cat-esscherts-garden","9":"pa_anbieter-esschert-design","10":"pa_ean-code-10957","12":"first","13":"instock","14":"sale","15":"taxable","16":"shipping-taxable","17":"purchasable","18":"product-type-simple","19":"czr-hentry"},"yoast_head":"<!-- This site is optimized with the Yoast SEO Premium plugin v26.4 (Yoast SEO v27.4) - https:\/\/yoast.com\/product\/yoast-seo-premium-wordpress\/ -->\n<title>Esschert Design Gartenzaun schwarz Schn\u00f6rkel (PS37)<\/title>\n<meta name=\"description\" content=\"Esschert Design Gartenzaun schwarz Schn\u00f6rkel (PS37) B 156 X T 2,2 X H 117 cm EAN 8714982295683 Material 84% Weichstahl, 15% Gusseisen, 1% Edelstahl\" \/>\n<meta name=\"robots\" content=\"index, follow, max-snippet:-1, max-image-preview:large, max-video-preview:-1\" \/>\n<link rel=\"canonical\" href=\"https:\/\/trendsandvision.nl\/de\/product\/esschert-design-gartenzaun-schwarz-schnoerkel\/\" \/>\n<meta property=\"og:locale\" content=\"de_DE\" \/>\n<meta property=\"og:type\" content=\"article\" \/>\n<meta property=\"og:title\" content=\"Esschert Design Gartenzaun schwarz Schn\u00f6rkel\" \/>\n<meta property=\"og:description\" content=\"Esschert Design Gartenzaun schwarz Schn\u00f6rkel (PS37) B 156 X T 2,2 X H 117 cm EAN 8714982295683 Material 84% Weichstahl, 15% Gusseisen, 1% Edelstahl\" \/>\n<meta property=\"og:url\" content=\"https:\/\/trendsandvision.nl\/de\/product\/esschert-design-gartenzaun-schwarz-schnoerkel\/\" \/>\n<meta property=\"og:site_name\" content=\"Trends &amp; Vision (DE)\" \/>\n<meta property=\"article:modified_time\" content=\"2026-04-07T08:44:58+00:00\" \/>\n<meta property=\"og:image\" content=\"https:\/\/trendsandvision.nl\/de\/wp-content\/uploads\/sites\/3\/2025\/12\/PS37_01.jpg\" \/>\n\t<meta property=\"og:image:width\" content=\"800\" \/>\n\t<meta property=\"og:image:height\" content=\"800\" \/>\n\t<meta property=\"og:image:type\" content=\"image\/jpeg\" \/>\n<meta name=\"twitter:card\" content=\"summary_large_image\" \/>\n<meta name=\"twitter:label1\" content=\"Gesch\u00e4tzte Lesezeit\" \/>\n\t<meta name=\"twitter:data1\" content=\"1\u00a0Minute\" \/>\n<script type=\"application\/ld+json\" class=\"yoast-schema-graph\">{\"@context\":\"https:\\\/\\\/schema.org\",\"@graph\":[{\"@type\":\"WebPage\",\"@id\":\"https:\\\/\\\/trendsandvision.nl\\\/de\\\/product\\\/esschert-design-gartenzaun-schwarz-schnoerkel\\\/\",\"url\":\"https:\\\/\\\/trendsandvision.nl\\\/de\\\/product\\\/esschert-design-gartenzaun-schwarz-schnoerkel\\\/\",\"name\":\"Esschert Design Gartenzaun schwarz Schn\u00f6rkel (PS37)\",\"isPartOf\":{\"@id\":\"https:\\\/\\\/trendsandvision.nl\\\/de\\\/#website\"},\"primaryImageOfPage\":{\"@id\":\"https:\\\/\\\/trendsandvision.nl\\\/de\\\/product\\\/esschert-design-gartenzaun-schwarz-schnoerkel\\\/#primaryimage\"},\"image\":{\"@id\":\"https:\\\/\\\/trendsandvision.nl\\\/de\\\/product\\\/esschert-design-gartenzaun-schwarz-schnoerkel\\\/#primaryimage\"},\"thumbnailUrl\":\"https:\\\/\\\/trendsandvision.nl\\\/de\\\/wp-content\\\/uploads\\\/sites\\\/3\\\/2025\\\/12\\\/PS37_01.jpg\",\"datePublished\":\"2025-12-29T22:37:16+00:00\",\"dateModified\":\"2026-04-07T08:44:58+00:00\",\"description\":\"Esschert Design Gartenzaun schwarz Schn\u00f6rkel (PS37) B 156 X T 2,2 X H 117 cm EAN 8714982295683 Material 84% Weichstahl, 15% Gusseisen, 1% Edelstahl\",\"breadcrumb\":{\"@id\":\"https:\\\/\\\/trendsandvision.nl\\\/de\\\/product\\\/esschert-design-gartenzaun-schwarz-schnoerkel\\\/#breadcrumb\"},\"inLanguage\":\"de\",\"potentialAction\":[{\"@type\":\"ReadAction\",\"target\":[\"https:\\\/\\\/trendsandvision.nl\\\/de\\\/product\\\/esschert-design-gartenzaun-schwarz-schnoerkel\\\/\"]}]},{\"@type\":\"ImageObject\",\"inLanguage\":\"de\",\"@id\":\"https:\\\/\\\/trendsandvision.nl\\\/de\\\/product\\\/esschert-design-gartenzaun-schwarz-schnoerkel\\\/#primaryimage\",\"url\":\"https:\\\/\\\/trendsandvision.nl\\\/de\\\/wp-content\\\/uploads\\\/sites\\\/3\\\/2025\\\/12\\\/PS37_01.jpg\",\"contentUrl\":\"https:\\\/\\\/trendsandvision.nl\\\/de\\\/wp-content\\\/uploads\\\/sites\\\/3\\\/2025\\\/12\\\/PS37_01.jpg\",\"width\":800,\"height\":800,\"caption\":\"Esschert Design Gartenzaun schwarz Schn\u00f6rkel (PS37) B 156 X T 2,2 X H 117 cm EAN 8714982295683 Material 84% Weichstahl, 15% Gusseisen, 1% Edelstahl\"},{\"@type\":\"BreadcrumbList\",\"@id\":\"https:\\\/\\\/trendsandvision.nl\\\/de\\\/product\\\/esschert-design-gartenzaun-schwarz-schnoerkel\\\/#breadcrumb\",\"itemListElement\":[{\"@type\":\"ListItem\",\"position\":1,\"name\":\"Home\",\"item\":\"https:\\\/\\\/trendsandvision.nl\\\/de\\\/\"},{\"@type\":\"ListItem\",\"position\":2,\"name\":\"Gesch\u00e4ft\",\"item\":\"https:\\\/\\\/trendsandvision.nl\\\/de\\\/geschaft\\\/\"},{\"@type\":\"ListItem\",\"position\":3,\"name\":\"Esschert Design Gartenzaun schwarz Schn\u00f6rkel\"}]},{\"@type\":\"WebSite\",\"@id\":\"https:\\\/\\\/trendsandvision.nl\\\/de\\\/#website\",\"url\":\"https:\\\/\\\/trendsandvision.nl\\\/de\\\/\",\"name\":\"Trends &amp; Vision (DE)\",\"description\":\"Der Webshop f\u00fcr Esschert Design Artikel\",\"publisher\":{\"@id\":\"https:\\\/\\\/trendsandvision.nl\\\/de\\\/#organization\"},\"potentialAction\":[{\"@type\":\"SearchAction\",\"target\":{\"@type\":\"EntryPoint\",\"urlTemplate\":\"https:\\\/\\\/trendsandvision.nl\\\/de\\\/?s={search_term_string}\"},\"query-input\":{\"@type\":\"PropertyValueSpecification\",\"valueRequired\":true,\"valueName\":\"search_term_string\"}}],\"inLanguage\":\"de\"},{\"@type\":\"Organization\",\"@id\":\"https:\\\/\\\/trendsandvision.nl\\\/de\\\/#organization\",\"name\":\"Trends &amp; Vision (DE)\",\"url\":\"https:\\\/\\\/trendsandvision.nl\\\/de\\\/\",\"logo\":{\"@type\":\"ImageObject\",\"inLanguage\":\"de\",\"@id\":\"https:\\\/\\\/trendsandvision.nl\\\/de\\\/#\\\/schema\\\/logo\\\/image\\\/\",\"url\":\"https:\\\/\\\/trendsandvision.nl\\\/de\\\/wp-content\\\/uploads\\\/sites\\\/3\\\/2022\\\/04\\\/trends-and-vision-logo.jpg\",\"contentUrl\":\"https:\\\/\\\/trendsandvision.nl\\\/de\\\/wp-content\\\/uploads\\\/sites\\\/3\\\/2022\\\/04\\\/trends-and-vision-logo.jpg\",\"width\":213,\"height\":100,\"caption\":\"Trends &amp; Vision (DE)\"},\"image\":{\"@id\":\"https:\\\/\\\/trendsandvision.nl\\\/de\\\/#\\\/schema\\\/logo\\\/image\\\/\"}}]}<\/script>\n<!-- \/ Yoast SEO Premium plugin. -->","yoast_head_json":{"title":"Esschert Design Gartenzaun schwarz Schn\u00f6rkel (PS37)","description":"Esschert Design Gartenzaun schwarz Schn\u00f6rkel (PS37) B 156 X T 2,2 X H 117 cm EAN 8714982295683 Material 84% Weichstahl, 15% Gusseisen, 1% Edelstahl","robots":{"index":"index","follow":"follow","max-snippet":"max-snippet:-1","max-image-preview":"max-image-preview:large","max-video-preview":"max-video-preview:-1"},"canonical":"https:\/\/trendsandvision.nl\/de\/product\/esschert-design-gartenzaun-schwarz-schnoerkel\/","og_locale":"de_DE","og_type":"article","og_title":"Esschert Design Gartenzaun schwarz Schn\u00f6rkel","og_description":"Esschert Design Gartenzaun schwarz Schn\u00f6rkel (PS37) B 156 X T 2,2 X H 117 cm EAN 8714982295683 Material 84% Weichstahl, 15% Gusseisen, 1% Edelstahl","og_url":"https:\/\/trendsandvision.nl\/de\/product\/esschert-design-gartenzaun-schwarz-schnoerkel\/","og_site_name":"Trends &amp; Vision (DE)","article_modified_time":"2026-04-07T08:44:58+00:00","og_image":[{"width":800,"height":800,"url":"https:\/\/trendsandvision.nl\/de\/wp-content\/uploads\/sites\/3\/2025\/12\/PS37_01.jpg","type":"image\/jpeg"}],"twitter_card":"summary_large_image","twitter_misc":{"Gesch\u00e4tzte Lesezeit":"1\u00a0Minute"},"schema":{"@context":"https:\/\/schema.org","@graph":[{"@type":"WebPage","@id":"https:\/\/trendsandvision.nl\/de\/product\/esschert-design-gartenzaun-schwarz-schnoerkel\/","url":"https:\/\/trendsandvision.nl\/de\/product\/esschert-design-gartenzaun-schwarz-schnoerkel\/","name":"Esschert Design Gartenzaun schwarz Schn\u00f6rkel (PS37)","isPartOf":{"@id":"https:\/\/trendsandvision.nl\/de\/#website"},"primaryImageOfPage":{"@id":"https:\/\/trendsandvision.nl\/de\/product\/esschert-design-gartenzaun-schwarz-schnoerkel\/#primaryimage"},"image":{"@id":"https:\/\/trendsandvision.nl\/de\/product\/esschert-design-gartenzaun-schwarz-schnoerkel\/#primaryimage"},"thumbnailUrl":"https:\/\/trendsandvision.nl\/de\/wp-content\/uploads\/sites\/3\/2025\/12\/PS37_01.jpg","datePublished":"2025-12-29T22:37:16+00:00","dateModified":"2026-04-07T08:44:58+00:00","description":"Esschert Design Gartenzaun schwarz Schn\u00f6rkel (PS37) B 156 X T 2,2 X H 117 cm EAN 8714982295683 Material 84% Weichstahl, 15% Gusseisen, 1% Edelstahl","breadcrumb":{"@id":"https:\/\/trendsandvision.nl\/de\/product\/esschert-design-gartenzaun-schwarz-schnoerkel\/#breadcrumb"},"inLanguage":"de","potentialAction":[{"@type":"ReadAction","target":["https:\/\/trendsandvision.nl\/de\/product\/esschert-design-gartenzaun-schwarz-schnoerkel\/"]}]},{"@type":"ImageObject","inLanguage":"de","@id":"https:\/\/trendsandvision.nl\/de\/product\/esschert-design-gartenzaun-schwarz-schnoerkel\/#primaryimage","url":"https:\/\/trendsandvision.nl\/de\/wp-content\/uploads\/sites\/3\/2025\/12\/PS37_01.jpg","contentUrl":"https:\/\/trendsandvision.nl\/de\/wp-content\/uploads\/sites\/3\/2025\/12\/PS37_01.jpg","width":800,"height":800,"caption":"Esschert Design Gartenzaun schwarz Schn\u00f6rkel (PS37) B 156 X T 2,2 X H 117 cm EAN 8714982295683 Material 84% Weichstahl, 15% Gusseisen, 1% Edelstahl"},{"@type":"BreadcrumbList","@id":"https:\/\/trendsandvision.nl\/de\/product\/esschert-design-gartenzaun-schwarz-schnoerkel\/#breadcrumb","itemListElement":[{"@type":"ListItem","position":1,"name":"Home","item":"https:\/\/trendsandvision.nl\/de\/"},{"@type":"ListItem","position":2,"name":"Gesch\u00e4ft","item":"https:\/\/trendsandvision.nl\/de\/geschaft\/"},{"@type":"ListItem","position":3,"name":"Esschert Design Gartenzaun schwarz Schn\u00f6rkel"}]},{"@type":"WebSite","@id":"https:\/\/trendsandvision.nl\/de\/#website","url":"https:\/\/trendsandvision.nl\/de\/","name":"Trends &amp; Vision (DE)","description":"Der Webshop f\u00fcr Esschert Design Artikel","publisher":{"@id":"https:\/\/trendsandvision.nl\/de\/#organization"},"potentialAction":[{"@type":"SearchAction","target":{"@type":"EntryPoint","urlTemplate":"https:\/\/trendsandvision.nl\/de\/?s={search_term_string}"},"query-input":{"@type":"PropertyValueSpecification","valueRequired":true,"valueName":"search_term_string"}}],"inLanguage":"de"},{"@type":"Organization","@id":"https:\/\/trendsandvision.nl\/de\/#organization","name":"Trends &amp; Vision (DE)","url":"https:\/\/trendsandvision.nl\/de\/","logo":{"@type":"ImageObject","inLanguage":"de","@id":"https:\/\/trendsandvision.nl\/de\/#\/schema\/logo\/image\/","url":"https:\/\/trendsandvision.nl\/de\/wp-content\/uploads\/sites\/3\/2022\/04\/trends-and-vision-logo.jpg","contentUrl":"https:\/\/trendsandvision.nl\/de\/wp-content\/uploads\/sites\/3\/2022\/04\/trends-and-vision-logo.jpg","width":213,"height":100,"caption":"Trends &amp; Vision (DE)"},"image":{"@id":"https:\/\/trendsandvision.nl\/de\/#\/schema\/logo\/image\/"}}]}},"_links":{"self":[{"href":"https:\/\/trendsandvision.nl\/de\/wp-json\/wp\/v2\/product\/24018","targetHints":{"allow":["GET"]}}],"collection":[{"href":"https:\/\/trendsandvision.nl\/de\/wp-json\/wp\/v2\/product"}],"about":[{"href":"https:\/\/trendsandvision.nl\/de\/wp-json\/wp\/v2\/types\/product"}],"wp:featuredmedia":[{"embeddable":true,"href":"https:\/\/trendsandvision.nl\/de\/wp-json\/wp\/v2\/media\/24019"}],"wp:attachment":[{"href":"https:\/\/trendsandvision.nl\/de\/wp-json\/wp\/v2\/media?parent=24018"}],"wp:term":[{"taxonomy":"product_brand","embeddable":true,"href":"https:\/\/trendsandvision.nl\/de\/wp-json\/wp\/v2\/product_brand?post=24018"},{"taxonomy":"product_cat","embeddable":true,"href":"https:\/\/trendsandvision.nl\/de\/wp-json\/wp\/v2\/product_cat?post=24018"},{"taxonomy":"product_tag","embeddable":true,"href":"https:\/\/trendsandvision.nl\/de\/wp-json\/wp\/v2\/product_tag?post=24018"}],"curies":[{"name":"wp","href":"https:\/\/api.w.org\/{rel}","templated":true}]}}