{"id":24008,"date":"2025-12-29T23:36:58","date_gmt":"2025-12-29T22:36:58","guid":{"rendered":"https:\/\/trendsandvision.nl\/de\/product\/esschert-design-pflanzkuebel-mit-fuessen-quad-3er-set\/"},"modified":"2026-04-07T10:44:11","modified_gmt":"2026-04-07T08:44:11","slug":"esschert-design-pflanzkuebel-mit-fuessen-quadr-3er-set","status":"publish","type":"product","link":"https:\/\/trendsandvision.nl\/de\/product\/esschert-design-pflanzkuebel-mit-fuessen-quadr-3er-set\/","title":{"rendered":"Esschert Design Pflanzk\u00fcbel mit F\u00fc\u00dfen quadr 3er-Set"},"content":{"rendered":"<p>Esschert Design Pflanzk\u00fcbel mit F\u00fc\u00dfen quadr 3er-Set.<br \/>\nDiese Quadratische <strong><a href=\"https:\/\/trendsandvision.nl\/de\/?s=Pflanzk\u00fcbel&amp;post_type=product&amp;dgwt_wcas=1\">Pflanzk\u00fcbel<\/a><\/strong> mit F\u00fc\u00dfen verleihen Ihrem Garten oder Balkon klassischen Charme. <\/p>\n<p>Sie verf\u00fcgen \u00fcber ein geriffeltes Design und stehen auf stabilen Gusseisenbeinen in Form von L\u00f6wenpfoten, die f\u00fcr Stabilit\u00e4t sorgen. Perfekt f\u00fcr Blumen, Kr\u00e4uter oder kleine Str\u00e4ucher. Die verschiedenen Gr\u00f6\u00dfen lassen sich wunderbar miteinander kombinieren oder einzeln aufstellen.<\/p>\n<p>Artikelname Zinkpflanzgef\u00e4\u00dfe mit F\u00fc\u00dfen quadratisch 3er-Set<br \/>\nArtikelnummer OZ81<br \/>\nProduktgr\u00f6\u00dfen in cm B 38,2 X T 37,5 X H 42,2<br \/>\nBarcode 8714982297632<br \/>\nMaterial 64.7% Zink, 34.1% Gusseisen, 1.2% Weichstahl<br \/>\nGewicht 6,52 kg<br \/>\nProduzent: <a href=\"https:\/\/www.esschertdesign.com\/shop\/de\/plantenbak-met-voeten-vierk-set-3-oz81\" target=\"_blank\">Esschert Design<\/a><\/p>\n","protected":false},"excerpt":{"rendered":"<p>Set mit 3 St\u00fcck quadratisch<br \/>\nStabile Gusseisenbeine<br \/>\nMit Abflussloch versehen<br \/>\nBeine sind zerlegt verpackt<br \/>\nB 38,2 X T 37,5 X H 42,2<br \/>\nBarcode 8714982297632<br \/>\nMaterial 64.7% Zink, 34.1% Gusseisen, 1.2% Weichstahl<br \/>\nGewicht 6,52 kg<\/p>\n","protected":false},"featured_media":24009,"template":"","meta":[],"product_brand":[9597,9870],"product_cat":[503],"product_tag":[],"class_list":{"0":"post-24008","1":"product","2":"type-product","3":"status-publish","4":"has-post-thumbnail","6":"product_brand-esschert-design","7":"product_brand-trends-vision","8":"product_cat-esscherts-garden","9":"pa_anbieter-esschert-design","10":"pa_ean-code-10952","12":"first","13":"instock","14":"sale","15":"taxable","16":"shipping-taxable","17":"purchasable","18":"product-type-simple","19":"czr-hentry"},"yoast_head":"<!-- This site is optimized with the Yoast SEO Premium plugin v26.4 (Yoast SEO v27.4) - https:\/\/yoast.com\/product\/yoast-seo-premium-wordpress\/ -->\n<title>Esschert Design Pflanzk\u00fcbel mit F\u00fc\u00dfen quadr 3er-Set (OZ81)<\/title>\n<meta name=\"description\" content=\"Esschert Design Pflanzk\u00fcbel mit F\u00fc\u00dfen quadr 3er-Set (OZ81) B 38,2 X T 37,5 X H 42,2 EAN 8714982297632 Zink, Gusseisen, Weichstahl Gewicht 6,52 kg\" \/>\n<meta name=\"robots\" content=\"index, follow, max-snippet:-1, max-image-preview:large, max-video-preview:-1\" \/>\n<link rel=\"canonical\" href=\"https:\/\/trendsandvision.nl\/de\/product\/esschert-design-pflanzkuebel-mit-fuessen-quadr-3er-set\/\" \/>\n<meta property=\"og:locale\" content=\"de_DE\" \/>\n<meta property=\"og:type\" content=\"article\" \/>\n<meta property=\"og:title\" content=\"Esschert Design Pflanzk\u00fcbel mit F\u00fc\u00dfen quadr 3er-Set\" \/>\n<meta property=\"og:description\" content=\"Esschert Design Pflanzk\u00fcbel mit F\u00fc\u00dfen quadr 3er-Set (OZ81) B 38,2 X T 37,5 X H 42,2 EAN 8714982297632 Zink, Gusseisen, Weichstahl Gewicht 6,52 kg\" \/>\n<meta property=\"og:url\" content=\"https:\/\/trendsandvision.nl\/de\/product\/esschert-design-pflanzkuebel-mit-fuessen-quadr-3er-set\/\" \/>\n<meta property=\"og:site_name\" content=\"Trends &amp; Vision (DE)\" \/>\n<meta property=\"article:modified_time\" content=\"2026-04-07T08:44:11+00:00\" \/>\n<meta property=\"og:image\" content=\"https:\/\/trendsandvision.nl\/de\/wp-content\/uploads\/sites\/3\/2025\/12\/OZ81_01.jpg\" \/>\n\t<meta property=\"og:image:width\" content=\"800\" \/>\n\t<meta property=\"og:image:height\" content=\"800\" \/>\n\t<meta property=\"og:image:type\" content=\"image\/jpeg\" \/>\n<meta name=\"twitter:card\" content=\"summary_large_image\" \/>\n<meta name=\"twitter:label1\" content=\"Gesch\u00e4tzte Lesezeit\" \/>\n\t<meta name=\"twitter:data1\" content=\"1\u00a0Minute\" \/>\n<script type=\"application\/ld+json\" class=\"yoast-schema-graph\">{\"@context\":\"https:\\\/\\\/schema.org\",\"@graph\":[{\"@type\":\"WebPage\",\"@id\":\"https:\\\/\\\/trendsandvision.nl\\\/de\\\/product\\\/esschert-design-pflanzkuebel-mit-fuessen-quadr-3er-set\\\/\",\"url\":\"https:\\\/\\\/trendsandvision.nl\\\/de\\\/product\\\/esschert-design-pflanzkuebel-mit-fuessen-quadr-3er-set\\\/\",\"name\":\"Esschert Design Pflanzk\u00fcbel mit F\u00fc\u00dfen quadr 3er-Set (OZ81)\",\"isPartOf\":{\"@id\":\"https:\\\/\\\/trendsandvision.nl\\\/de\\\/#website\"},\"primaryImageOfPage\":{\"@id\":\"https:\\\/\\\/trendsandvision.nl\\\/de\\\/product\\\/esschert-design-pflanzkuebel-mit-fuessen-quadr-3er-set\\\/#primaryimage\"},\"image\":{\"@id\":\"https:\\\/\\\/trendsandvision.nl\\\/de\\\/product\\\/esschert-design-pflanzkuebel-mit-fuessen-quadr-3er-set\\\/#primaryimage\"},\"thumbnailUrl\":\"https:\\\/\\\/trendsandvision.nl\\\/de\\\/wp-content\\\/uploads\\\/sites\\\/3\\\/2025\\\/12\\\/OZ81_01.jpg\",\"datePublished\":\"2025-12-29T22:36:58+00:00\",\"dateModified\":\"2026-04-07T08:44:11+00:00\",\"description\":\"Esschert Design Pflanzk\u00fcbel mit F\u00fc\u00dfen quadr 3er-Set (OZ81) B 38,2 X T 37,5 X H 42,2 EAN 8714982297632 Zink, Gusseisen, Weichstahl Gewicht 6,52 kg\",\"breadcrumb\":{\"@id\":\"https:\\\/\\\/trendsandvision.nl\\\/de\\\/product\\\/esschert-design-pflanzkuebel-mit-fuessen-quadr-3er-set\\\/#breadcrumb\"},\"inLanguage\":\"de\",\"potentialAction\":[{\"@type\":\"ReadAction\",\"target\":[\"https:\\\/\\\/trendsandvision.nl\\\/de\\\/product\\\/esschert-design-pflanzkuebel-mit-fuessen-quadr-3er-set\\\/\"]}]},{\"@type\":\"ImageObject\",\"inLanguage\":\"de\",\"@id\":\"https:\\\/\\\/trendsandvision.nl\\\/de\\\/product\\\/esschert-design-pflanzkuebel-mit-fuessen-quadr-3er-set\\\/#primaryimage\",\"url\":\"https:\\\/\\\/trendsandvision.nl\\\/de\\\/wp-content\\\/uploads\\\/sites\\\/3\\\/2025\\\/12\\\/OZ81_01.jpg\",\"contentUrl\":\"https:\\\/\\\/trendsandvision.nl\\\/de\\\/wp-content\\\/uploads\\\/sites\\\/3\\\/2025\\\/12\\\/OZ81_01.jpg\",\"width\":800,\"height\":800,\"caption\":\"Esschert Design Pflanzk\u00fcbel mit F\u00fc\u00dfen quad. 3er-Set (OZ81) B 38,2 X T 37,5 X H 42,2 EAN 8714982297632 Zink, Gusseisen, Weichstahl Gewicht 6,52 kg\"},{\"@type\":\"BreadcrumbList\",\"@id\":\"https:\\\/\\\/trendsandvision.nl\\\/de\\\/product\\\/esschert-design-pflanzkuebel-mit-fuessen-quadr-3er-set\\\/#breadcrumb\",\"itemListElement\":[{\"@type\":\"ListItem\",\"position\":1,\"name\":\"Home\",\"item\":\"https:\\\/\\\/trendsandvision.nl\\\/de\\\/\"},{\"@type\":\"ListItem\",\"position\":2,\"name\":\"Gesch\u00e4ft\",\"item\":\"https:\\\/\\\/trendsandvision.nl\\\/de\\\/geschaft\\\/\"},{\"@type\":\"ListItem\",\"position\":3,\"name\":\"Esschert Design Pflanzk\u00fcbel mit F\u00fc\u00dfen quadr 3er-Set\"}]},{\"@type\":\"WebSite\",\"@id\":\"https:\\\/\\\/trendsandvision.nl\\\/de\\\/#website\",\"url\":\"https:\\\/\\\/trendsandvision.nl\\\/de\\\/\",\"name\":\"Trends &amp; Vision (DE)\",\"description\":\"Der Webshop f\u00fcr Esschert Design Artikel\",\"publisher\":{\"@id\":\"https:\\\/\\\/trendsandvision.nl\\\/de\\\/#organization\"},\"potentialAction\":[{\"@type\":\"SearchAction\",\"target\":{\"@type\":\"EntryPoint\",\"urlTemplate\":\"https:\\\/\\\/trendsandvision.nl\\\/de\\\/?s={search_term_string}\"},\"query-input\":{\"@type\":\"PropertyValueSpecification\",\"valueRequired\":true,\"valueName\":\"search_term_string\"}}],\"inLanguage\":\"de\"},{\"@type\":\"Organization\",\"@id\":\"https:\\\/\\\/trendsandvision.nl\\\/de\\\/#organization\",\"name\":\"Trends &amp; Vision (DE)\",\"url\":\"https:\\\/\\\/trendsandvision.nl\\\/de\\\/\",\"logo\":{\"@type\":\"ImageObject\",\"inLanguage\":\"de\",\"@id\":\"https:\\\/\\\/trendsandvision.nl\\\/de\\\/#\\\/schema\\\/logo\\\/image\\\/\",\"url\":\"https:\\\/\\\/trendsandvision.nl\\\/de\\\/wp-content\\\/uploads\\\/sites\\\/3\\\/2022\\\/04\\\/trends-and-vision-logo.jpg\",\"contentUrl\":\"https:\\\/\\\/trendsandvision.nl\\\/de\\\/wp-content\\\/uploads\\\/sites\\\/3\\\/2022\\\/04\\\/trends-and-vision-logo.jpg\",\"width\":213,\"height\":100,\"caption\":\"Trends &amp; Vision (DE)\"},\"image\":{\"@id\":\"https:\\\/\\\/trendsandvision.nl\\\/de\\\/#\\\/schema\\\/logo\\\/image\\\/\"}}]}<\/script>\n<!-- \/ Yoast SEO Premium plugin. -->","yoast_head_json":{"title":"Esschert Design Pflanzk\u00fcbel mit F\u00fc\u00dfen quadr 3er-Set (OZ81)","description":"Esschert Design Pflanzk\u00fcbel mit F\u00fc\u00dfen quadr 3er-Set (OZ81) B 38,2 X T 37,5 X H 42,2 EAN 8714982297632 Zink, Gusseisen, Weichstahl Gewicht 6,52 kg","robots":{"index":"index","follow":"follow","max-snippet":"max-snippet:-1","max-image-preview":"max-image-preview:large","max-video-preview":"max-video-preview:-1"},"canonical":"https:\/\/trendsandvision.nl\/de\/product\/esschert-design-pflanzkuebel-mit-fuessen-quadr-3er-set\/","og_locale":"de_DE","og_type":"article","og_title":"Esschert Design Pflanzk\u00fcbel mit F\u00fc\u00dfen quadr 3er-Set","og_description":"Esschert Design Pflanzk\u00fcbel mit F\u00fc\u00dfen quadr 3er-Set (OZ81) B 38,2 X T 37,5 X H 42,2 EAN 8714982297632 Zink, Gusseisen, Weichstahl Gewicht 6,52 kg","og_url":"https:\/\/trendsandvision.nl\/de\/product\/esschert-design-pflanzkuebel-mit-fuessen-quadr-3er-set\/","og_site_name":"Trends &amp; Vision (DE)","article_modified_time":"2026-04-07T08:44:11+00:00","og_image":[{"width":800,"height":800,"url":"https:\/\/trendsandvision.nl\/de\/wp-content\/uploads\/sites\/3\/2025\/12\/OZ81_01.jpg","type":"image\/jpeg"}],"twitter_card":"summary_large_image","twitter_misc":{"Gesch\u00e4tzte Lesezeit":"1\u00a0Minute"},"schema":{"@context":"https:\/\/schema.org","@graph":[{"@type":"WebPage","@id":"https:\/\/trendsandvision.nl\/de\/product\/esschert-design-pflanzkuebel-mit-fuessen-quadr-3er-set\/","url":"https:\/\/trendsandvision.nl\/de\/product\/esschert-design-pflanzkuebel-mit-fuessen-quadr-3er-set\/","name":"Esschert Design Pflanzk\u00fcbel mit F\u00fc\u00dfen quadr 3er-Set (OZ81)","isPartOf":{"@id":"https:\/\/trendsandvision.nl\/de\/#website"},"primaryImageOfPage":{"@id":"https:\/\/trendsandvision.nl\/de\/product\/esschert-design-pflanzkuebel-mit-fuessen-quadr-3er-set\/#primaryimage"},"image":{"@id":"https:\/\/trendsandvision.nl\/de\/product\/esschert-design-pflanzkuebel-mit-fuessen-quadr-3er-set\/#primaryimage"},"thumbnailUrl":"https:\/\/trendsandvision.nl\/de\/wp-content\/uploads\/sites\/3\/2025\/12\/OZ81_01.jpg","datePublished":"2025-12-29T22:36:58+00:00","dateModified":"2026-04-07T08:44:11+00:00","description":"Esschert Design Pflanzk\u00fcbel mit F\u00fc\u00dfen quadr 3er-Set (OZ81) B 38,2 X T 37,5 X H 42,2 EAN 8714982297632 Zink, Gusseisen, Weichstahl Gewicht 6,52 kg","breadcrumb":{"@id":"https:\/\/trendsandvision.nl\/de\/product\/esschert-design-pflanzkuebel-mit-fuessen-quadr-3er-set\/#breadcrumb"},"inLanguage":"de","potentialAction":[{"@type":"ReadAction","target":["https:\/\/trendsandvision.nl\/de\/product\/esschert-design-pflanzkuebel-mit-fuessen-quadr-3er-set\/"]}]},{"@type":"ImageObject","inLanguage":"de","@id":"https:\/\/trendsandvision.nl\/de\/product\/esschert-design-pflanzkuebel-mit-fuessen-quadr-3er-set\/#primaryimage","url":"https:\/\/trendsandvision.nl\/de\/wp-content\/uploads\/sites\/3\/2025\/12\/OZ81_01.jpg","contentUrl":"https:\/\/trendsandvision.nl\/de\/wp-content\/uploads\/sites\/3\/2025\/12\/OZ81_01.jpg","width":800,"height":800,"caption":"Esschert Design Pflanzk\u00fcbel mit F\u00fc\u00dfen quad. 3er-Set (OZ81) B 38,2 X T 37,5 X H 42,2 EAN 8714982297632 Zink, Gusseisen, Weichstahl Gewicht 6,52 kg"},{"@type":"BreadcrumbList","@id":"https:\/\/trendsandvision.nl\/de\/product\/esschert-design-pflanzkuebel-mit-fuessen-quadr-3er-set\/#breadcrumb","itemListElement":[{"@type":"ListItem","position":1,"name":"Home","item":"https:\/\/trendsandvision.nl\/de\/"},{"@type":"ListItem","position":2,"name":"Gesch\u00e4ft","item":"https:\/\/trendsandvision.nl\/de\/geschaft\/"},{"@type":"ListItem","position":3,"name":"Esschert Design Pflanzk\u00fcbel mit F\u00fc\u00dfen quadr 3er-Set"}]},{"@type":"WebSite","@id":"https:\/\/trendsandvision.nl\/de\/#website","url":"https:\/\/trendsandvision.nl\/de\/","name":"Trends &amp; Vision (DE)","description":"Der Webshop f\u00fcr Esschert Design Artikel","publisher":{"@id":"https:\/\/trendsandvision.nl\/de\/#organization"},"potentialAction":[{"@type":"SearchAction","target":{"@type":"EntryPoint","urlTemplate":"https:\/\/trendsandvision.nl\/de\/?s={search_term_string}"},"query-input":{"@type":"PropertyValueSpecification","valueRequired":true,"valueName":"search_term_string"}}],"inLanguage":"de"},{"@type":"Organization","@id":"https:\/\/trendsandvision.nl\/de\/#organization","name":"Trends &amp; Vision (DE)","url":"https:\/\/trendsandvision.nl\/de\/","logo":{"@type":"ImageObject","inLanguage":"de","@id":"https:\/\/trendsandvision.nl\/de\/#\/schema\/logo\/image\/","url":"https:\/\/trendsandvision.nl\/de\/wp-content\/uploads\/sites\/3\/2022\/04\/trends-and-vision-logo.jpg","contentUrl":"https:\/\/trendsandvision.nl\/de\/wp-content\/uploads\/sites\/3\/2022\/04\/trends-and-vision-logo.jpg","width":213,"height":100,"caption":"Trends &amp; Vision (DE)"},"image":{"@id":"https:\/\/trendsandvision.nl\/de\/#\/schema\/logo\/image\/"}}]}},"_links":{"self":[{"href":"https:\/\/trendsandvision.nl\/de\/wp-json\/wp\/v2\/product\/24008","targetHints":{"allow":["GET"]}}],"collection":[{"href":"https:\/\/trendsandvision.nl\/de\/wp-json\/wp\/v2\/product"}],"about":[{"href":"https:\/\/trendsandvision.nl\/de\/wp-json\/wp\/v2\/types\/product"}],"wp:featuredmedia":[{"embeddable":true,"href":"https:\/\/trendsandvision.nl\/de\/wp-json\/wp\/v2\/media\/24009"}],"wp:attachment":[{"href":"https:\/\/trendsandvision.nl\/de\/wp-json\/wp\/v2\/media?parent=24008"}],"wp:term":[{"taxonomy":"product_brand","embeddable":true,"href":"https:\/\/trendsandvision.nl\/de\/wp-json\/wp\/v2\/product_brand?post=24008"},{"taxonomy":"product_cat","embeddable":true,"href":"https:\/\/trendsandvision.nl\/de\/wp-json\/wp\/v2\/product_cat?post=24008"},{"taxonomy":"product_tag","embeddable":true,"href":"https:\/\/trendsandvision.nl\/de\/wp-json\/wp\/v2\/product_tag?post=24008"}],"curies":[{"name":"wp","href":"https:\/\/api.w.org\/{rel}","templated":true}]}}