{"id":24004,"date":"2025-12-29T23:36:41","date_gmt":"2025-12-29T22:36:41","guid":{"rendered":"https:\/\/trendsandvision.nl\/de\/product\/esschert-design-kinderwerkzeug-3er-set-insekten-2\/"},"modified":"2026-04-07T10:39:25","modified_gmt":"2026-04-07T08:39:25","slug":"esschert-design-kinderwerkzeug-3er-set-insekten-2","status":"publish","type":"product","link":"https:\/\/trendsandvision.nl\/de\/product\/esschert-design-kinderwerkzeug-3er-set-insekten-2\/","title":{"rendered":"Esschert Design Kinderwerkzeug 3er Set Insekten"},"content":{"rendered":"<p>3-teiliges Gartenger\u00e4teset, speziell <strong><a href=\"https:\/\/trendsandvision.nl\/de\/product-categorie\/kids-in-the-garden\/\" target=\"_blank\">f\u00fcr Kinder<\/a><\/strong> gemacht. Das Set enth\u00e4lt 2 verschiedene Schaufeln und eine Handharke. Jeder Griff ist in Form eines fr\u00f6hlichen Insektenk\u00f6rpers gestaltet. Die Werkzeuge bestehen aus robusten Materialien und sind daher sicher zu benutzen. Ideal zum Graben und Pflanzen.<\/p>\n<p>Artikelname <strong><a href=\"https:\/\/trendsandvision.nl\/de\/?s=Kinderwerkzeug&amp;post_type=product&amp;dgwt_wcas=1\" target=\"_blank\">Kinderwerkzeug<\/a><\/strong> 3er Set Insekten<br \/>\nArtikelnummer KG406<br \/>\nProduktgr\u00f6\u00dfen in cm B 6,9 X T 3,3 X H 19,5<br \/>\nBarcode 8714982301599<br \/>\nMaterial 54% Eisen, 43% PP, 3% Edelstahl 430<br \/>\nNettogewicht 0,084 kg<br \/>\nProduzent: <a href=\"https:\/\/www.esschertdesign.com\/shop\/de\/kindergereedschapset-3dlg-insecten-kg406\" target=\"_blank\">Esschert Design<\/a><\/p>\n","protected":false},"excerpt":{"rendered":"<p>Set mit 3 Gartenger\u00e4ten<br \/>\nSpeziell f\u00fcr Kinder gemacht<br \/>\nGriff in Form eines Insekts<br \/>\nB 6,9 X T 3,3 X H 19,5 cm<br \/>\nBarcode 8714982301599<br \/>\nMaterial Eisen, PP, Edelstahl<br \/>\nNettogewicht 0,084 kg<\/p>\n","protected":false},"featured_media":24005,"template":"","meta":[],"product_brand":[9597,9870],"product_cat":[3056],"product_tag":[6755,11109,11108],"class_list":{"0":"post-24004","1":"product","2":"type-product","3":"status-publish","4":"has-post-thumbnail","6":"product_brand-esschert-design","7":"product_brand-trends-vision","8":"product_cat-kids-in-the-garden","9":"product_tag-gartengeraete","10":"product_tag-gartengeraeteset","11":"product_tag-kinderwerkzeug","12":"pa_anbieter-esschert-design","13":"pa_ean-code-10950","15":"first","16":"instock","17":"sale","18":"taxable","19":"shipping-taxable","20":"purchasable","21":"product-type-simple","22":"czr-hentry"},"yoast_head":"<!-- This site is optimized with the Yoast SEO Premium plugin v26.4 (Yoast SEO v27.4) - https:\/\/yoast.com\/product\/yoast-seo-premium-wordpress\/ -->\n<title>Esschert Design Kinderwerkzeug 3er Set Insekten (KG406)<\/title>\n<meta name=\"description\" content=\"Esschert Design Kinderwerkzeug 3er Set Insekten (KG406) B 6,9 X T 3,3 X H 19,5 cm EAN 8714982301599 Material Eisen, PP, Edelstahl Gewicht 0,084 kg\" \/>\n<meta name=\"robots\" content=\"index, follow, max-snippet:-1, max-image-preview:large, max-video-preview:-1\" \/>\n<link rel=\"canonical\" href=\"https:\/\/trendsandvision.nl\/de\/product\/esschert-design-kinderwerkzeug-3er-set-insekten-2\/\" \/>\n<meta property=\"og:locale\" content=\"de_DE\" \/>\n<meta property=\"og:type\" content=\"article\" \/>\n<meta property=\"og:title\" content=\"Esschert Design Kinderwerkzeug 3er Set Insekten\" \/>\n<meta property=\"og:description\" content=\"Esschert Design Kinderwerkzeug 3er Set Insekten (KG406) B 6,9 X T 3,3 X H 19,5 cm EAN 8714982301599 Material Eisen, PP, Edelstahl Gewicht 0,084 kg\" \/>\n<meta property=\"og:url\" content=\"https:\/\/trendsandvision.nl\/de\/product\/esschert-design-kinderwerkzeug-3er-set-insekten-2\/\" \/>\n<meta property=\"og:site_name\" content=\"Trends &amp; Vision (DE)\" \/>\n<meta property=\"article:modified_time\" content=\"2026-04-07T08:39:25+00:00\" \/>\n<meta property=\"og:image\" content=\"https:\/\/trendsandvision.nl\/de\/wp-content\/uploads\/sites\/3\/2025\/12\/KG406_01.jpg\" \/>\n\t<meta property=\"og:image:width\" content=\"800\" \/>\n\t<meta property=\"og:image:height\" content=\"800\" \/>\n\t<meta property=\"og:image:type\" content=\"image\/jpeg\" \/>\n<meta name=\"twitter:card\" content=\"summary_large_image\" \/>\n<meta name=\"twitter:label1\" content=\"Gesch\u00e4tzte Lesezeit\" \/>\n\t<meta name=\"twitter:data1\" content=\"1\u00a0Minute\" \/>\n<script type=\"application\/ld+json\" class=\"yoast-schema-graph\">{\"@context\":\"https:\\\/\\\/schema.org\",\"@graph\":[{\"@type\":\"WebPage\",\"@id\":\"https:\\\/\\\/trendsandvision.nl\\\/de\\\/product\\\/esschert-design-kinderwerkzeug-3er-set-insekten-2\\\/\",\"url\":\"https:\\\/\\\/trendsandvision.nl\\\/de\\\/product\\\/esschert-design-kinderwerkzeug-3er-set-insekten-2\\\/\",\"name\":\"Esschert Design Kinderwerkzeug 3er Set Insekten (KG406)\",\"isPartOf\":{\"@id\":\"https:\\\/\\\/trendsandvision.nl\\\/de\\\/#website\"},\"primaryImageOfPage\":{\"@id\":\"https:\\\/\\\/trendsandvision.nl\\\/de\\\/product\\\/esschert-design-kinderwerkzeug-3er-set-insekten-2\\\/#primaryimage\"},\"image\":{\"@id\":\"https:\\\/\\\/trendsandvision.nl\\\/de\\\/product\\\/esschert-design-kinderwerkzeug-3er-set-insekten-2\\\/#primaryimage\"},\"thumbnailUrl\":\"https:\\\/\\\/trendsandvision.nl\\\/de\\\/wp-content\\\/uploads\\\/sites\\\/3\\\/2025\\\/12\\\/KG406_01.jpg\",\"datePublished\":\"2025-12-29T22:36:41+00:00\",\"dateModified\":\"2026-04-07T08:39:25+00:00\",\"description\":\"Esschert Design Kinderwerkzeug 3er Set Insekten (KG406) B 6,9 X T 3,3 X H 19,5 cm EAN 8714982301599 Material Eisen, PP, Edelstahl Gewicht 0,084 kg\",\"breadcrumb\":{\"@id\":\"https:\\\/\\\/trendsandvision.nl\\\/de\\\/product\\\/esschert-design-kinderwerkzeug-3er-set-insekten-2\\\/#breadcrumb\"},\"inLanguage\":\"de\",\"potentialAction\":[{\"@type\":\"ReadAction\",\"target\":[\"https:\\\/\\\/trendsandvision.nl\\\/de\\\/product\\\/esschert-design-kinderwerkzeug-3er-set-insekten-2\\\/\"]}]},{\"@type\":\"ImageObject\",\"inLanguage\":\"de\",\"@id\":\"https:\\\/\\\/trendsandvision.nl\\\/de\\\/product\\\/esschert-design-kinderwerkzeug-3er-set-insekten-2\\\/#primaryimage\",\"url\":\"https:\\\/\\\/trendsandvision.nl\\\/de\\\/wp-content\\\/uploads\\\/sites\\\/3\\\/2025\\\/12\\\/KG406_01.jpg\",\"contentUrl\":\"https:\\\/\\\/trendsandvision.nl\\\/de\\\/wp-content\\\/uploads\\\/sites\\\/3\\\/2025\\\/12\\\/KG406_01.jpg\",\"width\":800,\"height\":800,\"caption\":\"Esschert Design Kinderwerkzeug 3er Set Insekten () - 01\"},{\"@type\":\"BreadcrumbList\",\"@id\":\"https:\\\/\\\/trendsandvision.nl\\\/de\\\/product\\\/esschert-design-kinderwerkzeug-3er-set-insekten-2\\\/#breadcrumb\",\"itemListElement\":[{\"@type\":\"ListItem\",\"position\":1,\"name\":\"Home\",\"item\":\"https:\\\/\\\/trendsandvision.nl\\\/de\\\/\"},{\"@type\":\"ListItem\",\"position\":2,\"name\":\"Gesch\u00e4ft\",\"item\":\"https:\\\/\\\/trendsandvision.nl\\\/de\\\/geschaft\\\/\"},{\"@type\":\"ListItem\",\"position\":3,\"name\":\"Esschert Design Kinderwerkzeug 3er Set Insekten\"}]},{\"@type\":\"WebSite\",\"@id\":\"https:\\\/\\\/trendsandvision.nl\\\/de\\\/#website\",\"url\":\"https:\\\/\\\/trendsandvision.nl\\\/de\\\/\",\"name\":\"Trends &amp; Vision (DE)\",\"description\":\"Der Webshop f\u00fcr Esschert Design Artikel\",\"publisher\":{\"@id\":\"https:\\\/\\\/trendsandvision.nl\\\/de\\\/#organization\"},\"potentialAction\":[{\"@type\":\"SearchAction\",\"target\":{\"@type\":\"EntryPoint\",\"urlTemplate\":\"https:\\\/\\\/trendsandvision.nl\\\/de\\\/?s={search_term_string}\"},\"query-input\":{\"@type\":\"PropertyValueSpecification\",\"valueRequired\":true,\"valueName\":\"search_term_string\"}}],\"inLanguage\":\"de\"},{\"@type\":\"Organization\",\"@id\":\"https:\\\/\\\/trendsandvision.nl\\\/de\\\/#organization\",\"name\":\"Trends &amp; Vision (DE)\",\"url\":\"https:\\\/\\\/trendsandvision.nl\\\/de\\\/\",\"logo\":{\"@type\":\"ImageObject\",\"inLanguage\":\"de\",\"@id\":\"https:\\\/\\\/trendsandvision.nl\\\/de\\\/#\\\/schema\\\/logo\\\/image\\\/\",\"url\":\"https:\\\/\\\/trendsandvision.nl\\\/de\\\/wp-content\\\/uploads\\\/sites\\\/3\\\/2022\\\/04\\\/trends-and-vision-logo.jpg\",\"contentUrl\":\"https:\\\/\\\/trendsandvision.nl\\\/de\\\/wp-content\\\/uploads\\\/sites\\\/3\\\/2022\\\/04\\\/trends-and-vision-logo.jpg\",\"width\":213,\"height\":100,\"caption\":\"Trends &amp; Vision (DE)\"},\"image\":{\"@id\":\"https:\\\/\\\/trendsandvision.nl\\\/de\\\/#\\\/schema\\\/logo\\\/image\\\/\"}}]}<\/script>\n<!-- \/ Yoast SEO Premium plugin. -->","yoast_head_json":{"title":"Esschert Design Kinderwerkzeug 3er Set Insekten (KG406)","description":"Esschert Design Kinderwerkzeug 3er Set Insekten (KG406) B 6,9 X T 3,3 X H 19,5 cm EAN 8714982301599 Material Eisen, PP, Edelstahl Gewicht 0,084 kg","robots":{"index":"index","follow":"follow","max-snippet":"max-snippet:-1","max-image-preview":"max-image-preview:large","max-video-preview":"max-video-preview:-1"},"canonical":"https:\/\/trendsandvision.nl\/de\/product\/esschert-design-kinderwerkzeug-3er-set-insekten-2\/","og_locale":"de_DE","og_type":"article","og_title":"Esschert Design Kinderwerkzeug 3er Set Insekten","og_description":"Esschert Design Kinderwerkzeug 3er Set Insekten (KG406) B 6,9 X T 3,3 X H 19,5 cm EAN 8714982301599 Material Eisen, PP, Edelstahl Gewicht 0,084 kg","og_url":"https:\/\/trendsandvision.nl\/de\/product\/esschert-design-kinderwerkzeug-3er-set-insekten-2\/","og_site_name":"Trends &amp; Vision (DE)","article_modified_time":"2026-04-07T08:39:25+00:00","og_image":[{"width":800,"height":800,"url":"https:\/\/trendsandvision.nl\/de\/wp-content\/uploads\/sites\/3\/2025\/12\/KG406_01.jpg","type":"image\/jpeg"}],"twitter_card":"summary_large_image","twitter_misc":{"Gesch\u00e4tzte Lesezeit":"1\u00a0Minute"},"schema":{"@context":"https:\/\/schema.org","@graph":[{"@type":"WebPage","@id":"https:\/\/trendsandvision.nl\/de\/product\/esschert-design-kinderwerkzeug-3er-set-insekten-2\/","url":"https:\/\/trendsandvision.nl\/de\/product\/esschert-design-kinderwerkzeug-3er-set-insekten-2\/","name":"Esschert Design Kinderwerkzeug 3er Set Insekten (KG406)","isPartOf":{"@id":"https:\/\/trendsandvision.nl\/de\/#website"},"primaryImageOfPage":{"@id":"https:\/\/trendsandvision.nl\/de\/product\/esschert-design-kinderwerkzeug-3er-set-insekten-2\/#primaryimage"},"image":{"@id":"https:\/\/trendsandvision.nl\/de\/product\/esschert-design-kinderwerkzeug-3er-set-insekten-2\/#primaryimage"},"thumbnailUrl":"https:\/\/trendsandvision.nl\/de\/wp-content\/uploads\/sites\/3\/2025\/12\/KG406_01.jpg","datePublished":"2025-12-29T22:36:41+00:00","dateModified":"2026-04-07T08:39:25+00:00","description":"Esschert Design Kinderwerkzeug 3er Set Insekten (KG406) B 6,9 X T 3,3 X H 19,5 cm EAN 8714982301599 Material Eisen, PP, Edelstahl Gewicht 0,084 kg","breadcrumb":{"@id":"https:\/\/trendsandvision.nl\/de\/product\/esschert-design-kinderwerkzeug-3er-set-insekten-2\/#breadcrumb"},"inLanguage":"de","potentialAction":[{"@type":"ReadAction","target":["https:\/\/trendsandvision.nl\/de\/product\/esschert-design-kinderwerkzeug-3er-set-insekten-2\/"]}]},{"@type":"ImageObject","inLanguage":"de","@id":"https:\/\/trendsandvision.nl\/de\/product\/esschert-design-kinderwerkzeug-3er-set-insekten-2\/#primaryimage","url":"https:\/\/trendsandvision.nl\/de\/wp-content\/uploads\/sites\/3\/2025\/12\/KG406_01.jpg","contentUrl":"https:\/\/trendsandvision.nl\/de\/wp-content\/uploads\/sites\/3\/2025\/12\/KG406_01.jpg","width":800,"height":800,"caption":"Esschert Design Kinderwerkzeug 3er Set Insekten () - 01"},{"@type":"BreadcrumbList","@id":"https:\/\/trendsandvision.nl\/de\/product\/esschert-design-kinderwerkzeug-3er-set-insekten-2\/#breadcrumb","itemListElement":[{"@type":"ListItem","position":1,"name":"Home","item":"https:\/\/trendsandvision.nl\/de\/"},{"@type":"ListItem","position":2,"name":"Gesch\u00e4ft","item":"https:\/\/trendsandvision.nl\/de\/geschaft\/"},{"@type":"ListItem","position":3,"name":"Esschert Design Kinderwerkzeug 3er Set Insekten"}]},{"@type":"WebSite","@id":"https:\/\/trendsandvision.nl\/de\/#website","url":"https:\/\/trendsandvision.nl\/de\/","name":"Trends &amp; Vision (DE)","description":"Der Webshop f\u00fcr Esschert Design Artikel","publisher":{"@id":"https:\/\/trendsandvision.nl\/de\/#organization"},"potentialAction":[{"@type":"SearchAction","target":{"@type":"EntryPoint","urlTemplate":"https:\/\/trendsandvision.nl\/de\/?s={search_term_string}"},"query-input":{"@type":"PropertyValueSpecification","valueRequired":true,"valueName":"search_term_string"}}],"inLanguage":"de"},{"@type":"Organization","@id":"https:\/\/trendsandvision.nl\/de\/#organization","name":"Trends &amp; Vision (DE)","url":"https:\/\/trendsandvision.nl\/de\/","logo":{"@type":"ImageObject","inLanguage":"de","@id":"https:\/\/trendsandvision.nl\/de\/#\/schema\/logo\/image\/","url":"https:\/\/trendsandvision.nl\/de\/wp-content\/uploads\/sites\/3\/2022\/04\/trends-and-vision-logo.jpg","contentUrl":"https:\/\/trendsandvision.nl\/de\/wp-content\/uploads\/sites\/3\/2022\/04\/trends-and-vision-logo.jpg","width":213,"height":100,"caption":"Trends &amp; Vision (DE)"},"image":{"@id":"https:\/\/trendsandvision.nl\/de\/#\/schema\/logo\/image\/"}}]}},"_links":{"self":[{"href":"https:\/\/trendsandvision.nl\/de\/wp-json\/wp\/v2\/product\/24004","targetHints":{"allow":["GET"]}}],"collection":[{"href":"https:\/\/trendsandvision.nl\/de\/wp-json\/wp\/v2\/product"}],"about":[{"href":"https:\/\/trendsandvision.nl\/de\/wp-json\/wp\/v2\/types\/product"}],"wp:featuredmedia":[{"embeddable":true,"href":"https:\/\/trendsandvision.nl\/de\/wp-json\/wp\/v2\/media\/24005"}],"wp:attachment":[{"href":"https:\/\/trendsandvision.nl\/de\/wp-json\/wp\/v2\/media?parent=24004"}],"wp:term":[{"taxonomy":"product_brand","embeddable":true,"href":"https:\/\/trendsandvision.nl\/de\/wp-json\/wp\/v2\/product_brand?post=24004"},{"taxonomy":"product_cat","embeddable":true,"href":"https:\/\/trendsandvision.nl\/de\/wp-json\/wp\/v2\/product_cat?post=24004"},{"taxonomy":"product_tag","embeddable":true,"href":"https:\/\/trendsandvision.nl\/de\/wp-json\/wp\/v2\/product_tag?post=24004"}],"curies":[{"name":"wp","href":"https:\/\/api.w.org\/{rel}","templated":true}]}}