{"id":23996,"date":"2025-12-29T23:36:16","date_gmt":"2025-12-29T22:36:16","guid":{"rendered":"https:\/\/trendsandvision.nl\/de\/product\/esschert-design-kindergiesskanne-gruen\/"},"modified":"2026-04-07T10:39:22","modified_gmt":"2026-04-07T08:39:22","slug":"esschert-design-kindergiesskanne-gruen","status":"publish","type":"product","link":"https:\/\/trendsandvision.nl\/de\/product\/esschert-design-kindergiesskanne-gruen\/","title":{"rendered":"Esschert Design Kindergie\u00dfkanne gr\u00fcn"},"content":{"rendered":"<p>Diese traditionelle englische <strong><a href=\"https:\/\/trendsandvision.nl\/de\/?s=Gie\u00dfkanne&amp;post_type=product&amp;dgwt_wcas=1\">Gie\u00dfkanne<\/a><\/strong> wurde speziell f\u00fcr Kinder entwickelt.<br \/>\nDu bist wie ein echter G\u00e4rtner mit deinen eigenen Gartenwerkzeugen. Sie verf\u00fcgt \u00fcber einen Griff oben und hinten, was das Halten und Verwenden besonders einfach macht. Ideal zum Gie\u00dfen von Pflanzen im Garten. Dank des funktionellen Designs und der verst\u00e4rkten T\u00fclle ist diese Gie\u00dfkanne f\u00fcr den t\u00e4glichen Gebrauch geeignet. Die T\u00fclle sorgt f\u00fcr einen sanften \u201eRegen\u201c-Strahl, und die gro\u00dfe \u00d6ffnung oben erleichtert das Nachf\u00fcllen.<\/p>\n<p>Artikelname Kindergie\u00dfkanne gr\u00fcn<br \/>\nArtikelnummer KG402<br \/>\nProduktgr\u00f6\u00dfen in cm B 30,6 X T 13,7 X H 16,9<br \/>\nBarcode 8714982299995<br \/>\nMaterial 100% Weichstahl<br \/>\nGewicht 0,302 kg<br \/>\nProduzent: <a href=\"https:\/\/www.esschertdesign.com\/shop\/de\/kindergieter-groen-kg402\" target=\"_blank\">Esschert Design<\/a><\/p>\n","protected":false},"excerpt":{"rendered":"<p>Verst\u00e4rkte T\u00fclle<br \/>\nZwei Griffe<br \/>\nFassungsverm\u00f6gen: 1,45 Liter<br \/>\nB 30,6 X T 13,7 X H 16,9 cm<br \/>\nBarcode 8714982299995<br \/>\nMaterial 100% Weichstahl<br \/>\nGewicht 0,302 kg <\/p>\n","protected":false},"featured_media":23997,"template":"","meta":[],"product_brand":[9597,9870],"product_cat":[3056],"product_tag":[6786],"class_list":{"0":"post-23996","1":"product","2":"type-product","3":"status-publish","4":"has-post-thumbnail","6":"product_brand-esschert-design","7":"product_brand-trends-vision","8":"product_cat-kids-in-the-garden","9":"product_tag-giesskannen","10":"pa_anbieter-esschert-design","11":"pa_ean-code-10946","13":"first","14":"instock","15":"sale","16":"taxable","17":"shipping-taxable","18":"purchasable","19":"product-type-simple","20":"czr-hentry"},"yoast_head":"<!-- This site is optimized with the Yoast SEO Premium plugin v26.4 (Yoast SEO v27.4) - https:\/\/yoast.com\/product\/yoast-seo-premium-wordpress\/ -->\n<title>Esschert Design Kindergie\u00dfkanne gr\u00fcn (KG402)<\/title>\n<meta name=\"description\" content=\"Esschert Design Kindergie\u00dfkanne gr\u00fcn (KG402) B 30,6 X T 13,7 X H 16,9 cm Barcode 8714982299995 Material 100% Weichstahl Gewicht 0,302 kg\" \/>\n<meta name=\"robots\" content=\"index, follow, max-snippet:-1, max-image-preview:large, max-video-preview:-1\" \/>\n<link rel=\"canonical\" href=\"https:\/\/trendsandvision.nl\/de\/product\/esschert-design-kindergiesskanne-gruen\/\" \/>\n<meta property=\"og:locale\" content=\"de_DE\" \/>\n<meta property=\"og:type\" content=\"article\" \/>\n<meta property=\"og:title\" content=\"Esschert Design Kindergie\u00dfkanne gr\u00fcn\" \/>\n<meta property=\"og:description\" content=\"Esschert Design Kindergie\u00dfkanne gr\u00fcn (KG402) B 30,6 X T 13,7 X H 16,9 cm Barcode 8714982299995 Material 100% Weichstahl Gewicht 0,302 kg\" \/>\n<meta property=\"og:url\" content=\"https:\/\/trendsandvision.nl\/de\/product\/esschert-design-kindergiesskanne-gruen\/\" \/>\n<meta property=\"og:site_name\" content=\"Trends &amp; Vision (DE)\" \/>\n<meta property=\"article:modified_time\" content=\"2026-04-07T08:39:22+00:00\" \/>\n<meta property=\"og:image\" content=\"https:\/\/trendsandvision.nl\/de\/wp-content\/uploads\/sites\/3\/2025\/12\/KG402_01.jpg\" \/>\n\t<meta property=\"og:image:width\" content=\"800\" \/>\n\t<meta property=\"og:image:height\" content=\"800\" \/>\n\t<meta property=\"og:image:type\" content=\"image\/jpeg\" \/>\n<meta name=\"twitter:card\" content=\"summary_large_image\" \/>\n<meta name=\"twitter:label1\" content=\"Gesch\u00e4tzte Lesezeit\" \/>\n\t<meta name=\"twitter:data1\" content=\"1\u00a0Minute\" \/>\n<script type=\"application\/ld+json\" class=\"yoast-schema-graph\">{\"@context\":\"https:\\\/\\\/schema.org\",\"@graph\":[{\"@type\":\"WebPage\",\"@id\":\"https:\\\/\\\/trendsandvision.nl\\\/de\\\/product\\\/esschert-design-kindergiesskanne-gruen\\\/\",\"url\":\"https:\\\/\\\/trendsandvision.nl\\\/de\\\/product\\\/esschert-design-kindergiesskanne-gruen\\\/\",\"name\":\"Esschert Design Kindergie\u00dfkanne gr\u00fcn (KG402)\",\"isPartOf\":{\"@id\":\"https:\\\/\\\/trendsandvision.nl\\\/de\\\/#website\"},\"primaryImageOfPage\":{\"@id\":\"https:\\\/\\\/trendsandvision.nl\\\/de\\\/product\\\/esschert-design-kindergiesskanne-gruen\\\/#primaryimage\"},\"image\":{\"@id\":\"https:\\\/\\\/trendsandvision.nl\\\/de\\\/product\\\/esschert-design-kindergiesskanne-gruen\\\/#primaryimage\"},\"thumbnailUrl\":\"https:\\\/\\\/trendsandvision.nl\\\/de\\\/wp-content\\\/uploads\\\/sites\\\/3\\\/2025\\\/12\\\/KG402_01.jpg\",\"datePublished\":\"2025-12-29T22:36:16+00:00\",\"dateModified\":\"2026-04-07T08:39:22+00:00\",\"description\":\"Esschert Design Kindergie\u00dfkanne gr\u00fcn (KG402) B 30,6 X T 13,7 X H 16,9 cm Barcode 8714982299995 Material 100% Weichstahl Gewicht 0,302 kg\",\"breadcrumb\":{\"@id\":\"https:\\\/\\\/trendsandvision.nl\\\/de\\\/product\\\/esschert-design-kindergiesskanne-gruen\\\/#breadcrumb\"},\"inLanguage\":\"de\",\"potentialAction\":[{\"@type\":\"ReadAction\",\"target\":[\"https:\\\/\\\/trendsandvision.nl\\\/de\\\/product\\\/esschert-design-kindergiesskanne-gruen\\\/\"]}]},{\"@type\":\"ImageObject\",\"inLanguage\":\"de\",\"@id\":\"https:\\\/\\\/trendsandvision.nl\\\/de\\\/product\\\/esschert-design-kindergiesskanne-gruen\\\/#primaryimage\",\"url\":\"https:\\\/\\\/trendsandvision.nl\\\/de\\\/wp-content\\\/uploads\\\/sites\\\/3\\\/2025\\\/12\\\/KG402_01.jpg\",\"contentUrl\":\"https:\\\/\\\/trendsandvision.nl\\\/de\\\/wp-content\\\/uploads\\\/sites\\\/3\\\/2025\\\/12\\\/KG402_01.jpg\",\"width\":800,\"height\":800,\"caption\":\"Esschert Design Kindergie\u00dfkanne gr\u00fcn (KG402) B 30,6 X T 13,7 X H 16,9 cm Barcode 8714982299995 Material 100% Weichstahl Gewicht 0,302 kg\"},{\"@type\":\"BreadcrumbList\",\"@id\":\"https:\\\/\\\/trendsandvision.nl\\\/de\\\/product\\\/esschert-design-kindergiesskanne-gruen\\\/#breadcrumb\",\"itemListElement\":[{\"@type\":\"ListItem\",\"position\":1,\"name\":\"Home\",\"item\":\"https:\\\/\\\/trendsandvision.nl\\\/de\\\/\"},{\"@type\":\"ListItem\",\"position\":2,\"name\":\"Gesch\u00e4ft\",\"item\":\"https:\\\/\\\/trendsandvision.nl\\\/de\\\/geschaft\\\/\"},{\"@type\":\"ListItem\",\"position\":3,\"name\":\"Esschert Design Kindergie\u00dfkanne gr\u00fcn\"}]},{\"@type\":\"WebSite\",\"@id\":\"https:\\\/\\\/trendsandvision.nl\\\/de\\\/#website\",\"url\":\"https:\\\/\\\/trendsandvision.nl\\\/de\\\/\",\"name\":\"Trends &amp; Vision (DE)\",\"description\":\"Der Webshop f\u00fcr Esschert Design Artikel\",\"publisher\":{\"@id\":\"https:\\\/\\\/trendsandvision.nl\\\/de\\\/#organization\"},\"potentialAction\":[{\"@type\":\"SearchAction\",\"target\":{\"@type\":\"EntryPoint\",\"urlTemplate\":\"https:\\\/\\\/trendsandvision.nl\\\/de\\\/?s={search_term_string}\"},\"query-input\":{\"@type\":\"PropertyValueSpecification\",\"valueRequired\":true,\"valueName\":\"search_term_string\"}}],\"inLanguage\":\"de\"},{\"@type\":\"Organization\",\"@id\":\"https:\\\/\\\/trendsandvision.nl\\\/de\\\/#organization\",\"name\":\"Trends &amp; Vision (DE)\",\"url\":\"https:\\\/\\\/trendsandvision.nl\\\/de\\\/\",\"logo\":{\"@type\":\"ImageObject\",\"inLanguage\":\"de\",\"@id\":\"https:\\\/\\\/trendsandvision.nl\\\/de\\\/#\\\/schema\\\/logo\\\/image\\\/\",\"url\":\"https:\\\/\\\/trendsandvision.nl\\\/de\\\/wp-content\\\/uploads\\\/sites\\\/3\\\/2022\\\/04\\\/trends-and-vision-logo.jpg\",\"contentUrl\":\"https:\\\/\\\/trendsandvision.nl\\\/de\\\/wp-content\\\/uploads\\\/sites\\\/3\\\/2022\\\/04\\\/trends-and-vision-logo.jpg\",\"width\":213,\"height\":100,\"caption\":\"Trends &amp; Vision (DE)\"},\"image\":{\"@id\":\"https:\\\/\\\/trendsandvision.nl\\\/de\\\/#\\\/schema\\\/logo\\\/image\\\/\"}}]}<\/script>\n<!-- \/ Yoast SEO Premium plugin. -->","yoast_head_json":{"title":"Esschert Design Kindergie\u00dfkanne gr\u00fcn (KG402)","description":"Esschert Design Kindergie\u00dfkanne gr\u00fcn (KG402) B 30,6 X T 13,7 X H 16,9 cm Barcode 8714982299995 Material 100% Weichstahl Gewicht 0,302 kg","robots":{"index":"index","follow":"follow","max-snippet":"max-snippet:-1","max-image-preview":"max-image-preview:large","max-video-preview":"max-video-preview:-1"},"canonical":"https:\/\/trendsandvision.nl\/de\/product\/esschert-design-kindergiesskanne-gruen\/","og_locale":"de_DE","og_type":"article","og_title":"Esschert Design Kindergie\u00dfkanne gr\u00fcn","og_description":"Esschert Design Kindergie\u00dfkanne gr\u00fcn (KG402) B 30,6 X T 13,7 X H 16,9 cm Barcode 8714982299995 Material 100% Weichstahl Gewicht 0,302 kg","og_url":"https:\/\/trendsandvision.nl\/de\/product\/esschert-design-kindergiesskanne-gruen\/","og_site_name":"Trends &amp; Vision (DE)","article_modified_time":"2026-04-07T08:39:22+00:00","og_image":[{"width":800,"height":800,"url":"https:\/\/trendsandvision.nl\/de\/wp-content\/uploads\/sites\/3\/2025\/12\/KG402_01.jpg","type":"image\/jpeg"}],"twitter_card":"summary_large_image","twitter_misc":{"Gesch\u00e4tzte Lesezeit":"1\u00a0Minute"},"schema":{"@context":"https:\/\/schema.org","@graph":[{"@type":"WebPage","@id":"https:\/\/trendsandvision.nl\/de\/product\/esschert-design-kindergiesskanne-gruen\/","url":"https:\/\/trendsandvision.nl\/de\/product\/esschert-design-kindergiesskanne-gruen\/","name":"Esschert Design Kindergie\u00dfkanne gr\u00fcn (KG402)","isPartOf":{"@id":"https:\/\/trendsandvision.nl\/de\/#website"},"primaryImageOfPage":{"@id":"https:\/\/trendsandvision.nl\/de\/product\/esschert-design-kindergiesskanne-gruen\/#primaryimage"},"image":{"@id":"https:\/\/trendsandvision.nl\/de\/product\/esschert-design-kindergiesskanne-gruen\/#primaryimage"},"thumbnailUrl":"https:\/\/trendsandvision.nl\/de\/wp-content\/uploads\/sites\/3\/2025\/12\/KG402_01.jpg","datePublished":"2025-12-29T22:36:16+00:00","dateModified":"2026-04-07T08:39:22+00:00","description":"Esschert Design Kindergie\u00dfkanne gr\u00fcn (KG402) B 30,6 X T 13,7 X H 16,9 cm Barcode 8714982299995 Material 100% Weichstahl Gewicht 0,302 kg","breadcrumb":{"@id":"https:\/\/trendsandvision.nl\/de\/product\/esschert-design-kindergiesskanne-gruen\/#breadcrumb"},"inLanguage":"de","potentialAction":[{"@type":"ReadAction","target":["https:\/\/trendsandvision.nl\/de\/product\/esschert-design-kindergiesskanne-gruen\/"]}]},{"@type":"ImageObject","inLanguage":"de","@id":"https:\/\/trendsandvision.nl\/de\/product\/esschert-design-kindergiesskanne-gruen\/#primaryimage","url":"https:\/\/trendsandvision.nl\/de\/wp-content\/uploads\/sites\/3\/2025\/12\/KG402_01.jpg","contentUrl":"https:\/\/trendsandvision.nl\/de\/wp-content\/uploads\/sites\/3\/2025\/12\/KG402_01.jpg","width":800,"height":800,"caption":"Esschert Design Kindergie\u00dfkanne gr\u00fcn (KG402) B 30,6 X T 13,7 X H 16,9 cm Barcode 8714982299995 Material 100% Weichstahl Gewicht 0,302 kg"},{"@type":"BreadcrumbList","@id":"https:\/\/trendsandvision.nl\/de\/product\/esschert-design-kindergiesskanne-gruen\/#breadcrumb","itemListElement":[{"@type":"ListItem","position":1,"name":"Home","item":"https:\/\/trendsandvision.nl\/de\/"},{"@type":"ListItem","position":2,"name":"Gesch\u00e4ft","item":"https:\/\/trendsandvision.nl\/de\/geschaft\/"},{"@type":"ListItem","position":3,"name":"Esschert Design Kindergie\u00dfkanne gr\u00fcn"}]},{"@type":"WebSite","@id":"https:\/\/trendsandvision.nl\/de\/#website","url":"https:\/\/trendsandvision.nl\/de\/","name":"Trends &amp; Vision (DE)","description":"Der Webshop f\u00fcr Esschert Design Artikel","publisher":{"@id":"https:\/\/trendsandvision.nl\/de\/#organization"},"potentialAction":[{"@type":"SearchAction","target":{"@type":"EntryPoint","urlTemplate":"https:\/\/trendsandvision.nl\/de\/?s={search_term_string}"},"query-input":{"@type":"PropertyValueSpecification","valueRequired":true,"valueName":"search_term_string"}}],"inLanguage":"de"},{"@type":"Organization","@id":"https:\/\/trendsandvision.nl\/de\/#organization","name":"Trends &amp; Vision (DE)","url":"https:\/\/trendsandvision.nl\/de\/","logo":{"@type":"ImageObject","inLanguage":"de","@id":"https:\/\/trendsandvision.nl\/de\/#\/schema\/logo\/image\/","url":"https:\/\/trendsandvision.nl\/de\/wp-content\/uploads\/sites\/3\/2022\/04\/trends-and-vision-logo.jpg","contentUrl":"https:\/\/trendsandvision.nl\/de\/wp-content\/uploads\/sites\/3\/2022\/04\/trends-and-vision-logo.jpg","width":213,"height":100,"caption":"Trends &amp; Vision (DE)"},"image":{"@id":"https:\/\/trendsandvision.nl\/de\/#\/schema\/logo\/image\/"}}]}},"_links":{"self":[{"href":"https:\/\/trendsandvision.nl\/de\/wp-json\/wp\/v2\/product\/23996","targetHints":{"allow":["GET"]}}],"collection":[{"href":"https:\/\/trendsandvision.nl\/de\/wp-json\/wp\/v2\/product"}],"about":[{"href":"https:\/\/trendsandvision.nl\/de\/wp-json\/wp\/v2\/types\/product"}],"wp:featuredmedia":[{"embeddable":true,"href":"https:\/\/trendsandvision.nl\/de\/wp-json\/wp\/v2\/media\/23997"}],"wp:attachment":[{"href":"https:\/\/trendsandvision.nl\/de\/wp-json\/wp\/v2\/media?parent=23996"}],"wp:term":[{"taxonomy":"product_brand","embeddable":true,"href":"https:\/\/trendsandvision.nl\/de\/wp-json\/wp\/v2\/product_brand?post=23996"},{"taxonomy":"product_cat","embeddable":true,"href":"https:\/\/trendsandvision.nl\/de\/wp-json\/wp\/v2\/product_cat?post=23996"},{"taxonomy":"product_tag","embeddable":true,"href":"https:\/\/trendsandvision.nl\/de\/wp-json\/wp\/v2\/product_tag?post=23996"}],"curies":[{"name":"wp","href":"https:\/\/api.w.org\/{rel}","templated":true}]}}