{"id":23990,"date":"2025-12-29T23:36:16","date_gmt":"2025-12-29T22:36:16","guid":{"rendered":"https:\/\/trendsandvision.nl\/de\/product\/esschert-design-kinder-picknicktisch-sonnenschirm\/"},"modified":"2026-04-07T10:39:21","modified_gmt":"2026-04-07T08:39:21","slug":"esschert-design-kinder-picknicktisch-sonnenschirm","status":"publish","type":"product","link":"https:\/\/trendsandvision.nl\/de\/product\/esschert-design-kinder-picknicktisch-sonnenschirm\/","title":{"rendered":"Esschert Design Kinder-Picknicktisch + Sonnenschirm"},"content":{"rendered":"<p>Dieser Picknicktisch mit <strong><a href=\"https:\/\/trendsandvision.nl\/de\/?s=Sonnenschirm&amp;post_type=product&amp;dgwt_wcas=1\" target=\"_blank\">Sonnenschirm<\/a><\/strong> ist der perfekte Platz f\u00fcr Kinder, um drau\u00dfen zu spielen, Snacks zu essen oder kreative Aktivit\u00e4ten zu unternehmen. Er ist aus robustem Holz gefertigt und bietet einen sicheren und stabilen Sitzplatz. Der Sonnenschirm sch\u00fctzt vor der Sonne und sorgt f\u00fcr eine fr\u00f6hliche und gem\u00fctliche Atmosph\u00e4re im Garten.<\/p>\n<p>Artikelname Kinder-Picknicktisch + Sonnenschirm<br \/>\nArtikelnummer KG401<br \/>\nProduktgr\u00f6\u00dfen in cm B 116 X T 100 X H 143,2<br \/>\nBarcode 8714982297946<br \/>\nNettogewicht 6,272 kg<br \/>\nProduzent: <a href=\"https:\/\/www.esschertdesign.com\/shop\/de\/kinderen-picknicktafel-met-parasol-kg401\" target=\"_blank\">Esschert Design<\/a><\/p>\n","protected":false},"excerpt":{"rendered":"<p>Inklusive Sonnenschirm<br \/>\nRobust und stabil<br \/>\nSpeziell f\u00fcr Kinder gemacht<br \/>\nZerlegt verpackt<br \/>\nB 116 X T 100 X H 143,2 cm<br \/>\nBarcode 8714982297946<br \/>\nNettogewicht 6,272 kg<\/p>\n","protected":false},"featured_media":23991,"template":"","meta":[],"product_brand":[9597,9870],"product_cat":[3056],"product_tag":[8036,10832,7336],"class_list":{"0":"post-23990","1":"product","2":"type-product","3":"status-publish","4":"has-post-thumbnail","6":"product_brand-esschert-design","7":"product_brand-trends-vision","8":"product_cat-kids-in-the-garden","9":"product_tag-picknick","10":"product_tag-sonnenschirmen","11":"product_tag-tische","12":"pa_anbieter-esschert-design","13":"pa_ean-code-10945","15":"first","16":"instock","17":"sale","18":"taxable","19":"shipping-taxable","20":"purchasable","21":"product-type-simple","22":"czr-hentry"},"yoast_head":"<!-- This site is optimized with the Yoast SEO Premium plugin v26.4 (Yoast SEO v27.4) - https:\/\/yoast.com\/product\/yoast-seo-premium-wordpress\/ -->\n<title>Esschert Design Kinder-Picknicktisch + Sonnenschirm (KG401)<\/title>\n<meta name=\"description\" content=\"Esschert Design Kinder-Picknicktisch + Sonnenschirm (KG401) B 116 X T 100 X H 143,2 cm EAN 8714982297946 Nettogewicht 6,272 kg\" \/>\n<meta name=\"robots\" content=\"index, follow, max-snippet:-1, max-image-preview:large, max-video-preview:-1\" \/>\n<link rel=\"canonical\" href=\"https:\/\/trendsandvision.nl\/de\/product\/esschert-design-kinder-picknicktisch-sonnenschirm\/\" \/>\n<meta property=\"og:locale\" content=\"de_DE\" \/>\n<meta property=\"og:type\" content=\"article\" \/>\n<meta property=\"og:title\" content=\"Esschert Design Kinder-Picknicktisch + Sonnenschirm\" \/>\n<meta property=\"og:description\" content=\"Esschert Design Kinder-Picknicktisch + Sonnenschirm (KG401) B 116 X T 100 X H 143,2 cm EAN 8714982297946 Nettogewicht 6,272 kg\" \/>\n<meta property=\"og:url\" content=\"https:\/\/trendsandvision.nl\/de\/product\/esschert-design-kinder-picknicktisch-sonnenschirm\/\" \/>\n<meta property=\"og:site_name\" content=\"Trends &amp; Vision (DE)\" \/>\n<meta property=\"article:modified_time\" content=\"2026-04-07T08:39:21+00:00\" \/>\n<meta property=\"og:image\" content=\"https:\/\/trendsandvision.nl\/de\/wp-content\/uploads\/sites\/3\/2025\/12\/KG401_01.jpg\" \/>\n\t<meta property=\"og:image:width\" content=\"800\" \/>\n\t<meta property=\"og:image:height\" content=\"800\" \/>\n\t<meta property=\"og:image:type\" content=\"image\/jpeg\" \/>\n<meta name=\"twitter:card\" content=\"summary_large_image\" \/>\n<meta name=\"twitter:label1\" content=\"Gesch\u00e4tzte Lesezeit\" \/>\n\t<meta name=\"twitter:data1\" content=\"1\u00a0Minute\" \/>\n<script type=\"application\/ld+json\" class=\"yoast-schema-graph\">{\"@context\":\"https:\\\/\\\/schema.org\",\"@graph\":[{\"@type\":\"WebPage\",\"@id\":\"https:\\\/\\\/trendsandvision.nl\\\/de\\\/product\\\/esschert-design-kinder-picknicktisch-sonnenschirm\\\/\",\"url\":\"https:\\\/\\\/trendsandvision.nl\\\/de\\\/product\\\/esschert-design-kinder-picknicktisch-sonnenschirm\\\/\",\"name\":\"Esschert Design Kinder-Picknicktisch + Sonnenschirm (KG401)\",\"isPartOf\":{\"@id\":\"https:\\\/\\\/trendsandvision.nl\\\/de\\\/#website\"},\"primaryImageOfPage\":{\"@id\":\"https:\\\/\\\/trendsandvision.nl\\\/de\\\/product\\\/esschert-design-kinder-picknicktisch-sonnenschirm\\\/#primaryimage\"},\"image\":{\"@id\":\"https:\\\/\\\/trendsandvision.nl\\\/de\\\/product\\\/esschert-design-kinder-picknicktisch-sonnenschirm\\\/#primaryimage\"},\"thumbnailUrl\":\"https:\\\/\\\/trendsandvision.nl\\\/de\\\/wp-content\\\/uploads\\\/sites\\\/3\\\/2025\\\/12\\\/KG401_01.jpg\",\"datePublished\":\"2025-12-29T22:36:16+00:00\",\"dateModified\":\"2026-04-07T08:39:21+00:00\",\"description\":\"Esschert Design Kinder-Picknicktisch + Sonnenschirm (KG401) B 116 X T 100 X H 143,2 cm EAN 8714982297946 Nettogewicht 6,272 kg\",\"breadcrumb\":{\"@id\":\"https:\\\/\\\/trendsandvision.nl\\\/de\\\/product\\\/esschert-design-kinder-picknicktisch-sonnenschirm\\\/#breadcrumb\"},\"inLanguage\":\"de\",\"potentialAction\":[{\"@type\":\"ReadAction\",\"target\":[\"https:\\\/\\\/trendsandvision.nl\\\/de\\\/product\\\/esschert-design-kinder-picknicktisch-sonnenschirm\\\/\"]}]},{\"@type\":\"ImageObject\",\"inLanguage\":\"de\",\"@id\":\"https:\\\/\\\/trendsandvision.nl\\\/de\\\/product\\\/esschert-design-kinder-picknicktisch-sonnenschirm\\\/#primaryimage\",\"url\":\"https:\\\/\\\/trendsandvision.nl\\\/de\\\/wp-content\\\/uploads\\\/sites\\\/3\\\/2025\\\/12\\\/KG401_01.jpg\",\"contentUrl\":\"https:\\\/\\\/trendsandvision.nl\\\/de\\\/wp-content\\\/uploads\\\/sites\\\/3\\\/2025\\\/12\\\/KG401_01.jpg\",\"width\":800,\"height\":800,\"caption\":\"Esschert Design Kinder-Picknicktisch + Sonnenschirm (KG401) B 116 X T 100 X H 143,2 cm EAN 8714982297946 Nettogewicht 6,272 kg\"},{\"@type\":\"BreadcrumbList\",\"@id\":\"https:\\\/\\\/trendsandvision.nl\\\/de\\\/product\\\/esschert-design-kinder-picknicktisch-sonnenschirm\\\/#breadcrumb\",\"itemListElement\":[{\"@type\":\"ListItem\",\"position\":1,\"name\":\"Home\",\"item\":\"https:\\\/\\\/trendsandvision.nl\\\/de\\\/\"},{\"@type\":\"ListItem\",\"position\":2,\"name\":\"Gesch\u00e4ft\",\"item\":\"https:\\\/\\\/trendsandvision.nl\\\/de\\\/geschaft\\\/\"},{\"@type\":\"ListItem\",\"position\":3,\"name\":\"Esschert Design Kinder-Picknicktisch + Sonnenschirm\"}]},{\"@type\":\"WebSite\",\"@id\":\"https:\\\/\\\/trendsandvision.nl\\\/de\\\/#website\",\"url\":\"https:\\\/\\\/trendsandvision.nl\\\/de\\\/\",\"name\":\"Trends &amp; Vision (DE)\",\"description\":\"Der Webshop f\u00fcr Esschert Design Artikel\",\"publisher\":{\"@id\":\"https:\\\/\\\/trendsandvision.nl\\\/de\\\/#organization\"},\"potentialAction\":[{\"@type\":\"SearchAction\",\"target\":{\"@type\":\"EntryPoint\",\"urlTemplate\":\"https:\\\/\\\/trendsandvision.nl\\\/de\\\/?s={search_term_string}\"},\"query-input\":{\"@type\":\"PropertyValueSpecification\",\"valueRequired\":true,\"valueName\":\"search_term_string\"}}],\"inLanguage\":\"de\"},{\"@type\":\"Organization\",\"@id\":\"https:\\\/\\\/trendsandvision.nl\\\/de\\\/#organization\",\"name\":\"Trends &amp; Vision (DE)\",\"url\":\"https:\\\/\\\/trendsandvision.nl\\\/de\\\/\",\"logo\":{\"@type\":\"ImageObject\",\"inLanguage\":\"de\",\"@id\":\"https:\\\/\\\/trendsandvision.nl\\\/de\\\/#\\\/schema\\\/logo\\\/image\\\/\",\"url\":\"https:\\\/\\\/trendsandvision.nl\\\/de\\\/wp-content\\\/uploads\\\/sites\\\/3\\\/2022\\\/04\\\/trends-and-vision-logo.jpg\",\"contentUrl\":\"https:\\\/\\\/trendsandvision.nl\\\/de\\\/wp-content\\\/uploads\\\/sites\\\/3\\\/2022\\\/04\\\/trends-and-vision-logo.jpg\",\"width\":213,\"height\":100,\"caption\":\"Trends &amp; Vision (DE)\"},\"image\":{\"@id\":\"https:\\\/\\\/trendsandvision.nl\\\/de\\\/#\\\/schema\\\/logo\\\/image\\\/\"}}]}<\/script>\n<!-- \/ Yoast SEO Premium plugin. -->","yoast_head_json":{"title":"Esschert Design Kinder-Picknicktisch + Sonnenschirm (KG401)","description":"Esschert Design Kinder-Picknicktisch + Sonnenschirm (KG401) B 116 X T 100 X H 143,2 cm EAN 8714982297946 Nettogewicht 6,272 kg","robots":{"index":"index","follow":"follow","max-snippet":"max-snippet:-1","max-image-preview":"max-image-preview:large","max-video-preview":"max-video-preview:-1"},"canonical":"https:\/\/trendsandvision.nl\/de\/product\/esschert-design-kinder-picknicktisch-sonnenschirm\/","og_locale":"de_DE","og_type":"article","og_title":"Esschert Design Kinder-Picknicktisch + Sonnenschirm","og_description":"Esschert Design Kinder-Picknicktisch + Sonnenschirm (KG401) B 116 X T 100 X H 143,2 cm EAN 8714982297946 Nettogewicht 6,272 kg","og_url":"https:\/\/trendsandvision.nl\/de\/product\/esschert-design-kinder-picknicktisch-sonnenschirm\/","og_site_name":"Trends &amp; Vision (DE)","article_modified_time":"2026-04-07T08:39:21+00:00","og_image":[{"width":800,"height":800,"url":"https:\/\/trendsandvision.nl\/de\/wp-content\/uploads\/sites\/3\/2025\/12\/KG401_01.jpg","type":"image\/jpeg"}],"twitter_card":"summary_large_image","twitter_misc":{"Gesch\u00e4tzte Lesezeit":"1\u00a0Minute"},"schema":{"@context":"https:\/\/schema.org","@graph":[{"@type":"WebPage","@id":"https:\/\/trendsandvision.nl\/de\/product\/esschert-design-kinder-picknicktisch-sonnenschirm\/","url":"https:\/\/trendsandvision.nl\/de\/product\/esschert-design-kinder-picknicktisch-sonnenschirm\/","name":"Esschert Design Kinder-Picknicktisch + Sonnenschirm (KG401)","isPartOf":{"@id":"https:\/\/trendsandvision.nl\/de\/#website"},"primaryImageOfPage":{"@id":"https:\/\/trendsandvision.nl\/de\/product\/esschert-design-kinder-picknicktisch-sonnenschirm\/#primaryimage"},"image":{"@id":"https:\/\/trendsandvision.nl\/de\/product\/esschert-design-kinder-picknicktisch-sonnenschirm\/#primaryimage"},"thumbnailUrl":"https:\/\/trendsandvision.nl\/de\/wp-content\/uploads\/sites\/3\/2025\/12\/KG401_01.jpg","datePublished":"2025-12-29T22:36:16+00:00","dateModified":"2026-04-07T08:39:21+00:00","description":"Esschert Design Kinder-Picknicktisch + Sonnenschirm (KG401) B 116 X T 100 X H 143,2 cm EAN 8714982297946 Nettogewicht 6,272 kg","breadcrumb":{"@id":"https:\/\/trendsandvision.nl\/de\/product\/esschert-design-kinder-picknicktisch-sonnenschirm\/#breadcrumb"},"inLanguage":"de","potentialAction":[{"@type":"ReadAction","target":["https:\/\/trendsandvision.nl\/de\/product\/esschert-design-kinder-picknicktisch-sonnenschirm\/"]}]},{"@type":"ImageObject","inLanguage":"de","@id":"https:\/\/trendsandvision.nl\/de\/product\/esschert-design-kinder-picknicktisch-sonnenschirm\/#primaryimage","url":"https:\/\/trendsandvision.nl\/de\/wp-content\/uploads\/sites\/3\/2025\/12\/KG401_01.jpg","contentUrl":"https:\/\/trendsandvision.nl\/de\/wp-content\/uploads\/sites\/3\/2025\/12\/KG401_01.jpg","width":800,"height":800,"caption":"Esschert Design Kinder-Picknicktisch + Sonnenschirm (KG401) B 116 X T 100 X H 143,2 cm EAN 8714982297946 Nettogewicht 6,272 kg"},{"@type":"BreadcrumbList","@id":"https:\/\/trendsandvision.nl\/de\/product\/esschert-design-kinder-picknicktisch-sonnenschirm\/#breadcrumb","itemListElement":[{"@type":"ListItem","position":1,"name":"Home","item":"https:\/\/trendsandvision.nl\/de\/"},{"@type":"ListItem","position":2,"name":"Gesch\u00e4ft","item":"https:\/\/trendsandvision.nl\/de\/geschaft\/"},{"@type":"ListItem","position":3,"name":"Esschert Design Kinder-Picknicktisch + Sonnenschirm"}]},{"@type":"WebSite","@id":"https:\/\/trendsandvision.nl\/de\/#website","url":"https:\/\/trendsandvision.nl\/de\/","name":"Trends &amp; Vision (DE)","description":"Der Webshop f\u00fcr Esschert Design Artikel","publisher":{"@id":"https:\/\/trendsandvision.nl\/de\/#organization"},"potentialAction":[{"@type":"SearchAction","target":{"@type":"EntryPoint","urlTemplate":"https:\/\/trendsandvision.nl\/de\/?s={search_term_string}"},"query-input":{"@type":"PropertyValueSpecification","valueRequired":true,"valueName":"search_term_string"}}],"inLanguage":"de"},{"@type":"Organization","@id":"https:\/\/trendsandvision.nl\/de\/#organization","name":"Trends &amp; Vision (DE)","url":"https:\/\/trendsandvision.nl\/de\/","logo":{"@type":"ImageObject","inLanguage":"de","@id":"https:\/\/trendsandvision.nl\/de\/#\/schema\/logo\/image\/","url":"https:\/\/trendsandvision.nl\/de\/wp-content\/uploads\/sites\/3\/2022\/04\/trends-and-vision-logo.jpg","contentUrl":"https:\/\/trendsandvision.nl\/de\/wp-content\/uploads\/sites\/3\/2022\/04\/trends-and-vision-logo.jpg","width":213,"height":100,"caption":"Trends &amp; Vision (DE)"},"image":{"@id":"https:\/\/trendsandvision.nl\/de\/#\/schema\/logo\/image\/"}}]}},"_links":{"self":[{"href":"https:\/\/trendsandvision.nl\/de\/wp-json\/wp\/v2\/product\/23990","targetHints":{"allow":["GET"]}}],"collection":[{"href":"https:\/\/trendsandvision.nl\/de\/wp-json\/wp\/v2\/product"}],"about":[{"href":"https:\/\/trendsandvision.nl\/de\/wp-json\/wp\/v2\/types\/product"}],"wp:featuredmedia":[{"embeddable":true,"href":"https:\/\/trendsandvision.nl\/de\/wp-json\/wp\/v2\/media\/23991"}],"wp:attachment":[{"href":"https:\/\/trendsandvision.nl\/de\/wp-json\/wp\/v2\/media?parent=23990"}],"wp:term":[{"taxonomy":"product_brand","embeddable":true,"href":"https:\/\/trendsandvision.nl\/de\/wp-json\/wp\/v2\/product_brand?post=23990"},{"taxonomy":"product_cat","embeddable":true,"href":"https:\/\/trendsandvision.nl\/de\/wp-json\/wp\/v2\/product_cat?post=23990"},{"taxonomy":"product_tag","embeddable":true,"href":"https:\/\/trendsandvision.nl\/de\/wp-json\/wp\/v2\/product_tag?post=23990"}],"curies":[{"name":"wp","href":"https:\/\/api.w.org\/{rel}","templated":true}]}}