{"id":23976,"date":"2025-12-29T23:35:58","date_gmt":"2025-12-29T22:35:58","guid":{"rendered":"https:\/\/trendsandvision.nl\/de\/product\/esschert-design-outdoor-spielteppich-wald\/"},"modified":"2026-04-07T10:39:16","modified_gmt":"2026-04-07T08:39:16","slug":"esschert-design-outdoor-spielteppich-wald","status":"publish","type":"product","link":"https:\/\/trendsandvision.nl\/de\/product\/esschert-design-outdoor-spielteppich-wald\/","title":{"rendered":"Esschert Design Outdoor Spielteppich Wald"},"content":{"rendered":"<p>Mit dieser Spielmatte k\u00f6nnen Kinder ihrer Fantasie freien Lauf lassen. Sie k\u00f6nnen auf den Wegen laufen, mit Spielzeugautos dar\u00fcber fahren, verschiedene Orte besuchen und vieles mehr. Die Spielmatte ist f\u00fcr den Au\u00dfenbereich geeignet und hat eine rutschfeste Unterseite.<\/p>\n<p>Artikelname Outdoor <strong><a href=\"https:\/\/trendsandvision.nl\/de\/?s=Spielteppich&amp;post_type=product&amp;dgwt_wcas=1\">Spielteppich<\/a><\/strong> Wald<br \/>\nArtikelnummer KG394<br \/>\nProduktgr\u00f6\u00dfen in cm B 140 X T 80 X H 0,5<br \/>\nBarcode 8714982293474<br \/>\nMaterial 95% Polyester, 5% PVC<br \/>\nNettogewicht 1,086 kg<br \/>\nProduzent: <a href=\"https:\/\/www.esschertdesign.com\/shop\/de\/outdoor-speelkleed-bos-kg394\" target=\"_blank\">Esschert Design<\/a><\/p>\n","protected":false},"excerpt":{"rendered":"<p>Geeignet f\u00fcr den Au\u00dfenbereich<br \/>\nRutschfeste Unterseite<br \/>\nPasst nahtlos zu unseren <strong><a href=\"https:\/\/trendsandvision.nl\/de\/?s=Spielteppich&amp;post_type=product&amp;dgwt_wcas=1\">anderen Spielmatten<\/a><\/strong><br \/>\nB 140 X T 80 X H 0,5 cm<br \/>\nBarcode 8714982293474<br \/>\nMaterial 95% Polyester, 5% PVC<br \/>\nNettogewicht 1,086 kg<\/p>\n","protected":false},"featured_media":23977,"template":"","meta":[],"product_brand":[9597,9870],"product_cat":[3056],"product_tag":[],"class_list":{"0":"post-23976","1":"product","2":"type-product","3":"status-publish","4":"has-post-thumbnail","6":"product_brand-esschert-design","7":"product_brand-trends-vision","8":"product_cat-kids-in-the-garden","9":"pa_anbieter-esschert-design","10":"pa_ean-code-10939","12":"first","13":"instock","14":"sale","15":"taxable","16":"shipping-taxable","17":"purchasable","18":"product-type-simple","19":"czr-hentry"},"yoast_head":"<!-- This site is optimized with the Yoast SEO Premium plugin v26.4 (Yoast SEO v27.4) - https:\/\/yoast.com\/product\/yoast-seo-premium-wordpress\/ -->\n<title>Esschert Design Outdoor Spielteppich Wald (KG394)<\/title>\n<meta name=\"description\" content=\"Esschert Design Outdoor Spielteppich Wald (KG394) B 140 X T 80 X H 0,5 cm EAN 8714982293474 Material 95% Polyester, 5% PVC Gewicht 1,086 kg\" \/>\n<meta name=\"robots\" content=\"index, follow, max-snippet:-1, max-image-preview:large, max-video-preview:-1\" \/>\n<link rel=\"canonical\" href=\"https:\/\/trendsandvision.nl\/de\/product\/esschert-design-outdoor-spielteppich-wald\/\" \/>\n<meta property=\"og:locale\" content=\"de_DE\" \/>\n<meta property=\"og:type\" content=\"article\" \/>\n<meta property=\"og:title\" content=\"Esschert Design Outdoor Spielteppich Wald\" \/>\n<meta property=\"og:description\" content=\"Esschert Design Outdoor Spielteppich Wald (KG394) B 140 X T 80 X H 0,5 cm EAN 8714982293474 Material 95% Polyester, 5% PVC Gewicht 1,086 kg\" \/>\n<meta property=\"og:url\" content=\"https:\/\/trendsandvision.nl\/de\/product\/esschert-design-outdoor-spielteppich-wald\/\" \/>\n<meta property=\"og:site_name\" content=\"Trends &amp; Vision (DE)\" \/>\n<meta property=\"article:modified_time\" content=\"2026-04-07T08:39:16+00:00\" \/>\n<meta property=\"og:image\" content=\"https:\/\/trendsandvision.nl\/de\/wp-content\/uploads\/sites\/3\/2025\/12\/KG394_01.jpg\" \/>\n\t<meta property=\"og:image:width\" content=\"800\" \/>\n\t<meta property=\"og:image:height\" content=\"800\" \/>\n\t<meta property=\"og:image:type\" content=\"image\/jpeg\" \/>\n<meta name=\"twitter:card\" content=\"summary_large_image\" \/>\n<meta name=\"twitter:label1\" content=\"Gesch\u00e4tzte Lesezeit\" \/>\n\t<meta name=\"twitter:data1\" content=\"1\u00a0Minute\" \/>\n<script type=\"application\/ld+json\" class=\"yoast-schema-graph\">{\"@context\":\"https:\\\/\\\/schema.org\",\"@graph\":[{\"@type\":\"WebPage\",\"@id\":\"https:\\\/\\\/trendsandvision.nl\\\/de\\\/product\\\/esschert-design-outdoor-spielteppich-wald\\\/\",\"url\":\"https:\\\/\\\/trendsandvision.nl\\\/de\\\/product\\\/esschert-design-outdoor-spielteppich-wald\\\/\",\"name\":\"Esschert Design Outdoor Spielteppich Wald (KG394)\",\"isPartOf\":{\"@id\":\"https:\\\/\\\/trendsandvision.nl\\\/de\\\/#website\"},\"primaryImageOfPage\":{\"@id\":\"https:\\\/\\\/trendsandvision.nl\\\/de\\\/product\\\/esschert-design-outdoor-spielteppich-wald\\\/#primaryimage\"},\"image\":{\"@id\":\"https:\\\/\\\/trendsandvision.nl\\\/de\\\/product\\\/esschert-design-outdoor-spielteppich-wald\\\/#primaryimage\"},\"thumbnailUrl\":\"https:\\\/\\\/trendsandvision.nl\\\/de\\\/wp-content\\\/uploads\\\/sites\\\/3\\\/2025\\\/12\\\/KG394_01.jpg\",\"datePublished\":\"2025-12-29T22:35:58+00:00\",\"dateModified\":\"2026-04-07T08:39:16+00:00\",\"description\":\"Esschert Design Outdoor Spielteppich Wald (KG394) B 140 X T 80 X H 0,5 cm EAN 8714982293474 Material 95% Polyester, 5% PVC Gewicht 1,086 kg\",\"breadcrumb\":{\"@id\":\"https:\\\/\\\/trendsandvision.nl\\\/de\\\/product\\\/esschert-design-outdoor-spielteppich-wald\\\/#breadcrumb\"},\"inLanguage\":\"de\",\"potentialAction\":[{\"@type\":\"ReadAction\",\"target\":[\"https:\\\/\\\/trendsandvision.nl\\\/de\\\/product\\\/esschert-design-outdoor-spielteppich-wald\\\/\"]}]},{\"@type\":\"ImageObject\",\"inLanguage\":\"de\",\"@id\":\"https:\\\/\\\/trendsandvision.nl\\\/de\\\/product\\\/esschert-design-outdoor-spielteppich-wald\\\/#primaryimage\",\"url\":\"https:\\\/\\\/trendsandvision.nl\\\/de\\\/wp-content\\\/uploads\\\/sites\\\/3\\\/2025\\\/12\\\/KG394_01.jpg\",\"contentUrl\":\"https:\\\/\\\/trendsandvision.nl\\\/de\\\/wp-content\\\/uploads\\\/sites\\\/3\\\/2025\\\/12\\\/KG394_01.jpg\",\"width\":800,\"height\":800,\"caption\":\"Esschert Design Outdoor Spielteppich Wald () - 01\"},{\"@type\":\"BreadcrumbList\",\"@id\":\"https:\\\/\\\/trendsandvision.nl\\\/de\\\/product\\\/esschert-design-outdoor-spielteppich-wald\\\/#breadcrumb\",\"itemListElement\":[{\"@type\":\"ListItem\",\"position\":1,\"name\":\"Home\",\"item\":\"https:\\\/\\\/trendsandvision.nl\\\/de\\\/\"},{\"@type\":\"ListItem\",\"position\":2,\"name\":\"Gesch\u00e4ft\",\"item\":\"https:\\\/\\\/trendsandvision.nl\\\/de\\\/geschaft\\\/\"},{\"@type\":\"ListItem\",\"position\":3,\"name\":\"Esschert Design Outdoor Spielteppich Wald\"}]},{\"@type\":\"WebSite\",\"@id\":\"https:\\\/\\\/trendsandvision.nl\\\/de\\\/#website\",\"url\":\"https:\\\/\\\/trendsandvision.nl\\\/de\\\/\",\"name\":\"Trends &amp; Vision (DE)\",\"description\":\"Der Webshop f\u00fcr Esschert Design Artikel\",\"publisher\":{\"@id\":\"https:\\\/\\\/trendsandvision.nl\\\/de\\\/#organization\"},\"potentialAction\":[{\"@type\":\"SearchAction\",\"target\":{\"@type\":\"EntryPoint\",\"urlTemplate\":\"https:\\\/\\\/trendsandvision.nl\\\/de\\\/?s={search_term_string}\"},\"query-input\":{\"@type\":\"PropertyValueSpecification\",\"valueRequired\":true,\"valueName\":\"search_term_string\"}}],\"inLanguage\":\"de\"},{\"@type\":\"Organization\",\"@id\":\"https:\\\/\\\/trendsandvision.nl\\\/de\\\/#organization\",\"name\":\"Trends &amp; Vision (DE)\",\"url\":\"https:\\\/\\\/trendsandvision.nl\\\/de\\\/\",\"logo\":{\"@type\":\"ImageObject\",\"inLanguage\":\"de\",\"@id\":\"https:\\\/\\\/trendsandvision.nl\\\/de\\\/#\\\/schema\\\/logo\\\/image\\\/\",\"url\":\"https:\\\/\\\/trendsandvision.nl\\\/de\\\/wp-content\\\/uploads\\\/sites\\\/3\\\/2022\\\/04\\\/trends-and-vision-logo.jpg\",\"contentUrl\":\"https:\\\/\\\/trendsandvision.nl\\\/de\\\/wp-content\\\/uploads\\\/sites\\\/3\\\/2022\\\/04\\\/trends-and-vision-logo.jpg\",\"width\":213,\"height\":100,\"caption\":\"Trends &amp; Vision (DE)\"},\"image\":{\"@id\":\"https:\\\/\\\/trendsandvision.nl\\\/de\\\/#\\\/schema\\\/logo\\\/image\\\/\"}}]}<\/script>\n<!-- \/ Yoast SEO Premium plugin. -->","yoast_head_json":{"title":"Esschert Design Outdoor Spielteppich Wald (KG394)","description":"Esschert Design Outdoor Spielteppich Wald (KG394) B 140 X T 80 X H 0,5 cm EAN 8714982293474 Material 95% Polyester, 5% PVC Gewicht 1,086 kg","robots":{"index":"index","follow":"follow","max-snippet":"max-snippet:-1","max-image-preview":"max-image-preview:large","max-video-preview":"max-video-preview:-1"},"canonical":"https:\/\/trendsandvision.nl\/de\/product\/esschert-design-outdoor-spielteppich-wald\/","og_locale":"de_DE","og_type":"article","og_title":"Esschert Design Outdoor Spielteppich Wald","og_description":"Esschert Design Outdoor Spielteppich Wald (KG394) B 140 X T 80 X H 0,5 cm EAN 8714982293474 Material 95% Polyester, 5% PVC Gewicht 1,086 kg","og_url":"https:\/\/trendsandvision.nl\/de\/product\/esschert-design-outdoor-spielteppich-wald\/","og_site_name":"Trends &amp; Vision (DE)","article_modified_time":"2026-04-07T08:39:16+00:00","og_image":[{"width":800,"height":800,"url":"https:\/\/trendsandvision.nl\/de\/wp-content\/uploads\/sites\/3\/2025\/12\/KG394_01.jpg","type":"image\/jpeg"}],"twitter_card":"summary_large_image","twitter_misc":{"Gesch\u00e4tzte Lesezeit":"1\u00a0Minute"},"schema":{"@context":"https:\/\/schema.org","@graph":[{"@type":"WebPage","@id":"https:\/\/trendsandvision.nl\/de\/product\/esschert-design-outdoor-spielteppich-wald\/","url":"https:\/\/trendsandvision.nl\/de\/product\/esschert-design-outdoor-spielteppich-wald\/","name":"Esschert Design Outdoor Spielteppich Wald (KG394)","isPartOf":{"@id":"https:\/\/trendsandvision.nl\/de\/#website"},"primaryImageOfPage":{"@id":"https:\/\/trendsandvision.nl\/de\/product\/esschert-design-outdoor-spielteppich-wald\/#primaryimage"},"image":{"@id":"https:\/\/trendsandvision.nl\/de\/product\/esschert-design-outdoor-spielteppich-wald\/#primaryimage"},"thumbnailUrl":"https:\/\/trendsandvision.nl\/de\/wp-content\/uploads\/sites\/3\/2025\/12\/KG394_01.jpg","datePublished":"2025-12-29T22:35:58+00:00","dateModified":"2026-04-07T08:39:16+00:00","description":"Esschert Design Outdoor Spielteppich Wald (KG394) B 140 X T 80 X H 0,5 cm EAN 8714982293474 Material 95% Polyester, 5% PVC Gewicht 1,086 kg","breadcrumb":{"@id":"https:\/\/trendsandvision.nl\/de\/product\/esschert-design-outdoor-spielteppich-wald\/#breadcrumb"},"inLanguage":"de","potentialAction":[{"@type":"ReadAction","target":["https:\/\/trendsandvision.nl\/de\/product\/esschert-design-outdoor-spielteppich-wald\/"]}]},{"@type":"ImageObject","inLanguage":"de","@id":"https:\/\/trendsandvision.nl\/de\/product\/esschert-design-outdoor-spielteppich-wald\/#primaryimage","url":"https:\/\/trendsandvision.nl\/de\/wp-content\/uploads\/sites\/3\/2025\/12\/KG394_01.jpg","contentUrl":"https:\/\/trendsandvision.nl\/de\/wp-content\/uploads\/sites\/3\/2025\/12\/KG394_01.jpg","width":800,"height":800,"caption":"Esschert Design Outdoor Spielteppich Wald () - 01"},{"@type":"BreadcrumbList","@id":"https:\/\/trendsandvision.nl\/de\/product\/esschert-design-outdoor-spielteppich-wald\/#breadcrumb","itemListElement":[{"@type":"ListItem","position":1,"name":"Home","item":"https:\/\/trendsandvision.nl\/de\/"},{"@type":"ListItem","position":2,"name":"Gesch\u00e4ft","item":"https:\/\/trendsandvision.nl\/de\/geschaft\/"},{"@type":"ListItem","position":3,"name":"Esschert Design Outdoor Spielteppich Wald"}]},{"@type":"WebSite","@id":"https:\/\/trendsandvision.nl\/de\/#website","url":"https:\/\/trendsandvision.nl\/de\/","name":"Trends &amp; Vision (DE)","description":"Der Webshop f\u00fcr Esschert Design Artikel","publisher":{"@id":"https:\/\/trendsandvision.nl\/de\/#organization"},"potentialAction":[{"@type":"SearchAction","target":{"@type":"EntryPoint","urlTemplate":"https:\/\/trendsandvision.nl\/de\/?s={search_term_string}"},"query-input":{"@type":"PropertyValueSpecification","valueRequired":true,"valueName":"search_term_string"}}],"inLanguage":"de"},{"@type":"Organization","@id":"https:\/\/trendsandvision.nl\/de\/#organization","name":"Trends &amp; Vision (DE)","url":"https:\/\/trendsandvision.nl\/de\/","logo":{"@type":"ImageObject","inLanguage":"de","@id":"https:\/\/trendsandvision.nl\/de\/#\/schema\/logo\/image\/","url":"https:\/\/trendsandvision.nl\/de\/wp-content\/uploads\/sites\/3\/2022\/04\/trends-and-vision-logo.jpg","contentUrl":"https:\/\/trendsandvision.nl\/de\/wp-content\/uploads\/sites\/3\/2022\/04\/trends-and-vision-logo.jpg","width":213,"height":100,"caption":"Trends &amp; Vision (DE)"},"image":{"@id":"https:\/\/trendsandvision.nl\/de\/#\/schema\/logo\/image\/"}}]}},"_links":{"self":[{"href":"https:\/\/trendsandvision.nl\/de\/wp-json\/wp\/v2\/product\/23976","targetHints":{"allow":["GET"]}}],"collection":[{"href":"https:\/\/trendsandvision.nl\/de\/wp-json\/wp\/v2\/product"}],"about":[{"href":"https:\/\/trendsandvision.nl\/de\/wp-json\/wp\/v2\/types\/product"}],"wp:featuredmedia":[{"embeddable":true,"href":"https:\/\/trendsandvision.nl\/de\/wp-json\/wp\/v2\/media\/23977"}],"wp:attachment":[{"href":"https:\/\/trendsandvision.nl\/de\/wp-json\/wp\/v2\/media?parent=23976"}],"wp:term":[{"taxonomy":"product_brand","embeddable":true,"href":"https:\/\/trendsandvision.nl\/de\/wp-json\/wp\/v2\/product_brand?post=23976"},{"taxonomy":"product_cat","embeddable":true,"href":"https:\/\/trendsandvision.nl\/de\/wp-json\/wp\/v2\/product_cat?post=23976"},{"taxonomy":"product_tag","embeddable":true,"href":"https:\/\/trendsandvision.nl\/de\/wp-json\/wp\/v2\/product_tag?post=23976"}],"curies":[{"name":"wp","href":"https:\/\/api.w.org\/{rel}","templated":true}]}}