{"id":23954,"date":"2025-12-29T23:35:34","date_gmt":"2025-12-29T22:35:34","guid":{"rendered":"https:\/\/trendsandvision.nl\/de\/product\/esschert-design-murmeln-25-stueck\/"},"modified":"2026-04-10T16:38:28","modified_gmt":"2026-04-10T14:38:28","slug":"esschert-design-murmeln-25-stueck","status":"publish","type":"product","link":"https:\/\/trendsandvision.nl\/de\/product\/esschert-design-murmeln-25-stueck\/","title":{"rendered":"Esschert Design Murmeln 25 St\u00fcck"},"content":{"rendered":"<p>Glasmurmeln in verschiedenen einfarbigen Farben. Das <strong><a href=\"https:\/\/trendsandvision.nl\/de\/?s=wurfspiel&amp;post_type=product&amp;dgwt_wcas=1\/\">Spiel<\/a><\/strong> besteht darin, die eigenen Murmeln in ein Ziel zu schie\u00dfen. Oder in einen kleinen Kreis zu rollen, um die Murmeln der Gegner zu treffen.<br \/>\nBeim Murmelspiel geht es darum, Glasmurmeln zu sammeln und zu schie\u00dfen. Mit dem Ziel, mehr Murmeln zu gewinnen als der Gegner.<br \/>\nDas Spiel f\u00f6rdert Konzentration, Koordination und Pr\u00e4zision.<\/p>\n<p>Artikelname Murmeln 25 St\u00fcck<br \/>\nArtikelnummer KG384<br \/>\nProduktgr\u00f6\u00dfen in cm B 10 X T 3,8 X H 11,5<br \/>\nBarcode 8714982293375<br \/>\nBruttogewicht 0,149 kg<br \/>\nProduzent: <a href=\"https:\/\/www.esschertdesign.com\/shop\/de\/knikkers-25-stuks-kg384\" target=\"_blank\">Esschert Design<\/a><\/p>\n","protected":false},"excerpt":{"rendered":"<p>Set mit 25 Murmeln und 1 gro\u00dfer Murmel<br \/>\nVerpackt in einem kleinen Beutel<br \/>\nF\u00f6rdert Konzentration, Koordination und Pr\u00e4zision<br \/>\nB 10 X T 3,8 X H 11,5 cm<br \/>\nBarcode 8714982293375<br \/>\nGewicht 0,149 kg<\/p>\n","protected":false},"featured_media":23955,"template":"","meta":[],"product_brand":[9597,9598],"product_cat":[3056],"product_tag":[10203,11110,11425],"class_list":{"0":"post-23954","1":"product","2":"type-product","3":"status-publish","4":"has-post-thumbnail","6":"product_brand-esschert-design","7":"product_brand-trends-and-vision","8":"product_cat-kids-in-the-garden","9":"product_tag-drausen","10":"product_tag-kinderspiele","11":"product_tag-spielen","12":"pa_anbieter-esschert-design","13":"pa_ean-code-10932","15":"first","16":"instock","17":"sale","18":"taxable","19":"shipping-taxable","20":"purchasable","21":"product-type-simple","22":"czr-hentry"},"yoast_head":"<!-- This site is optimized with the Yoast SEO Premium plugin v26.4 (Yoast SEO v27.4) - https:\/\/yoast.com\/product\/yoast-seo-premium-wordpress\/ -->\n<title>Esschert Design Murmeln 25 St\u00fcck (KG384 EAN 8714982293375)<\/title>\n<meta name=\"description\" content=\"Esschert Design Murmeln 25 St\u00fcck (KG384) B 10 X T 3,8 X H 11,5 cm, Barcode 8714982293375, Gewicht 0,149 kg, F\u00f6rdert Konzentration\" \/>\n<meta name=\"robots\" content=\"index, follow, max-snippet:-1, max-image-preview:large, max-video-preview:-1\" \/>\n<link rel=\"canonical\" href=\"https:\/\/trendsandvision.nl\/de\/product\/esschert-design-murmeln-25-stueck\/\" \/>\n<meta property=\"og:locale\" content=\"de_DE\" \/>\n<meta property=\"og:type\" content=\"article\" \/>\n<meta property=\"og:title\" content=\"Esschert Design Murmeln 25 St\u00fcck\" \/>\n<meta property=\"og:description\" content=\"Esschert Design Murmeln 25 St\u00fcck (KG384) B 10 X T 3,8 X H 11,5 cm, Barcode 8714982293375, Gewicht 0,149 kg, F\u00f6rdert Konzentration\" \/>\n<meta property=\"og:url\" content=\"https:\/\/trendsandvision.nl\/de\/product\/esschert-design-murmeln-25-stueck\/\" \/>\n<meta property=\"og:site_name\" content=\"Trends &amp; Vision (DE)\" \/>\n<meta property=\"article:modified_time\" content=\"2026-04-10T14:38:28+00:00\" \/>\n<meta property=\"og:image\" content=\"https:\/\/trendsandvision.nl\/de\/wp-content\/uploads\/sites\/3\/2025\/12\/KG384_01.jpg\" \/>\n\t<meta property=\"og:image:width\" content=\"800\" \/>\n\t<meta property=\"og:image:height\" content=\"800\" \/>\n\t<meta property=\"og:image:type\" content=\"image\/jpeg\" \/>\n<meta name=\"twitter:card\" content=\"summary_large_image\" \/>\n<meta name=\"twitter:label1\" content=\"Gesch\u00e4tzte Lesezeit\" \/>\n\t<meta name=\"twitter:data1\" content=\"1\u00a0Minute\" \/>\n<script type=\"application\/ld+json\" class=\"yoast-schema-graph\">{\"@context\":\"https:\\\/\\\/schema.org\",\"@graph\":[{\"@type\":\"WebPage\",\"@id\":\"https:\\\/\\\/trendsandvision.nl\\\/de\\\/product\\\/esschert-design-murmeln-25-stueck\\\/\",\"url\":\"https:\\\/\\\/trendsandvision.nl\\\/de\\\/product\\\/esschert-design-murmeln-25-stueck\\\/\",\"name\":\"Esschert Design Murmeln 25 St\u00fcck (KG384 EAN 8714982293375)\",\"isPartOf\":{\"@id\":\"https:\\\/\\\/trendsandvision.nl\\\/de\\\/#website\"},\"primaryImageOfPage\":{\"@id\":\"https:\\\/\\\/trendsandvision.nl\\\/de\\\/product\\\/esschert-design-murmeln-25-stueck\\\/#primaryimage\"},\"image\":{\"@id\":\"https:\\\/\\\/trendsandvision.nl\\\/de\\\/product\\\/esschert-design-murmeln-25-stueck\\\/#primaryimage\"},\"thumbnailUrl\":\"https:\\\/\\\/trendsandvision.nl\\\/de\\\/wp-content\\\/uploads\\\/sites\\\/3\\\/2025\\\/12\\\/KG384_01.jpg\",\"datePublished\":\"2025-12-29T22:35:34+00:00\",\"dateModified\":\"2026-04-10T14:38:28+00:00\",\"description\":\"Esschert Design Murmeln 25 St\u00fcck (KG384) B 10 X T 3,8 X H 11,5 cm, Barcode 8714982293375, Gewicht 0,149 kg, F\u00f6rdert Konzentration\",\"breadcrumb\":{\"@id\":\"https:\\\/\\\/trendsandvision.nl\\\/de\\\/product\\\/esschert-design-murmeln-25-stueck\\\/#breadcrumb\"},\"inLanguage\":\"de\",\"potentialAction\":[{\"@type\":\"ReadAction\",\"target\":[\"https:\\\/\\\/trendsandvision.nl\\\/de\\\/product\\\/esschert-design-murmeln-25-stueck\\\/\"]}]},{\"@type\":\"ImageObject\",\"inLanguage\":\"de\",\"@id\":\"https:\\\/\\\/trendsandvision.nl\\\/de\\\/product\\\/esschert-design-murmeln-25-stueck\\\/#primaryimage\",\"url\":\"https:\\\/\\\/trendsandvision.nl\\\/de\\\/wp-content\\\/uploads\\\/sites\\\/3\\\/2025\\\/12\\\/KG384_01.jpg\",\"contentUrl\":\"https:\\\/\\\/trendsandvision.nl\\\/de\\\/wp-content\\\/uploads\\\/sites\\\/3\\\/2025\\\/12\\\/KG384_01.jpg\",\"width\":800,\"height\":800,\"caption\":\"Esschert Design Murmeln 25 St\u00fcck (KG384) B 10 X T 3,8 X H 11,5 cm, Barcode 8714982293375, Gewicht 0,149 kg, F\u00f6rdert Konzentration\"},{\"@type\":\"BreadcrumbList\",\"@id\":\"https:\\\/\\\/trendsandvision.nl\\\/de\\\/product\\\/esschert-design-murmeln-25-stueck\\\/#breadcrumb\",\"itemListElement\":[{\"@type\":\"ListItem\",\"position\":1,\"name\":\"Home\",\"item\":\"https:\\\/\\\/trendsandvision.nl\\\/de\\\/\"},{\"@type\":\"ListItem\",\"position\":2,\"name\":\"Gesch\u00e4ft\",\"item\":\"https:\\\/\\\/trendsandvision.nl\\\/de\\\/geschaft\\\/\"},{\"@type\":\"ListItem\",\"position\":3,\"name\":\"Esschert Design Murmeln 25 St\u00fcck\"}]},{\"@type\":\"WebSite\",\"@id\":\"https:\\\/\\\/trendsandvision.nl\\\/de\\\/#website\",\"url\":\"https:\\\/\\\/trendsandvision.nl\\\/de\\\/\",\"name\":\"Trends &amp; Vision (DE)\",\"description\":\"Der Webshop f\u00fcr Esschert Design Artikel\",\"publisher\":{\"@id\":\"https:\\\/\\\/trendsandvision.nl\\\/de\\\/#organization\"},\"potentialAction\":[{\"@type\":\"SearchAction\",\"target\":{\"@type\":\"EntryPoint\",\"urlTemplate\":\"https:\\\/\\\/trendsandvision.nl\\\/de\\\/?s={search_term_string}\"},\"query-input\":{\"@type\":\"PropertyValueSpecification\",\"valueRequired\":true,\"valueName\":\"search_term_string\"}}],\"inLanguage\":\"de\"},{\"@type\":\"Organization\",\"@id\":\"https:\\\/\\\/trendsandvision.nl\\\/de\\\/#organization\",\"name\":\"Trends &amp; Vision (DE)\",\"url\":\"https:\\\/\\\/trendsandvision.nl\\\/de\\\/\",\"logo\":{\"@type\":\"ImageObject\",\"inLanguage\":\"de\",\"@id\":\"https:\\\/\\\/trendsandvision.nl\\\/de\\\/#\\\/schema\\\/logo\\\/image\\\/\",\"url\":\"https:\\\/\\\/trendsandvision.nl\\\/de\\\/wp-content\\\/uploads\\\/sites\\\/3\\\/2022\\\/04\\\/trends-and-vision-logo.jpg\",\"contentUrl\":\"https:\\\/\\\/trendsandvision.nl\\\/de\\\/wp-content\\\/uploads\\\/sites\\\/3\\\/2022\\\/04\\\/trends-and-vision-logo.jpg\",\"width\":213,\"height\":100,\"caption\":\"Trends &amp; Vision (DE)\"},\"image\":{\"@id\":\"https:\\\/\\\/trendsandvision.nl\\\/de\\\/#\\\/schema\\\/logo\\\/image\\\/\"}}]}<\/script>\n<!-- \/ Yoast SEO Premium plugin. -->","yoast_head_json":{"title":"Esschert Design Murmeln 25 St\u00fcck (KG384 EAN 8714982293375)","description":"Esschert Design Murmeln 25 St\u00fcck (KG384) B 10 X T 3,8 X H 11,5 cm, Barcode 8714982293375, Gewicht 0,149 kg, F\u00f6rdert Konzentration","robots":{"index":"index","follow":"follow","max-snippet":"max-snippet:-1","max-image-preview":"max-image-preview:large","max-video-preview":"max-video-preview:-1"},"canonical":"https:\/\/trendsandvision.nl\/de\/product\/esschert-design-murmeln-25-stueck\/","og_locale":"de_DE","og_type":"article","og_title":"Esschert Design Murmeln 25 St\u00fcck","og_description":"Esschert Design Murmeln 25 St\u00fcck (KG384) B 10 X T 3,8 X H 11,5 cm, Barcode 8714982293375, Gewicht 0,149 kg, F\u00f6rdert Konzentration","og_url":"https:\/\/trendsandvision.nl\/de\/product\/esschert-design-murmeln-25-stueck\/","og_site_name":"Trends &amp; Vision (DE)","article_modified_time":"2026-04-10T14:38:28+00:00","og_image":[{"width":800,"height":800,"url":"https:\/\/trendsandvision.nl\/de\/wp-content\/uploads\/sites\/3\/2025\/12\/KG384_01.jpg","type":"image\/jpeg"}],"twitter_card":"summary_large_image","twitter_misc":{"Gesch\u00e4tzte Lesezeit":"1\u00a0Minute"},"schema":{"@context":"https:\/\/schema.org","@graph":[{"@type":"WebPage","@id":"https:\/\/trendsandvision.nl\/de\/product\/esschert-design-murmeln-25-stueck\/","url":"https:\/\/trendsandvision.nl\/de\/product\/esschert-design-murmeln-25-stueck\/","name":"Esschert Design Murmeln 25 St\u00fcck (KG384 EAN 8714982293375)","isPartOf":{"@id":"https:\/\/trendsandvision.nl\/de\/#website"},"primaryImageOfPage":{"@id":"https:\/\/trendsandvision.nl\/de\/product\/esschert-design-murmeln-25-stueck\/#primaryimage"},"image":{"@id":"https:\/\/trendsandvision.nl\/de\/product\/esschert-design-murmeln-25-stueck\/#primaryimage"},"thumbnailUrl":"https:\/\/trendsandvision.nl\/de\/wp-content\/uploads\/sites\/3\/2025\/12\/KG384_01.jpg","datePublished":"2025-12-29T22:35:34+00:00","dateModified":"2026-04-10T14:38:28+00:00","description":"Esschert Design Murmeln 25 St\u00fcck (KG384) B 10 X T 3,8 X H 11,5 cm, Barcode 8714982293375, Gewicht 0,149 kg, F\u00f6rdert Konzentration","breadcrumb":{"@id":"https:\/\/trendsandvision.nl\/de\/product\/esschert-design-murmeln-25-stueck\/#breadcrumb"},"inLanguage":"de","potentialAction":[{"@type":"ReadAction","target":["https:\/\/trendsandvision.nl\/de\/product\/esschert-design-murmeln-25-stueck\/"]}]},{"@type":"ImageObject","inLanguage":"de","@id":"https:\/\/trendsandvision.nl\/de\/product\/esschert-design-murmeln-25-stueck\/#primaryimage","url":"https:\/\/trendsandvision.nl\/de\/wp-content\/uploads\/sites\/3\/2025\/12\/KG384_01.jpg","contentUrl":"https:\/\/trendsandvision.nl\/de\/wp-content\/uploads\/sites\/3\/2025\/12\/KG384_01.jpg","width":800,"height":800,"caption":"Esschert Design Murmeln 25 St\u00fcck (KG384) B 10 X T 3,8 X H 11,5 cm, Barcode 8714982293375, Gewicht 0,149 kg, F\u00f6rdert Konzentration"},{"@type":"BreadcrumbList","@id":"https:\/\/trendsandvision.nl\/de\/product\/esschert-design-murmeln-25-stueck\/#breadcrumb","itemListElement":[{"@type":"ListItem","position":1,"name":"Home","item":"https:\/\/trendsandvision.nl\/de\/"},{"@type":"ListItem","position":2,"name":"Gesch\u00e4ft","item":"https:\/\/trendsandvision.nl\/de\/geschaft\/"},{"@type":"ListItem","position":3,"name":"Esschert Design Murmeln 25 St\u00fcck"}]},{"@type":"WebSite","@id":"https:\/\/trendsandvision.nl\/de\/#website","url":"https:\/\/trendsandvision.nl\/de\/","name":"Trends &amp; Vision (DE)","description":"Der Webshop f\u00fcr Esschert Design Artikel","publisher":{"@id":"https:\/\/trendsandvision.nl\/de\/#organization"},"potentialAction":[{"@type":"SearchAction","target":{"@type":"EntryPoint","urlTemplate":"https:\/\/trendsandvision.nl\/de\/?s={search_term_string}"},"query-input":{"@type":"PropertyValueSpecification","valueRequired":true,"valueName":"search_term_string"}}],"inLanguage":"de"},{"@type":"Organization","@id":"https:\/\/trendsandvision.nl\/de\/#organization","name":"Trends &amp; Vision (DE)","url":"https:\/\/trendsandvision.nl\/de\/","logo":{"@type":"ImageObject","inLanguage":"de","@id":"https:\/\/trendsandvision.nl\/de\/#\/schema\/logo\/image\/","url":"https:\/\/trendsandvision.nl\/de\/wp-content\/uploads\/sites\/3\/2022\/04\/trends-and-vision-logo.jpg","contentUrl":"https:\/\/trendsandvision.nl\/de\/wp-content\/uploads\/sites\/3\/2022\/04\/trends-and-vision-logo.jpg","width":213,"height":100,"caption":"Trends &amp; Vision (DE)"},"image":{"@id":"https:\/\/trendsandvision.nl\/de\/#\/schema\/logo\/image\/"}}]}},"_links":{"self":[{"href":"https:\/\/trendsandvision.nl\/de\/wp-json\/wp\/v2\/product\/23954","targetHints":{"allow":["GET"]}}],"collection":[{"href":"https:\/\/trendsandvision.nl\/de\/wp-json\/wp\/v2\/product"}],"about":[{"href":"https:\/\/trendsandvision.nl\/de\/wp-json\/wp\/v2\/types\/product"}],"wp:featuredmedia":[{"embeddable":true,"href":"https:\/\/trendsandvision.nl\/de\/wp-json\/wp\/v2\/media\/23955"}],"wp:attachment":[{"href":"https:\/\/trendsandvision.nl\/de\/wp-json\/wp\/v2\/media?parent=23954"}],"wp:term":[{"taxonomy":"product_brand","embeddable":true,"href":"https:\/\/trendsandvision.nl\/de\/wp-json\/wp\/v2\/product_brand?post=23954"},{"taxonomy":"product_cat","embeddable":true,"href":"https:\/\/trendsandvision.nl\/de\/wp-json\/wp\/v2\/product_cat?post=23954"},{"taxonomy":"product_tag","embeddable":true,"href":"https:\/\/trendsandvision.nl\/de\/wp-json\/wp\/v2\/product_tag?post=23954"}],"curies":[{"name":"wp","href":"https:\/\/api.w.org\/{rel}","templated":true}]}}