{"id":23935,"date":"2025-12-29T23:34:41","date_gmt":"2025-12-29T22:34:41","guid":{"rendered":"https:\/\/trendsandvision.nl\/de\/product\/esschert-design-holz-wurzelbetrachter-pflanzkasten\/"},"modified":"2026-04-07T10:39:06","modified_gmt":"2026-04-07T08:39:06","slug":"esschert-design-holz-wurzelbetrachter-pflanzkasten","status":"publish","type":"product","link":"https:\/\/trendsandvision.nl\/de\/product\/esschert-design-holz-wurzelbetrachter-pflanzkasten\/","title":{"rendered":"Esschert Design Holz- Wurzelbetrachter Pflanzkasten"},"content":{"rendered":"<p>Diese h\u00f6lzerne Wurzelbeobachtungskiste erm\u00f6glicht es Kindern, das faszinierende Wachstum von Wurzeln hautnah zu erleben. Das stabile Holzgeh\u00e4use sch\u00fctzt die Wurzeln vor Licht und sorgt f\u00fcr optimale Wachstumsbedingungen. Der transparente Einsatz l\u00e4sst sich herausnehmen, um das Wurzelwachstum genau zu beobachten.<\/p>\n<p>Artikelname Holz- Wurzelbetrachter <strong><a href=\"https:\/\/trendsandvision.nl\/de\/?s=Pflanzkasten&amp;post_type=product&amp;dgwt_wcas=1\">Pflanzkasten<\/a><\/strong><br \/>\nArtikelnummer KG372<br \/>\nProduktgr\u00f6\u00dfen in cm B 22,8 X T 6 X H 13,7<br \/>\nBarcode 8714982293252<br \/>\nMaterial Kieferholz<br \/>\nNettogewicht 0,367 kg<br \/>\nProduzent: <a href=\"https:\/\/www.esschertdesign.com\/shop\/de\/houten-wortel-kijk-kweek-bak-kg372\" target=\"_blank\">Esschert Design<\/a><\/p>\n","protected":false},"excerpt":{"rendered":"<p>Robustes Holzgeh\u00e4use, um die Wurzeln im Dunkeln zu halten<br \/>\nHerausnehmbare transparente Schale<br \/>\nL\u00e4sst Kinder wachsende Wurzeln entdecken<br \/>\nB 22,8 X T 6 X H 13,7 cm<br \/>\nBarcode 8714982293252<br \/>\nMaterial Kieferholz<br \/>\nNettogewicht 0,367 kg<\/p>\n","protected":false},"featured_media":23936,"template":"","meta":[],"product_brand":[9597,9870],"product_cat":[3056],"product_tag":[],"class_list":{"0":"post-23935","1":"product","2":"type-product","3":"status-publish","4":"has-post-thumbnail","6":"product_brand-esschert-design","7":"product_brand-trends-vision","8":"product_cat-kids-in-the-garden","9":"pa_anbieter-esschert-design","10":"pa_ean-code-10926","12":"first","13":"instock","14":"sale","15":"taxable","16":"shipping-taxable","17":"purchasable","18":"product-type-simple","19":"czr-hentry"},"yoast_head":"<!-- This site is optimized with the Yoast SEO Premium plugin v26.4 (Yoast SEO v27.4) - https:\/\/yoast.com\/product\/yoast-seo-premium-wordpress\/ -->\n<title>Esschert Design Holz- Wurzelbetrachter Pflanzkasten (KG372)<\/title>\n<meta name=\"description\" content=\"Esschert Design Holz- Wurzelbetrachter Pflanzkasten (KG372) B 22,8 X T 6 X H 13,7 cm, EAN 8714982293252, Material Kieferholz, Nettogewicht 0,367 kg\" \/>\n<meta name=\"robots\" content=\"index, follow, max-snippet:-1, max-image-preview:large, max-video-preview:-1\" \/>\n<link rel=\"canonical\" href=\"https:\/\/trendsandvision.nl\/de\/product\/esschert-design-holz-wurzelbetrachter-pflanzkasten\/\" \/>\n<meta property=\"og:locale\" content=\"de_DE\" \/>\n<meta property=\"og:type\" content=\"article\" \/>\n<meta property=\"og:title\" content=\"Esschert Design Holz- Wurzelbetrachter Pflanzkasten\" \/>\n<meta property=\"og:description\" content=\"Esschert Design Holz- Wurzelbetrachter Pflanzkasten (KG372) B 22,8 X T 6 X H 13,7 cm, EAN 8714982293252, Material Kieferholz, Nettogewicht 0,367 kg\" \/>\n<meta property=\"og:url\" content=\"https:\/\/trendsandvision.nl\/de\/product\/esschert-design-holz-wurzelbetrachter-pflanzkasten\/\" \/>\n<meta property=\"og:site_name\" content=\"Trends &amp; Vision (DE)\" \/>\n<meta property=\"article:modified_time\" content=\"2026-04-07T08:39:06+00:00\" \/>\n<meta property=\"og:image\" content=\"https:\/\/trendsandvision.nl\/de\/wp-content\/uploads\/sites\/3\/2025\/12\/KG372_01.jpg\" \/>\n\t<meta property=\"og:image:width\" content=\"800\" \/>\n\t<meta property=\"og:image:height\" content=\"800\" \/>\n\t<meta property=\"og:image:type\" content=\"image\/jpeg\" \/>\n<meta name=\"twitter:card\" content=\"summary_large_image\" \/>\n<meta name=\"twitter:label1\" content=\"Gesch\u00e4tzte Lesezeit\" \/>\n\t<meta name=\"twitter:data1\" content=\"1\u00a0Minute\" \/>\n<script type=\"application\/ld+json\" class=\"yoast-schema-graph\">{\"@context\":\"https:\\\/\\\/schema.org\",\"@graph\":[{\"@type\":\"WebPage\",\"@id\":\"https:\\\/\\\/trendsandvision.nl\\\/de\\\/product\\\/esschert-design-holz-wurzelbetrachter-pflanzkasten\\\/\",\"url\":\"https:\\\/\\\/trendsandvision.nl\\\/de\\\/product\\\/esschert-design-holz-wurzelbetrachter-pflanzkasten\\\/\",\"name\":\"Esschert Design Holz- Wurzelbetrachter Pflanzkasten (KG372)\",\"isPartOf\":{\"@id\":\"https:\\\/\\\/trendsandvision.nl\\\/de\\\/#website\"},\"primaryImageOfPage\":{\"@id\":\"https:\\\/\\\/trendsandvision.nl\\\/de\\\/product\\\/esschert-design-holz-wurzelbetrachter-pflanzkasten\\\/#primaryimage\"},\"image\":{\"@id\":\"https:\\\/\\\/trendsandvision.nl\\\/de\\\/product\\\/esschert-design-holz-wurzelbetrachter-pflanzkasten\\\/#primaryimage\"},\"thumbnailUrl\":\"https:\\\/\\\/trendsandvision.nl\\\/de\\\/wp-content\\\/uploads\\\/sites\\\/3\\\/2025\\\/12\\\/KG372_01.jpg\",\"datePublished\":\"2025-12-29T22:34:41+00:00\",\"dateModified\":\"2026-04-07T08:39:06+00:00\",\"description\":\"Esschert Design Holz- Wurzelbetrachter Pflanzkasten (KG372) B 22,8 X T 6 X H 13,7 cm, EAN 8714982293252, Material Kieferholz, Nettogewicht 0,367 kg\",\"breadcrumb\":{\"@id\":\"https:\\\/\\\/trendsandvision.nl\\\/de\\\/product\\\/esschert-design-holz-wurzelbetrachter-pflanzkasten\\\/#breadcrumb\"},\"inLanguage\":\"de\",\"potentialAction\":[{\"@type\":\"ReadAction\",\"target\":[\"https:\\\/\\\/trendsandvision.nl\\\/de\\\/product\\\/esschert-design-holz-wurzelbetrachter-pflanzkasten\\\/\"]}]},{\"@type\":\"ImageObject\",\"inLanguage\":\"de\",\"@id\":\"https:\\\/\\\/trendsandvision.nl\\\/de\\\/product\\\/esschert-design-holz-wurzelbetrachter-pflanzkasten\\\/#primaryimage\",\"url\":\"https:\\\/\\\/trendsandvision.nl\\\/de\\\/wp-content\\\/uploads\\\/sites\\\/3\\\/2025\\\/12\\\/KG372_01.jpg\",\"contentUrl\":\"https:\\\/\\\/trendsandvision.nl\\\/de\\\/wp-content\\\/uploads\\\/sites\\\/3\\\/2025\\\/12\\\/KG372_01.jpg\",\"width\":800,\"height\":800,\"caption\":\"Esschert Design Holz- Wurzelbetrachter Pflanzkasten (KG372) B 22,8 X T 6 X H 13,7 cm, EAN 8714982293252, Material Kieferholz, Nettogewicht 0,367 kg\"},{\"@type\":\"BreadcrumbList\",\"@id\":\"https:\\\/\\\/trendsandvision.nl\\\/de\\\/product\\\/esschert-design-holz-wurzelbetrachter-pflanzkasten\\\/#breadcrumb\",\"itemListElement\":[{\"@type\":\"ListItem\",\"position\":1,\"name\":\"Home\",\"item\":\"https:\\\/\\\/trendsandvision.nl\\\/de\\\/\"},{\"@type\":\"ListItem\",\"position\":2,\"name\":\"Gesch\u00e4ft\",\"item\":\"https:\\\/\\\/trendsandvision.nl\\\/de\\\/geschaft\\\/\"},{\"@type\":\"ListItem\",\"position\":3,\"name\":\"Esschert Design Holz- Wurzelbetrachter Pflanzkasten\"}]},{\"@type\":\"WebSite\",\"@id\":\"https:\\\/\\\/trendsandvision.nl\\\/de\\\/#website\",\"url\":\"https:\\\/\\\/trendsandvision.nl\\\/de\\\/\",\"name\":\"Trends &amp; Vision (DE)\",\"description\":\"Der Webshop f\u00fcr Esschert Design Artikel\",\"publisher\":{\"@id\":\"https:\\\/\\\/trendsandvision.nl\\\/de\\\/#organization\"},\"potentialAction\":[{\"@type\":\"SearchAction\",\"target\":{\"@type\":\"EntryPoint\",\"urlTemplate\":\"https:\\\/\\\/trendsandvision.nl\\\/de\\\/?s={search_term_string}\"},\"query-input\":{\"@type\":\"PropertyValueSpecification\",\"valueRequired\":true,\"valueName\":\"search_term_string\"}}],\"inLanguage\":\"de\"},{\"@type\":\"Organization\",\"@id\":\"https:\\\/\\\/trendsandvision.nl\\\/de\\\/#organization\",\"name\":\"Trends &amp; Vision (DE)\",\"url\":\"https:\\\/\\\/trendsandvision.nl\\\/de\\\/\",\"logo\":{\"@type\":\"ImageObject\",\"inLanguage\":\"de\",\"@id\":\"https:\\\/\\\/trendsandvision.nl\\\/de\\\/#\\\/schema\\\/logo\\\/image\\\/\",\"url\":\"https:\\\/\\\/trendsandvision.nl\\\/de\\\/wp-content\\\/uploads\\\/sites\\\/3\\\/2022\\\/04\\\/trends-and-vision-logo.jpg\",\"contentUrl\":\"https:\\\/\\\/trendsandvision.nl\\\/de\\\/wp-content\\\/uploads\\\/sites\\\/3\\\/2022\\\/04\\\/trends-and-vision-logo.jpg\",\"width\":213,\"height\":100,\"caption\":\"Trends &amp; Vision (DE)\"},\"image\":{\"@id\":\"https:\\\/\\\/trendsandvision.nl\\\/de\\\/#\\\/schema\\\/logo\\\/image\\\/\"}}]}<\/script>\n<!-- \/ Yoast SEO Premium plugin. -->","yoast_head_json":{"title":"Esschert Design Holz- Wurzelbetrachter Pflanzkasten (KG372)","description":"Esschert Design Holz- Wurzelbetrachter Pflanzkasten (KG372) B 22,8 X T 6 X H 13,7 cm, EAN 8714982293252, Material Kieferholz, Nettogewicht 0,367 kg","robots":{"index":"index","follow":"follow","max-snippet":"max-snippet:-1","max-image-preview":"max-image-preview:large","max-video-preview":"max-video-preview:-1"},"canonical":"https:\/\/trendsandvision.nl\/de\/product\/esschert-design-holz-wurzelbetrachter-pflanzkasten\/","og_locale":"de_DE","og_type":"article","og_title":"Esschert Design Holz- Wurzelbetrachter Pflanzkasten","og_description":"Esschert Design Holz- Wurzelbetrachter Pflanzkasten (KG372) B 22,8 X T 6 X H 13,7 cm, EAN 8714982293252, Material Kieferholz, Nettogewicht 0,367 kg","og_url":"https:\/\/trendsandvision.nl\/de\/product\/esschert-design-holz-wurzelbetrachter-pflanzkasten\/","og_site_name":"Trends &amp; Vision (DE)","article_modified_time":"2026-04-07T08:39:06+00:00","og_image":[{"width":800,"height":800,"url":"https:\/\/trendsandvision.nl\/de\/wp-content\/uploads\/sites\/3\/2025\/12\/KG372_01.jpg","type":"image\/jpeg"}],"twitter_card":"summary_large_image","twitter_misc":{"Gesch\u00e4tzte Lesezeit":"1\u00a0Minute"},"schema":{"@context":"https:\/\/schema.org","@graph":[{"@type":"WebPage","@id":"https:\/\/trendsandvision.nl\/de\/product\/esschert-design-holz-wurzelbetrachter-pflanzkasten\/","url":"https:\/\/trendsandvision.nl\/de\/product\/esschert-design-holz-wurzelbetrachter-pflanzkasten\/","name":"Esschert Design Holz- Wurzelbetrachter Pflanzkasten (KG372)","isPartOf":{"@id":"https:\/\/trendsandvision.nl\/de\/#website"},"primaryImageOfPage":{"@id":"https:\/\/trendsandvision.nl\/de\/product\/esschert-design-holz-wurzelbetrachter-pflanzkasten\/#primaryimage"},"image":{"@id":"https:\/\/trendsandvision.nl\/de\/product\/esschert-design-holz-wurzelbetrachter-pflanzkasten\/#primaryimage"},"thumbnailUrl":"https:\/\/trendsandvision.nl\/de\/wp-content\/uploads\/sites\/3\/2025\/12\/KG372_01.jpg","datePublished":"2025-12-29T22:34:41+00:00","dateModified":"2026-04-07T08:39:06+00:00","description":"Esschert Design Holz- Wurzelbetrachter Pflanzkasten (KG372) B 22,8 X T 6 X H 13,7 cm, EAN 8714982293252, Material Kieferholz, Nettogewicht 0,367 kg","breadcrumb":{"@id":"https:\/\/trendsandvision.nl\/de\/product\/esschert-design-holz-wurzelbetrachter-pflanzkasten\/#breadcrumb"},"inLanguage":"de","potentialAction":[{"@type":"ReadAction","target":["https:\/\/trendsandvision.nl\/de\/product\/esschert-design-holz-wurzelbetrachter-pflanzkasten\/"]}]},{"@type":"ImageObject","inLanguage":"de","@id":"https:\/\/trendsandvision.nl\/de\/product\/esschert-design-holz-wurzelbetrachter-pflanzkasten\/#primaryimage","url":"https:\/\/trendsandvision.nl\/de\/wp-content\/uploads\/sites\/3\/2025\/12\/KG372_01.jpg","contentUrl":"https:\/\/trendsandvision.nl\/de\/wp-content\/uploads\/sites\/3\/2025\/12\/KG372_01.jpg","width":800,"height":800,"caption":"Esschert Design Holz- Wurzelbetrachter Pflanzkasten (KG372) B 22,8 X T 6 X H 13,7 cm, EAN 8714982293252, Material Kieferholz, Nettogewicht 0,367 kg"},{"@type":"BreadcrumbList","@id":"https:\/\/trendsandvision.nl\/de\/product\/esschert-design-holz-wurzelbetrachter-pflanzkasten\/#breadcrumb","itemListElement":[{"@type":"ListItem","position":1,"name":"Home","item":"https:\/\/trendsandvision.nl\/de\/"},{"@type":"ListItem","position":2,"name":"Gesch\u00e4ft","item":"https:\/\/trendsandvision.nl\/de\/geschaft\/"},{"@type":"ListItem","position":3,"name":"Esschert Design Holz- Wurzelbetrachter Pflanzkasten"}]},{"@type":"WebSite","@id":"https:\/\/trendsandvision.nl\/de\/#website","url":"https:\/\/trendsandvision.nl\/de\/","name":"Trends &amp; Vision (DE)","description":"Der Webshop f\u00fcr Esschert Design Artikel","publisher":{"@id":"https:\/\/trendsandvision.nl\/de\/#organization"},"potentialAction":[{"@type":"SearchAction","target":{"@type":"EntryPoint","urlTemplate":"https:\/\/trendsandvision.nl\/de\/?s={search_term_string}"},"query-input":{"@type":"PropertyValueSpecification","valueRequired":true,"valueName":"search_term_string"}}],"inLanguage":"de"},{"@type":"Organization","@id":"https:\/\/trendsandvision.nl\/de\/#organization","name":"Trends &amp; Vision (DE)","url":"https:\/\/trendsandvision.nl\/de\/","logo":{"@type":"ImageObject","inLanguage":"de","@id":"https:\/\/trendsandvision.nl\/de\/#\/schema\/logo\/image\/","url":"https:\/\/trendsandvision.nl\/de\/wp-content\/uploads\/sites\/3\/2022\/04\/trends-and-vision-logo.jpg","contentUrl":"https:\/\/trendsandvision.nl\/de\/wp-content\/uploads\/sites\/3\/2022\/04\/trends-and-vision-logo.jpg","width":213,"height":100,"caption":"Trends &amp; Vision (DE)"},"image":{"@id":"https:\/\/trendsandvision.nl\/de\/#\/schema\/logo\/image\/"}}]}},"_links":{"self":[{"href":"https:\/\/trendsandvision.nl\/de\/wp-json\/wp\/v2\/product\/23935","targetHints":{"allow":["GET"]}}],"collection":[{"href":"https:\/\/trendsandvision.nl\/de\/wp-json\/wp\/v2\/product"}],"about":[{"href":"https:\/\/trendsandvision.nl\/de\/wp-json\/wp\/v2\/types\/product"}],"wp:featuredmedia":[{"embeddable":true,"href":"https:\/\/trendsandvision.nl\/de\/wp-json\/wp\/v2\/media\/23936"}],"wp:attachment":[{"href":"https:\/\/trendsandvision.nl\/de\/wp-json\/wp\/v2\/media?parent=23935"}],"wp:term":[{"taxonomy":"product_brand","embeddable":true,"href":"https:\/\/trendsandvision.nl\/de\/wp-json\/wp\/v2\/product_brand?post=23935"},{"taxonomy":"product_cat","embeddable":true,"href":"https:\/\/trendsandvision.nl\/de\/wp-json\/wp\/v2\/product_cat?post=23935"},{"taxonomy":"product_tag","embeddable":true,"href":"https:\/\/trendsandvision.nl\/de\/wp-json\/wp\/v2\/product_tag?post=23935"}],"curies":[{"name":"wp","href":"https:\/\/api.w.org\/{rel}","templated":true}]}}