{"id":23923,"date":"2025-12-29T23:34:41","date_gmt":"2025-12-29T22:34:41","guid":{"rendered":"https:\/\/trendsandvision.nl\/de\/product\/esschert-design-entdeckerrahmen-wildblumen\/"},"modified":"2026-04-07T10:39:04","modified_gmt":"2026-04-07T08:39:04","slug":"esschert-design-entdeckerrahmen-wildblumen","status":"publish","type":"product","link":"https:\/\/trendsandvision.nl\/de\/product\/esschert-design-entdeckerrahmen-wildblumen\/","title":{"rendered":"Esschert Design Entdeckerrahmen Wildblumen"},"content":{"rendered":"<p>Dieser Holzrahmen mit Griff ist eine fantastische M\u00f6glichkeit f\u00fcr Kinder, die Welt zu entdecken. In der Mitte des Rahmens befindet sich eine Aussparung, durch die Kinder ihre Funde beim Spazierengehen beobachten k\u00f6nnen. Mit diesem Lernwerkzeug k\u00f6nnen Kinder ihre Entdeckungen leicht bestimmen und mehr \u00fcber die Natur erfahren. Der Griff sorgt f\u00fcr eine einfache Handhabung und ist kindgerecht gestaltet.<\/p>\n<p>Artikelname <strong><a href=\"https:\/\/trendsandvision.nl\/de\/?s=Entdeckerrahmen&amp;post_type=product&amp;dgwt_wcas=1\">Entdeckerrahmen<\/a><\/strong> Wildblumen<br \/>\nArtikelnummer KG368<br \/>\nProduktgr\u00f6\u00dfen in cm B 11.8 X T 1.2 X H 19.8<br \/>\nBarcode 8714982293214<br \/>\nMaterial 100% Kiefernholz<br \/>\nGewicht 0,074 kg<br \/>\nProduzent: <a href=\"https:\/\/www.esschertdesign.com\/shop\/de\/ontdekkerslijst-wilde-bloemen-kg368\" target=\"_blank\">Esschert Design<\/a><\/p>\n","protected":false},"excerpt":{"rendered":"<p>Beidseitig bedruckt<br \/>\nIn 7 Sprachen<br \/>\nKindgerecht<br \/>\nB 11.8 X T 1.2 X H 19.8 cm<br \/>\nBarcode 8714982293214<br \/>\nMaterial 100% Kiefernholz<br \/>\nGewicht 0,074 kg<\/p>\n","protected":false},"featured_media":23924,"template":"","meta":[],"product_brand":[9597,9870],"product_cat":[3056],"product_tag":[],"class_list":{"0":"post-23923","1":"product","2":"type-product","3":"status-publish","4":"has-post-thumbnail","6":"product_brand-esschert-design","7":"product_brand-trends-vision","8":"product_cat-kids-in-the-garden","9":"pa_anbieter-esschert-design","10":"pa_ean-code-10922","12":"first","13":"instock","14":"sale","15":"taxable","16":"shipping-taxable","17":"purchasable","18":"product-type-simple","19":"czr-hentry"},"yoast_head":"<!-- This site is optimized with the Yoast SEO Premium plugin v26.4 (Yoast SEO v27.4) - https:\/\/yoast.com\/product\/yoast-seo-premium-wordpress\/ -->\n<title>Esschert Design Entdeckerrahmen Wildblumen (KG368)<\/title>\n<meta name=\"description\" content=\"Esschert Design Entdeckerrahmen Wildblumen (KG368) B 11.8 X T 1.2 X H 19.8 cm, Barcode 8714982293214, Material 100% Kiefernholz, Gewicht 0,074 kg\" \/>\n<meta name=\"robots\" content=\"index, follow, max-snippet:-1, max-image-preview:large, max-video-preview:-1\" \/>\n<link rel=\"canonical\" href=\"https:\/\/trendsandvision.nl\/de\/product\/esschert-design-entdeckerrahmen-wildblumen\/\" \/>\n<meta property=\"og:locale\" content=\"de_DE\" \/>\n<meta property=\"og:type\" content=\"article\" \/>\n<meta property=\"og:title\" content=\"Esschert Design Entdeckerrahmen Wildblumen\" \/>\n<meta property=\"og:description\" content=\"Esschert Design Entdeckerrahmen Wildblumen (KG368) B 11.8 X T 1.2 X H 19.8 cm, Barcode 8714982293214, Material 100% Kiefernholz, Gewicht 0,074 kg\" \/>\n<meta property=\"og:url\" content=\"https:\/\/trendsandvision.nl\/de\/product\/esschert-design-entdeckerrahmen-wildblumen\/\" \/>\n<meta property=\"og:site_name\" content=\"Trends &amp; Vision (DE)\" \/>\n<meta property=\"article:modified_time\" content=\"2026-04-07T08:39:04+00:00\" \/>\n<meta property=\"og:image\" content=\"https:\/\/trendsandvision.nl\/de\/wp-content\/uploads\/sites\/3\/2025\/12\/KG368_01.jpg\" \/>\n\t<meta property=\"og:image:width\" content=\"800\" \/>\n\t<meta property=\"og:image:height\" content=\"800\" \/>\n\t<meta property=\"og:image:type\" content=\"image\/jpeg\" \/>\n<meta name=\"twitter:card\" content=\"summary_large_image\" \/>\n<meta name=\"twitter:label1\" content=\"Gesch\u00e4tzte Lesezeit\" \/>\n\t<meta name=\"twitter:data1\" content=\"1\u00a0Minute\" \/>\n<script type=\"application\/ld+json\" class=\"yoast-schema-graph\">{\"@context\":\"https:\\\/\\\/schema.org\",\"@graph\":[{\"@type\":\"WebPage\",\"@id\":\"https:\\\/\\\/trendsandvision.nl\\\/de\\\/product\\\/esschert-design-entdeckerrahmen-wildblumen\\\/\",\"url\":\"https:\\\/\\\/trendsandvision.nl\\\/de\\\/product\\\/esschert-design-entdeckerrahmen-wildblumen\\\/\",\"name\":\"Esschert Design Entdeckerrahmen Wildblumen (KG368)\",\"isPartOf\":{\"@id\":\"https:\\\/\\\/trendsandvision.nl\\\/de\\\/#website\"},\"primaryImageOfPage\":{\"@id\":\"https:\\\/\\\/trendsandvision.nl\\\/de\\\/product\\\/esschert-design-entdeckerrahmen-wildblumen\\\/#primaryimage\"},\"image\":{\"@id\":\"https:\\\/\\\/trendsandvision.nl\\\/de\\\/product\\\/esschert-design-entdeckerrahmen-wildblumen\\\/#primaryimage\"},\"thumbnailUrl\":\"https:\\\/\\\/trendsandvision.nl\\\/de\\\/wp-content\\\/uploads\\\/sites\\\/3\\\/2025\\\/12\\\/KG368_01.jpg\",\"datePublished\":\"2025-12-29T22:34:41+00:00\",\"dateModified\":\"2026-04-07T08:39:04+00:00\",\"description\":\"Esschert Design Entdeckerrahmen Wildblumen (KG368) B 11.8 X T 1.2 X H 19.8 cm, Barcode 8714982293214, Material 100% Kiefernholz, Gewicht 0,074 kg\",\"breadcrumb\":{\"@id\":\"https:\\\/\\\/trendsandvision.nl\\\/de\\\/product\\\/esschert-design-entdeckerrahmen-wildblumen\\\/#breadcrumb\"},\"inLanguage\":\"de\",\"potentialAction\":[{\"@type\":\"ReadAction\",\"target\":[\"https:\\\/\\\/trendsandvision.nl\\\/de\\\/product\\\/esschert-design-entdeckerrahmen-wildblumen\\\/\"]}]},{\"@type\":\"ImageObject\",\"inLanguage\":\"de\",\"@id\":\"https:\\\/\\\/trendsandvision.nl\\\/de\\\/product\\\/esschert-design-entdeckerrahmen-wildblumen\\\/#primaryimage\",\"url\":\"https:\\\/\\\/trendsandvision.nl\\\/de\\\/wp-content\\\/uploads\\\/sites\\\/3\\\/2025\\\/12\\\/KG368_01.jpg\",\"contentUrl\":\"https:\\\/\\\/trendsandvision.nl\\\/de\\\/wp-content\\\/uploads\\\/sites\\\/3\\\/2025\\\/12\\\/KG368_01.jpg\",\"width\":800,\"height\":800,\"caption\":\"Esschert Design Entdeckerrahmen Wildblumen (KG368) B 11.8 X T 1.2 X H 19.8 cm, Barcode 8714982293214, Material 100% Kiefernholz, Gewicht 0,074 kg\"},{\"@type\":\"BreadcrumbList\",\"@id\":\"https:\\\/\\\/trendsandvision.nl\\\/de\\\/product\\\/esschert-design-entdeckerrahmen-wildblumen\\\/#breadcrumb\",\"itemListElement\":[{\"@type\":\"ListItem\",\"position\":1,\"name\":\"Home\",\"item\":\"https:\\\/\\\/trendsandvision.nl\\\/de\\\/\"},{\"@type\":\"ListItem\",\"position\":2,\"name\":\"Gesch\u00e4ft\",\"item\":\"https:\\\/\\\/trendsandvision.nl\\\/de\\\/geschaft\\\/\"},{\"@type\":\"ListItem\",\"position\":3,\"name\":\"Esschert Design Entdeckerrahmen Wildblumen\"}]},{\"@type\":\"WebSite\",\"@id\":\"https:\\\/\\\/trendsandvision.nl\\\/de\\\/#website\",\"url\":\"https:\\\/\\\/trendsandvision.nl\\\/de\\\/\",\"name\":\"Trends &amp; Vision (DE)\",\"description\":\"Der Webshop f\u00fcr Esschert Design Artikel\",\"publisher\":{\"@id\":\"https:\\\/\\\/trendsandvision.nl\\\/de\\\/#organization\"},\"potentialAction\":[{\"@type\":\"SearchAction\",\"target\":{\"@type\":\"EntryPoint\",\"urlTemplate\":\"https:\\\/\\\/trendsandvision.nl\\\/de\\\/?s={search_term_string}\"},\"query-input\":{\"@type\":\"PropertyValueSpecification\",\"valueRequired\":true,\"valueName\":\"search_term_string\"}}],\"inLanguage\":\"de\"},{\"@type\":\"Organization\",\"@id\":\"https:\\\/\\\/trendsandvision.nl\\\/de\\\/#organization\",\"name\":\"Trends &amp; Vision (DE)\",\"url\":\"https:\\\/\\\/trendsandvision.nl\\\/de\\\/\",\"logo\":{\"@type\":\"ImageObject\",\"inLanguage\":\"de\",\"@id\":\"https:\\\/\\\/trendsandvision.nl\\\/de\\\/#\\\/schema\\\/logo\\\/image\\\/\",\"url\":\"https:\\\/\\\/trendsandvision.nl\\\/de\\\/wp-content\\\/uploads\\\/sites\\\/3\\\/2022\\\/04\\\/trends-and-vision-logo.jpg\",\"contentUrl\":\"https:\\\/\\\/trendsandvision.nl\\\/de\\\/wp-content\\\/uploads\\\/sites\\\/3\\\/2022\\\/04\\\/trends-and-vision-logo.jpg\",\"width\":213,\"height\":100,\"caption\":\"Trends &amp; Vision (DE)\"},\"image\":{\"@id\":\"https:\\\/\\\/trendsandvision.nl\\\/de\\\/#\\\/schema\\\/logo\\\/image\\\/\"}}]}<\/script>\n<!-- \/ Yoast SEO Premium plugin. -->","yoast_head_json":{"title":"Esschert Design Entdeckerrahmen Wildblumen (KG368)","description":"Esschert Design Entdeckerrahmen Wildblumen (KG368) B 11.8 X T 1.2 X H 19.8 cm, Barcode 8714982293214, Material 100% Kiefernholz, Gewicht 0,074 kg","robots":{"index":"index","follow":"follow","max-snippet":"max-snippet:-1","max-image-preview":"max-image-preview:large","max-video-preview":"max-video-preview:-1"},"canonical":"https:\/\/trendsandvision.nl\/de\/product\/esschert-design-entdeckerrahmen-wildblumen\/","og_locale":"de_DE","og_type":"article","og_title":"Esschert Design Entdeckerrahmen Wildblumen","og_description":"Esschert Design Entdeckerrahmen Wildblumen (KG368) B 11.8 X T 1.2 X H 19.8 cm, Barcode 8714982293214, Material 100% Kiefernholz, Gewicht 0,074 kg","og_url":"https:\/\/trendsandvision.nl\/de\/product\/esschert-design-entdeckerrahmen-wildblumen\/","og_site_name":"Trends &amp; Vision (DE)","article_modified_time":"2026-04-07T08:39:04+00:00","og_image":[{"width":800,"height":800,"url":"https:\/\/trendsandvision.nl\/de\/wp-content\/uploads\/sites\/3\/2025\/12\/KG368_01.jpg","type":"image\/jpeg"}],"twitter_card":"summary_large_image","twitter_misc":{"Gesch\u00e4tzte Lesezeit":"1\u00a0Minute"},"schema":{"@context":"https:\/\/schema.org","@graph":[{"@type":"WebPage","@id":"https:\/\/trendsandvision.nl\/de\/product\/esschert-design-entdeckerrahmen-wildblumen\/","url":"https:\/\/trendsandvision.nl\/de\/product\/esschert-design-entdeckerrahmen-wildblumen\/","name":"Esschert Design Entdeckerrahmen Wildblumen (KG368)","isPartOf":{"@id":"https:\/\/trendsandvision.nl\/de\/#website"},"primaryImageOfPage":{"@id":"https:\/\/trendsandvision.nl\/de\/product\/esschert-design-entdeckerrahmen-wildblumen\/#primaryimage"},"image":{"@id":"https:\/\/trendsandvision.nl\/de\/product\/esschert-design-entdeckerrahmen-wildblumen\/#primaryimage"},"thumbnailUrl":"https:\/\/trendsandvision.nl\/de\/wp-content\/uploads\/sites\/3\/2025\/12\/KG368_01.jpg","datePublished":"2025-12-29T22:34:41+00:00","dateModified":"2026-04-07T08:39:04+00:00","description":"Esschert Design Entdeckerrahmen Wildblumen (KG368) B 11.8 X T 1.2 X H 19.8 cm, Barcode 8714982293214, Material 100% Kiefernholz, Gewicht 0,074 kg","breadcrumb":{"@id":"https:\/\/trendsandvision.nl\/de\/product\/esschert-design-entdeckerrahmen-wildblumen\/#breadcrumb"},"inLanguage":"de","potentialAction":[{"@type":"ReadAction","target":["https:\/\/trendsandvision.nl\/de\/product\/esschert-design-entdeckerrahmen-wildblumen\/"]}]},{"@type":"ImageObject","inLanguage":"de","@id":"https:\/\/trendsandvision.nl\/de\/product\/esschert-design-entdeckerrahmen-wildblumen\/#primaryimage","url":"https:\/\/trendsandvision.nl\/de\/wp-content\/uploads\/sites\/3\/2025\/12\/KG368_01.jpg","contentUrl":"https:\/\/trendsandvision.nl\/de\/wp-content\/uploads\/sites\/3\/2025\/12\/KG368_01.jpg","width":800,"height":800,"caption":"Esschert Design Entdeckerrahmen Wildblumen (KG368) B 11.8 X T 1.2 X H 19.8 cm, Barcode 8714982293214, Material 100% Kiefernholz, Gewicht 0,074 kg"},{"@type":"BreadcrumbList","@id":"https:\/\/trendsandvision.nl\/de\/product\/esschert-design-entdeckerrahmen-wildblumen\/#breadcrumb","itemListElement":[{"@type":"ListItem","position":1,"name":"Home","item":"https:\/\/trendsandvision.nl\/de\/"},{"@type":"ListItem","position":2,"name":"Gesch\u00e4ft","item":"https:\/\/trendsandvision.nl\/de\/geschaft\/"},{"@type":"ListItem","position":3,"name":"Esschert Design Entdeckerrahmen Wildblumen"}]},{"@type":"WebSite","@id":"https:\/\/trendsandvision.nl\/de\/#website","url":"https:\/\/trendsandvision.nl\/de\/","name":"Trends &amp; Vision (DE)","description":"Der Webshop f\u00fcr Esschert Design Artikel","publisher":{"@id":"https:\/\/trendsandvision.nl\/de\/#organization"},"potentialAction":[{"@type":"SearchAction","target":{"@type":"EntryPoint","urlTemplate":"https:\/\/trendsandvision.nl\/de\/?s={search_term_string}"},"query-input":{"@type":"PropertyValueSpecification","valueRequired":true,"valueName":"search_term_string"}}],"inLanguage":"de"},{"@type":"Organization","@id":"https:\/\/trendsandvision.nl\/de\/#organization","name":"Trends &amp; Vision (DE)","url":"https:\/\/trendsandvision.nl\/de\/","logo":{"@type":"ImageObject","inLanguage":"de","@id":"https:\/\/trendsandvision.nl\/de\/#\/schema\/logo\/image\/","url":"https:\/\/trendsandvision.nl\/de\/wp-content\/uploads\/sites\/3\/2022\/04\/trends-and-vision-logo.jpg","contentUrl":"https:\/\/trendsandvision.nl\/de\/wp-content\/uploads\/sites\/3\/2022\/04\/trends-and-vision-logo.jpg","width":213,"height":100,"caption":"Trends &amp; Vision (DE)"},"image":{"@id":"https:\/\/trendsandvision.nl\/de\/#\/schema\/logo\/image\/"}}]}},"_links":{"self":[{"href":"https:\/\/trendsandvision.nl\/de\/wp-json\/wp\/v2\/product\/23923","targetHints":{"allow":["GET"]}}],"collection":[{"href":"https:\/\/trendsandvision.nl\/de\/wp-json\/wp\/v2\/product"}],"about":[{"href":"https:\/\/trendsandvision.nl\/de\/wp-json\/wp\/v2\/types\/product"}],"wp:featuredmedia":[{"embeddable":true,"href":"https:\/\/trendsandvision.nl\/de\/wp-json\/wp\/v2\/media\/23924"}],"wp:attachment":[{"href":"https:\/\/trendsandvision.nl\/de\/wp-json\/wp\/v2\/media?parent=23923"}],"wp:term":[{"taxonomy":"product_brand","embeddable":true,"href":"https:\/\/trendsandvision.nl\/de\/wp-json\/wp\/v2\/product_brand?post=23923"},{"taxonomy":"product_cat","embeddable":true,"href":"https:\/\/trendsandvision.nl\/de\/wp-json\/wp\/v2\/product_cat?post=23923"},{"taxonomy":"product_tag","embeddable":true,"href":"https:\/\/trendsandvision.nl\/de\/wp-json\/wp\/v2\/product_tag?post=23923"}],"curies":[{"name":"wp","href":"https:\/\/api.w.org\/{rel}","templated":true}]}}