{"id":23909,"date":"2025-12-29T23:34:19","date_gmt":"2025-12-29T22:34:19","guid":{"rendered":"https:\/\/trendsandvision.nl\/de\/product\/esschert-design-holz-blumensammler-eichhoernchen\/"},"modified":"2026-04-07T10:39:00","modified_gmt":"2026-04-07T08:39:00","slug":"esschert-design-holz-blumensammler-eichhoernchen","status":"publish","type":"product","link":"https:\/\/trendsandvision.nl\/de\/product\/esschert-design-holz-blumensammler-eichhoernchen\/","title":{"rendered":"Esschert Design Holz- Blumensammler Eichh\u00f6rnchen"},"content":{"rendered":"<p>Pfl\u00fccken die sch\u00f6nsten Blumen und stecken Sie die in diesen liebevoll gestalteten <strong><a href=\"https:\/\/trendsandvision.nl\/de\/?s=Blumensammler&amp;post_type=product&amp;dgwt_wcas=1\">Blumensammler<\/a><\/strong> aus Holz. Gestalten Sie den Schmetterling farbenfroh, durch die gesammelten Blumen in die 40 vorgesehenen L\u00f6cher zu stecken. So entsteht ein wundersch\u00f6nes Blumenarrangement, das Sie ganz einfach mit nach Hause nehmen k\u00f6nnen.<\/p>\n<p>Artikelname Holz- Blumensammler Eichh\u00f6rnchen<br \/>\nArtikelnummer KG363<br \/>\nProduktgr\u00f6\u00dfen in cm B 15,3 X T 14,5 X H 0,5<br \/>\nBarcode 8714982293160<br \/>\nMaterial 100% Kiefernsperrholz<br \/>\nGewicht 0,034 kg<br \/>\nProduzent: <a href=\"https:\/\/www.esschertdesign.com\/shop\/de\/houten-bloemenverzamelaar-eekhoorn-kg363\" target=\"_blank\">Esschert Design<\/a><\/p>\n","protected":false},"excerpt":{"rendered":"<p>Wiederverwendbar<br \/>\nPlatz f\u00fcr viele Blumen<br \/>\nPerfekt f\u00fcr Spazierg\u00e4nge in der Natur<br \/>\nVerpackt auf einer vollfarbigen R\u00fcckkarte<br \/>\nB 15,3 X T 14,5 X H 0,5 cm<br \/>\nBarcode 8714982293160<br \/>\nMaterial 100% Kiefernsperrholz<br \/>\nGewicht 0,034 kg<\/p>\n","protected":false},"featured_media":23910,"template":"","meta":[],"product_brand":[9597,9870],"product_cat":[503],"product_tag":[],"class_list":{"0":"post-23909","1":"product","2":"type-product","3":"status-publish","4":"has-post-thumbnail","6":"product_brand-esschert-design","7":"product_brand-trends-vision","8":"product_cat-esscherts-garden","9":"pa_anbieter-esschert-design","10":"pa_ean-code-10917","12":"first","13":"instock","14":"sale","15":"taxable","16":"shipping-taxable","17":"purchasable","18":"product-type-simple","19":"czr-hentry"},"yoast_head":"<!-- This site is optimized with the Yoast SEO Premium plugin v26.4 (Yoast SEO v27.4) - https:\/\/yoast.com\/product\/yoast-seo-premium-wordpress\/ -->\n<title>Esschert Design Holz- Blumensammler Eichh\u00f6rnchen (KG363)<\/title>\n<meta name=\"description\" content=\"Esschert Design Holz- Blumensammler Eichh\u00f6rnchen (KG363) B 15,3 X T 14,5 X H 0,5 cm, EAN 8714982293160, Material 100% Kiefernsperrholz, Gewicht 0,034 kg\" \/>\n<meta name=\"robots\" content=\"index, follow, max-snippet:-1, max-image-preview:large, max-video-preview:-1\" \/>\n<link rel=\"canonical\" href=\"https:\/\/trendsandvision.nl\/de\/product\/esschert-design-holz-blumensammler-eichhoernchen\/\" \/>\n<meta property=\"og:locale\" content=\"de_DE\" \/>\n<meta property=\"og:type\" content=\"article\" \/>\n<meta property=\"og:title\" content=\"Esschert Design Holz- Blumensammler Eichh\u00f6rnchen\" \/>\n<meta property=\"og:description\" content=\"Esschert Design Holz- Blumensammler Eichh\u00f6rnchen (KG363) B 15,3 X T 14,5 X H 0,5 cm, EAN 8714982293160, Material 100% Kiefernsperrholz, Gewicht 0,034 kg\" \/>\n<meta property=\"og:url\" content=\"https:\/\/trendsandvision.nl\/de\/product\/esschert-design-holz-blumensammler-eichhoernchen\/\" \/>\n<meta property=\"og:site_name\" content=\"Trends &amp; Vision (DE)\" \/>\n<meta property=\"article:modified_time\" content=\"2026-04-07T08:39:00+00:00\" \/>\n<meta property=\"og:image\" content=\"https:\/\/trendsandvision.nl\/de\/wp-content\/uploads\/sites\/3\/2025\/12\/KG363_01.jpg\" \/>\n\t<meta property=\"og:image:width\" content=\"800\" \/>\n\t<meta property=\"og:image:height\" content=\"800\" \/>\n\t<meta property=\"og:image:type\" content=\"image\/jpeg\" \/>\n<meta name=\"twitter:card\" content=\"summary_large_image\" \/>\n<meta name=\"twitter:label1\" content=\"Gesch\u00e4tzte Lesezeit\" \/>\n\t<meta name=\"twitter:data1\" content=\"1\u00a0Minute\" \/>\n<script type=\"application\/ld+json\" class=\"yoast-schema-graph\">{\"@context\":\"https:\\\/\\\/schema.org\",\"@graph\":[{\"@type\":\"WebPage\",\"@id\":\"https:\\\/\\\/trendsandvision.nl\\\/de\\\/product\\\/esschert-design-holz-blumensammler-eichhoernchen\\\/\",\"url\":\"https:\\\/\\\/trendsandvision.nl\\\/de\\\/product\\\/esschert-design-holz-blumensammler-eichhoernchen\\\/\",\"name\":\"Esschert Design Holz- Blumensammler Eichh\u00f6rnchen (KG363)\",\"isPartOf\":{\"@id\":\"https:\\\/\\\/trendsandvision.nl\\\/de\\\/#website\"},\"primaryImageOfPage\":{\"@id\":\"https:\\\/\\\/trendsandvision.nl\\\/de\\\/product\\\/esschert-design-holz-blumensammler-eichhoernchen\\\/#primaryimage\"},\"image\":{\"@id\":\"https:\\\/\\\/trendsandvision.nl\\\/de\\\/product\\\/esschert-design-holz-blumensammler-eichhoernchen\\\/#primaryimage\"},\"thumbnailUrl\":\"https:\\\/\\\/trendsandvision.nl\\\/de\\\/wp-content\\\/uploads\\\/sites\\\/3\\\/2025\\\/12\\\/KG363_01.jpg\",\"datePublished\":\"2025-12-29T22:34:19+00:00\",\"dateModified\":\"2026-04-07T08:39:00+00:00\",\"description\":\"Esschert Design Holz- Blumensammler Eichh\u00f6rnchen (KG363) B 15,3 X T 14,5 X H 0,5 cm, EAN 8714982293160, Material 100% Kiefernsperrholz, Gewicht 0,034 kg\",\"breadcrumb\":{\"@id\":\"https:\\\/\\\/trendsandvision.nl\\\/de\\\/product\\\/esschert-design-holz-blumensammler-eichhoernchen\\\/#breadcrumb\"},\"inLanguage\":\"de\",\"potentialAction\":[{\"@type\":\"ReadAction\",\"target\":[\"https:\\\/\\\/trendsandvision.nl\\\/de\\\/product\\\/esschert-design-holz-blumensammler-eichhoernchen\\\/\"]}]},{\"@type\":\"ImageObject\",\"inLanguage\":\"de\",\"@id\":\"https:\\\/\\\/trendsandvision.nl\\\/de\\\/product\\\/esschert-design-holz-blumensammler-eichhoernchen\\\/#primaryimage\",\"url\":\"https:\\\/\\\/trendsandvision.nl\\\/de\\\/wp-content\\\/uploads\\\/sites\\\/3\\\/2025\\\/12\\\/KG363_01.jpg\",\"contentUrl\":\"https:\\\/\\\/trendsandvision.nl\\\/de\\\/wp-content\\\/uploads\\\/sites\\\/3\\\/2025\\\/12\\\/KG363_01.jpg\",\"width\":800,\"height\":800,\"caption\":\"Esschert Design Holz- Blumensammler Eichh\u00f6rnchen (KG363) B 15,3 X T 14,5 X H 0,5 cm, EAN 8714982293160, Material 100% Kiefernsperrholz, Gewicht 0,034 kg\"},{\"@type\":\"BreadcrumbList\",\"@id\":\"https:\\\/\\\/trendsandvision.nl\\\/de\\\/product\\\/esschert-design-holz-blumensammler-eichhoernchen\\\/#breadcrumb\",\"itemListElement\":[{\"@type\":\"ListItem\",\"position\":1,\"name\":\"Home\",\"item\":\"https:\\\/\\\/trendsandvision.nl\\\/de\\\/\"},{\"@type\":\"ListItem\",\"position\":2,\"name\":\"Gesch\u00e4ft\",\"item\":\"https:\\\/\\\/trendsandvision.nl\\\/de\\\/geschaft\\\/\"},{\"@type\":\"ListItem\",\"position\":3,\"name\":\"Esschert Design Holz- Blumensammler Eichh\u00f6rnchen\"}]},{\"@type\":\"WebSite\",\"@id\":\"https:\\\/\\\/trendsandvision.nl\\\/de\\\/#website\",\"url\":\"https:\\\/\\\/trendsandvision.nl\\\/de\\\/\",\"name\":\"Trends &amp; Vision (DE)\",\"description\":\"Der Webshop f\u00fcr Esschert Design Artikel\",\"publisher\":{\"@id\":\"https:\\\/\\\/trendsandvision.nl\\\/de\\\/#organization\"},\"potentialAction\":[{\"@type\":\"SearchAction\",\"target\":{\"@type\":\"EntryPoint\",\"urlTemplate\":\"https:\\\/\\\/trendsandvision.nl\\\/de\\\/?s={search_term_string}\"},\"query-input\":{\"@type\":\"PropertyValueSpecification\",\"valueRequired\":true,\"valueName\":\"search_term_string\"}}],\"inLanguage\":\"de\"},{\"@type\":\"Organization\",\"@id\":\"https:\\\/\\\/trendsandvision.nl\\\/de\\\/#organization\",\"name\":\"Trends &amp; Vision (DE)\",\"url\":\"https:\\\/\\\/trendsandvision.nl\\\/de\\\/\",\"logo\":{\"@type\":\"ImageObject\",\"inLanguage\":\"de\",\"@id\":\"https:\\\/\\\/trendsandvision.nl\\\/de\\\/#\\\/schema\\\/logo\\\/image\\\/\",\"url\":\"https:\\\/\\\/trendsandvision.nl\\\/de\\\/wp-content\\\/uploads\\\/sites\\\/3\\\/2022\\\/04\\\/trends-and-vision-logo.jpg\",\"contentUrl\":\"https:\\\/\\\/trendsandvision.nl\\\/de\\\/wp-content\\\/uploads\\\/sites\\\/3\\\/2022\\\/04\\\/trends-and-vision-logo.jpg\",\"width\":213,\"height\":100,\"caption\":\"Trends &amp; Vision (DE)\"},\"image\":{\"@id\":\"https:\\\/\\\/trendsandvision.nl\\\/de\\\/#\\\/schema\\\/logo\\\/image\\\/\"}}]}<\/script>\n<!-- \/ Yoast SEO Premium plugin. -->","yoast_head_json":{"title":"Esschert Design Holz- Blumensammler Eichh\u00f6rnchen (KG363)","description":"Esschert Design Holz- Blumensammler Eichh\u00f6rnchen (KG363) B 15,3 X T 14,5 X H 0,5 cm, EAN 8714982293160, Material 100% Kiefernsperrholz, Gewicht 0,034 kg","robots":{"index":"index","follow":"follow","max-snippet":"max-snippet:-1","max-image-preview":"max-image-preview:large","max-video-preview":"max-video-preview:-1"},"canonical":"https:\/\/trendsandvision.nl\/de\/product\/esschert-design-holz-blumensammler-eichhoernchen\/","og_locale":"de_DE","og_type":"article","og_title":"Esschert Design Holz- Blumensammler Eichh\u00f6rnchen","og_description":"Esschert Design Holz- Blumensammler Eichh\u00f6rnchen (KG363) B 15,3 X T 14,5 X H 0,5 cm, EAN 8714982293160, Material 100% Kiefernsperrholz, Gewicht 0,034 kg","og_url":"https:\/\/trendsandvision.nl\/de\/product\/esschert-design-holz-blumensammler-eichhoernchen\/","og_site_name":"Trends &amp; Vision (DE)","article_modified_time":"2026-04-07T08:39:00+00:00","og_image":[{"width":800,"height":800,"url":"https:\/\/trendsandvision.nl\/de\/wp-content\/uploads\/sites\/3\/2025\/12\/KG363_01.jpg","type":"image\/jpeg"}],"twitter_card":"summary_large_image","twitter_misc":{"Gesch\u00e4tzte Lesezeit":"1\u00a0Minute"},"schema":{"@context":"https:\/\/schema.org","@graph":[{"@type":"WebPage","@id":"https:\/\/trendsandvision.nl\/de\/product\/esschert-design-holz-blumensammler-eichhoernchen\/","url":"https:\/\/trendsandvision.nl\/de\/product\/esschert-design-holz-blumensammler-eichhoernchen\/","name":"Esschert Design Holz- Blumensammler Eichh\u00f6rnchen (KG363)","isPartOf":{"@id":"https:\/\/trendsandvision.nl\/de\/#website"},"primaryImageOfPage":{"@id":"https:\/\/trendsandvision.nl\/de\/product\/esschert-design-holz-blumensammler-eichhoernchen\/#primaryimage"},"image":{"@id":"https:\/\/trendsandvision.nl\/de\/product\/esschert-design-holz-blumensammler-eichhoernchen\/#primaryimage"},"thumbnailUrl":"https:\/\/trendsandvision.nl\/de\/wp-content\/uploads\/sites\/3\/2025\/12\/KG363_01.jpg","datePublished":"2025-12-29T22:34:19+00:00","dateModified":"2026-04-07T08:39:00+00:00","description":"Esschert Design Holz- Blumensammler Eichh\u00f6rnchen (KG363) B 15,3 X T 14,5 X H 0,5 cm, EAN 8714982293160, Material 100% Kiefernsperrholz, Gewicht 0,034 kg","breadcrumb":{"@id":"https:\/\/trendsandvision.nl\/de\/product\/esschert-design-holz-blumensammler-eichhoernchen\/#breadcrumb"},"inLanguage":"de","potentialAction":[{"@type":"ReadAction","target":["https:\/\/trendsandvision.nl\/de\/product\/esschert-design-holz-blumensammler-eichhoernchen\/"]}]},{"@type":"ImageObject","inLanguage":"de","@id":"https:\/\/trendsandvision.nl\/de\/product\/esschert-design-holz-blumensammler-eichhoernchen\/#primaryimage","url":"https:\/\/trendsandvision.nl\/de\/wp-content\/uploads\/sites\/3\/2025\/12\/KG363_01.jpg","contentUrl":"https:\/\/trendsandvision.nl\/de\/wp-content\/uploads\/sites\/3\/2025\/12\/KG363_01.jpg","width":800,"height":800,"caption":"Esschert Design Holz- Blumensammler Eichh\u00f6rnchen (KG363) B 15,3 X T 14,5 X H 0,5 cm, EAN 8714982293160, Material 100% Kiefernsperrholz, Gewicht 0,034 kg"},{"@type":"BreadcrumbList","@id":"https:\/\/trendsandvision.nl\/de\/product\/esschert-design-holz-blumensammler-eichhoernchen\/#breadcrumb","itemListElement":[{"@type":"ListItem","position":1,"name":"Home","item":"https:\/\/trendsandvision.nl\/de\/"},{"@type":"ListItem","position":2,"name":"Gesch\u00e4ft","item":"https:\/\/trendsandvision.nl\/de\/geschaft\/"},{"@type":"ListItem","position":3,"name":"Esschert Design Holz- Blumensammler Eichh\u00f6rnchen"}]},{"@type":"WebSite","@id":"https:\/\/trendsandvision.nl\/de\/#website","url":"https:\/\/trendsandvision.nl\/de\/","name":"Trends &amp; Vision (DE)","description":"Der Webshop f\u00fcr Esschert Design Artikel","publisher":{"@id":"https:\/\/trendsandvision.nl\/de\/#organization"},"potentialAction":[{"@type":"SearchAction","target":{"@type":"EntryPoint","urlTemplate":"https:\/\/trendsandvision.nl\/de\/?s={search_term_string}"},"query-input":{"@type":"PropertyValueSpecification","valueRequired":true,"valueName":"search_term_string"}}],"inLanguage":"de"},{"@type":"Organization","@id":"https:\/\/trendsandvision.nl\/de\/#organization","name":"Trends &amp; Vision (DE)","url":"https:\/\/trendsandvision.nl\/de\/","logo":{"@type":"ImageObject","inLanguage":"de","@id":"https:\/\/trendsandvision.nl\/de\/#\/schema\/logo\/image\/","url":"https:\/\/trendsandvision.nl\/de\/wp-content\/uploads\/sites\/3\/2022\/04\/trends-and-vision-logo.jpg","contentUrl":"https:\/\/trendsandvision.nl\/de\/wp-content\/uploads\/sites\/3\/2022\/04\/trends-and-vision-logo.jpg","width":213,"height":100,"caption":"Trends &amp; Vision (DE)"},"image":{"@id":"https:\/\/trendsandvision.nl\/de\/#\/schema\/logo\/image\/"}}]}},"_links":{"self":[{"href":"https:\/\/trendsandvision.nl\/de\/wp-json\/wp\/v2\/product\/23909","targetHints":{"allow":["GET"]}}],"collection":[{"href":"https:\/\/trendsandvision.nl\/de\/wp-json\/wp\/v2\/product"}],"about":[{"href":"https:\/\/trendsandvision.nl\/de\/wp-json\/wp\/v2\/types\/product"}],"wp:featuredmedia":[{"embeddable":true,"href":"https:\/\/trendsandvision.nl\/de\/wp-json\/wp\/v2\/media\/23910"}],"wp:attachment":[{"href":"https:\/\/trendsandvision.nl\/de\/wp-json\/wp\/v2\/media?parent=23909"}],"wp:term":[{"taxonomy":"product_brand","embeddable":true,"href":"https:\/\/trendsandvision.nl\/de\/wp-json\/wp\/v2\/product_brand?post=23909"},{"taxonomy":"product_cat","embeddable":true,"href":"https:\/\/trendsandvision.nl\/de\/wp-json\/wp\/v2\/product_cat?post=23909"},{"taxonomy":"product_tag","embeddable":true,"href":"https:\/\/trendsandvision.nl\/de\/wp-json\/wp\/v2\/product_tag?post=23909"}],"curies":[{"name":"wp","href":"https:\/\/api.w.org\/{rel}","templated":true}]}}