{"id":23903,"date":"2025-12-29T23:33:47","date_gmt":"2025-12-29T22:33:47","guid":{"rendered":"https:\/\/trendsandvision.nl\/de\/product\/esschert-design-holzkaleidoskop\/"},"modified":"2026-04-07T10:38:59","modified_gmt":"2026-04-07T08:38:59","slug":"esschert-design-holzkaleidoskop","status":"publish","type":"product","link":"https:\/\/trendsandvision.nl\/de\/product\/esschert-design-holzkaleidoskop\/","title":{"rendered":"Esschert Design Holzkaleidoskop"},"content":{"rendered":"<p>Mit diesem Kaleidoskop aus Holz <strong><a href=\"https:\/\/trendsandvision.nl\/de\/?s=entdecken&amp;post_type=product&amp;dgwt_wcas=1\">entdecken<\/a><\/strong> Kinder eine Welt voller Farben und Formen. Legen Sie kleine Naturfunde wie Bl\u00fcten oder Bl\u00e4tter hinein und schauen Sie hindurch. Sie verwandeln sich in wundersch\u00f6ne, immer neue Muster. Das stabile Holzgeh\u00e4use liegt gut in kleinen H\u00e4nden und ist ideal f\u00fcr neugierige Kinder, die gerne experimentieren und drau\u00dfen spielen. Einfach zusammenzusetzen und sofort einsatzbereit!<\/p>\n<p>Artikelname Holzkaleidoskop<br \/>\nArtikelnummer KG361<br \/>\nBarcode 8714982293146<br \/>\nMaterial 62% pappelsperrholz, 25% Polyacryl, 4% PET, 4% PP, 4% Eisen, 1% PE<br \/>\nNettogewicht 0,095 kg<br \/>\nAbmessungen: 20 x 10 x 10 cm<br \/>\nProduzent: <a href=\"https:\/\/www.esschertdesign.com\/shop\/de\/houten-caleidoscoop-kg361\" target=\"_blank\">Esschert Design<\/a><\/p>\n","protected":false},"excerpt":{"rendered":"<p>Kindgerechtes Design<br \/>\nEinfach zusammenzusetzen<br \/>\nBlumen und Bl\u00e4tter verwandeln sich in wundersch\u00f6ne Muster<br \/>\nVerpackt in einder vollfarbigen Geschenkbox<br \/>\nBarcode 8714982293146<br \/>\nMaterial pappelsperrholz, Polyacryl, PET, PP, Eisen, PE<br \/>\nNettogewicht 0,095 kg<br \/>\nAbmessungen: 20 x 10 x 10 cm<\/p>\n","protected":false},"featured_media":23904,"template":"","meta":[],"product_brand":[9597,9870],"product_cat":[3056],"product_tag":[],"class_list":{"0":"post-23903","1":"product","2":"type-product","3":"status-publish","4":"has-post-thumbnail","6":"product_brand-esschert-design","7":"product_brand-trends-vision","8":"product_cat-kids-in-the-garden","9":"pa_anbieter-esschert-design","10":"pa_ean-code-10915","12":"first","13":"instock","14":"sale","15":"taxable","16":"shipping-taxable","17":"purchasable","18":"product-type-simple","19":"czr-hentry"},"yoast_head":"<!-- This site is optimized with the Yoast SEO Premium plugin v26.4 (Yoast SEO v27.4) - https:\/\/yoast.com\/product\/yoast-seo-premium-wordpress\/ -->\n<title>Esschert Design Holzkaleidoskop (KG361)<\/title>\n<meta name=\"description\" content=\"Esschert Design Holzkaleidoskop (KG361) EAN 8714982293146 Pappelsperrholz, Polyacryl, PET, PP, Eisen, PE, Gewicht 0,095 kg Abmessungen: 20 x 10 x 10 cm\" \/>\n<meta name=\"robots\" content=\"index, follow, max-snippet:-1, max-image-preview:large, max-video-preview:-1\" \/>\n<link rel=\"canonical\" href=\"https:\/\/trendsandvision.nl\/de\/product\/esschert-design-holzkaleidoskop\/\" \/>\n<meta property=\"og:locale\" content=\"de_DE\" \/>\n<meta property=\"og:type\" content=\"article\" \/>\n<meta property=\"og:title\" content=\"Esschert Design Holzkaleidoskop\" \/>\n<meta property=\"og:description\" content=\"Esschert Design Holzkaleidoskop (KG361) EAN 8714982293146 Pappelsperrholz, Polyacryl, PET, PP, Eisen, PE, Gewicht 0,095 kg Abmessungen: 20 x 10 x 10 cm\" \/>\n<meta property=\"og:url\" content=\"https:\/\/trendsandvision.nl\/de\/product\/esschert-design-holzkaleidoskop\/\" \/>\n<meta property=\"og:site_name\" content=\"Trends &amp; Vision (DE)\" \/>\n<meta property=\"article:modified_time\" content=\"2026-04-07T08:38:59+00:00\" \/>\n<meta property=\"og:image\" content=\"https:\/\/trendsandvision.nl\/de\/wp-content\/uploads\/sites\/3\/2025\/12\/KG361_01.jpg\" \/>\n\t<meta property=\"og:image:width\" content=\"800\" \/>\n\t<meta property=\"og:image:height\" content=\"800\" \/>\n\t<meta property=\"og:image:type\" content=\"image\/jpeg\" \/>\n<meta name=\"twitter:card\" content=\"summary_large_image\" \/>\n<meta name=\"twitter:label1\" content=\"Gesch\u00e4tzte Lesezeit\" \/>\n\t<meta name=\"twitter:data1\" content=\"1\u00a0Minute\" \/>\n<script type=\"application\/ld+json\" class=\"yoast-schema-graph\">{\"@context\":\"https:\\\/\\\/schema.org\",\"@graph\":[{\"@type\":\"WebPage\",\"@id\":\"https:\\\/\\\/trendsandvision.nl\\\/de\\\/product\\\/esschert-design-holzkaleidoskop\\\/\",\"url\":\"https:\\\/\\\/trendsandvision.nl\\\/de\\\/product\\\/esschert-design-holzkaleidoskop\\\/\",\"name\":\"Esschert Design Holzkaleidoskop (KG361)\",\"isPartOf\":{\"@id\":\"https:\\\/\\\/trendsandvision.nl\\\/de\\\/#website\"},\"primaryImageOfPage\":{\"@id\":\"https:\\\/\\\/trendsandvision.nl\\\/de\\\/product\\\/esschert-design-holzkaleidoskop\\\/#primaryimage\"},\"image\":{\"@id\":\"https:\\\/\\\/trendsandvision.nl\\\/de\\\/product\\\/esschert-design-holzkaleidoskop\\\/#primaryimage\"},\"thumbnailUrl\":\"https:\\\/\\\/trendsandvision.nl\\\/de\\\/wp-content\\\/uploads\\\/sites\\\/3\\\/2025\\\/12\\\/KG361_01.jpg\",\"datePublished\":\"2025-12-29T22:33:47+00:00\",\"dateModified\":\"2026-04-07T08:38:59+00:00\",\"description\":\"Esschert Design Holzkaleidoskop (KG361) EAN 8714982293146 Pappelsperrholz, Polyacryl, PET, PP, Eisen, PE, Gewicht 0,095 kg Abmessungen: 20 x 10 x 10 cm\",\"breadcrumb\":{\"@id\":\"https:\\\/\\\/trendsandvision.nl\\\/de\\\/product\\\/esschert-design-holzkaleidoskop\\\/#breadcrumb\"},\"inLanguage\":\"de\",\"potentialAction\":[{\"@type\":\"ReadAction\",\"target\":[\"https:\\\/\\\/trendsandvision.nl\\\/de\\\/product\\\/esschert-design-holzkaleidoskop\\\/\"]}]},{\"@type\":\"ImageObject\",\"inLanguage\":\"de\",\"@id\":\"https:\\\/\\\/trendsandvision.nl\\\/de\\\/product\\\/esschert-design-holzkaleidoskop\\\/#primaryimage\",\"url\":\"https:\\\/\\\/trendsandvision.nl\\\/de\\\/wp-content\\\/uploads\\\/sites\\\/3\\\/2025\\\/12\\\/KG361_01.jpg\",\"contentUrl\":\"https:\\\/\\\/trendsandvision.nl\\\/de\\\/wp-content\\\/uploads\\\/sites\\\/3\\\/2025\\\/12\\\/KG361_01.jpg\",\"width\":800,\"height\":800,\"caption\":\"Esschert Design Holzkaleidoskop (KG361) EAN 8714982293146 Pappelsperrholz, Polyacryl, PET, PP, Eisen, PE, Gewicht 0,095 kg Abmessungen: 20 x 10 x 10 cm\"},{\"@type\":\"BreadcrumbList\",\"@id\":\"https:\\\/\\\/trendsandvision.nl\\\/de\\\/product\\\/esschert-design-holzkaleidoskop\\\/#breadcrumb\",\"itemListElement\":[{\"@type\":\"ListItem\",\"position\":1,\"name\":\"Home\",\"item\":\"https:\\\/\\\/trendsandvision.nl\\\/de\\\/\"},{\"@type\":\"ListItem\",\"position\":2,\"name\":\"Gesch\u00e4ft\",\"item\":\"https:\\\/\\\/trendsandvision.nl\\\/de\\\/geschaft\\\/\"},{\"@type\":\"ListItem\",\"position\":3,\"name\":\"Esschert Design Holzkaleidoskop\"}]},{\"@type\":\"WebSite\",\"@id\":\"https:\\\/\\\/trendsandvision.nl\\\/de\\\/#website\",\"url\":\"https:\\\/\\\/trendsandvision.nl\\\/de\\\/\",\"name\":\"Trends &amp; Vision (DE)\",\"description\":\"Der Webshop f\u00fcr Esschert Design Artikel\",\"publisher\":{\"@id\":\"https:\\\/\\\/trendsandvision.nl\\\/de\\\/#organization\"},\"potentialAction\":[{\"@type\":\"SearchAction\",\"target\":{\"@type\":\"EntryPoint\",\"urlTemplate\":\"https:\\\/\\\/trendsandvision.nl\\\/de\\\/?s={search_term_string}\"},\"query-input\":{\"@type\":\"PropertyValueSpecification\",\"valueRequired\":true,\"valueName\":\"search_term_string\"}}],\"inLanguage\":\"de\"},{\"@type\":\"Organization\",\"@id\":\"https:\\\/\\\/trendsandvision.nl\\\/de\\\/#organization\",\"name\":\"Trends &amp; Vision (DE)\",\"url\":\"https:\\\/\\\/trendsandvision.nl\\\/de\\\/\",\"logo\":{\"@type\":\"ImageObject\",\"inLanguage\":\"de\",\"@id\":\"https:\\\/\\\/trendsandvision.nl\\\/de\\\/#\\\/schema\\\/logo\\\/image\\\/\",\"url\":\"https:\\\/\\\/trendsandvision.nl\\\/de\\\/wp-content\\\/uploads\\\/sites\\\/3\\\/2022\\\/04\\\/trends-and-vision-logo.jpg\",\"contentUrl\":\"https:\\\/\\\/trendsandvision.nl\\\/de\\\/wp-content\\\/uploads\\\/sites\\\/3\\\/2022\\\/04\\\/trends-and-vision-logo.jpg\",\"width\":213,\"height\":100,\"caption\":\"Trends &amp; Vision (DE)\"},\"image\":{\"@id\":\"https:\\\/\\\/trendsandvision.nl\\\/de\\\/#\\\/schema\\\/logo\\\/image\\\/\"}}]}<\/script>\n<!-- \/ Yoast SEO Premium plugin. -->","yoast_head_json":{"title":"Esschert Design Holzkaleidoskop (KG361)","description":"Esschert Design Holzkaleidoskop (KG361) EAN 8714982293146 Pappelsperrholz, Polyacryl, PET, PP, Eisen, PE, Gewicht 0,095 kg Abmessungen: 20 x 10 x 10 cm","robots":{"index":"index","follow":"follow","max-snippet":"max-snippet:-1","max-image-preview":"max-image-preview:large","max-video-preview":"max-video-preview:-1"},"canonical":"https:\/\/trendsandvision.nl\/de\/product\/esschert-design-holzkaleidoskop\/","og_locale":"de_DE","og_type":"article","og_title":"Esschert Design Holzkaleidoskop","og_description":"Esschert Design Holzkaleidoskop (KG361) EAN 8714982293146 Pappelsperrholz, Polyacryl, PET, PP, Eisen, PE, Gewicht 0,095 kg Abmessungen: 20 x 10 x 10 cm","og_url":"https:\/\/trendsandvision.nl\/de\/product\/esschert-design-holzkaleidoskop\/","og_site_name":"Trends &amp; Vision (DE)","article_modified_time":"2026-04-07T08:38:59+00:00","og_image":[{"width":800,"height":800,"url":"https:\/\/trendsandvision.nl\/de\/wp-content\/uploads\/sites\/3\/2025\/12\/KG361_01.jpg","type":"image\/jpeg"}],"twitter_card":"summary_large_image","twitter_misc":{"Gesch\u00e4tzte Lesezeit":"1\u00a0Minute"},"schema":{"@context":"https:\/\/schema.org","@graph":[{"@type":"WebPage","@id":"https:\/\/trendsandvision.nl\/de\/product\/esschert-design-holzkaleidoskop\/","url":"https:\/\/trendsandvision.nl\/de\/product\/esschert-design-holzkaleidoskop\/","name":"Esschert Design Holzkaleidoskop (KG361)","isPartOf":{"@id":"https:\/\/trendsandvision.nl\/de\/#website"},"primaryImageOfPage":{"@id":"https:\/\/trendsandvision.nl\/de\/product\/esschert-design-holzkaleidoskop\/#primaryimage"},"image":{"@id":"https:\/\/trendsandvision.nl\/de\/product\/esschert-design-holzkaleidoskop\/#primaryimage"},"thumbnailUrl":"https:\/\/trendsandvision.nl\/de\/wp-content\/uploads\/sites\/3\/2025\/12\/KG361_01.jpg","datePublished":"2025-12-29T22:33:47+00:00","dateModified":"2026-04-07T08:38:59+00:00","description":"Esschert Design Holzkaleidoskop (KG361) EAN 8714982293146 Pappelsperrholz, Polyacryl, PET, PP, Eisen, PE, Gewicht 0,095 kg Abmessungen: 20 x 10 x 10 cm","breadcrumb":{"@id":"https:\/\/trendsandvision.nl\/de\/product\/esschert-design-holzkaleidoskop\/#breadcrumb"},"inLanguage":"de","potentialAction":[{"@type":"ReadAction","target":["https:\/\/trendsandvision.nl\/de\/product\/esschert-design-holzkaleidoskop\/"]}]},{"@type":"ImageObject","inLanguage":"de","@id":"https:\/\/trendsandvision.nl\/de\/product\/esschert-design-holzkaleidoskop\/#primaryimage","url":"https:\/\/trendsandvision.nl\/de\/wp-content\/uploads\/sites\/3\/2025\/12\/KG361_01.jpg","contentUrl":"https:\/\/trendsandvision.nl\/de\/wp-content\/uploads\/sites\/3\/2025\/12\/KG361_01.jpg","width":800,"height":800,"caption":"Esschert Design Holzkaleidoskop (KG361) EAN 8714982293146 Pappelsperrholz, Polyacryl, PET, PP, Eisen, PE, Gewicht 0,095 kg Abmessungen: 20 x 10 x 10 cm"},{"@type":"BreadcrumbList","@id":"https:\/\/trendsandvision.nl\/de\/product\/esschert-design-holzkaleidoskop\/#breadcrumb","itemListElement":[{"@type":"ListItem","position":1,"name":"Home","item":"https:\/\/trendsandvision.nl\/de\/"},{"@type":"ListItem","position":2,"name":"Gesch\u00e4ft","item":"https:\/\/trendsandvision.nl\/de\/geschaft\/"},{"@type":"ListItem","position":3,"name":"Esschert Design Holzkaleidoskop"}]},{"@type":"WebSite","@id":"https:\/\/trendsandvision.nl\/de\/#website","url":"https:\/\/trendsandvision.nl\/de\/","name":"Trends &amp; Vision (DE)","description":"Der Webshop f\u00fcr Esschert Design Artikel","publisher":{"@id":"https:\/\/trendsandvision.nl\/de\/#organization"},"potentialAction":[{"@type":"SearchAction","target":{"@type":"EntryPoint","urlTemplate":"https:\/\/trendsandvision.nl\/de\/?s={search_term_string}"},"query-input":{"@type":"PropertyValueSpecification","valueRequired":true,"valueName":"search_term_string"}}],"inLanguage":"de"},{"@type":"Organization","@id":"https:\/\/trendsandvision.nl\/de\/#organization","name":"Trends &amp; Vision (DE)","url":"https:\/\/trendsandvision.nl\/de\/","logo":{"@type":"ImageObject","inLanguage":"de","@id":"https:\/\/trendsandvision.nl\/de\/#\/schema\/logo\/image\/","url":"https:\/\/trendsandvision.nl\/de\/wp-content\/uploads\/sites\/3\/2022\/04\/trends-and-vision-logo.jpg","contentUrl":"https:\/\/trendsandvision.nl\/de\/wp-content\/uploads\/sites\/3\/2022\/04\/trends-and-vision-logo.jpg","width":213,"height":100,"caption":"Trends &amp; Vision (DE)"},"image":{"@id":"https:\/\/trendsandvision.nl\/de\/#\/schema\/logo\/image\/"}}]}},"_links":{"self":[{"href":"https:\/\/trendsandvision.nl\/de\/wp-json\/wp\/v2\/product\/23903","targetHints":{"allow":["GET"]}}],"collection":[{"href":"https:\/\/trendsandvision.nl\/de\/wp-json\/wp\/v2\/product"}],"about":[{"href":"https:\/\/trendsandvision.nl\/de\/wp-json\/wp\/v2\/types\/product"}],"wp:featuredmedia":[{"embeddable":true,"href":"https:\/\/trendsandvision.nl\/de\/wp-json\/wp\/v2\/media\/23904"}],"wp:attachment":[{"href":"https:\/\/trendsandvision.nl\/de\/wp-json\/wp\/v2\/media?parent=23903"}],"wp:term":[{"taxonomy":"product_brand","embeddable":true,"href":"https:\/\/trendsandvision.nl\/de\/wp-json\/wp\/v2\/product_brand?post=23903"},{"taxonomy":"product_cat","embeddable":true,"href":"https:\/\/trendsandvision.nl\/de\/wp-json\/wp\/v2\/product_cat?post=23903"},{"taxonomy":"product_tag","embeddable":true,"href":"https:\/\/trendsandvision.nl\/de\/wp-json\/wp\/v2\/product_tag?post=23903"}],"curies":[{"name":"wp","href":"https:\/\/api.w.org\/{rel}","templated":true}]}}