{"id":23899,"date":"2025-12-29T23:33:47","date_gmt":"2025-12-29T22:33:47","guid":{"rendered":"https:\/\/trendsandvision.nl\/de\/product\/esschert-design-holz-kaeferaugenbetrachter\/"},"modified":"2026-04-07T10:38:58","modified_gmt":"2026-04-07T08:38:58","slug":"esschert-design-holz-insektenaugenbetrachter","status":"publish","type":"product","link":"https:\/\/trendsandvision.nl\/de\/product\/esschert-design-holz-insektenaugenbetrachter\/","title":{"rendered":"Esschert Design Holz- Insektenaugenbetrachter"},"content":{"rendered":"<p>Dieses Insektenaugen-Fernglas ist ein unterhaltsames Lernmittel, mit dem Kinder die Welt aus der Perspektive eines <strong><a href=\"https:\/\/trendsandvision.nl\/de\/?s=insekt&amp;post_type=product&amp;dgwt_wcas=1\">Insekts<\/a><\/strong> erleben k\u00f6nnen. Durch die spezielle Linse k\u00f6nnen sie sehen, wie ein Insekt seine Umgebung wahrnimmt. Es ist ein gro\u00dfartiges Hilfsmittel, um das Verst\u00e4ndnis f\u00fcr die Sinne der Tiere zu f\u00f6rdern und zu vertiefen.<\/p>\n<p>Artikelname Holz- K\u00e4feraugenbetrachter\/Insektenaugenbetrachter<br \/>\nArtikelnummer KG359<br \/>\nProduktgr\u00f6\u00dfen in cm B 5,2 X T 5,2 X H 5,1<br \/>\nBarcode 8714982293122<br \/>\nMaterial 84% Buchenholz, 16% Polyacryl<br \/>\nGewicht 0,036 kg<br \/>\nProduzent: <a href=\"https:\/\/www.esschertdesign.com\/shop\/de\/houten-insectenoogkijker-kg359\" target=\"_blank\">Esschert Design<\/a><\/p>\n","protected":false},"excerpt":{"rendered":"<p>Sehen wie ein Insect<br \/>\nAhmt das Sehverm\u00f6gen von Insekten nach<br \/>\nEinfach zu benutzen<br \/>\nB 5,2 X T 5,2 X H 5,1 cm<br \/>\nBarcode 8714982293122<br \/>\nMaterial 84% Buchenholz, 16% Polyacryl<br \/>\nGewicht 0,036 kg <\/p>\n","protected":false},"featured_media":23900,"template":"","meta":[],"product_brand":[9597,9870],"product_cat":[3056],"product_tag":[6734,11112],"class_list":{"0":"post-23899","1":"product","2":"type-product","3":"status-publish","4":"has-post-thumbnail","6":"product_brand-esschert-design","7":"product_brand-trends-vision","8":"product_cat-kids-in-the-garden","9":"product_tag-bildung","10":"product_tag-lernwerkzeuge","11":"pa_anbieter-esschert-design","12":"pa_ean-code-10914","14":"first","15":"outofstock","16":"sale","17":"taxable","18":"shipping-taxable","19":"purchasable","20":"product-type-simple","21":"czr-hentry"},"yoast_head":"<!-- This site is optimized with the Yoast SEO Premium plugin v26.4 (Yoast SEO v27.4) - https:\/\/yoast.com\/product\/yoast-seo-premium-wordpress\/ -->\n<title>Esschert Design Holz- Insektenaugenbetrachter (KG359)<\/title>\n<meta name=\"description\" content=\"Esschert Design Holz- Insektenaugenbetrachter (KG359) B 5,2 X T 5,2 X H 5,1 cm, EAN 8714982293122, Material Buchenholz, Polyacryl, Gewicht 0,036 kg\" \/>\n<meta name=\"robots\" content=\"index, follow, max-snippet:-1, max-image-preview:large, max-video-preview:-1\" \/>\n<link rel=\"canonical\" href=\"https:\/\/trendsandvision.nl\/de\/product\/esschert-design-holz-insektenaugenbetrachter\/\" \/>\n<meta property=\"og:locale\" content=\"de_DE\" \/>\n<meta property=\"og:type\" content=\"article\" \/>\n<meta property=\"og:title\" content=\"Esschert Design Holz- Insektenaugenbetrachter\" \/>\n<meta property=\"og:description\" content=\"Esschert Design Holz- Insektenaugenbetrachter (KG359) B 5,2 X T 5,2 X H 5,1 cm, EAN 8714982293122, Material Buchenholz, Polyacryl, Gewicht 0,036 kg\" \/>\n<meta property=\"og:url\" content=\"https:\/\/trendsandvision.nl\/de\/product\/esschert-design-holz-insektenaugenbetrachter\/\" \/>\n<meta property=\"og:site_name\" content=\"Trends &amp; Vision (DE)\" \/>\n<meta property=\"article:modified_time\" content=\"2026-04-07T08:38:58+00:00\" \/>\n<meta property=\"og:image\" content=\"https:\/\/trendsandvision.nl\/de\/wp-content\/uploads\/sites\/3\/2025\/12\/KG359_01.jpg\" \/>\n\t<meta property=\"og:image:width\" content=\"800\" \/>\n\t<meta property=\"og:image:height\" content=\"800\" \/>\n\t<meta property=\"og:image:type\" content=\"image\/jpeg\" \/>\n<meta name=\"twitter:card\" content=\"summary_large_image\" \/>\n<meta name=\"twitter:label1\" content=\"Gesch\u00e4tzte Lesezeit\" \/>\n\t<meta name=\"twitter:data1\" content=\"1\u00a0Minute\" \/>\n<script type=\"application\/ld+json\" class=\"yoast-schema-graph\">{\"@context\":\"https:\\\/\\\/schema.org\",\"@graph\":[{\"@type\":\"WebPage\",\"@id\":\"https:\\\/\\\/trendsandvision.nl\\\/de\\\/product\\\/esschert-design-holz-insektenaugenbetrachter\\\/\",\"url\":\"https:\\\/\\\/trendsandvision.nl\\\/de\\\/product\\\/esschert-design-holz-insektenaugenbetrachter\\\/\",\"name\":\"Esschert Design Holz- Insektenaugenbetrachter (KG359)\",\"isPartOf\":{\"@id\":\"https:\\\/\\\/trendsandvision.nl\\\/de\\\/#website\"},\"primaryImageOfPage\":{\"@id\":\"https:\\\/\\\/trendsandvision.nl\\\/de\\\/product\\\/esschert-design-holz-insektenaugenbetrachter\\\/#primaryimage\"},\"image\":{\"@id\":\"https:\\\/\\\/trendsandvision.nl\\\/de\\\/product\\\/esschert-design-holz-insektenaugenbetrachter\\\/#primaryimage\"},\"thumbnailUrl\":\"https:\\\/\\\/trendsandvision.nl\\\/de\\\/wp-content\\\/uploads\\\/sites\\\/3\\\/2025\\\/12\\\/KG359_01.jpg\",\"datePublished\":\"2025-12-29T22:33:47+00:00\",\"dateModified\":\"2026-04-07T08:38:58+00:00\",\"description\":\"Esschert Design Holz- Insektenaugenbetrachter (KG359) B 5,2 X T 5,2 X H 5,1 cm, EAN 8714982293122, Material Buchenholz, Polyacryl, Gewicht 0,036 kg\",\"breadcrumb\":{\"@id\":\"https:\\\/\\\/trendsandvision.nl\\\/de\\\/product\\\/esschert-design-holz-insektenaugenbetrachter\\\/#breadcrumb\"},\"inLanguage\":\"de\",\"potentialAction\":[{\"@type\":\"ReadAction\",\"target\":[\"https:\\\/\\\/trendsandvision.nl\\\/de\\\/product\\\/esschert-design-holz-insektenaugenbetrachter\\\/\"]}]},{\"@type\":\"ImageObject\",\"inLanguage\":\"de\",\"@id\":\"https:\\\/\\\/trendsandvision.nl\\\/de\\\/product\\\/esschert-design-holz-insektenaugenbetrachter\\\/#primaryimage\",\"url\":\"https:\\\/\\\/trendsandvision.nl\\\/de\\\/wp-content\\\/uploads\\\/sites\\\/3\\\/2025\\\/12\\\/KG359_01.jpg\",\"contentUrl\":\"https:\\\/\\\/trendsandvision.nl\\\/de\\\/wp-content\\\/uploads\\\/sites\\\/3\\\/2025\\\/12\\\/KG359_01.jpg\",\"width\":800,\"height\":800,\"caption\":\"Esschert Design Holz- Insektenaugenbetrachter (KG359) B 5,2 X T 5,2 X H 5,1 cm, EAN 8714982293122, Material Buchenholz, Polyacryl, Gewicht 0,036 kg\"},{\"@type\":\"BreadcrumbList\",\"@id\":\"https:\\\/\\\/trendsandvision.nl\\\/de\\\/product\\\/esschert-design-holz-insektenaugenbetrachter\\\/#breadcrumb\",\"itemListElement\":[{\"@type\":\"ListItem\",\"position\":1,\"name\":\"Home\",\"item\":\"https:\\\/\\\/trendsandvision.nl\\\/de\\\/\"},{\"@type\":\"ListItem\",\"position\":2,\"name\":\"Gesch\u00e4ft\",\"item\":\"https:\\\/\\\/trendsandvision.nl\\\/de\\\/geschaft\\\/\"},{\"@type\":\"ListItem\",\"position\":3,\"name\":\"Esschert Design Holz- Insektenaugenbetrachter\"}]},{\"@type\":\"WebSite\",\"@id\":\"https:\\\/\\\/trendsandvision.nl\\\/de\\\/#website\",\"url\":\"https:\\\/\\\/trendsandvision.nl\\\/de\\\/\",\"name\":\"Trends &amp; Vision (DE)\",\"description\":\"Der Webshop f\u00fcr Esschert Design Artikel\",\"publisher\":{\"@id\":\"https:\\\/\\\/trendsandvision.nl\\\/de\\\/#organization\"},\"potentialAction\":[{\"@type\":\"SearchAction\",\"target\":{\"@type\":\"EntryPoint\",\"urlTemplate\":\"https:\\\/\\\/trendsandvision.nl\\\/de\\\/?s={search_term_string}\"},\"query-input\":{\"@type\":\"PropertyValueSpecification\",\"valueRequired\":true,\"valueName\":\"search_term_string\"}}],\"inLanguage\":\"de\"},{\"@type\":\"Organization\",\"@id\":\"https:\\\/\\\/trendsandvision.nl\\\/de\\\/#organization\",\"name\":\"Trends &amp; Vision (DE)\",\"url\":\"https:\\\/\\\/trendsandvision.nl\\\/de\\\/\",\"logo\":{\"@type\":\"ImageObject\",\"inLanguage\":\"de\",\"@id\":\"https:\\\/\\\/trendsandvision.nl\\\/de\\\/#\\\/schema\\\/logo\\\/image\\\/\",\"url\":\"https:\\\/\\\/trendsandvision.nl\\\/de\\\/wp-content\\\/uploads\\\/sites\\\/3\\\/2022\\\/04\\\/trends-and-vision-logo.jpg\",\"contentUrl\":\"https:\\\/\\\/trendsandvision.nl\\\/de\\\/wp-content\\\/uploads\\\/sites\\\/3\\\/2022\\\/04\\\/trends-and-vision-logo.jpg\",\"width\":213,\"height\":100,\"caption\":\"Trends &amp; Vision (DE)\"},\"image\":{\"@id\":\"https:\\\/\\\/trendsandvision.nl\\\/de\\\/#\\\/schema\\\/logo\\\/image\\\/\"}}]}<\/script>\n<!-- \/ Yoast SEO Premium plugin. -->","yoast_head_json":{"title":"Esschert Design Holz- Insektenaugenbetrachter (KG359)","description":"Esschert Design Holz- Insektenaugenbetrachter (KG359) B 5,2 X T 5,2 X H 5,1 cm, EAN 8714982293122, Material Buchenholz, Polyacryl, Gewicht 0,036 kg","robots":{"index":"index","follow":"follow","max-snippet":"max-snippet:-1","max-image-preview":"max-image-preview:large","max-video-preview":"max-video-preview:-1"},"canonical":"https:\/\/trendsandvision.nl\/de\/product\/esschert-design-holz-insektenaugenbetrachter\/","og_locale":"de_DE","og_type":"article","og_title":"Esschert Design Holz- Insektenaugenbetrachter","og_description":"Esschert Design Holz- Insektenaugenbetrachter (KG359) B 5,2 X T 5,2 X H 5,1 cm, EAN 8714982293122, Material Buchenholz, Polyacryl, Gewicht 0,036 kg","og_url":"https:\/\/trendsandvision.nl\/de\/product\/esschert-design-holz-insektenaugenbetrachter\/","og_site_name":"Trends &amp; Vision (DE)","article_modified_time":"2026-04-07T08:38:58+00:00","og_image":[{"width":800,"height":800,"url":"https:\/\/trendsandvision.nl\/de\/wp-content\/uploads\/sites\/3\/2025\/12\/KG359_01.jpg","type":"image\/jpeg"}],"twitter_card":"summary_large_image","twitter_misc":{"Gesch\u00e4tzte Lesezeit":"1\u00a0Minute"},"schema":{"@context":"https:\/\/schema.org","@graph":[{"@type":"WebPage","@id":"https:\/\/trendsandvision.nl\/de\/product\/esschert-design-holz-insektenaugenbetrachter\/","url":"https:\/\/trendsandvision.nl\/de\/product\/esschert-design-holz-insektenaugenbetrachter\/","name":"Esschert Design Holz- Insektenaugenbetrachter (KG359)","isPartOf":{"@id":"https:\/\/trendsandvision.nl\/de\/#website"},"primaryImageOfPage":{"@id":"https:\/\/trendsandvision.nl\/de\/product\/esschert-design-holz-insektenaugenbetrachter\/#primaryimage"},"image":{"@id":"https:\/\/trendsandvision.nl\/de\/product\/esschert-design-holz-insektenaugenbetrachter\/#primaryimage"},"thumbnailUrl":"https:\/\/trendsandvision.nl\/de\/wp-content\/uploads\/sites\/3\/2025\/12\/KG359_01.jpg","datePublished":"2025-12-29T22:33:47+00:00","dateModified":"2026-04-07T08:38:58+00:00","description":"Esschert Design Holz- Insektenaugenbetrachter (KG359) B 5,2 X T 5,2 X H 5,1 cm, EAN 8714982293122, Material Buchenholz, Polyacryl, Gewicht 0,036 kg","breadcrumb":{"@id":"https:\/\/trendsandvision.nl\/de\/product\/esschert-design-holz-insektenaugenbetrachter\/#breadcrumb"},"inLanguage":"de","potentialAction":[{"@type":"ReadAction","target":["https:\/\/trendsandvision.nl\/de\/product\/esschert-design-holz-insektenaugenbetrachter\/"]}]},{"@type":"ImageObject","inLanguage":"de","@id":"https:\/\/trendsandvision.nl\/de\/product\/esschert-design-holz-insektenaugenbetrachter\/#primaryimage","url":"https:\/\/trendsandvision.nl\/de\/wp-content\/uploads\/sites\/3\/2025\/12\/KG359_01.jpg","contentUrl":"https:\/\/trendsandvision.nl\/de\/wp-content\/uploads\/sites\/3\/2025\/12\/KG359_01.jpg","width":800,"height":800,"caption":"Esschert Design Holz- Insektenaugenbetrachter (KG359) B 5,2 X T 5,2 X H 5,1 cm, EAN 8714982293122, Material Buchenholz, Polyacryl, Gewicht 0,036 kg"},{"@type":"BreadcrumbList","@id":"https:\/\/trendsandvision.nl\/de\/product\/esschert-design-holz-insektenaugenbetrachter\/#breadcrumb","itemListElement":[{"@type":"ListItem","position":1,"name":"Home","item":"https:\/\/trendsandvision.nl\/de\/"},{"@type":"ListItem","position":2,"name":"Gesch\u00e4ft","item":"https:\/\/trendsandvision.nl\/de\/geschaft\/"},{"@type":"ListItem","position":3,"name":"Esschert Design Holz- Insektenaugenbetrachter"}]},{"@type":"WebSite","@id":"https:\/\/trendsandvision.nl\/de\/#website","url":"https:\/\/trendsandvision.nl\/de\/","name":"Trends &amp; Vision (DE)","description":"Der Webshop f\u00fcr Esschert Design Artikel","publisher":{"@id":"https:\/\/trendsandvision.nl\/de\/#organization"},"potentialAction":[{"@type":"SearchAction","target":{"@type":"EntryPoint","urlTemplate":"https:\/\/trendsandvision.nl\/de\/?s={search_term_string}"},"query-input":{"@type":"PropertyValueSpecification","valueRequired":true,"valueName":"search_term_string"}}],"inLanguage":"de"},{"@type":"Organization","@id":"https:\/\/trendsandvision.nl\/de\/#organization","name":"Trends &amp; Vision (DE)","url":"https:\/\/trendsandvision.nl\/de\/","logo":{"@type":"ImageObject","inLanguage":"de","@id":"https:\/\/trendsandvision.nl\/de\/#\/schema\/logo\/image\/","url":"https:\/\/trendsandvision.nl\/de\/wp-content\/uploads\/sites\/3\/2022\/04\/trends-and-vision-logo.jpg","contentUrl":"https:\/\/trendsandvision.nl\/de\/wp-content\/uploads\/sites\/3\/2022\/04\/trends-and-vision-logo.jpg","width":213,"height":100,"caption":"Trends &amp; Vision (DE)"},"image":{"@id":"https:\/\/trendsandvision.nl\/de\/#\/schema\/logo\/image\/"}}]}},"_links":{"self":[{"href":"https:\/\/trendsandvision.nl\/de\/wp-json\/wp\/v2\/product\/23899","targetHints":{"allow":["GET"]}}],"collection":[{"href":"https:\/\/trendsandvision.nl\/de\/wp-json\/wp\/v2\/product"}],"about":[{"href":"https:\/\/trendsandvision.nl\/de\/wp-json\/wp\/v2\/types\/product"}],"wp:featuredmedia":[{"embeddable":true,"href":"https:\/\/trendsandvision.nl\/de\/wp-json\/wp\/v2\/media\/23900"}],"wp:attachment":[{"href":"https:\/\/trendsandvision.nl\/de\/wp-json\/wp\/v2\/media?parent=23899"}],"wp:term":[{"taxonomy":"product_brand","embeddable":true,"href":"https:\/\/trendsandvision.nl\/de\/wp-json\/wp\/v2\/product_brand?post=23899"},{"taxonomy":"product_cat","embeddable":true,"href":"https:\/\/trendsandvision.nl\/de\/wp-json\/wp\/v2\/product_cat?post=23899"},{"taxonomy":"product_tag","embeddable":true,"href":"https:\/\/trendsandvision.nl\/de\/wp-json\/wp\/v2\/product_tag?post=23899"}],"curies":[{"name":"wp","href":"https:\/\/api.w.org\/{rel}","templated":true}]}}