{"id":23887,"date":"2025-12-29T23:33:22","date_gmt":"2025-12-29T22:33:22","guid":{"rendered":"https:\/\/trendsandvision.nl\/de\/product\/esschert-design-holztaschensonnenuhr\/"},"modified":"2026-04-07T10:38:56","modified_gmt":"2026-04-07T08:38:56","slug":"esschert-design-holztaschensonnenuhr","status":"publish","type":"product","link":"https:\/\/trendsandvision.nl\/de\/product\/esschert-design-holztaschensonnenuhr\/","title":{"rendered":"Esschert Design Holztaschensonnenuhr"},"content":{"rendered":"<p>Diese <strong><a href=\"https:\/\/trendsandvision.nl\/de\/?s=Sonnenuhr&amp;post_type=product&amp;dgwt_wcas=1\">Sonnenuhr<\/a><\/strong> f\u00fcr Kinder ist das perfekte Hilfsmittel, um ihnen das Konzept der Zeit in der Natur zu vermitteln. Die Sonnenuhr l\u00e4sst sich leicht zusammenklappen und passt in jede Tasche. Sie verf\u00fcgt \u00fcber einen integrierten Kompass. Ideal f\u00fcr Spazierg\u00e4nge oder als lehrreiche Outdoor-Aktivit\u00e4t.<\/p>\n<p>Artikelname Holztaschensonnenuhr<br \/>\nArtikelnummer KG355<br \/>\nProduktgr\u00f6\u00dfen in cm B 5,9 X T 5,5 X H 2,5<br \/>\nBarcode 8714982291128<br \/>\nMaterial 71% Buchenholz, 14% Eisen, 8% Baumwolle, 7% ABS<br \/>\nGewicht 0,05 kg<br \/>\nProduzent: <a href=\"https:\/\/www.esschertdesign.com\/shop\/de\/houten-zakzonnewijzer-kg355\" target=\"_blank\">Esschert Design<\/a><\/p>\n<p>Sonnenuhr lernen: <strong><a href=\"https:\/\/www.bildungsserver.de\/elixier\/elixier2_list.php?feldinhalt1=Sonnenuhr&amp;bool1=and\" target=\"_blank\">Klicken Sie Hier<\/a><\/strong><\/p>\n","protected":false},"excerpt":{"rendered":"<p>Hilft, das Konzept der Zeit in der Natur zu verstehen<br \/>\nZusammenklappbar<br \/>\nIntegrierter Kompass<br \/>\nB 5,9 X T 5,5 X H 2,5 cm<br \/>\nEAN 8714982291128<br \/>\n71% Buchenholz, 14% Eisen, 8% Baumwolle, 7% ABS<br \/>\nGewicht 0,05 kg<\/p>\n","protected":false},"featured_media":23888,"template":"","meta":[],"product_brand":[9597,9870],"product_cat":[3056],"product_tag":[],"class_list":{"0":"post-23887","1":"product","2":"type-product","3":"status-publish","4":"has-post-thumbnail","6":"product_brand-esschert-design","7":"product_brand-trends-vision","8":"product_cat-kids-in-the-garden","9":"pa_anbieter-esschert-design","10":"pa_ean-code-10911","12":"first","13":"instock","14":"sale","15":"taxable","16":"shipping-taxable","17":"purchasable","18":"product-type-simple","19":"czr-hentry"},"yoast_head":"<!-- This site is optimized with the Yoast SEO Premium plugin v26.4 (Yoast SEO v27.4) - https:\/\/yoast.com\/product\/yoast-seo-premium-wordpress\/ -->\n<title>Esschert Design Holztaschensonnenuhr (KG355)<\/title>\n<meta name=\"description\" content=\"Esschert Design Holztaschensonnenuhr (KG355) Zusammenklappbar, B 6 X T 5.5 X H 2.5 cm, EAN 8714982291128, Buchenholz, Eisen, Baumwolle,ABS, Gewicht 0,05 kg\" \/>\n<meta name=\"robots\" content=\"index, follow, max-snippet:-1, max-image-preview:large, max-video-preview:-1\" \/>\n<link rel=\"canonical\" href=\"https:\/\/trendsandvision.nl\/de\/product\/esschert-design-holztaschensonnenuhr\/\" \/>\n<meta property=\"og:locale\" content=\"de_DE\" \/>\n<meta property=\"og:type\" content=\"article\" \/>\n<meta property=\"og:title\" content=\"Esschert Design Holztaschensonnenuhr\" \/>\n<meta property=\"og:description\" content=\"Esschert Design Holztaschensonnenuhr (KG355) Zusammenklappbar, B 6 X T 5.5 X H 2.5 cm, EAN 8714982291128, Buchenholz, Eisen, Baumwolle,ABS, Gewicht 0,05 kg\" \/>\n<meta property=\"og:url\" content=\"https:\/\/trendsandvision.nl\/de\/product\/esschert-design-holztaschensonnenuhr\/\" \/>\n<meta property=\"og:site_name\" content=\"Trends &amp; Vision (DE)\" \/>\n<meta property=\"article:modified_time\" content=\"2026-04-07T08:38:56+00:00\" \/>\n<meta property=\"og:image\" content=\"https:\/\/trendsandvision.nl\/de\/wp-content\/uploads\/sites\/3\/2025\/12\/KG355_01.jpg\" \/>\n\t<meta property=\"og:image:width\" content=\"800\" \/>\n\t<meta property=\"og:image:height\" content=\"800\" \/>\n\t<meta property=\"og:image:type\" content=\"image\/jpeg\" \/>\n<meta name=\"twitter:card\" content=\"summary_large_image\" \/>\n<meta name=\"twitter:label1\" content=\"Gesch\u00e4tzte Lesezeit\" \/>\n\t<meta name=\"twitter:data1\" content=\"1\u00a0Minute\" \/>\n<script type=\"application\/ld+json\" class=\"yoast-schema-graph\">{\"@context\":\"https:\\\/\\\/schema.org\",\"@graph\":[{\"@type\":\"WebPage\",\"@id\":\"https:\\\/\\\/trendsandvision.nl\\\/de\\\/product\\\/esschert-design-holztaschensonnenuhr\\\/\",\"url\":\"https:\\\/\\\/trendsandvision.nl\\\/de\\\/product\\\/esschert-design-holztaschensonnenuhr\\\/\",\"name\":\"Esschert Design Holztaschensonnenuhr (KG355)\",\"isPartOf\":{\"@id\":\"https:\\\/\\\/trendsandvision.nl\\\/de\\\/#website\"},\"primaryImageOfPage\":{\"@id\":\"https:\\\/\\\/trendsandvision.nl\\\/de\\\/product\\\/esschert-design-holztaschensonnenuhr\\\/#primaryimage\"},\"image\":{\"@id\":\"https:\\\/\\\/trendsandvision.nl\\\/de\\\/product\\\/esschert-design-holztaschensonnenuhr\\\/#primaryimage\"},\"thumbnailUrl\":\"https:\\\/\\\/trendsandvision.nl\\\/de\\\/wp-content\\\/uploads\\\/sites\\\/3\\\/2025\\\/12\\\/KG355_01.jpg\",\"datePublished\":\"2025-12-29T22:33:22+00:00\",\"dateModified\":\"2026-04-07T08:38:56+00:00\",\"description\":\"Esschert Design Holztaschensonnenuhr (KG355) Zusammenklappbar, B 6 X T 5.5 X H 2.5 cm, EAN 8714982291128, Buchenholz, Eisen, Baumwolle,ABS, Gewicht 0,05 kg\",\"breadcrumb\":{\"@id\":\"https:\\\/\\\/trendsandvision.nl\\\/de\\\/product\\\/esschert-design-holztaschensonnenuhr\\\/#breadcrumb\"},\"inLanguage\":\"de\",\"potentialAction\":[{\"@type\":\"ReadAction\",\"target\":[\"https:\\\/\\\/trendsandvision.nl\\\/de\\\/product\\\/esschert-design-holztaschensonnenuhr\\\/\"]}]},{\"@type\":\"ImageObject\",\"inLanguage\":\"de\",\"@id\":\"https:\\\/\\\/trendsandvision.nl\\\/de\\\/product\\\/esschert-design-holztaschensonnenuhr\\\/#primaryimage\",\"url\":\"https:\\\/\\\/trendsandvision.nl\\\/de\\\/wp-content\\\/uploads\\\/sites\\\/3\\\/2025\\\/12\\\/KG355_01.jpg\",\"contentUrl\":\"https:\\\/\\\/trendsandvision.nl\\\/de\\\/wp-content\\\/uploads\\\/sites\\\/3\\\/2025\\\/12\\\/KG355_01.jpg\",\"width\":800,\"height\":800,\"caption\":\"Esschert Design Holztaschensonnenuhr (KG355) Zusammenklappbar, B 6 X T 5.5 X H 2.5 cm, EAN 8714982291128, Buchenholz, Eisen, Baumwolle,ABS, Gewicht 0,05 kg\"},{\"@type\":\"BreadcrumbList\",\"@id\":\"https:\\\/\\\/trendsandvision.nl\\\/de\\\/product\\\/esschert-design-holztaschensonnenuhr\\\/#breadcrumb\",\"itemListElement\":[{\"@type\":\"ListItem\",\"position\":1,\"name\":\"Home\",\"item\":\"https:\\\/\\\/trendsandvision.nl\\\/de\\\/\"},{\"@type\":\"ListItem\",\"position\":2,\"name\":\"Gesch\u00e4ft\",\"item\":\"https:\\\/\\\/trendsandvision.nl\\\/de\\\/geschaft\\\/\"},{\"@type\":\"ListItem\",\"position\":3,\"name\":\"Esschert Design Holztaschensonnenuhr\"}]},{\"@type\":\"WebSite\",\"@id\":\"https:\\\/\\\/trendsandvision.nl\\\/de\\\/#website\",\"url\":\"https:\\\/\\\/trendsandvision.nl\\\/de\\\/\",\"name\":\"Trends &amp; Vision (DE)\",\"description\":\"Der Webshop f\u00fcr Esschert Design Artikel\",\"publisher\":{\"@id\":\"https:\\\/\\\/trendsandvision.nl\\\/de\\\/#organization\"},\"potentialAction\":[{\"@type\":\"SearchAction\",\"target\":{\"@type\":\"EntryPoint\",\"urlTemplate\":\"https:\\\/\\\/trendsandvision.nl\\\/de\\\/?s={search_term_string}\"},\"query-input\":{\"@type\":\"PropertyValueSpecification\",\"valueRequired\":true,\"valueName\":\"search_term_string\"}}],\"inLanguage\":\"de\"},{\"@type\":\"Organization\",\"@id\":\"https:\\\/\\\/trendsandvision.nl\\\/de\\\/#organization\",\"name\":\"Trends &amp; Vision (DE)\",\"url\":\"https:\\\/\\\/trendsandvision.nl\\\/de\\\/\",\"logo\":{\"@type\":\"ImageObject\",\"inLanguage\":\"de\",\"@id\":\"https:\\\/\\\/trendsandvision.nl\\\/de\\\/#\\\/schema\\\/logo\\\/image\\\/\",\"url\":\"https:\\\/\\\/trendsandvision.nl\\\/de\\\/wp-content\\\/uploads\\\/sites\\\/3\\\/2022\\\/04\\\/trends-and-vision-logo.jpg\",\"contentUrl\":\"https:\\\/\\\/trendsandvision.nl\\\/de\\\/wp-content\\\/uploads\\\/sites\\\/3\\\/2022\\\/04\\\/trends-and-vision-logo.jpg\",\"width\":213,\"height\":100,\"caption\":\"Trends &amp; Vision (DE)\"},\"image\":{\"@id\":\"https:\\\/\\\/trendsandvision.nl\\\/de\\\/#\\\/schema\\\/logo\\\/image\\\/\"}}]}<\/script>\n<!-- \/ Yoast SEO Premium plugin. -->","yoast_head_json":{"title":"Esschert Design Holztaschensonnenuhr (KG355)","description":"Esschert Design Holztaschensonnenuhr (KG355) Zusammenklappbar, B 6 X T 5.5 X H 2.5 cm, EAN 8714982291128, Buchenholz, Eisen, Baumwolle,ABS, Gewicht 0,05 kg","robots":{"index":"index","follow":"follow","max-snippet":"max-snippet:-1","max-image-preview":"max-image-preview:large","max-video-preview":"max-video-preview:-1"},"canonical":"https:\/\/trendsandvision.nl\/de\/product\/esschert-design-holztaschensonnenuhr\/","og_locale":"de_DE","og_type":"article","og_title":"Esschert Design Holztaschensonnenuhr","og_description":"Esschert Design Holztaschensonnenuhr (KG355) Zusammenklappbar, B 6 X T 5.5 X H 2.5 cm, EAN 8714982291128, Buchenholz, Eisen, Baumwolle,ABS, Gewicht 0,05 kg","og_url":"https:\/\/trendsandvision.nl\/de\/product\/esschert-design-holztaschensonnenuhr\/","og_site_name":"Trends &amp; Vision (DE)","article_modified_time":"2026-04-07T08:38:56+00:00","og_image":[{"width":800,"height":800,"url":"https:\/\/trendsandvision.nl\/de\/wp-content\/uploads\/sites\/3\/2025\/12\/KG355_01.jpg","type":"image\/jpeg"}],"twitter_card":"summary_large_image","twitter_misc":{"Gesch\u00e4tzte Lesezeit":"1\u00a0Minute"},"schema":{"@context":"https:\/\/schema.org","@graph":[{"@type":"WebPage","@id":"https:\/\/trendsandvision.nl\/de\/product\/esschert-design-holztaschensonnenuhr\/","url":"https:\/\/trendsandvision.nl\/de\/product\/esschert-design-holztaschensonnenuhr\/","name":"Esschert Design Holztaschensonnenuhr (KG355)","isPartOf":{"@id":"https:\/\/trendsandvision.nl\/de\/#website"},"primaryImageOfPage":{"@id":"https:\/\/trendsandvision.nl\/de\/product\/esschert-design-holztaschensonnenuhr\/#primaryimage"},"image":{"@id":"https:\/\/trendsandvision.nl\/de\/product\/esschert-design-holztaschensonnenuhr\/#primaryimage"},"thumbnailUrl":"https:\/\/trendsandvision.nl\/de\/wp-content\/uploads\/sites\/3\/2025\/12\/KG355_01.jpg","datePublished":"2025-12-29T22:33:22+00:00","dateModified":"2026-04-07T08:38:56+00:00","description":"Esschert Design Holztaschensonnenuhr (KG355) Zusammenklappbar, B 6 X T 5.5 X H 2.5 cm, EAN 8714982291128, Buchenholz, Eisen, Baumwolle,ABS, Gewicht 0,05 kg","breadcrumb":{"@id":"https:\/\/trendsandvision.nl\/de\/product\/esschert-design-holztaschensonnenuhr\/#breadcrumb"},"inLanguage":"de","potentialAction":[{"@type":"ReadAction","target":["https:\/\/trendsandvision.nl\/de\/product\/esschert-design-holztaschensonnenuhr\/"]}]},{"@type":"ImageObject","inLanguage":"de","@id":"https:\/\/trendsandvision.nl\/de\/product\/esschert-design-holztaschensonnenuhr\/#primaryimage","url":"https:\/\/trendsandvision.nl\/de\/wp-content\/uploads\/sites\/3\/2025\/12\/KG355_01.jpg","contentUrl":"https:\/\/trendsandvision.nl\/de\/wp-content\/uploads\/sites\/3\/2025\/12\/KG355_01.jpg","width":800,"height":800,"caption":"Esschert Design Holztaschensonnenuhr (KG355) Zusammenklappbar, B 6 X T 5.5 X H 2.5 cm, EAN 8714982291128, Buchenholz, Eisen, Baumwolle,ABS, Gewicht 0,05 kg"},{"@type":"BreadcrumbList","@id":"https:\/\/trendsandvision.nl\/de\/product\/esschert-design-holztaschensonnenuhr\/#breadcrumb","itemListElement":[{"@type":"ListItem","position":1,"name":"Home","item":"https:\/\/trendsandvision.nl\/de\/"},{"@type":"ListItem","position":2,"name":"Gesch\u00e4ft","item":"https:\/\/trendsandvision.nl\/de\/geschaft\/"},{"@type":"ListItem","position":3,"name":"Esschert Design Holztaschensonnenuhr"}]},{"@type":"WebSite","@id":"https:\/\/trendsandvision.nl\/de\/#website","url":"https:\/\/trendsandvision.nl\/de\/","name":"Trends &amp; Vision (DE)","description":"Der Webshop f\u00fcr Esschert Design Artikel","publisher":{"@id":"https:\/\/trendsandvision.nl\/de\/#organization"},"potentialAction":[{"@type":"SearchAction","target":{"@type":"EntryPoint","urlTemplate":"https:\/\/trendsandvision.nl\/de\/?s={search_term_string}"},"query-input":{"@type":"PropertyValueSpecification","valueRequired":true,"valueName":"search_term_string"}}],"inLanguage":"de"},{"@type":"Organization","@id":"https:\/\/trendsandvision.nl\/de\/#organization","name":"Trends &amp; Vision (DE)","url":"https:\/\/trendsandvision.nl\/de\/","logo":{"@type":"ImageObject","inLanguage":"de","@id":"https:\/\/trendsandvision.nl\/de\/#\/schema\/logo\/image\/","url":"https:\/\/trendsandvision.nl\/de\/wp-content\/uploads\/sites\/3\/2022\/04\/trends-and-vision-logo.jpg","contentUrl":"https:\/\/trendsandvision.nl\/de\/wp-content\/uploads\/sites\/3\/2022\/04\/trends-and-vision-logo.jpg","width":213,"height":100,"caption":"Trends &amp; Vision (DE)"},"image":{"@id":"https:\/\/trendsandvision.nl\/de\/#\/schema\/logo\/image\/"}}]}},"_links":{"self":[{"href":"https:\/\/trendsandvision.nl\/de\/wp-json\/wp\/v2\/product\/23887","targetHints":{"allow":["GET"]}}],"collection":[{"href":"https:\/\/trendsandvision.nl\/de\/wp-json\/wp\/v2\/product"}],"about":[{"href":"https:\/\/trendsandvision.nl\/de\/wp-json\/wp\/v2\/types\/product"}],"wp:featuredmedia":[{"embeddable":true,"href":"https:\/\/trendsandvision.nl\/de\/wp-json\/wp\/v2\/media\/23888"}],"wp:attachment":[{"href":"https:\/\/trendsandvision.nl\/de\/wp-json\/wp\/v2\/media?parent=23887"}],"wp:term":[{"taxonomy":"product_brand","embeddable":true,"href":"https:\/\/trendsandvision.nl\/de\/wp-json\/wp\/v2\/product_brand?post=23887"},{"taxonomy":"product_cat","embeddable":true,"href":"https:\/\/trendsandvision.nl\/de\/wp-json\/wp\/v2\/product_cat?post=23887"},{"taxonomy":"product_tag","embeddable":true,"href":"https:\/\/trendsandvision.nl\/de\/wp-json\/wp\/v2\/product_tag?post=23887"}],"curies":[{"name":"wp","href":"https:\/\/api.w.org\/{rel}","templated":true}]}}