{"id":23868,"date":"2025-12-29T23:32:57","date_gmt":"2025-12-29T22:32:57","guid":{"rendered":"https:\/\/trendsandvision.nl\/de\/product\/esschert-design-ziehglocke-recycelter-kunststoff-m\/"},"modified":"2026-02-11T08:18:01","modified_gmt":"2026-02-11T07:18:01","slug":"esschert-design-ziehglocke-recycelter-kunststoff-m","status":"publish","type":"product","link":"https:\/\/trendsandvision.nl\/de\/product\/esschert-design-ziehglocke-recycelter-kunststoff-m\/","title":{"rendered":"Esschert Design Ziehglocke recycelter Kunststoff M"},"content":{"rendered":"<p>Diese Kunststoffhaube mit offenem Boden macht das Pflanzenz\u00fcchten besonders einfach. Durch ihre Form l\u00e4sst sie sich leicht \u00fcber jede Pflanze st\u00fclpen und bietet perfekten Schutz. F\u00fcr oa. Setzlinge und andere kleine Gartenprojekte vor niedrigen Temperaturen, Wind und Tieren. Der Drehverschluss oben erm\u00f6glicht die Regulierung des Sauerstoffgehalts in der Haube. Mit den drei mitgelieferten Metallstiften kann die Haube sicher im Boden befestigt werden.<\/p>\n<p>Artikelname <strong><a href=\"https:\/\/trendsandvision.nl\/de\/?s=Ziehglocke&amp;post_type=product&amp;dgwt_wcas=1\">Ziehglocke<\/a><\/strong> recycelter Kunststoff M<br \/>\nArtikelnummer GT431<br \/>\nProduktgr\u00f6\u00dfen in cm B 25,5 X T 25,5 X H 19,8<br \/>\nBarcode 8714982298974<br \/>\nMaterial 83% PET, 13% Eisen, 4% PP<br \/>\nGewicht 0,075 kg<br \/>\nProduzent: <a href=\"https:\/\/www.esschertdesign.com\/shop\/de\/stolp-gerecycled-kunststof-m-gt431\">Esschert Design<\/a><\/p>\n","protected":false},"excerpt":{"rendered":"<p>Inklusive 3 Metallstifte<br \/>\nVerstellbare Bel\u00fcftungsscheibe<br \/>\nSch\u00fctzt Setzlinge vor niedrigen Temperaturen, Wind und Tieren<br \/>\nB 25,5 X T 25,5 X H 19,8 cm<br \/>\nBarcode 8714982298974<br \/>\nMaterial 83% PET, 13% Eisen, 4% PP<br \/>\nGewicht 0,075 kg<\/p>\n","protected":false},"featured_media":23869,"template":"","meta":[],"product_brand":[9597,9870],"product_cat":[503],"product_tag":[],"class_list":{"0":"post-23868","1":"product","2":"type-product","3":"status-publish","4":"has-post-thumbnail","6":"product_brand-esschert-design","7":"product_brand-trends-vision","8":"product_cat-esscherts-garden","9":"pa_anbieter-esschert-design","10":"pa_ean-code-10904","12":"first","13":"instock","14":"sale","15":"taxable","16":"shipping-taxable","17":"purchasable","18":"product-type-simple","19":"czr-hentry"},"yoast_head":"<!-- This site is optimized with the Yoast SEO Premium plugin v26.4 (Yoast SEO v27.3) - https:\/\/yoast.com\/product\/yoast-seo-premium-wordpress\/ -->\n<title>Esschert Design Ziehglocke recycelter Kunststoff M ()<\/title>\n<meta name=\"description\" content=\"Esschert Design Ziehglocke recycelter Kunststoff M ()\" \/>\n<meta name=\"robots\" content=\"index, follow, max-snippet:-1, max-image-preview:large, max-video-preview:-1\" \/>\n<link rel=\"canonical\" href=\"https:\/\/trendsandvision.nl\/de\/product\/esschert-design-ziehglocke-recycelter-kunststoff-m\/\" \/>\n<meta property=\"og:locale\" content=\"de_DE\" \/>\n<meta property=\"og:type\" content=\"article\" \/>\n<meta property=\"og:title\" content=\"Esschert Design Ziehglocke recycelter Kunststoff M\" \/>\n<meta property=\"og:description\" content=\"Esschert Design Ziehglocke recycelter Kunststoff M ()\" \/>\n<meta property=\"og:url\" content=\"https:\/\/trendsandvision.nl\/de\/product\/esschert-design-ziehglocke-recycelter-kunststoff-m\/\" \/>\n<meta property=\"og:site_name\" content=\"Trends &amp; Vision (DE)\" \/>\n<meta property=\"article:modified_time\" content=\"2026-02-11T07:18:01+00:00\" \/>\n<meta property=\"og:image\" content=\"https:\/\/trendsandvision.nl\/de\/wp-content\/uploads\/sites\/3\/2025\/12\/GT431_01.jpg\" \/>\n\t<meta property=\"og:image:width\" content=\"800\" \/>\n\t<meta property=\"og:image:height\" content=\"800\" \/>\n\t<meta property=\"og:image:type\" content=\"image\/jpeg\" \/>\n<meta name=\"twitter:card\" content=\"summary_large_image\" \/>\n<meta name=\"twitter:label1\" content=\"Gesch\u00e4tzte Lesezeit\" \/>\n\t<meta name=\"twitter:data1\" content=\"1\u00a0Minute\" \/>\n<script type=\"application\/ld+json\" class=\"yoast-schema-graph\">{\"@context\":\"https:\\\/\\\/schema.org\",\"@graph\":[{\"@type\":\"WebPage\",\"@id\":\"https:\\\/\\\/trendsandvision.nl\\\/de\\\/product\\\/esschert-design-ziehglocke-recycelter-kunststoff-m\\\/\",\"url\":\"https:\\\/\\\/trendsandvision.nl\\\/de\\\/product\\\/esschert-design-ziehglocke-recycelter-kunststoff-m\\\/\",\"name\":\"Esschert Design Ziehglocke recycelter Kunststoff M ()\",\"isPartOf\":{\"@id\":\"https:\\\/\\\/trendsandvision.nl\\\/de\\\/#website\"},\"primaryImageOfPage\":{\"@id\":\"https:\\\/\\\/trendsandvision.nl\\\/de\\\/product\\\/esschert-design-ziehglocke-recycelter-kunststoff-m\\\/#primaryimage\"},\"image\":{\"@id\":\"https:\\\/\\\/trendsandvision.nl\\\/de\\\/product\\\/esschert-design-ziehglocke-recycelter-kunststoff-m\\\/#primaryimage\"},\"thumbnailUrl\":\"https:\\\/\\\/trendsandvision.nl\\\/de\\\/wp-content\\\/uploads\\\/sites\\\/3\\\/2025\\\/12\\\/GT431_01.jpg\",\"datePublished\":\"2025-12-29T22:32:57+00:00\",\"dateModified\":\"2026-02-11T07:18:01+00:00\",\"description\":\"Esschert Design Ziehglocke recycelter Kunststoff M ()\",\"breadcrumb\":{\"@id\":\"https:\\\/\\\/trendsandvision.nl\\\/de\\\/product\\\/esschert-design-ziehglocke-recycelter-kunststoff-m\\\/#breadcrumb\"},\"inLanguage\":\"de\",\"potentialAction\":[{\"@type\":\"ReadAction\",\"target\":[\"https:\\\/\\\/trendsandvision.nl\\\/de\\\/product\\\/esschert-design-ziehglocke-recycelter-kunststoff-m\\\/\"]}]},{\"@type\":\"ImageObject\",\"inLanguage\":\"de\",\"@id\":\"https:\\\/\\\/trendsandvision.nl\\\/de\\\/product\\\/esschert-design-ziehglocke-recycelter-kunststoff-m\\\/#primaryimage\",\"url\":\"https:\\\/\\\/trendsandvision.nl\\\/de\\\/wp-content\\\/uploads\\\/sites\\\/3\\\/2025\\\/12\\\/GT431_01.jpg\",\"contentUrl\":\"https:\\\/\\\/trendsandvision.nl\\\/de\\\/wp-content\\\/uploads\\\/sites\\\/3\\\/2025\\\/12\\\/GT431_01.jpg\",\"width\":800,\"height\":800,\"caption\":\"Esschert Design Ziehglocke recycelter Kunststoff M (GT431) B 25.5 X T 25.5 X H 19.8 cm, EAN 8714982298974, Material PET, Eisen, PP, Gewicht 0,075 kg\"},{\"@type\":\"BreadcrumbList\",\"@id\":\"https:\\\/\\\/trendsandvision.nl\\\/de\\\/product\\\/esschert-design-ziehglocke-recycelter-kunststoff-m\\\/#breadcrumb\",\"itemListElement\":[{\"@type\":\"ListItem\",\"position\":1,\"name\":\"Home\",\"item\":\"https:\\\/\\\/trendsandvision.nl\\\/de\\\/\"},{\"@type\":\"ListItem\",\"position\":2,\"name\":\"Gesch\u00e4ft\",\"item\":\"https:\\\/\\\/trendsandvision.nl\\\/de\\\/geschaft\\\/\"},{\"@type\":\"ListItem\",\"position\":3,\"name\":\"Esschert Design Ziehglocke recycelter Kunststoff M\"}]},{\"@type\":\"WebSite\",\"@id\":\"https:\\\/\\\/trendsandvision.nl\\\/de\\\/#website\",\"url\":\"https:\\\/\\\/trendsandvision.nl\\\/de\\\/\",\"name\":\"Trends &amp; Vision (DE)\",\"description\":\"Der Webshop f\u00fcr Esschert Design Artikel\",\"publisher\":{\"@id\":\"https:\\\/\\\/trendsandvision.nl\\\/de\\\/#organization\"},\"potentialAction\":[{\"@type\":\"SearchAction\",\"target\":{\"@type\":\"EntryPoint\",\"urlTemplate\":\"https:\\\/\\\/trendsandvision.nl\\\/de\\\/?s={search_term_string}\"},\"query-input\":{\"@type\":\"PropertyValueSpecification\",\"valueRequired\":true,\"valueName\":\"search_term_string\"}}],\"inLanguage\":\"de\"},{\"@type\":\"Organization\",\"@id\":\"https:\\\/\\\/trendsandvision.nl\\\/de\\\/#organization\",\"name\":\"Trends &amp; Vision (DE)\",\"url\":\"https:\\\/\\\/trendsandvision.nl\\\/de\\\/\",\"logo\":{\"@type\":\"ImageObject\",\"inLanguage\":\"de\",\"@id\":\"https:\\\/\\\/trendsandvision.nl\\\/de\\\/#\\\/schema\\\/logo\\\/image\\\/\",\"url\":\"https:\\\/\\\/trendsandvision.nl\\\/de\\\/wp-content\\\/uploads\\\/sites\\\/3\\\/2022\\\/04\\\/trends-and-vision-logo.jpg\",\"contentUrl\":\"https:\\\/\\\/trendsandvision.nl\\\/de\\\/wp-content\\\/uploads\\\/sites\\\/3\\\/2022\\\/04\\\/trends-and-vision-logo.jpg\",\"width\":213,\"height\":100,\"caption\":\"Trends &amp; Vision (DE)\"},\"image\":{\"@id\":\"https:\\\/\\\/trendsandvision.nl\\\/de\\\/#\\\/schema\\\/logo\\\/image\\\/\"}}]}<\/script>\n<!-- \/ Yoast SEO Premium plugin. -->","yoast_head_json":{"title":"Esschert Design Ziehglocke recycelter Kunststoff M ()","description":"Esschert Design Ziehglocke recycelter Kunststoff M ()","robots":{"index":"index","follow":"follow","max-snippet":"max-snippet:-1","max-image-preview":"max-image-preview:large","max-video-preview":"max-video-preview:-1"},"canonical":"https:\/\/trendsandvision.nl\/de\/product\/esschert-design-ziehglocke-recycelter-kunststoff-m\/","og_locale":"de_DE","og_type":"article","og_title":"Esschert Design Ziehglocke recycelter Kunststoff M","og_description":"Esschert Design Ziehglocke recycelter Kunststoff M ()","og_url":"https:\/\/trendsandvision.nl\/de\/product\/esschert-design-ziehglocke-recycelter-kunststoff-m\/","og_site_name":"Trends &amp; Vision (DE)","article_modified_time":"2026-02-11T07:18:01+00:00","og_image":[{"width":800,"height":800,"url":"https:\/\/trendsandvision.nl\/de\/wp-content\/uploads\/sites\/3\/2025\/12\/GT431_01.jpg","type":"image\/jpeg"}],"twitter_card":"summary_large_image","twitter_misc":{"Gesch\u00e4tzte Lesezeit":"1\u00a0Minute"},"schema":{"@context":"https:\/\/schema.org","@graph":[{"@type":"WebPage","@id":"https:\/\/trendsandvision.nl\/de\/product\/esschert-design-ziehglocke-recycelter-kunststoff-m\/","url":"https:\/\/trendsandvision.nl\/de\/product\/esschert-design-ziehglocke-recycelter-kunststoff-m\/","name":"Esschert Design Ziehglocke recycelter Kunststoff M ()","isPartOf":{"@id":"https:\/\/trendsandvision.nl\/de\/#website"},"primaryImageOfPage":{"@id":"https:\/\/trendsandvision.nl\/de\/product\/esschert-design-ziehglocke-recycelter-kunststoff-m\/#primaryimage"},"image":{"@id":"https:\/\/trendsandvision.nl\/de\/product\/esschert-design-ziehglocke-recycelter-kunststoff-m\/#primaryimage"},"thumbnailUrl":"https:\/\/trendsandvision.nl\/de\/wp-content\/uploads\/sites\/3\/2025\/12\/GT431_01.jpg","datePublished":"2025-12-29T22:32:57+00:00","dateModified":"2026-02-11T07:18:01+00:00","description":"Esschert Design Ziehglocke recycelter Kunststoff M ()","breadcrumb":{"@id":"https:\/\/trendsandvision.nl\/de\/product\/esschert-design-ziehglocke-recycelter-kunststoff-m\/#breadcrumb"},"inLanguage":"de","potentialAction":[{"@type":"ReadAction","target":["https:\/\/trendsandvision.nl\/de\/product\/esschert-design-ziehglocke-recycelter-kunststoff-m\/"]}]},{"@type":"ImageObject","inLanguage":"de","@id":"https:\/\/trendsandvision.nl\/de\/product\/esschert-design-ziehglocke-recycelter-kunststoff-m\/#primaryimage","url":"https:\/\/trendsandvision.nl\/de\/wp-content\/uploads\/sites\/3\/2025\/12\/GT431_01.jpg","contentUrl":"https:\/\/trendsandvision.nl\/de\/wp-content\/uploads\/sites\/3\/2025\/12\/GT431_01.jpg","width":800,"height":800,"caption":"Esschert Design Ziehglocke recycelter Kunststoff M (GT431) B 25.5 X T 25.5 X H 19.8 cm, EAN 8714982298974, Material PET, Eisen, PP, Gewicht 0,075 kg"},{"@type":"BreadcrumbList","@id":"https:\/\/trendsandvision.nl\/de\/product\/esschert-design-ziehglocke-recycelter-kunststoff-m\/#breadcrumb","itemListElement":[{"@type":"ListItem","position":1,"name":"Home","item":"https:\/\/trendsandvision.nl\/de\/"},{"@type":"ListItem","position":2,"name":"Gesch\u00e4ft","item":"https:\/\/trendsandvision.nl\/de\/geschaft\/"},{"@type":"ListItem","position":3,"name":"Esschert Design Ziehglocke recycelter Kunststoff M"}]},{"@type":"WebSite","@id":"https:\/\/trendsandvision.nl\/de\/#website","url":"https:\/\/trendsandvision.nl\/de\/","name":"Trends &amp; Vision (DE)","description":"Der Webshop f\u00fcr Esschert Design Artikel","publisher":{"@id":"https:\/\/trendsandvision.nl\/de\/#organization"},"potentialAction":[{"@type":"SearchAction","target":{"@type":"EntryPoint","urlTemplate":"https:\/\/trendsandvision.nl\/de\/?s={search_term_string}"},"query-input":{"@type":"PropertyValueSpecification","valueRequired":true,"valueName":"search_term_string"}}],"inLanguage":"de"},{"@type":"Organization","@id":"https:\/\/trendsandvision.nl\/de\/#organization","name":"Trends &amp; Vision (DE)","url":"https:\/\/trendsandvision.nl\/de\/","logo":{"@type":"ImageObject","inLanguage":"de","@id":"https:\/\/trendsandvision.nl\/de\/#\/schema\/logo\/image\/","url":"https:\/\/trendsandvision.nl\/de\/wp-content\/uploads\/sites\/3\/2022\/04\/trends-and-vision-logo.jpg","contentUrl":"https:\/\/trendsandvision.nl\/de\/wp-content\/uploads\/sites\/3\/2022\/04\/trends-and-vision-logo.jpg","width":213,"height":100,"caption":"Trends &amp; Vision (DE)"},"image":{"@id":"https:\/\/trendsandvision.nl\/de\/#\/schema\/logo\/image\/"}}]}},"_links":{"self":[{"href":"https:\/\/trendsandvision.nl\/de\/wp-json\/wp\/v2\/product\/23868","targetHints":{"allow":["GET"]}}],"collection":[{"href":"https:\/\/trendsandvision.nl\/de\/wp-json\/wp\/v2\/product"}],"about":[{"href":"https:\/\/trendsandvision.nl\/de\/wp-json\/wp\/v2\/types\/product"}],"wp:featuredmedia":[{"embeddable":true,"href":"https:\/\/trendsandvision.nl\/de\/wp-json\/wp\/v2\/media\/23869"}],"wp:attachment":[{"href":"https:\/\/trendsandvision.nl\/de\/wp-json\/wp\/v2\/media?parent=23868"}],"wp:term":[{"taxonomy":"product_brand","embeddable":true,"href":"https:\/\/trendsandvision.nl\/de\/wp-json\/wp\/v2\/product_brand?post=23868"},{"taxonomy":"product_cat","embeddable":true,"href":"https:\/\/trendsandvision.nl\/de\/wp-json\/wp\/v2\/product_cat?post=23868"},{"taxonomy":"product_tag","embeddable":true,"href":"https:\/\/trendsandvision.nl\/de\/wp-json\/wp\/v2\/product_tag?post=23868"}],"curies":[{"name":"wp","href":"https:\/\/api.w.org\/{rel}","templated":true}]}}