{"id":23839,"date":"2025-12-29T23:32:10","date_gmt":"2025-12-29T22:32:10","guid":{"rendered":"https:\/\/trendsandvision.nl\/de\/product\/esschert-design-schnurhalter-mit-schere-industriel\/"},"modified":"2026-04-22T15:07:50","modified_gmt":"2026-04-22T13:07:50","slug":"esschert-design-schnurhalter-mit-schere-industriel","status":"publish","type":"product","link":"https:\/\/trendsandvision.nl\/de\/product\/esschert-design-schnurhalter-mit-schere-industriel\/","title":{"rendered":"Esschert Design Schnurhalter mit Schere industriel"},"content":{"rendered":"<p>Dieser Bindfadenspender aus Gusseisen bietet Platz f\u00fcr eine Rolle <strong><a href=\"https:\/\/trendsandvision.nl\/de\/?s=Juteschnur&amp;post_type=product&amp;dgwt_wcas=1\">Juteschnur<\/a><\/strong>. Perfekt zum Binden, Befestigen von Pflanzen und Dekorieren im Garten. Die stabile Spule sorgt f\u00fcr einen festen Stand und erm\u00f6glicht ein leichtes Abrollen der Schnur w\u00e4hrend der Arbeit. Der Spender wird mit einer Schere geliefert, um die Schnur einfach und sauber abzuschneiden. Jeder Spender wird nach jahrhundertealter Tradition und Handwerkskunst von Hand gegossen.<\/p>\n<p>Artikelname Schnurhalter mit Schere industriel<br \/>\nArtikelnummer GT416<br \/>\nProduktgr\u00f6\u00dfen in cm B 16.6 X T 9.5 X H 25<br \/>\nBarcode 8714982295720<br \/>\nBruttogewicht 0,874 kg<br \/>\nProduzent: <a href=\"https:\/\/www.esschertdesign.com\/shop\/de\/bindtouwhouder-met-schaar-industr-gt416\" target=\"_blank\">Esschert Design<\/a><\/p>\n","protected":false},"excerpt":{"rendered":"<p>Inklusive Schnur<br \/>\nStabile Halterung<br \/>\nInklusive Schere<br \/>\nGusseisen, Metall, Jute<br \/>\nB 16.6 X T 9.5 X H 25 cm<br \/>\nBarcode 8714982295720<br \/>\nBruttogewicht 0,874 kg<\/p>\n","protected":false},"featured_media":23840,"template":"","meta":[],"product_brand":[9597,9870],"product_cat":[751],"product_tag":[],"class_list":{"0":"post-23839","1":"product","2":"type-product","3":"status-publish","4":"has-post-thumbnail","6":"product_brand-esschert-design","7":"product_brand-trends-vision","8":"product_cat-garden-tools","9":"pa_anbieter-esschert-design","10":"pa_ean-code-10894","12":"first","13":"instock","14":"sale","15":"taxable","16":"shipping-taxable","17":"purchasable","18":"product-type-simple","19":"czr-hentry"},"yoast_head":"<!-- This site is optimized with the Yoast SEO Premium plugin v27.4 (Yoast SEO v27.5) - https:\/\/yoast.com\/product\/yoast-seo-premium-wordpress\/ -->\n<title>Esschert Design Schnurhalter mit Schere industriel (GT416)<\/title>\n<meta name=\"description\" content=\"Esschert Design Schnurhalter mit Schere industriel (GT416) Gusseisen, Metall, Jute, B 16.6 X T 9.5 X H 25 cm, EAN 8714982295720, Gewicht 0,874 kg\" \/>\n<meta name=\"robots\" content=\"index, follow, max-snippet:-1, max-image-preview:large, max-video-preview:-1\" \/>\n<link rel=\"canonical\" href=\"https:\/\/trendsandvision.nl\/de\/product\/esschert-design-schnurhalter-mit-schere-industriel\/\" \/>\n<meta property=\"og:locale\" content=\"de_DE\" \/>\n<meta property=\"og:type\" content=\"article\" \/>\n<meta property=\"og:title\" content=\"Esschert Design Schnurhalter mit Schere industriel\" \/>\n<meta property=\"og:description\" content=\"Esschert Design Schnurhalter mit Schere industriel (GT416) Gusseisen, Metall, Jute, B 16.6 X T 9.5 X H 25 cm, EAN 8714982295720, Gewicht 0,874 kg\" \/>\n<meta property=\"og:url\" content=\"https:\/\/trendsandvision.nl\/de\/product\/esschert-design-schnurhalter-mit-schere-industriel\/\" \/>\n<meta property=\"og:site_name\" content=\"Trends &amp; Vision (DE)\" \/>\n<meta property=\"article:modified_time\" content=\"2026-04-22T13:07:50+00:00\" \/>\n<meta property=\"og:image\" content=\"https:\/\/trendsandvision.nl\/de\/wp-content\/uploads\/sites\/3\/2025\/12\/GT416_01.jpg\" \/>\n\t<meta property=\"og:image:width\" content=\"800\" \/>\n\t<meta property=\"og:image:height\" content=\"800\" \/>\n\t<meta property=\"og:image:type\" content=\"image\/jpeg\" \/>\n<meta name=\"twitter:card\" content=\"summary_large_image\" \/>\n<meta name=\"twitter:label1\" content=\"Gesch\u00e4tzte Lesezeit\" \/>\n\t<meta name=\"twitter:data1\" content=\"1\u00a0Minute\" \/>\n<script type=\"application\/ld+json\" class=\"yoast-schema-graph\">{\"@context\":\"https:\\\/\\\/schema.org\",\"@graph\":[{\"@type\":\"WebPage\",\"@id\":\"https:\\\/\\\/trendsandvision.nl\\\/de\\\/product\\\/esschert-design-schnurhalter-mit-schere-industriel\\\/\",\"url\":\"https:\\\/\\\/trendsandvision.nl\\\/de\\\/product\\\/esschert-design-schnurhalter-mit-schere-industriel\\\/\",\"name\":\"Esschert Design Schnurhalter mit Schere industriel (GT416)\",\"isPartOf\":{\"@id\":\"https:\\\/\\\/trendsandvision.nl\\\/de\\\/#website\"},\"primaryImageOfPage\":{\"@id\":\"https:\\\/\\\/trendsandvision.nl\\\/de\\\/product\\\/esschert-design-schnurhalter-mit-schere-industriel\\\/#primaryimage\"},\"image\":{\"@id\":\"https:\\\/\\\/trendsandvision.nl\\\/de\\\/product\\\/esschert-design-schnurhalter-mit-schere-industriel\\\/#primaryimage\"},\"thumbnailUrl\":\"https:\\\/\\\/trendsandvision.nl\\\/de\\\/wp-content\\\/uploads\\\/sites\\\/3\\\/2025\\\/12\\\/GT416_01.jpg\",\"datePublished\":\"2025-12-29T22:32:10+00:00\",\"dateModified\":\"2026-04-22T13:07:50+00:00\",\"description\":\"Esschert Design Schnurhalter mit Schere industriel (GT416) Gusseisen, Metall, Jute, B 16.6 X T 9.5 X H 25 cm, EAN 8714982295720, Gewicht 0,874 kg\",\"breadcrumb\":{\"@id\":\"https:\\\/\\\/trendsandvision.nl\\\/de\\\/product\\\/esschert-design-schnurhalter-mit-schere-industriel\\\/#breadcrumb\"},\"inLanguage\":\"de\",\"potentialAction\":[{\"@type\":\"ReadAction\",\"target\":[\"https:\\\/\\\/trendsandvision.nl\\\/de\\\/product\\\/esschert-design-schnurhalter-mit-schere-industriel\\\/\"]}]},{\"@type\":\"ImageObject\",\"inLanguage\":\"de\",\"@id\":\"https:\\\/\\\/trendsandvision.nl\\\/de\\\/product\\\/esschert-design-schnurhalter-mit-schere-industriel\\\/#primaryimage\",\"url\":\"https:\\\/\\\/trendsandvision.nl\\\/de\\\/wp-content\\\/uploads\\\/sites\\\/3\\\/2025\\\/12\\\/GT416_01.jpg\",\"contentUrl\":\"https:\\\/\\\/trendsandvision.nl\\\/de\\\/wp-content\\\/uploads\\\/sites\\\/3\\\/2025\\\/12\\\/GT416_01.jpg\",\"width\":800,\"height\":800,\"caption\":\"Esschert Design Schnurhalter mit Schere industriel (GT416) Gusseisen, Metall, Jute, B 16.6 X T 9.5 X H 25 cm, EAN 8714982295720, Gewicht 0,874 kg\"},{\"@type\":\"BreadcrumbList\",\"@id\":\"https:\\\/\\\/trendsandvision.nl\\\/de\\\/product\\\/esschert-design-schnurhalter-mit-schere-industriel\\\/#breadcrumb\",\"itemListElement\":[{\"@type\":\"ListItem\",\"position\":1,\"name\":\"Home\",\"item\":\"https:\\\/\\\/trendsandvision.nl\\\/de\\\/\"},{\"@type\":\"ListItem\",\"position\":2,\"name\":\"Gesch\u00e4ft\",\"item\":\"https:\\\/\\\/trendsandvision.nl\\\/de\\\/geschaft\\\/\"},{\"@type\":\"ListItem\",\"position\":3,\"name\":\"Esschert Design Schnurhalter mit Schere industriel\"}]},{\"@type\":\"WebSite\",\"@id\":\"https:\\\/\\\/trendsandvision.nl\\\/de\\\/#website\",\"url\":\"https:\\\/\\\/trendsandvision.nl\\\/de\\\/\",\"name\":\"Trends &amp; Vision (DE)\",\"description\":\"Der Webshop f\u00fcr Esschert Design Artikel\",\"publisher\":{\"@id\":\"https:\\\/\\\/trendsandvision.nl\\\/de\\\/#organization\"},\"potentialAction\":[{\"@type\":\"SearchAction\",\"target\":{\"@type\":\"EntryPoint\",\"urlTemplate\":\"https:\\\/\\\/trendsandvision.nl\\\/de\\\/?s={search_term_string}\"},\"query-input\":{\"@type\":\"PropertyValueSpecification\",\"valueRequired\":true,\"valueName\":\"search_term_string\"}}],\"inLanguage\":\"de\"},{\"@type\":\"Organization\",\"@id\":\"https:\\\/\\\/trendsandvision.nl\\\/de\\\/#organization\",\"name\":\"Trends &amp; Vision (DE)\",\"url\":\"https:\\\/\\\/trendsandvision.nl\\\/de\\\/\",\"logo\":{\"@type\":\"ImageObject\",\"inLanguage\":\"de\",\"@id\":\"https:\\\/\\\/trendsandvision.nl\\\/de\\\/#\\\/schema\\\/logo\\\/image\\\/\",\"url\":\"https:\\\/\\\/trendsandvision.nl\\\/de\\\/wp-content\\\/uploads\\\/sites\\\/3\\\/2022\\\/04\\\/trends-and-vision-logo.jpg\",\"contentUrl\":\"https:\\\/\\\/trendsandvision.nl\\\/de\\\/wp-content\\\/uploads\\\/sites\\\/3\\\/2022\\\/04\\\/trends-and-vision-logo.jpg\",\"width\":213,\"height\":100,\"caption\":\"Trends &amp; Vision (DE)\"},\"image\":{\"@id\":\"https:\\\/\\\/trendsandvision.nl\\\/de\\\/#\\\/schema\\\/logo\\\/image\\\/\"}}]}<\/script>\n<!-- \/ Yoast SEO Premium plugin. -->","yoast_head_json":{"title":"Esschert Design Schnurhalter mit Schere industriel (GT416)","description":"Esschert Design Schnurhalter mit Schere industriel (GT416) Gusseisen, Metall, Jute, B 16.6 X T 9.5 X H 25 cm, EAN 8714982295720, Gewicht 0,874 kg","robots":{"index":"index","follow":"follow","max-snippet":"max-snippet:-1","max-image-preview":"max-image-preview:large","max-video-preview":"max-video-preview:-1"},"canonical":"https:\/\/trendsandvision.nl\/de\/product\/esschert-design-schnurhalter-mit-schere-industriel\/","og_locale":"de_DE","og_type":"article","og_title":"Esschert Design Schnurhalter mit Schere industriel","og_description":"Esschert Design Schnurhalter mit Schere industriel (GT416) Gusseisen, Metall, Jute, B 16.6 X T 9.5 X H 25 cm, EAN 8714982295720, Gewicht 0,874 kg","og_url":"https:\/\/trendsandvision.nl\/de\/product\/esschert-design-schnurhalter-mit-schere-industriel\/","og_site_name":"Trends &amp; Vision (DE)","article_modified_time":"2026-04-22T13:07:50+00:00","og_image":[{"width":800,"height":800,"url":"https:\/\/trendsandvision.nl\/de\/wp-content\/uploads\/sites\/3\/2025\/12\/GT416_01.jpg","type":"image\/jpeg"}],"twitter_card":"summary_large_image","twitter_misc":{"Gesch\u00e4tzte Lesezeit":"1\u00a0Minute"},"schema":{"@context":"https:\/\/schema.org","@graph":[{"@type":"WebPage","@id":"https:\/\/trendsandvision.nl\/de\/product\/esschert-design-schnurhalter-mit-schere-industriel\/","url":"https:\/\/trendsandvision.nl\/de\/product\/esschert-design-schnurhalter-mit-schere-industriel\/","name":"Esschert Design Schnurhalter mit Schere industriel (GT416)","isPartOf":{"@id":"https:\/\/trendsandvision.nl\/de\/#website"},"primaryImageOfPage":{"@id":"https:\/\/trendsandvision.nl\/de\/product\/esschert-design-schnurhalter-mit-schere-industriel\/#primaryimage"},"image":{"@id":"https:\/\/trendsandvision.nl\/de\/product\/esschert-design-schnurhalter-mit-schere-industriel\/#primaryimage"},"thumbnailUrl":"https:\/\/trendsandvision.nl\/de\/wp-content\/uploads\/sites\/3\/2025\/12\/GT416_01.jpg","datePublished":"2025-12-29T22:32:10+00:00","dateModified":"2026-04-22T13:07:50+00:00","description":"Esschert Design Schnurhalter mit Schere industriel (GT416) Gusseisen, Metall, Jute, B 16.6 X T 9.5 X H 25 cm, EAN 8714982295720, Gewicht 0,874 kg","breadcrumb":{"@id":"https:\/\/trendsandvision.nl\/de\/product\/esschert-design-schnurhalter-mit-schere-industriel\/#breadcrumb"},"inLanguage":"de","potentialAction":[{"@type":"ReadAction","target":["https:\/\/trendsandvision.nl\/de\/product\/esschert-design-schnurhalter-mit-schere-industriel\/"]}]},{"@type":"ImageObject","inLanguage":"de","@id":"https:\/\/trendsandvision.nl\/de\/product\/esschert-design-schnurhalter-mit-schere-industriel\/#primaryimage","url":"https:\/\/trendsandvision.nl\/de\/wp-content\/uploads\/sites\/3\/2025\/12\/GT416_01.jpg","contentUrl":"https:\/\/trendsandvision.nl\/de\/wp-content\/uploads\/sites\/3\/2025\/12\/GT416_01.jpg","width":800,"height":800,"caption":"Esschert Design Schnurhalter mit Schere industriel (GT416) Gusseisen, Metall, Jute, B 16.6 X T 9.5 X H 25 cm, EAN 8714982295720, Gewicht 0,874 kg"},{"@type":"BreadcrumbList","@id":"https:\/\/trendsandvision.nl\/de\/product\/esschert-design-schnurhalter-mit-schere-industriel\/#breadcrumb","itemListElement":[{"@type":"ListItem","position":1,"name":"Home","item":"https:\/\/trendsandvision.nl\/de\/"},{"@type":"ListItem","position":2,"name":"Gesch\u00e4ft","item":"https:\/\/trendsandvision.nl\/de\/geschaft\/"},{"@type":"ListItem","position":3,"name":"Esschert Design Schnurhalter mit Schere industriel"}]},{"@type":"WebSite","@id":"https:\/\/trendsandvision.nl\/de\/#website","url":"https:\/\/trendsandvision.nl\/de\/","name":"Trends &amp; Vision (DE)","description":"Der Webshop f\u00fcr Esschert Design Artikel","publisher":{"@id":"https:\/\/trendsandvision.nl\/de\/#organization"},"potentialAction":[{"@type":"SearchAction","target":{"@type":"EntryPoint","urlTemplate":"https:\/\/trendsandvision.nl\/de\/?s={search_term_string}"},"query-input":{"@type":"PropertyValueSpecification","valueRequired":true,"valueName":"search_term_string"}}],"inLanguage":"de"},{"@type":"Organization","@id":"https:\/\/trendsandvision.nl\/de\/#organization","name":"Trends &amp; Vision (DE)","url":"https:\/\/trendsandvision.nl\/de\/","logo":{"@type":"ImageObject","inLanguage":"de","@id":"https:\/\/trendsandvision.nl\/de\/#\/schema\/logo\/image\/","url":"https:\/\/trendsandvision.nl\/de\/wp-content\/uploads\/sites\/3\/2022\/04\/trends-and-vision-logo.jpg","contentUrl":"https:\/\/trendsandvision.nl\/de\/wp-content\/uploads\/sites\/3\/2022\/04\/trends-and-vision-logo.jpg","width":213,"height":100,"caption":"Trends &amp; Vision (DE)"},"image":{"@id":"https:\/\/trendsandvision.nl\/de\/#\/schema\/logo\/image\/"}}]}},"_links":{"self":[{"href":"https:\/\/trendsandvision.nl\/de\/wp-json\/wp\/v2\/product\/23839","targetHints":{"allow":["GET"]}}],"collection":[{"href":"https:\/\/trendsandvision.nl\/de\/wp-json\/wp\/v2\/product"}],"about":[{"href":"https:\/\/trendsandvision.nl\/de\/wp-json\/wp\/v2\/types\/product"}],"wp:featuredmedia":[{"embeddable":true,"href":"https:\/\/trendsandvision.nl\/de\/wp-json\/wp\/v2\/media\/23840"}],"wp:attachment":[{"href":"https:\/\/trendsandvision.nl\/de\/wp-json\/wp\/v2\/media?parent=23839"}],"wp:term":[{"taxonomy":"product_brand","embeddable":true,"href":"https:\/\/trendsandvision.nl\/de\/wp-json\/wp\/v2\/product_brand?post=23839"},{"taxonomy":"product_cat","embeddable":true,"href":"https:\/\/trendsandvision.nl\/de\/wp-json\/wp\/v2\/product_cat?post=23839"},{"taxonomy":"product_tag","embeddable":true,"href":"https:\/\/trendsandvision.nl\/de\/wp-json\/wp\/v2\/product_tag?post=23839"}],"curies":[{"name":"wp","href":"https:\/\/api.w.org\/{rel}","templated":true}]}}