{"id":23821,"date":"2025-12-29T23:31:44","date_gmt":"2025-12-29T22:31:44","guid":{"rendered":"https:\/\/trendsandvision.nl\/de\/product\/esschert-design-multi-pflanzholz-eschenholz\/"},"modified":"2026-04-22T15:07:48","modified_gmt":"2026-04-22T13:07:48","slug":"esschert-design-multi-pflanzholz-eschenholz","status":"publish","type":"product","link":"https:\/\/trendsandvision.nl\/de\/product\/esschert-design-multi-pflanzholz-eschenholz\/","title":{"rendered":"Esschert Design Multi- Pflanzholz Eschenholz"},"content":{"rendered":"<p>Dieser Multi-Pflanzstock aus Eschenholz ist das ideale Werkzeug f\u00fcr effizientes und gleichm\u00e4\u00dfiges <strong><a href=\"https:\/\/trendsandvision.nl\/de\/?s=S\u00e4en&amp;post_type=product&amp;dgwt_wcas=1\">S\u00e4en<\/a><\/strong>. Mit seinen 8 stabilen Holzkegeln lassen sich mit einem einzigen Druck acht gleichm\u00e4\u00dfig verteilte Pflanzl\u00f6cher herstellen. Perfekt f\u00fcr Saatschalen und Blument\u00f6pfe. Der Griff sorgt f\u00fcr einen festen Halt und erm\u00f6glicht das gleichm\u00e4\u00dfige Aus\u00fcben von Druck. Spart Zeit und schafft ideale Bedingungen f\u00fcr die Keimung von Samen.<\/p>\n<p>Artikelname Multi- Pflanzholz Eschenholz<br \/>\nArtikelnummer GT412<br \/>\nProduktgr\u00f6\u00dfen in cm B 10 X T 20 X H 15<br \/>\nBarcode 8714982295447<br \/>\nMaterial 100% Eschenholz<br \/>\nGewicht 0,234 kg<br \/>\nProduzent: <a href=\"https:\/\/www.esschertdesign.com\/shop\/de\/multi-pootstok-essenhout-gt412\" target=\"_blank\">Esschert Design<\/a><\/p>\n","protected":false},"excerpt":{"rendered":"<p>Erstellt gleichm\u00e4\u00dfig verteilte Pflanzl\u00f6cher<br \/>\nFester Griff<br \/>\nIdeal f\u00fcr effizientes und gleichm\u00e4\u00dfiges S\u00e4en<br \/>\nB 10 X T 20 X H 15 cm<br \/>\nBarcode 8714982295447<br \/>\nMaterial 100% Eschenholz<br \/>\nGewicht 0,234 kg<\/p>\n","protected":false},"featured_media":23822,"template":"","meta":[],"product_brand":[9597,9870],"product_cat":[751],"product_tag":[],"class_list":{"0":"post-23821","1":"product","2":"type-product","3":"status-publish","4":"has-post-thumbnail","6":"product_brand-esschert-design","7":"product_brand-trends-vision","8":"product_cat-garden-tools","9":"pa_anbieter-esschert-design","10":"pa_ean-code-10890","12":"first","13":"outofstock","14":"sale","15":"taxable","16":"shipping-taxable","17":"purchasable","18":"product-type-simple","19":"czr-hentry"},"yoast_head":"<!-- This site is optimized with the Yoast SEO Premium plugin v27.4 (Yoast SEO v27.5) - https:\/\/yoast.com\/product\/yoast-seo-premium-wordpress\/ -->\n<title>Esschert Design Multi- Pflanzholz Eschenholz (GT412)<\/title>\n<meta name=\"description\" content=\"Esschert Design Multi- Pflanzholz Eschenholz (GT412) B 10 X T 20 X H 15 cm, Barcode 8714982295447, Material 100% Eschenholz, Gewicht 0,234 kg\" \/>\n<meta name=\"robots\" content=\"index, follow, max-snippet:-1, max-image-preview:large, max-video-preview:-1\" \/>\n<link rel=\"canonical\" href=\"https:\/\/trendsandvision.nl\/de\/product\/esschert-design-multi-pflanzholz-eschenholz\/\" \/>\n<meta property=\"og:locale\" content=\"de_DE\" \/>\n<meta property=\"og:type\" content=\"article\" \/>\n<meta property=\"og:title\" content=\"Esschert Design Multi- Pflanzholz Eschenholz\" \/>\n<meta property=\"og:description\" content=\"Esschert Design Multi- Pflanzholz Eschenholz (GT412) B 10 X T 20 X H 15 cm, Barcode 8714982295447, Material 100% Eschenholz, Gewicht 0,234 kg\" \/>\n<meta property=\"og:url\" content=\"https:\/\/trendsandvision.nl\/de\/product\/esschert-design-multi-pflanzholz-eschenholz\/\" \/>\n<meta property=\"og:site_name\" content=\"Trends &amp; Vision (DE)\" \/>\n<meta property=\"article:modified_time\" content=\"2026-04-22T13:07:48+00:00\" \/>\n<meta property=\"og:image\" content=\"https:\/\/trendsandvision.nl\/de\/wp-content\/uploads\/sites\/3\/2025\/12\/GT412_01.jpg\" \/>\n\t<meta property=\"og:image:width\" content=\"800\" \/>\n\t<meta property=\"og:image:height\" content=\"800\" \/>\n\t<meta property=\"og:image:type\" content=\"image\/jpeg\" \/>\n<meta name=\"twitter:card\" content=\"summary_large_image\" \/>\n<meta name=\"twitter:label1\" content=\"Gesch\u00e4tzte Lesezeit\" \/>\n\t<meta name=\"twitter:data1\" content=\"1\u00a0Minute\" \/>\n<script type=\"application\/ld+json\" class=\"yoast-schema-graph\">{\"@context\":\"https:\\\/\\\/schema.org\",\"@graph\":[{\"@type\":\"WebPage\",\"@id\":\"https:\\\/\\\/trendsandvision.nl\\\/de\\\/product\\\/esschert-design-multi-pflanzholz-eschenholz\\\/\",\"url\":\"https:\\\/\\\/trendsandvision.nl\\\/de\\\/product\\\/esschert-design-multi-pflanzholz-eschenholz\\\/\",\"name\":\"Esschert Design Multi- Pflanzholz Eschenholz (GT412)\",\"isPartOf\":{\"@id\":\"https:\\\/\\\/trendsandvision.nl\\\/de\\\/#website\"},\"primaryImageOfPage\":{\"@id\":\"https:\\\/\\\/trendsandvision.nl\\\/de\\\/product\\\/esschert-design-multi-pflanzholz-eschenholz\\\/#primaryimage\"},\"image\":{\"@id\":\"https:\\\/\\\/trendsandvision.nl\\\/de\\\/product\\\/esschert-design-multi-pflanzholz-eschenholz\\\/#primaryimage\"},\"thumbnailUrl\":\"https:\\\/\\\/trendsandvision.nl\\\/de\\\/wp-content\\\/uploads\\\/sites\\\/3\\\/2025\\\/12\\\/GT412_01.jpg\",\"datePublished\":\"2025-12-29T22:31:44+00:00\",\"dateModified\":\"2026-04-22T13:07:48+00:00\",\"description\":\"Esschert Design Multi- Pflanzholz Eschenholz (GT412) B 10 X T 20 X H 15 cm, Barcode 8714982295447, Material 100% Eschenholz, Gewicht 0,234 kg\",\"breadcrumb\":{\"@id\":\"https:\\\/\\\/trendsandvision.nl\\\/de\\\/product\\\/esschert-design-multi-pflanzholz-eschenholz\\\/#breadcrumb\"},\"inLanguage\":\"de\",\"potentialAction\":[{\"@type\":\"ReadAction\",\"target\":[\"https:\\\/\\\/trendsandvision.nl\\\/de\\\/product\\\/esschert-design-multi-pflanzholz-eschenholz\\\/\"]}]},{\"@type\":\"ImageObject\",\"inLanguage\":\"de\",\"@id\":\"https:\\\/\\\/trendsandvision.nl\\\/de\\\/product\\\/esschert-design-multi-pflanzholz-eschenholz\\\/#primaryimage\",\"url\":\"https:\\\/\\\/trendsandvision.nl\\\/de\\\/wp-content\\\/uploads\\\/sites\\\/3\\\/2025\\\/12\\\/GT412_01.jpg\",\"contentUrl\":\"https:\\\/\\\/trendsandvision.nl\\\/de\\\/wp-content\\\/uploads\\\/sites\\\/3\\\/2025\\\/12\\\/GT412_01.jpg\",\"width\":800,\"height\":800,\"caption\":\"Esschert Design Multi- Pflanzholz Eschenholz (GT412) B 10 X T 20 X H 15 cm, Barcode 8714982295447, Material 100% Eschenholz, Gewicht 0,234 kg\"},{\"@type\":\"BreadcrumbList\",\"@id\":\"https:\\\/\\\/trendsandvision.nl\\\/de\\\/product\\\/esschert-design-multi-pflanzholz-eschenholz\\\/#breadcrumb\",\"itemListElement\":[{\"@type\":\"ListItem\",\"position\":1,\"name\":\"Home\",\"item\":\"https:\\\/\\\/trendsandvision.nl\\\/de\\\/\"},{\"@type\":\"ListItem\",\"position\":2,\"name\":\"Gesch\u00e4ft\",\"item\":\"https:\\\/\\\/trendsandvision.nl\\\/de\\\/geschaft\\\/\"},{\"@type\":\"ListItem\",\"position\":3,\"name\":\"Esschert Design Multi- Pflanzholz Eschenholz\"}]},{\"@type\":\"WebSite\",\"@id\":\"https:\\\/\\\/trendsandvision.nl\\\/de\\\/#website\",\"url\":\"https:\\\/\\\/trendsandvision.nl\\\/de\\\/\",\"name\":\"Trends &amp; Vision (DE)\",\"description\":\"Der Webshop f\u00fcr Esschert Design Artikel\",\"publisher\":{\"@id\":\"https:\\\/\\\/trendsandvision.nl\\\/de\\\/#organization\"},\"potentialAction\":[{\"@type\":\"SearchAction\",\"target\":{\"@type\":\"EntryPoint\",\"urlTemplate\":\"https:\\\/\\\/trendsandvision.nl\\\/de\\\/?s={search_term_string}\"},\"query-input\":{\"@type\":\"PropertyValueSpecification\",\"valueRequired\":true,\"valueName\":\"search_term_string\"}}],\"inLanguage\":\"de\"},{\"@type\":\"Organization\",\"@id\":\"https:\\\/\\\/trendsandvision.nl\\\/de\\\/#organization\",\"name\":\"Trends &amp; Vision (DE)\",\"url\":\"https:\\\/\\\/trendsandvision.nl\\\/de\\\/\",\"logo\":{\"@type\":\"ImageObject\",\"inLanguage\":\"de\",\"@id\":\"https:\\\/\\\/trendsandvision.nl\\\/de\\\/#\\\/schema\\\/logo\\\/image\\\/\",\"url\":\"https:\\\/\\\/trendsandvision.nl\\\/de\\\/wp-content\\\/uploads\\\/sites\\\/3\\\/2022\\\/04\\\/trends-and-vision-logo.jpg\",\"contentUrl\":\"https:\\\/\\\/trendsandvision.nl\\\/de\\\/wp-content\\\/uploads\\\/sites\\\/3\\\/2022\\\/04\\\/trends-and-vision-logo.jpg\",\"width\":213,\"height\":100,\"caption\":\"Trends &amp; Vision (DE)\"},\"image\":{\"@id\":\"https:\\\/\\\/trendsandvision.nl\\\/de\\\/#\\\/schema\\\/logo\\\/image\\\/\"}}]}<\/script>\n<!-- \/ Yoast SEO Premium plugin. -->","yoast_head_json":{"title":"Esschert Design Multi- Pflanzholz Eschenholz (GT412)","description":"Esschert Design Multi- Pflanzholz Eschenholz (GT412) B 10 X T 20 X H 15 cm, Barcode 8714982295447, Material 100% Eschenholz, Gewicht 0,234 kg","robots":{"index":"index","follow":"follow","max-snippet":"max-snippet:-1","max-image-preview":"max-image-preview:large","max-video-preview":"max-video-preview:-1"},"canonical":"https:\/\/trendsandvision.nl\/de\/product\/esschert-design-multi-pflanzholz-eschenholz\/","og_locale":"de_DE","og_type":"article","og_title":"Esschert Design Multi- Pflanzholz Eschenholz","og_description":"Esschert Design Multi- Pflanzholz Eschenholz (GT412) B 10 X T 20 X H 15 cm, Barcode 8714982295447, Material 100% Eschenholz, Gewicht 0,234 kg","og_url":"https:\/\/trendsandvision.nl\/de\/product\/esschert-design-multi-pflanzholz-eschenholz\/","og_site_name":"Trends &amp; Vision (DE)","article_modified_time":"2026-04-22T13:07:48+00:00","og_image":[{"width":800,"height":800,"url":"https:\/\/trendsandvision.nl\/de\/wp-content\/uploads\/sites\/3\/2025\/12\/GT412_01.jpg","type":"image\/jpeg"}],"twitter_card":"summary_large_image","twitter_misc":{"Gesch\u00e4tzte Lesezeit":"1\u00a0Minute"},"schema":{"@context":"https:\/\/schema.org","@graph":[{"@type":"WebPage","@id":"https:\/\/trendsandvision.nl\/de\/product\/esschert-design-multi-pflanzholz-eschenholz\/","url":"https:\/\/trendsandvision.nl\/de\/product\/esschert-design-multi-pflanzholz-eschenholz\/","name":"Esschert Design Multi- Pflanzholz Eschenholz (GT412)","isPartOf":{"@id":"https:\/\/trendsandvision.nl\/de\/#website"},"primaryImageOfPage":{"@id":"https:\/\/trendsandvision.nl\/de\/product\/esschert-design-multi-pflanzholz-eschenholz\/#primaryimage"},"image":{"@id":"https:\/\/trendsandvision.nl\/de\/product\/esschert-design-multi-pflanzholz-eschenholz\/#primaryimage"},"thumbnailUrl":"https:\/\/trendsandvision.nl\/de\/wp-content\/uploads\/sites\/3\/2025\/12\/GT412_01.jpg","datePublished":"2025-12-29T22:31:44+00:00","dateModified":"2026-04-22T13:07:48+00:00","description":"Esschert Design Multi- Pflanzholz Eschenholz (GT412) B 10 X T 20 X H 15 cm, Barcode 8714982295447, Material 100% Eschenholz, Gewicht 0,234 kg","breadcrumb":{"@id":"https:\/\/trendsandvision.nl\/de\/product\/esschert-design-multi-pflanzholz-eschenholz\/#breadcrumb"},"inLanguage":"de","potentialAction":[{"@type":"ReadAction","target":["https:\/\/trendsandvision.nl\/de\/product\/esschert-design-multi-pflanzholz-eschenholz\/"]}]},{"@type":"ImageObject","inLanguage":"de","@id":"https:\/\/trendsandvision.nl\/de\/product\/esschert-design-multi-pflanzholz-eschenholz\/#primaryimage","url":"https:\/\/trendsandvision.nl\/de\/wp-content\/uploads\/sites\/3\/2025\/12\/GT412_01.jpg","contentUrl":"https:\/\/trendsandvision.nl\/de\/wp-content\/uploads\/sites\/3\/2025\/12\/GT412_01.jpg","width":800,"height":800,"caption":"Esschert Design Multi- Pflanzholz Eschenholz (GT412) B 10 X T 20 X H 15 cm, Barcode 8714982295447, Material 100% Eschenholz, Gewicht 0,234 kg"},{"@type":"BreadcrumbList","@id":"https:\/\/trendsandvision.nl\/de\/product\/esschert-design-multi-pflanzholz-eschenholz\/#breadcrumb","itemListElement":[{"@type":"ListItem","position":1,"name":"Home","item":"https:\/\/trendsandvision.nl\/de\/"},{"@type":"ListItem","position":2,"name":"Gesch\u00e4ft","item":"https:\/\/trendsandvision.nl\/de\/geschaft\/"},{"@type":"ListItem","position":3,"name":"Esschert Design Multi- Pflanzholz Eschenholz"}]},{"@type":"WebSite","@id":"https:\/\/trendsandvision.nl\/de\/#website","url":"https:\/\/trendsandvision.nl\/de\/","name":"Trends &amp; Vision (DE)","description":"Der Webshop f\u00fcr Esschert Design Artikel","publisher":{"@id":"https:\/\/trendsandvision.nl\/de\/#organization"},"potentialAction":[{"@type":"SearchAction","target":{"@type":"EntryPoint","urlTemplate":"https:\/\/trendsandvision.nl\/de\/?s={search_term_string}"},"query-input":{"@type":"PropertyValueSpecification","valueRequired":true,"valueName":"search_term_string"}}],"inLanguage":"de"},{"@type":"Organization","@id":"https:\/\/trendsandvision.nl\/de\/#organization","name":"Trends &amp; Vision (DE)","url":"https:\/\/trendsandvision.nl\/de\/","logo":{"@type":"ImageObject","inLanguage":"de","@id":"https:\/\/trendsandvision.nl\/de\/#\/schema\/logo\/image\/","url":"https:\/\/trendsandvision.nl\/de\/wp-content\/uploads\/sites\/3\/2022\/04\/trends-and-vision-logo.jpg","contentUrl":"https:\/\/trendsandvision.nl\/de\/wp-content\/uploads\/sites\/3\/2022\/04\/trends-and-vision-logo.jpg","width":213,"height":100,"caption":"Trends &amp; Vision (DE)"},"image":{"@id":"https:\/\/trendsandvision.nl\/de\/#\/schema\/logo\/image\/"}}]}},"_links":{"self":[{"href":"https:\/\/trendsandvision.nl\/de\/wp-json\/wp\/v2\/product\/23821","targetHints":{"allow":["GET"]}}],"collection":[{"href":"https:\/\/trendsandvision.nl\/de\/wp-json\/wp\/v2\/product"}],"about":[{"href":"https:\/\/trendsandvision.nl\/de\/wp-json\/wp\/v2\/types\/product"}],"wp:featuredmedia":[{"embeddable":true,"href":"https:\/\/trendsandvision.nl\/de\/wp-json\/wp\/v2\/media\/23822"}],"wp:attachment":[{"href":"https:\/\/trendsandvision.nl\/de\/wp-json\/wp\/v2\/media?parent=23821"}],"wp:term":[{"taxonomy":"product_brand","embeddable":true,"href":"https:\/\/trendsandvision.nl\/de\/wp-json\/wp\/v2\/product_brand?post=23821"},{"taxonomy":"product_cat","embeddable":true,"href":"https:\/\/trendsandvision.nl\/de\/wp-json\/wp\/v2\/product_cat?post=23821"},{"taxonomy":"product_tag","embeddable":true,"href":"https:\/\/trendsandvision.nl\/de\/wp-json\/wp\/v2\/product_tag?post=23821"}],"curies":[{"name":"wp","href":"https:\/\/api.w.org\/{rel}","templated":true}]}}