{"id":23818,"date":"2025-12-29T23:31:44","date_gmt":"2025-12-29T22:31:44","guid":{"rendered":"https:\/\/trendsandvision.nl\/de\/product\/esschert-design-pikiergabel-2-1-eschenholz\/"},"modified":"2026-04-22T15:07:47","modified_gmt":"2026-04-22T13:07:47","slug":"esschert-design-pikiergabel-2-1-eschenholz","status":"publish","type":"product","link":"https:\/\/trendsandvision.nl\/de\/product\/esschert-design-pikiergabel-2-1-eschenholz\/","title":{"rendered":"Esschert Design Pikiergabel 2-1 Eschenholz"},"content":{"rendered":"<p>Dieses Pikierwerkzeug aus Eschenholz vereint Schaufel und Gabel in einem praktischen <strong><a href=\"https:\/\/trendsandvision.nl\/de\/?s=Werkzeug&amp;post_type=product&amp;dgwt_wcas=1\">Werkzeug<\/a><\/strong>. Perfekt zum Trennen und <strong><a href=\"https:\/\/trendsandvision.nl\/de\/?s=Umpflanzen&amp;post_type=product&amp;dgwt_wcas=1\">Umpflanzen<\/a><\/strong> junger S\u00e4mlinge. Die fein gearbeitete Spitze erm\u00f6glicht pr\u00e4zises Arbeiten, ohne die empfindlichen Wurzeln zu besch\u00e4digen. Dank der ergonomischen Form liegt das Werkzeug angenehm in der Hand und macht das Pikieren besonders einfach.<\/p>\n<p>Artikelname Pikiergabel 2-1 Eschenholz<br \/>\nArtikelnummer GT411<br \/>\nProduktgr\u00f6\u00dfen in cm B 20 X T 0.8 X H 14.9<br \/>\nBarcode 8714982295430<br \/>\nMaterial 100% Eschenholz<br \/>\nGewicht 0,009 kg<br \/>\nProduzent: <a href=\"https:\/\/www.esschertdesign.com\/shop\/de\/pootvork-2-1-essenhout-gt411\" target=\"_blank\">Esschert Design<\/a><\/p>\n","protected":false},"excerpt":{"rendered":"<p>Hergestellt aus Eschenholz<br \/>\nLiegt angenehm in der Hand<br \/>\nPerfekt zum Trennen und Umpflanzen junger S\u00e4mlinge<br \/>\nB 20 X T 0.8 X H 14.9 cm<br \/>\nBarcode 8714982295430<br \/>\nMaterial 100% Eschenholz<br \/>\nGewicht 0,009 kg<\/p>\n","protected":false},"featured_media":23819,"template":"","meta":[],"product_brand":[9597,9870],"product_cat":[751],"product_tag":[],"class_list":{"0":"post-23818","1":"product","2":"type-product","3":"status-publish","4":"has-post-thumbnail","6":"product_brand-esschert-design","7":"product_brand-trends-vision","8":"product_cat-garden-tools","9":"pa_anbieter-esschert-design","10":"pa_ean-code-10889","12":"first","13":"outofstock","14":"sale","15":"taxable","16":"shipping-taxable","17":"purchasable","18":"product-type-simple","19":"czr-hentry"},"yoast_head":"<!-- This site is optimized with the Yoast SEO Premium plugin v27.4 (Yoast SEO v27.5) - https:\/\/yoast.com\/product\/yoast-seo-premium-wordpress\/ -->\n<title>Esschert Design Pikiergabel 2-1 Eschenholz GT411<\/title>\n<meta name=\"description\" content=\"Esschert Design Pikiergabel 2-1 Eschenholz (GT411) B 20 X T 0.8 X H 14.9 cm, Barcode 8714982295430, Material 100% Eschenholz, Gewicht 0,009 kg\" \/>\n<meta name=\"robots\" content=\"index, follow, max-snippet:-1, max-image-preview:large, max-video-preview:-1\" \/>\n<link rel=\"canonical\" href=\"https:\/\/trendsandvision.nl\/de\/product\/esschert-design-pikiergabel-2-1-eschenholz\/\" \/>\n<meta property=\"og:locale\" content=\"de_DE\" \/>\n<meta property=\"og:type\" content=\"article\" \/>\n<meta property=\"og:title\" content=\"Esschert Design Pikiergabel 2-1 Eschenholz\" \/>\n<meta property=\"og:description\" content=\"Esschert Design Pikiergabel 2-1 Eschenholz (GT411) B 20 X T 0.8 X H 14.9 cm, Barcode 8714982295430, Material 100% Eschenholz, Gewicht 0,009 kg\" \/>\n<meta property=\"og:url\" content=\"https:\/\/trendsandvision.nl\/de\/product\/esschert-design-pikiergabel-2-1-eschenholz\/\" \/>\n<meta property=\"og:site_name\" content=\"Trends &amp; Vision (DE)\" \/>\n<meta property=\"article:modified_time\" content=\"2026-04-22T13:07:47+00:00\" \/>\n<meta property=\"og:image\" content=\"https:\/\/trendsandvision.nl\/de\/wp-content\/uploads\/sites\/3\/2025\/12\/GT411_01.jpg\" \/>\n\t<meta property=\"og:image:width\" content=\"800\" \/>\n\t<meta property=\"og:image:height\" content=\"800\" \/>\n\t<meta property=\"og:image:type\" content=\"image\/jpeg\" \/>\n<meta name=\"twitter:card\" content=\"summary_large_image\" \/>\n<meta name=\"twitter:label1\" content=\"Gesch\u00e4tzte Lesezeit\" \/>\n\t<meta name=\"twitter:data1\" content=\"1\u00a0Minute\" \/>\n<script type=\"application\/ld+json\" class=\"yoast-schema-graph\">{\"@context\":\"https:\\\/\\\/schema.org\",\"@graph\":[{\"@type\":\"WebPage\",\"@id\":\"https:\\\/\\\/trendsandvision.nl\\\/de\\\/product\\\/esschert-design-pikiergabel-2-1-eschenholz\\\/\",\"url\":\"https:\\\/\\\/trendsandvision.nl\\\/de\\\/product\\\/esschert-design-pikiergabel-2-1-eschenholz\\\/\",\"name\":\"Esschert Design Pikiergabel 2-1 Eschenholz GT411\",\"isPartOf\":{\"@id\":\"https:\\\/\\\/trendsandvision.nl\\\/de\\\/#website\"},\"primaryImageOfPage\":{\"@id\":\"https:\\\/\\\/trendsandvision.nl\\\/de\\\/product\\\/esschert-design-pikiergabel-2-1-eschenholz\\\/#primaryimage\"},\"image\":{\"@id\":\"https:\\\/\\\/trendsandvision.nl\\\/de\\\/product\\\/esschert-design-pikiergabel-2-1-eschenholz\\\/#primaryimage\"},\"thumbnailUrl\":\"https:\\\/\\\/trendsandvision.nl\\\/de\\\/wp-content\\\/uploads\\\/sites\\\/3\\\/2025\\\/12\\\/GT411_01.jpg\",\"datePublished\":\"2025-12-29T22:31:44+00:00\",\"dateModified\":\"2026-04-22T13:07:47+00:00\",\"description\":\"Esschert Design Pikiergabel 2-1 Eschenholz (GT411) B 20 X T 0.8 X H 14.9 cm, Barcode 8714982295430, Material 100% Eschenholz, Gewicht 0,009 kg\",\"breadcrumb\":{\"@id\":\"https:\\\/\\\/trendsandvision.nl\\\/de\\\/product\\\/esschert-design-pikiergabel-2-1-eschenholz\\\/#breadcrumb\"},\"inLanguage\":\"de\",\"potentialAction\":[{\"@type\":\"ReadAction\",\"target\":[\"https:\\\/\\\/trendsandvision.nl\\\/de\\\/product\\\/esschert-design-pikiergabel-2-1-eschenholz\\\/\"]}]},{\"@type\":\"ImageObject\",\"inLanguage\":\"de\",\"@id\":\"https:\\\/\\\/trendsandvision.nl\\\/de\\\/product\\\/esschert-design-pikiergabel-2-1-eschenholz\\\/#primaryimage\",\"url\":\"https:\\\/\\\/trendsandvision.nl\\\/de\\\/wp-content\\\/uploads\\\/sites\\\/3\\\/2025\\\/12\\\/GT411_01.jpg\",\"contentUrl\":\"https:\\\/\\\/trendsandvision.nl\\\/de\\\/wp-content\\\/uploads\\\/sites\\\/3\\\/2025\\\/12\\\/GT411_01.jpg\",\"width\":800,\"height\":800,\"caption\":\"Esschert Design Pikiergabel 2-1 Eschenholz (GT411) B 20 X T 0.8 X H 14.9 cm, Barcode 8714982295430, Material 100% Eschenholz, Gewicht 0,009 kg\"},{\"@type\":\"BreadcrumbList\",\"@id\":\"https:\\\/\\\/trendsandvision.nl\\\/de\\\/product\\\/esschert-design-pikiergabel-2-1-eschenholz\\\/#breadcrumb\",\"itemListElement\":[{\"@type\":\"ListItem\",\"position\":1,\"name\":\"Home\",\"item\":\"https:\\\/\\\/trendsandvision.nl\\\/de\\\/\"},{\"@type\":\"ListItem\",\"position\":2,\"name\":\"Gesch\u00e4ft\",\"item\":\"https:\\\/\\\/trendsandvision.nl\\\/de\\\/geschaft\\\/\"},{\"@type\":\"ListItem\",\"position\":3,\"name\":\"Esschert Design Pikiergabel 2-1 Eschenholz\"}]},{\"@type\":\"WebSite\",\"@id\":\"https:\\\/\\\/trendsandvision.nl\\\/de\\\/#website\",\"url\":\"https:\\\/\\\/trendsandvision.nl\\\/de\\\/\",\"name\":\"Trends &amp; Vision (DE)\",\"description\":\"Der Webshop f\u00fcr Esschert Design Artikel\",\"publisher\":{\"@id\":\"https:\\\/\\\/trendsandvision.nl\\\/de\\\/#organization\"},\"potentialAction\":[{\"@type\":\"SearchAction\",\"target\":{\"@type\":\"EntryPoint\",\"urlTemplate\":\"https:\\\/\\\/trendsandvision.nl\\\/de\\\/?s={search_term_string}\"},\"query-input\":{\"@type\":\"PropertyValueSpecification\",\"valueRequired\":true,\"valueName\":\"search_term_string\"}}],\"inLanguage\":\"de\"},{\"@type\":\"Organization\",\"@id\":\"https:\\\/\\\/trendsandvision.nl\\\/de\\\/#organization\",\"name\":\"Trends &amp; Vision (DE)\",\"url\":\"https:\\\/\\\/trendsandvision.nl\\\/de\\\/\",\"logo\":{\"@type\":\"ImageObject\",\"inLanguage\":\"de\",\"@id\":\"https:\\\/\\\/trendsandvision.nl\\\/de\\\/#\\\/schema\\\/logo\\\/image\\\/\",\"url\":\"https:\\\/\\\/trendsandvision.nl\\\/de\\\/wp-content\\\/uploads\\\/sites\\\/3\\\/2022\\\/04\\\/trends-and-vision-logo.jpg\",\"contentUrl\":\"https:\\\/\\\/trendsandvision.nl\\\/de\\\/wp-content\\\/uploads\\\/sites\\\/3\\\/2022\\\/04\\\/trends-and-vision-logo.jpg\",\"width\":213,\"height\":100,\"caption\":\"Trends &amp; Vision (DE)\"},\"image\":{\"@id\":\"https:\\\/\\\/trendsandvision.nl\\\/de\\\/#\\\/schema\\\/logo\\\/image\\\/\"}}]}<\/script>\n<!-- \/ Yoast SEO Premium plugin. -->","yoast_head_json":{"title":"Esschert Design Pikiergabel 2-1 Eschenholz GT411","description":"Esschert Design Pikiergabel 2-1 Eschenholz (GT411) B 20 X T 0.8 X H 14.9 cm, Barcode 8714982295430, Material 100% Eschenholz, Gewicht 0,009 kg","robots":{"index":"index","follow":"follow","max-snippet":"max-snippet:-1","max-image-preview":"max-image-preview:large","max-video-preview":"max-video-preview:-1"},"canonical":"https:\/\/trendsandvision.nl\/de\/product\/esschert-design-pikiergabel-2-1-eschenholz\/","og_locale":"de_DE","og_type":"article","og_title":"Esschert Design Pikiergabel 2-1 Eschenholz","og_description":"Esschert Design Pikiergabel 2-1 Eschenholz (GT411) B 20 X T 0.8 X H 14.9 cm, Barcode 8714982295430, Material 100% Eschenholz, Gewicht 0,009 kg","og_url":"https:\/\/trendsandvision.nl\/de\/product\/esschert-design-pikiergabel-2-1-eschenholz\/","og_site_name":"Trends &amp; Vision (DE)","article_modified_time":"2026-04-22T13:07:47+00:00","og_image":[{"width":800,"height":800,"url":"https:\/\/trendsandvision.nl\/de\/wp-content\/uploads\/sites\/3\/2025\/12\/GT411_01.jpg","type":"image\/jpeg"}],"twitter_card":"summary_large_image","twitter_misc":{"Gesch\u00e4tzte Lesezeit":"1\u00a0Minute"},"schema":{"@context":"https:\/\/schema.org","@graph":[{"@type":"WebPage","@id":"https:\/\/trendsandvision.nl\/de\/product\/esschert-design-pikiergabel-2-1-eschenholz\/","url":"https:\/\/trendsandvision.nl\/de\/product\/esschert-design-pikiergabel-2-1-eschenholz\/","name":"Esschert Design Pikiergabel 2-1 Eschenholz GT411","isPartOf":{"@id":"https:\/\/trendsandvision.nl\/de\/#website"},"primaryImageOfPage":{"@id":"https:\/\/trendsandvision.nl\/de\/product\/esschert-design-pikiergabel-2-1-eschenholz\/#primaryimage"},"image":{"@id":"https:\/\/trendsandvision.nl\/de\/product\/esschert-design-pikiergabel-2-1-eschenholz\/#primaryimage"},"thumbnailUrl":"https:\/\/trendsandvision.nl\/de\/wp-content\/uploads\/sites\/3\/2025\/12\/GT411_01.jpg","datePublished":"2025-12-29T22:31:44+00:00","dateModified":"2026-04-22T13:07:47+00:00","description":"Esschert Design Pikiergabel 2-1 Eschenholz (GT411) B 20 X T 0.8 X H 14.9 cm, Barcode 8714982295430, Material 100% Eschenholz, Gewicht 0,009 kg","breadcrumb":{"@id":"https:\/\/trendsandvision.nl\/de\/product\/esschert-design-pikiergabel-2-1-eschenholz\/#breadcrumb"},"inLanguage":"de","potentialAction":[{"@type":"ReadAction","target":["https:\/\/trendsandvision.nl\/de\/product\/esschert-design-pikiergabel-2-1-eschenholz\/"]}]},{"@type":"ImageObject","inLanguage":"de","@id":"https:\/\/trendsandvision.nl\/de\/product\/esschert-design-pikiergabel-2-1-eschenholz\/#primaryimage","url":"https:\/\/trendsandvision.nl\/de\/wp-content\/uploads\/sites\/3\/2025\/12\/GT411_01.jpg","contentUrl":"https:\/\/trendsandvision.nl\/de\/wp-content\/uploads\/sites\/3\/2025\/12\/GT411_01.jpg","width":800,"height":800,"caption":"Esschert Design Pikiergabel 2-1 Eschenholz (GT411) B 20 X T 0.8 X H 14.9 cm, Barcode 8714982295430, Material 100% Eschenholz, Gewicht 0,009 kg"},{"@type":"BreadcrumbList","@id":"https:\/\/trendsandvision.nl\/de\/product\/esschert-design-pikiergabel-2-1-eschenholz\/#breadcrumb","itemListElement":[{"@type":"ListItem","position":1,"name":"Home","item":"https:\/\/trendsandvision.nl\/de\/"},{"@type":"ListItem","position":2,"name":"Gesch\u00e4ft","item":"https:\/\/trendsandvision.nl\/de\/geschaft\/"},{"@type":"ListItem","position":3,"name":"Esschert Design Pikiergabel 2-1 Eschenholz"}]},{"@type":"WebSite","@id":"https:\/\/trendsandvision.nl\/de\/#website","url":"https:\/\/trendsandvision.nl\/de\/","name":"Trends &amp; Vision (DE)","description":"Der Webshop f\u00fcr Esschert Design Artikel","publisher":{"@id":"https:\/\/trendsandvision.nl\/de\/#organization"},"potentialAction":[{"@type":"SearchAction","target":{"@type":"EntryPoint","urlTemplate":"https:\/\/trendsandvision.nl\/de\/?s={search_term_string}"},"query-input":{"@type":"PropertyValueSpecification","valueRequired":true,"valueName":"search_term_string"}}],"inLanguage":"de"},{"@type":"Organization","@id":"https:\/\/trendsandvision.nl\/de\/#organization","name":"Trends &amp; Vision (DE)","url":"https:\/\/trendsandvision.nl\/de\/","logo":{"@type":"ImageObject","inLanguage":"de","@id":"https:\/\/trendsandvision.nl\/de\/#\/schema\/logo\/image\/","url":"https:\/\/trendsandvision.nl\/de\/wp-content\/uploads\/sites\/3\/2022\/04\/trends-and-vision-logo.jpg","contentUrl":"https:\/\/trendsandvision.nl\/de\/wp-content\/uploads\/sites\/3\/2022\/04\/trends-and-vision-logo.jpg","width":213,"height":100,"caption":"Trends &amp; Vision (DE)"},"image":{"@id":"https:\/\/trendsandvision.nl\/de\/#\/schema\/logo\/image\/"}}]}},"_links":{"self":[{"href":"https:\/\/trendsandvision.nl\/de\/wp-json\/wp\/v2\/product\/23818","targetHints":{"allow":["GET"]}}],"collection":[{"href":"https:\/\/trendsandvision.nl\/de\/wp-json\/wp\/v2\/product"}],"about":[{"href":"https:\/\/trendsandvision.nl\/de\/wp-json\/wp\/v2\/types\/product"}],"wp:featuredmedia":[{"embeddable":true,"href":"https:\/\/trendsandvision.nl\/de\/wp-json\/wp\/v2\/media\/23819"}],"wp:attachment":[{"href":"https:\/\/trendsandvision.nl\/de\/wp-json\/wp\/v2\/media?parent=23818"}],"wp:term":[{"taxonomy":"product_brand","embeddable":true,"href":"https:\/\/trendsandvision.nl\/de\/wp-json\/wp\/v2\/product_brand?post=23818"},{"taxonomy":"product_cat","embeddable":true,"href":"https:\/\/trendsandvision.nl\/de\/wp-json\/wp\/v2\/product_cat?post=23818"},{"taxonomy":"product_tag","embeddable":true,"href":"https:\/\/trendsandvision.nl\/de\/wp-json\/wp\/v2\/product_tag?post=23818"}],"curies":[{"name":"wp","href":"https:\/\/api.w.org\/{rel}","templated":true}]}}