{"id":23808,"date":"2025-12-29T23:31:14","date_gmt":"2025-12-29T22:31:14","guid":{"rendered":"https:\/\/trendsandvision.nl\/de\/product\/esschert-design-fugenkratzer-2\/"},"modified":"2026-04-22T15:07:43","modified_gmt":"2026-04-22T13:07:43","slug":"esschert-design-fugenkratzer-2","status":"publish","type":"product","link":"https:\/\/trendsandvision.nl\/de\/product\/esschert-design-fugenkratzer-2\/","title":{"rendered":"Esschert Design Fugenkratzer"},"content":{"rendered":"<p>Dieser <strong><a href=\"https:\/\/trendsandvision.nl\/de\/?s=Fugenkratzer&amp;post_type=product&amp;dgwt_wcas=1\">Fugenkratzer<\/a><\/strong> besteht aus Eschenholz und Edelstahl. Er ist das perfekte Werkzeug zum Entfernen von hartn\u00e4ckigem Schmutz, Moos und Unkraut aus Ritzen und Fugen. Die scharfe Klinge erleichtert das Schaben und Reinigen. Besonders effektiv ist der Kratzer auf Pflasterfl\u00e4chen, Wegen oder Beeten zwischen Pflanzen. Dank seiner pr\u00e4zisen Form erreicht er auch schwer zug\u00e4ngliche Stellen f\u00fcr eine gr\u00fcndliche Reinigung. Der Griff liegt sehr angenehm in der Hand und sorgt f\u00fcr einen festen Halt.<\/p>\n<p>Artikelname Fugenkratzer<br \/>\nArtikelnummer GT405<br \/>\nProduktgr\u00f6\u00dfen in cm B 4.5 X T 2.4 X H 19.4<br \/>\nBarcode 8714982294433<br \/>\nMaterial 57.1% Edelstahl, 42.9% Eschenholz<br \/>\nGewicht 0,143 kg<br \/>\nProduzent: <a href=\"https:\/\/www.esschertdesign.com\/shop\/de\/tegelrits-gt405\" target=\"_blank\">Esschert Design<\/a><\/p>\n","protected":false},"excerpt":{"rendered":"<p>Hergestellt aus Eschenholz und Edelstahl<br \/>\nBequemer und stabiler Griff<br \/>\nLange Lebensdauer<br \/>\nB 4.5 X T 2.4 X H 19.4 cm<br \/>\nBarcode 8714982294433<br \/>\nMaterial 57.1% Edelstahl, 42.9% Eschenholz<br \/>\nGewicht 0,143 kg<\/p>\n","protected":false},"featured_media":23809,"template":"","meta":[],"product_brand":[9597,9870],"product_cat":[751],"product_tag":[11114],"class_list":{"0":"post-23808","1":"product","2":"type-product","3":"status-publish","4":"has-post-thumbnail","6":"product_brand-esschert-design","7":"product_brand-trends-vision","8":"product_cat-garden-tools","9":"product_tag-lange-lebensdauer","10":"pa_anbieter-esschert-design","11":"pa_ean-code-10885","13":"first","14":"instock","15":"sale","16":"taxable","17":"shipping-taxable","18":"purchasable","19":"product-type-simple","20":"czr-hentry"},"yoast_head":"<!-- This site is optimized with the Yoast SEO Premium plugin v27.4 (Yoast SEO v27.5) - https:\/\/yoast.com\/product\/yoast-seo-premium-wordpress\/ -->\n<title>Esschert Design Fugenkratzer (GT405) EAN 8714982294433<\/title>\n<meta name=\"description\" content=\"Esschert Design Fugenkratzer (GT405) B 4.5 X T 2.4 X H 19.4 cm, EAN 8714982294433, Material 57.1% Edelstahl, 42.9% Eschenholz, Gewicht 0,143 kg\" \/>\n<meta name=\"robots\" content=\"index, follow, max-snippet:-1, max-image-preview:large, max-video-preview:-1\" \/>\n<link rel=\"canonical\" href=\"https:\/\/trendsandvision.nl\/de\/product\/esschert-design-fugenkratzer-2\/\" \/>\n<meta property=\"og:locale\" content=\"de_DE\" \/>\n<meta property=\"og:type\" content=\"article\" \/>\n<meta property=\"og:title\" content=\"Esschert Design Fugenkratzer\" \/>\n<meta property=\"og:description\" content=\"Esschert Design Fugenkratzer (GT405) B 4.5 X T 2.4 X H 19.4 cm, EAN 8714982294433, Material 57.1% Edelstahl, 42.9% Eschenholz, Gewicht 0,143 kg\" \/>\n<meta property=\"og:url\" content=\"https:\/\/trendsandvision.nl\/de\/product\/esschert-design-fugenkratzer-2\/\" \/>\n<meta property=\"og:site_name\" content=\"Trends &amp; Vision (DE)\" \/>\n<meta property=\"article:modified_time\" content=\"2026-04-22T13:07:43+00:00\" \/>\n<meta property=\"og:image\" content=\"https:\/\/trendsandvision.nl\/de\/wp-content\/uploads\/sites\/3\/2025\/12\/GT405_01.jpg\" \/>\n\t<meta property=\"og:image:width\" content=\"800\" \/>\n\t<meta property=\"og:image:height\" content=\"800\" \/>\n\t<meta property=\"og:image:type\" content=\"image\/jpeg\" \/>\n<meta name=\"twitter:card\" content=\"summary_large_image\" \/>\n<meta name=\"twitter:label1\" content=\"Gesch\u00e4tzte Lesezeit\" \/>\n\t<meta name=\"twitter:data1\" content=\"1\u00a0Minute\" \/>\n<script type=\"application\/ld+json\" class=\"yoast-schema-graph\">{\"@context\":\"https:\\\/\\\/schema.org\",\"@graph\":[{\"@type\":\"WebPage\",\"@id\":\"https:\\\/\\\/trendsandvision.nl\\\/de\\\/product\\\/esschert-design-fugenkratzer-2\\\/\",\"url\":\"https:\\\/\\\/trendsandvision.nl\\\/de\\\/product\\\/esschert-design-fugenkratzer-2\\\/\",\"name\":\"Esschert Design Fugenkratzer (GT405) EAN 8714982294433\",\"isPartOf\":{\"@id\":\"https:\\\/\\\/trendsandvision.nl\\\/de\\\/#website\"},\"primaryImageOfPage\":{\"@id\":\"https:\\\/\\\/trendsandvision.nl\\\/de\\\/product\\\/esschert-design-fugenkratzer-2\\\/#primaryimage\"},\"image\":{\"@id\":\"https:\\\/\\\/trendsandvision.nl\\\/de\\\/product\\\/esschert-design-fugenkratzer-2\\\/#primaryimage\"},\"thumbnailUrl\":\"https:\\\/\\\/trendsandvision.nl\\\/de\\\/wp-content\\\/uploads\\\/sites\\\/3\\\/2025\\\/12\\\/GT405_01.jpg\",\"datePublished\":\"2025-12-29T22:31:14+00:00\",\"dateModified\":\"2026-04-22T13:07:43+00:00\",\"description\":\"Esschert Design Fugenkratzer (GT405) B 4.5 X T 2.4 X H 19.4 cm, EAN 8714982294433, Material 57.1% Edelstahl, 42.9% Eschenholz, Gewicht 0,143 kg\",\"breadcrumb\":{\"@id\":\"https:\\\/\\\/trendsandvision.nl\\\/de\\\/product\\\/esschert-design-fugenkratzer-2\\\/#breadcrumb\"},\"inLanguage\":\"de\",\"potentialAction\":[{\"@type\":\"ReadAction\",\"target\":[\"https:\\\/\\\/trendsandvision.nl\\\/de\\\/product\\\/esschert-design-fugenkratzer-2\\\/\"]}]},{\"@type\":\"ImageObject\",\"inLanguage\":\"de\",\"@id\":\"https:\\\/\\\/trendsandvision.nl\\\/de\\\/product\\\/esschert-design-fugenkratzer-2\\\/#primaryimage\",\"url\":\"https:\\\/\\\/trendsandvision.nl\\\/de\\\/wp-content\\\/uploads\\\/sites\\\/3\\\/2025\\\/12\\\/GT405_01.jpg\",\"contentUrl\":\"https:\\\/\\\/trendsandvision.nl\\\/de\\\/wp-content\\\/uploads\\\/sites\\\/3\\\/2025\\\/12\\\/GT405_01.jpg\",\"width\":800,\"height\":800,\"caption\":\"Esschert Design Fugenkratzer (GT405) B 4.5 X T 2.4 X H 19.4 cm, EAN 8714982294433, Material 57.1% Edelstahl, 42.9% Eschenholz, Gewicht 0,143 kg\"},{\"@type\":\"BreadcrumbList\",\"@id\":\"https:\\\/\\\/trendsandvision.nl\\\/de\\\/product\\\/esschert-design-fugenkratzer-2\\\/#breadcrumb\",\"itemListElement\":[{\"@type\":\"ListItem\",\"position\":1,\"name\":\"Home\",\"item\":\"https:\\\/\\\/trendsandvision.nl\\\/de\\\/\"},{\"@type\":\"ListItem\",\"position\":2,\"name\":\"Gesch\u00e4ft\",\"item\":\"https:\\\/\\\/trendsandvision.nl\\\/de\\\/geschaft\\\/\"},{\"@type\":\"ListItem\",\"position\":3,\"name\":\"Esschert Design Fugenkratzer\"}]},{\"@type\":\"WebSite\",\"@id\":\"https:\\\/\\\/trendsandvision.nl\\\/de\\\/#website\",\"url\":\"https:\\\/\\\/trendsandvision.nl\\\/de\\\/\",\"name\":\"Trends &amp; Vision (DE)\",\"description\":\"Der Webshop f\u00fcr Esschert Design Artikel\",\"publisher\":{\"@id\":\"https:\\\/\\\/trendsandvision.nl\\\/de\\\/#organization\"},\"potentialAction\":[{\"@type\":\"SearchAction\",\"target\":{\"@type\":\"EntryPoint\",\"urlTemplate\":\"https:\\\/\\\/trendsandvision.nl\\\/de\\\/?s={search_term_string}\"},\"query-input\":{\"@type\":\"PropertyValueSpecification\",\"valueRequired\":true,\"valueName\":\"search_term_string\"}}],\"inLanguage\":\"de\"},{\"@type\":\"Organization\",\"@id\":\"https:\\\/\\\/trendsandvision.nl\\\/de\\\/#organization\",\"name\":\"Trends &amp; Vision (DE)\",\"url\":\"https:\\\/\\\/trendsandvision.nl\\\/de\\\/\",\"logo\":{\"@type\":\"ImageObject\",\"inLanguage\":\"de\",\"@id\":\"https:\\\/\\\/trendsandvision.nl\\\/de\\\/#\\\/schema\\\/logo\\\/image\\\/\",\"url\":\"https:\\\/\\\/trendsandvision.nl\\\/de\\\/wp-content\\\/uploads\\\/sites\\\/3\\\/2022\\\/04\\\/trends-and-vision-logo.jpg\",\"contentUrl\":\"https:\\\/\\\/trendsandvision.nl\\\/de\\\/wp-content\\\/uploads\\\/sites\\\/3\\\/2022\\\/04\\\/trends-and-vision-logo.jpg\",\"width\":213,\"height\":100,\"caption\":\"Trends &amp; Vision (DE)\"},\"image\":{\"@id\":\"https:\\\/\\\/trendsandvision.nl\\\/de\\\/#\\\/schema\\\/logo\\\/image\\\/\"}}]}<\/script>\n<!-- \/ Yoast SEO Premium plugin. -->","yoast_head_json":{"title":"Esschert Design Fugenkratzer (GT405) EAN 8714982294433","description":"Esschert Design Fugenkratzer (GT405) B 4.5 X T 2.4 X H 19.4 cm, EAN 8714982294433, Material 57.1% Edelstahl, 42.9% Eschenholz, Gewicht 0,143 kg","robots":{"index":"index","follow":"follow","max-snippet":"max-snippet:-1","max-image-preview":"max-image-preview:large","max-video-preview":"max-video-preview:-1"},"canonical":"https:\/\/trendsandvision.nl\/de\/product\/esschert-design-fugenkratzer-2\/","og_locale":"de_DE","og_type":"article","og_title":"Esschert Design Fugenkratzer","og_description":"Esschert Design Fugenkratzer (GT405) B 4.5 X T 2.4 X H 19.4 cm, EAN 8714982294433, Material 57.1% Edelstahl, 42.9% Eschenholz, Gewicht 0,143 kg","og_url":"https:\/\/trendsandvision.nl\/de\/product\/esschert-design-fugenkratzer-2\/","og_site_name":"Trends &amp; Vision (DE)","article_modified_time":"2026-04-22T13:07:43+00:00","og_image":[{"width":800,"height":800,"url":"https:\/\/trendsandvision.nl\/de\/wp-content\/uploads\/sites\/3\/2025\/12\/GT405_01.jpg","type":"image\/jpeg"}],"twitter_card":"summary_large_image","twitter_misc":{"Gesch\u00e4tzte Lesezeit":"1\u00a0Minute"},"schema":{"@context":"https:\/\/schema.org","@graph":[{"@type":"WebPage","@id":"https:\/\/trendsandvision.nl\/de\/product\/esschert-design-fugenkratzer-2\/","url":"https:\/\/trendsandvision.nl\/de\/product\/esschert-design-fugenkratzer-2\/","name":"Esschert Design Fugenkratzer (GT405) EAN 8714982294433","isPartOf":{"@id":"https:\/\/trendsandvision.nl\/de\/#website"},"primaryImageOfPage":{"@id":"https:\/\/trendsandvision.nl\/de\/product\/esschert-design-fugenkratzer-2\/#primaryimage"},"image":{"@id":"https:\/\/trendsandvision.nl\/de\/product\/esschert-design-fugenkratzer-2\/#primaryimage"},"thumbnailUrl":"https:\/\/trendsandvision.nl\/de\/wp-content\/uploads\/sites\/3\/2025\/12\/GT405_01.jpg","datePublished":"2025-12-29T22:31:14+00:00","dateModified":"2026-04-22T13:07:43+00:00","description":"Esschert Design Fugenkratzer (GT405) B 4.5 X T 2.4 X H 19.4 cm, EAN 8714982294433, Material 57.1% Edelstahl, 42.9% Eschenholz, Gewicht 0,143 kg","breadcrumb":{"@id":"https:\/\/trendsandvision.nl\/de\/product\/esschert-design-fugenkratzer-2\/#breadcrumb"},"inLanguage":"de","potentialAction":[{"@type":"ReadAction","target":["https:\/\/trendsandvision.nl\/de\/product\/esschert-design-fugenkratzer-2\/"]}]},{"@type":"ImageObject","inLanguage":"de","@id":"https:\/\/trendsandvision.nl\/de\/product\/esschert-design-fugenkratzer-2\/#primaryimage","url":"https:\/\/trendsandvision.nl\/de\/wp-content\/uploads\/sites\/3\/2025\/12\/GT405_01.jpg","contentUrl":"https:\/\/trendsandvision.nl\/de\/wp-content\/uploads\/sites\/3\/2025\/12\/GT405_01.jpg","width":800,"height":800,"caption":"Esschert Design Fugenkratzer (GT405) B 4.5 X T 2.4 X H 19.4 cm, EAN 8714982294433, Material 57.1% Edelstahl, 42.9% Eschenholz, Gewicht 0,143 kg"},{"@type":"BreadcrumbList","@id":"https:\/\/trendsandvision.nl\/de\/product\/esschert-design-fugenkratzer-2\/#breadcrumb","itemListElement":[{"@type":"ListItem","position":1,"name":"Home","item":"https:\/\/trendsandvision.nl\/de\/"},{"@type":"ListItem","position":2,"name":"Gesch\u00e4ft","item":"https:\/\/trendsandvision.nl\/de\/geschaft\/"},{"@type":"ListItem","position":3,"name":"Esschert Design Fugenkratzer"}]},{"@type":"WebSite","@id":"https:\/\/trendsandvision.nl\/de\/#website","url":"https:\/\/trendsandvision.nl\/de\/","name":"Trends &amp; Vision (DE)","description":"Der Webshop f\u00fcr Esschert Design Artikel","publisher":{"@id":"https:\/\/trendsandvision.nl\/de\/#organization"},"potentialAction":[{"@type":"SearchAction","target":{"@type":"EntryPoint","urlTemplate":"https:\/\/trendsandvision.nl\/de\/?s={search_term_string}"},"query-input":{"@type":"PropertyValueSpecification","valueRequired":true,"valueName":"search_term_string"}}],"inLanguage":"de"},{"@type":"Organization","@id":"https:\/\/trendsandvision.nl\/de\/#organization","name":"Trends &amp; Vision (DE)","url":"https:\/\/trendsandvision.nl\/de\/","logo":{"@type":"ImageObject","inLanguage":"de","@id":"https:\/\/trendsandvision.nl\/de\/#\/schema\/logo\/image\/","url":"https:\/\/trendsandvision.nl\/de\/wp-content\/uploads\/sites\/3\/2022\/04\/trends-and-vision-logo.jpg","contentUrl":"https:\/\/trendsandvision.nl\/de\/wp-content\/uploads\/sites\/3\/2022\/04\/trends-and-vision-logo.jpg","width":213,"height":100,"caption":"Trends &amp; Vision (DE)"},"image":{"@id":"https:\/\/trendsandvision.nl\/de\/#\/schema\/logo\/image\/"}}]}},"_links":{"self":[{"href":"https:\/\/trendsandvision.nl\/de\/wp-json\/wp\/v2\/product\/23808","targetHints":{"allow":["GET"]}}],"collection":[{"href":"https:\/\/trendsandvision.nl\/de\/wp-json\/wp\/v2\/product"}],"about":[{"href":"https:\/\/trendsandvision.nl\/de\/wp-json\/wp\/v2\/types\/product"}],"wp:featuredmedia":[{"embeddable":true,"href":"https:\/\/trendsandvision.nl\/de\/wp-json\/wp\/v2\/media\/23809"}],"wp:attachment":[{"href":"https:\/\/trendsandvision.nl\/de\/wp-json\/wp\/v2\/media?parent=23808"}],"wp:term":[{"taxonomy":"product_brand","embeddable":true,"href":"https:\/\/trendsandvision.nl\/de\/wp-json\/wp\/v2\/product_brand?post=23808"},{"taxonomy":"product_cat","embeddable":true,"href":"https:\/\/trendsandvision.nl\/de\/wp-json\/wp\/v2\/product_cat?post=23808"},{"taxonomy":"product_tag","embeddable":true,"href":"https:\/\/trendsandvision.nl\/de\/wp-json\/wp\/v2\/product_tag?post=23808"}],"curies":[{"name":"wp","href":"https:\/\/api.w.org\/{rel}","templated":true}]}}