{"id":23788,"date":"2025-12-29T23:30:52","date_gmt":"2025-12-29T22:30:52","guid":{"rendered":"https:\/\/trendsandvision.nl\/de\/product\/esschert-design-pflanzschildhalter-bueroklammer\/"},"modified":"2026-04-22T15:07:39","modified_gmt":"2026-04-22T13:07:39","slug":"esschert-design-pflanzschildhalter-bueroklammer","status":"publish","type":"product","link":"https:\/\/trendsandvision.nl\/de\/product\/esschert-design-pflanzschildhalter-bueroklammer\/","title":{"rendered":"Esschert Design Pflanzschildhalter B\u00fcroklammer"},"content":{"rendered":"<p>Diese riesige B\u00fcroklammer\/<strong><a href=\"https:\/\/trendsandvision.nl\/de\/?s=pflanzschild&amp;post_type=product&amp;dgwt_wcas=1\">Pflanzenschilder<\/a><\/strong> mit verl\u00e4ngertem Stiel ist eine kreative L\u00f6sung zum Beschriften von Pflanzen und Samen im Garten. Dank des verl\u00e4ngerten Stiels l\u00e4sst sich die Klammer leicht in die Erde stecken und bleibt stabil stehen. In die Klammer k\u00f6nnen Sie einen Samenbeutel oder ein Etikett einlegen, auf dem Sie notieren, welche Samen oder Zwiebeln Sie gepflanzt haben. So wissen Sie immer, welche Pflanzen in Ihrem Garten wachsen.<\/p>\n<p>Artikelname Pflanzschildhalter B\u00fcroklammer<br \/>\nArtikelnummer GT397<br \/>\nProduktgr\u00f6\u00dfen in cm B 5.3 X T 0.5 X H 37<br \/>\nBarcode 8714982292903<br \/>\nMaterial 100% Eisen<br \/>\nGewicht 0,08 kg<br \/>\nProduzent: <a href=\"https:\/\/www.esschertdesign.com\/shop\/de\/plantenlabelhouder-paperclip-gt397\" target=\"_blank\">Esschert Design<\/a><\/p>\n","protected":false},"excerpt":{"rendered":"<p>Verl\u00e4ngerter Stiel<br \/>\nLeicht in die Erde zu stecken<br \/>\nSteht stabil und sicher<br \/>\nB 5.3 X T 0.5 X H 37 cm<br \/>\nBarcode 8714982292903<br \/>\nMaterial 100% Eisen<br \/>\nGewicht 0,08 kg<\/p>\n","protected":false},"featured_media":23789,"template":"","meta":[],"product_brand":[9597,9870],"product_cat":[751],"product_tag":[8478,11115,7320,11116],"class_list":{"0":"post-23788","1":"product","2":"type-product","3":"status-publish","4":"has-post-thumbnail","6":"product_brand-esschert-design","7":"product_brand-trends-vision","8":"product_cat-garden-tools","9":"product_tag-behaelter","10":"product_tag-pflanzenschilder","11":"product_tag-pflanzschilder","12":"product_tag-pflanzschildhalter","13":"pa_anbieter-esschert-design","14":"pa_ean-code-10880","16":"first","17":"instock","18":"sale","19":"taxable","20":"shipping-taxable","21":"purchasable","22":"product-type-simple","23":"czr-hentry"},"yoast_head":"<!-- This site is optimized with the Yoast SEO Premium plugin v27.4 (Yoast SEO v27.5) - https:\/\/yoast.com\/product\/yoast-seo-premium-wordpress\/ -->\n<title>Esschert Design Pflanzschildhalter B\u00fcroklammer (GT397)<\/title>\n<meta name=\"description\" content=\"Esschert Design Pflanzschildhalter B\u00fcroklammer (GT397) B 5.3 X T 0.5 X H 37 cm, Barcode 8714982292903, Material 100% Eisen, Gewicht 0,08 kg\" \/>\n<meta name=\"robots\" content=\"index, follow, max-snippet:-1, max-image-preview:large, max-video-preview:-1\" \/>\n<link rel=\"canonical\" href=\"https:\/\/trendsandvision.nl\/de\/product\/esschert-design-pflanzschildhalter-bueroklammer\/\" \/>\n<meta property=\"og:locale\" content=\"de_DE\" \/>\n<meta property=\"og:type\" content=\"article\" \/>\n<meta property=\"og:title\" content=\"Esschert Design Pflanzschildhalter B\u00fcroklammer\" \/>\n<meta property=\"og:description\" content=\"Esschert Design Pflanzschildhalter B\u00fcroklammer (GT397) B 5.3 X T 0.5 X H 37 cm, Barcode 8714982292903, Material 100% Eisen, Gewicht 0,08 kg\" \/>\n<meta property=\"og:url\" content=\"https:\/\/trendsandvision.nl\/de\/product\/esschert-design-pflanzschildhalter-bueroklammer\/\" \/>\n<meta property=\"og:site_name\" content=\"Trends &amp; Vision (DE)\" \/>\n<meta property=\"article:modified_time\" content=\"2026-04-22T13:07:39+00:00\" \/>\n<meta property=\"og:image\" content=\"https:\/\/trendsandvision.nl\/de\/wp-content\/uploads\/sites\/3\/2025\/12\/GT397_01.jpg\" \/>\n\t<meta property=\"og:image:width\" content=\"800\" \/>\n\t<meta property=\"og:image:height\" content=\"800\" \/>\n\t<meta property=\"og:image:type\" content=\"image\/jpeg\" \/>\n<meta name=\"twitter:card\" content=\"summary_large_image\" \/>\n<meta name=\"twitter:label1\" content=\"Gesch\u00e4tzte Lesezeit\" \/>\n\t<meta name=\"twitter:data1\" content=\"1\u00a0Minute\" \/>\n<script type=\"application\/ld+json\" class=\"yoast-schema-graph\">{\"@context\":\"https:\\\/\\\/schema.org\",\"@graph\":[{\"@type\":\"WebPage\",\"@id\":\"https:\\\/\\\/trendsandvision.nl\\\/de\\\/product\\\/esschert-design-pflanzschildhalter-bueroklammer\\\/\",\"url\":\"https:\\\/\\\/trendsandvision.nl\\\/de\\\/product\\\/esschert-design-pflanzschildhalter-bueroklammer\\\/\",\"name\":\"Esschert Design Pflanzschildhalter B\u00fcroklammer (GT397)\",\"isPartOf\":{\"@id\":\"https:\\\/\\\/trendsandvision.nl\\\/de\\\/#website\"},\"primaryImageOfPage\":{\"@id\":\"https:\\\/\\\/trendsandvision.nl\\\/de\\\/product\\\/esschert-design-pflanzschildhalter-bueroklammer\\\/#primaryimage\"},\"image\":{\"@id\":\"https:\\\/\\\/trendsandvision.nl\\\/de\\\/product\\\/esschert-design-pflanzschildhalter-bueroklammer\\\/#primaryimage\"},\"thumbnailUrl\":\"https:\\\/\\\/trendsandvision.nl\\\/de\\\/wp-content\\\/uploads\\\/sites\\\/3\\\/2025\\\/12\\\/GT397_01.jpg\",\"datePublished\":\"2025-12-29T22:30:52+00:00\",\"dateModified\":\"2026-04-22T13:07:39+00:00\",\"description\":\"Esschert Design Pflanzschildhalter B\u00fcroklammer (GT397) B 5.3 X T 0.5 X H 37 cm, Barcode 8714982292903, Material 100% Eisen, Gewicht 0,08 kg\",\"breadcrumb\":{\"@id\":\"https:\\\/\\\/trendsandvision.nl\\\/de\\\/product\\\/esschert-design-pflanzschildhalter-bueroklammer\\\/#breadcrumb\"},\"inLanguage\":\"de\",\"potentialAction\":[{\"@type\":\"ReadAction\",\"target\":[\"https:\\\/\\\/trendsandvision.nl\\\/de\\\/product\\\/esschert-design-pflanzschildhalter-bueroklammer\\\/\"]}]},{\"@type\":\"ImageObject\",\"inLanguage\":\"de\",\"@id\":\"https:\\\/\\\/trendsandvision.nl\\\/de\\\/product\\\/esschert-design-pflanzschildhalter-bueroklammer\\\/#primaryimage\",\"url\":\"https:\\\/\\\/trendsandvision.nl\\\/de\\\/wp-content\\\/uploads\\\/sites\\\/3\\\/2025\\\/12\\\/GT397_01.jpg\",\"contentUrl\":\"https:\\\/\\\/trendsandvision.nl\\\/de\\\/wp-content\\\/uploads\\\/sites\\\/3\\\/2025\\\/12\\\/GT397_01.jpg\",\"width\":800,\"height\":800,\"caption\":\"Esschert Design Pflanzschildhalter B\u00fcroklammer (GT397) B 5.3 X T 0.5 X H 37 cm, Barcode 8714982292903, Material 100% Eisen, Gewicht 0,08 kg\"},{\"@type\":\"BreadcrumbList\",\"@id\":\"https:\\\/\\\/trendsandvision.nl\\\/de\\\/product\\\/esschert-design-pflanzschildhalter-bueroklammer\\\/#breadcrumb\",\"itemListElement\":[{\"@type\":\"ListItem\",\"position\":1,\"name\":\"Home\",\"item\":\"https:\\\/\\\/trendsandvision.nl\\\/de\\\/\"},{\"@type\":\"ListItem\",\"position\":2,\"name\":\"Gesch\u00e4ft\",\"item\":\"https:\\\/\\\/trendsandvision.nl\\\/de\\\/geschaft\\\/\"},{\"@type\":\"ListItem\",\"position\":3,\"name\":\"Esschert Design Pflanzschildhalter B\u00fcroklammer\"}]},{\"@type\":\"WebSite\",\"@id\":\"https:\\\/\\\/trendsandvision.nl\\\/de\\\/#website\",\"url\":\"https:\\\/\\\/trendsandvision.nl\\\/de\\\/\",\"name\":\"Trends &amp; Vision (DE)\",\"description\":\"Der Webshop f\u00fcr Esschert Design Artikel\",\"publisher\":{\"@id\":\"https:\\\/\\\/trendsandvision.nl\\\/de\\\/#organization\"},\"potentialAction\":[{\"@type\":\"SearchAction\",\"target\":{\"@type\":\"EntryPoint\",\"urlTemplate\":\"https:\\\/\\\/trendsandvision.nl\\\/de\\\/?s={search_term_string}\"},\"query-input\":{\"@type\":\"PropertyValueSpecification\",\"valueRequired\":true,\"valueName\":\"search_term_string\"}}],\"inLanguage\":\"de\"},{\"@type\":\"Organization\",\"@id\":\"https:\\\/\\\/trendsandvision.nl\\\/de\\\/#organization\",\"name\":\"Trends &amp; Vision (DE)\",\"url\":\"https:\\\/\\\/trendsandvision.nl\\\/de\\\/\",\"logo\":{\"@type\":\"ImageObject\",\"inLanguage\":\"de\",\"@id\":\"https:\\\/\\\/trendsandvision.nl\\\/de\\\/#\\\/schema\\\/logo\\\/image\\\/\",\"url\":\"https:\\\/\\\/trendsandvision.nl\\\/de\\\/wp-content\\\/uploads\\\/sites\\\/3\\\/2022\\\/04\\\/trends-and-vision-logo.jpg\",\"contentUrl\":\"https:\\\/\\\/trendsandvision.nl\\\/de\\\/wp-content\\\/uploads\\\/sites\\\/3\\\/2022\\\/04\\\/trends-and-vision-logo.jpg\",\"width\":213,\"height\":100,\"caption\":\"Trends &amp; Vision (DE)\"},\"image\":{\"@id\":\"https:\\\/\\\/trendsandvision.nl\\\/de\\\/#\\\/schema\\\/logo\\\/image\\\/\"}}]}<\/script>\n<!-- \/ Yoast SEO Premium plugin. -->","yoast_head_json":{"title":"Esschert Design Pflanzschildhalter B\u00fcroklammer (GT397)","description":"Esschert Design Pflanzschildhalter B\u00fcroklammer (GT397) B 5.3 X T 0.5 X H 37 cm, Barcode 8714982292903, Material 100% Eisen, Gewicht 0,08 kg","robots":{"index":"index","follow":"follow","max-snippet":"max-snippet:-1","max-image-preview":"max-image-preview:large","max-video-preview":"max-video-preview:-1"},"canonical":"https:\/\/trendsandvision.nl\/de\/product\/esschert-design-pflanzschildhalter-bueroklammer\/","og_locale":"de_DE","og_type":"article","og_title":"Esschert Design Pflanzschildhalter B\u00fcroklammer","og_description":"Esschert Design Pflanzschildhalter B\u00fcroklammer (GT397) B 5.3 X T 0.5 X H 37 cm, Barcode 8714982292903, Material 100% Eisen, Gewicht 0,08 kg","og_url":"https:\/\/trendsandvision.nl\/de\/product\/esschert-design-pflanzschildhalter-bueroklammer\/","og_site_name":"Trends &amp; Vision (DE)","article_modified_time":"2026-04-22T13:07:39+00:00","og_image":[{"width":800,"height":800,"url":"https:\/\/trendsandvision.nl\/de\/wp-content\/uploads\/sites\/3\/2025\/12\/GT397_01.jpg","type":"image\/jpeg"}],"twitter_card":"summary_large_image","twitter_misc":{"Gesch\u00e4tzte Lesezeit":"1\u00a0Minute"},"schema":{"@context":"https:\/\/schema.org","@graph":[{"@type":"WebPage","@id":"https:\/\/trendsandvision.nl\/de\/product\/esschert-design-pflanzschildhalter-bueroklammer\/","url":"https:\/\/trendsandvision.nl\/de\/product\/esschert-design-pflanzschildhalter-bueroklammer\/","name":"Esschert Design Pflanzschildhalter B\u00fcroklammer (GT397)","isPartOf":{"@id":"https:\/\/trendsandvision.nl\/de\/#website"},"primaryImageOfPage":{"@id":"https:\/\/trendsandvision.nl\/de\/product\/esschert-design-pflanzschildhalter-bueroklammer\/#primaryimage"},"image":{"@id":"https:\/\/trendsandvision.nl\/de\/product\/esschert-design-pflanzschildhalter-bueroklammer\/#primaryimage"},"thumbnailUrl":"https:\/\/trendsandvision.nl\/de\/wp-content\/uploads\/sites\/3\/2025\/12\/GT397_01.jpg","datePublished":"2025-12-29T22:30:52+00:00","dateModified":"2026-04-22T13:07:39+00:00","description":"Esschert Design Pflanzschildhalter B\u00fcroklammer (GT397) B 5.3 X T 0.5 X H 37 cm, Barcode 8714982292903, Material 100% Eisen, Gewicht 0,08 kg","breadcrumb":{"@id":"https:\/\/trendsandvision.nl\/de\/product\/esschert-design-pflanzschildhalter-bueroklammer\/#breadcrumb"},"inLanguage":"de","potentialAction":[{"@type":"ReadAction","target":["https:\/\/trendsandvision.nl\/de\/product\/esschert-design-pflanzschildhalter-bueroklammer\/"]}]},{"@type":"ImageObject","inLanguage":"de","@id":"https:\/\/trendsandvision.nl\/de\/product\/esschert-design-pflanzschildhalter-bueroklammer\/#primaryimage","url":"https:\/\/trendsandvision.nl\/de\/wp-content\/uploads\/sites\/3\/2025\/12\/GT397_01.jpg","contentUrl":"https:\/\/trendsandvision.nl\/de\/wp-content\/uploads\/sites\/3\/2025\/12\/GT397_01.jpg","width":800,"height":800,"caption":"Esschert Design Pflanzschildhalter B\u00fcroklammer (GT397) B 5.3 X T 0.5 X H 37 cm, Barcode 8714982292903, Material 100% Eisen, Gewicht 0,08 kg"},{"@type":"BreadcrumbList","@id":"https:\/\/trendsandvision.nl\/de\/product\/esschert-design-pflanzschildhalter-bueroklammer\/#breadcrumb","itemListElement":[{"@type":"ListItem","position":1,"name":"Home","item":"https:\/\/trendsandvision.nl\/de\/"},{"@type":"ListItem","position":2,"name":"Gesch\u00e4ft","item":"https:\/\/trendsandvision.nl\/de\/geschaft\/"},{"@type":"ListItem","position":3,"name":"Esschert Design Pflanzschildhalter B\u00fcroklammer"}]},{"@type":"WebSite","@id":"https:\/\/trendsandvision.nl\/de\/#website","url":"https:\/\/trendsandvision.nl\/de\/","name":"Trends &amp; Vision (DE)","description":"Der Webshop f\u00fcr Esschert Design Artikel","publisher":{"@id":"https:\/\/trendsandvision.nl\/de\/#organization"},"potentialAction":[{"@type":"SearchAction","target":{"@type":"EntryPoint","urlTemplate":"https:\/\/trendsandvision.nl\/de\/?s={search_term_string}"},"query-input":{"@type":"PropertyValueSpecification","valueRequired":true,"valueName":"search_term_string"}}],"inLanguage":"de"},{"@type":"Organization","@id":"https:\/\/trendsandvision.nl\/de\/#organization","name":"Trends &amp; Vision (DE)","url":"https:\/\/trendsandvision.nl\/de\/","logo":{"@type":"ImageObject","inLanguage":"de","@id":"https:\/\/trendsandvision.nl\/de\/#\/schema\/logo\/image\/","url":"https:\/\/trendsandvision.nl\/de\/wp-content\/uploads\/sites\/3\/2022\/04\/trends-and-vision-logo.jpg","contentUrl":"https:\/\/trendsandvision.nl\/de\/wp-content\/uploads\/sites\/3\/2022\/04\/trends-and-vision-logo.jpg","width":213,"height":100,"caption":"Trends &amp; Vision (DE)"},"image":{"@id":"https:\/\/trendsandvision.nl\/de\/#\/schema\/logo\/image\/"}}]}},"_links":{"self":[{"href":"https:\/\/trendsandvision.nl\/de\/wp-json\/wp\/v2\/product\/23788","targetHints":{"allow":["GET"]}}],"collection":[{"href":"https:\/\/trendsandvision.nl\/de\/wp-json\/wp\/v2\/product"}],"about":[{"href":"https:\/\/trendsandvision.nl\/de\/wp-json\/wp\/v2\/types\/product"}],"wp:featuredmedia":[{"embeddable":true,"href":"https:\/\/trendsandvision.nl\/de\/wp-json\/wp\/v2\/media\/23789"}],"wp:attachment":[{"href":"https:\/\/trendsandvision.nl\/de\/wp-json\/wp\/v2\/media?parent=23788"}],"wp:term":[{"taxonomy":"product_brand","embeddable":true,"href":"https:\/\/trendsandvision.nl\/de\/wp-json\/wp\/v2\/product_brand?post=23788"},{"taxonomy":"product_cat","embeddable":true,"href":"https:\/\/trendsandvision.nl\/de\/wp-json\/wp\/v2\/product_cat?post=23788"},{"taxonomy":"product_tag","embeddable":true,"href":"https:\/\/trendsandvision.nl\/de\/wp-json\/wp\/v2\/product_tag?post=23788"}],"curies":[{"name":"wp","href":"https:\/\/api.w.org\/{rel}","templated":true}]}}