{"id":23777,"date":"2025-12-29T23:30:18","date_gmt":"2025-12-29T22:30:18","guid":{"rendered":"https:\/\/trendsandvision.nl\/de\/product\/esschert-design-knoblauchbraeter\/"},"modified":"2026-04-07T10:31:07","modified_gmt":"2026-04-07T08:31:07","slug":"esschert-design-knoblauchbraeter","status":"publish","type":"product","link":"https:\/\/trendsandvision.nl\/de\/product\/esschert-design-knoblauchbraeter\/","title":{"rendered":"Esschert Design Knoblauchbr\u00e4ter"},"content":{"rendered":"<p>Mit diesem Knoblauch R\u00f6ster verleihen Sie dem Knoblauch einen k\u00f6stlich s\u00fc\u00dfen Geschmack. Der R\u00f6ster ist in Form einer Knoblauchknolle gestaltet und bietet Platz f\u00fcr eine ganze Knolle. Durch das Gusseisen wird die W\u00e4rme gleichm\u00e4\u00dfig verteilt, sodass der Knoblauch von allen Seiten erhitzt wird.<br \/>\nDer Gusseisen-R\u00f6ster f\u00fcr Smoker dient gleichzeitig als Knoblauchr\u00f6ster und bietet Ihnen ein <strong><a href=\"https:\/\/trendsandvision.nl\/de\/?s=grill&amp;post_type=product&amp;dgwt_wcas=1\">Grillzubeh\u00f6r<\/a><\/strong>, das hervorragend r\u00e4uchert und r\u00f6stet. Es ist perfekt, um Knoblauch, Pilzen, Gem\u00fcse, Fleisch und mehr mit einer Mischung aus Holzsp\u00e4nen, Kr\u00e4utern und Gew\u00fcrzen ein rauchiges Aroma zu verleihen<br \/>\nDiese dekorative R\u00f6ster aus Gusseisen wird nach jahrhundertealter Tradition und Handwerkskunst von Hand gegossen.<\/p>\n<p>Artikelname Knoblauchbr\u00e4ter<br \/>\nArtikelnummer FF670<br \/>\nProduktgr\u00f6\u00dfen in cm B 13.9 X T 11.2 X H 10.8<br \/>\nBarcode 8714982297847<br \/>\nMaterial 89% <strong><a href=\"https:\/\/trendsandvision.nl\/de\/?s=Gusseisen&amp;post_type=product&amp;dgwt_wcas=1\">Gusseisen<\/a><\/strong>, 11% Verzinkter Stahl<br \/>\nGewicht 1,341 kg<br \/>\nProduzent: <a href=\"https:\/\/www.esschertdesign.com\/shop\/de\/knoflookpoffer-ff670\" target=\"_blank\">Esschert Design<\/a><\/p>\n","protected":false},"excerpt":{"rendered":"<p>Gleichm\u00e4\u00dfiges R\u00f6sten<br \/>\nHergestellt aus Gusseisen<br \/>\nGeeignet f\u00fcr Backofen, Grill und offenes Feuer<br \/>\nVerpackt in einer vollfarbigen Geschenkbox<br \/>\nB 13.9 X T 11.2 X H 10.8 cm<br \/>\nBarcode 8714982297847<br \/>\nMaterial 89% Gusseisen, 11% Verzinkter Stahl<br \/>\nGewicht 1,341 kg<\/p>\n","protected":false},"featured_media":23778,"template":"","meta":[],"product_brand":[9597,9870],"product_cat":[1124],"product_tag":[7315],"class_list":{"0":"post-23777","1":"product","2":"type-product","3":"status-publish","4":"has-post-thumbnail","6":"product_brand-esschert-design","7":"product_brand-trends-vision","8":"product_cat-fancy-flames","9":"product_tag-bbq","10":"pa_anbieter-esschert-design","11":"pa_ean-code-10876","13":"first","14":"instock","15":"sale","16":"taxable","17":"shipping-taxable","18":"purchasable","19":"product-type-simple","20":"czr-hentry"},"yoast_head":"<!-- This site is optimized with the Yoast SEO Premium plugin v26.4 (Yoast SEO v27.4) - https:\/\/yoast.com\/product\/yoast-seo-premium-wordpress\/ -->\n<title>Esschert Design Knoblauchbr\u00e4ter (FF670) 8714982297847<\/title>\n<meta name=\"description\" content=\"Esschert Design Knoblauchbr\u00e4ter (FF670) B 13.9 X T 11.2 X H 10.8 cm, EAN 8714982297847, Material 89% Gusseisen, 11% Verzinkter Stahl, Gewicht 1,341 kg\" \/>\n<meta name=\"robots\" content=\"index, follow, max-snippet:-1, max-image-preview:large, max-video-preview:-1\" \/>\n<link rel=\"canonical\" href=\"https:\/\/trendsandvision.nl\/de\/product\/esschert-design-knoblauchbraeter\/\" \/>\n<meta property=\"og:locale\" content=\"de_DE\" \/>\n<meta property=\"og:type\" content=\"article\" \/>\n<meta property=\"og:title\" content=\"Esschert Design Knoblauchbr\u00e4ter\" \/>\n<meta property=\"og:description\" content=\"Esschert Design Knoblauchbr\u00e4ter (FF670) B 13.9 X T 11.2 X H 10.8 cm, EAN 8714982297847, Material 89% Gusseisen, 11% Verzinkter Stahl, Gewicht 1,341 kg\" \/>\n<meta property=\"og:url\" content=\"https:\/\/trendsandvision.nl\/de\/product\/esschert-design-knoblauchbraeter\/\" \/>\n<meta property=\"og:site_name\" content=\"Trends &amp; Vision (DE)\" \/>\n<meta property=\"article:modified_time\" content=\"2026-04-07T08:31:07+00:00\" \/>\n<meta property=\"og:image\" content=\"https:\/\/trendsandvision.nl\/de\/wp-content\/uploads\/sites\/3\/2025\/12\/FF670_01.jpg\" \/>\n\t<meta property=\"og:image:width\" content=\"800\" \/>\n\t<meta property=\"og:image:height\" content=\"800\" \/>\n\t<meta property=\"og:image:type\" content=\"image\/jpeg\" \/>\n<meta name=\"twitter:card\" content=\"summary_large_image\" \/>\n<meta name=\"twitter:label1\" content=\"Gesch\u00e4tzte Lesezeit\" \/>\n\t<meta name=\"twitter:data1\" content=\"1\u00a0Minute\" \/>\n<script type=\"application\/ld+json\" class=\"yoast-schema-graph\">{\"@context\":\"https:\\\/\\\/schema.org\",\"@graph\":[{\"@type\":\"WebPage\",\"@id\":\"https:\\\/\\\/trendsandvision.nl\\\/de\\\/product\\\/esschert-design-knoblauchbraeter\\\/\",\"url\":\"https:\\\/\\\/trendsandvision.nl\\\/de\\\/product\\\/esschert-design-knoblauchbraeter\\\/\",\"name\":\"Esschert Design Knoblauchbr\u00e4ter (FF670) 8714982297847\",\"isPartOf\":{\"@id\":\"https:\\\/\\\/trendsandvision.nl\\\/de\\\/#website\"},\"primaryImageOfPage\":{\"@id\":\"https:\\\/\\\/trendsandvision.nl\\\/de\\\/product\\\/esschert-design-knoblauchbraeter\\\/#primaryimage\"},\"image\":{\"@id\":\"https:\\\/\\\/trendsandvision.nl\\\/de\\\/product\\\/esschert-design-knoblauchbraeter\\\/#primaryimage\"},\"thumbnailUrl\":\"https:\\\/\\\/trendsandvision.nl\\\/de\\\/wp-content\\\/uploads\\\/sites\\\/3\\\/2025\\\/12\\\/FF670_01.jpg\",\"datePublished\":\"2025-12-29T22:30:18+00:00\",\"dateModified\":\"2026-04-07T08:31:07+00:00\",\"description\":\"Esschert Design Knoblauchbr\u00e4ter (FF670) B 13.9 X T 11.2 X H 10.8 cm, EAN 8714982297847, Material 89% Gusseisen, 11% Verzinkter Stahl, Gewicht 1,341 kg\",\"breadcrumb\":{\"@id\":\"https:\\\/\\\/trendsandvision.nl\\\/de\\\/product\\\/esschert-design-knoblauchbraeter\\\/#breadcrumb\"},\"inLanguage\":\"de\",\"potentialAction\":[{\"@type\":\"ReadAction\",\"target\":[\"https:\\\/\\\/trendsandvision.nl\\\/de\\\/product\\\/esschert-design-knoblauchbraeter\\\/\"]}]},{\"@type\":\"ImageObject\",\"inLanguage\":\"de\",\"@id\":\"https:\\\/\\\/trendsandvision.nl\\\/de\\\/product\\\/esschert-design-knoblauchbraeter\\\/#primaryimage\",\"url\":\"https:\\\/\\\/trendsandvision.nl\\\/de\\\/wp-content\\\/uploads\\\/sites\\\/3\\\/2025\\\/12\\\/FF670_01.jpg\",\"contentUrl\":\"https:\\\/\\\/trendsandvision.nl\\\/de\\\/wp-content\\\/uploads\\\/sites\\\/3\\\/2025\\\/12\\\/FF670_01.jpg\",\"width\":800,\"height\":800,\"caption\":\"Esschert Design Knoblauchbr\u00e4ter (FF670) B 13.9 X T 11.2 X H 10.8 cm, EAN 8714982297847, Material 89% Gusseisen, 11% Verzinkter Stahl, Gewicht 1,341 kg\"},{\"@type\":\"BreadcrumbList\",\"@id\":\"https:\\\/\\\/trendsandvision.nl\\\/de\\\/product\\\/esschert-design-knoblauchbraeter\\\/#breadcrumb\",\"itemListElement\":[{\"@type\":\"ListItem\",\"position\":1,\"name\":\"Home\",\"item\":\"https:\\\/\\\/trendsandvision.nl\\\/de\\\/\"},{\"@type\":\"ListItem\",\"position\":2,\"name\":\"Gesch\u00e4ft\",\"item\":\"https:\\\/\\\/trendsandvision.nl\\\/de\\\/geschaft\\\/\"},{\"@type\":\"ListItem\",\"position\":3,\"name\":\"Esschert Design Knoblauchbr\u00e4ter\"}]},{\"@type\":\"WebSite\",\"@id\":\"https:\\\/\\\/trendsandvision.nl\\\/de\\\/#website\",\"url\":\"https:\\\/\\\/trendsandvision.nl\\\/de\\\/\",\"name\":\"Trends &amp; Vision (DE)\",\"description\":\"Der Webshop f\u00fcr Esschert Design Artikel\",\"publisher\":{\"@id\":\"https:\\\/\\\/trendsandvision.nl\\\/de\\\/#organization\"},\"potentialAction\":[{\"@type\":\"SearchAction\",\"target\":{\"@type\":\"EntryPoint\",\"urlTemplate\":\"https:\\\/\\\/trendsandvision.nl\\\/de\\\/?s={search_term_string}\"},\"query-input\":{\"@type\":\"PropertyValueSpecification\",\"valueRequired\":true,\"valueName\":\"search_term_string\"}}],\"inLanguage\":\"de\"},{\"@type\":\"Organization\",\"@id\":\"https:\\\/\\\/trendsandvision.nl\\\/de\\\/#organization\",\"name\":\"Trends &amp; Vision (DE)\",\"url\":\"https:\\\/\\\/trendsandvision.nl\\\/de\\\/\",\"logo\":{\"@type\":\"ImageObject\",\"inLanguage\":\"de\",\"@id\":\"https:\\\/\\\/trendsandvision.nl\\\/de\\\/#\\\/schema\\\/logo\\\/image\\\/\",\"url\":\"https:\\\/\\\/trendsandvision.nl\\\/de\\\/wp-content\\\/uploads\\\/sites\\\/3\\\/2022\\\/04\\\/trends-and-vision-logo.jpg\",\"contentUrl\":\"https:\\\/\\\/trendsandvision.nl\\\/de\\\/wp-content\\\/uploads\\\/sites\\\/3\\\/2022\\\/04\\\/trends-and-vision-logo.jpg\",\"width\":213,\"height\":100,\"caption\":\"Trends &amp; Vision (DE)\"},\"image\":{\"@id\":\"https:\\\/\\\/trendsandvision.nl\\\/de\\\/#\\\/schema\\\/logo\\\/image\\\/\"}}]}<\/script>\n<!-- \/ Yoast SEO Premium plugin. -->","yoast_head_json":{"title":"Esschert Design Knoblauchbr\u00e4ter (FF670) 8714982297847","description":"Esschert Design Knoblauchbr\u00e4ter (FF670) B 13.9 X T 11.2 X H 10.8 cm, EAN 8714982297847, Material 89% Gusseisen, 11% Verzinkter Stahl, Gewicht 1,341 kg","robots":{"index":"index","follow":"follow","max-snippet":"max-snippet:-1","max-image-preview":"max-image-preview:large","max-video-preview":"max-video-preview:-1"},"canonical":"https:\/\/trendsandvision.nl\/de\/product\/esschert-design-knoblauchbraeter\/","og_locale":"de_DE","og_type":"article","og_title":"Esschert Design Knoblauchbr\u00e4ter","og_description":"Esschert Design Knoblauchbr\u00e4ter (FF670) B 13.9 X T 11.2 X H 10.8 cm, EAN 8714982297847, Material 89% Gusseisen, 11% Verzinkter Stahl, Gewicht 1,341 kg","og_url":"https:\/\/trendsandvision.nl\/de\/product\/esschert-design-knoblauchbraeter\/","og_site_name":"Trends &amp; Vision (DE)","article_modified_time":"2026-04-07T08:31:07+00:00","og_image":[{"width":800,"height":800,"url":"https:\/\/trendsandvision.nl\/de\/wp-content\/uploads\/sites\/3\/2025\/12\/FF670_01.jpg","type":"image\/jpeg"}],"twitter_card":"summary_large_image","twitter_misc":{"Gesch\u00e4tzte Lesezeit":"1\u00a0Minute"},"schema":{"@context":"https:\/\/schema.org","@graph":[{"@type":"WebPage","@id":"https:\/\/trendsandvision.nl\/de\/product\/esschert-design-knoblauchbraeter\/","url":"https:\/\/trendsandvision.nl\/de\/product\/esschert-design-knoblauchbraeter\/","name":"Esschert Design Knoblauchbr\u00e4ter (FF670) 8714982297847","isPartOf":{"@id":"https:\/\/trendsandvision.nl\/de\/#website"},"primaryImageOfPage":{"@id":"https:\/\/trendsandvision.nl\/de\/product\/esschert-design-knoblauchbraeter\/#primaryimage"},"image":{"@id":"https:\/\/trendsandvision.nl\/de\/product\/esschert-design-knoblauchbraeter\/#primaryimage"},"thumbnailUrl":"https:\/\/trendsandvision.nl\/de\/wp-content\/uploads\/sites\/3\/2025\/12\/FF670_01.jpg","datePublished":"2025-12-29T22:30:18+00:00","dateModified":"2026-04-07T08:31:07+00:00","description":"Esschert Design Knoblauchbr\u00e4ter (FF670) B 13.9 X T 11.2 X H 10.8 cm, EAN 8714982297847, Material 89% Gusseisen, 11% Verzinkter Stahl, Gewicht 1,341 kg","breadcrumb":{"@id":"https:\/\/trendsandvision.nl\/de\/product\/esschert-design-knoblauchbraeter\/#breadcrumb"},"inLanguage":"de","potentialAction":[{"@type":"ReadAction","target":["https:\/\/trendsandvision.nl\/de\/product\/esschert-design-knoblauchbraeter\/"]}]},{"@type":"ImageObject","inLanguage":"de","@id":"https:\/\/trendsandvision.nl\/de\/product\/esschert-design-knoblauchbraeter\/#primaryimage","url":"https:\/\/trendsandvision.nl\/de\/wp-content\/uploads\/sites\/3\/2025\/12\/FF670_01.jpg","contentUrl":"https:\/\/trendsandvision.nl\/de\/wp-content\/uploads\/sites\/3\/2025\/12\/FF670_01.jpg","width":800,"height":800,"caption":"Esschert Design Knoblauchbr\u00e4ter (FF670) B 13.9 X T 11.2 X H 10.8 cm, EAN 8714982297847, Material 89% Gusseisen, 11% Verzinkter Stahl, Gewicht 1,341 kg"},{"@type":"BreadcrumbList","@id":"https:\/\/trendsandvision.nl\/de\/product\/esschert-design-knoblauchbraeter\/#breadcrumb","itemListElement":[{"@type":"ListItem","position":1,"name":"Home","item":"https:\/\/trendsandvision.nl\/de\/"},{"@type":"ListItem","position":2,"name":"Gesch\u00e4ft","item":"https:\/\/trendsandvision.nl\/de\/geschaft\/"},{"@type":"ListItem","position":3,"name":"Esschert Design Knoblauchbr\u00e4ter"}]},{"@type":"WebSite","@id":"https:\/\/trendsandvision.nl\/de\/#website","url":"https:\/\/trendsandvision.nl\/de\/","name":"Trends &amp; Vision (DE)","description":"Der Webshop f\u00fcr Esschert Design Artikel","publisher":{"@id":"https:\/\/trendsandvision.nl\/de\/#organization"},"potentialAction":[{"@type":"SearchAction","target":{"@type":"EntryPoint","urlTemplate":"https:\/\/trendsandvision.nl\/de\/?s={search_term_string}"},"query-input":{"@type":"PropertyValueSpecification","valueRequired":true,"valueName":"search_term_string"}}],"inLanguage":"de"},{"@type":"Organization","@id":"https:\/\/trendsandvision.nl\/de\/#organization","name":"Trends &amp; Vision (DE)","url":"https:\/\/trendsandvision.nl\/de\/","logo":{"@type":"ImageObject","inLanguage":"de","@id":"https:\/\/trendsandvision.nl\/de\/#\/schema\/logo\/image\/","url":"https:\/\/trendsandvision.nl\/de\/wp-content\/uploads\/sites\/3\/2022\/04\/trends-and-vision-logo.jpg","contentUrl":"https:\/\/trendsandvision.nl\/de\/wp-content\/uploads\/sites\/3\/2022\/04\/trends-and-vision-logo.jpg","width":213,"height":100,"caption":"Trends &amp; Vision (DE)"},"image":{"@id":"https:\/\/trendsandvision.nl\/de\/#\/schema\/logo\/image\/"}}]}},"_links":{"self":[{"href":"https:\/\/trendsandvision.nl\/de\/wp-json\/wp\/v2\/product\/23777","targetHints":{"allow":["GET"]}}],"collection":[{"href":"https:\/\/trendsandvision.nl\/de\/wp-json\/wp\/v2\/product"}],"about":[{"href":"https:\/\/trendsandvision.nl\/de\/wp-json\/wp\/v2\/types\/product"}],"wp:featuredmedia":[{"embeddable":true,"href":"https:\/\/trendsandvision.nl\/de\/wp-json\/wp\/v2\/media\/23778"}],"wp:attachment":[{"href":"https:\/\/trendsandvision.nl\/de\/wp-json\/wp\/v2\/media?parent=23777"}],"wp:term":[{"taxonomy":"product_brand","embeddable":true,"href":"https:\/\/trendsandvision.nl\/de\/wp-json\/wp\/v2\/product_brand?post=23777"},{"taxonomy":"product_cat","embeddable":true,"href":"https:\/\/trendsandvision.nl\/de\/wp-json\/wp\/v2\/product_cat?post=23777"},{"taxonomy":"product_tag","embeddable":true,"href":"https:\/\/trendsandvision.nl\/de\/wp-json\/wp\/v2\/product_tag?post=23777"}],"curies":[{"name":"wp","href":"https:\/\/api.w.org\/{rel}","templated":true}]}}