{"id":23774,"date":"2025-12-29T23:30:18","date_gmt":"2025-12-29T22:30:18","guid":{"rendered":"https:\/\/trendsandvision.nl\/de\/product\/esschert-design-holzpelletfeuerkorb-m\/"},"modified":"2026-04-07T10:31:06","modified_gmt":"2026-04-07T08:31:06","slug":"esschert-design-holzpelletfeuerkorb-m","status":"publish","type":"product","link":"https:\/\/trendsandvision.nl\/de\/product\/esschert-design-holzpelletfeuerkorb-m\/","title":{"rendered":"Esschert Design Holzpelletfeuerkorb M"},"content":{"rendered":"<p>Dieser gro\u00dfe silberne <strong><a href=\"https:\/\/trendsandvision.nl\/de\/?s=pellet&amp;post_type=product&amp;dgwt_wcas=1\">Holzpellet<\/a><\/strong>-Ofen wurde speziell f\u00fcr den Au\u00dfenbereich entwickelt und bietet eine umweltfreundliche und effiziente W\u00e4rmequelle. Der Brenner verwendet Holzpellets als Brennstoff. Er ist benutzerfreundlich und liefert eine gleichm\u00e4\u00dfige W\u00e4rme. Dank der drei Standf\u00fc\u00dfe steht der Ofen sicher und stabil auf jedem Untergrund.<\/p>\n<p>Artikelname Holzpelletfeuerkorb M CO2 NEUTRAL BURNING<br \/>\nArtikelnummer FF669<br \/>\nProduktgr\u00f6\u00dfen in cm B 23 X T 23 X H 47.3<br \/>\nBarcode 8714982297007<br \/>\nGewicht 3,682 kg<br \/>\nProduzent: <a href=\"https:\/\/www.esschertdesign.com\/shop\/de\/houtpellet-vuurkorf-m-ff669\" target=\"_blank\">Esschert Design<\/a><\/p>\n","protected":false},"excerpt":{"rendered":"<p>Stabil auf jedem Untergrund<br \/>\nVerwendet Holzpellets als Brennstoff<br \/>\nBenutzerfreundlich<br \/>\nVerpackt in einer vollfarbigen Geschenkbox<br \/>\nB 23 X T 23 X H 47.3 cm<br \/>\nBarcode 8714982297007<br \/>\nGewicht 3,682 kg<\/p>\n","protected":false},"featured_media":23775,"template":"","meta":[],"product_brand":[9597,9870],"product_cat":[1124],"product_tag":[11262,11117],"class_list":{"0":"post-23774","1":"product","2":"type-product","3":"status-publish","4":"has-post-thumbnail","6":"product_brand-esschert-design","7":"product_brand-trends-vision","8":"product_cat-fancy-flames","9":"product_tag-co2-neutral-burning","10":"product_tag-holzpellet","11":"pa_anbieter-esschert-design","12":"pa_ean-code-10875","14":"first","15":"outofstock","16":"sale","17":"taxable","18":"shipping-taxable","19":"purchasable","20":"product-type-simple","21":"czr-hentry"},"yoast_head":"<!-- This site is optimized with the Yoast SEO Premium plugin v26.4 (Yoast SEO v27.4) - https:\/\/yoast.com\/product\/yoast-seo-premium-wordpress\/ -->\n<title>Esschert Design Holzpelletfeuerkorb M (FF669)<\/title>\n<meta name=\"description\" content=\"Esschert Design Holzpelletfeuerkorb M (FF669) B 23 X T 23 X H 47.3 cm, Barcode 8714982297007, Gewicht 3,682 kg, Benutzerfreundlich\" \/>\n<meta name=\"robots\" content=\"index, follow, max-snippet:-1, max-image-preview:large, max-video-preview:-1\" \/>\n<link rel=\"canonical\" href=\"https:\/\/trendsandvision.nl\/de\/product\/esschert-design-holzpelletfeuerkorb-m\/\" \/>\n<meta property=\"og:locale\" content=\"de_DE\" \/>\n<meta property=\"og:type\" content=\"article\" \/>\n<meta property=\"og:title\" content=\"Esschert Design Holzpelletfeuerkorb M\" \/>\n<meta property=\"og:description\" content=\"Esschert Design Holzpelletfeuerkorb M (FF669) B 23 X T 23 X H 47.3 cm, Barcode 8714982297007, Gewicht 3,682 kg, Benutzerfreundlich\" \/>\n<meta property=\"og:url\" content=\"https:\/\/trendsandvision.nl\/de\/product\/esschert-design-holzpelletfeuerkorb-m\/\" \/>\n<meta property=\"og:site_name\" content=\"Trends &amp; Vision (DE)\" \/>\n<meta property=\"article:modified_time\" content=\"2026-04-07T08:31:06+00:00\" \/>\n<meta property=\"og:image\" content=\"https:\/\/trendsandvision.nl\/de\/wp-content\/uploads\/sites\/3\/2025\/12\/FF669_01.jpg\" \/>\n\t<meta property=\"og:image:width\" content=\"800\" \/>\n\t<meta property=\"og:image:height\" content=\"800\" \/>\n\t<meta property=\"og:image:type\" content=\"image\/jpeg\" \/>\n<meta name=\"twitter:card\" content=\"summary_large_image\" \/>\n<meta name=\"twitter:label1\" content=\"Gesch\u00e4tzte Lesezeit\" \/>\n\t<meta name=\"twitter:data1\" content=\"1\u00a0Minute\" \/>\n<script type=\"application\/ld+json\" class=\"yoast-schema-graph\">{\"@context\":\"https:\\\/\\\/schema.org\",\"@graph\":[{\"@type\":\"WebPage\",\"@id\":\"https:\\\/\\\/trendsandvision.nl\\\/de\\\/product\\\/esschert-design-holzpelletfeuerkorb-m\\\/\",\"url\":\"https:\\\/\\\/trendsandvision.nl\\\/de\\\/product\\\/esschert-design-holzpelletfeuerkorb-m\\\/\",\"name\":\"Esschert Design Holzpelletfeuerkorb M (FF669)\",\"isPartOf\":{\"@id\":\"https:\\\/\\\/trendsandvision.nl\\\/de\\\/#website\"},\"primaryImageOfPage\":{\"@id\":\"https:\\\/\\\/trendsandvision.nl\\\/de\\\/product\\\/esschert-design-holzpelletfeuerkorb-m\\\/#primaryimage\"},\"image\":{\"@id\":\"https:\\\/\\\/trendsandvision.nl\\\/de\\\/product\\\/esschert-design-holzpelletfeuerkorb-m\\\/#primaryimage\"},\"thumbnailUrl\":\"https:\\\/\\\/trendsandvision.nl\\\/de\\\/wp-content\\\/uploads\\\/sites\\\/3\\\/2025\\\/12\\\/FF669_01.jpg\",\"datePublished\":\"2025-12-29T22:30:18+00:00\",\"dateModified\":\"2026-04-07T08:31:06+00:00\",\"description\":\"Esschert Design Holzpelletfeuerkorb M (FF669) B 23 X T 23 X H 47.3 cm, Barcode 8714982297007, Gewicht 3,682 kg, Benutzerfreundlich\",\"breadcrumb\":{\"@id\":\"https:\\\/\\\/trendsandvision.nl\\\/de\\\/product\\\/esschert-design-holzpelletfeuerkorb-m\\\/#breadcrumb\"},\"inLanguage\":\"de\",\"potentialAction\":[{\"@type\":\"ReadAction\",\"target\":[\"https:\\\/\\\/trendsandvision.nl\\\/de\\\/product\\\/esschert-design-holzpelletfeuerkorb-m\\\/\"]}]},{\"@type\":\"ImageObject\",\"inLanguage\":\"de\",\"@id\":\"https:\\\/\\\/trendsandvision.nl\\\/de\\\/product\\\/esschert-design-holzpelletfeuerkorb-m\\\/#primaryimage\",\"url\":\"https:\\\/\\\/trendsandvision.nl\\\/de\\\/wp-content\\\/uploads\\\/sites\\\/3\\\/2025\\\/12\\\/FF669_01.jpg\",\"contentUrl\":\"https:\\\/\\\/trendsandvision.nl\\\/de\\\/wp-content\\\/uploads\\\/sites\\\/3\\\/2025\\\/12\\\/FF669_01.jpg\",\"width\":800,\"height\":800,\"caption\":\"Esschert Design Holzpelletfeuerkorb M (FF669) B 23 X T 23 X H 47.3 cm, Barcode 8714982297007, Gewicht 3,682 kg, Benutzerfreundlich\"},{\"@type\":\"BreadcrumbList\",\"@id\":\"https:\\\/\\\/trendsandvision.nl\\\/de\\\/product\\\/esschert-design-holzpelletfeuerkorb-m\\\/#breadcrumb\",\"itemListElement\":[{\"@type\":\"ListItem\",\"position\":1,\"name\":\"Home\",\"item\":\"https:\\\/\\\/trendsandvision.nl\\\/de\\\/\"},{\"@type\":\"ListItem\",\"position\":2,\"name\":\"Gesch\u00e4ft\",\"item\":\"https:\\\/\\\/trendsandvision.nl\\\/de\\\/geschaft\\\/\"},{\"@type\":\"ListItem\",\"position\":3,\"name\":\"Esschert Design Holzpelletfeuerkorb M\"}]},{\"@type\":\"WebSite\",\"@id\":\"https:\\\/\\\/trendsandvision.nl\\\/de\\\/#website\",\"url\":\"https:\\\/\\\/trendsandvision.nl\\\/de\\\/\",\"name\":\"Trends &amp; Vision (DE)\",\"description\":\"Der Webshop f\u00fcr Esschert Design Artikel\",\"publisher\":{\"@id\":\"https:\\\/\\\/trendsandvision.nl\\\/de\\\/#organization\"},\"potentialAction\":[{\"@type\":\"SearchAction\",\"target\":{\"@type\":\"EntryPoint\",\"urlTemplate\":\"https:\\\/\\\/trendsandvision.nl\\\/de\\\/?s={search_term_string}\"},\"query-input\":{\"@type\":\"PropertyValueSpecification\",\"valueRequired\":true,\"valueName\":\"search_term_string\"}}],\"inLanguage\":\"de\"},{\"@type\":\"Organization\",\"@id\":\"https:\\\/\\\/trendsandvision.nl\\\/de\\\/#organization\",\"name\":\"Trends &amp; Vision (DE)\",\"url\":\"https:\\\/\\\/trendsandvision.nl\\\/de\\\/\",\"logo\":{\"@type\":\"ImageObject\",\"inLanguage\":\"de\",\"@id\":\"https:\\\/\\\/trendsandvision.nl\\\/de\\\/#\\\/schema\\\/logo\\\/image\\\/\",\"url\":\"https:\\\/\\\/trendsandvision.nl\\\/de\\\/wp-content\\\/uploads\\\/sites\\\/3\\\/2022\\\/04\\\/trends-and-vision-logo.jpg\",\"contentUrl\":\"https:\\\/\\\/trendsandvision.nl\\\/de\\\/wp-content\\\/uploads\\\/sites\\\/3\\\/2022\\\/04\\\/trends-and-vision-logo.jpg\",\"width\":213,\"height\":100,\"caption\":\"Trends &amp; Vision (DE)\"},\"image\":{\"@id\":\"https:\\\/\\\/trendsandvision.nl\\\/de\\\/#\\\/schema\\\/logo\\\/image\\\/\"}}]}<\/script>\n<!-- \/ Yoast SEO Premium plugin. -->","yoast_head_json":{"title":"Esschert Design Holzpelletfeuerkorb M (FF669)","description":"Esschert Design Holzpelletfeuerkorb M (FF669) B 23 X T 23 X H 47.3 cm, Barcode 8714982297007, Gewicht 3,682 kg, Benutzerfreundlich","robots":{"index":"index","follow":"follow","max-snippet":"max-snippet:-1","max-image-preview":"max-image-preview:large","max-video-preview":"max-video-preview:-1"},"canonical":"https:\/\/trendsandvision.nl\/de\/product\/esschert-design-holzpelletfeuerkorb-m\/","og_locale":"de_DE","og_type":"article","og_title":"Esschert Design Holzpelletfeuerkorb M","og_description":"Esschert Design Holzpelletfeuerkorb M (FF669) B 23 X T 23 X H 47.3 cm, Barcode 8714982297007, Gewicht 3,682 kg, Benutzerfreundlich","og_url":"https:\/\/trendsandvision.nl\/de\/product\/esschert-design-holzpelletfeuerkorb-m\/","og_site_name":"Trends &amp; Vision (DE)","article_modified_time":"2026-04-07T08:31:06+00:00","og_image":[{"width":800,"height":800,"url":"https:\/\/trendsandvision.nl\/de\/wp-content\/uploads\/sites\/3\/2025\/12\/FF669_01.jpg","type":"image\/jpeg"}],"twitter_card":"summary_large_image","twitter_misc":{"Gesch\u00e4tzte Lesezeit":"1\u00a0Minute"},"schema":{"@context":"https:\/\/schema.org","@graph":[{"@type":"WebPage","@id":"https:\/\/trendsandvision.nl\/de\/product\/esschert-design-holzpelletfeuerkorb-m\/","url":"https:\/\/trendsandvision.nl\/de\/product\/esschert-design-holzpelletfeuerkorb-m\/","name":"Esschert Design Holzpelletfeuerkorb M (FF669)","isPartOf":{"@id":"https:\/\/trendsandvision.nl\/de\/#website"},"primaryImageOfPage":{"@id":"https:\/\/trendsandvision.nl\/de\/product\/esschert-design-holzpelletfeuerkorb-m\/#primaryimage"},"image":{"@id":"https:\/\/trendsandvision.nl\/de\/product\/esschert-design-holzpelletfeuerkorb-m\/#primaryimage"},"thumbnailUrl":"https:\/\/trendsandvision.nl\/de\/wp-content\/uploads\/sites\/3\/2025\/12\/FF669_01.jpg","datePublished":"2025-12-29T22:30:18+00:00","dateModified":"2026-04-07T08:31:06+00:00","description":"Esschert Design Holzpelletfeuerkorb M (FF669) B 23 X T 23 X H 47.3 cm, Barcode 8714982297007, Gewicht 3,682 kg, Benutzerfreundlich","breadcrumb":{"@id":"https:\/\/trendsandvision.nl\/de\/product\/esschert-design-holzpelletfeuerkorb-m\/#breadcrumb"},"inLanguage":"de","potentialAction":[{"@type":"ReadAction","target":["https:\/\/trendsandvision.nl\/de\/product\/esschert-design-holzpelletfeuerkorb-m\/"]}]},{"@type":"ImageObject","inLanguage":"de","@id":"https:\/\/trendsandvision.nl\/de\/product\/esschert-design-holzpelletfeuerkorb-m\/#primaryimage","url":"https:\/\/trendsandvision.nl\/de\/wp-content\/uploads\/sites\/3\/2025\/12\/FF669_01.jpg","contentUrl":"https:\/\/trendsandvision.nl\/de\/wp-content\/uploads\/sites\/3\/2025\/12\/FF669_01.jpg","width":800,"height":800,"caption":"Esschert Design Holzpelletfeuerkorb M (FF669) B 23 X T 23 X H 47.3 cm, Barcode 8714982297007, Gewicht 3,682 kg, Benutzerfreundlich"},{"@type":"BreadcrumbList","@id":"https:\/\/trendsandvision.nl\/de\/product\/esschert-design-holzpelletfeuerkorb-m\/#breadcrumb","itemListElement":[{"@type":"ListItem","position":1,"name":"Home","item":"https:\/\/trendsandvision.nl\/de\/"},{"@type":"ListItem","position":2,"name":"Gesch\u00e4ft","item":"https:\/\/trendsandvision.nl\/de\/geschaft\/"},{"@type":"ListItem","position":3,"name":"Esschert Design Holzpelletfeuerkorb M"}]},{"@type":"WebSite","@id":"https:\/\/trendsandvision.nl\/de\/#website","url":"https:\/\/trendsandvision.nl\/de\/","name":"Trends &amp; Vision (DE)","description":"Der Webshop f\u00fcr Esschert Design Artikel","publisher":{"@id":"https:\/\/trendsandvision.nl\/de\/#organization"},"potentialAction":[{"@type":"SearchAction","target":{"@type":"EntryPoint","urlTemplate":"https:\/\/trendsandvision.nl\/de\/?s={search_term_string}"},"query-input":{"@type":"PropertyValueSpecification","valueRequired":true,"valueName":"search_term_string"}}],"inLanguage":"de"},{"@type":"Organization","@id":"https:\/\/trendsandvision.nl\/de\/#organization","name":"Trends &amp; Vision (DE)","url":"https:\/\/trendsandvision.nl\/de\/","logo":{"@type":"ImageObject","inLanguage":"de","@id":"https:\/\/trendsandvision.nl\/de\/#\/schema\/logo\/image\/","url":"https:\/\/trendsandvision.nl\/de\/wp-content\/uploads\/sites\/3\/2022\/04\/trends-and-vision-logo.jpg","contentUrl":"https:\/\/trendsandvision.nl\/de\/wp-content\/uploads\/sites\/3\/2022\/04\/trends-and-vision-logo.jpg","width":213,"height":100,"caption":"Trends &amp; Vision (DE)"},"image":{"@id":"https:\/\/trendsandvision.nl\/de\/#\/schema\/logo\/image\/"}}]}},"_links":{"self":[{"href":"https:\/\/trendsandvision.nl\/de\/wp-json\/wp\/v2\/product\/23774","targetHints":{"allow":["GET"]}}],"collection":[{"href":"https:\/\/trendsandvision.nl\/de\/wp-json\/wp\/v2\/product"}],"about":[{"href":"https:\/\/trendsandvision.nl\/de\/wp-json\/wp\/v2\/types\/product"}],"wp:featuredmedia":[{"embeddable":true,"href":"https:\/\/trendsandvision.nl\/de\/wp-json\/wp\/v2\/media\/23775"}],"wp:attachment":[{"href":"https:\/\/trendsandvision.nl\/de\/wp-json\/wp\/v2\/media?parent=23774"}],"wp:term":[{"taxonomy":"product_brand","embeddable":true,"href":"https:\/\/trendsandvision.nl\/de\/wp-json\/wp\/v2\/product_brand?post=23774"},{"taxonomy":"product_cat","embeddable":true,"href":"https:\/\/trendsandvision.nl\/de\/wp-json\/wp\/v2\/product_cat?post=23774"},{"taxonomy":"product_tag","embeddable":true,"href":"https:\/\/trendsandvision.nl\/de\/wp-json\/wp\/v2\/product_tag?post=23774"}],"curies":[{"name":"wp","href":"https:\/\/api.w.org\/{rel}","templated":true}]}}