{"id":23764,"date":"2025-12-29T23:30:18","date_gmt":"2025-12-29T22:30:18","guid":{"rendered":"https:\/\/trendsandvision.nl\/de\/product\/esschert-design-citronella-spiralen-halter-blume\/"},"modified":"2026-04-07T10:31:05","modified_gmt":"2026-04-07T08:31:05","slug":"esschert-design-citronella-spiralen-halter-blume","status":"publish","type":"product","link":"https:\/\/trendsandvision.nl\/de\/product\/esschert-design-citronella-spiralen-halter-blume\/","title":{"rendered":"Esschert Design Citronella Spiralen  Halter Blume"},"content":{"rendered":"<p>Dieser Metallhalter f\u00fcr <a href=\"https:\/\/trendsandvision.nl\/de\/?s=Citronella&amp;post_type=product&amp;dgwt_wcas=1\">Citronellaspiralen<\/a> bietet eine sichere und effektive M\u00f6glichkeit, die Spiralen aufzuh\u00e4ngen. Die Spiralen h\u00e4ngen vertikal und brennen gleichm\u00e4\u00dfig von au\u00dfen nach innen, wodurch der Duft optimal verteilt wird. So k\u00f6nnen Sie den vollen Nutzen des Citronelladufts genie\u00dfen. Die Auffangschale sorgt daf\u00fcr, dass keine Asche herausf\u00e4llt, und h\u00e4lt die Nutzung sauber. Der Metallhalter ist stabil und benutzerfreundlich.<\/p>\n<p>Artikelname Citronella Spiralen Halter Blume<br \/>\nArtikelnummer FF667<br \/>\nProduktgr\u00f6\u00dfen in cm B 13 X T 5.1 X H 20.2<br \/>\nBarcode 8714982296574<br \/>\nMaterial 68% Eisen, 31.04% Zellulose, 0.96% Citronella-\u00d6l<br \/>\nGewicht 0,339 kg<br \/>\nProduzent: <a href=\"https:\/\/www.esschertdesign.com\/shop\/de\/citronella-spiralen-houder-bloem-ff667\" target=\"_blank\">Esschert Design<\/a><\/p>\n","protected":false},"excerpt":{"rendered":"<p>Inklusive 10 Spiralen<br \/>\nGelichm\u00e4\u00dfiges Abbrennen<br \/>\nMit Auffangschale<br \/>\nVerpackt in einer Geschenkbox<br \/>\nB 13 X T 5.1 X H 20.2 cm<br \/>\nBarcode 8714982296574<br \/>\nMaterial Eisen, Zellulose, Citronella-\u00d6l<br \/>\nGewicht 0,339 kg<\/p>\n","protected":false},"featured_media":23765,"template":"","meta":[],"product_brand":[9597,9870],"product_cat":[1124],"product_tag":[8478,7386,11103],"class_list":{"0":"post-23764","1":"product","2":"type-product","3":"status-publish","4":"has-post-thumbnail","6":"product_brand-esschert-design","7":"product_brand-trends-vision","8":"product_cat-fancy-flames","9":"product_tag-behaelter","10":"product_tag-citronella","11":"product_tag-mueckenschutzmittel","12":"pa_anbieter-esschert-design","13":"pa_ean-code-10873","15":"first","16":"outofstock","17":"sale","18":"taxable","19":"shipping-taxable","20":"purchasable","21":"product-type-simple","22":"czr-hentry"},"yoast_head":"<!-- This site is optimized with the Yoast SEO Premium plugin v26.4 (Yoast SEO v27.4) - https:\/\/yoast.com\/product\/yoast-seo-premium-wordpress\/ -->\n<title>Esschert Design Citronella Spiralen Halter Blume (FF667)<\/title>\n<meta name=\"description\" content=\"Esschert Design Citronella Spiralen Halter Blume (FF667) B 13 X T 5.1 X H 20.2 cm, EAN 8714982296574, Eisen, Zellulose, Citronella-\u00d6l, Gewicht 0,34 kg\" \/>\n<meta name=\"robots\" content=\"index, follow, max-snippet:-1, max-image-preview:large, max-video-preview:-1\" \/>\n<link rel=\"canonical\" href=\"https:\/\/trendsandvision.nl\/de\/product\/esschert-design-citronella-spiralen-halter-blume\/\" \/>\n<meta property=\"og:locale\" content=\"de_DE\" \/>\n<meta property=\"og:type\" content=\"article\" \/>\n<meta property=\"og:title\" content=\"Esschert Design Citronella Spiralen Halter Blume\" \/>\n<meta property=\"og:description\" content=\"Esschert Design Citronella Spiralen Halter Blume (FF667) B 13 X T 5.1 X H 20.2 cm, EAN 8714982296574, Eisen, Zellulose, Citronella-\u00d6l, Gewicht 0,34 kg\" \/>\n<meta property=\"og:url\" content=\"https:\/\/trendsandvision.nl\/de\/product\/esschert-design-citronella-spiralen-halter-blume\/\" \/>\n<meta property=\"og:site_name\" content=\"Trends &amp; Vision (DE)\" \/>\n<meta property=\"article:modified_time\" content=\"2026-04-07T08:31:05+00:00\" \/>\n<meta property=\"og:image\" content=\"https:\/\/trendsandvision.nl\/de\/wp-content\/uploads\/sites\/3\/2025\/12\/FF667_01.jpg\" \/>\n\t<meta property=\"og:image:width\" content=\"800\" \/>\n\t<meta property=\"og:image:height\" content=\"800\" \/>\n\t<meta property=\"og:image:type\" content=\"image\/jpeg\" \/>\n<meta name=\"twitter:card\" content=\"summary_large_image\" \/>\n<meta name=\"twitter:label1\" content=\"Gesch\u00e4tzte Lesezeit\" \/>\n\t<meta name=\"twitter:data1\" content=\"1\u00a0Minute\" \/>\n<script type=\"application\/ld+json\" class=\"yoast-schema-graph\">{\"@context\":\"https:\\\/\\\/schema.org\",\"@graph\":[{\"@type\":\"WebPage\",\"@id\":\"https:\\\/\\\/trendsandvision.nl\\\/de\\\/product\\\/esschert-design-citronella-spiralen-halter-blume\\\/\",\"url\":\"https:\\\/\\\/trendsandvision.nl\\\/de\\\/product\\\/esschert-design-citronella-spiralen-halter-blume\\\/\",\"name\":\"Esschert Design Citronella Spiralen Halter Blume (FF667)\",\"isPartOf\":{\"@id\":\"https:\\\/\\\/trendsandvision.nl\\\/de\\\/#website\"},\"primaryImageOfPage\":{\"@id\":\"https:\\\/\\\/trendsandvision.nl\\\/de\\\/product\\\/esschert-design-citronella-spiralen-halter-blume\\\/#primaryimage\"},\"image\":{\"@id\":\"https:\\\/\\\/trendsandvision.nl\\\/de\\\/product\\\/esschert-design-citronella-spiralen-halter-blume\\\/#primaryimage\"},\"thumbnailUrl\":\"https:\\\/\\\/trendsandvision.nl\\\/de\\\/wp-content\\\/uploads\\\/sites\\\/3\\\/2025\\\/12\\\/FF667_01.jpg\",\"datePublished\":\"2025-12-29T22:30:18+00:00\",\"dateModified\":\"2026-04-07T08:31:05+00:00\",\"description\":\"Esschert Design Citronella Spiralen Halter Blume (FF667) B 13 X T 5.1 X H 20.2 cm, EAN 8714982296574, Eisen, Zellulose, Citronella-\u00d6l, Gewicht 0,34 kg\",\"breadcrumb\":{\"@id\":\"https:\\\/\\\/trendsandvision.nl\\\/de\\\/product\\\/esschert-design-citronella-spiralen-halter-blume\\\/#breadcrumb\"},\"inLanguage\":\"de\",\"potentialAction\":[{\"@type\":\"ReadAction\",\"target\":[\"https:\\\/\\\/trendsandvision.nl\\\/de\\\/product\\\/esschert-design-citronella-spiralen-halter-blume\\\/\"]}]},{\"@type\":\"ImageObject\",\"inLanguage\":\"de\",\"@id\":\"https:\\\/\\\/trendsandvision.nl\\\/de\\\/product\\\/esschert-design-citronella-spiralen-halter-blume\\\/#primaryimage\",\"url\":\"https:\\\/\\\/trendsandvision.nl\\\/de\\\/wp-content\\\/uploads\\\/sites\\\/3\\\/2025\\\/12\\\/FF667_01.jpg\",\"contentUrl\":\"https:\\\/\\\/trendsandvision.nl\\\/de\\\/wp-content\\\/uploads\\\/sites\\\/3\\\/2025\\\/12\\\/FF667_01.jpg\",\"width\":800,\"height\":800,\"caption\":\"Esschert Design Citronella Spiralen Halter Blume (FF667) B 13 X T 5.1 X H 20.2 cm, EAN 8714982296574, Eisen, Zellulose, Citronella-\u00d6l, Gewicht 0,34 kg\"},{\"@type\":\"BreadcrumbList\",\"@id\":\"https:\\\/\\\/trendsandvision.nl\\\/de\\\/product\\\/esschert-design-citronella-spiralen-halter-blume\\\/#breadcrumb\",\"itemListElement\":[{\"@type\":\"ListItem\",\"position\":1,\"name\":\"Home\",\"item\":\"https:\\\/\\\/trendsandvision.nl\\\/de\\\/\"},{\"@type\":\"ListItem\",\"position\":2,\"name\":\"Gesch\u00e4ft\",\"item\":\"https:\\\/\\\/trendsandvision.nl\\\/de\\\/geschaft\\\/\"},{\"@type\":\"ListItem\",\"position\":3,\"name\":\"Esschert Design Citronella Spiralen Halter Blume\"}]},{\"@type\":\"WebSite\",\"@id\":\"https:\\\/\\\/trendsandvision.nl\\\/de\\\/#website\",\"url\":\"https:\\\/\\\/trendsandvision.nl\\\/de\\\/\",\"name\":\"Trends &amp; Vision (DE)\",\"description\":\"Der Webshop f\u00fcr Esschert Design Artikel\",\"publisher\":{\"@id\":\"https:\\\/\\\/trendsandvision.nl\\\/de\\\/#organization\"},\"potentialAction\":[{\"@type\":\"SearchAction\",\"target\":{\"@type\":\"EntryPoint\",\"urlTemplate\":\"https:\\\/\\\/trendsandvision.nl\\\/de\\\/?s={search_term_string}\"},\"query-input\":{\"@type\":\"PropertyValueSpecification\",\"valueRequired\":true,\"valueName\":\"search_term_string\"}}],\"inLanguage\":\"de\"},{\"@type\":\"Organization\",\"@id\":\"https:\\\/\\\/trendsandvision.nl\\\/de\\\/#organization\",\"name\":\"Trends &amp; Vision (DE)\",\"url\":\"https:\\\/\\\/trendsandvision.nl\\\/de\\\/\",\"logo\":{\"@type\":\"ImageObject\",\"inLanguage\":\"de\",\"@id\":\"https:\\\/\\\/trendsandvision.nl\\\/de\\\/#\\\/schema\\\/logo\\\/image\\\/\",\"url\":\"https:\\\/\\\/trendsandvision.nl\\\/de\\\/wp-content\\\/uploads\\\/sites\\\/3\\\/2022\\\/04\\\/trends-and-vision-logo.jpg\",\"contentUrl\":\"https:\\\/\\\/trendsandvision.nl\\\/de\\\/wp-content\\\/uploads\\\/sites\\\/3\\\/2022\\\/04\\\/trends-and-vision-logo.jpg\",\"width\":213,\"height\":100,\"caption\":\"Trends &amp; Vision (DE)\"},\"image\":{\"@id\":\"https:\\\/\\\/trendsandvision.nl\\\/de\\\/#\\\/schema\\\/logo\\\/image\\\/\"}}]}<\/script>\n<!-- \/ Yoast SEO Premium plugin. -->","yoast_head_json":{"title":"Esschert Design Citronella Spiralen Halter Blume (FF667)","description":"Esschert Design Citronella Spiralen Halter Blume (FF667) B 13 X T 5.1 X H 20.2 cm, EAN 8714982296574, Eisen, Zellulose, Citronella-\u00d6l, Gewicht 0,34 kg","robots":{"index":"index","follow":"follow","max-snippet":"max-snippet:-1","max-image-preview":"max-image-preview:large","max-video-preview":"max-video-preview:-1"},"canonical":"https:\/\/trendsandvision.nl\/de\/product\/esschert-design-citronella-spiralen-halter-blume\/","og_locale":"de_DE","og_type":"article","og_title":"Esschert Design Citronella Spiralen Halter Blume","og_description":"Esschert Design Citronella Spiralen Halter Blume (FF667) B 13 X T 5.1 X H 20.2 cm, EAN 8714982296574, Eisen, Zellulose, Citronella-\u00d6l, Gewicht 0,34 kg","og_url":"https:\/\/trendsandvision.nl\/de\/product\/esschert-design-citronella-spiralen-halter-blume\/","og_site_name":"Trends &amp; Vision (DE)","article_modified_time":"2026-04-07T08:31:05+00:00","og_image":[{"width":800,"height":800,"url":"https:\/\/trendsandvision.nl\/de\/wp-content\/uploads\/sites\/3\/2025\/12\/FF667_01.jpg","type":"image\/jpeg"}],"twitter_card":"summary_large_image","twitter_misc":{"Gesch\u00e4tzte Lesezeit":"1\u00a0Minute"},"schema":{"@context":"https:\/\/schema.org","@graph":[{"@type":"WebPage","@id":"https:\/\/trendsandvision.nl\/de\/product\/esschert-design-citronella-spiralen-halter-blume\/","url":"https:\/\/trendsandvision.nl\/de\/product\/esschert-design-citronella-spiralen-halter-blume\/","name":"Esschert Design Citronella Spiralen Halter Blume (FF667)","isPartOf":{"@id":"https:\/\/trendsandvision.nl\/de\/#website"},"primaryImageOfPage":{"@id":"https:\/\/trendsandvision.nl\/de\/product\/esschert-design-citronella-spiralen-halter-blume\/#primaryimage"},"image":{"@id":"https:\/\/trendsandvision.nl\/de\/product\/esschert-design-citronella-spiralen-halter-blume\/#primaryimage"},"thumbnailUrl":"https:\/\/trendsandvision.nl\/de\/wp-content\/uploads\/sites\/3\/2025\/12\/FF667_01.jpg","datePublished":"2025-12-29T22:30:18+00:00","dateModified":"2026-04-07T08:31:05+00:00","description":"Esschert Design Citronella Spiralen Halter Blume (FF667) B 13 X T 5.1 X H 20.2 cm, EAN 8714982296574, Eisen, Zellulose, Citronella-\u00d6l, Gewicht 0,34 kg","breadcrumb":{"@id":"https:\/\/trendsandvision.nl\/de\/product\/esschert-design-citronella-spiralen-halter-blume\/#breadcrumb"},"inLanguage":"de","potentialAction":[{"@type":"ReadAction","target":["https:\/\/trendsandvision.nl\/de\/product\/esschert-design-citronella-spiralen-halter-blume\/"]}]},{"@type":"ImageObject","inLanguage":"de","@id":"https:\/\/trendsandvision.nl\/de\/product\/esschert-design-citronella-spiralen-halter-blume\/#primaryimage","url":"https:\/\/trendsandvision.nl\/de\/wp-content\/uploads\/sites\/3\/2025\/12\/FF667_01.jpg","contentUrl":"https:\/\/trendsandvision.nl\/de\/wp-content\/uploads\/sites\/3\/2025\/12\/FF667_01.jpg","width":800,"height":800,"caption":"Esschert Design Citronella Spiralen Halter Blume (FF667) B 13 X T 5.1 X H 20.2 cm, EAN 8714982296574, Eisen, Zellulose, Citronella-\u00d6l, Gewicht 0,34 kg"},{"@type":"BreadcrumbList","@id":"https:\/\/trendsandvision.nl\/de\/product\/esschert-design-citronella-spiralen-halter-blume\/#breadcrumb","itemListElement":[{"@type":"ListItem","position":1,"name":"Home","item":"https:\/\/trendsandvision.nl\/de\/"},{"@type":"ListItem","position":2,"name":"Gesch\u00e4ft","item":"https:\/\/trendsandvision.nl\/de\/geschaft\/"},{"@type":"ListItem","position":3,"name":"Esschert Design Citronella Spiralen Halter Blume"}]},{"@type":"WebSite","@id":"https:\/\/trendsandvision.nl\/de\/#website","url":"https:\/\/trendsandvision.nl\/de\/","name":"Trends &amp; Vision (DE)","description":"Der Webshop f\u00fcr Esschert Design Artikel","publisher":{"@id":"https:\/\/trendsandvision.nl\/de\/#organization"},"potentialAction":[{"@type":"SearchAction","target":{"@type":"EntryPoint","urlTemplate":"https:\/\/trendsandvision.nl\/de\/?s={search_term_string}"},"query-input":{"@type":"PropertyValueSpecification","valueRequired":true,"valueName":"search_term_string"}}],"inLanguage":"de"},{"@type":"Organization","@id":"https:\/\/trendsandvision.nl\/de\/#organization","name":"Trends &amp; Vision (DE)","url":"https:\/\/trendsandvision.nl\/de\/","logo":{"@type":"ImageObject","inLanguage":"de","@id":"https:\/\/trendsandvision.nl\/de\/#\/schema\/logo\/image\/","url":"https:\/\/trendsandvision.nl\/de\/wp-content\/uploads\/sites\/3\/2022\/04\/trends-and-vision-logo.jpg","contentUrl":"https:\/\/trendsandvision.nl\/de\/wp-content\/uploads\/sites\/3\/2022\/04\/trends-and-vision-logo.jpg","width":213,"height":100,"caption":"Trends &amp; Vision (DE)"},"image":{"@id":"https:\/\/trendsandvision.nl\/de\/#\/schema\/logo\/image\/"}}]}},"_links":{"self":[{"href":"https:\/\/trendsandvision.nl\/de\/wp-json\/wp\/v2\/product\/23764","targetHints":{"allow":["GET"]}}],"collection":[{"href":"https:\/\/trendsandvision.nl\/de\/wp-json\/wp\/v2\/product"}],"about":[{"href":"https:\/\/trendsandvision.nl\/de\/wp-json\/wp\/v2\/types\/product"}],"wp:featuredmedia":[{"embeddable":true,"href":"https:\/\/trendsandvision.nl\/de\/wp-json\/wp\/v2\/media\/23765"}],"wp:attachment":[{"href":"https:\/\/trendsandvision.nl\/de\/wp-json\/wp\/v2\/media?parent=23764"}],"wp:term":[{"taxonomy":"product_brand","embeddable":true,"href":"https:\/\/trendsandvision.nl\/de\/wp-json\/wp\/v2\/product_brand?post=23764"},{"taxonomy":"product_cat","embeddable":true,"href":"https:\/\/trendsandvision.nl\/de\/wp-json\/wp\/v2\/product_cat?post=23764"},{"taxonomy":"product_tag","embeddable":true,"href":"https:\/\/trendsandvision.nl\/de\/wp-json\/wp\/v2\/product_tag?post=23764"}],"curies":[{"name":"wp","href":"https:\/\/api.w.org\/{rel}","templated":true}]}}