{"id":23759,"date":"2025-12-29T23:30:01","date_gmt":"2025-12-29T22:30:01","guid":{"rendered":"https:\/\/trendsandvision.nl\/de\/product\/esschert-design-citronella-kerze-im-glas-topf-l\/"},"modified":"2026-04-07T10:31:03","modified_gmt":"2026-04-07T08:31:03","slug":"esschert-design-citronella-kerze-im-glas-topf-l","status":"publish","type":"product","link":"https:\/\/trendsandvision.nl\/de\/product\/esschert-design-citronella-kerze-im-glas-topf-l\/","title":{"rendered":"Esschert Design Citronella Kerze im Glas-Topf L"},"content":{"rendered":"<p>Citronellakerze in transparentem, geripptem Glas mit Metalldeckel. Das Glas verleiht der Kerze ein modernes Aussehen und l\u00e4sst das Kerzenlicht sanft hindurchscheinen. Der Metalldeckel sorgt daf\u00fcr, dass die Kerze gut verschlossen und vor Wind und Wetter gesch\u00fctzt ist. Haupts\u00e4chlich wenn sie nicht in Gebrauch ist..<br \/>\nDie Citronellakerze verstr\u00f6mt einen angenehmen, erfrischenden Duft und schafft eine ruhige, entspannte Atmosph\u00e4re.<br \/>\n(daneben ist es auch ein M\u00fcckenschutzmittel)<\/p>\n<p>Artikelname <strong><a href=\"https:\/\/trendsandvision.nl\/de\/?s=Citronella&amp;post_type=product&amp;dgwt_wcas=1\">Citronella<\/a><\/strong> Kerze im Glas-Topf L<br \/>\nArtikelnummer FF662<br \/>\nProduktgr\u00f6\u00dfen in cm B 8.5 X T 8.5 X H 9.9<br \/>\nBarcode 8714982292972<br \/>\nMaterial 53.19% Glas, 43.3% Paraffine, 2.13% Wei\u00dfblech, 1.3% Citronella-\u00d6l, 0.05% Baumwolle, 0.04% Eisen<br \/>\nGewicht 0,474 kg<br \/>\nProduzent: <a href=\"https:\/\/www.esschertdesign.com\/shop\/de\/citronella-kaars-in-glazen-pot-l-ff662\" target=\"_blank\">Esschert Design<\/a><\/p>\n","protected":false},"excerpt":{"rendered":"<p>Sorgt f\u00fcr eine beruhigende Atmosph\u00e4re<br \/>\n(ist auch ein M\u00fcckenschutzmittel)<br \/>\nIm Glas mit Metalldeckel<br \/>\nKerze ist vor Wind und Wetter gesch\u00fctzt<br \/>\nB 8.5 X T 8.5 X H 9.9 cm<br \/>\nBarcode 8714982292972<br \/>\nMaterial Glas, Paraffine, Wei\u00dfblech, Citronella-\u00d6l, Baumwolle, Eisen<br \/>\nGewicht 0,474 kg<\/p>\n","protected":false},"featured_media":23760,"template":"","meta":[],"product_brand":[9597,9870],"product_cat":[1124],"product_tag":[],"class_list":{"0":"post-23759","1":"product","2":"type-product","3":"status-publish","4":"has-post-thumbnail","6":"product_brand-esschert-design","7":"product_brand-trends-vision","8":"product_cat-fancy-flames","9":"pa_anbieter-esschert-design","10":"pa_ean-code-10871","12":"first","13":"outofstock","14":"sale","15":"taxable","16":"shipping-taxable","17":"purchasable","18":"product-type-simple","19":"czr-hentry"},"yoast_head":"<!-- This site is optimized with the Yoast SEO Premium plugin v26.4 (Yoast SEO v27.4) - https:\/\/yoast.com\/product\/yoast-seo-premium-wordpress\/ -->\n<title>Esschert Design Citronella Kerze im Glas-Topf L (FF662)<\/title>\n<meta name=\"description\" content=\"Esschert Design Citronella Kerze im Glas-Topf L (FF662) B 8.5 X T 8.5 X H 9.9 cm, EAN 8714982292972 Glas, Paraffine, Citronella-\u00d6l, 0,474 kg\" \/>\n<meta name=\"robots\" content=\"index, follow, max-snippet:-1, max-image-preview:large, max-video-preview:-1\" \/>\n<link rel=\"canonical\" href=\"https:\/\/trendsandvision.nl\/de\/product\/esschert-design-citronella-kerze-im-glas-topf-l\/\" \/>\n<meta property=\"og:locale\" content=\"de_DE\" \/>\n<meta property=\"og:type\" content=\"article\" \/>\n<meta property=\"og:title\" content=\"Esschert Design Citronella Kerze im Glas-Topf L\" \/>\n<meta property=\"og:description\" content=\"Esschert Design Citronella Kerze im Glas-Topf L (FF662) B 8.5 X T 8.5 X H 9.9 cm, EAN 8714982292972 Glas, Paraffine, Citronella-\u00d6l, 0,474 kg\" \/>\n<meta property=\"og:url\" content=\"https:\/\/trendsandvision.nl\/de\/product\/esschert-design-citronella-kerze-im-glas-topf-l\/\" \/>\n<meta property=\"og:site_name\" content=\"Trends &amp; Vision (DE)\" \/>\n<meta property=\"article:modified_time\" content=\"2026-04-07T08:31:03+00:00\" \/>\n<meta property=\"og:image\" content=\"https:\/\/trendsandvision.nl\/de\/wp-content\/uploads\/sites\/3\/2025\/12\/FF662_01.jpg\" \/>\n\t<meta property=\"og:image:width\" content=\"800\" \/>\n\t<meta property=\"og:image:height\" content=\"800\" \/>\n\t<meta property=\"og:image:type\" content=\"image\/jpeg\" \/>\n<meta name=\"twitter:card\" content=\"summary_large_image\" \/>\n<meta name=\"twitter:label1\" content=\"Gesch\u00e4tzte Lesezeit\" \/>\n\t<meta name=\"twitter:data1\" content=\"1\u00a0Minute\" \/>\n<script type=\"application\/ld+json\" class=\"yoast-schema-graph\">{\"@context\":\"https:\\\/\\\/schema.org\",\"@graph\":[{\"@type\":\"WebPage\",\"@id\":\"https:\\\/\\\/trendsandvision.nl\\\/de\\\/product\\\/esschert-design-citronella-kerze-im-glas-topf-l\\\/\",\"url\":\"https:\\\/\\\/trendsandvision.nl\\\/de\\\/product\\\/esschert-design-citronella-kerze-im-glas-topf-l\\\/\",\"name\":\"Esschert Design Citronella Kerze im Glas-Topf L (FF662)\",\"isPartOf\":{\"@id\":\"https:\\\/\\\/trendsandvision.nl\\\/de\\\/#website\"},\"primaryImageOfPage\":{\"@id\":\"https:\\\/\\\/trendsandvision.nl\\\/de\\\/product\\\/esschert-design-citronella-kerze-im-glas-topf-l\\\/#primaryimage\"},\"image\":{\"@id\":\"https:\\\/\\\/trendsandvision.nl\\\/de\\\/product\\\/esschert-design-citronella-kerze-im-glas-topf-l\\\/#primaryimage\"},\"thumbnailUrl\":\"https:\\\/\\\/trendsandvision.nl\\\/de\\\/wp-content\\\/uploads\\\/sites\\\/3\\\/2025\\\/12\\\/FF662_01.jpg\",\"datePublished\":\"2025-12-29T22:30:01+00:00\",\"dateModified\":\"2026-04-07T08:31:03+00:00\",\"description\":\"Esschert Design Citronella Kerze im Glas-Topf L (FF662) B 8.5 X T 8.5 X H 9.9 cm, EAN 8714982292972 Glas, Paraffine, Citronella-\u00d6l, 0,474 kg\",\"breadcrumb\":{\"@id\":\"https:\\\/\\\/trendsandvision.nl\\\/de\\\/product\\\/esschert-design-citronella-kerze-im-glas-topf-l\\\/#breadcrumb\"},\"inLanguage\":\"de\",\"potentialAction\":[{\"@type\":\"ReadAction\",\"target\":[\"https:\\\/\\\/trendsandvision.nl\\\/de\\\/product\\\/esschert-design-citronella-kerze-im-glas-topf-l\\\/\"]}]},{\"@type\":\"ImageObject\",\"inLanguage\":\"de\",\"@id\":\"https:\\\/\\\/trendsandvision.nl\\\/de\\\/product\\\/esschert-design-citronella-kerze-im-glas-topf-l\\\/#primaryimage\",\"url\":\"https:\\\/\\\/trendsandvision.nl\\\/de\\\/wp-content\\\/uploads\\\/sites\\\/3\\\/2025\\\/12\\\/FF662_01.jpg\",\"contentUrl\":\"https:\\\/\\\/trendsandvision.nl\\\/de\\\/wp-content\\\/uploads\\\/sites\\\/3\\\/2025\\\/12\\\/FF662_01.jpg\",\"width\":800,\"height\":800,\"caption\":\"Esschert Design Citronella Kerze im Glas-Topf L (FF662) B 8.5 X T 8.5 X H 9.9 cm, EAN 8714982292972 Glas, Paraffine, Citronella-\u00d6l, 0,474 kg\"},{\"@type\":\"BreadcrumbList\",\"@id\":\"https:\\\/\\\/trendsandvision.nl\\\/de\\\/product\\\/esschert-design-citronella-kerze-im-glas-topf-l\\\/#breadcrumb\",\"itemListElement\":[{\"@type\":\"ListItem\",\"position\":1,\"name\":\"Home\",\"item\":\"https:\\\/\\\/trendsandvision.nl\\\/de\\\/\"},{\"@type\":\"ListItem\",\"position\":2,\"name\":\"Gesch\u00e4ft\",\"item\":\"https:\\\/\\\/trendsandvision.nl\\\/de\\\/geschaft\\\/\"},{\"@type\":\"ListItem\",\"position\":3,\"name\":\"Esschert Design Citronella Kerze im Glas-Topf L\"}]},{\"@type\":\"WebSite\",\"@id\":\"https:\\\/\\\/trendsandvision.nl\\\/de\\\/#website\",\"url\":\"https:\\\/\\\/trendsandvision.nl\\\/de\\\/\",\"name\":\"Trends &amp; Vision (DE)\",\"description\":\"Der Webshop f\u00fcr Esschert Design Artikel\",\"publisher\":{\"@id\":\"https:\\\/\\\/trendsandvision.nl\\\/de\\\/#organization\"},\"potentialAction\":[{\"@type\":\"SearchAction\",\"target\":{\"@type\":\"EntryPoint\",\"urlTemplate\":\"https:\\\/\\\/trendsandvision.nl\\\/de\\\/?s={search_term_string}\"},\"query-input\":{\"@type\":\"PropertyValueSpecification\",\"valueRequired\":true,\"valueName\":\"search_term_string\"}}],\"inLanguage\":\"de\"},{\"@type\":\"Organization\",\"@id\":\"https:\\\/\\\/trendsandvision.nl\\\/de\\\/#organization\",\"name\":\"Trends &amp; Vision (DE)\",\"url\":\"https:\\\/\\\/trendsandvision.nl\\\/de\\\/\",\"logo\":{\"@type\":\"ImageObject\",\"inLanguage\":\"de\",\"@id\":\"https:\\\/\\\/trendsandvision.nl\\\/de\\\/#\\\/schema\\\/logo\\\/image\\\/\",\"url\":\"https:\\\/\\\/trendsandvision.nl\\\/de\\\/wp-content\\\/uploads\\\/sites\\\/3\\\/2022\\\/04\\\/trends-and-vision-logo.jpg\",\"contentUrl\":\"https:\\\/\\\/trendsandvision.nl\\\/de\\\/wp-content\\\/uploads\\\/sites\\\/3\\\/2022\\\/04\\\/trends-and-vision-logo.jpg\",\"width\":213,\"height\":100,\"caption\":\"Trends &amp; Vision (DE)\"},\"image\":{\"@id\":\"https:\\\/\\\/trendsandvision.nl\\\/de\\\/#\\\/schema\\\/logo\\\/image\\\/\"}}]}<\/script>\n<!-- \/ Yoast SEO Premium plugin. -->","yoast_head_json":{"title":"Esschert Design Citronella Kerze im Glas-Topf L (FF662)","description":"Esschert Design Citronella Kerze im Glas-Topf L (FF662) B 8.5 X T 8.5 X H 9.9 cm, EAN 8714982292972 Glas, Paraffine, Citronella-\u00d6l, 0,474 kg","robots":{"index":"index","follow":"follow","max-snippet":"max-snippet:-1","max-image-preview":"max-image-preview:large","max-video-preview":"max-video-preview:-1"},"canonical":"https:\/\/trendsandvision.nl\/de\/product\/esschert-design-citronella-kerze-im-glas-topf-l\/","og_locale":"de_DE","og_type":"article","og_title":"Esschert Design Citronella Kerze im Glas-Topf L","og_description":"Esschert Design Citronella Kerze im Glas-Topf L (FF662) B 8.5 X T 8.5 X H 9.9 cm, EAN 8714982292972 Glas, Paraffine, Citronella-\u00d6l, 0,474 kg","og_url":"https:\/\/trendsandvision.nl\/de\/product\/esschert-design-citronella-kerze-im-glas-topf-l\/","og_site_name":"Trends &amp; Vision (DE)","article_modified_time":"2026-04-07T08:31:03+00:00","og_image":[{"width":800,"height":800,"url":"https:\/\/trendsandvision.nl\/de\/wp-content\/uploads\/sites\/3\/2025\/12\/FF662_01.jpg","type":"image\/jpeg"}],"twitter_card":"summary_large_image","twitter_misc":{"Gesch\u00e4tzte Lesezeit":"1\u00a0Minute"},"schema":{"@context":"https:\/\/schema.org","@graph":[{"@type":"WebPage","@id":"https:\/\/trendsandvision.nl\/de\/product\/esschert-design-citronella-kerze-im-glas-topf-l\/","url":"https:\/\/trendsandvision.nl\/de\/product\/esschert-design-citronella-kerze-im-glas-topf-l\/","name":"Esschert Design Citronella Kerze im Glas-Topf L (FF662)","isPartOf":{"@id":"https:\/\/trendsandvision.nl\/de\/#website"},"primaryImageOfPage":{"@id":"https:\/\/trendsandvision.nl\/de\/product\/esschert-design-citronella-kerze-im-glas-topf-l\/#primaryimage"},"image":{"@id":"https:\/\/trendsandvision.nl\/de\/product\/esschert-design-citronella-kerze-im-glas-topf-l\/#primaryimage"},"thumbnailUrl":"https:\/\/trendsandvision.nl\/de\/wp-content\/uploads\/sites\/3\/2025\/12\/FF662_01.jpg","datePublished":"2025-12-29T22:30:01+00:00","dateModified":"2026-04-07T08:31:03+00:00","description":"Esschert Design Citronella Kerze im Glas-Topf L (FF662) B 8.5 X T 8.5 X H 9.9 cm, EAN 8714982292972 Glas, Paraffine, Citronella-\u00d6l, 0,474 kg","breadcrumb":{"@id":"https:\/\/trendsandvision.nl\/de\/product\/esschert-design-citronella-kerze-im-glas-topf-l\/#breadcrumb"},"inLanguage":"de","potentialAction":[{"@type":"ReadAction","target":["https:\/\/trendsandvision.nl\/de\/product\/esschert-design-citronella-kerze-im-glas-topf-l\/"]}]},{"@type":"ImageObject","inLanguage":"de","@id":"https:\/\/trendsandvision.nl\/de\/product\/esschert-design-citronella-kerze-im-glas-topf-l\/#primaryimage","url":"https:\/\/trendsandvision.nl\/de\/wp-content\/uploads\/sites\/3\/2025\/12\/FF662_01.jpg","contentUrl":"https:\/\/trendsandvision.nl\/de\/wp-content\/uploads\/sites\/3\/2025\/12\/FF662_01.jpg","width":800,"height":800,"caption":"Esschert Design Citronella Kerze im Glas-Topf L (FF662) B 8.5 X T 8.5 X H 9.9 cm, EAN 8714982292972 Glas, Paraffine, Citronella-\u00d6l, 0,474 kg"},{"@type":"BreadcrumbList","@id":"https:\/\/trendsandvision.nl\/de\/product\/esschert-design-citronella-kerze-im-glas-topf-l\/#breadcrumb","itemListElement":[{"@type":"ListItem","position":1,"name":"Home","item":"https:\/\/trendsandvision.nl\/de\/"},{"@type":"ListItem","position":2,"name":"Gesch\u00e4ft","item":"https:\/\/trendsandvision.nl\/de\/geschaft\/"},{"@type":"ListItem","position":3,"name":"Esschert Design Citronella Kerze im Glas-Topf L"}]},{"@type":"WebSite","@id":"https:\/\/trendsandvision.nl\/de\/#website","url":"https:\/\/trendsandvision.nl\/de\/","name":"Trends &amp; Vision (DE)","description":"Der Webshop f\u00fcr Esschert Design Artikel","publisher":{"@id":"https:\/\/trendsandvision.nl\/de\/#organization"},"potentialAction":[{"@type":"SearchAction","target":{"@type":"EntryPoint","urlTemplate":"https:\/\/trendsandvision.nl\/de\/?s={search_term_string}"},"query-input":{"@type":"PropertyValueSpecification","valueRequired":true,"valueName":"search_term_string"}}],"inLanguage":"de"},{"@type":"Organization","@id":"https:\/\/trendsandvision.nl\/de\/#organization","name":"Trends &amp; Vision (DE)","url":"https:\/\/trendsandvision.nl\/de\/","logo":{"@type":"ImageObject","inLanguage":"de","@id":"https:\/\/trendsandvision.nl\/de\/#\/schema\/logo\/image\/","url":"https:\/\/trendsandvision.nl\/de\/wp-content\/uploads\/sites\/3\/2022\/04\/trends-and-vision-logo.jpg","contentUrl":"https:\/\/trendsandvision.nl\/de\/wp-content\/uploads\/sites\/3\/2022\/04\/trends-and-vision-logo.jpg","width":213,"height":100,"caption":"Trends &amp; Vision (DE)"},"image":{"@id":"https:\/\/trendsandvision.nl\/de\/#\/schema\/logo\/image\/"}}]}},"_links":{"self":[{"href":"https:\/\/trendsandvision.nl\/de\/wp-json\/wp\/v2\/product\/23759","targetHints":{"allow":["GET"]}}],"collection":[{"href":"https:\/\/trendsandvision.nl\/de\/wp-json\/wp\/v2\/product"}],"about":[{"href":"https:\/\/trendsandvision.nl\/de\/wp-json\/wp\/v2\/types\/product"}],"wp:featuredmedia":[{"embeddable":true,"href":"https:\/\/trendsandvision.nl\/de\/wp-json\/wp\/v2\/media\/23760"}],"wp:attachment":[{"href":"https:\/\/trendsandvision.nl\/de\/wp-json\/wp\/v2\/media?parent=23759"}],"wp:term":[{"taxonomy":"product_brand","embeddable":true,"href":"https:\/\/trendsandvision.nl\/de\/wp-json\/wp\/v2\/product_brand?post=23759"},{"taxonomy":"product_cat","embeddable":true,"href":"https:\/\/trendsandvision.nl\/de\/wp-json\/wp\/v2\/product_cat?post=23759"},{"taxonomy":"product_tag","embeddable":true,"href":"https:\/\/trendsandvision.nl\/de\/wp-json\/wp\/v2\/product_tag?post=23759"}],"curies":[{"name":"wp","href":"https:\/\/api.w.org\/{rel}","templated":true}]}}