{"id":23757,"date":"2025-12-29T23:30:01","date_gmt":"2025-12-29T22:30:01","guid":{"rendered":"https:\/\/trendsandvision.nl\/de\/product\/esschert-design-citronella-kerze-im-glas-topf-s\/"},"modified":"2026-04-07T10:31:03","modified_gmt":"2026-04-07T08:31:03","slug":"esschert-design-citronella-kerze-im-glas-topf-s","status":"publish","type":"product","link":"https:\/\/trendsandvision.nl\/de\/product\/esschert-design-citronella-kerze-im-glas-topf-s\/","title":{"rendered":"Esschert Design Citronella Kerze im Glas-Topf S"},"content":{"rendered":"<p>Citronellakerze in transparentem, geripptem Glas mit Metalldeckel. Das Glas verleiht der Kerze ein modernes Aussehen und l\u00e4sst das Kerzenlicht sanft hindurchscheinen. Der Metalldeckel sorgt daf\u00fcr, dass die Kerze gut verschlossen und vor Wind und Wetter gesch\u00fctzt ist. Ua wenn sie nicht in Gebrauch ist.<br \/>\nDie Citronellakerze verstr\u00f6mt einen angenehmen, erfrischenden Duft und schafft eine ruhige, entspannte Atmosph\u00e4re. (daneben ist es auch ein M\u00fcckenschutzmittel)<\/p>\n<p>Artikelname <strong><a href=\"https:\/\/trendsandvision.nl\/de\/?s=Citronella&amp;post_type=product&amp;dgwt_wcas=1\">Citronella<\/a><\/strong> Kerze im Glas-Topf S<br \/>\nArtikelnummer FF661<br \/>\nProduktgr\u00f6\u00dfen in cm B 6 X T 6 X H 7.4<br \/>\nBarcode 8714982292965<br \/>\nMaterial 60.93% Glas, 34.1% Paraffine, 3.75% Wei\u00dfblech, 1.05% Citronella-\u00d6l, 0.09% Eisen, 0.07% Baumwolle<br \/>\nGewicht 0,202 kg<br \/>\nProduzent: <a href=\"https:\/\/www.esschertdesign.com\/shop\/de\/citronella-kaars-in-glazen-pot-s-ff661\" target=\"_blank\">Esschert Design<\/a><\/p>\n","protected":false},"excerpt":{"rendered":"<p>Im Glas mit Metalldeckel<br \/>\nKerze ist vor Wind und Wetter gesch\u00fctzt<br \/>\nSorgt f\u00fcr eine beruhigende Atmosph\u00e4re<br \/>\n(daneben ist es auch ein M\u00fcckenschutzmittel)<br \/>\nB 6 X T 6 X H 7.4 cm<br \/>\nBarcode 8714982292965<br \/>\nMaterial Glas, Paraffine, Wei\u00dfblech, Citronella-\u00d6l, Eisen, Baumwolle<br \/>\nGewicht 0,202 kg<\/p>\n","protected":false},"featured_media":23758,"template":"","meta":[],"product_brand":[9597,9870],"product_cat":[1124],"product_tag":[7386,11103],"class_list":{"0":"post-23757","1":"product","2":"type-product","3":"status-publish","4":"has-post-thumbnail","6":"product_brand-esschert-design","7":"product_brand-trends-vision","8":"product_cat-fancy-flames","9":"product_tag-citronella","10":"product_tag-mueckenschutzmittel","11":"pa_anbieter-esschert-design","12":"pa_ean-code-10870","14":"first","15":"outofstock","16":"sale","17":"taxable","18":"shipping-taxable","19":"purchasable","20":"product-type-simple","21":"czr-hentry"},"yoast_head":"<!-- This site is optimized with the Yoast SEO Premium plugin v26.4 (Yoast SEO v27.4) - https:\/\/yoast.com\/product\/yoast-seo-premium-wordpress\/ -->\n<title>Esschert Design Citronella Kerze im Glas-Topf S (FF661)<\/title>\n<meta name=\"description\" content=\"Esschert Design Citronella Kerze im Glas-Topf S (FF661) B 6 X T 6 X H 7.4 cm, EAN 8714982292965, Material Glas, Paraffine, Citronella-\u00d6l, 0.202 kg\" \/>\n<meta name=\"robots\" content=\"index, follow, max-snippet:-1, max-image-preview:large, max-video-preview:-1\" \/>\n<link rel=\"canonical\" href=\"https:\/\/trendsandvision.nl\/de\/product\/esschert-design-citronella-kerze-im-glas-topf-s\/\" \/>\n<meta property=\"og:locale\" content=\"de_DE\" \/>\n<meta property=\"og:type\" content=\"article\" \/>\n<meta property=\"og:title\" content=\"Esschert Design Citronella Kerze im Glas-Topf S\" \/>\n<meta property=\"og:description\" content=\"Esschert Design Citronella Kerze im Glas-Topf S (FF661) B 6 X T 6 X H 7.4 cm, EAN 8714982292965, Material Glas, Paraffine, Citronella-\u00d6l, 0.202 kg\" \/>\n<meta property=\"og:url\" content=\"https:\/\/trendsandvision.nl\/de\/product\/esschert-design-citronella-kerze-im-glas-topf-s\/\" \/>\n<meta property=\"og:site_name\" content=\"Trends &amp; Vision (DE)\" \/>\n<meta property=\"article:modified_time\" content=\"2026-04-07T08:31:03+00:00\" \/>\n<meta property=\"og:image\" content=\"https:\/\/trendsandvision.nl\/de\/wp-content\/uploads\/sites\/3\/2025\/12\/FF661_01.jpg\" \/>\n\t<meta property=\"og:image:width\" content=\"800\" \/>\n\t<meta property=\"og:image:height\" content=\"800\" \/>\n\t<meta property=\"og:image:type\" content=\"image\/jpeg\" \/>\n<meta name=\"twitter:card\" content=\"summary_large_image\" \/>\n<meta name=\"twitter:label1\" content=\"Gesch\u00e4tzte Lesezeit\" \/>\n\t<meta name=\"twitter:data1\" content=\"1\u00a0Minute\" \/>\n<script type=\"application\/ld+json\" class=\"yoast-schema-graph\">{\"@context\":\"https:\\\/\\\/schema.org\",\"@graph\":[{\"@type\":\"WebPage\",\"@id\":\"https:\\\/\\\/trendsandvision.nl\\\/de\\\/product\\\/esschert-design-citronella-kerze-im-glas-topf-s\\\/\",\"url\":\"https:\\\/\\\/trendsandvision.nl\\\/de\\\/product\\\/esschert-design-citronella-kerze-im-glas-topf-s\\\/\",\"name\":\"Esschert Design Citronella Kerze im Glas-Topf S (FF661)\",\"isPartOf\":{\"@id\":\"https:\\\/\\\/trendsandvision.nl\\\/de\\\/#website\"},\"primaryImageOfPage\":{\"@id\":\"https:\\\/\\\/trendsandvision.nl\\\/de\\\/product\\\/esschert-design-citronella-kerze-im-glas-topf-s\\\/#primaryimage\"},\"image\":{\"@id\":\"https:\\\/\\\/trendsandvision.nl\\\/de\\\/product\\\/esschert-design-citronella-kerze-im-glas-topf-s\\\/#primaryimage\"},\"thumbnailUrl\":\"https:\\\/\\\/trendsandvision.nl\\\/de\\\/wp-content\\\/uploads\\\/sites\\\/3\\\/2025\\\/12\\\/FF661_01.jpg\",\"datePublished\":\"2025-12-29T22:30:01+00:00\",\"dateModified\":\"2026-04-07T08:31:03+00:00\",\"description\":\"Esschert Design Citronella Kerze im Glas-Topf S (FF661) B 6 X T 6 X H 7.4 cm, EAN 8714982292965, Material Glas, Paraffine, Citronella-\u00d6l, 0.202 kg\",\"breadcrumb\":{\"@id\":\"https:\\\/\\\/trendsandvision.nl\\\/de\\\/product\\\/esschert-design-citronella-kerze-im-glas-topf-s\\\/#breadcrumb\"},\"inLanguage\":\"de\",\"potentialAction\":[{\"@type\":\"ReadAction\",\"target\":[\"https:\\\/\\\/trendsandvision.nl\\\/de\\\/product\\\/esschert-design-citronella-kerze-im-glas-topf-s\\\/\"]}]},{\"@type\":\"ImageObject\",\"inLanguage\":\"de\",\"@id\":\"https:\\\/\\\/trendsandvision.nl\\\/de\\\/product\\\/esschert-design-citronella-kerze-im-glas-topf-s\\\/#primaryimage\",\"url\":\"https:\\\/\\\/trendsandvision.nl\\\/de\\\/wp-content\\\/uploads\\\/sites\\\/3\\\/2025\\\/12\\\/FF661_01.jpg\",\"contentUrl\":\"https:\\\/\\\/trendsandvision.nl\\\/de\\\/wp-content\\\/uploads\\\/sites\\\/3\\\/2025\\\/12\\\/FF661_01.jpg\",\"width\":800,\"height\":800,\"caption\":\"Esschert Design Citronella Kerze im Glas-Topf S (FF661) B 6 X T 6 X H 7.4 cm, EAN 8714982292965, Material Glas, Paraffine, Citronella-\u00d6l, 0.202 kg\"},{\"@type\":\"BreadcrumbList\",\"@id\":\"https:\\\/\\\/trendsandvision.nl\\\/de\\\/product\\\/esschert-design-citronella-kerze-im-glas-topf-s\\\/#breadcrumb\",\"itemListElement\":[{\"@type\":\"ListItem\",\"position\":1,\"name\":\"Home\",\"item\":\"https:\\\/\\\/trendsandvision.nl\\\/de\\\/\"},{\"@type\":\"ListItem\",\"position\":2,\"name\":\"Gesch\u00e4ft\",\"item\":\"https:\\\/\\\/trendsandvision.nl\\\/de\\\/geschaft\\\/\"},{\"@type\":\"ListItem\",\"position\":3,\"name\":\"Esschert Design Citronella Kerze im Glas-Topf S\"}]},{\"@type\":\"WebSite\",\"@id\":\"https:\\\/\\\/trendsandvision.nl\\\/de\\\/#website\",\"url\":\"https:\\\/\\\/trendsandvision.nl\\\/de\\\/\",\"name\":\"Trends &amp; Vision (DE)\",\"description\":\"Der Webshop f\u00fcr Esschert Design Artikel\",\"publisher\":{\"@id\":\"https:\\\/\\\/trendsandvision.nl\\\/de\\\/#organization\"},\"potentialAction\":[{\"@type\":\"SearchAction\",\"target\":{\"@type\":\"EntryPoint\",\"urlTemplate\":\"https:\\\/\\\/trendsandvision.nl\\\/de\\\/?s={search_term_string}\"},\"query-input\":{\"@type\":\"PropertyValueSpecification\",\"valueRequired\":true,\"valueName\":\"search_term_string\"}}],\"inLanguage\":\"de\"},{\"@type\":\"Organization\",\"@id\":\"https:\\\/\\\/trendsandvision.nl\\\/de\\\/#organization\",\"name\":\"Trends &amp; Vision (DE)\",\"url\":\"https:\\\/\\\/trendsandvision.nl\\\/de\\\/\",\"logo\":{\"@type\":\"ImageObject\",\"inLanguage\":\"de\",\"@id\":\"https:\\\/\\\/trendsandvision.nl\\\/de\\\/#\\\/schema\\\/logo\\\/image\\\/\",\"url\":\"https:\\\/\\\/trendsandvision.nl\\\/de\\\/wp-content\\\/uploads\\\/sites\\\/3\\\/2022\\\/04\\\/trends-and-vision-logo.jpg\",\"contentUrl\":\"https:\\\/\\\/trendsandvision.nl\\\/de\\\/wp-content\\\/uploads\\\/sites\\\/3\\\/2022\\\/04\\\/trends-and-vision-logo.jpg\",\"width\":213,\"height\":100,\"caption\":\"Trends &amp; Vision (DE)\"},\"image\":{\"@id\":\"https:\\\/\\\/trendsandvision.nl\\\/de\\\/#\\\/schema\\\/logo\\\/image\\\/\"}}]}<\/script>\n<!-- \/ Yoast SEO Premium plugin. -->","yoast_head_json":{"title":"Esschert Design Citronella Kerze im Glas-Topf S (FF661)","description":"Esschert Design Citronella Kerze im Glas-Topf S (FF661) B 6 X T 6 X H 7.4 cm, EAN 8714982292965, Material Glas, Paraffine, Citronella-\u00d6l, 0.202 kg","robots":{"index":"index","follow":"follow","max-snippet":"max-snippet:-1","max-image-preview":"max-image-preview:large","max-video-preview":"max-video-preview:-1"},"canonical":"https:\/\/trendsandvision.nl\/de\/product\/esschert-design-citronella-kerze-im-glas-topf-s\/","og_locale":"de_DE","og_type":"article","og_title":"Esschert Design Citronella Kerze im Glas-Topf S","og_description":"Esschert Design Citronella Kerze im Glas-Topf S (FF661) B 6 X T 6 X H 7.4 cm, EAN 8714982292965, Material Glas, Paraffine, Citronella-\u00d6l, 0.202 kg","og_url":"https:\/\/trendsandvision.nl\/de\/product\/esschert-design-citronella-kerze-im-glas-topf-s\/","og_site_name":"Trends &amp; Vision (DE)","article_modified_time":"2026-04-07T08:31:03+00:00","og_image":[{"width":800,"height":800,"url":"https:\/\/trendsandvision.nl\/de\/wp-content\/uploads\/sites\/3\/2025\/12\/FF661_01.jpg","type":"image\/jpeg"}],"twitter_card":"summary_large_image","twitter_misc":{"Gesch\u00e4tzte Lesezeit":"1\u00a0Minute"},"schema":{"@context":"https:\/\/schema.org","@graph":[{"@type":"WebPage","@id":"https:\/\/trendsandvision.nl\/de\/product\/esschert-design-citronella-kerze-im-glas-topf-s\/","url":"https:\/\/trendsandvision.nl\/de\/product\/esschert-design-citronella-kerze-im-glas-topf-s\/","name":"Esschert Design Citronella Kerze im Glas-Topf S (FF661)","isPartOf":{"@id":"https:\/\/trendsandvision.nl\/de\/#website"},"primaryImageOfPage":{"@id":"https:\/\/trendsandvision.nl\/de\/product\/esschert-design-citronella-kerze-im-glas-topf-s\/#primaryimage"},"image":{"@id":"https:\/\/trendsandvision.nl\/de\/product\/esschert-design-citronella-kerze-im-glas-topf-s\/#primaryimage"},"thumbnailUrl":"https:\/\/trendsandvision.nl\/de\/wp-content\/uploads\/sites\/3\/2025\/12\/FF661_01.jpg","datePublished":"2025-12-29T22:30:01+00:00","dateModified":"2026-04-07T08:31:03+00:00","description":"Esschert Design Citronella Kerze im Glas-Topf S (FF661) B 6 X T 6 X H 7.4 cm, EAN 8714982292965, Material Glas, Paraffine, Citronella-\u00d6l, 0.202 kg","breadcrumb":{"@id":"https:\/\/trendsandvision.nl\/de\/product\/esschert-design-citronella-kerze-im-glas-topf-s\/#breadcrumb"},"inLanguage":"de","potentialAction":[{"@type":"ReadAction","target":["https:\/\/trendsandvision.nl\/de\/product\/esschert-design-citronella-kerze-im-glas-topf-s\/"]}]},{"@type":"ImageObject","inLanguage":"de","@id":"https:\/\/trendsandvision.nl\/de\/product\/esschert-design-citronella-kerze-im-glas-topf-s\/#primaryimage","url":"https:\/\/trendsandvision.nl\/de\/wp-content\/uploads\/sites\/3\/2025\/12\/FF661_01.jpg","contentUrl":"https:\/\/trendsandvision.nl\/de\/wp-content\/uploads\/sites\/3\/2025\/12\/FF661_01.jpg","width":800,"height":800,"caption":"Esschert Design Citronella Kerze im Glas-Topf S (FF661) B 6 X T 6 X H 7.4 cm, EAN 8714982292965, Material Glas, Paraffine, Citronella-\u00d6l, 0.202 kg"},{"@type":"BreadcrumbList","@id":"https:\/\/trendsandvision.nl\/de\/product\/esschert-design-citronella-kerze-im-glas-topf-s\/#breadcrumb","itemListElement":[{"@type":"ListItem","position":1,"name":"Home","item":"https:\/\/trendsandvision.nl\/de\/"},{"@type":"ListItem","position":2,"name":"Gesch\u00e4ft","item":"https:\/\/trendsandvision.nl\/de\/geschaft\/"},{"@type":"ListItem","position":3,"name":"Esschert Design Citronella Kerze im Glas-Topf S"}]},{"@type":"WebSite","@id":"https:\/\/trendsandvision.nl\/de\/#website","url":"https:\/\/trendsandvision.nl\/de\/","name":"Trends &amp; Vision (DE)","description":"Der Webshop f\u00fcr Esschert Design Artikel","publisher":{"@id":"https:\/\/trendsandvision.nl\/de\/#organization"},"potentialAction":[{"@type":"SearchAction","target":{"@type":"EntryPoint","urlTemplate":"https:\/\/trendsandvision.nl\/de\/?s={search_term_string}"},"query-input":{"@type":"PropertyValueSpecification","valueRequired":true,"valueName":"search_term_string"}}],"inLanguage":"de"},{"@type":"Organization","@id":"https:\/\/trendsandvision.nl\/de\/#organization","name":"Trends &amp; Vision (DE)","url":"https:\/\/trendsandvision.nl\/de\/","logo":{"@type":"ImageObject","inLanguage":"de","@id":"https:\/\/trendsandvision.nl\/de\/#\/schema\/logo\/image\/","url":"https:\/\/trendsandvision.nl\/de\/wp-content\/uploads\/sites\/3\/2022\/04\/trends-and-vision-logo.jpg","contentUrl":"https:\/\/trendsandvision.nl\/de\/wp-content\/uploads\/sites\/3\/2022\/04\/trends-and-vision-logo.jpg","width":213,"height":100,"caption":"Trends &amp; Vision (DE)"},"image":{"@id":"https:\/\/trendsandvision.nl\/de\/#\/schema\/logo\/image\/"}}]}},"_links":{"self":[{"href":"https:\/\/trendsandvision.nl\/de\/wp-json\/wp\/v2\/product\/23757","targetHints":{"allow":["GET"]}}],"collection":[{"href":"https:\/\/trendsandvision.nl\/de\/wp-json\/wp\/v2\/product"}],"about":[{"href":"https:\/\/trendsandvision.nl\/de\/wp-json\/wp\/v2\/types\/product"}],"wp:featuredmedia":[{"embeddable":true,"href":"https:\/\/trendsandvision.nl\/de\/wp-json\/wp\/v2\/media\/23758"}],"wp:attachment":[{"href":"https:\/\/trendsandvision.nl\/de\/wp-json\/wp\/v2\/media?parent=23757"}],"wp:term":[{"taxonomy":"product_brand","embeddable":true,"href":"https:\/\/trendsandvision.nl\/de\/wp-json\/wp\/v2\/product_brand?post=23757"},{"taxonomy":"product_cat","embeddable":true,"href":"https:\/\/trendsandvision.nl\/de\/wp-json\/wp\/v2\/product_cat?post=23757"},{"taxonomy":"product_tag","embeddable":true,"href":"https:\/\/trendsandvision.nl\/de\/wp-json\/wp\/v2\/product_tag?post=23757"}],"curies":[{"name":"wp","href":"https:\/\/api.w.org\/{rel}","templated":true}]}}