{"id":23751,"date":"2025-12-29T23:30:01","date_gmt":"2025-12-29T22:30:01","guid":{"rendered":"https:\/\/trendsandvision.nl\/de\/product\/esschert-design-citronella-teelichter-set-4-l\/"},"modified":"2026-04-10T16:43:45","modified_gmt":"2026-04-10T14:43:45","slug":"esschert-design-citronella-teelichter-set-4-l","status":"publish","type":"product","link":"https:\/\/trendsandvision.nl\/de\/product\/esschert-design-citronella-teelichter-set-4-l\/","title":{"rendered":"Esschert Design Citronella Teelichter Set\/4 L"},"content":{"rendered":"<p>Dieses Set aus 4 <strong><a href=\"https:\/\/trendsandvision.nl\/de\/?s=Citronella&amp;post_type=product&amp;dgwt_wcas=1\" target=\"_blank\">Citronella<\/a><\/strong>-Teelichtern ist ideal f\u00fcr den Au\u00dfenbereich. Sie verstr\u00f6men einen angenehmen, erfrischenden Duft und schaffen eine entspannte Atmosph\u00e4re. Der Citronelladuft breitet sich sanft aus und sorgt f\u00fcr eine beruhigende Umgebung. Die Teelichter sind einfach zu verwenden und k\u00f6nnen in Teelichthaltern oder Laternen platziert werden.<\/p>\n<p>Artikelname Citronella Teelichter Set\/4 L<br \/>\nArtikelnummer FF658<br \/>\nProduktgr\u00f6\u00dfen in cm B 4,9 X T 4,9 X H 1,9<br \/>\nBarcode 8714982292934<br \/>\nMaterial 89,8% Paraffine, 6,5% Aluminium, 2,8% Citronella-\u00d6l, 0,6% Eisen, 0,3% Baumwolle<br \/>\nNettogewicht 0,112 kg<br \/>\nProduzent: <a href=\"https:\/\/www.esschertdesign.com\/shop\/de\/citronella-waxinelichtjes-set-4-l-ff658\" target=\"_blank\">Esschert Design<\/a><\/p>\n","protected":false},"excerpt":{"rendered":"<p>F\u00fcr den Au\u00dfenbereicht geeignet<br \/>\nZum Gebrauch in Teelichthaltern oder Laternen<br \/>\nSchafft eine angenehme und beruhigende Atmosph\u00e4re<br \/>\n(ist auch ein M\u00fcckenschutzmittel)<br \/>\nSet mit 4 St\u00fcck<br \/>\nVerpackt in einer Geschenkbox<br \/>\nB 4,9 X T 4,9 X H 1,9 cm<br \/>\nBarcode 8714982292934<br \/>\nMaterial Paraffine, Aluminium, Citronella-\u00d6l, Eisen, Baumwolle<br \/>\nNettogewicht 0,112 kg<\/p>\n","protected":false},"featured_media":23752,"template":"","meta":[],"product_brand":[9597,9598],"product_cat":[503],"product_tag":[7493,11103],"class_list":{"0":"post-23751","1":"product","2":"type-product","3":"status-publish","4":"has-post-thumbnail","6":"product_brand-esschert-design","7":"product_brand-trends-and-vision","8":"product_cat-esscherts-garden","9":"product_tag-draussen-essen","10":"product_tag-mueckenschutzmittel","11":"pa_anbieter-esschert-design","12":"pa_ean-code-10867","14":"first","15":"outofstock","16":"sale","17":"taxable","18":"shipping-taxable","19":"purchasable","20":"product-type-simple","21":"czr-hentry"},"yoast_head":"<!-- This site is optimized with the Yoast SEO Premium plugin v26.4 (Yoast SEO v27.4) - https:\/\/yoast.com\/product\/yoast-seo-premium-wordpress\/ -->\n<title>Esschert Design Citronella Teelichter Set\/4 L (FF658)<\/title>\n<meta name=\"description\" content=\"Esschert Design Citronella Teelichter Set\/4 L B 4,9 X T 4,9 X H 1,9 cm EAN 8714982292934 Paraffine, Aluminium, Citronella-\u00d6l, Eisen, Baumwolle 0,112 kg\" \/>\n<meta name=\"robots\" content=\"index, follow, max-snippet:-1, max-image-preview:large, max-video-preview:-1\" \/>\n<link rel=\"canonical\" href=\"https:\/\/trendsandvision.nl\/de\/product\/esschert-design-citronella-teelichter-set-4-l\/\" \/>\n<meta property=\"og:locale\" content=\"de_DE\" \/>\n<meta property=\"og:type\" content=\"article\" \/>\n<meta property=\"og:title\" content=\"Esschert Design Citronella Teelichter Set\/4 L\" \/>\n<meta property=\"og:description\" content=\"Esschert Design Citronella Teelichter Set\/4 L B 4,9 X T 4,9 X H 1,9 cm EAN 8714982292934 Paraffine, Aluminium, Citronella-\u00d6l, Eisen, Baumwolle 0,112 kg\" \/>\n<meta property=\"og:url\" content=\"https:\/\/trendsandvision.nl\/de\/product\/esschert-design-citronella-teelichter-set-4-l\/\" \/>\n<meta property=\"og:site_name\" content=\"Trends &amp; Vision (DE)\" \/>\n<meta property=\"article:modified_time\" content=\"2026-04-10T14:43:45+00:00\" \/>\n<meta property=\"og:image\" content=\"https:\/\/trendsandvision.nl\/de\/wp-content\/uploads\/sites\/3\/2025\/12\/FF658_01.jpg\" \/>\n\t<meta property=\"og:image:width\" content=\"800\" \/>\n\t<meta property=\"og:image:height\" content=\"800\" \/>\n\t<meta property=\"og:image:type\" content=\"image\/jpeg\" \/>\n<meta name=\"twitter:card\" content=\"summary_large_image\" \/>\n<meta name=\"twitter:label1\" content=\"Gesch\u00e4tzte Lesezeit\" \/>\n\t<meta name=\"twitter:data1\" content=\"1\u00a0Minute\" \/>\n<script type=\"application\/ld+json\" class=\"yoast-schema-graph\">{\"@context\":\"https:\\\/\\\/schema.org\",\"@graph\":[{\"@type\":\"WebPage\",\"@id\":\"https:\\\/\\\/trendsandvision.nl\\\/de\\\/product\\\/esschert-design-citronella-teelichter-set-4-l\\\/\",\"url\":\"https:\\\/\\\/trendsandvision.nl\\\/de\\\/product\\\/esschert-design-citronella-teelichter-set-4-l\\\/\",\"name\":\"Esschert Design Citronella Teelichter Set\\\/4 L (FF658)\",\"isPartOf\":{\"@id\":\"https:\\\/\\\/trendsandvision.nl\\\/de\\\/#website\"},\"primaryImageOfPage\":{\"@id\":\"https:\\\/\\\/trendsandvision.nl\\\/de\\\/product\\\/esschert-design-citronella-teelichter-set-4-l\\\/#primaryimage\"},\"image\":{\"@id\":\"https:\\\/\\\/trendsandvision.nl\\\/de\\\/product\\\/esschert-design-citronella-teelichter-set-4-l\\\/#primaryimage\"},\"thumbnailUrl\":\"https:\\\/\\\/trendsandvision.nl\\\/de\\\/wp-content\\\/uploads\\\/sites\\\/3\\\/2025\\\/12\\\/FF658_01.jpg\",\"datePublished\":\"2025-12-29T22:30:01+00:00\",\"dateModified\":\"2026-04-10T14:43:45+00:00\",\"description\":\"Esschert Design Citronella Teelichter Set\\\/4 L B 4,9 X T 4,9 X H 1,9 cm EAN 8714982292934 Paraffine, Aluminium, Citronella-\u00d6l, Eisen, Baumwolle 0,112 kg\",\"breadcrumb\":{\"@id\":\"https:\\\/\\\/trendsandvision.nl\\\/de\\\/product\\\/esschert-design-citronella-teelichter-set-4-l\\\/#breadcrumb\"},\"inLanguage\":\"de\",\"potentialAction\":[{\"@type\":\"ReadAction\",\"target\":[\"https:\\\/\\\/trendsandvision.nl\\\/de\\\/product\\\/esschert-design-citronella-teelichter-set-4-l\\\/\"]}]},{\"@type\":\"ImageObject\",\"inLanguage\":\"de\",\"@id\":\"https:\\\/\\\/trendsandvision.nl\\\/de\\\/product\\\/esschert-design-citronella-teelichter-set-4-l\\\/#primaryimage\",\"url\":\"https:\\\/\\\/trendsandvision.nl\\\/de\\\/wp-content\\\/uploads\\\/sites\\\/3\\\/2025\\\/12\\\/FF658_01.jpg\",\"contentUrl\":\"https:\\\/\\\/trendsandvision.nl\\\/de\\\/wp-content\\\/uploads\\\/sites\\\/3\\\/2025\\\/12\\\/FF658_01.jpg\",\"width\":800,\"height\":800,\"caption\":\"Esschert Design Citronella Teelichter Set\\\/4 L () - 01\"},{\"@type\":\"BreadcrumbList\",\"@id\":\"https:\\\/\\\/trendsandvision.nl\\\/de\\\/product\\\/esschert-design-citronella-teelichter-set-4-l\\\/#breadcrumb\",\"itemListElement\":[{\"@type\":\"ListItem\",\"position\":1,\"name\":\"Home\",\"item\":\"https:\\\/\\\/trendsandvision.nl\\\/de\\\/\"},{\"@type\":\"ListItem\",\"position\":2,\"name\":\"Gesch\u00e4ft\",\"item\":\"https:\\\/\\\/trendsandvision.nl\\\/de\\\/geschaft\\\/\"},{\"@type\":\"ListItem\",\"position\":3,\"name\":\"Esschert Design Citronella Teelichter Set\\\/4 L\"}]},{\"@type\":\"WebSite\",\"@id\":\"https:\\\/\\\/trendsandvision.nl\\\/de\\\/#website\",\"url\":\"https:\\\/\\\/trendsandvision.nl\\\/de\\\/\",\"name\":\"Trends &amp; Vision (DE)\",\"description\":\"Der Webshop f\u00fcr Esschert Design Artikel\",\"publisher\":{\"@id\":\"https:\\\/\\\/trendsandvision.nl\\\/de\\\/#organization\"},\"potentialAction\":[{\"@type\":\"SearchAction\",\"target\":{\"@type\":\"EntryPoint\",\"urlTemplate\":\"https:\\\/\\\/trendsandvision.nl\\\/de\\\/?s={search_term_string}\"},\"query-input\":{\"@type\":\"PropertyValueSpecification\",\"valueRequired\":true,\"valueName\":\"search_term_string\"}}],\"inLanguage\":\"de\"},{\"@type\":\"Organization\",\"@id\":\"https:\\\/\\\/trendsandvision.nl\\\/de\\\/#organization\",\"name\":\"Trends &amp; Vision (DE)\",\"url\":\"https:\\\/\\\/trendsandvision.nl\\\/de\\\/\",\"logo\":{\"@type\":\"ImageObject\",\"inLanguage\":\"de\",\"@id\":\"https:\\\/\\\/trendsandvision.nl\\\/de\\\/#\\\/schema\\\/logo\\\/image\\\/\",\"url\":\"https:\\\/\\\/trendsandvision.nl\\\/de\\\/wp-content\\\/uploads\\\/sites\\\/3\\\/2022\\\/04\\\/trends-and-vision-logo.jpg\",\"contentUrl\":\"https:\\\/\\\/trendsandvision.nl\\\/de\\\/wp-content\\\/uploads\\\/sites\\\/3\\\/2022\\\/04\\\/trends-and-vision-logo.jpg\",\"width\":213,\"height\":100,\"caption\":\"Trends &amp; Vision (DE)\"},\"image\":{\"@id\":\"https:\\\/\\\/trendsandvision.nl\\\/de\\\/#\\\/schema\\\/logo\\\/image\\\/\"}}]}<\/script>\n<!-- \/ Yoast SEO Premium plugin. -->","yoast_head_json":{"title":"Esschert Design Citronella Teelichter Set\/4 L (FF658)","description":"Esschert Design Citronella Teelichter Set\/4 L B 4,9 X T 4,9 X H 1,9 cm EAN 8714982292934 Paraffine, Aluminium, Citronella-\u00d6l, Eisen, Baumwolle 0,112 kg","robots":{"index":"index","follow":"follow","max-snippet":"max-snippet:-1","max-image-preview":"max-image-preview:large","max-video-preview":"max-video-preview:-1"},"canonical":"https:\/\/trendsandvision.nl\/de\/product\/esschert-design-citronella-teelichter-set-4-l\/","og_locale":"de_DE","og_type":"article","og_title":"Esschert Design Citronella Teelichter Set\/4 L","og_description":"Esschert Design Citronella Teelichter Set\/4 L B 4,9 X T 4,9 X H 1,9 cm EAN 8714982292934 Paraffine, Aluminium, Citronella-\u00d6l, Eisen, Baumwolle 0,112 kg","og_url":"https:\/\/trendsandvision.nl\/de\/product\/esschert-design-citronella-teelichter-set-4-l\/","og_site_name":"Trends &amp; Vision (DE)","article_modified_time":"2026-04-10T14:43:45+00:00","og_image":[{"width":800,"height":800,"url":"https:\/\/trendsandvision.nl\/de\/wp-content\/uploads\/sites\/3\/2025\/12\/FF658_01.jpg","type":"image\/jpeg"}],"twitter_card":"summary_large_image","twitter_misc":{"Gesch\u00e4tzte Lesezeit":"1\u00a0Minute"},"schema":{"@context":"https:\/\/schema.org","@graph":[{"@type":"WebPage","@id":"https:\/\/trendsandvision.nl\/de\/product\/esschert-design-citronella-teelichter-set-4-l\/","url":"https:\/\/trendsandvision.nl\/de\/product\/esschert-design-citronella-teelichter-set-4-l\/","name":"Esschert Design Citronella Teelichter Set\/4 L (FF658)","isPartOf":{"@id":"https:\/\/trendsandvision.nl\/de\/#website"},"primaryImageOfPage":{"@id":"https:\/\/trendsandvision.nl\/de\/product\/esschert-design-citronella-teelichter-set-4-l\/#primaryimage"},"image":{"@id":"https:\/\/trendsandvision.nl\/de\/product\/esschert-design-citronella-teelichter-set-4-l\/#primaryimage"},"thumbnailUrl":"https:\/\/trendsandvision.nl\/de\/wp-content\/uploads\/sites\/3\/2025\/12\/FF658_01.jpg","datePublished":"2025-12-29T22:30:01+00:00","dateModified":"2026-04-10T14:43:45+00:00","description":"Esschert Design Citronella Teelichter Set\/4 L B 4,9 X T 4,9 X H 1,9 cm EAN 8714982292934 Paraffine, Aluminium, Citronella-\u00d6l, Eisen, Baumwolle 0,112 kg","breadcrumb":{"@id":"https:\/\/trendsandvision.nl\/de\/product\/esschert-design-citronella-teelichter-set-4-l\/#breadcrumb"},"inLanguage":"de","potentialAction":[{"@type":"ReadAction","target":["https:\/\/trendsandvision.nl\/de\/product\/esschert-design-citronella-teelichter-set-4-l\/"]}]},{"@type":"ImageObject","inLanguage":"de","@id":"https:\/\/trendsandvision.nl\/de\/product\/esschert-design-citronella-teelichter-set-4-l\/#primaryimage","url":"https:\/\/trendsandvision.nl\/de\/wp-content\/uploads\/sites\/3\/2025\/12\/FF658_01.jpg","contentUrl":"https:\/\/trendsandvision.nl\/de\/wp-content\/uploads\/sites\/3\/2025\/12\/FF658_01.jpg","width":800,"height":800,"caption":"Esschert Design Citronella Teelichter Set\/4 L () - 01"},{"@type":"BreadcrumbList","@id":"https:\/\/trendsandvision.nl\/de\/product\/esschert-design-citronella-teelichter-set-4-l\/#breadcrumb","itemListElement":[{"@type":"ListItem","position":1,"name":"Home","item":"https:\/\/trendsandvision.nl\/de\/"},{"@type":"ListItem","position":2,"name":"Gesch\u00e4ft","item":"https:\/\/trendsandvision.nl\/de\/geschaft\/"},{"@type":"ListItem","position":3,"name":"Esschert Design Citronella Teelichter Set\/4 L"}]},{"@type":"WebSite","@id":"https:\/\/trendsandvision.nl\/de\/#website","url":"https:\/\/trendsandvision.nl\/de\/","name":"Trends &amp; Vision (DE)","description":"Der Webshop f\u00fcr Esschert Design Artikel","publisher":{"@id":"https:\/\/trendsandvision.nl\/de\/#organization"},"potentialAction":[{"@type":"SearchAction","target":{"@type":"EntryPoint","urlTemplate":"https:\/\/trendsandvision.nl\/de\/?s={search_term_string}"},"query-input":{"@type":"PropertyValueSpecification","valueRequired":true,"valueName":"search_term_string"}}],"inLanguage":"de"},{"@type":"Organization","@id":"https:\/\/trendsandvision.nl\/de\/#organization","name":"Trends &amp; Vision (DE)","url":"https:\/\/trendsandvision.nl\/de\/","logo":{"@type":"ImageObject","inLanguage":"de","@id":"https:\/\/trendsandvision.nl\/de\/#\/schema\/logo\/image\/","url":"https:\/\/trendsandvision.nl\/de\/wp-content\/uploads\/sites\/3\/2022\/04\/trends-and-vision-logo.jpg","contentUrl":"https:\/\/trendsandvision.nl\/de\/wp-content\/uploads\/sites\/3\/2022\/04\/trends-and-vision-logo.jpg","width":213,"height":100,"caption":"Trends &amp; Vision (DE)"},"image":{"@id":"https:\/\/trendsandvision.nl\/de\/#\/schema\/logo\/image\/"}}]}},"_links":{"self":[{"href":"https:\/\/trendsandvision.nl\/de\/wp-json\/wp\/v2\/product\/23751","targetHints":{"allow":["GET"]}}],"collection":[{"href":"https:\/\/trendsandvision.nl\/de\/wp-json\/wp\/v2\/product"}],"about":[{"href":"https:\/\/trendsandvision.nl\/de\/wp-json\/wp\/v2\/types\/product"}],"wp:featuredmedia":[{"embeddable":true,"href":"https:\/\/trendsandvision.nl\/de\/wp-json\/wp\/v2\/media\/23752"}],"wp:attachment":[{"href":"https:\/\/trendsandvision.nl\/de\/wp-json\/wp\/v2\/media?parent=23751"}],"wp:term":[{"taxonomy":"product_brand","embeddable":true,"href":"https:\/\/trendsandvision.nl\/de\/wp-json\/wp\/v2\/product_brand?post=23751"},{"taxonomy":"product_cat","embeddable":true,"href":"https:\/\/trendsandvision.nl\/de\/wp-json\/wp\/v2\/product_cat?post=23751"},{"taxonomy":"product_tag","embeddable":true,"href":"https:\/\/trendsandvision.nl\/de\/wp-json\/wp\/v2\/product_tag?post=23751"}],"curies":[{"name":"wp","href":"https:\/\/api.w.org\/{rel}","templated":true}]}}