{"id":23749,"date":"2025-12-29T23:29:28","date_gmt":"2025-12-29T22:29:28","guid":{"rendered":"https:\/\/trendsandvision.nl\/de\/product\/esschert-design-citronella-teelichter-set-10-s\/"},"modified":"2026-04-07T10:31:00","modified_gmt":"2026-04-07T08:31:00","slug":"esschert-design-citronella-teelichter-set-10-s","status":"publish","type":"product","link":"https:\/\/trendsandvision.nl\/de\/product\/esschert-design-citronella-teelichter-set-10-s\/","title":{"rendered":"Esschert Design Citronella Teelichter Set\/10 S"},"content":{"rendered":"<p>Dieses Set aus 10 <strong><a href=\"https:\/\/trendsandvision.nl\/de\/?s=Citronella&amp;post_type=product&amp;dgwt_wcas=1\">Citronella<\/a><\/strong>-Teelichtern ist ideal f\u00fcr den Au\u00dfenbereich. Sie verstr\u00f6men einen angenehmen, erfrischenden Duft und schaffen eine entspannte Atmosph\u00e4re. Der Citronelladuft breitet sich sanft aus und sorgt f\u00fcr eine beruhigende Umgebung.(ist auch ein M\u00fcckenschutzmittel)<br \/>\nDie Teelichter sind einfach zu verwenden und k\u00f6nnen in Teelichthaltern oder Laternen platziert werden.<\/p>\n<p>Artikelname Citronella Teelichter Set\/10 S<br \/>\nArtikelnummer FF657<br \/>\nProduktgr\u00f6\u00dfen in cm B 3,5 X T 3,5 X H 1,3<br \/>\nBarcode 8714982292927<br \/>\nMaterial 86, 6% Paraffine, 8, 7% Aluminium, 2, 6% Citronella-\u00d6l, 1, 7% Eisen, 0, 2% Baumwolle<br \/>\nBruttogewicht 0,13 kg<br \/>\nNettogewicht 0,12 kg<br \/>\nProduzent: <a href=\"https:\/\/www.esschertdesign.com\/shop\/de\/citronella-waxinelichtjes-set-10-s-ff657\" target=\"_blank\">Esschert Design<\/a><\/p>\n","protected":false},"excerpt":{"rendered":"<p>F\u00fcr den Au\u00dfenbereicht geeignet<br \/>\nZum Gebrauch in Teelichthaltern oder Laternen<br \/>\nSchafft eine angenehme und beruhigende Atmosph\u00e4re<br \/>\nSet mit 10 St\u00fcck<br \/>\nVerpackt in einer Geschenkbox<br \/>\nB 3,5 X T 3,5 X H 1,3 cm<br \/>\nBarcode 8714982292927<br \/>\nMaterial 86, 6% Paraffine, 8, 7% Aluminium, 2, 6% Citronella-\u00d6l, 1, 7% Eisen, 0, 2% Baumwolle<br \/>\nNettogewicht 0,12 kg<\/p>\n","protected":false},"featured_media":23750,"template":"","meta":[],"product_brand":[9597,9870],"product_cat":[1124],"product_tag":[7386,11103],"class_list":{"0":"post-23749","1":"product","2":"type-product","3":"status-publish","4":"has-post-thumbnail","6":"product_brand-esschert-design","7":"product_brand-trends-vision","8":"product_cat-fancy-flames","9":"product_tag-citronella","10":"product_tag-mueckenschutzmittel","11":"pa_anbieter-esschert-design","12":"pa_ean-code-10866","14":"first","15":"outofstock","16":"sale","17":"taxable","18":"shipping-taxable","19":"purchasable","20":"product-type-simple","21":"czr-hentry"},"yoast_head":"<!-- This site is optimized with the Yoast SEO Premium plugin v26.4 (Yoast SEO v27.4) - https:\/\/yoast.com\/product\/yoast-seo-premium-wordpress\/ -->\n<title>Esschert Design Citronella Teelichter Set\/10 S (FF657)<\/title>\n<meta name=\"description\" content=\"Esschert Design Citronella Teelichter Set\/10 S (FF657) B 3,5 X T 3,5 X H 1,3 cm EAN 8714982292927 Paraffine, Aluminium, Citronella-\u00d6l, Eisen, Baumwolle\" \/>\n<meta name=\"robots\" content=\"index, follow, max-snippet:-1, max-image-preview:large, max-video-preview:-1\" \/>\n<link rel=\"canonical\" href=\"https:\/\/trendsandvision.nl\/de\/product\/esschert-design-citronella-teelichter-set-10-s\/\" \/>\n<meta property=\"og:locale\" content=\"de_DE\" \/>\n<meta property=\"og:type\" content=\"article\" \/>\n<meta property=\"og:title\" content=\"Esschert Design Citronella Teelichter Set\/10 S\" \/>\n<meta property=\"og:description\" content=\"Esschert Design Citronella Teelichter Set\/10 S (FF657) B 3,5 X T 3,5 X H 1,3 cm EAN 8714982292927 Paraffine, Aluminium, Citronella-\u00d6l, Eisen, Baumwolle\" \/>\n<meta property=\"og:url\" content=\"https:\/\/trendsandvision.nl\/de\/product\/esschert-design-citronella-teelichter-set-10-s\/\" \/>\n<meta property=\"og:site_name\" content=\"Trends &amp; Vision (DE)\" \/>\n<meta property=\"article:modified_time\" content=\"2026-04-07T08:31:00+00:00\" \/>\n<meta property=\"og:image\" content=\"https:\/\/trendsandvision.nl\/de\/wp-content\/uploads\/sites\/3\/2025\/12\/FF657_01.jpg\" \/>\n\t<meta property=\"og:image:width\" content=\"800\" \/>\n\t<meta property=\"og:image:height\" content=\"800\" \/>\n\t<meta property=\"og:image:type\" content=\"image\/jpeg\" \/>\n<meta name=\"twitter:card\" content=\"summary_large_image\" \/>\n<meta name=\"twitter:label1\" content=\"Gesch\u00e4tzte Lesezeit\" \/>\n\t<meta name=\"twitter:data1\" content=\"1\u00a0Minute\" \/>\n<script type=\"application\/ld+json\" class=\"yoast-schema-graph\">{\"@context\":\"https:\\\/\\\/schema.org\",\"@graph\":[{\"@type\":\"WebPage\",\"@id\":\"https:\\\/\\\/trendsandvision.nl\\\/de\\\/product\\\/esschert-design-citronella-teelichter-set-10-s\\\/\",\"url\":\"https:\\\/\\\/trendsandvision.nl\\\/de\\\/product\\\/esschert-design-citronella-teelichter-set-10-s\\\/\",\"name\":\"Esschert Design Citronella Teelichter Set\\\/10 S (FF657)\",\"isPartOf\":{\"@id\":\"https:\\\/\\\/trendsandvision.nl\\\/de\\\/#website\"},\"primaryImageOfPage\":{\"@id\":\"https:\\\/\\\/trendsandvision.nl\\\/de\\\/product\\\/esschert-design-citronella-teelichter-set-10-s\\\/#primaryimage\"},\"image\":{\"@id\":\"https:\\\/\\\/trendsandvision.nl\\\/de\\\/product\\\/esschert-design-citronella-teelichter-set-10-s\\\/#primaryimage\"},\"thumbnailUrl\":\"https:\\\/\\\/trendsandvision.nl\\\/de\\\/wp-content\\\/uploads\\\/sites\\\/3\\\/2025\\\/12\\\/FF657_01.jpg\",\"datePublished\":\"2025-12-29T22:29:28+00:00\",\"dateModified\":\"2026-04-07T08:31:00+00:00\",\"description\":\"Esschert Design Citronella Teelichter Set\\\/10 S (FF657) B 3,5 X T 3,5 X H 1,3 cm EAN 8714982292927 Paraffine, Aluminium, Citronella-\u00d6l, Eisen, Baumwolle\",\"breadcrumb\":{\"@id\":\"https:\\\/\\\/trendsandvision.nl\\\/de\\\/product\\\/esschert-design-citronella-teelichter-set-10-s\\\/#breadcrumb\"},\"inLanguage\":\"de\",\"potentialAction\":[{\"@type\":\"ReadAction\",\"target\":[\"https:\\\/\\\/trendsandvision.nl\\\/de\\\/product\\\/esschert-design-citronella-teelichter-set-10-s\\\/\"]}]},{\"@type\":\"ImageObject\",\"inLanguage\":\"de\",\"@id\":\"https:\\\/\\\/trendsandvision.nl\\\/de\\\/product\\\/esschert-design-citronella-teelichter-set-10-s\\\/#primaryimage\",\"url\":\"https:\\\/\\\/trendsandvision.nl\\\/de\\\/wp-content\\\/uploads\\\/sites\\\/3\\\/2025\\\/12\\\/FF657_01.jpg\",\"contentUrl\":\"https:\\\/\\\/trendsandvision.nl\\\/de\\\/wp-content\\\/uploads\\\/sites\\\/3\\\/2025\\\/12\\\/FF657_01.jpg\",\"width\":800,\"height\":800,\"caption\":\"Esschert Design Citronella Teelichter Set\\\/10 S () - 01\"},{\"@type\":\"BreadcrumbList\",\"@id\":\"https:\\\/\\\/trendsandvision.nl\\\/de\\\/product\\\/esschert-design-citronella-teelichter-set-10-s\\\/#breadcrumb\",\"itemListElement\":[{\"@type\":\"ListItem\",\"position\":1,\"name\":\"Home\",\"item\":\"https:\\\/\\\/trendsandvision.nl\\\/de\\\/\"},{\"@type\":\"ListItem\",\"position\":2,\"name\":\"Gesch\u00e4ft\",\"item\":\"https:\\\/\\\/trendsandvision.nl\\\/de\\\/geschaft\\\/\"},{\"@type\":\"ListItem\",\"position\":3,\"name\":\"Esschert Design Citronella Teelichter Set\\\/10 S\"}]},{\"@type\":\"WebSite\",\"@id\":\"https:\\\/\\\/trendsandvision.nl\\\/de\\\/#website\",\"url\":\"https:\\\/\\\/trendsandvision.nl\\\/de\\\/\",\"name\":\"Trends &amp; Vision (DE)\",\"description\":\"Der Webshop f\u00fcr Esschert Design Artikel\",\"publisher\":{\"@id\":\"https:\\\/\\\/trendsandvision.nl\\\/de\\\/#organization\"},\"potentialAction\":[{\"@type\":\"SearchAction\",\"target\":{\"@type\":\"EntryPoint\",\"urlTemplate\":\"https:\\\/\\\/trendsandvision.nl\\\/de\\\/?s={search_term_string}\"},\"query-input\":{\"@type\":\"PropertyValueSpecification\",\"valueRequired\":true,\"valueName\":\"search_term_string\"}}],\"inLanguage\":\"de\"},{\"@type\":\"Organization\",\"@id\":\"https:\\\/\\\/trendsandvision.nl\\\/de\\\/#organization\",\"name\":\"Trends &amp; Vision (DE)\",\"url\":\"https:\\\/\\\/trendsandvision.nl\\\/de\\\/\",\"logo\":{\"@type\":\"ImageObject\",\"inLanguage\":\"de\",\"@id\":\"https:\\\/\\\/trendsandvision.nl\\\/de\\\/#\\\/schema\\\/logo\\\/image\\\/\",\"url\":\"https:\\\/\\\/trendsandvision.nl\\\/de\\\/wp-content\\\/uploads\\\/sites\\\/3\\\/2022\\\/04\\\/trends-and-vision-logo.jpg\",\"contentUrl\":\"https:\\\/\\\/trendsandvision.nl\\\/de\\\/wp-content\\\/uploads\\\/sites\\\/3\\\/2022\\\/04\\\/trends-and-vision-logo.jpg\",\"width\":213,\"height\":100,\"caption\":\"Trends &amp; Vision (DE)\"},\"image\":{\"@id\":\"https:\\\/\\\/trendsandvision.nl\\\/de\\\/#\\\/schema\\\/logo\\\/image\\\/\"}}]}<\/script>\n<!-- \/ Yoast SEO Premium plugin. -->","yoast_head_json":{"title":"Esschert Design Citronella Teelichter Set\/10 S (FF657)","description":"Esschert Design Citronella Teelichter Set\/10 S (FF657) B 3,5 X T 3,5 X H 1,3 cm EAN 8714982292927 Paraffine, Aluminium, Citronella-\u00d6l, Eisen, Baumwolle","robots":{"index":"index","follow":"follow","max-snippet":"max-snippet:-1","max-image-preview":"max-image-preview:large","max-video-preview":"max-video-preview:-1"},"canonical":"https:\/\/trendsandvision.nl\/de\/product\/esschert-design-citronella-teelichter-set-10-s\/","og_locale":"de_DE","og_type":"article","og_title":"Esschert Design Citronella Teelichter Set\/10 S","og_description":"Esschert Design Citronella Teelichter Set\/10 S (FF657) B 3,5 X T 3,5 X H 1,3 cm EAN 8714982292927 Paraffine, Aluminium, Citronella-\u00d6l, Eisen, Baumwolle","og_url":"https:\/\/trendsandvision.nl\/de\/product\/esschert-design-citronella-teelichter-set-10-s\/","og_site_name":"Trends &amp; Vision (DE)","article_modified_time":"2026-04-07T08:31:00+00:00","og_image":[{"width":800,"height":800,"url":"https:\/\/trendsandvision.nl\/de\/wp-content\/uploads\/sites\/3\/2025\/12\/FF657_01.jpg","type":"image\/jpeg"}],"twitter_card":"summary_large_image","twitter_misc":{"Gesch\u00e4tzte Lesezeit":"1\u00a0Minute"},"schema":{"@context":"https:\/\/schema.org","@graph":[{"@type":"WebPage","@id":"https:\/\/trendsandvision.nl\/de\/product\/esschert-design-citronella-teelichter-set-10-s\/","url":"https:\/\/trendsandvision.nl\/de\/product\/esschert-design-citronella-teelichter-set-10-s\/","name":"Esschert Design Citronella Teelichter Set\/10 S (FF657)","isPartOf":{"@id":"https:\/\/trendsandvision.nl\/de\/#website"},"primaryImageOfPage":{"@id":"https:\/\/trendsandvision.nl\/de\/product\/esschert-design-citronella-teelichter-set-10-s\/#primaryimage"},"image":{"@id":"https:\/\/trendsandvision.nl\/de\/product\/esschert-design-citronella-teelichter-set-10-s\/#primaryimage"},"thumbnailUrl":"https:\/\/trendsandvision.nl\/de\/wp-content\/uploads\/sites\/3\/2025\/12\/FF657_01.jpg","datePublished":"2025-12-29T22:29:28+00:00","dateModified":"2026-04-07T08:31:00+00:00","description":"Esschert Design Citronella Teelichter Set\/10 S (FF657) B 3,5 X T 3,5 X H 1,3 cm EAN 8714982292927 Paraffine, Aluminium, Citronella-\u00d6l, Eisen, Baumwolle","breadcrumb":{"@id":"https:\/\/trendsandvision.nl\/de\/product\/esschert-design-citronella-teelichter-set-10-s\/#breadcrumb"},"inLanguage":"de","potentialAction":[{"@type":"ReadAction","target":["https:\/\/trendsandvision.nl\/de\/product\/esschert-design-citronella-teelichter-set-10-s\/"]}]},{"@type":"ImageObject","inLanguage":"de","@id":"https:\/\/trendsandvision.nl\/de\/product\/esschert-design-citronella-teelichter-set-10-s\/#primaryimage","url":"https:\/\/trendsandvision.nl\/de\/wp-content\/uploads\/sites\/3\/2025\/12\/FF657_01.jpg","contentUrl":"https:\/\/trendsandvision.nl\/de\/wp-content\/uploads\/sites\/3\/2025\/12\/FF657_01.jpg","width":800,"height":800,"caption":"Esschert Design Citronella Teelichter Set\/10 S () - 01"},{"@type":"BreadcrumbList","@id":"https:\/\/trendsandvision.nl\/de\/product\/esschert-design-citronella-teelichter-set-10-s\/#breadcrumb","itemListElement":[{"@type":"ListItem","position":1,"name":"Home","item":"https:\/\/trendsandvision.nl\/de\/"},{"@type":"ListItem","position":2,"name":"Gesch\u00e4ft","item":"https:\/\/trendsandvision.nl\/de\/geschaft\/"},{"@type":"ListItem","position":3,"name":"Esschert Design Citronella Teelichter Set\/10 S"}]},{"@type":"WebSite","@id":"https:\/\/trendsandvision.nl\/de\/#website","url":"https:\/\/trendsandvision.nl\/de\/","name":"Trends &amp; Vision (DE)","description":"Der Webshop f\u00fcr Esschert Design Artikel","publisher":{"@id":"https:\/\/trendsandvision.nl\/de\/#organization"},"potentialAction":[{"@type":"SearchAction","target":{"@type":"EntryPoint","urlTemplate":"https:\/\/trendsandvision.nl\/de\/?s={search_term_string}"},"query-input":{"@type":"PropertyValueSpecification","valueRequired":true,"valueName":"search_term_string"}}],"inLanguage":"de"},{"@type":"Organization","@id":"https:\/\/trendsandvision.nl\/de\/#organization","name":"Trends &amp; Vision (DE)","url":"https:\/\/trendsandvision.nl\/de\/","logo":{"@type":"ImageObject","inLanguage":"de","@id":"https:\/\/trendsandvision.nl\/de\/#\/schema\/logo\/image\/","url":"https:\/\/trendsandvision.nl\/de\/wp-content\/uploads\/sites\/3\/2022\/04\/trends-and-vision-logo.jpg","contentUrl":"https:\/\/trendsandvision.nl\/de\/wp-content\/uploads\/sites\/3\/2022\/04\/trends-and-vision-logo.jpg","width":213,"height":100,"caption":"Trends &amp; Vision (DE)"},"image":{"@id":"https:\/\/trendsandvision.nl\/de\/#\/schema\/logo\/image\/"}}]}},"_links":{"self":[{"href":"https:\/\/trendsandvision.nl\/de\/wp-json\/wp\/v2\/product\/23749","targetHints":{"allow":["GET"]}}],"collection":[{"href":"https:\/\/trendsandvision.nl\/de\/wp-json\/wp\/v2\/product"}],"about":[{"href":"https:\/\/trendsandvision.nl\/de\/wp-json\/wp\/v2\/types\/product"}],"wp:featuredmedia":[{"embeddable":true,"href":"https:\/\/trendsandvision.nl\/de\/wp-json\/wp\/v2\/media\/23750"}],"wp:attachment":[{"href":"https:\/\/trendsandvision.nl\/de\/wp-json\/wp\/v2\/media?parent=23749"}],"wp:term":[{"taxonomy":"product_brand","embeddable":true,"href":"https:\/\/trendsandvision.nl\/de\/wp-json\/wp\/v2\/product_brand?post=23749"},{"taxonomy":"product_cat","embeddable":true,"href":"https:\/\/trendsandvision.nl\/de\/wp-json\/wp\/v2\/product_cat?post=23749"},{"taxonomy":"product_tag","embeddable":true,"href":"https:\/\/trendsandvision.nl\/de\/wp-json\/wp\/v2\/product_tag?post=23749"}],"curies":[{"name":"wp","href":"https:\/\/api.w.org\/{rel}","templated":true}]}}