{"id":23717,"date":"2025-12-29T23:29:02","date_gmt":"2025-12-29T22:29:02","guid":{"rendered":"https:\/\/trendsandvision.nl\/de\/product\/esschert-design-katzenabwehrguertel-fuer-baeume\/"},"modified":"2026-04-07T10:27:30","modified_gmt":"2026-04-07T08:27:30","slug":"esschert-design-katzenabwehrguertel-fuer-baeume","status":"publish","type":"product","link":"https:\/\/trendsandvision.nl\/de\/product\/esschert-design-katzenabwehrguertel-fuer-baeume\/","title":{"rendered":"Esschert Design Katzenabwehrg\u00fcrtel f\u00fcr B\u00e4ume"},"content":{"rendered":"<p>Dieser G\u00fcrtel verhindert, dass Katzen auf B\u00e4ume klettern und dadurch V\u00f6gel oder Nester erreichen. Der Metallring mit 28 stabilen Stacheln bildet eine wirksame Barriere um den Stamm. Die L\u00e4nge ist verstellbar und eignet sich f\u00fcr B\u00e4ume mit einem Umfang von bis zu \u00f8 70 cm. (Al unsere <strong><a href=\"https:\/\/trendsandvision.nl\/de\/?s=abwehr&amp;post_type=product&amp;dgwt_wcas=1\">Abwehr<\/a><\/strong> Artikel)<\/p>\n<p>Artikelname Katzenabwehrg\u00fcrtel f\u00fcr B\u00e4ume<br \/>\nArtikelnummer FB668<br \/>\nProduktgr\u00f6\u00dfen in cm B 86 X T 14,8 X H 2,8<br \/>\nBarcode 8714982294464<br \/>\nMaterial 98, 1% Edelstahl 304, 1, 9% PVC<br \/>\nNettogewicht 0,386 kg<br \/>\nProduzent: <a href=\"https:\/\/www.esschertdesign.com\/shop\/de\/kattenafweergordel-voor-bomen-fb668\" target=\"_blank\">Esschert Design<\/a><\/p>\n","protected":false},"excerpt":{"rendered":"<p>Verstellbare L\u00e4nge<br \/>\nModulare Konstruktion<br \/>\nH\u00e4lt Katzen von Vogelnestern fern<br \/>\nVerpackt in einer vollfarbigen Geschenkbox<br \/>\nB 86 X T 14,8 X H 2,8<br \/>\nBarcode 8714982294464<br \/>\nMaterial 98, 1% Edelstahl 304, 1, 9% PVC<br \/>\nNettogewicht 0,386 kg<\/p>\n","protected":false},"featured_media":23718,"template":"","meta":[],"product_brand":[9597,9870],"product_cat":[15],"product_tag":[],"class_list":{"0":"post-23717","1":"product","2":"type-product","3":"status-publish","4":"has-post-thumbnail","6":"product_brand-esschert-design","7":"product_brand-trends-vision","8":"product_cat-uncategorized","9":"pa_anbieter-esschert-design","10":"pa_ean-code-10860","12":"first","13":"instock","14":"sale","15":"taxable","16":"shipping-taxable","17":"purchasable","18":"product-type-simple","19":"czr-hentry"},"yoast_head":"<!-- This site is optimized with the Yoast SEO Premium plugin v26.4 (Yoast SEO v27.4) - https:\/\/yoast.com\/product\/yoast-seo-premium-wordpress\/ -->\n<title>Esschert Design Katzenabwehrg\u00fcrtel f\u00fcr B\u00e4ume (FB668)<\/title>\n<meta name=\"description\" content=\"Esschert Design Katzenabwehrg\u00fcrtel f\u00fcr B\u00e4ume (FB668) B 86 X T 14,8 X H 2,8 EAN 8714982294464 Material 98, 1% Edelstahl 304, 1, 9% PVC Gewicht 0,386 kg\" \/>\n<meta name=\"robots\" content=\"index, follow, max-snippet:-1, max-image-preview:large, max-video-preview:-1\" \/>\n<link rel=\"canonical\" href=\"https:\/\/trendsandvision.nl\/de\/product\/esschert-design-katzenabwehrguertel-fuer-baeume\/\" \/>\n<meta property=\"og:locale\" content=\"de_DE\" \/>\n<meta property=\"og:type\" content=\"article\" \/>\n<meta property=\"og:title\" content=\"Esschert Design Katzenabwehrg\u00fcrtel f\u00fcr B\u00e4ume\" \/>\n<meta property=\"og:description\" content=\"Esschert Design Katzenabwehrg\u00fcrtel f\u00fcr B\u00e4ume (FB668) B 86 X T 14,8 X H 2,8 EAN 8714982294464 Material 98, 1% Edelstahl 304, 1, 9% PVC Gewicht 0,386 kg\" \/>\n<meta property=\"og:url\" content=\"https:\/\/trendsandvision.nl\/de\/product\/esschert-design-katzenabwehrguertel-fuer-baeume\/\" \/>\n<meta property=\"og:site_name\" content=\"Trends &amp; Vision (DE)\" \/>\n<meta property=\"article:modified_time\" content=\"2026-04-07T08:27:30+00:00\" \/>\n<meta property=\"og:image\" content=\"https:\/\/trendsandvision.nl\/de\/wp-content\/uploads\/sites\/3\/2025\/12\/FB668_01.jpg\" \/>\n\t<meta property=\"og:image:width\" content=\"800\" \/>\n\t<meta property=\"og:image:height\" content=\"800\" \/>\n\t<meta property=\"og:image:type\" content=\"image\/jpeg\" \/>\n<meta name=\"twitter:card\" content=\"summary_large_image\" \/>\n<meta name=\"twitter:label1\" content=\"Gesch\u00e4tzte Lesezeit\" \/>\n\t<meta name=\"twitter:data1\" content=\"1\u00a0Minute\" \/>\n<script type=\"application\/ld+json\" class=\"yoast-schema-graph\">{\"@context\":\"https:\\\/\\\/schema.org\",\"@graph\":[{\"@type\":\"WebPage\",\"@id\":\"https:\\\/\\\/trendsandvision.nl\\\/de\\\/product\\\/esschert-design-katzenabwehrguertel-fuer-baeume\\\/\",\"url\":\"https:\\\/\\\/trendsandvision.nl\\\/de\\\/product\\\/esschert-design-katzenabwehrguertel-fuer-baeume\\\/\",\"name\":\"Esschert Design Katzenabwehrg\u00fcrtel f\u00fcr B\u00e4ume (FB668)\",\"isPartOf\":{\"@id\":\"https:\\\/\\\/trendsandvision.nl\\\/de\\\/#website\"},\"primaryImageOfPage\":{\"@id\":\"https:\\\/\\\/trendsandvision.nl\\\/de\\\/product\\\/esschert-design-katzenabwehrguertel-fuer-baeume\\\/#primaryimage\"},\"image\":{\"@id\":\"https:\\\/\\\/trendsandvision.nl\\\/de\\\/product\\\/esschert-design-katzenabwehrguertel-fuer-baeume\\\/#primaryimage\"},\"thumbnailUrl\":\"https:\\\/\\\/trendsandvision.nl\\\/de\\\/wp-content\\\/uploads\\\/sites\\\/3\\\/2025\\\/12\\\/FB668_01.jpg\",\"datePublished\":\"2025-12-29T22:29:02+00:00\",\"dateModified\":\"2026-04-07T08:27:30+00:00\",\"description\":\"Esschert Design Katzenabwehrg\u00fcrtel f\u00fcr B\u00e4ume (FB668) B 86 X T 14,8 X H 2,8 EAN 8714982294464 Material 98, 1% Edelstahl 304, 1, 9% PVC Gewicht 0,386 kg\",\"breadcrumb\":{\"@id\":\"https:\\\/\\\/trendsandvision.nl\\\/de\\\/product\\\/esschert-design-katzenabwehrguertel-fuer-baeume\\\/#breadcrumb\"},\"inLanguage\":\"de\",\"potentialAction\":[{\"@type\":\"ReadAction\",\"target\":[\"https:\\\/\\\/trendsandvision.nl\\\/de\\\/product\\\/esschert-design-katzenabwehrguertel-fuer-baeume\\\/\"]}]},{\"@type\":\"ImageObject\",\"inLanguage\":\"de\",\"@id\":\"https:\\\/\\\/trendsandvision.nl\\\/de\\\/product\\\/esschert-design-katzenabwehrguertel-fuer-baeume\\\/#primaryimage\",\"url\":\"https:\\\/\\\/trendsandvision.nl\\\/de\\\/wp-content\\\/uploads\\\/sites\\\/3\\\/2025\\\/12\\\/FB668_01.jpg\",\"contentUrl\":\"https:\\\/\\\/trendsandvision.nl\\\/de\\\/wp-content\\\/uploads\\\/sites\\\/3\\\/2025\\\/12\\\/FB668_01.jpg\",\"width\":800,\"height\":800,\"caption\":\"Esschert Design Katzenabwehrg\u00fcrtel f\u00fcr B\u00e4ume () - 01\"},{\"@type\":\"BreadcrumbList\",\"@id\":\"https:\\\/\\\/trendsandvision.nl\\\/de\\\/product\\\/esschert-design-katzenabwehrguertel-fuer-baeume\\\/#breadcrumb\",\"itemListElement\":[{\"@type\":\"ListItem\",\"position\":1,\"name\":\"Home\",\"item\":\"https:\\\/\\\/trendsandvision.nl\\\/de\\\/\"},{\"@type\":\"ListItem\",\"position\":2,\"name\":\"Gesch\u00e4ft\",\"item\":\"https:\\\/\\\/trendsandvision.nl\\\/de\\\/geschaft\\\/\"},{\"@type\":\"ListItem\",\"position\":3,\"name\":\"Esschert Design Katzenabwehrg\u00fcrtel f\u00fcr B\u00e4ume\"}]},{\"@type\":\"WebSite\",\"@id\":\"https:\\\/\\\/trendsandvision.nl\\\/de\\\/#website\",\"url\":\"https:\\\/\\\/trendsandvision.nl\\\/de\\\/\",\"name\":\"Trends &amp; Vision (DE)\",\"description\":\"Der Webshop f\u00fcr Esschert Design Artikel\",\"publisher\":{\"@id\":\"https:\\\/\\\/trendsandvision.nl\\\/de\\\/#organization\"},\"potentialAction\":[{\"@type\":\"SearchAction\",\"target\":{\"@type\":\"EntryPoint\",\"urlTemplate\":\"https:\\\/\\\/trendsandvision.nl\\\/de\\\/?s={search_term_string}\"},\"query-input\":{\"@type\":\"PropertyValueSpecification\",\"valueRequired\":true,\"valueName\":\"search_term_string\"}}],\"inLanguage\":\"de\"},{\"@type\":\"Organization\",\"@id\":\"https:\\\/\\\/trendsandvision.nl\\\/de\\\/#organization\",\"name\":\"Trends &amp; Vision (DE)\",\"url\":\"https:\\\/\\\/trendsandvision.nl\\\/de\\\/\",\"logo\":{\"@type\":\"ImageObject\",\"inLanguage\":\"de\",\"@id\":\"https:\\\/\\\/trendsandvision.nl\\\/de\\\/#\\\/schema\\\/logo\\\/image\\\/\",\"url\":\"https:\\\/\\\/trendsandvision.nl\\\/de\\\/wp-content\\\/uploads\\\/sites\\\/3\\\/2022\\\/04\\\/trends-and-vision-logo.jpg\",\"contentUrl\":\"https:\\\/\\\/trendsandvision.nl\\\/de\\\/wp-content\\\/uploads\\\/sites\\\/3\\\/2022\\\/04\\\/trends-and-vision-logo.jpg\",\"width\":213,\"height\":100,\"caption\":\"Trends &amp; Vision (DE)\"},\"image\":{\"@id\":\"https:\\\/\\\/trendsandvision.nl\\\/de\\\/#\\\/schema\\\/logo\\\/image\\\/\"}}]}<\/script>\n<!-- \/ Yoast SEO Premium plugin. -->","yoast_head_json":{"title":"Esschert Design Katzenabwehrg\u00fcrtel f\u00fcr B\u00e4ume (FB668)","description":"Esschert Design Katzenabwehrg\u00fcrtel f\u00fcr B\u00e4ume (FB668) B 86 X T 14,8 X H 2,8 EAN 8714982294464 Material 98, 1% Edelstahl 304, 1, 9% PVC Gewicht 0,386 kg","robots":{"index":"index","follow":"follow","max-snippet":"max-snippet:-1","max-image-preview":"max-image-preview:large","max-video-preview":"max-video-preview:-1"},"canonical":"https:\/\/trendsandvision.nl\/de\/product\/esschert-design-katzenabwehrguertel-fuer-baeume\/","og_locale":"de_DE","og_type":"article","og_title":"Esschert Design Katzenabwehrg\u00fcrtel f\u00fcr B\u00e4ume","og_description":"Esschert Design Katzenabwehrg\u00fcrtel f\u00fcr B\u00e4ume (FB668) B 86 X T 14,8 X H 2,8 EAN 8714982294464 Material 98, 1% Edelstahl 304, 1, 9% PVC Gewicht 0,386 kg","og_url":"https:\/\/trendsandvision.nl\/de\/product\/esschert-design-katzenabwehrguertel-fuer-baeume\/","og_site_name":"Trends &amp; Vision (DE)","article_modified_time":"2026-04-07T08:27:30+00:00","og_image":[{"width":800,"height":800,"url":"https:\/\/trendsandvision.nl\/de\/wp-content\/uploads\/sites\/3\/2025\/12\/FB668_01.jpg","type":"image\/jpeg"}],"twitter_card":"summary_large_image","twitter_misc":{"Gesch\u00e4tzte Lesezeit":"1\u00a0Minute"},"schema":{"@context":"https:\/\/schema.org","@graph":[{"@type":"WebPage","@id":"https:\/\/trendsandvision.nl\/de\/product\/esschert-design-katzenabwehrguertel-fuer-baeume\/","url":"https:\/\/trendsandvision.nl\/de\/product\/esschert-design-katzenabwehrguertel-fuer-baeume\/","name":"Esschert Design Katzenabwehrg\u00fcrtel f\u00fcr B\u00e4ume (FB668)","isPartOf":{"@id":"https:\/\/trendsandvision.nl\/de\/#website"},"primaryImageOfPage":{"@id":"https:\/\/trendsandvision.nl\/de\/product\/esschert-design-katzenabwehrguertel-fuer-baeume\/#primaryimage"},"image":{"@id":"https:\/\/trendsandvision.nl\/de\/product\/esschert-design-katzenabwehrguertel-fuer-baeume\/#primaryimage"},"thumbnailUrl":"https:\/\/trendsandvision.nl\/de\/wp-content\/uploads\/sites\/3\/2025\/12\/FB668_01.jpg","datePublished":"2025-12-29T22:29:02+00:00","dateModified":"2026-04-07T08:27:30+00:00","description":"Esschert Design Katzenabwehrg\u00fcrtel f\u00fcr B\u00e4ume (FB668) B 86 X T 14,8 X H 2,8 EAN 8714982294464 Material 98, 1% Edelstahl 304, 1, 9% PVC Gewicht 0,386 kg","breadcrumb":{"@id":"https:\/\/trendsandvision.nl\/de\/product\/esschert-design-katzenabwehrguertel-fuer-baeume\/#breadcrumb"},"inLanguage":"de","potentialAction":[{"@type":"ReadAction","target":["https:\/\/trendsandvision.nl\/de\/product\/esschert-design-katzenabwehrguertel-fuer-baeume\/"]}]},{"@type":"ImageObject","inLanguage":"de","@id":"https:\/\/trendsandvision.nl\/de\/product\/esschert-design-katzenabwehrguertel-fuer-baeume\/#primaryimage","url":"https:\/\/trendsandvision.nl\/de\/wp-content\/uploads\/sites\/3\/2025\/12\/FB668_01.jpg","contentUrl":"https:\/\/trendsandvision.nl\/de\/wp-content\/uploads\/sites\/3\/2025\/12\/FB668_01.jpg","width":800,"height":800,"caption":"Esschert Design Katzenabwehrg\u00fcrtel f\u00fcr B\u00e4ume () - 01"},{"@type":"BreadcrumbList","@id":"https:\/\/trendsandvision.nl\/de\/product\/esschert-design-katzenabwehrguertel-fuer-baeume\/#breadcrumb","itemListElement":[{"@type":"ListItem","position":1,"name":"Home","item":"https:\/\/trendsandvision.nl\/de\/"},{"@type":"ListItem","position":2,"name":"Gesch\u00e4ft","item":"https:\/\/trendsandvision.nl\/de\/geschaft\/"},{"@type":"ListItem","position":3,"name":"Esschert Design Katzenabwehrg\u00fcrtel f\u00fcr B\u00e4ume"}]},{"@type":"WebSite","@id":"https:\/\/trendsandvision.nl\/de\/#website","url":"https:\/\/trendsandvision.nl\/de\/","name":"Trends &amp; Vision (DE)","description":"Der Webshop f\u00fcr Esschert Design Artikel","publisher":{"@id":"https:\/\/trendsandvision.nl\/de\/#organization"},"potentialAction":[{"@type":"SearchAction","target":{"@type":"EntryPoint","urlTemplate":"https:\/\/trendsandvision.nl\/de\/?s={search_term_string}"},"query-input":{"@type":"PropertyValueSpecification","valueRequired":true,"valueName":"search_term_string"}}],"inLanguage":"de"},{"@type":"Organization","@id":"https:\/\/trendsandvision.nl\/de\/#organization","name":"Trends &amp; Vision (DE)","url":"https:\/\/trendsandvision.nl\/de\/","logo":{"@type":"ImageObject","inLanguage":"de","@id":"https:\/\/trendsandvision.nl\/de\/#\/schema\/logo\/image\/","url":"https:\/\/trendsandvision.nl\/de\/wp-content\/uploads\/sites\/3\/2022\/04\/trends-and-vision-logo.jpg","contentUrl":"https:\/\/trendsandvision.nl\/de\/wp-content\/uploads\/sites\/3\/2022\/04\/trends-and-vision-logo.jpg","width":213,"height":100,"caption":"Trends &amp; Vision (DE)"},"image":{"@id":"https:\/\/trendsandvision.nl\/de\/#\/schema\/logo\/image\/"}}]}},"_links":{"self":[{"href":"https:\/\/trendsandvision.nl\/de\/wp-json\/wp\/v2\/product\/23717","targetHints":{"allow":["GET"]}}],"collection":[{"href":"https:\/\/trendsandvision.nl\/de\/wp-json\/wp\/v2\/product"}],"about":[{"href":"https:\/\/trendsandvision.nl\/de\/wp-json\/wp\/v2\/types\/product"}],"wp:featuredmedia":[{"embeddable":true,"href":"https:\/\/trendsandvision.nl\/de\/wp-json\/wp\/v2\/media\/23718"}],"wp:attachment":[{"href":"https:\/\/trendsandvision.nl\/de\/wp-json\/wp\/v2\/media?parent=23717"}],"wp:term":[{"taxonomy":"product_brand","embeddable":true,"href":"https:\/\/trendsandvision.nl\/de\/wp-json\/wp\/v2\/product_brand?post=23717"},{"taxonomy":"product_cat","embeddable":true,"href":"https:\/\/trendsandvision.nl\/de\/wp-json\/wp\/v2\/product_cat?post=23717"},{"taxonomy":"product_tag","embeddable":true,"href":"https:\/\/trendsandvision.nl\/de\/wp-json\/wp\/v2\/product_tag?post=23717"}],"curies":[{"name":"wp","href":"https:\/\/api.w.org\/{rel}","templated":true}]}}