{"id":23708,"date":"2025-12-29T23:28:36","date_gmt":"2025-12-29T22:28:36","guid":{"rendered":"https:\/\/trendsandvision.nl\/de\/product\/esschert-design-hochbeet-wuehlmausgitter\/"},"modified":"2026-04-07T10:24:41","modified_gmt":"2026-04-07T08:24:41","slug":"esschert-design-hochbeet-wuehlmausgitter","status":"publish","type":"product","link":"https:\/\/trendsandvision.nl\/de\/product\/esschert-design-hochbeet-wuehlmausgitter\/","title":{"rendered":"Esschert Design Hochbeet- W\u00fchlmausgitter"},"content":{"rendered":"<p>Das W\u00fchlmausgitter ist die ideale L\u00f6sung, um <strong><a href=\"https:\/\/trendsandvision.nl\/de\/?s=Hochbeete&amp;post_type=product&amp;dgwt_wcas=1\">Hochbeete<\/a><\/strong> langfristig vor Nagetieren und Maulwurfbefall zu sch\u00fctzen. Es verhindert, dass Sch\u00e4dlinge in die Erde eindringen. Das Gitter ist flexibel und kann mit einer Zange einfach auf die gew\u00fcnschte Gr\u00f6\u00dfe zugeschnitten werden. Es kann auch in anderen Bereichen eingesetzt werden, in denen Nagetiere ein Problem darstellen.<\/p>\n<p>Artikelname Hochbeet- W\u00fchlmausgitter<br \/>\nArtikelnummer EG37<br \/>\nProduktgr\u00f6\u00dfen in cm B 210 X T 110 X H 0,1<br \/>\nBarcode 8714982294815<br \/>\nMaterial 100% Verzinkter Stahl<br \/>\nNettogewicht 1,198 kg<br \/>\nProduzent: <a href=\"https:\/\/www.esschertdesign.com\/shop\/de\/verhoogde-tuinbed-woelmuizengrid-eg37\" target=\"_blank\">Esschert Design<\/a><\/p>\n","protected":false},"excerpt":{"rendered":"<p>Schutz vor Nagetieren<br \/>\nVerzinkt<br \/>\nZuschneidbar auf Ma\u00df<br \/>\nB 210 X T 110 X H 0,1 cm<br \/>\nBarcode 8714982294815<br \/>\nMaterial 100% Verzinkter Stahl<br \/>\nNettogewicht 1,198 kg<\/p>\n","protected":false},"featured_media":23709,"template":"","meta":[],"product_brand":[9597,9870],"product_cat":[1315],"product_tag":[],"class_list":{"0":"post-23708","1":"product","2":"type-product","3":"status-publish","4":"has-post-thumbnail","6":"product_brand-esschert-design","7":"product_brand-trends-vision","8":"product_cat-best-for-birds","9":"pa_anbieter-esschert-design","10":"pa_ean-code-10856","12":"first","13":"instock","14":"sale","15":"taxable","16":"shipping-taxable","17":"purchasable","18":"product-type-simple","19":"czr-hentry"},"yoast_head":"<!-- This site is optimized with the Yoast SEO Premium plugin v26.4 (Yoast SEO v27.4) - https:\/\/yoast.com\/product\/yoast-seo-premium-wordpress\/ -->\n<title>Esschert Design Hochbeet- W\u00fchlmausgitter (EG37)<\/title>\n<meta name=\"description\" content=\"Esschert Design Hochbeet- W\u00fchlmausgitter (EG37) B 210 X T 110 X H 0,1 cm Barcode 8714982294815 Material 100% Verzinkter Stahl Nettogewicht 1,198 kg\" \/>\n<meta name=\"robots\" content=\"index, follow, max-snippet:-1, max-image-preview:large, max-video-preview:-1\" \/>\n<link rel=\"canonical\" href=\"https:\/\/trendsandvision.nl\/de\/product\/esschert-design-hochbeet-wuehlmausgitter\/\" \/>\n<meta property=\"og:locale\" content=\"de_DE\" \/>\n<meta property=\"og:type\" content=\"article\" \/>\n<meta property=\"og:title\" content=\"Esschert Design Hochbeet- W\u00fchlmausgitter\" \/>\n<meta property=\"og:description\" content=\"Esschert Design Hochbeet- W\u00fchlmausgitter (EG37) B 210 X T 110 X H 0,1 cm Barcode 8714982294815 Material 100% Verzinkter Stahl Nettogewicht 1,198 kg\" \/>\n<meta property=\"og:url\" content=\"https:\/\/trendsandvision.nl\/de\/product\/esschert-design-hochbeet-wuehlmausgitter\/\" \/>\n<meta property=\"og:site_name\" content=\"Trends &amp; Vision (DE)\" \/>\n<meta property=\"article:modified_time\" content=\"2026-04-07T08:24:41+00:00\" \/>\n<meta property=\"og:image\" content=\"https:\/\/trendsandvision.nl\/de\/wp-content\/uploads\/sites\/3\/2025\/12\/EG37_01.jpg\" \/>\n\t<meta property=\"og:image:width\" content=\"800\" \/>\n\t<meta property=\"og:image:height\" content=\"800\" \/>\n\t<meta property=\"og:image:type\" content=\"image\/jpeg\" \/>\n<meta name=\"twitter:card\" content=\"summary_large_image\" \/>\n<meta name=\"twitter:label1\" content=\"Gesch\u00e4tzte Lesezeit\" \/>\n\t<meta name=\"twitter:data1\" content=\"1\u00a0Minute\" \/>\n<script type=\"application\/ld+json\" class=\"yoast-schema-graph\">{\"@context\":\"https:\\\/\\\/schema.org\",\"@graph\":[{\"@type\":\"WebPage\",\"@id\":\"https:\\\/\\\/trendsandvision.nl\\\/de\\\/product\\\/esschert-design-hochbeet-wuehlmausgitter\\\/\",\"url\":\"https:\\\/\\\/trendsandvision.nl\\\/de\\\/product\\\/esschert-design-hochbeet-wuehlmausgitter\\\/\",\"name\":\"Esschert Design Hochbeet- W\u00fchlmausgitter (EG37)\",\"isPartOf\":{\"@id\":\"https:\\\/\\\/trendsandvision.nl\\\/de\\\/#website\"},\"primaryImageOfPage\":{\"@id\":\"https:\\\/\\\/trendsandvision.nl\\\/de\\\/product\\\/esschert-design-hochbeet-wuehlmausgitter\\\/#primaryimage\"},\"image\":{\"@id\":\"https:\\\/\\\/trendsandvision.nl\\\/de\\\/product\\\/esschert-design-hochbeet-wuehlmausgitter\\\/#primaryimage\"},\"thumbnailUrl\":\"https:\\\/\\\/trendsandvision.nl\\\/de\\\/wp-content\\\/uploads\\\/sites\\\/3\\\/2025\\\/12\\\/EG37_01.jpg\",\"datePublished\":\"2025-12-29T22:28:36+00:00\",\"dateModified\":\"2026-04-07T08:24:41+00:00\",\"description\":\"Esschert Design Hochbeet- W\u00fchlmausgitter (EG37) B 210 X T 110 X H 0,1 cm Barcode 8714982294815 Material 100% Verzinkter Stahl Nettogewicht 1,198 kg\",\"breadcrumb\":{\"@id\":\"https:\\\/\\\/trendsandvision.nl\\\/de\\\/product\\\/esschert-design-hochbeet-wuehlmausgitter\\\/#breadcrumb\"},\"inLanguage\":\"de\",\"potentialAction\":[{\"@type\":\"ReadAction\",\"target\":[\"https:\\\/\\\/trendsandvision.nl\\\/de\\\/product\\\/esschert-design-hochbeet-wuehlmausgitter\\\/\"]}]},{\"@type\":\"ImageObject\",\"inLanguage\":\"de\",\"@id\":\"https:\\\/\\\/trendsandvision.nl\\\/de\\\/product\\\/esschert-design-hochbeet-wuehlmausgitter\\\/#primaryimage\",\"url\":\"https:\\\/\\\/trendsandvision.nl\\\/de\\\/wp-content\\\/uploads\\\/sites\\\/3\\\/2025\\\/12\\\/EG37_01.jpg\",\"contentUrl\":\"https:\\\/\\\/trendsandvision.nl\\\/de\\\/wp-content\\\/uploads\\\/sites\\\/3\\\/2025\\\/12\\\/EG37_01.jpg\",\"width\":800,\"height\":800,\"caption\":\"Esschert Design Hochbeet- W\u00fchlmausgitter () - 01\"},{\"@type\":\"BreadcrumbList\",\"@id\":\"https:\\\/\\\/trendsandvision.nl\\\/de\\\/product\\\/esschert-design-hochbeet-wuehlmausgitter\\\/#breadcrumb\",\"itemListElement\":[{\"@type\":\"ListItem\",\"position\":1,\"name\":\"Home\",\"item\":\"https:\\\/\\\/trendsandvision.nl\\\/de\\\/\"},{\"@type\":\"ListItem\",\"position\":2,\"name\":\"Gesch\u00e4ft\",\"item\":\"https:\\\/\\\/trendsandvision.nl\\\/de\\\/geschaft\\\/\"},{\"@type\":\"ListItem\",\"position\":3,\"name\":\"Esschert Design Hochbeet- W\u00fchlmausgitter\"}]},{\"@type\":\"WebSite\",\"@id\":\"https:\\\/\\\/trendsandvision.nl\\\/de\\\/#website\",\"url\":\"https:\\\/\\\/trendsandvision.nl\\\/de\\\/\",\"name\":\"Trends &amp; Vision (DE)\",\"description\":\"Der Webshop f\u00fcr Esschert Design Artikel\",\"publisher\":{\"@id\":\"https:\\\/\\\/trendsandvision.nl\\\/de\\\/#organization\"},\"potentialAction\":[{\"@type\":\"SearchAction\",\"target\":{\"@type\":\"EntryPoint\",\"urlTemplate\":\"https:\\\/\\\/trendsandvision.nl\\\/de\\\/?s={search_term_string}\"},\"query-input\":{\"@type\":\"PropertyValueSpecification\",\"valueRequired\":true,\"valueName\":\"search_term_string\"}}],\"inLanguage\":\"de\"},{\"@type\":\"Organization\",\"@id\":\"https:\\\/\\\/trendsandvision.nl\\\/de\\\/#organization\",\"name\":\"Trends &amp; Vision (DE)\",\"url\":\"https:\\\/\\\/trendsandvision.nl\\\/de\\\/\",\"logo\":{\"@type\":\"ImageObject\",\"inLanguage\":\"de\",\"@id\":\"https:\\\/\\\/trendsandvision.nl\\\/de\\\/#\\\/schema\\\/logo\\\/image\\\/\",\"url\":\"https:\\\/\\\/trendsandvision.nl\\\/de\\\/wp-content\\\/uploads\\\/sites\\\/3\\\/2022\\\/04\\\/trends-and-vision-logo.jpg\",\"contentUrl\":\"https:\\\/\\\/trendsandvision.nl\\\/de\\\/wp-content\\\/uploads\\\/sites\\\/3\\\/2022\\\/04\\\/trends-and-vision-logo.jpg\",\"width\":213,\"height\":100,\"caption\":\"Trends &amp; Vision (DE)\"},\"image\":{\"@id\":\"https:\\\/\\\/trendsandvision.nl\\\/de\\\/#\\\/schema\\\/logo\\\/image\\\/\"}}]}<\/script>\n<!-- \/ Yoast SEO Premium plugin. -->","yoast_head_json":{"title":"Esschert Design Hochbeet- W\u00fchlmausgitter (EG37)","description":"Esschert Design Hochbeet- W\u00fchlmausgitter (EG37) B 210 X T 110 X H 0,1 cm Barcode 8714982294815 Material 100% Verzinkter Stahl Nettogewicht 1,198 kg","robots":{"index":"index","follow":"follow","max-snippet":"max-snippet:-1","max-image-preview":"max-image-preview:large","max-video-preview":"max-video-preview:-1"},"canonical":"https:\/\/trendsandvision.nl\/de\/product\/esschert-design-hochbeet-wuehlmausgitter\/","og_locale":"de_DE","og_type":"article","og_title":"Esschert Design Hochbeet- W\u00fchlmausgitter","og_description":"Esschert Design Hochbeet- W\u00fchlmausgitter (EG37) B 210 X T 110 X H 0,1 cm Barcode 8714982294815 Material 100% Verzinkter Stahl Nettogewicht 1,198 kg","og_url":"https:\/\/trendsandvision.nl\/de\/product\/esschert-design-hochbeet-wuehlmausgitter\/","og_site_name":"Trends &amp; Vision (DE)","article_modified_time":"2026-04-07T08:24:41+00:00","og_image":[{"width":800,"height":800,"url":"https:\/\/trendsandvision.nl\/de\/wp-content\/uploads\/sites\/3\/2025\/12\/EG37_01.jpg","type":"image\/jpeg"}],"twitter_card":"summary_large_image","twitter_misc":{"Gesch\u00e4tzte Lesezeit":"1\u00a0Minute"},"schema":{"@context":"https:\/\/schema.org","@graph":[{"@type":"WebPage","@id":"https:\/\/trendsandvision.nl\/de\/product\/esschert-design-hochbeet-wuehlmausgitter\/","url":"https:\/\/trendsandvision.nl\/de\/product\/esschert-design-hochbeet-wuehlmausgitter\/","name":"Esschert Design Hochbeet- W\u00fchlmausgitter (EG37)","isPartOf":{"@id":"https:\/\/trendsandvision.nl\/de\/#website"},"primaryImageOfPage":{"@id":"https:\/\/trendsandvision.nl\/de\/product\/esschert-design-hochbeet-wuehlmausgitter\/#primaryimage"},"image":{"@id":"https:\/\/trendsandvision.nl\/de\/product\/esschert-design-hochbeet-wuehlmausgitter\/#primaryimage"},"thumbnailUrl":"https:\/\/trendsandvision.nl\/de\/wp-content\/uploads\/sites\/3\/2025\/12\/EG37_01.jpg","datePublished":"2025-12-29T22:28:36+00:00","dateModified":"2026-04-07T08:24:41+00:00","description":"Esschert Design Hochbeet- W\u00fchlmausgitter (EG37) B 210 X T 110 X H 0,1 cm Barcode 8714982294815 Material 100% Verzinkter Stahl Nettogewicht 1,198 kg","breadcrumb":{"@id":"https:\/\/trendsandvision.nl\/de\/product\/esschert-design-hochbeet-wuehlmausgitter\/#breadcrumb"},"inLanguage":"de","potentialAction":[{"@type":"ReadAction","target":["https:\/\/trendsandvision.nl\/de\/product\/esschert-design-hochbeet-wuehlmausgitter\/"]}]},{"@type":"ImageObject","inLanguage":"de","@id":"https:\/\/trendsandvision.nl\/de\/product\/esschert-design-hochbeet-wuehlmausgitter\/#primaryimage","url":"https:\/\/trendsandvision.nl\/de\/wp-content\/uploads\/sites\/3\/2025\/12\/EG37_01.jpg","contentUrl":"https:\/\/trendsandvision.nl\/de\/wp-content\/uploads\/sites\/3\/2025\/12\/EG37_01.jpg","width":800,"height":800,"caption":"Esschert Design Hochbeet- W\u00fchlmausgitter () - 01"},{"@type":"BreadcrumbList","@id":"https:\/\/trendsandvision.nl\/de\/product\/esschert-design-hochbeet-wuehlmausgitter\/#breadcrumb","itemListElement":[{"@type":"ListItem","position":1,"name":"Home","item":"https:\/\/trendsandvision.nl\/de\/"},{"@type":"ListItem","position":2,"name":"Gesch\u00e4ft","item":"https:\/\/trendsandvision.nl\/de\/geschaft\/"},{"@type":"ListItem","position":3,"name":"Esschert Design Hochbeet- W\u00fchlmausgitter"}]},{"@type":"WebSite","@id":"https:\/\/trendsandvision.nl\/de\/#website","url":"https:\/\/trendsandvision.nl\/de\/","name":"Trends &amp; Vision (DE)","description":"Der Webshop f\u00fcr Esschert Design Artikel","publisher":{"@id":"https:\/\/trendsandvision.nl\/de\/#organization"},"potentialAction":[{"@type":"SearchAction","target":{"@type":"EntryPoint","urlTemplate":"https:\/\/trendsandvision.nl\/de\/?s={search_term_string}"},"query-input":{"@type":"PropertyValueSpecification","valueRequired":true,"valueName":"search_term_string"}}],"inLanguage":"de"},{"@type":"Organization","@id":"https:\/\/trendsandvision.nl\/de\/#organization","name":"Trends &amp; Vision (DE)","url":"https:\/\/trendsandvision.nl\/de\/","logo":{"@type":"ImageObject","inLanguage":"de","@id":"https:\/\/trendsandvision.nl\/de\/#\/schema\/logo\/image\/","url":"https:\/\/trendsandvision.nl\/de\/wp-content\/uploads\/sites\/3\/2022\/04\/trends-and-vision-logo.jpg","contentUrl":"https:\/\/trendsandvision.nl\/de\/wp-content\/uploads\/sites\/3\/2022\/04\/trends-and-vision-logo.jpg","width":213,"height":100,"caption":"Trends &amp; Vision (DE)"},"image":{"@id":"https:\/\/trendsandvision.nl\/de\/#\/schema\/logo\/image\/"}}]}},"_links":{"self":[{"href":"https:\/\/trendsandvision.nl\/de\/wp-json\/wp\/v2\/product\/23708","targetHints":{"allow":["GET"]}}],"collection":[{"href":"https:\/\/trendsandvision.nl\/de\/wp-json\/wp\/v2\/product"}],"about":[{"href":"https:\/\/trendsandvision.nl\/de\/wp-json\/wp\/v2\/types\/product"}],"wp:featuredmedia":[{"embeddable":true,"href":"https:\/\/trendsandvision.nl\/de\/wp-json\/wp\/v2\/media\/23709"}],"wp:attachment":[{"href":"https:\/\/trendsandvision.nl\/de\/wp-json\/wp\/v2\/media?parent=23708"}],"wp:term":[{"taxonomy":"product_brand","embeddable":true,"href":"https:\/\/trendsandvision.nl\/de\/wp-json\/wp\/v2\/product_brand?post=23708"},{"taxonomy":"product_cat","embeddable":true,"href":"https:\/\/trendsandvision.nl\/de\/wp-json\/wp\/v2\/product_cat?post=23708"},{"taxonomy":"product_tag","embeddable":true,"href":"https:\/\/trendsandvision.nl\/de\/wp-json\/wp\/v2\/product_tag?post=23708"}],"curies":[{"name":"wp","href":"https:\/\/api.w.org\/{rel}","templated":true}]}}