{"id":23693,"date":"2025-12-29T23:28:36","date_gmt":"2025-12-29T22:28:36","guid":{"rendered":"https:\/\/trendsandvision.nl\/de\/product\/esschert-design-asiatische-hornissenfalle\/"},"modified":"2026-04-07T10:24:38","modified_gmt":"2026-04-07T08:24:38","slug":"esschert-design-asiatische-hornissenfalle","status":"publish","type":"product","link":"https:\/\/trendsandvision.nl\/de\/product\/esschert-design-asiatische-hornissenfalle\/","title":{"rendered":"Esschert Design Asiatische Hornissenfalle"},"content":{"rendered":"<p>Diese Falle f\u00fcr Asiatische Hornissen ist eine wirksame L\u00f6sung, um Asiatische Hornissen aus dem Garten fernzuhalten. Diese Hornissen sind sch\u00e4dlich f\u00fcr die Umwelt und k\u00f6nnen f\u00fcr Menschen gef\u00e4hrlich sein. Die Falle wurde speziell entwickelt, um Asiatische Hornissen anzulocken, w\u00e4hrend die besonders kleinen \u00d6ffnungen verhindern, dass einheimische Insekten wie Honigbienen oder Schmetterlinge hineingelangen. Die gelbe Farbe wirkt zus\u00e4tzlich anziehend auf die Asiatische Hornisse. (Siehe auch <strong><a href=\"https:\/\/trendsandvision.nl\/de\/?s=wespe&amp;post_type=product&amp;dgwt_wcas=1\" target=\"_blank\">Fallen f\u00fcr Wespe<\/a><\/strong>)<\/p>\n<p>Artikelname Asiatische Hornissenfalle<br \/>\nArtikelnummer EG28<br \/>\nProduktgr\u00f6\u00dfen in cm B 9,5 X T 15 X H 12,7<br \/>\nBarcode 8714982280580<br \/>\nMaterial 94, 8% Glas, 1, 4% PP, 3, 8% Stahl<br \/>\nNettogewicht 0,426 kg<br \/>\nProduzent: <a href=\"https:\/\/www.esschertdesign.com\/shop\/de\/aziatische-hoornaarval-eg28\" target=\"_blank\">Esschert Design<\/a><\/p>\n","protected":false},"excerpt":{"rendered":"<p>Zum Aufh\u00e4ngen oder Aufstellen geeignet<br \/>\nLeicht zu reinigen<br \/>\nMit s\u00fc\u00dfer Fl\u00fcssigkeit bef\u00fcllen, um Asiatische Hornissen anzulocken<br \/>\nB 9,5 X T 15 X H 12,7 cm<br \/>\nBarcode 8714982280580<br \/>\nMaterial 94, 8% Glas, 1, 4% PP, 3, 8% Stahl<br \/>\nNettogewicht 0,426 kg <\/p>\n","protected":false},"featured_media":23694,"template":"","meta":[],"product_brand":[9597,9870],"product_cat":[1315],"product_tag":[],"class_list":{"0":"post-23693","1":"product","2":"type-product","3":"status-publish","4":"has-post-thumbnail","6":"product_brand-esschert-design","7":"product_brand-trends-vision","8":"product_cat-best-for-birds","9":"pa_anbieter-esschert-design","10":"pa_ean-code-10852","12":"first","13":"instock","14":"sale","15":"taxable","16":"shipping-taxable","17":"purchasable","18":"product-type-simple","19":"czr-hentry"},"yoast_head":"<!-- This site is optimized with the Yoast SEO Premium plugin v26.4 (Yoast SEO v27.4) - https:\/\/yoast.com\/product\/yoast-seo-premium-wordpress\/ -->\n<title>Esschert Design Asiatische Hornissenfalle (EG28)<\/title>\n<meta name=\"description\" content=\"Esschert Design Asiatische Hornissenfalle (EG28) B 9,5 X T 15 X H 12,7 cm EAN 8714982280580 Material 94, 8% Glas, 1, 4% PP, 3, 8% Stahl Gewicht 0,426 kg\" \/>\n<meta name=\"robots\" content=\"index, follow, max-snippet:-1, max-image-preview:large, max-video-preview:-1\" \/>\n<link rel=\"canonical\" href=\"https:\/\/trendsandvision.nl\/de\/product\/esschert-design-asiatische-hornissenfalle\/\" \/>\n<meta property=\"og:locale\" content=\"de_DE\" \/>\n<meta property=\"og:type\" content=\"article\" \/>\n<meta property=\"og:title\" content=\"Esschert Design Asiatische Hornissenfalle\" \/>\n<meta property=\"og:description\" content=\"Esschert Design Asiatische Hornissenfalle (EG28) B 9,5 X T 15 X H 12,7 cm EAN 8714982280580 Material 94, 8% Glas, 1, 4% PP, 3, 8% Stahl Gewicht 0,426 kg\" \/>\n<meta property=\"og:url\" content=\"https:\/\/trendsandvision.nl\/de\/product\/esschert-design-asiatische-hornissenfalle\/\" \/>\n<meta property=\"og:site_name\" content=\"Trends &amp; Vision (DE)\" \/>\n<meta property=\"article:modified_time\" content=\"2026-04-07T08:24:38+00:00\" \/>\n<meta property=\"og:image\" content=\"https:\/\/trendsandvision.nl\/de\/wp-content\/uploads\/sites\/3\/2025\/12\/EG28_01.jpg\" \/>\n\t<meta property=\"og:image:width\" content=\"800\" \/>\n\t<meta property=\"og:image:height\" content=\"800\" \/>\n\t<meta property=\"og:image:type\" content=\"image\/jpeg\" \/>\n<meta name=\"twitter:card\" content=\"summary_large_image\" \/>\n<meta name=\"twitter:label1\" content=\"Gesch\u00e4tzte Lesezeit\" \/>\n\t<meta name=\"twitter:data1\" content=\"1\u00a0Minute\" \/>\n<script type=\"application\/ld+json\" class=\"yoast-schema-graph\">{\"@context\":\"https:\\\/\\\/schema.org\",\"@graph\":[{\"@type\":\"WebPage\",\"@id\":\"https:\\\/\\\/trendsandvision.nl\\\/de\\\/product\\\/esschert-design-asiatische-hornissenfalle\\\/\",\"url\":\"https:\\\/\\\/trendsandvision.nl\\\/de\\\/product\\\/esschert-design-asiatische-hornissenfalle\\\/\",\"name\":\"Esschert Design Asiatische Hornissenfalle (EG28)\",\"isPartOf\":{\"@id\":\"https:\\\/\\\/trendsandvision.nl\\\/de\\\/#website\"},\"primaryImageOfPage\":{\"@id\":\"https:\\\/\\\/trendsandvision.nl\\\/de\\\/product\\\/esschert-design-asiatische-hornissenfalle\\\/#primaryimage\"},\"image\":{\"@id\":\"https:\\\/\\\/trendsandvision.nl\\\/de\\\/product\\\/esschert-design-asiatische-hornissenfalle\\\/#primaryimage\"},\"thumbnailUrl\":\"https:\\\/\\\/trendsandvision.nl\\\/de\\\/wp-content\\\/uploads\\\/sites\\\/3\\\/2025\\\/12\\\/EG28_01.jpg\",\"datePublished\":\"2025-12-29T22:28:36+00:00\",\"dateModified\":\"2026-04-07T08:24:38+00:00\",\"description\":\"Esschert Design Asiatische Hornissenfalle (EG28) B 9,5 X T 15 X H 12,7 cm EAN 8714982280580 Material 94, 8% Glas, 1, 4% PP, 3, 8% Stahl Gewicht 0,426 kg\",\"breadcrumb\":{\"@id\":\"https:\\\/\\\/trendsandvision.nl\\\/de\\\/product\\\/esschert-design-asiatische-hornissenfalle\\\/#breadcrumb\"},\"inLanguage\":\"de\",\"potentialAction\":[{\"@type\":\"ReadAction\",\"target\":[\"https:\\\/\\\/trendsandvision.nl\\\/de\\\/product\\\/esschert-design-asiatische-hornissenfalle\\\/\"]}]},{\"@type\":\"ImageObject\",\"inLanguage\":\"de\",\"@id\":\"https:\\\/\\\/trendsandvision.nl\\\/de\\\/product\\\/esschert-design-asiatische-hornissenfalle\\\/#primaryimage\",\"url\":\"https:\\\/\\\/trendsandvision.nl\\\/de\\\/wp-content\\\/uploads\\\/sites\\\/3\\\/2025\\\/12\\\/EG28_01.jpg\",\"contentUrl\":\"https:\\\/\\\/trendsandvision.nl\\\/de\\\/wp-content\\\/uploads\\\/sites\\\/3\\\/2025\\\/12\\\/EG28_01.jpg\",\"width\":800,\"height\":800,\"caption\":\"Esschert Design Asiatische Hornissenfalle () - 01\"},{\"@type\":\"BreadcrumbList\",\"@id\":\"https:\\\/\\\/trendsandvision.nl\\\/de\\\/product\\\/esschert-design-asiatische-hornissenfalle\\\/#breadcrumb\",\"itemListElement\":[{\"@type\":\"ListItem\",\"position\":1,\"name\":\"Home\",\"item\":\"https:\\\/\\\/trendsandvision.nl\\\/de\\\/\"},{\"@type\":\"ListItem\",\"position\":2,\"name\":\"Gesch\u00e4ft\",\"item\":\"https:\\\/\\\/trendsandvision.nl\\\/de\\\/geschaft\\\/\"},{\"@type\":\"ListItem\",\"position\":3,\"name\":\"Esschert Design Asiatische Hornissenfalle\"}]},{\"@type\":\"WebSite\",\"@id\":\"https:\\\/\\\/trendsandvision.nl\\\/de\\\/#website\",\"url\":\"https:\\\/\\\/trendsandvision.nl\\\/de\\\/\",\"name\":\"Trends &amp; Vision (DE)\",\"description\":\"Der Webshop f\u00fcr Esschert Design Artikel\",\"publisher\":{\"@id\":\"https:\\\/\\\/trendsandvision.nl\\\/de\\\/#organization\"},\"potentialAction\":[{\"@type\":\"SearchAction\",\"target\":{\"@type\":\"EntryPoint\",\"urlTemplate\":\"https:\\\/\\\/trendsandvision.nl\\\/de\\\/?s={search_term_string}\"},\"query-input\":{\"@type\":\"PropertyValueSpecification\",\"valueRequired\":true,\"valueName\":\"search_term_string\"}}],\"inLanguage\":\"de\"},{\"@type\":\"Organization\",\"@id\":\"https:\\\/\\\/trendsandvision.nl\\\/de\\\/#organization\",\"name\":\"Trends &amp; Vision (DE)\",\"url\":\"https:\\\/\\\/trendsandvision.nl\\\/de\\\/\",\"logo\":{\"@type\":\"ImageObject\",\"inLanguage\":\"de\",\"@id\":\"https:\\\/\\\/trendsandvision.nl\\\/de\\\/#\\\/schema\\\/logo\\\/image\\\/\",\"url\":\"https:\\\/\\\/trendsandvision.nl\\\/de\\\/wp-content\\\/uploads\\\/sites\\\/3\\\/2022\\\/04\\\/trends-and-vision-logo.jpg\",\"contentUrl\":\"https:\\\/\\\/trendsandvision.nl\\\/de\\\/wp-content\\\/uploads\\\/sites\\\/3\\\/2022\\\/04\\\/trends-and-vision-logo.jpg\",\"width\":213,\"height\":100,\"caption\":\"Trends &amp; Vision (DE)\"},\"image\":{\"@id\":\"https:\\\/\\\/trendsandvision.nl\\\/de\\\/#\\\/schema\\\/logo\\\/image\\\/\"}}]}<\/script>\n<!-- \/ Yoast SEO Premium plugin. -->","yoast_head_json":{"title":"Esschert Design Asiatische Hornissenfalle (EG28)","description":"Esschert Design Asiatische Hornissenfalle (EG28) B 9,5 X T 15 X H 12,7 cm EAN 8714982280580 Material 94, 8% Glas, 1, 4% PP, 3, 8% Stahl Gewicht 0,426 kg","robots":{"index":"index","follow":"follow","max-snippet":"max-snippet:-1","max-image-preview":"max-image-preview:large","max-video-preview":"max-video-preview:-1"},"canonical":"https:\/\/trendsandvision.nl\/de\/product\/esschert-design-asiatische-hornissenfalle\/","og_locale":"de_DE","og_type":"article","og_title":"Esschert Design Asiatische Hornissenfalle","og_description":"Esschert Design Asiatische Hornissenfalle (EG28) B 9,5 X T 15 X H 12,7 cm EAN 8714982280580 Material 94, 8% Glas, 1, 4% PP, 3, 8% Stahl Gewicht 0,426 kg","og_url":"https:\/\/trendsandvision.nl\/de\/product\/esschert-design-asiatische-hornissenfalle\/","og_site_name":"Trends &amp; Vision (DE)","article_modified_time":"2026-04-07T08:24:38+00:00","og_image":[{"width":800,"height":800,"url":"https:\/\/trendsandvision.nl\/de\/wp-content\/uploads\/sites\/3\/2025\/12\/EG28_01.jpg","type":"image\/jpeg"}],"twitter_card":"summary_large_image","twitter_misc":{"Gesch\u00e4tzte Lesezeit":"1\u00a0Minute"},"schema":{"@context":"https:\/\/schema.org","@graph":[{"@type":"WebPage","@id":"https:\/\/trendsandvision.nl\/de\/product\/esschert-design-asiatische-hornissenfalle\/","url":"https:\/\/trendsandvision.nl\/de\/product\/esschert-design-asiatische-hornissenfalle\/","name":"Esschert Design Asiatische Hornissenfalle (EG28)","isPartOf":{"@id":"https:\/\/trendsandvision.nl\/de\/#website"},"primaryImageOfPage":{"@id":"https:\/\/trendsandvision.nl\/de\/product\/esschert-design-asiatische-hornissenfalle\/#primaryimage"},"image":{"@id":"https:\/\/trendsandvision.nl\/de\/product\/esschert-design-asiatische-hornissenfalle\/#primaryimage"},"thumbnailUrl":"https:\/\/trendsandvision.nl\/de\/wp-content\/uploads\/sites\/3\/2025\/12\/EG28_01.jpg","datePublished":"2025-12-29T22:28:36+00:00","dateModified":"2026-04-07T08:24:38+00:00","description":"Esschert Design Asiatische Hornissenfalle (EG28) B 9,5 X T 15 X H 12,7 cm EAN 8714982280580 Material 94, 8% Glas, 1, 4% PP, 3, 8% Stahl Gewicht 0,426 kg","breadcrumb":{"@id":"https:\/\/trendsandvision.nl\/de\/product\/esschert-design-asiatische-hornissenfalle\/#breadcrumb"},"inLanguage":"de","potentialAction":[{"@type":"ReadAction","target":["https:\/\/trendsandvision.nl\/de\/product\/esschert-design-asiatische-hornissenfalle\/"]}]},{"@type":"ImageObject","inLanguage":"de","@id":"https:\/\/trendsandvision.nl\/de\/product\/esschert-design-asiatische-hornissenfalle\/#primaryimage","url":"https:\/\/trendsandvision.nl\/de\/wp-content\/uploads\/sites\/3\/2025\/12\/EG28_01.jpg","contentUrl":"https:\/\/trendsandvision.nl\/de\/wp-content\/uploads\/sites\/3\/2025\/12\/EG28_01.jpg","width":800,"height":800,"caption":"Esschert Design Asiatische Hornissenfalle () - 01"},{"@type":"BreadcrumbList","@id":"https:\/\/trendsandvision.nl\/de\/product\/esschert-design-asiatische-hornissenfalle\/#breadcrumb","itemListElement":[{"@type":"ListItem","position":1,"name":"Home","item":"https:\/\/trendsandvision.nl\/de\/"},{"@type":"ListItem","position":2,"name":"Gesch\u00e4ft","item":"https:\/\/trendsandvision.nl\/de\/geschaft\/"},{"@type":"ListItem","position":3,"name":"Esschert Design Asiatische Hornissenfalle"}]},{"@type":"WebSite","@id":"https:\/\/trendsandvision.nl\/de\/#website","url":"https:\/\/trendsandvision.nl\/de\/","name":"Trends &amp; Vision (DE)","description":"Der Webshop f\u00fcr Esschert Design Artikel","publisher":{"@id":"https:\/\/trendsandvision.nl\/de\/#organization"},"potentialAction":[{"@type":"SearchAction","target":{"@type":"EntryPoint","urlTemplate":"https:\/\/trendsandvision.nl\/de\/?s={search_term_string}"},"query-input":{"@type":"PropertyValueSpecification","valueRequired":true,"valueName":"search_term_string"}}],"inLanguage":"de"},{"@type":"Organization","@id":"https:\/\/trendsandvision.nl\/de\/#organization","name":"Trends &amp; Vision (DE)","url":"https:\/\/trendsandvision.nl\/de\/","logo":{"@type":"ImageObject","inLanguage":"de","@id":"https:\/\/trendsandvision.nl\/de\/#\/schema\/logo\/image\/","url":"https:\/\/trendsandvision.nl\/de\/wp-content\/uploads\/sites\/3\/2022\/04\/trends-and-vision-logo.jpg","contentUrl":"https:\/\/trendsandvision.nl\/de\/wp-content\/uploads\/sites\/3\/2022\/04\/trends-and-vision-logo.jpg","width":213,"height":100,"caption":"Trends &amp; Vision (DE)"},"image":{"@id":"https:\/\/trendsandvision.nl\/de\/#\/schema\/logo\/image\/"}}]}},"_links":{"self":[{"href":"https:\/\/trendsandvision.nl\/de\/wp-json\/wp\/v2\/product\/23693","targetHints":{"allow":["GET"]}}],"collection":[{"href":"https:\/\/trendsandvision.nl\/de\/wp-json\/wp\/v2\/product"}],"about":[{"href":"https:\/\/trendsandvision.nl\/de\/wp-json\/wp\/v2\/types\/product"}],"wp:featuredmedia":[{"embeddable":true,"href":"https:\/\/trendsandvision.nl\/de\/wp-json\/wp\/v2\/media\/23694"}],"wp:attachment":[{"href":"https:\/\/trendsandvision.nl\/de\/wp-json\/wp\/v2\/media?parent=23693"}],"wp:term":[{"taxonomy":"product_brand","embeddable":true,"href":"https:\/\/trendsandvision.nl\/de\/wp-json\/wp\/v2\/product_brand?post=23693"},{"taxonomy":"product_cat","embeddable":true,"href":"https:\/\/trendsandvision.nl\/de\/wp-json\/wp\/v2\/product_cat?post=23693"},{"taxonomy":"product_tag","embeddable":true,"href":"https:\/\/trendsandvision.nl\/de\/wp-json\/wp\/v2\/product_tag?post=23693"}],"curies":[{"name":"wp","href":"https:\/\/api.w.org\/{rel}","templated":true}]}}